{"id":256757,"date":"2026-04-02T00:51:39","date_gmt":"2026-04-02T06:51:39","guid":{"rendered":"https:\/\/compuviper.mx\/tienda\/producto\/lg-29u511a-monitor-pc-ultrawide-wfhd-29panel-ips2560x1080100hzasp-219brillo-250cd-m2contr-10001tr-5mshdmidisplayporthdr10dynamic-action-syncblack-stabilizerreader-modevesa-100x100\/"},"modified":"2026-04-02T00:51:40","modified_gmt":"2026-04-02T06:51:40","slug":"lg-29u511a-monitor-pc-ultrawide-wfhd-29panel-ips2560x1080100hzasp-219brillo-250cd-m2contr-10001tr-5mshdmidisplayporthdr10dynamic-action-syncblack-stabilizerreader-modevesa-100x100","status":"publish","type":"product","link":"https:\/\/compuviper.mx\/tienda\/producto\/lg-29u511a-monitor-pc-ultrawide-wfhd-29panel-ips2560x1080100hzasp-219brillo-250cd-m2contr-10001tr-5mshdmidisplayporthdr10dynamic-action-syncblack-stabilizerreader-modevesa-100x100\/","title":{"rendered":"Lg 29u511a Monitor Pc   Ultrawide Wfhd 29,panel Ips,2560&#215;1080,100hz,asp 21:9,brillo 250cd\/m2,contr 1000:1,tr 5ms,hdmi,displayport,hdr10,dynamic Action Sync,black Stabilizer,reader Mode,vesa  100&#215;100."},"content":{"rendered":"<table class=\"descripcion\">\n<tr>\n<td>Especificaciones: 29u511a<\/td>\n<\/tr>\n<tr>\n<td> tama\u00f1o 29<\/td>\n<\/tr>\n<tr>\n<td> resolucion 2560 x 1080<\/td>\n<\/tr>\n<tr>\n<td> tipo de panel ips<\/td>\n<\/tr>\n<tr>\n<td> relacion de aspecto 21:9<\/td>\n<\/tr>\n<tr>\n<td>Display brillo (typ) 250 cd\/m2<\/td>\n<\/tr>\n<tr>\n<td> no. de colores 16.7m<\/td>\n<\/tr>\n<tr>\n<td> contraste ratio 1000:1<\/td>\n<\/tr>\n<tr>\n<td> tiempo de respuesta 5 ms (gtg)<\/td>\n<\/tr>\n<tr>\n<td> frecuencia 100 hz<\/td>\n<\/tr>\n<tr>\n<td> angulo de vision 178\u00ba(r\/l),178\u00ba(u\/d)<\/td>\n<\/tr>\n<tr>\n<td> hdr10 si<\/td>\n<\/tr>\n<tr>\n<td> hdr effect si<\/td>\n<\/tr>\n<tr>\n<td> motion blur reduction tech si<\/td>\n<\/tr>\n<tr>\n<td> color weakness si<\/td>\n<\/tr>\n<tr>\n<td> flicker safe si<\/td>\n<\/tr>\n<tr>\n<td> reader mode si<\/td>\n<\/tr>\n<tr>\n<td>Caracteristicas super resolution+ si<\/td>\n<\/tr>\n<tr>\n<td> amd freesync no<\/td>\n<\/tr>\n<tr>\n<td> black stabilizer si<\/td>\n<\/tr>\n<tr>\n<td> dynamic action sync si<\/td>\n<\/tr>\n<tr>\n<td> crosshair si<\/td>\n<\/tr>\n<tr>\n<td> smart energy saving si<\/td>\n<\/tr>\n<tr>\n<td> dual controller si<\/td>\n<\/tr>\n<tr>\n<td> lg switch si<\/td>\n<\/tr>\n<tr>\n<td> hdmi yes(1ea)<\/td>\n<\/tr>\n<tr>\n<td>Conectividad display port yes(1ea)<\/td>\n<\/tr>\n<tr>\n<td> speaker no<\/td>\n<\/tr>\n<tr>\n<td> headphone out si 3 &#8211; pole<\/td>\n<\/tr>\n<tr>\n<td> type external power(adapter)<\/td>\n<\/tr>\n<tr>\n<td> ac input 100~240v (50\/60hz)<\/td>\n<\/tr>\n<tr>\n<td>Alimentacion power consumption (typ.) 22w<\/td>\n<\/tr>\n<tr>\n<td> power consumption (max.) 25w<\/td>\n<\/tr>\n<tr>\n<td> power consumption (sleep mode) less than 0.5w<\/td>\n<\/tr>\n<tr>\n<td> power consumption (dc off) less than 0.3w<\/td>\n<\/tr>\n<tr>\n<td>Mechanical display position adjustments tilt<\/td>\n<\/tr>\n<tr>\n<td> wall mountable 100 x 100 mm<\/td>\n<\/tr>\n<tr>\n<td> dimension with stand (w x h x d) 688.5 x 408.7 x 220mm<\/td>\n<\/tr>\n<tr>\n<td> dimension without stand (w x h x d) 688.5 x 313.4 x 76.9mm<\/td>\n<\/tr>\n<tr>\n<td>Dimensiones dimension in shiping (w x h x d) 781 x 391 x 132mm<\/td>\n<\/tr>\n<tr>\n<td> weight with stand 5.1kg<\/td>\n<\/tr>\n<tr>\n<td> weight without stand 4.0kg<\/td>\n<\/tr>\n<tr>\n<td> weight in shipping 6.6kg<\/td>\n<\/tr>\n<tr>\n<td>Accesorios cable hdmi si<\/td>\n<\/tr>\n<\/table>\n","protected":false},"excerpt":{"rendered":"<p>Monitor lg ultrawide con pantalla ips 21:9 wfhd (2560&#215;1080) de 29 pulgadas. La pantalla ultrawide\u0099 full hd (2560\u00d71080) ofrece m\u00e1s espacio de pantalla horizontal que un monitor fhd (1920\u00d71080) est\u00e1ndar. El dise\u00f1o pr\u00e1cticamente sin biseles ofrece una visi\u00f3n ininterrumpida y m\u00e1s amplia. Esto permite una multitarea m\u00e1s eficiente sin necesidad de cambiar entre ventanas. El monitor ips\u0099 de lg muestra una precisi\u00f3n crom\u00e1tica extraordinaria con un amplio \u00e1ngulo de visi\u00f3n. Hdr 10 (alto rango din\u00e1mico) admite niveles espec\u00edficos de color y brillo. Modo lector. Ajusta la temperatura del color y el brillo para ayudar a reducir la fatiga ocular al visualizar documentos durante periodos prolongados. Parpadeo seguro. El parpadeo seguro reduce el parpadeo invisible de la pantalla y proporciona un entorno de trabajo m\u00e1s c\u00f3modo para los ojos.<\/p>\n","protected":false},"featured_media":260007,"comment_status":"open","ping_status":"open","template":"","meta":[],"product_cat":[1740,1741],"product_tag":[1687],"acf":[],"yoast_head":"<!-- This site is optimized with the Yoast SEO plugin v21.7 - https:\/\/yoast.com\/wordpress\/plugins\/seo\/ -->\n<title>[ Lg ] &#129351; 29u511a Monitor Pc Ultrawide Wfhd 29,panel Ips,2560x1080,100hz,asp 21:9,brillo 250cd\/m2,contr 1000:1,tr 5ms,hdmi,displayport,hdr10,dynamic Action Sync,black Stabilizer,reader Mode,vesa 100x100.<\/title>\n<meta name=\"description\" content=\"Compra 29u511a Monitor Pc Ultrawide Wfhd 29,panel Ips,2560x1080,100hz,asp 21:9,brillo 250cd\/m2,contr 1000:1,tr 5ms,hdmi,displayport,hdr10,dynamic Action Sync,black Stabilizer,reader Mode,vesa 100x100. + Env\u00edo a domicilio + Pago seguro + Garant\u00eda\" \/>\n<meta name=\"robots\" content=\"index, follow, max-snippet:-1, max-image-preview:large, max-video-preview:-1\" \/>\n<link rel=\"canonical\" href=\"https:\/\/compuviper.mx\/tienda\/producto\/lg-29u511a-monitor-pc-ultrawide-wfhd-29panel-ips2560x1080100hzasp-219brillo-250cd-m2contr-10001tr-5mshdmidisplayporthdr10dynamic-action-syncblack-stabilizerreader-modevesa-100x100\/\" \/>\n<meta property=\"og:locale\" content=\"es_MX\" \/>\n<meta property=\"og:type\" content=\"article\" \/>\n<meta property=\"og:title\" content=\"[ Lg ] &#129351; 29u511a Monitor Pc Ultrawide Wfhd 29,panel Ips,2560x1080,100hz,asp 21:9,brillo 250cd\/m2,contr 1000:1,tr 5ms,hdmi,displayport,hdr10,dynamic Action Sync,black Stabilizer,reader Mode,vesa 100x100.\" \/>\n<meta property=\"og:description\" content=\"Compra 29u511a Monitor Pc Ultrawide Wfhd 29,panel Ips,2560x1080,100hz,asp 21:9,brillo 250cd\/m2,contr 1000:1,tr 5ms,hdmi,displayport,hdr10,dynamic Action Sync,black Stabilizer,reader Mode,vesa 100x100. + Env\u00edo a domicilio + Pago seguro + Garant\u00eda\" \/>\n<meta property=\"og:url\" content=\"https:\/\/compuviper.mx\/tienda\/producto\/lg-29u511a-monitor-pc-ultrawide-wfhd-29panel-ips2560x1080100hzasp-219brillo-250cd-m2contr-10001tr-5mshdmidisplayporthdr10dynamic-action-syncblack-stabilizerreader-modevesa-100x100\/\" \/>\n<meta property=\"og:site_name\" content=\"Compuviper\" \/>\n<meta property=\"article:publisher\" content=\"https:\/\/www.facebook.com\/compuviper\" \/>\n<meta property=\"article:modified_time\" content=\"2026-04-02T06:51:40+00:00\" \/>\n<meta property=\"og:image\" content=\"https:\/\/compuviper.mx\/tienda\/wp-content\/uploads\/2025\/10\/Monitor-pc-lg-29u511a-ultrawide-wfhd-29panel-ips2560x1080100hzasp-219brillo-250cdm2contr-10001tr-5mshdmidisplayporthdr10dynamic-action-syncblack-stabilizerreader-modevesa-100x100-1.jpg\" \/>\n\t<meta property=\"og:image:width\" content=\"200\" \/>\n\t<meta property=\"og:image:height\" content=\"200\" \/>\n\t<meta property=\"og:image:type\" content=\"image\/jpeg\" \/>\n<meta name=\"twitter:card\" content=\"summary_large_image\" \/>\n<meta name=\"twitter:label1\" content=\"Precio\" \/>\n\t<meta name=\"twitter:data1\" content=\"&#36;4,115 con IVA\" \/>\n\t<meta name=\"twitter:label2\" content=\"Availability\" \/>\n\t<meta name=\"twitter:data2\" content=\"In stock\" \/>\n<script type=\"application\/ld+json\" class=\"yoast-schema-graph\">{\"@context\":\"https:\/\/schema.org\",\"@graph\":[{\"@type\":\"WebPage\",\"@id\":\"https:\/\/compuviper.mx\/tienda\/producto\/lg-29u511a-monitor-pc-ultrawide-wfhd-29panel-ips2560x1080100hzasp-219brillo-250cd-m2contr-10001tr-5mshdmidisplayporthdr10dynamic-action-syncblack-stabilizerreader-modevesa-100x100\/\",\"url\":\"https:\/\/compuviper.mx\/tienda\/producto\/lg-29u511a-monitor-pc-ultrawide-wfhd-29panel-ips2560x1080100hzasp-219brillo-250cd-m2contr-10001tr-5mshdmidisplayporthdr10dynamic-action-syncblack-stabilizerreader-modevesa-100x100\/\",\"name\":\"[ Lg ] &#129351; 29u511a Monitor Pc Ultrawide Wfhd 29,panel Ips,2560x1080,100hz,asp 21:9,brillo 250cd\/m2,contr 1000:1,tr 5ms,hdmi,displayport,hdr10,dynamic Action Sync,black Stabilizer,reader Mode,vesa 100x100.\",\"isPartOf\":{\"@id\":\"https:\/\/compuviper.mx\/tienda\/#website\"},\"datePublished\":\"2026-04-02T06:51:39+00:00\",\"dateModified\":\"2026-04-02T06:51:40+00:00\",\"description\":\"Compra 29u511a Monitor Pc Ultrawide Wfhd 29,panel Ips,2560x1080,100hz,asp 21:9,brillo 250cd\/m2,contr 1000:1,tr 5ms,hdmi,displayport,hdr10,dynamic Action Sync,black Stabilizer,reader Mode,vesa 100x100. + Env\u00edo a domicilio + Pago seguro + Garant\u00eda\",\"breadcrumb\":{\"@id\":\"https:\/\/compuviper.mx\/tienda\/producto\/lg-29u511a-monitor-pc-ultrawide-wfhd-29panel-ips2560x1080100hzasp-219brillo-250cd-m2contr-10001tr-5mshdmidisplayporthdr10dynamic-action-syncblack-stabilizerreader-modevesa-100x100\/#breadcrumb\"},\"inLanguage\":\"es-MX\",\"potentialAction\":[{\"@type\":\"ReadAction\",\"target\":[\"https:\/\/compuviper.mx\/tienda\/producto\/lg-29u511a-monitor-pc-ultrawide-wfhd-29panel-ips2560x1080100hzasp-219brillo-250cd-m2contr-10001tr-5mshdmidisplayporthdr10dynamic-action-syncblack-stabilizerreader-modevesa-100x100\/\"]}]},{\"@type\":\"BreadcrumbList\",\"@id\":\"https:\/\/compuviper.mx\/tienda\/producto\/lg-29u511a-monitor-pc-ultrawide-wfhd-29panel-ips2560x1080100hzasp-219brillo-250cd-m2contr-10001tr-5mshdmidisplayporthdr10dynamic-action-syncblack-stabilizerreader-modevesa-100x100\/#breadcrumb\",\"itemListElement\":[{\"@type\":\"ListItem\",\"position\":1,\"name\":\"Inicio\",\"item\":\"https:\/\/compuviper.mx\/tienda\/\"},{\"@type\":\"ListItem\",\"position\":2,\"name\":\"Productos\",\"item\":\"https:\/\/compuviper.mx\/tienda\/productos\/\"},{\"@type\":\"ListItem\",\"position\":3,\"name\":\"Monitores\",\"item\":\"https:\/\/compuviper.mx\/tienda\/categoria-producto\/monitores\/\"},{\"@type\":\"ListItem\",\"position\":4,\"name\":\"Led\",\"item\":\"https:\/\/compuviper.mx\/tienda\/categoria-producto\/monitores\/led\/\"},{\"@type\":\"ListItem\",\"position\":5,\"name\":\"Lg 29u511a Monitor Pc Ultrawide Wfhd 29,panel Ips,2560&#215;1080,100hz,asp 21:9,brillo 250cd\/m2,contr 1000:1,tr 5ms,hdmi,displayport,hdr10,dynamic Action Sync,black Stabilizer,reader Mode,vesa 100&#215;100.\"}]},{\"@type\":\"WebSite\",\"@id\":\"https:\/\/compuviper.mx\/tienda\/#website\",\"url\":\"https:\/\/compuviper.mx\/tienda\/\",\"name\":\"Compuviper\",\"description\":\"Proveedor de Computadoras, Laptops, Servidores, Monitores, Puntos de Venta, Teclados,   Impresoras, T\u00f3ner, C\u00e1maras de Seguridad y m\u00e1s en tu tienda en l\u00ednea\",\"publisher\":{\"@id\":\"https:\/\/compuviper.mx\/tienda\/#organization\"},\"potentialAction\":[{\"@type\":\"SearchAction\",\"target\":{\"@type\":\"EntryPoint\",\"urlTemplate\":\"https:\/\/compuviper.mx\/tienda\/?s={search_term_string}\"},\"query-input\":\"required name=search_term_string\"}],\"inLanguage\":\"es-MX\"},{\"@type\":\"Organization\",\"@id\":\"https:\/\/compuviper.mx\/tienda\/#organization\",\"name\":\"Compuviper\",\"url\":\"https:\/\/compuviper.mx\/tienda\/\",\"logo\":{\"@type\":\"ImageObject\",\"inLanguage\":\"es-MX\",\"@id\":\"https:\/\/compuviper.mx\/tienda\/#\/schema\/logo\/image\/\",\"url\":\"https:\/\/compuviper.mx\/tienda\/wp-content\/uploads\/2021\/08\/Logo-Compuviper-10.png\",\"contentUrl\":\"https:\/\/compuviper.mx\/tienda\/wp-content\/uploads\/2021\/08\/Logo-Compuviper-10.png\",\"width\":1000,\"height\":500,\"caption\":\"Compuviper\"},\"image\":{\"@id\":\"https:\/\/compuviper.mx\/tienda\/#\/schema\/logo\/image\/\"},\"sameAs\":[\"https:\/\/www.facebook.com\/compuviper\",\"https:\/\/www.youtube.com\/channel\/UCf73dERp9Y3cfOq7q8BhLjA?view_as=subscriber\"]}]}<\/script>\n<meta property=\"product:brand\" content=\"LG\" \/>\n<meta property=\"product:price:amount\" content=\"4115\" \/>\n<meta property=\"product:price:currency\" content=\"MXN\" \/>\n<meta property=\"og:availability\" content=\"instock\" \/>\n<meta property=\"product:availability\" content=\"instock\" \/>\n<meta property=\"product:retailer_item_id\" content=\"29U511A\" \/>\n<meta property=\"product:condition\" content=\"new\" \/>\n<!-- \/ Yoast SEO plugin. -->","yoast_head_json":{"title":"[ Lg ] &#129351; 29u511a Monitor Pc Ultrawide Wfhd 29,panel Ips,2560x1080,100hz,asp 21:9,brillo 250cd\/m2,contr 1000:1,tr 5ms,hdmi,displayport,hdr10,dynamic Action Sync,black Stabilizer,reader Mode,vesa 100x100.","description":"Compra 29u511a Monitor Pc Ultrawide Wfhd 29,panel Ips,2560x1080,100hz,asp 21:9,brillo 250cd\/m2,contr 1000:1,tr 5ms,hdmi,displayport,hdr10,dynamic Action Sync,black Stabilizer,reader Mode,vesa 100x100. + Env\u00edo a domicilio + Pago seguro + Garant\u00eda","robots":{"index":"index","follow":"follow","max-snippet":"max-snippet:-1","max-image-preview":"max-image-preview:large","max-video-preview":"max-video-preview:-1"},"canonical":"https:\/\/compuviper.mx\/tienda\/producto\/lg-29u511a-monitor-pc-ultrawide-wfhd-29panel-ips2560x1080100hzasp-219brillo-250cd-m2contr-10001tr-5mshdmidisplayporthdr10dynamic-action-syncblack-stabilizerreader-modevesa-100x100\/","og_locale":"es_MX","og_type":"article","og_title":"[ Lg ] &#129351; 29u511a Monitor Pc Ultrawide Wfhd 29,panel Ips,2560x1080,100hz,asp 21:9,brillo 250cd\/m2,contr 1000:1,tr 5ms,hdmi,displayport,hdr10,dynamic Action Sync,black Stabilizer,reader Mode,vesa 100x100.","og_description":"Compra 29u511a Monitor Pc Ultrawide Wfhd 29,panel Ips,2560x1080,100hz,asp 21:9,brillo 250cd\/m2,contr 1000:1,tr 5ms,hdmi,displayport,hdr10,dynamic Action Sync,black Stabilizer,reader Mode,vesa 100x100. + Env\u00edo a domicilio + Pago seguro + Garant\u00eda","og_url":"https:\/\/compuviper.mx\/tienda\/producto\/lg-29u511a-monitor-pc-ultrawide-wfhd-29panel-ips2560x1080100hzasp-219brillo-250cd-m2contr-10001tr-5mshdmidisplayporthdr10dynamic-action-syncblack-stabilizerreader-modevesa-100x100\/","og_site_name":"Compuviper","article_publisher":"https:\/\/www.facebook.com\/compuviper","article_modified_time":"2026-04-02T06:51:40+00:00","og_image":[{"width":200,"height":200,"url":"https:\/\/compuviper.mx\/tienda\/wp-content\/uploads\/2025\/10\/Monitor-pc-lg-29u511a-ultrawide-wfhd-29panel-ips2560x1080100hzasp-219brillo-250cdm2contr-10001tr-5mshdmidisplayporthdr10dynamic-action-syncblack-stabilizerreader-modevesa-100x100-1.jpg","type":"image\/jpeg"}],"twitter_card":"summary_large_image","twitter_misc":{"Precio":"&#36;4,115 con IVA","Availability":"In stock"},"schema":{"@context":"https:\/\/schema.org","@graph":[{"@type":"WebPage","@id":"https:\/\/compuviper.mx\/tienda\/producto\/lg-29u511a-monitor-pc-ultrawide-wfhd-29panel-ips2560x1080100hzasp-219brillo-250cd-m2contr-10001tr-5mshdmidisplayporthdr10dynamic-action-syncblack-stabilizerreader-modevesa-100x100\/","url":"https:\/\/compuviper.mx\/tienda\/producto\/lg-29u511a-monitor-pc-ultrawide-wfhd-29panel-ips2560x1080100hzasp-219brillo-250cd-m2contr-10001tr-5mshdmidisplayporthdr10dynamic-action-syncblack-stabilizerreader-modevesa-100x100\/","name":"[ Lg ] &#129351; 29u511a Monitor Pc Ultrawide Wfhd 29,panel Ips,2560x1080,100hz,asp 21:9,brillo 250cd\/m2,contr 1000:1,tr 5ms,hdmi,displayport,hdr10,dynamic Action Sync,black Stabilizer,reader Mode,vesa 100x100.","isPartOf":{"@id":"https:\/\/compuviper.mx\/tienda\/#website"},"datePublished":"2026-04-02T06:51:39+00:00","dateModified":"2026-04-02T06:51:40+00:00","description":"Compra 29u511a Monitor Pc Ultrawide Wfhd 29,panel Ips,2560x1080,100hz,asp 21:9,brillo 250cd\/m2,contr 1000:1,tr 5ms,hdmi,displayport,hdr10,dynamic Action Sync,black Stabilizer,reader Mode,vesa 100x100. + Env\u00edo a domicilio + Pago seguro + Garant\u00eda","breadcrumb":{"@id":"https:\/\/compuviper.mx\/tienda\/producto\/lg-29u511a-monitor-pc-ultrawide-wfhd-29panel-ips2560x1080100hzasp-219brillo-250cd-m2contr-10001tr-5mshdmidisplayporthdr10dynamic-action-syncblack-stabilizerreader-modevesa-100x100\/#breadcrumb"},"inLanguage":"es-MX","potentialAction":[{"@type":"ReadAction","target":["https:\/\/compuviper.mx\/tienda\/producto\/lg-29u511a-monitor-pc-ultrawide-wfhd-29panel-ips2560x1080100hzasp-219brillo-250cd-m2contr-10001tr-5mshdmidisplayporthdr10dynamic-action-syncblack-stabilizerreader-modevesa-100x100\/"]}]},{"@type":"BreadcrumbList","@id":"https:\/\/compuviper.mx\/tienda\/producto\/lg-29u511a-monitor-pc-ultrawide-wfhd-29panel-ips2560x1080100hzasp-219brillo-250cd-m2contr-10001tr-5mshdmidisplayporthdr10dynamic-action-syncblack-stabilizerreader-modevesa-100x100\/#breadcrumb","itemListElement":[{"@type":"ListItem","position":1,"name":"Inicio","item":"https:\/\/compuviper.mx\/tienda\/"},{"@type":"ListItem","position":2,"name":"Productos","item":"https:\/\/compuviper.mx\/tienda\/productos\/"},{"@type":"ListItem","position":3,"name":"Monitores","item":"https:\/\/compuviper.mx\/tienda\/categoria-producto\/monitores\/"},{"@type":"ListItem","position":4,"name":"Led","item":"https:\/\/compuviper.mx\/tienda\/categoria-producto\/monitores\/led\/"},{"@type":"ListItem","position":5,"name":"Lg 29u511a Monitor Pc Ultrawide Wfhd 29,panel Ips,2560&#215;1080,100hz,asp 21:9,brillo 250cd\/m2,contr 1000:1,tr 5ms,hdmi,displayport,hdr10,dynamic Action Sync,black Stabilizer,reader Mode,vesa 100&#215;100."}]},{"@type":"WebSite","@id":"https:\/\/compuviper.mx\/tienda\/#website","url":"https:\/\/compuviper.mx\/tienda\/","name":"Compuviper","description":"Proveedor de Computadoras, Laptops, Servidores, Monitores, Puntos de Venta, Teclados,   Impresoras, T\u00f3ner, C\u00e1maras de Seguridad y m\u00e1s en tu tienda en l\u00ednea","publisher":{"@id":"https:\/\/compuviper.mx\/tienda\/#organization"},"potentialAction":[{"@type":"SearchAction","target":{"@type":"EntryPoint","urlTemplate":"https:\/\/compuviper.mx\/tienda\/?s={search_term_string}"},"query-input":"required name=search_term_string"}],"inLanguage":"es-MX"},{"@type":"Organization","@id":"https:\/\/compuviper.mx\/tienda\/#organization","name":"Compuviper","url":"https:\/\/compuviper.mx\/tienda\/","logo":{"@type":"ImageObject","inLanguage":"es-MX","@id":"https:\/\/compuviper.mx\/tienda\/#\/schema\/logo\/image\/","url":"https:\/\/compuviper.mx\/tienda\/wp-content\/uploads\/2021\/08\/Logo-Compuviper-10.png","contentUrl":"https:\/\/compuviper.mx\/tienda\/wp-content\/uploads\/2021\/08\/Logo-Compuviper-10.png","width":1000,"height":500,"caption":"Compuviper"},"image":{"@id":"https:\/\/compuviper.mx\/tienda\/#\/schema\/logo\/image\/"},"sameAs":["https:\/\/www.facebook.com\/compuviper","https:\/\/www.youtube.com\/channel\/UCf73dERp9Y3cfOq7q8BhLjA?view_as=subscriber"]}]},"product_brand":"LG","product_price_amount":"4115","product_price_currency":"MXN","og_availability":"instock","product_availability":"instock","product_retailer_item_id":"29U511A","product_condition":"new"},"_links":{"self":[{"href":"https:\/\/compuviper.mx\/tienda\/wp-json\/wp\/v2\/product\/256757"}],"collection":[{"href":"https:\/\/compuviper.mx\/tienda\/wp-json\/wp\/v2\/product"}],"about":[{"href":"https:\/\/compuviper.mx\/tienda\/wp-json\/wp\/v2\/types\/product"}],"replies":[{"embeddable":true,"href":"https:\/\/compuviper.mx\/tienda\/wp-json\/wp\/v2\/comments?post=256757"}],"wp:featuredmedia":[{"embeddable":true,"href":"https:\/\/compuviper.mx\/tienda\/wp-json\/wp\/v2\/media\/260007"}],"wp:attachment":[{"href":"https:\/\/compuviper.mx\/tienda\/wp-json\/wp\/v2\/media?parent=256757"}],"wp:term":[{"taxonomy":"product_cat","embeddable":true,"href":"https:\/\/compuviper.mx\/tienda\/wp-json\/wp\/v2\/product_cat?post=256757"},{"taxonomy":"product_tag","embeddable":true,"href":"https:\/\/compuviper.mx\/tienda\/wp-json\/wp\/v2\/product_tag?post=256757"}],"curies":[{"name":"wp","href":"https:\/\/api.w.org\/{rel}","templated":true}]}}