{"id":256756,"date":"2026-04-07T00:49:52","date_gmt":"2026-04-07T06:49:52","guid":{"rendered":"https:\/\/compuviper.mx\/tienda\/producto\/lg-27u411a-monitor-pc-fhd-271920x1080panel-ips120hzasp169brillo-250cd-m2contr15001tr5msd-subhdmihdr10dynamic-action-syncblack-stabilizerflicker-safereader-modevesa-100x100-mm\/"},"modified":"2026-04-07T00:49:52","modified_gmt":"2026-04-07T06:49:52","slug":"lg-27u411a-monitor-pc-fhd-271920x1080panel-ips120hzasp169brillo-250cd-m2contr15001tr5msd-subhdmihdr10dynamic-action-syncblack-stabilizerflicker-safereader-modevesa-100x100-mm","status":"publish","type":"product","link":"https:\/\/compuviper.mx\/tienda\/producto\/lg-27u411a-monitor-pc-fhd-271920x1080panel-ips120hzasp169brillo-250cd-m2contr15001tr5msd-subhdmihdr10dynamic-action-syncblack-stabilizerflicker-safereader-modevesa-100x100-mm\/","title":{"rendered":"Lg 27u411a Monitor Pc   Fhd 27,1920&#215;1080,panel Ips,120hz,asp16:9,brillo 250cd\/m2,contr1500:1,tr5ms,d-sub,hdmi,hdr10,dynamic Action Sync,black Stabilizer,flicker Safe,reader Mode,vesa 100&#215;100 Mm."},"content":{"rendered":"<table class=\"descripcion\">\n<tr>\n<td>Monitor lg ips full hd de 27 con 120hz<\/td>\n<\/tr>\n<tr>\n<td>27u411a-b<\/td>\n<\/tr>\n<tr>\n<td> tama\u00f1o 27<\/td>\n<\/tr>\n<tr>\n<td> resolucion 1920 x 1080<\/td>\n<\/tr>\n<tr>\n<td> tipo de panel ips<\/td>\n<\/tr>\n<tr>\n<td> relacion de aspecto 16:9<\/td>\n<\/tr>\n<tr>\n<td>Display brillo (typ) 250 cd\/m2<\/td>\n<\/tr>\n<tr>\n<td> no. de colores 16.7m<\/td>\n<\/tr>\n<tr>\n<td> contraste ratio 1500 &#8211; 1<\/td>\n<\/tr>\n<tr>\n<td> tiempo de respuesta 5 ms (gtg)<\/td>\n<\/tr>\n<tr>\n<td> frecuencia 120 hz<\/td>\n<\/tr>\n<tr>\n<td> angulo de vision 178\u00ba(r\/l),178\u00ba(u\/d)<\/td>\n<\/tr>\n<tr>\n<td> flicker safe si<\/td>\n<\/tr>\n<tr>\n<td> reader mode si<\/td>\n<\/tr>\n<tr>\n<td> vrr si<\/td>\n<\/tr>\n<tr>\n<td> super resolution+ si<\/td>\n<\/tr>\n<tr>\n<td>Caracteristicas hdr 10 \/ hdr effect si \/ si<\/td>\n<\/tr>\n<tr>\n<td> black stabilizer si<\/td>\n<\/tr>\n<tr>\n<td> dynamic action sync si<\/td>\n<\/tr>\n<tr>\n<td> crosshair si<\/td>\n<\/tr>\n<tr>\n<td> smart energy saving si<\/td>\n<\/tr>\n<tr>\n<td> lg switch si<\/td>\n<\/tr>\n<tr>\n<td> d-sub yes(1ea)<\/td>\n<\/tr>\n<tr>\n<td>Conectividad hdmi yes(1ea) ver 2.0<\/td>\n<\/tr>\n<tr>\n<td> headphone out 3 pole (sound only)<\/td>\n<\/tr>\n<tr>\n<td> type external power(adapter)<\/td>\n<\/tr>\n<tr>\n<td> ac input 100~240v (50\/60hz)<\/td>\n<\/tr>\n<tr>\n<td>Alimentacion power consumption (typ.) 13.0w<\/td>\n<\/tr>\n<tr>\n<td> power consumption (max.) 18.0w<\/td>\n<\/tr>\n<tr>\n<td> power consumption (sleep mode) less than 0.5w<\/td>\n<\/tr>\n<tr>\n<td> power consumption (dc off) less than 0.3w<\/td>\n<\/tr>\n<tr>\n<td>Mechanical display position adjustments tilt<\/td>\n<\/tr>\n<tr>\n<td> wall mountable 100 x 100 mm<\/td>\n<\/tr>\n<tr>\n<td> dimension with stand (w x h x d) 611.6 x 458.2 x 220mm<\/td>\n<\/tr>\n<tr>\n<td> dimension without stand (w x h x d) 611.6 x 357.7 x 37.5mm<\/td>\n<\/tr>\n<tr>\n<td>Dimensiones dimension in shiping (w x h x d) 690 x 450 x 140mm<\/td>\n<\/tr>\n<tr>\n<td> weight with stand 4.2kg<\/td>\n<\/tr>\n<tr>\n<td> weight without stand 3.3kg<\/td>\n<\/tr>\n<tr>\n<td> weight in shipping 5.4kg<\/td>\n<\/tr>\n<tr>\n<td>Accesorios cable hdmi si<\/td>\n<\/tr>\n<\/table>\n","protected":false},"excerpt":{"rendered":"<p>Monitor lg 27u411a-b ips full hd de 27 con 120hz. La pantalla full hd (1920&#215;1080) ofrece im\u00e1genes n\u00edtidas con 250 nits de brillo y una relaci\u00f3n de contraste 1500:1 para visuales claros y precisos. Disfruta m\u00e1s pantalla y menos bordes con su dise\u00f1o de 4 lados casi sin marco y base m\u00ednima. La sensaci\u00f3n flotante aporta una est\u00e9tica limpia e inmersiva, ideal para configuraciones dobles o escritorios minimalistas. La tasa de 120hz permite cargas suaves en programas y juegos, ofreciendo movimiento natural y reduciendo saltos o desenfoques.<\/p>\n","protected":false},"featured_media":260006,"comment_status":"open","ping_status":"open","template":"","meta":[],"product_cat":[1741,1740],"product_tag":[1687],"acf":[],"yoast_head":"<!-- This site is optimized with the Yoast SEO plugin v21.7 - https:\/\/yoast.com\/wordpress\/plugins\/seo\/ -->\n<title>[ Lg ] &#129351; 27u411a Monitor Pc Fhd 27,1920x1080,panel Ips,120hz,asp16:9,brillo 250cd\/m2,contr1500:1,tr5ms,d-sub,hdmi,hdr10,dynamic Action Sync,black Stabilizer,flicker Safe,reader Mode,vesa 100x100 Mm.<\/title>\n<meta name=\"description\" content=\"Compra 27u411a Monitor Pc Fhd 27,1920x1080,panel Ips,120hz,asp16:9,brillo 250cd\/m2,contr1500:1,tr5ms,d-sub,hdmi,hdr10,dynamic Action Sync,black Stabilizer,flicker Safe,reader Mode,vesa 100x100 Mm. + Env\u00edo a domicilio + Pago seguro + Garant\u00eda\" \/>\n<meta name=\"robots\" content=\"index, follow, max-snippet:-1, max-image-preview:large, max-video-preview:-1\" \/>\n<link rel=\"canonical\" href=\"https:\/\/compuviper.mx\/tienda\/producto\/lg-27u411a-monitor-pc-fhd-271920x1080panel-ips120hzasp169brillo-250cd-m2contr15001tr5msd-subhdmihdr10dynamic-action-syncblack-stabilizerflicker-safereader-modevesa-100x100-mm\/\" \/>\n<meta property=\"og:locale\" content=\"es_MX\" \/>\n<meta property=\"og:type\" content=\"article\" \/>\n<meta property=\"og:title\" content=\"[ Lg ] &#129351; 27u411a Monitor Pc Fhd 27,1920x1080,panel Ips,120hz,asp16:9,brillo 250cd\/m2,contr1500:1,tr5ms,d-sub,hdmi,hdr10,dynamic Action Sync,black Stabilizer,flicker Safe,reader Mode,vesa 100x100 Mm.\" \/>\n<meta property=\"og:description\" content=\"Compra 27u411a Monitor Pc Fhd 27,1920x1080,panel Ips,120hz,asp16:9,brillo 250cd\/m2,contr1500:1,tr5ms,d-sub,hdmi,hdr10,dynamic Action Sync,black Stabilizer,flicker Safe,reader Mode,vesa 100x100 Mm. + Env\u00edo a domicilio + Pago seguro + Garant\u00eda\" \/>\n<meta property=\"og:url\" content=\"https:\/\/compuviper.mx\/tienda\/producto\/lg-27u411a-monitor-pc-fhd-271920x1080panel-ips120hzasp169brillo-250cd-m2contr15001tr5msd-subhdmihdr10dynamic-action-syncblack-stabilizerflicker-safereader-modevesa-100x100-mm\/\" \/>\n<meta property=\"og:site_name\" content=\"Compuviper\" \/>\n<meta property=\"article:publisher\" content=\"https:\/\/www.facebook.com\/compuviper\" \/>\n<meta property=\"og:image\" content=\"https:\/\/compuviper.mx\/tienda\/wp-content\/uploads\/2025\/10\/Monitor-pc-lg-27u411a-fhd-271920x1080panel-ips120hzasp169brillo-250cdm2contr15001tr5msd-subhdmihdr10dynamic-action-syncblack-stabilizerflicker-safereader-modevesa-100x100-mm.jpg\" \/>\n\t<meta property=\"og:image:width\" content=\"200\" \/>\n\t<meta property=\"og:image:height\" content=\"200\" \/>\n\t<meta property=\"og:image:type\" content=\"image\/jpeg\" \/>\n<meta name=\"twitter:card\" content=\"summary_large_image\" \/>\n<meta name=\"twitter:label1\" content=\"Precio\" \/>\n\t<meta name=\"twitter:data1\" content=\"&#36;2,255 con IVA\" \/>\n\t<meta name=\"twitter:label2\" content=\"Availability\" \/>\n\t<meta name=\"twitter:data2\" content=\"Out of stock\" \/>\n<script type=\"application\/ld+json\" class=\"yoast-schema-graph\">{\"@context\":\"https:\/\/schema.org\",\"@graph\":[{\"@type\":\"WebPage\",\"@id\":\"https:\/\/compuviper.mx\/tienda\/producto\/lg-27u411a-monitor-pc-fhd-271920x1080panel-ips120hzasp169brillo-250cd-m2contr15001tr5msd-subhdmihdr10dynamic-action-syncblack-stabilizerflicker-safereader-modevesa-100x100-mm\/\",\"url\":\"https:\/\/compuviper.mx\/tienda\/producto\/lg-27u411a-monitor-pc-fhd-271920x1080panel-ips120hzasp169brillo-250cd-m2contr15001tr5msd-subhdmihdr10dynamic-action-syncblack-stabilizerflicker-safereader-modevesa-100x100-mm\/\",\"name\":\"[ Lg ] &#129351; 27u411a Monitor Pc Fhd 27,1920x1080,panel Ips,120hz,asp16:9,brillo 250cd\/m2,contr1500:1,tr5ms,d-sub,hdmi,hdr10,dynamic Action Sync,black Stabilizer,flicker Safe,reader Mode,vesa 100x100 Mm.\",\"isPartOf\":{\"@id\":\"https:\/\/compuviper.mx\/tienda\/#website\"},\"datePublished\":\"2026-04-07T06:49:52+00:00\",\"dateModified\":\"2026-04-07T06:49:52+00:00\",\"description\":\"Compra 27u411a Monitor Pc Fhd 27,1920x1080,panel Ips,120hz,asp16:9,brillo 250cd\/m2,contr1500:1,tr5ms,d-sub,hdmi,hdr10,dynamic Action Sync,black Stabilizer,flicker Safe,reader Mode,vesa 100x100 Mm. + Env\u00edo a domicilio + Pago seguro + Garant\u00eda\",\"breadcrumb\":{\"@id\":\"https:\/\/compuviper.mx\/tienda\/producto\/lg-27u411a-monitor-pc-fhd-271920x1080panel-ips120hzasp169brillo-250cd-m2contr15001tr5msd-subhdmihdr10dynamic-action-syncblack-stabilizerflicker-safereader-modevesa-100x100-mm\/#breadcrumb\"},\"inLanguage\":\"es-MX\",\"potentialAction\":[{\"@type\":\"ReadAction\",\"target\":[\"https:\/\/compuviper.mx\/tienda\/producto\/lg-27u411a-monitor-pc-fhd-271920x1080panel-ips120hzasp169brillo-250cd-m2contr15001tr5msd-subhdmihdr10dynamic-action-syncblack-stabilizerflicker-safereader-modevesa-100x100-mm\/\"]}]},{\"@type\":\"BreadcrumbList\",\"@id\":\"https:\/\/compuviper.mx\/tienda\/producto\/lg-27u411a-monitor-pc-fhd-271920x1080panel-ips120hzasp169brillo-250cd-m2contr15001tr5msd-subhdmihdr10dynamic-action-syncblack-stabilizerflicker-safereader-modevesa-100x100-mm\/#breadcrumb\",\"itemListElement\":[{\"@type\":\"ListItem\",\"position\":1,\"name\":\"Inicio\",\"item\":\"https:\/\/compuviper.mx\/tienda\/\"},{\"@type\":\"ListItem\",\"position\":2,\"name\":\"Productos\",\"item\":\"https:\/\/compuviper.mx\/tienda\/productos\/\"},{\"@type\":\"ListItem\",\"position\":3,\"name\":\"Monitores\",\"item\":\"https:\/\/compuviper.mx\/tienda\/categoria-producto\/monitores\/\"},{\"@type\":\"ListItem\",\"position\":4,\"name\":\"Led\",\"item\":\"https:\/\/compuviper.mx\/tienda\/categoria-producto\/monitores\/led\/\"},{\"@type\":\"ListItem\",\"position\":5,\"name\":\"Lg 27u411a Monitor Pc Fhd 27,1920&#215;1080,panel Ips,120hz,asp16:9,brillo 250cd\/m2,contr1500:1,tr5ms,d-sub,hdmi,hdr10,dynamic Action Sync,black Stabilizer,flicker Safe,reader Mode,vesa 100&#215;100 Mm.\"}]},{\"@type\":\"WebSite\",\"@id\":\"https:\/\/compuviper.mx\/tienda\/#website\",\"url\":\"https:\/\/compuviper.mx\/tienda\/\",\"name\":\"Compuviper\",\"description\":\"Proveedor de Computadoras, Laptops, Servidores, Monitores, Puntos de Venta, Teclados,   Impresoras, T\u00f3ner, C\u00e1maras de Seguridad y m\u00e1s en tu tienda en l\u00ednea\",\"publisher\":{\"@id\":\"https:\/\/compuviper.mx\/tienda\/#organization\"},\"potentialAction\":[{\"@type\":\"SearchAction\",\"target\":{\"@type\":\"EntryPoint\",\"urlTemplate\":\"https:\/\/compuviper.mx\/tienda\/?s={search_term_string}\"},\"query-input\":\"required name=search_term_string\"}],\"inLanguage\":\"es-MX\"},{\"@type\":\"Organization\",\"@id\":\"https:\/\/compuviper.mx\/tienda\/#organization\",\"name\":\"Compuviper\",\"url\":\"https:\/\/compuviper.mx\/tienda\/\",\"logo\":{\"@type\":\"ImageObject\",\"inLanguage\":\"es-MX\",\"@id\":\"https:\/\/compuviper.mx\/tienda\/#\/schema\/logo\/image\/\",\"url\":\"https:\/\/compuviper.mx\/tienda\/wp-content\/uploads\/2021\/08\/Logo-Compuviper-10.png\",\"contentUrl\":\"https:\/\/compuviper.mx\/tienda\/wp-content\/uploads\/2021\/08\/Logo-Compuviper-10.png\",\"width\":1000,\"height\":500,\"caption\":\"Compuviper\"},\"image\":{\"@id\":\"https:\/\/compuviper.mx\/tienda\/#\/schema\/logo\/image\/\"},\"sameAs\":[\"https:\/\/www.facebook.com\/compuviper\",\"https:\/\/www.youtube.com\/channel\/UCf73dERp9Y3cfOq7q8BhLjA?view_as=subscriber\"]}]}<\/script>\n<meta property=\"product:brand\" content=\"LG\" \/>\n<meta property=\"product:price:amount\" content=\"2255\" \/>\n<meta property=\"product:price:currency\" content=\"MXN\" \/>\n<meta property=\"og:availability\" content=\"out of stock\" \/>\n<meta property=\"product:availability\" content=\"out of stock\" \/>\n<meta property=\"product:retailer_item_id\" content=\"27U411A\" \/>\n<meta property=\"product:condition\" content=\"new\" \/>\n<!-- \/ Yoast SEO plugin. -->","yoast_head_json":{"title":"[ Lg ] &#129351; 27u411a Monitor Pc Fhd 27,1920x1080,panel Ips,120hz,asp16:9,brillo 250cd\/m2,contr1500:1,tr5ms,d-sub,hdmi,hdr10,dynamic Action Sync,black Stabilizer,flicker Safe,reader Mode,vesa 100x100 Mm.","description":"Compra 27u411a Monitor Pc Fhd 27,1920x1080,panel Ips,120hz,asp16:9,brillo 250cd\/m2,contr1500:1,tr5ms,d-sub,hdmi,hdr10,dynamic Action Sync,black Stabilizer,flicker Safe,reader Mode,vesa 100x100 Mm. + Env\u00edo a domicilio + Pago seguro + Garant\u00eda","robots":{"index":"index","follow":"follow","max-snippet":"max-snippet:-1","max-image-preview":"max-image-preview:large","max-video-preview":"max-video-preview:-1"},"canonical":"https:\/\/compuviper.mx\/tienda\/producto\/lg-27u411a-monitor-pc-fhd-271920x1080panel-ips120hzasp169brillo-250cd-m2contr15001tr5msd-subhdmihdr10dynamic-action-syncblack-stabilizerflicker-safereader-modevesa-100x100-mm\/","og_locale":"es_MX","og_type":"article","og_title":"[ Lg ] &#129351; 27u411a Monitor Pc Fhd 27,1920x1080,panel Ips,120hz,asp16:9,brillo 250cd\/m2,contr1500:1,tr5ms,d-sub,hdmi,hdr10,dynamic Action Sync,black Stabilizer,flicker Safe,reader Mode,vesa 100x100 Mm.","og_description":"Compra 27u411a Monitor Pc Fhd 27,1920x1080,panel Ips,120hz,asp16:9,brillo 250cd\/m2,contr1500:1,tr5ms,d-sub,hdmi,hdr10,dynamic Action Sync,black Stabilizer,flicker Safe,reader Mode,vesa 100x100 Mm. + Env\u00edo a domicilio + Pago seguro + Garant\u00eda","og_url":"https:\/\/compuviper.mx\/tienda\/producto\/lg-27u411a-monitor-pc-fhd-271920x1080panel-ips120hzasp169brillo-250cd-m2contr15001tr5msd-subhdmihdr10dynamic-action-syncblack-stabilizerflicker-safereader-modevesa-100x100-mm\/","og_site_name":"Compuviper","article_publisher":"https:\/\/www.facebook.com\/compuviper","og_image":[{"width":200,"height":200,"url":"https:\/\/compuviper.mx\/tienda\/wp-content\/uploads\/2025\/10\/Monitor-pc-lg-27u411a-fhd-271920x1080panel-ips120hzasp169brillo-250cdm2contr15001tr5msd-subhdmihdr10dynamic-action-syncblack-stabilizerflicker-safereader-modevesa-100x100-mm.jpg","type":"image\/jpeg"}],"twitter_card":"summary_large_image","twitter_misc":{"Precio":"&#36;2,255 con IVA","Availability":"Out of stock"},"schema":{"@context":"https:\/\/schema.org","@graph":[{"@type":"WebPage","@id":"https:\/\/compuviper.mx\/tienda\/producto\/lg-27u411a-monitor-pc-fhd-271920x1080panel-ips120hzasp169brillo-250cd-m2contr15001tr5msd-subhdmihdr10dynamic-action-syncblack-stabilizerflicker-safereader-modevesa-100x100-mm\/","url":"https:\/\/compuviper.mx\/tienda\/producto\/lg-27u411a-monitor-pc-fhd-271920x1080panel-ips120hzasp169brillo-250cd-m2contr15001tr5msd-subhdmihdr10dynamic-action-syncblack-stabilizerflicker-safereader-modevesa-100x100-mm\/","name":"[ Lg ] &#129351; 27u411a Monitor Pc Fhd 27,1920x1080,panel Ips,120hz,asp16:9,brillo 250cd\/m2,contr1500:1,tr5ms,d-sub,hdmi,hdr10,dynamic Action Sync,black Stabilizer,flicker Safe,reader Mode,vesa 100x100 Mm.","isPartOf":{"@id":"https:\/\/compuviper.mx\/tienda\/#website"},"datePublished":"2026-04-07T06:49:52+00:00","dateModified":"2026-04-07T06:49:52+00:00","description":"Compra 27u411a Monitor Pc Fhd 27,1920x1080,panel Ips,120hz,asp16:9,brillo 250cd\/m2,contr1500:1,tr5ms,d-sub,hdmi,hdr10,dynamic Action Sync,black Stabilizer,flicker Safe,reader Mode,vesa 100x100 Mm. + Env\u00edo a domicilio + Pago seguro + Garant\u00eda","breadcrumb":{"@id":"https:\/\/compuviper.mx\/tienda\/producto\/lg-27u411a-monitor-pc-fhd-271920x1080panel-ips120hzasp169brillo-250cd-m2contr15001tr5msd-subhdmihdr10dynamic-action-syncblack-stabilizerflicker-safereader-modevesa-100x100-mm\/#breadcrumb"},"inLanguage":"es-MX","potentialAction":[{"@type":"ReadAction","target":["https:\/\/compuviper.mx\/tienda\/producto\/lg-27u411a-monitor-pc-fhd-271920x1080panel-ips120hzasp169brillo-250cd-m2contr15001tr5msd-subhdmihdr10dynamic-action-syncblack-stabilizerflicker-safereader-modevesa-100x100-mm\/"]}]},{"@type":"BreadcrumbList","@id":"https:\/\/compuviper.mx\/tienda\/producto\/lg-27u411a-monitor-pc-fhd-271920x1080panel-ips120hzasp169brillo-250cd-m2contr15001tr5msd-subhdmihdr10dynamic-action-syncblack-stabilizerflicker-safereader-modevesa-100x100-mm\/#breadcrumb","itemListElement":[{"@type":"ListItem","position":1,"name":"Inicio","item":"https:\/\/compuviper.mx\/tienda\/"},{"@type":"ListItem","position":2,"name":"Productos","item":"https:\/\/compuviper.mx\/tienda\/productos\/"},{"@type":"ListItem","position":3,"name":"Monitores","item":"https:\/\/compuviper.mx\/tienda\/categoria-producto\/monitores\/"},{"@type":"ListItem","position":4,"name":"Led","item":"https:\/\/compuviper.mx\/tienda\/categoria-producto\/monitores\/led\/"},{"@type":"ListItem","position":5,"name":"Lg 27u411a Monitor Pc Fhd 27,1920&#215;1080,panel Ips,120hz,asp16:9,brillo 250cd\/m2,contr1500:1,tr5ms,d-sub,hdmi,hdr10,dynamic Action Sync,black Stabilizer,flicker Safe,reader Mode,vesa 100&#215;100 Mm."}]},{"@type":"WebSite","@id":"https:\/\/compuviper.mx\/tienda\/#website","url":"https:\/\/compuviper.mx\/tienda\/","name":"Compuviper","description":"Proveedor de Computadoras, Laptops, Servidores, Monitores, Puntos de Venta, Teclados,   Impresoras, T\u00f3ner, C\u00e1maras de Seguridad y m\u00e1s en tu tienda en l\u00ednea","publisher":{"@id":"https:\/\/compuviper.mx\/tienda\/#organization"},"potentialAction":[{"@type":"SearchAction","target":{"@type":"EntryPoint","urlTemplate":"https:\/\/compuviper.mx\/tienda\/?s={search_term_string}"},"query-input":"required name=search_term_string"}],"inLanguage":"es-MX"},{"@type":"Organization","@id":"https:\/\/compuviper.mx\/tienda\/#organization","name":"Compuviper","url":"https:\/\/compuviper.mx\/tienda\/","logo":{"@type":"ImageObject","inLanguage":"es-MX","@id":"https:\/\/compuviper.mx\/tienda\/#\/schema\/logo\/image\/","url":"https:\/\/compuviper.mx\/tienda\/wp-content\/uploads\/2021\/08\/Logo-Compuviper-10.png","contentUrl":"https:\/\/compuviper.mx\/tienda\/wp-content\/uploads\/2021\/08\/Logo-Compuviper-10.png","width":1000,"height":500,"caption":"Compuviper"},"image":{"@id":"https:\/\/compuviper.mx\/tienda\/#\/schema\/logo\/image\/"},"sameAs":["https:\/\/www.facebook.com\/compuviper","https:\/\/www.youtube.com\/channel\/UCf73dERp9Y3cfOq7q8BhLjA?view_as=subscriber"]}]},"product_brand":"LG","product_price_amount":"2255","product_price_currency":"MXN","og_availability":"out of stock","product_availability":"out of stock","product_retailer_item_id":"27U411A","product_condition":"new"},"_links":{"self":[{"href":"https:\/\/compuviper.mx\/tienda\/wp-json\/wp\/v2\/product\/256756"}],"collection":[{"href":"https:\/\/compuviper.mx\/tienda\/wp-json\/wp\/v2\/product"}],"about":[{"href":"https:\/\/compuviper.mx\/tienda\/wp-json\/wp\/v2\/types\/product"}],"replies":[{"embeddable":true,"href":"https:\/\/compuviper.mx\/tienda\/wp-json\/wp\/v2\/comments?post=256756"}],"wp:featuredmedia":[{"embeddable":true,"href":"https:\/\/compuviper.mx\/tienda\/wp-json\/wp\/v2\/media\/260006"}],"wp:attachment":[{"href":"https:\/\/compuviper.mx\/tienda\/wp-json\/wp\/v2\/media?parent=256756"}],"wp:term":[{"taxonomy":"product_cat","embeddable":true,"href":"https:\/\/compuviper.mx\/tienda\/wp-json\/wp\/v2\/product_cat?post=256756"},{"taxonomy":"product_tag","embeddable":true,"href":"https:\/\/compuviper.mx\/tienda\/wp-json\/wp\/v2\/product_tag?post=256756"}],"curies":[{"name":"wp","href":"https:\/\/api.w.org\/{rel}","templated":true}]}}