{"id":256755,"date":"2026-04-11T00:53:02","date_gmt":"2026-04-11T06:53:02","guid":{"rendered":"https:\/\/compuviper.mx\/tienda\/producto\/lg-24u411a-monitor-pc-23-8-fhd1920x1080panel-ips120hzasp169brillo-250cd-m2contr-15001tr-5msd-subhdmihdr10dynamic-action-syncblack-stabilizerflicker-safereader-modevesa-100x100-mm\/"},"modified":"2026-04-11T00:53:03","modified_gmt":"2026-04-11T06:53:03","slug":"lg-24u411a-monitor-pc-23-8-fhd1920x1080panel-ips120hzasp169brillo-250cd-m2contr-15001tr-5msd-subhdmihdr10dynamic-action-syncblack-stabilizerflicker-safereader-modevesa-100x100-mm","status":"publish","type":"product","link":"https:\/\/compuviper.mx\/tienda\/producto\/lg-24u411a-monitor-pc-23-8-fhd1920x1080panel-ips120hzasp169brillo-250cd-m2contr-15001tr-5msd-subhdmihdr10dynamic-action-syncblack-stabilizerflicker-safereader-modevesa-100x100-mm\/","title":{"rendered":"Lg 24u411a Monitor Pc   23.8 Fhd,1920&#215;1080,panel Ips,120hz,asp16:9,brillo 250cd\/m2,contr 1500:1,tr 5ms,d-sub,hdmi,hdr10,dynamic Action Sync,black Stabilizer,flicker Safe,reader Mode,vesa 100&#215;100 Mm."},"content":{"rendered":"<table class=\"descripcion\">\n<tr>\n<td>Monitor fhd ips de 24 pulgadas y 120 hz hdr10<\/td>\n<\/tr>\n<tr>\n<td>24u411a-b<\/td>\n<\/tr>\n<tr>\n<td> tama\u00f1o 23.8<\/td>\n<\/tr>\n<tr>\n<td> resolucion 1920 x 1080<\/td>\n<\/tr>\n<tr>\n<td> tipo de panel ips<\/td>\n<\/tr>\n<tr>\n<td> relacion de aspecto 16:9<\/td>\n<\/tr>\n<tr>\n<td>Display brillo (typ) 250 cd\/m2<\/td>\n<\/tr>\n<tr>\n<td> no. de colores 16.7m<\/td>\n<\/tr>\n<tr>\n<td> contraste ratio 1500-1<\/td>\n<\/tr>\n<tr>\n<td> tiempo de respuesta 5 ms (gtg)<\/td>\n<\/tr>\n<tr>\n<td> frecuencia 120 hz<\/td>\n<\/tr>\n<tr>\n<td> angulo de vision 178\u00ba(r\/l),178\u00ba(u\/d)<\/td>\n<\/tr>\n<tr>\n<td> flicker safe si<\/td>\n<\/tr>\n<tr>\n<td> reader mode si<\/td>\n<\/tr>\n<tr>\n<td> vrr si<\/td>\n<\/tr>\n<tr>\n<td> super resolution+ si<\/td>\n<\/tr>\n<tr>\n<td>Caracteristicas hdr 10 \/ hdr effect si \/ si<\/td>\n<\/tr>\n<tr>\n<td> black stabilizer si<\/td>\n<\/tr>\n<tr>\n<td> dynamic action sync si<\/td>\n<\/tr>\n<tr>\n<td> crosshair si<\/td>\n<\/tr>\n<tr>\n<td> smart energy saving si<\/td>\n<\/tr>\n<tr>\n<td> lg switch si<\/td>\n<\/tr>\n<tr>\n<td> d-sub yes(1ea)<\/td>\n<\/tr>\n<tr>\n<td>Conectividad hdmi yes(1ea) ver 2.0<\/td>\n<\/tr>\n<tr>\n<td> headphone out 3 pole (sound only)<\/td>\n<\/tr>\n<tr>\n<td> type external power(adapter)<\/td>\n<\/tr>\n<tr>\n<td> ac input 100~240v (50\/60hz)<\/td>\n<\/tr>\n<tr>\n<td>Alimentacion power consumption (typ.) 13.0w<\/td>\n<\/tr>\n<tr>\n<td> power consumption (max.) 16.0w<\/td>\n<\/tr>\n<tr>\n<td> power consumption (sleep mode) less than 0.5w<\/td>\n<\/tr>\n<tr>\n<td> power consumption (dc off) less than 0.3w<\/td>\n<\/tr>\n<tr>\n<td>Mechanical display position adjustments tilt<\/td>\n<\/tr>\n<tr>\n<td> wall mountable 100 x 100 mm<\/td>\n<\/tr>\n<tr>\n<td> dimension with stand (w x h x d) 539.2 x 417.6 x 220mm<\/td>\n<\/tr>\n<tr>\n<td> dimension without stand (w x h x d) 539.2 x 317.1 x 37.5mm<\/td>\n<\/tr>\n<tr>\n<td>Dimensiones dimension in shiping (w x h x d) 605 x 385 x 145mm<\/td>\n<\/tr>\n<tr>\n<td> weight with stand 3.2kg<\/td>\n<\/tr>\n<tr>\n<td> weight without stand 2.3kg<\/td>\n<\/tr>\n<tr>\n<td> weight in shipping 4.4kg<\/td>\n<\/tr>\n<tr>\n<td>Accesorios cable hdmi si<\/td>\n<\/tr>\n<\/table>\n","protected":false},"excerpt":{"rendered":"<p>El monitor ips lg de 24 con resoluci\u00f3n full hd (1920 x 1080) ofrece im\u00e1genes n\u00edtidas y vibrantes desde pr\u00e1cticamente cualquier \u00e1ngulo. Ya sea que est\u00e9s trabajando, navegando por internet o gestionando tu bandeja de entrada, este monitor te ayuda a mantenerte l\u00facido, concentrado y productivo. Los biseles ultradelgados y el dise\u00f1o pr\u00e1cticamente sin bordes en 3 lados crean una apariencia limpia y moderna que te permite concentrarte en la pantalla. El elegante soporte y la base le dan un toque flotante, perfecto para configuraciones duales o un espacio de trabajo ordenado. Con una r\u00e1pida frecuencia de actualizaci\u00f3n de 120 hz, experimentar\u00e1s transiciones de fotogramas m\u00e1s fluidas. Tanto si trabajas como si juegas, disfruta de im\u00e1genes m\u00e1s fluidas con menos parpadeos y desenfoque de movimiento. Con compatibilidad con hdr10 y una cobertura de gama de colores srgb de hasta el 99 %, este monitor lg ofrece colores intensos y v\u00edvidos en un amplio espectro, ideal para juegos inmersivos, proyectos creativos y productividad diaria. Dynamic action sync minimiza el retraso de entrada para lograr reacciones m\u00e1s r\u00e1pidas, de modo que puedas responder a cada movimiento, disparo o giro en el instante en que ocurre. Black stabilizer ilumina las escenas oscuras, lo que ayuda a los jugadores a detectar enemigos escondidos en las sombras y a reaccionar r\u00e1pidamente durante destellos repentinos, manteni\u00e9ndolos un paso adelante en cada batalla. El modo de lectura reduce los niveles de luz azul, lo que crea una experiencia de visualizaci\u00f3n m\u00e1s c\u00f3moda: ideal para leer documentos, navegar por la web o trabajar durante per\u00edodos prolongados.<\/p>\n","protected":false},"featured_media":260005,"comment_status":"open","ping_status":"open","template":"","meta":[],"product_cat":[1741,1740],"product_tag":[1687],"acf":[],"yoast_head":"<!-- This site is optimized with the Yoast SEO plugin v21.7 - https:\/\/yoast.com\/wordpress\/plugins\/seo\/ -->\n<title>[ Lg ] &#129351; 24u411a Monitor Pc 23.8 Fhd,1920x1080,panel Ips,120hz,asp16:9,brillo 250cd\/m2,contr 1500:1,tr 5ms,d-sub,hdmi,hdr10,dynamic Action Sync,black Stabilizer,flicker Safe,reader Mode,vesa 100x100 Mm.<\/title>\n<meta name=\"description\" content=\"Compra 24u411a Monitor Pc 23.8 Fhd,1920x1080,panel Ips,120hz,asp16:9,brillo 250cd\/m2,contr 1500:1,tr 5ms,d-sub,hdmi,hdr10,dynamic Action Sync,black Stabilizer,flicker Safe,reader Mode,vesa 100x100 Mm. + Env\u00edo a domicilio + Pago seguro + Garant\u00eda\" \/>\n<meta name=\"robots\" content=\"index, follow, max-snippet:-1, max-image-preview:large, max-video-preview:-1\" \/>\n<link rel=\"canonical\" href=\"https:\/\/compuviper.mx\/tienda\/producto\/lg-24u411a-monitor-pc-23-8-fhd1920x1080panel-ips120hzasp169brillo-250cd-m2contr-15001tr-5msd-subhdmihdr10dynamic-action-syncblack-stabilizerflicker-safereader-modevesa-100x100-mm\/\" \/>\n<meta property=\"og:locale\" content=\"es_MX\" \/>\n<meta property=\"og:type\" content=\"article\" \/>\n<meta property=\"og:title\" content=\"[ Lg ] &#129351; 24u411a Monitor Pc 23.8 Fhd,1920x1080,panel Ips,120hz,asp16:9,brillo 250cd\/m2,contr 1500:1,tr 5ms,d-sub,hdmi,hdr10,dynamic Action Sync,black Stabilizer,flicker Safe,reader Mode,vesa 100x100 Mm.\" \/>\n<meta property=\"og:description\" content=\"Compra 24u411a Monitor Pc 23.8 Fhd,1920x1080,panel Ips,120hz,asp16:9,brillo 250cd\/m2,contr 1500:1,tr 5ms,d-sub,hdmi,hdr10,dynamic Action Sync,black Stabilizer,flicker Safe,reader Mode,vesa 100x100 Mm. + Env\u00edo a domicilio + Pago seguro + Garant\u00eda\" \/>\n<meta property=\"og:url\" content=\"https:\/\/compuviper.mx\/tienda\/producto\/lg-24u411a-monitor-pc-23-8-fhd1920x1080panel-ips120hzasp169brillo-250cd-m2contr-15001tr-5msd-subhdmihdr10dynamic-action-syncblack-stabilizerflicker-safereader-modevesa-100x100-mm\/\" \/>\n<meta property=\"og:site_name\" content=\"Compuviper\" \/>\n<meta property=\"article:publisher\" content=\"https:\/\/www.facebook.com\/compuviper\" \/>\n<meta property=\"article:modified_time\" content=\"2026-04-11T06:53:03+00:00\" \/>\n<meta property=\"og:image\" content=\"https:\/\/compuviper.mx\/tienda\/wp-content\/uploads\/2025\/10\/Monitor-pc-lg-24u411a-23.8-fhd1920x1080panel-ips120hzasp169brillo-250cdm2contr-15001tr-5msd-subhdmihdr10dynamic-action-syncblack-stabilizerflicker-safereader-modevesa-100x100-mm.jpg\" \/>\n\t<meta property=\"og:image:width\" content=\"200\" \/>\n\t<meta property=\"og:image:height\" content=\"200\" \/>\n\t<meta property=\"og:image:type\" content=\"image\/jpeg\" \/>\n<meta name=\"twitter:card\" content=\"summary_large_image\" \/>\n<meta name=\"twitter:label1\" content=\"Precio\" \/>\n\t<meta name=\"twitter:data1\" content=\"&#36;1,950 &#36;1,499 con IVA\" \/>\n\t<meta name=\"twitter:label2\" content=\"Availability\" \/>\n\t<meta name=\"twitter:data2\" content=\"In stock\" \/>\n<script type=\"application\/ld+json\" class=\"yoast-schema-graph\">{\"@context\":\"https:\/\/schema.org\",\"@graph\":[{\"@type\":\"WebPage\",\"@id\":\"https:\/\/compuviper.mx\/tienda\/producto\/lg-24u411a-monitor-pc-23-8-fhd1920x1080panel-ips120hzasp169brillo-250cd-m2contr-15001tr-5msd-subhdmihdr10dynamic-action-syncblack-stabilizerflicker-safereader-modevesa-100x100-mm\/\",\"url\":\"https:\/\/compuviper.mx\/tienda\/producto\/lg-24u411a-monitor-pc-23-8-fhd1920x1080panel-ips120hzasp169brillo-250cd-m2contr-15001tr-5msd-subhdmihdr10dynamic-action-syncblack-stabilizerflicker-safereader-modevesa-100x100-mm\/\",\"name\":\"[ Lg ] &#129351; 24u411a Monitor Pc 23.8 Fhd,1920x1080,panel Ips,120hz,asp16:9,brillo 250cd\/m2,contr 1500:1,tr 5ms,d-sub,hdmi,hdr10,dynamic Action Sync,black Stabilizer,flicker Safe,reader Mode,vesa 100x100 Mm.\",\"isPartOf\":{\"@id\":\"https:\/\/compuviper.mx\/tienda\/#website\"},\"datePublished\":\"2026-04-11T06:53:02+00:00\",\"dateModified\":\"2026-04-11T06:53:03+00:00\",\"description\":\"Compra 24u411a Monitor Pc 23.8 Fhd,1920x1080,panel Ips,120hz,asp16:9,brillo 250cd\/m2,contr 1500:1,tr 5ms,d-sub,hdmi,hdr10,dynamic Action Sync,black Stabilizer,flicker Safe,reader Mode,vesa 100x100 Mm. + Env\u00edo a domicilio + Pago seguro + Garant\u00eda\",\"breadcrumb\":{\"@id\":\"https:\/\/compuviper.mx\/tienda\/producto\/lg-24u411a-monitor-pc-23-8-fhd1920x1080panel-ips120hzasp169brillo-250cd-m2contr-15001tr-5msd-subhdmihdr10dynamic-action-syncblack-stabilizerflicker-safereader-modevesa-100x100-mm\/#breadcrumb\"},\"inLanguage\":\"es-MX\",\"potentialAction\":[{\"@type\":\"ReadAction\",\"target\":[\"https:\/\/compuviper.mx\/tienda\/producto\/lg-24u411a-monitor-pc-23-8-fhd1920x1080panel-ips120hzasp169brillo-250cd-m2contr-15001tr-5msd-subhdmihdr10dynamic-action-syncblack-stabilizerflicker-safereader-modevesa-100x100-mm\/\"]}]},{\"@type\":\"BreadcrumbList\",\"@id\":\"https:\/\/compuviper.mx\/tienda\/producto\/lg-24u411a-monitor-pc-23-8-fhd1920x1080panel-ips120hzasp169brillo-250cd-m2contr-15001tr-5msd-subhdmihdr10dynamic-action-syncblack-stabilizerflicker-safereader-modevesa-100x100-mm\/#breadcrumb\",\"itemListElement\":[{\"@type\":\"ListItem\",\"position\":1,\"name\":\"Inicio\",\"item\":\"https:\/\/compuviper.mx\/tienda\/\"},{\"@type\":\"ListItem\",\"position\":2,\"name\":\"Productos\",\"item\":\"https:\/\/compuviper.mx\/tienda\/productos\/\"},{\"@type\":\"ListItem\",\"position\":3,\"name\":\"Monitores\",\"item\":\"https:\/\/compuviper.mx\/tienda\/categoria-producto\/monitores\/\"},{\"@type\":\"ListItem\",\"position\":4,\"name\":\"Led\",\"item\":\"https:\/\/compuviper.mx\/tienda\/categoria-producto\/monitores\/led\/\"},{\"@type\":\"ListItem\",\"position\":5,\"name\":\"Lg 24u411a Monitor Pc 23.8 Fhd,1920&#215;1080,panel Ips,120hz,asp16:9,brillo 250cd\/m2,contr 1500:1,tr 5ms,d-sub,hdmi,hdr10,dynamic Action Sync,black Stabilizer,flicker Safe,reader Mode,vesa 100&#215;100 Mm.\"}]},{\"@type\":\"WebSite\",\"@id\":\"https:\/\/compuviper.mx\/tienda\/#website\",\"url\":\"https:\/\/compuviper.mx\/tienda\/\",\"name\":\"Compuviper\",\"description\":\"Proveedor de Computadoras, Laptops, Servidores, Monitores, Puntos de Venta, Teclados,   Impresoras, T\u00f3ner, C\u00e1maras de Seguridad y m\u00e1s en tu tienda en l\u00ednea\",\"publisher\":{\"@id\":\"https:\/\/compuviper.mx\/tienda\/#organization\"},\"potentialAction\":[{\"@type\":\"SearchAction\",\"target\":{\"@type\":\"EntryPoint\",\"urlTemplate\":\"https:\/\/compuviper.mx\/tienda\/?s={search_term_string}\"},\"query-input\":\"required name=search_term_string\"}],\"inLanguage\":\"es-MX\"},{\"@type\":\"Organization\",\"@id\":\"https:\/\/compuviper.mx\/tienda\/#organization\",\"name\":\"Compuviper\",\"url\":\"https:\/\/compuviper.mx\/tienda\/\",\"logo\":{\"@type\":\"ImageObject\",\"inLanguage\":\"es-MX\",\"@id\":\"https:\/\/compuviper.mx\/tienda\/#\/schema\/logo\/image\/\",\"url\":\"https:\/\/compuviper.mx\/tienda\/wp-content\/uploads\/2021\/08\/Logo-Compuviper-10.png\",\"contentUrl\":\"https:\/\/compuviper.mx\/tienda\/wp-content\/uploads\/2021\/08\/Logo-Compuviper-10.png\",\"width\":1000,\"height\":500,\"caption\":\"Compuviper\"},\"image\":{\"@id\":\"https:\/\/compuviper.mx\/tienda\/#\/schema\/logo\/image\/\"},\"sameAs\":[\"https:\/\/www.facebook.com\/compuviper\",\"https:\/\/www.youtube.com\/channel\/UCf73dERp9Y3cfOq7q8BhLjA?view_as=subscriber\"]}]}<\/script>\n<meta property=\"product:brand\" content=\"LG\" \/>\n<meta property=\"product:price:amount\" content=\"1499\" \/>\n<meta property=\"product:price:currency\" content=\"MXN\" \/>\n<meta property=\"og:availability\" content=\"instock\" \/>\n<meta property=\"product:availability\" content=\"instock\" \/>\n<meta property=\"product:retailer_item_id\" content=\"24U411A\" \/>\n<meta property=\"product:condition\" content=\"new\" \/>\n<!-- \/ Yoast SEO plugin. -->","yoast_head_json":{"title":"[ Lg ] &#129351; 24u411a Monitor Pc 23.8 Fhd,1920x1080,panel Ips,120hz,asp16:9,brillo 250cd\/m2,contr 1500:1,tr 5ms,d-sub,hdmi,hdr10,dynamic Action Sync,black Stabilizer,flicker Safe,reader Mode,vesa 100x100 Mm.","description":"Compra 24u411a Monitor Pc 23.8 Fhd,1920x1080,panel Ips,120hz,asp16:9,brillo 250cd\/m2,contr 1500:1,tr 5ms,d-sub,hdmi,hdr10,dynamic Action Sync,black Stabilizer,flicker Safe,reader Mode,vesa 100x100 Mm. + Env\u00edo a domicilio + Pago seguro + Garant\u00eda","robots":{"index":"index","follow":"follow","max-snippet":"max-snippet:-1","max-image-preview":"max-image-preview:large","max-video-preview":"max-video-preview:-1"},"canonical":"https:\/\/compuviper.mx\/tienda\/producto\/lg-24u411a-monitor-pc-23-8-fhd1920x1080panel-ips120hzasp169brillo-250cd-m2contr-15001tr-5msd-subhdmihdr10dynamic-action-syncblack-stabilizerflicker-safereader-modevesa-100x100-mm\/","og_locale":"es_MX","og_type":"article","og_title":"[ Lg ] &#129351; 24u411a Monitor Pc 23.8 Fhd,1920x1080,panel Ips,120hz,asp16:9,brillo 250cd\/m2,contr 1500:1,tr 5ms,d-sub,hdmi,hdr10,dynamic Action Sync,black Stabilizer,flicker Safe,reader Mode,vesa 100x100 Mm.","og_description":"Compra 24u411a Monitor Pc 23.8 Fhd,1920x1080,panel Ips,120hz,asp16:9,brillo 250cd\/m2,contr 1500:1,tr 5ms,d-sub,hdmi,hdr10,dynamic Action Sync,black Stabilizer,flicker Safe,reader Mode,vesa 100x100 Mm. + Env\u00edo a domicilio + Pago seguro + Garant\u00eda","og_url":"https:\/\/compuviper.mx\/tienda\/producto\/lg-24u411a-monitor-pc-23-8-fhd1920x1080panel-ips120hzasp169brillo-250cd-m2contr-15001tr-5msd-subhdmihdr10dynamic-action-syncblack-stabilizerflicker-safereader-modevesa-100x100-mm\/","og_site_name":"Compuviper","article_publisher":"https:\/\/www.facebook.com\/compuviper","article_modified_time":"2026-04-11T06:53:03+00:00","og_image":[{"width":200,"height":200,"url":"https:\/\/compuviper.mx\/tienda\/wp-content\/uploads\/2025\/10\/Monitor-pc-lg-24u411a-23.8-fhd1920x1080panel-ips120hzasp169brillo-250cdm2contr-15001tr-5msd-subhdmihdr10dynamic-action-syncblack-stabilizerflicker-safereader-modevesa-100x100-mm.jpg","type":"image\/jpeg"}],"twitter_card":"summary_large_image","twitter_misc":{"Precio":"&#36;1,950 &#36;1,499 con IVA","Availability":"In stock"},"schema":{"@context":"https:\/\/schema.org","@graph":[{"@type":"WebPage","@id":"https:\/\/compuviper.mx\/tienda\/producto\/lg-24u411a-monitor-pc-23-8-fhd1920x1080panel-ips120hzasp169brillo-250cd-m2contr-15001tr-5msd-subhdmihdr10dynamic-action-syncblack-stabilizerflicker-safereader-modevesa-100x100-mm\/","url":"https:\/\/compuviper.mx\/tienda\/producto\/lg-24u411a-monitor-pc-23-8-fhd1920x1080panel-ips120hzasp169brillo-250cd-m2contr-15001tr-5msd-subhdmihdr10dynamic-action-syncblack-stabilizerflicker-safereader-modevesa-100x100-mm\/","name":"[ Lg ] &#129351; 24u411a Monitor Pc 23.8 Fhd,1920x1080,panel Ips,120hz,asp16:9,brillo 250cd\/m2,contr 1500:1,tr 5ms,d-sub,hdmi,hdr10,dynamic Action Sync,black Stabilizer,flicker Safe,reader Mode,vesa 100x100 Mm.","isPartOf":{"@id":"https:\/\/compuviper.mx\/tienda\/#website"},"datePublished":"2026-04-11T06:53:02+00:00","dateModified":"2026-04-11T06:53:03+00:00","description":"Compra 24u411a Monitor Pc 23.8 Fhd,1920x1080,panel Ips,120hz,asp16:9,brillo 250cd\/m2,contr 1500:1,tr 5ms,d-sub,hdmi,hdr10,dynamic Action Sync,black Stabilizer,flicker Safe,reader Mode,vesa 100x100 Mm. + Env\u00edo a domicilio + Pago seguro + Garant\u00eda","breadcrumb":{"@id":"https:\/\/compuviper.mx\/tienda\/producto\/lg-24u411a-monitor-pc-23-8-fhd1920x1080panel-ips120hzasp169brillo-250cd-m2contr-15001tr-5msd-subhdmihdr10dynamic-action-syncblack-stabilizerflicker-safereader-modevesa-100x100-mm\/#breadcrumb"},"inLanguage":"es-MX","potentialAction":[{"@type":"ReadAction","target":["https:\/\/compuviper.mx\/tienda\/producto\/lg-24u411a-monitor-pc-23-8-fhd1920x1080panel-ips120hzasp169brillo-250cd-m2contr-15001tr-5msd-subhdmihdr10dynamic-action-syncblack-stabilizerflicker-safereader-modevesa-100x100-mm\/"]}]},{"@type":"BreadcrumbList","@id":"https:\/\/compuviper.mx\/tienda\/producto\/lg-24u411a-monitor-pc-23-8-fhd1920x1080panel-ips120hzasp169brillo-250cd-m2contr-15001tr-5msd-subhdmihdr10dynamic-action-syncblack-stabilizerflicker-safereader-modevesa-100x100-mm\/#breadcrumb","itemListElement":[{"@type":"ListItem","position":1,"name":"Inicio","item":"https:\/\/compuviper.mx\/tienda\/"},{"@type":"ListItem","position":2,"name":"Productos","item":"https:\/\/compuviper.mx\/tienda\/productos\/"},{"@type":"ListItem","position":3,"name":"Monitores","item":"https:\/\/compuviper.mx\/tienda\/categoria-producto\/monitores\/"},{"@type":"ListItem","position":4,"name":"Led","item":"https:\/\/compuviper.mx\/tienda\/categoria-producto\/monitores\/led\/"},{"@type":"ListItem","position":5,"name":"Lg 24u411a Monitor Pc 23.8 Fhd,1920&#215;1080,panel Ips,120hz,asp16:9,brillo 250cd\/m2,contr 1500:1,tr 5ms,d-sub,hdmi,hdr10,dynamic Action Sync,black Stabilizer,flicker Safe,reader Mode,vesa 100&#215;100 Mm."}]},{"@type":"WebSite","@id":"https:\/\/compuviper.mx\/tienda\/#website","url":"https:\/\/compuviper.mx\/tienda\/","name":"Compuviper","description":"Proveedor de Computadoras, Laptops, Servidores, Monitores, Puntos de Venta, Teclados,   Impresoras, T\u00f3ner, C\u00e1maras de Seguridad y m\u00e1s en tu tienda en l\u00ednea","publisher":{"@id":"https:\/\/compuviper.mx\/tienda\/#organization"},"potentialAction":[{"@type":"SearchAction","target":{"@type":"EntryPoint","urlTemplate":"https:\/\/compuviper.mx\/tienda\/?s={search_term_string}"},"query-input":"required name=search_term_string"}],"inLanguage":"es-MX"},{"@type":"Organization","@id":"https:\/\/compuviper.mx\/tienda\/#organization","name":"Compuviper","url":"https:\/\/compuviper.mx\/tienda\/","logo":{"@type":"ImageObject","inLanguage":"es-MX","@id":"https:\/\/compuviper.mx\/tienda\/#\/schema\/logo\/image\/","url":"https:\/\/compuviper.mx\/tienda\/wp-content\/uploads\/2021\/08\/Logo-Compuviper-10.png","contentUrl":"https:\/\/compuviper.mx\/tienda\/wp-content\/uploads\/2021\/08\/Logo-Compuviper-10.png","width":1000,"height":500,"caption":"Compuviper"},"image":{"@id":"https:\/\/compuviper.mx\/tienda\/#\/schema\/logo\/image\/"},"sameAs":["https:\/\/www.facebook.com\/compuviper","https:\/\/www.youtube.com\/channel\/UCf73dERp9Y3cfOq7q8BhLjA?view_as=subscriber"]}]},"product_brand":"LG","product_price_amount":"1499","product_price_currency":"MXN","og_availability":"instock","product_availability":"instock","product_retailer_item_id":"24U411A","product_condition":"new"},"_links":{"self":[{"href":"https:\/\/compuviper.mx\/tienda\/wp-json\/wp\/v2\/product\/256755"}],"collection":[{"href":"https:\/\/compuviper.mx\/tienda\/wp-json\/wp\/v2\/product"}],"about":[{"href":"https:\/\/compuviper.mx\/tienda\/wp-json\/wp\/v2\/types\/product"}],"replies":[{"embeddable":true,"href":"https:\/\/compuviper.mx\/tienda\/wp-json\/wp\/v2\/comments?post=256755"}],"wp:featuredmedia":[{"embeddable":true,"href":"https:\/\/compuviper.mx\/tienda\/wp-json\/wp\/v2\/media\/260005"}],"wp:attachment":[{"href":"https:\/\/compuviper.mx\/tienda\/wp-json\/wp\/v2\/media?parent=256755"}],"wp:term":[{"taxonomy":"product_cat","embeddable":true,"href":"https:\/\/compuviper.mx\/tienda\/wp-json\/wp\/v2\/product_cat?post=256755"},{"taxonomy":"product_tag","embeddable":true,"href":"https:\/\/compuviper.mx\/tienda\/wp-json\/wp\/v2\/product_tag?post=256755"}],"curies":[{"name":"wp","href":"https:\/\/api.w.org\/{rel}","templated":true}]}}