{"id":256754,"date":"2026-04-10T00:47:05","date_gmt":"2026-04-10T06:47:05","guid":{"rendered":"https:\/\/compuviper.mx\/tienda\/producto\/lg-22u401a-monitor-pc-b-fhd-21-5panel-va1920x1080100hztr-5msasp-169brillo-250cd-m2contr-30001d-subhdmidynamic-action-syncblack-stabilizerflicker-safereader-modevesa-100x100\/"},"modified":"2026-04-10T00:47:06","modified_gmt":"2026-04-10T06:47:06","slug":"lg-22u401a-monitor-pc-b-fhd-21-5panel-va1920x1080100hztr-5msasp-169brillo-250cd-m2contr-30001d-subhdmidynamic-action-syncblack-stabilizerflicker-safereader-modevesa-100x100","status":"publish","type":"product","link":"https:\/\/compuviper.mx\/tienda\/producto\/lg-22u401a-monitor-pc-b-fhd-21-5panel-va1920x1080100hztr-5msasp-169brillo-250cd-m2contr-30001d-subhdmidynamic-action-syncblack-stabilizerflicker-safereader-modevesa-100x100\/","title":{"rendered":"Lg 22u401a Monitor Pc  -b Fhd 21.5,panel Va,1920&#215;1080,100hz,tr 5ms,asp 16:9,brillo 250cd\/m2,contr 3000:1,d-sub,hdmi,dynamic Action Sync,black Stabilizer,flicker Safe,reader Mode,vesa 100&#215;100."},"content":{"rendered":"<table class=\"descripcion\">\n<tr>\n<td>22u401a<\/td>\n<\/tr>\n<tr>\n<td>Monitor 21.5 fhd 100hz 5ms<\/td>\n<\/tr>\n<tr>\n<td> tama\u00f1o 21.5<\/td>\n<\/tr>\n<tr>\n<td> resolucion 1920 x 1080<\/td>\n<\/tr>\n<tr>\n<td> tipo de panel va<\/td>\n<\/tr>\n<tr>\n<td> relacion de aspecto 16:9<\/td>\n<\/tr>\n<tr>\n<td>Display brillo (typ) 250 cd\/m2<\/td>\n<\/tr>\n<tr>\n<td> no. de colores 16.7m<\/td>\n<\/tr>\n<tr>\n<td> contraste ratio 3000:1<\/td>\n<\/tr>\n<tr>\n<td> tiempo de respuesta 5 ms (gtg)<\/td>\n<\/tr>\n<tr>\n<td> frecuencia 100 hz<\/td>\n<\/tr>\n<tr>\n<td> angulo de vision 178\u00ba(r\/l),178\u00ba(u\/d)<\/td>\n<\/tr>\n<tr>\n<td> flicker safe si<\/td>\n<\/tr>\n<tr>\n<td> reader mode si<\/td>\n<\/tr>\n<tr>\n<td> color weakness si<\/td>\n<\/tr>\n<tr>\n<td> super resolution+ si<\/td>\n<\/tr>\n<tr>\n<td>Caracteristicas amd freesync no<\/td>\n<\/tr>\n<tr>\n<td> black stabilizer si<\/td>\n<\/tr>\n<tr>\n<td> dynamic action sync si<\/td>\n<\/tr>\n<tr>\n<td> crosshair si<\/td>\n<\/tr>\n<tr>\n<td> smart energy saving si<\/td>\n<\/tr>\n<tr>\n<td> lg switch si<\/td>\n<\/tr>\n<tr>\n<td> d-sub yes(1ea)<\/td>\n<\/tr>\n<tr>\n<td>Conectividad hdmi yes(1ea)<\/td>\n<\/tr>\n<tr>\n<td> headphone out si<\/td>\n<\/tr>\n<tr>\n<td> type external power(adapter)<\/td>\n<\/tr>\n<tr>\n<td> ac input 100~240v (50\/60hz)<\/td>\n<\/tr>\n<tr>\n<td>Alimentacion power consumption (typ.) 13w<\/td>\n<\/tr>\n<tr>\n<td> power consumption (max.) 13w<\/td>\n<\/tr>\n<tr>\n<td> power consumption (sleep mode) less than 0.5w<\/td>\n<\/tr>\n<tr>\n<td> power consumption (dc off) less than 0.3w<\/td>\n<\/tr>\n<tr>\n<td>Mechanical display position adjustments tilt<\/td>\n<\/tr>\n<tr>\n<td> wall mountable 100 x 100 mm<\/td>\n<\/tr>\n<tr>\n<td> dimension with stand (w x h x d) 492.5 x 378.4 x 200.8mm<\/td>\n<\/tr>\n<tr>\n<td> dimension without stand (w x h x d) 492.5 x 284.6 x 50.7mm<\/td>\n<\/tr>\n<tr>\n<td>Dimensiones dimension in shiping (w x h x d) 556 x 350 x 138mm<\/td>\n<\/tr>\n<tr>\n<td> weight with stand 2.3kg<\/td>\n<\/tr>\n<tr>\n<td> weight without stand 1.9kg<\/td>\n<\/tr>\n<tr>\n<td> weight in shipping 3.3kg<\/td>\n<\/tr>\n<tr>\n<td>Accesorios cable hdmi si<\/td>\n<\/tr>\n<\/table>\n","protected":false},"excerpt":{"rendered":"<p>Monitor lg full hd de 21.5 con 100hz y 5ms. 22u401a. Compacto pero potente. Nuestra pantalla fhd (1920&#215;1080) ofrece im\u00e1genes claras con una gran gama de colores, brillo de 250 nits y una relaci\u00f3n de contraste 3000:1 para una experiencia visual n\u00edtida y realista. La r\u00e1pida tasa de 100hz brinda una carga de cuadros fluida en. M\u00faltiples programas y juegos, reduciendo el stuttering y el. Desenfoque para una experiencia m\u00e1s realista. Dynamic action sync reduce el retraso de entrada, permiti\u00e9ndote reaccionar de inmediato y aprovechar cada momento clave del juego. Black stabilizer revela enemigos ocultos en \u00e1reas oscuras y te ayuda a reaccionar r\u00e1pido a destellos y explosiones. Ajusta la temperatura de color y el brillo para ofrecer una experiencia de lectura m\u00e1s c\u00f3moda y con menos fatiga visual. Flicker safe elimina el parpadeo invisible en pantalla, brindando una visualizaci\u00f3n m\u00e1s estable y c\u00f3moda<\/p>\n","protected":false},"featured_media":260004,"comment_status":"open","ping_status":"open","template":"","meta":[],"product_cat":[1740,1741],"product_tag":[1687],"acf":[],"yoast_head":"<!-- This site is optimized with the Yoast SEO plugin v21.7 - https:\/\/yoast.com\/wordpress\/plugins\/seo\/ -->\n<title>[ Lg ] &#129351; 22u401a Monitor Pc -b Fhd 21.5,panel Va,1920x1080,100hz,tr 5ms,asp 16:9,brillo 250cd\/m2,contr 3000:1,d-sub,hdmi,dynamic Action Sync,black Stabilizer,flicker Safe,reader Mode,vesa 100x100.<\/title>\n<meta name=\"description\" content=\"Compra 22u401a Monitor Pc -b Fhd 21.5,panel Va,1920x1080,100hz,tr 5ms,asp 16:9,brillo 250cd\/m2,contr 3000:1,d-sub,hdmi,dynamic Action Sync,black Stabilizer,flicker Safe,reader Mode,vesa 100x100. + Env\u00edo a domicilio + Pago seguro + Garant\u00eda\" \/>\n<meta name=\"robots\" content=\"index, follow, max-snippet:-1, max-image-preview:large, max-video-preview:-1\" \/>\n<link rel=\"canonical\" href=\"https:\/\/compuviper.mx\/tienda\/producto\/lg-22u401a-monitor-pc-b-fhd-21-5panel-va1920x1080100hztr-5msasp-169brillo-250cd-m2contr-30001d-subhdmidynamic-action-syncblack-stabilizerflicker-safereader-modevesa-100x100\/\" \/>\n<meta property=\"og:locale\" content=\"es_MX\" \/>\n<meta property=\"og:type\" content=\"article\" \/>\n<meta property=\"og:title\" content=\"[ Lg ] &#129351; 22u401a Monitor Pc -b Fhd 21.5,panel Va,1920x1080,100hz,tr 5ms,asp 16:9,brillo 250cd\/m2,contr 3000:1,d-sub,hdmi,dynamic Action Sync,black Stabilizer,flicker Safe,reader Mode,vesa 100x100.\" \/>\n<meta property=\"og:description\" content=\"Compra 22u401a Monitor Pc -b Fhd 21.5,panel Va,1920x1080,100hz,tr 5ms,asp 16:9,brillo 250cd\/m2,contr 3000:1,d-sub,hdmi,dynamic Action Sync,black Stabilizer,flicker Safe,reader Mode,vesa 100x100. + Env\u00edo a domicilio + Pago seguro + Garant\u00eda\" \/>\n<meta property=\"og:url\" content=\"https:\/\/compuviper.mx\/tienda\/producto\/lg-22u401a-monitor-pc-b-fhd-21-5panel-va1920x1080100hztr-5msasp-169brillo-250cd-m2contr-30001d-subhdmidynamic-action-syncblack-stabilizerflicker-safereader-modevesa-100x100\/\" \/>\n<meta property=\"og:site_name\" content=\"Compuviper\" \/>\n<meta property=\"article:publisher\" content=\"https:\/\/www.facebook.com\/compuviper\" \/>\n<meta property=\"article:modified_time\" content=\"2026-04-10T06:47:06+00:00\" \/>\n<meta property=\"og:image\" content=\"https:\/\/compuviper.mx\/tienda\/wp-content\/uploads\/2025\/10\/Monitor-pc-lg-22u401a-b-fhd-21.5panel-va1920x1080100hztr-5msasp-169brillo-250cdm2contr-30001d-subhdmidynamic-action-syncblack-stabilizerflicker-safereader-modevesa-100x100-1.jpg\" \/>\n\t<meta property=\"og:image:width\" content=\"200\" \/>\n\t<meta property=\"og:image:height\" content=\"200\" \/>\n\t<meta property=\"og:image:type\" content=\"image\/jpeg\" \/>\n<meta name=\"twitter:card\" content=\"summary_large_image\" \/>\n<meta name=\"twitter:label1\" content=\"Precio\" \/>\n\t<meta name=\"twitter:data1\" content=\"&#36;1,675 &#36;1,427 con IVA\" \/>\n\t<meta name=\"twitter:label2\" content=\"Availability\" \/>\n\t<meta name=\"twitter:data2\" content=\"In stock\" \/>\n<script type=\"application\/ld+json\" class=\"yoast-schema-graph\">{\"@context\":\"https:\/\/schema.org\",\"@graph\":[{\"@type\":\"WebPage\",\"@id\":\"https:\/\/compuviper.mx\/tienda\/producto\/lg-22u401a-monitor-pc-b-fhd-21-5panel-va1920x1080100hztr-5msasp-169brillo-250cd-m2contr-30001d-subhdmidynamic-action-syncblack-stabilizerflicker-safereader-modevesa-100x100\/\",\"url\":\"https:\/\/compuviper.mx\/tienda\/producto\/lg-22u401a-monitor-pc-b-fhd-21-5panel-va1920x1080100hztr-5msasp-169brillo-250cd-m2contr-30001d-subhdmidynamic-action-syncblack-stabilizerflicker-safereader-modevesa-100x100\/\",\"name\":\"[ Lg ] &#129351; 22u401a Monitor Pc -b Fhd 21.5,panel Va,1920x1080,100hz,tr 5ms,asp 16:9,brillo 250cd\/m2,contr 3000:1,d-sub,hdmi,dynamic Action Sync,black Stabilizer,flicker Safe,reader Mode,vesa 100x100.\",\"isPartOf\":{\"@id\":\"https:\/\/compuviper.mx\/tienda\/#website\"},\"datePublished\":\"2026-04-10T06:47:05+00:00\",\"dateModified\":\"2026-04-10T06:47:06+00:00\",\"description\":\"Compra 22u401a Monitor Pc -b Fhd 21.5,panel Va,1920x1080,100hz,tr 5ms,asp 16:9,brillo 250cd\/m2,contr 3000:1,d-sub,hdmi,dynamic Action Sync,black Stabilizer,flicker Safe,reader Mode,vesa 100x100. + Env\u00edo a domicilio + Pago seguro + Garant\u00eda\",\"breadcrumb\":{\"@id\":\"https:\/\/compuviper.mx\/tienda\/producto\/lg-22u401a-monitor-pc-b-fhd-21-5panel-va1920x1080100hztr-5msasp-169brillo-250cd-m2contr-30001d-subhdmidynamic-action-syncblack-stabilizerflicker-safereader-modevesa-100x100\/#breadcrumb\"},\"inLanguage\":\"es-MX\",\"potentialAction\":[{\"@type\":\"ReadAction\",\"target\":[\"https:\/\/compuviper.mx\/tienda\/producto\/lg-22u401a-monitor-pc-b-fhd-21-5panel-va1920x1080100hztr-5msasp-169brillo-250cd-m2contr-30001d-subhdmidynamic-action-syncblack-stabilizerflicker-safereader-modevesa-100x100\/\"]}]},{\"@type\":\"BreadcrumbList\",\"@id\":\"https:\/\/compuviper.mx\/tienda\/producto\/lg-22u401a-monitor-pc-b-fhd-21-5panel-va1920x1080100hztr-5msasp-169brillo-250cd-m2contr-30001d-subhdmidynamic-action-syncblack-stabilizerflicker-safereader-modevesa-100x100\/#breadcrumb\",\"itemListElement\":[{\"@type\":\"ListItem\",\"position\":1,\"name\":\"Inicio\",\"item\":\"https:\/\/compuviper.mx\/tienda\/\"},{\"@type\":\"ListItem\",\"position\":2,\"name\":\"Productos\",\"item\":\"https:\/\/compuviper.mx\/tienda\/productos\/\"},{\"@type\":\"ListItem\",\"position\":3,\"name\":\"Monitores\",\"item\":\"https:\/\/compuviper.mx\/tienda\/categoria-producto\/monitores\/\"},{\"@type\":\"ListItem\",\"position\":4,\"name\":\"Led\",\"item\":\"https:\/\/compuviper.mx\/tienda\/categoria-producto\/monitores\/led\/\"},{\"@type\":\"ListItem\",\"position\":5,\"name\":\"Lg 22u401a Monitor Pc -b Fhd 21.5,panel Va,1920&#215;1080,100hz,tr 5ms,asp 16:9,brillo 250cd\/m2,contr 3000:1,d-sub,hdmi,dynamic Action Sync,black Stabilizer,flicker Safe,reader Mode,vesa 100&#215;100.\"}]},{\"@type\":\"WebSite\",\"@id\":\"https:\/\/compuviper.mx\/tienda\/#website\",\"url\":\"https:\/\/compuviper.mx\/tienda\/\",\"name\":\"Compuviper\",\"description\":\"Proveedor de Computadoras, Laptops, Servidores, Monitores, Puntos de Venta, Teclados,   Impresoras, T\u00f3ner, C\u00e1maras de Seguridad y m\u00e1s en tu tienda en l\u00ednea\",\"publisher\":{\"@id\":\"https:\/\/compuviper.mx\/tienda\/#organization\"},\"potentialAction\":[{\"@type\":\"SearchAction\",\"target\":{\"@type\":\"EntryPoint\",\"urlTemplate\":\"https:\/\/compuviper.mx\/tienda\/?s={search_term_string}\"},\"query-input\":\"required name=search_term_string\"}],\"inLanguage\":\"es-MX\"},{\"@type\":\"Organization\",\"@id\":\"https:\/\/compuviper.mx\/tienda\/#organization\",\"name\":\"Compuviper\",\"url\":\"https:\/\/compuviper.mx\/tienda\/\",\"logo\":{\"@type\":\"ImageObject\",\"inLanguage\":\"es-MX\",\"@id\":\"https:\/\/compuviper.mx\/tienda\/#\/schema\/logo\/image\/\",\"url\":\"https:\/\/compuviper.mx\/tienda\/wp-content\/uploads\/2021\/08\/Logo-Compuviper-10.png\",\"contentUrl\":\"https:\/\/compuviper.mx\/tienda\/wp-content\/uploads\/2021\/08\/Logo-Compuviper-10.png\",\"width\":1000,\"height\":500,\"caption\":\"Compuviper\"},\"image\":{\"@id\":\"https:\/\/compuviper.mx\/tienda\/#\/schema\/logo\/image\/\"},\"sameAs\":[\"https:\/\/www.facebook.com\/compuviper\",\"https:\/\/www.youtube.com\/channel\/UCf73dERp9Y3cfOq7q8BhLjA?view_as=subscriber\"]}]}<\/script>\n<meta property=\"product:brand\" content=\"LG\" \/>\n<meta property=\"product:price:amount\" content=\"1427\" \/>\n<meta property=\"product:price:currency\" content=\"MXN\" \/>\n<meta property=\"og:availability\" content=\"instock\" \/>\n<meta property=\"product:availability\" content=\"instock\" \/>\n<meta property=\"product:retailer_item_id\" content=\"22U401A\" \/>\n<meta property=\"product:condition\" content=\"new\" \/>\n<!-- \/ Yoast SEO plugin. -->","yoast_head_json":{"title":"[ Lg ] &#129351; 22u401a Monitor Pc -b Fhd 21.5,panel Va,1920x1080,100hz,tr 5ms,asp 16:9,brillo 250cd\/m2,contr 3000:1,d-sub,hdmi,dynamic Action Sync,black Stabilizer,flicker Safe,reader Mode,vesa 100x100.","description":"Compra 22u401a Monitor Pc -b Fhd 21.5,panel Va,1920x1080,100hz,tr 5ms,asp 16:9,brillo 250cd\/m2,contr 3000:1,d-sub,hdmi,dynamic Action Sync,black Stabilizer,flicker Safe,reader Mode,vesa 100x100. + Env\u00edo a domicilio + Pago seguro + Garant\u00eda","robots":{"index":"index","follow":"follow","max-snippet":"max-snippet:-1","max-image-preview":"max-image-preview:large","max-video-preview":"max-video-preview:-1"},"canonical":"https:\/\/compuviper.mx\/tienda\/producto\/lg-22u401a-monitor-pc-b-fhd-21-5panel-va1920x1080100hztr-5msasp-169brillo-250cd-m2contr-30001d-subhdmidynamic-action-syncblack-stabilizerflicker-safereader-modevesa-100x100\/","og_locale":"es_MX","og_type":"article","og_title":"[ Lg ] &#129351; 22u401a Monitor Pc -b Fhd 21.5,panel Va,1920x1080,100hz,tr 5ms,asp 16:9,brillo 250cd\/m2,contr 3000:1,d-sub,hdmi,dynamic Action Sync,black Stabilizer,flicker Safe,reader Mode,vesa 100x100.","og_description":"Compra 22u401a Monitor Pc -b Fhd 21.5,panel Va,1920x1080,100hz,tr 5ms,asp 16:9,brillo 250cd\/m2,contr 3000:1,d-sub,hdmi,dynamic Action Sync,black Stabilizer,flicker Safe,reader Mode,vesa 100x100. + Env\u00edo a domicilio + Pago seguro + Garant\u00eda","og_url":"https:\/\/compuviper.mx\/tienda\/producto\/lg-22u401a-monitor-pc-b-fhd-21-5panel-va1920x1080100hztr-5msasp-169brillo-250cd-m2contr-30001d-subhdmidynamic-action-syncblack-stabilizerflicker-safereader-modevesa-100x100\/","og_site_name":"Compuviper","article_publisher":"https:\/\/www.facebook.com\/compuviper","article_modified_time":"2026-04-10T06:47:06+00:00","og_image":[{"width":200,"height":200,"url":"https:\/\/compuviper.mx\/tienda\/wp-content\/uploads\/2025\/10\/Monitor-pc-lg-22u401a-b-fhd-21.5panel-va1920x1080100hztr-5msasp-169brillo-250cdm2contr-30001d-subhdmidynamic-action-syncblack-stabilizerflicker-safereader-modevesa-100x100-1.jpg","type":"image\/jpeg"}],"twitter_card":"summary_large_image","twitter_misc":{"Precio":"&#36;1,675 &#36;1,427 con IVA","Availability":"In stock"},"schema":{"@context":"https:\/\/schema.org","@graph":[{"@type":"WebPage","@id":"https:\/\/compuviper.mx\/tienda\/producto\/lg-22u401a-monitor-pc-b-fhd-21-5panel-va1920x1080100hztr-5msasp-169brillo-250cd-m2contr-30001d-subhdmidynamic-action-syncblack-stabilizerflicker-safereader-modevesa-100x100\/","url":"https:\/\/compuviper.mx\/tienda\/producto\/lg-22u401a-monitor-pc-b-fhd-21-5panel-va1920x1080100hztr-5msasp-169brillo-250cd-m2contr-30001d-subhdmidynamic-action-syncblack-stabilizerflicker-safereader-modevesa-100x100\/","name":"[ Lg ] &#129351; 22u401a Monitor Pc -b Fhd 21.5,panel Va,1920x1080,100hz,tr 5ms,asp 16:9,brillo 250cd\/m2,contr 3000:1,d-sub,hdmi,dynamic Action Sync,black Stabilizer,flicker Safe,reader Mode,vesa 100x100.","isPartOf":{"@id":"https:\/\/compuviper.mx\/tienda\/#website"},"datePublished":"2026-04-10T06:47:05+00:00","dateModified":"2026-04-10T06:47:06+00:00","description":"Compra 22u401a Monitor Pc -b Fhd 21.5,panel Va,1920x1080,100hz,tr 5ms,asp 16:9,brillo 250cd\/m2,contr 3000:1,d-sub,hdmi,dynamic Action Sync,black Stabilizer,flicker Safe,reader Mode,vesa 100x100. + Env\u00edo a domicilio + Pago seguro + Garant\u00eda","breadcrumb":{"@id":"https:\/\/compuviper.mx\/tienda\/producto\/lg-22u401a-monitor-pc-b-fhd-21-5panel-va1920x1080100hztr-5msasp-169brillo-250cd-m2contr-30001d-subhdmidynamic-action-syncblack-stabilizerflicker-safereader-modevesa-100x100\/#breadcrumb"},"inLanguage":"es-MX","potentialAction":[{"@type":"ReadAction","target":["https:\/\/compuviper.mx\/tienda\/producto\/lg-22u401a-monitor-pc-b-fhd-21-5panel-va1920x1080100hztr-5msasp-169brillo-250cd-m2contr-30001d-subhdmidynamic-action-syncblack-stabilizerflicker-safereader-modevesa-100x100\/"]}]},{"@type":"BreadcrumbList","@id":"https:\/\/compuviper.mx\/tienda\/producto\/lg-22u401a-monitor-pc-b-fhd-21-5panel-va1920x1080100hztr-5msasp-169brillo-250cd-m2contr-30001d-subhdmidynamic-action-syncblack-stabilizerflicker-safereader-modevesa-100x100\/#breadcrumb","itemListElement":[{"@type":"ListItem","position":1,"name":"Inicio","item":"https:\/\/compuviper.mx\/tienda\/"},{"@type":"ListItem","position":2,"name":"Productos","item":"https:\/\/compuviper.mx\/tienda\/productos\/"},{"@type":"ListItem","position":3,"name":"Monitores","item":"https:\/\/compuviper.mx\/tienda\/categoria-producto\/monitores\/"},{"@type":"ListItem","position":4,"name":"Led","item":"https:\/\/compuviper.mx\/tienda\/categoria-producto\/monitores\/led\/"},{"@type":"ListItem","position":5,"name":"Lg 22u401a Monitor Pc -b Fhd 21.5,panel Va,1920&#215;1080,100hz,tr 5ms,asp 16:9,brillo 250cd\/m2,contr 3000:1,d-sub,hdmi,dynamic Action Sync,black Stabilizer,flicker Safe,reader Mode,vesa 100&#215;100."}]},{"@type":"WebSite","@id":"https:\/\/compuviper.mx\/tienda\/#website","url":"https:\/\/compuviper.mx\/tienda\/","name":"Compuviper","description":"Proveedor de Computadoras, Laptops, Servidores, Monitores, Puntos de Venta, Teclados,   Impresoras, T\u00f3ner, C\u00e1maras de Seguridad y m\u00e1s en tu tienda en l\u00ednea","publisher":{"@id":"https:\/\/compuviper.mx\/tienda\/#organization"},"potentialAction":[{"@type":"SearchAction","target":{"@type":"EntryPoint","urlTemplate":"https:\/\/compuviper.mx\/tienda\/?s={search_term_string}"},"query-input":"required name=search_term_string"}],"inLanguage":"es-MX"},{"@type":"Organization","@id":"https:\/\/compuviper.mx\/tienda\/#organization","name":"Compuviper","url":"https:\/\/compuviper.mx\/tienda\/","logo":{"@type":"ImageObject","inLanguage":"es-MX","@id":"https:\/\/compuviper.mx\/tienda\/#\/schema\/logo\/image\/","url":"https:\/\/compuviper.mx\/tienda\/wp-content\/uploads\/2021\/08\/Logo-Compuviper-10.png","contentUrl":"https:\/\/compuviper.mx\/tienda\/wp-content\/uploads\/2021\/08\/Logo-Compuviper-10.png","width":1000,"height":500,"caption":"Compuviper"},"image":{"@id":"https:\/\/compuviper.mx\/tienda\/#\/schema\/logo\/image\/"},"sameAs":["https:\/\/www.facebook.com\/compuviper","https:\/\/www.youtube.com\/channel\/UCf73dERp9Y3cfOq7q8BhLjA?view_as=subscriber"]}]},"product_brand":"LG","product_price_amount":"1427","product_price_currency":"MXN","og_availability":"instock","product_availability":"instock","product_retailer_item_id":"22U401A","product_condition":"new"},"_links":{"self":[{"href":"https:\/\/compuviper.mx\/tienda\/wp-json\/wp\/v2\/product\/256754"}],"collection":[{"href":"https:\/\/compuviper.mx\/tienda\/wp-json\/wp\/v2\/product"}],"about":[{"href":"https:\/\/compuviper.mx\/tienda\/wp-json\/wp\/v2\/types\/product"}],"replies":[{"embeddable":true,"href":"https:\/\/compuviper.mx\/tienda\/wp-json\/wp\/v2\/comments?post=256754"}],"wp:featuredmedia":[{"embeddable":true,"href":"https:\/\/compuviper.mx\/tienda\/wp-json\/wp\/v2\/media\/260004"}],"wp:attachment":[{"href":"https:\/\/compuviper.mx\/tienda\/wp-json\/wp\/v2\/media?parent=256754"}],"wp:term":[{"taxonomy":"product_cat","embeddable":true,"href":"https:\/\/compuviper.mx\/tienda\/wp-json\/wp\/v2\/product_cat?post=256754"},{"taxonomy":"product_tag","embeddable":true,"href":"https:\/\/compuviper.mx\/tienda\/wp-json\/wp\/v2\/product_tag?post=256754"}],"curies":[{"name":"wp","href":"https:\/\/api.w.org\/{rel}","templated":true}]}}