{"id":256753,"date":"2026-04-07T00:49:50","date_gmt":"2026-04-07T06:49:50","guid":{"rendered":"https:\/\/compuviper.mx\/tienda\/producto\/lg-24gs60f-monitor-pc-b-gaming-ultragear-24-fhdpanel-ips1920x1080180hzasp-169tr-1msgtgcontr-10001brillo-300cd-m2srgb99hdr10displayporthdminvidia-g-syncamd-freesyncvesa-100x100\/"},"modified":"2026-04-07T00:49:50","modified_gmt":"2026-04-07T06:49:50","slug":"lg-24gs60f-monitor-pc-b-gaming-ultragear-24-fhdpanel-ips1920x1080180hzasp-169tr-1msgtgcontr-10001brillo-300cd-m2srgb99hdr10displayporthdminvidia-g-syncamd-freesyncvesa-100x100","status":"publish","type":"product","link":"https:\/\/compuviper.mx\/tienda\/producto\/lg-24gs60f-monitor-pc-b-gaming-ultragear-24-fhdpanel-ips1920x1080180hzasp-169tr-1msgtgcontr-10001brillo-300cd-m2srgb99hdr10displayporthdminvidia-g-syncamd-freesyncvesa-100x100\/","title":{"rendered":"Lg 24gs60f Monitor Pc  -b Gaming Ultragear 24 Fhd,panel Ips,1920&#215;1080,180hz,asp 16:9,tr 1ms(gtg),contr 1000:1,brillo 300cd\/m2,srgb99%,hdr10,displayport,hdmi,nvidia G-sync,amd Freesync,vesa 100&#215;100."},"content":{"rendered":"<table class=\"descripcion\">\n<tr>\n<td>Todas las especificaciones: lg 24gs60f-b gaming ultragear 24 fhd<\/td>\n<\/tr>\n<tr>\n<td>Accesorios<\/td>\n<\/tr>\n<tr>\n<td>Display port<\/td>\n<\/tr>\n<tr>\n<td>Si<\/td>\n<\/tr>\n<tr>\n<td>Energ\u00eda<\/td>\n<\/tr>\n<tr>\n<td>Tipo<\/td>\n<\/tr>\n<tr>\n<td>Energ\u00eda externa (adaptador)<\/td>\n<\/tr>\n<tr>\n<td>Ac input<\/td>\n<\/tr>\n<tr>\n<td>100~240v (50\/60hz)<\/td>\n<\/tr>\n<tr>\n<td>Consumo de energ\u00eda (on-mode)<\/td>\n<\/tr>\n<tr>\n<td>27w<\/td>\n<\/tr>\n<tr>\n<td>Consumo de energ\u00eda (sleep mode)<\/td>\n<\/tr>\n<tr>\n<td>Menos de 0.5w<\/td>\n<\/tr>\n<tr>\n<td>Consumo de energ\u00eda (dc off)<\/td>\n<\/tr>\n<tr>\n<td>Menos de 0.3w<\/td>\n<\/tr>\n<tr>\n<td>Conectividad<\/td>\n<\/tr>\n<tr>\n<td>Hdmi<\/td>\n<\/tr>\n<tr>\n<td>Si(1ea)<\/td>\n<\/tr>\n<tr>\n<td>Hdmi version<\/td>\n<\/tr>\n<tr>\n<td>Hdmi 2.0<\/td>\n<\/tr>\n<tr>\n<td>Hdmi (hdcp version)<\/td>\n<\/tr>\n<tr>\n<td>2.2<\/td>\n<\/tr>\n<tr>\n<td>Displayport<\/td>\n<\/tr>\n<tr>\n<td>Si(1ea)<\/td>\n<\/tr>\n<tr>\n<td>Dp version<\/td>\n<\/tr>\n<tr>\n<td>1.4<\/td>\n<\/tr>\n<tr>\n<td>Headphone out<\/td>\n<\/tr>\n<tr>\n<td>3-pole(solo sonido)<\/td>\n<\/tr>\n<tr>\n<td>Calida de imagen<\/td>\n<\/tr>\n<tr>\n<td>Tama\u00f1o de pantalla<\/td>\n<\/tr>\n<tr>\n<td>23.8<\/td>\n<\/tr>\n<tr>\n<td>Resoluci\u00f3n<\/td>\n<\/tr>\n<tr>\n<td>1920 x 1080<\/td>\n<\/tr>\n<tr>\n<td>Tipo de panel<\/td>\n<\/tr>\n<tr>\n<td>Ips<\/td>\n<\/tr>\n<tr>\n<td>Relaci\u00f3n de aspecto<\/td>\n<\/tr>\n<tr>\n<td>16:9<\/td>\n<\/tr>\n<tr>\n<td>Pixel pitch<\/td>\n<\/tr>\n<tr>\n<td>0.2745 x 0.2745mm<\/td>\n<\/tr>\n<tr>\n<td>Brillo (min.) \/ (typ.)<\/td>\n<\/tr>\n<tr>\n<td>240cd\/ and #13217; \/ 300cd\/m\u00b2<\/td>\n<\/tr>\n<tr>\n<td>Gama de colores (typ.)<\/td>\n<\/tr>\n<tr>\n<td>Srgb 99% (cie1931)<\/td>\n<\/tr>\n<tr>\n<td>Profundidad de color (n\u00famero de colores)<\/td>\n<\/tr>\n<tr>\n<td>16.7m<\/td>\n<\/tr>\n<tr>\n<td>Relaci\u00f3n de contraste (min.)<\/td>\n<\/tr>\n<tr>\n<td>700:1<\/td>\n<\/tr>\n<tr>\n<td>Relaci\u00f3n de contraste (typ.)<\/td>\n<\/tr>\n<tr>\n<td>1000:1<\/td>\n<\/tr>\n<tr>\n<td>Tiempo de respuesta (ms)<\/td>\n<\/tr>\n<tr>\n<td>1ms (gtg at faster)<\/td>\n<\/tr>\n<tr>\n<td>Angulo de visi\u00f3n (cr and #8805;10)<\/td>\n<\/tr>\n<tr>\n<td>178\u00ba(r\/l), 178\u00ba(u\/d)<\/td>\n<\/tr>\n<tr>\n<td>Tasa de actualizaci\u00f3n (max) hz<\/td>\n<\/tr>\n<tr>\n<td>180<\/td>\n<\/tr>\n<tr>\n<td>Caracter\u00edsticas<\/td>\n<\/tr>\n<tr>\n<td>Hdr 10<\/td>\n<\/tr>\n<tr>\n<td>Si<\/td>\n<\/tr>\n<tr>\n<td>Hdr effect<\/td>\n<\/tr>\n<tr>\n<td>Si<\/td>\n<\/tr>\n<tr>\n<td>Calibraci\u00f3n de color de f\u00e1brica<\/td>\n<\/tr>\n<tr>\n<td>Si<\/td>\n<\/tr>\n<tr>\n<td>Flicker safe<\/td>\n<\/tr>\n<tr>\n<td>Si<\/td>\n<\/tr>\n<tr>\n<td>Reader mode<\/td>\n<\/tr>\n<tr>\n<td>Si<\/td>\n<\/tr>\n<tr>\n<td>Nvidia g-sync\u0099<\/td>\n<\/tr>\n<tr>\n<td>G-sync compatible<\/td>\n<\/tr>\n<tr>\n<td>Amd freesync\u0099<\/td>\n<\/tr>\n<tr>\n<td>Freesync<\/td>\n<\/tr>\n<tr>\n<td>Black stabilizer<\/td>\n<\/tr>\n<tr>\n<td>Si<\/td>\n<\/tr>\n<tr>\n<td>Dynamic action sync<\/td>\n<\/tr>\n<tr>\n<td>Si<\/td>\n<\/tr>\n<tr>\n<td>Crosshair<\/td>\n<\/tr>\n<tr>\n<td>Si<\/td>\n<\/tr>\n<tr>\n<td>Fps counter<\/td>\n<\/tr>\n<tr>\n<td>Si<\/td>\n<\/tr>\n<tr>\n<td>User defined key<\/td>\n<\/tr>\n<tr>\n<td>Si<\/td>\n<\/tr>\n<tr>\n<td>Auto input switch<\/td>\n<\/tr>\n<tr>\n<td>Si<\/td>\n<\/tr>\n<tr>\n<td>Smart energy saving<\/td>\n<\/tr>\n<tr>\n<td>Si<\/td>\n<\/tr>\n<tr>\n<td>Mec\u00e1nico<\/td>\n<\/tr>\n<tr>\n<td>Ajustes de posici\u00f3n de pantalla<\/td>\n<\/tr>\n<tr>\n<td>Tilt<\/td>\n<\/tr>\n<tr>\n<td>Montable en pared<\/td>\n<\/tr>\n<tr>\n<td>100 x 100mm<\/td>\n<\/tr>\n<tr>\n<td>Dimensiones<\/td>\n<\/tr>\n<tr>\n<td>Dimensiones con stand<\/td>\n<\/tr>\n<tr>\n<td>540.8 x 408.9 x 180.5mm<\/td>\n<\/tr>\n<tr>\n<td>Dimensiones sin stand<\/td>\n<\/tr>\n<tr>\n<td>540.8 x 323.8 x 42.8mm<\/td>\n<\/tr>\n<tr>\n<td>Peso con stand<\/td>\n<\/tr>\n<tr>\n<td>4kg<\/td>\n<\/tr>\n<tr>\n<td>Peso sin stand<\/td>\n<\/tr>\n<tr>\n<td>3.5kg<\/td>\n<\/tr>\n<tr>\n<td>Software<\/td>\n<\/tr>\n<tr>\n<td>Onscreen control (lg screen manager)<\/td>\n<\/tr>\n<tr>\n<td>Si<\/td>\n<\/tr>\n<\/table>\n","protected":false},"excerpt":{"rendered":"<p>Monitor gaming ultragear\u0099 full hd ips de 24\u0094 | 180 hz, ips 1 ms (gtg), hdr10. 24gs60f-b. Caracter\u00edsticas clave. Pantalla full hd de 23,8 pulgadas (1920 x 1080. Ips 1 ms (gtg. Frecuencia de actualizaci\u00f3n de 180 hz. Hdr10\/srgb 99% (typ.. Dise\u00f1o de 3 lados pr\u00e1cticamente sin bordes. Compatible con nvidia\u00ae g-sync\u00ae \/ amd freesync?. Comienza con velocidad. Mantente al frente. Presentamos el monitor gaming que te permite estar al frente desde la l\u00ednea de salida con una frecuencia de actualizaci\u00f3n de 180 hz. Pantalla. 23,8 full hd (1920 x 1080. Hdr10 \/ srgb 99% (typ.. Velocidad. Frecuencia de actualizaci\u00f3n de 180 hz. Tiempo de respuesta ips de 1 ms (gtg. Tecnolog\u00eda. Compatible con nvidia\u00ae g-sync?. Amd freesync?. Hemos elevado el est\u00e1ndar de velocidad de ultragear de 144 hz a 180 hz. Puedes disfrutar de im\u00e1genes ultra claras y fluidas con una frecuencia de actualizaci\u00f3n de 180 hz, que carga im\u00e1genes 180 veces en un segundo. Experimenta im\u00e1genes vibrantes con un tiempo de respuesta r\u00e1pido de 1 ms, que reduce el efecto fantasma inverso y el retraso de entrada. Adem\u00e1s, el panel ips te permite disfrutar de estas impresionantes im\u00e1genes con claridad desde un amplio \u00e1ngulo de hasta 178\u00b0. Vive los colores reales. Este monitor admite una amplia gama de colores, srgb 99% (typ.) y hdr10, reproduciendo colores de alta fidelidad para que los jugadores vean los colores que los desarrolladores del juego crearon sin importar el campo de batalla. Tecnolog\u00eda para. Un juego impecable. Disfruta de gr\u00e1ficos perfectos con menos desfase, interrupciones o fluctuaciones causadas por diferencias en las especificaciones de hardware y software mediante la sincronizaci\u00f3n a trav\u00e9s de nvidia\u00ae g-sync\u00ae compatible, amd freesync\u0099. Dise\u00f1ado para gamers. Mejora tu experiencia de juego con un dise\u00f1o de 3 lados pr\u00e1cticamente sin bordes para una vista inmersiva y una base ajustable en inclinaci\u00f3n para ayudarlo a jugar m\u00e1s c\u00f3modamente. Dynamic action sync. Al reducir el retraso de entrada con dynamic action sync, los jugadores pueden captar momentos cr\u00edticos en tiempo real y responder r\u00e1pidamente. Black stabilizer. Black stabilizer ayuda a los jugadores a detectar francotiradores que acechan en los rincones m\u00e1s oscuros y navegar r\u00e1pidamente por explosiones repentinas. Crosshair. El punto objetivo est\u00e1 fijo en el centro para mejorar la precisi\u00f3n del disparo. Contador de fps. El contador de fps te permitir\u00e1 ver qu\u00e9 tan bien se carga todo. Ya sea que est\u00e9s editando, jugando o viendo una pel\u00edcula, cada fotograma importa y con el contador de fps tendr\u00e1s datos en tiempo real.<\/p>\n","protected":false},"featured_media":260003,"comment_status":"open","ping_status":"open","template":"","meta":[],"product_cat":[1740,1741],"product_tag":[1687],"acf":[],"yoast_head":"<!-- This site is optimized with the Yoast SEO plugin v21.7 - https:\/\/yoast.com\/wordpress\/plugins\/seo\/ -->\n<title>[ Lg ] &#129351; 24gs60f Monitor Pc -b Gaming Ultragear 24 Fhd,panel Ips,1920x1080,180hz,asp 16:9,tr 1ms(gtg),contr 1000:1,brillo 300cd\/m2,srgb99%,hdr10,displayport,hdmi,nvidia G-sync,amd Freesync,vesa 100x100.<\/title>\n<meta name=\"description\" content=\"Compra 24gs60f Monitor Pc -b Gaming Ultragear 24 Fhd,panel Ips,1920x1080,180hz,asp 16:9,tr 1ms(gtg),contr 1000:1,brillo 300cd\/m2,srgb99%,hdr10,displayport,hdmi,nvidia G-sync,amd Freesync,vesa 100x100. + Env\u00edo a domicilio + Pago seguro + Garant\u00eda\" \/>\n<meta name=\"robots\" content=\"index, follow, max-snippet:-1, max-image-preview:large, max-video-preview:-1\" \/>\n<link rel=\"canonical\" href=\"https:\/\/compuviper.mx\/tienda\/producto\/lg-24gs60f-monitor-pc-b-gaming-ultragear-24-fhdpanel-ips1920x1080180hzasp-169tr-1msgtgcontr-10001brillo-300cd-m2srgb99hdr10displayporthdminvidia-g-syncamd-freesyncvesa-100x100\/\" \/>\n<meta property=\"og:locale\" content=\"es_MX\" \/>\n<meta property=\"og:type\" content=\"article\" \/>\n<meta property=\"og:title\" content=\"[ Lg ] &#129351; 24gs60f Monitor Pc -b Gaming Ultragear 24 Fhd,panel Ips,1920x1080,180hz,asp 16:9,tr 1ms(gtg),contr 1000:1,brillo 300cd\/m2,srgb99%,hdr10,displayport,hdmi,nvidia G-sync,amd Freesync,vesa 100x100.\" \/>\n<meta property=\"og:description\" content=\"Compra 24gs60f Monitor Pc -b Gaming Ultragear 24 Fhd,panel Ips,1920x1080,180hz,asp 16:9,tr 1ms(gtg),contr 1000:1,brillo 300cd\/m2,srgb99%,hdr10,displayport,hdmi,nvidia G-sync,amd Freesync,vesa 100x100. + Env\u00edo a domicilio + Pago seguro + Garant\u00eda\" \/>\n<meta property=\"og:url\" content=\"https:\/\/compuviper.mx\/tienda\/producto\/lg-24gs60f-monitor-pc-b-gaming-ultragear-24-fhdpanel-ips1920x1080180hzasp-169tr-1msgtgcontr-10001brillo-300cd-m2srgb99hdr10displayporthdminvidia-g-syncamd-freesyncvesa-100x100\/\" \/>\n<meta property=\"og:site_name\" content=\"Compuviper\" \/>\n<meta property=\"article:publisher\" content=\"https:\/\/www.facebook.com\/compuviper\" \/>\n<meta property=\"og:image\" content=\"https:\/\/compuviper.mx\/tienda\/wp-content\/uploads\/2025\/10\/Monitor-pc-lg-24gs60f-b-gaming-ultragear-24-fhdpanel-ips1920x1080180hzasp-169tr-1msgtgcontr-10001brillo-300cdm2srgb99hdr10displayporthdminvidia-g-syncamd-freesyncvesa-100x100-1.jpg\" \/>\n\t<meta property=\"og:image:width\" content=\"200\" \/>\n\t<meta property=\"og:image:height\" content=\"200\" \/>\n\t<meta property=\"og:image:type\" content=\"image\/jpeg\" \/>\n<meta name=\"twitter:card\" content=\"summary_large_image\" \/>\n<meta name=\"twitter:label1\" content=\"Precio\" \/>\n\t<meta name=\"twitter:data1\" content=\"&#36;3,239 con IVA\" \/>\n\t<meta name=\"twitter:label2\" content=\"Availability\" \/>\n\t<meta name=\"twitter:data2\" content=\"Out of stock\" \/>\n<script type=\"application\/ld+json\" class=\"yoast-schema-graph\">{\"@context\":\"https:\/\/schema.org\",\"@graph\":[{\"@type\":\"WebPage\",\"@id\":\"https:\/\/compuviper.mx\/tienda\/producto\/lg-24gs60f-monitor-pc-b-gaming-ultragear-24-fhdpanel-ips1920x1080180hzasp-169tr-1msgtgcontr-10001brillo-300cd-m2srgb99hdr10displayporthdminvidia-g-syncamd-freesyncvesa-100x100\/\",\"url\":\"https:\/\/compuviper.mx\/tienda\/producto\/lg-24gs60f-monitor-pc-b-gaming-ultragear-24-fhdpanel-ips1920x1080180hzasp-169tr-1msgtgcontr-10001brillo-300cd-m2srgb99hdr10displayporthdminvidia-g-syncamd-freesyncvesa-100x100\/\",\"name\":\"[ Lg ] &#129351; 24gs60f Monitor Pc -b Gaming Ultragear 24 Fhd,panel Ips,1920x1080,180hz,asp 16:9,tr 1ms(gtg),contr 1000:1,brillo 300cd\/m2,srgb99%,hdr10,displayport,hdmi,nvidia G-sync,amd Freesync,vesa 100x100.\",\"isPartOf\":{\"@id\":\"https:\/\/compuviper.mx\/tienda\/#website\"},\"datePublished\":\"2026-04-07T06:49:50+00:00\",\"dateModified\":\"2026-04-07T06:49:50+00:00\",\"description\":\"Compra 24gs60f Monitor Pc -b Gaming Ultragear 24 Fhd,panel Ips,1920x1080,180hz,asp 16:9,tr 1ms(gtg),contr 1000:1,brillo 300cd\/m2,srgb99%,hdr10,displayport,hdmi,nvidia G-sync,amd Freesync,vesa 100x100. + Env\u00edo a domicilio + Pago seguro + Garant\u00eda\",\"breadcrumb\":{\"@id\":\"https:\/\/compuviper.mx\/tienda\/producto\/lg-24gs60f-monitor-pc-b-gaming-ultragear-24-fhdpanel-ips1920x1080180hzasp-169tr-1msgtgcontr-10001brillo-300cd-m2srgb99hdr10displayporthdminvidia-g-syncamd-freesyncvesa-100x100\/#breadcrumb\"},\"inLanguage\":\"es-MX\",\"potentialAction\":[{\"@type\":\"ReadAction\",\"target\":[\"https:\/\/compuviper.mx\/tienda\/producto\/lg-24gs60f-monitor-pc-b-gaming-ultragear-24-fhdpanel-ips1920x1080180hzasp-169tr-1msgtgcontr-10001brillo-300cd-m2srgb99hdr10displayporthdminvidia-g-syncamd-freesyncvesa-100x100\/\"]}]},{\"@type\":\"BreadcrumbList\",\"@id\":\"https:\/\/compuviper.mx\/tienda\/producto\/lg-24gs60f-monitor-pc-b-gaming-ultragear-24-fhdpanel-ips1920x1080180hzasp-169tr-1msgtgcontr-10001brillo-300cd-m2srgb99hdr10displayporthdminvidia-g-syncamd-freesyncvesa-100x100\/#breadcrumb\",\"itemListElement\":[{\"@type\":\"ListItem\",\"position\":1,\"name\":\"Inicio\",\"item\":\"https:\/\/compuviper.mx\/tienda\/\"},{\"@type\":\"ListItem\",\"position\":2,\"name\":\"Productos\",\"item\":\"https:\/\/compuviper.mx\/tienda\/productos\/\"},{\"@type\":\"ListItem\",\"position\":3,\"name\":\"Monitores\",\"item\":\"https:\/\/compuviper.mx\/tienda\/categoria-producto\/monitores\/\"},{\"@type\":\"ListItem\",\"position\":4,\"name\":\"Led\",\"item\":\"https:\/\/compuviper.mx\/tienda\/categoria-producto\/monitores\/led\/\"},{\"@type\":\"ListItem\",\"position\":5,\"name\":\"Lg 24gs60f Monitor Pc -b Gaming Ultragear 24 Fhd,panel Ips,1920&#215;1080,180hz,asp 16:9,tr 1ms(gtg),contr 1000:1,brillo 300cd\/m2,srgb99%,hdr10,displayport,hdmi,nvidia G-sync,amd Freesync,vesa 100&#215;100.\"}]},{\"@type\":\"WebSite\",\"@id\":\"https:\/\/compuviper.mx\/tienda\/#website\",\"url\":\"https:\/\/compuviper.mx\/tienda\/\",\"name\":\"Compuviper\",\"description\":\"Proveedor de Computadoras, Laptops, Servidores, Monitores, Puntos de Venta, Teclados,   Impresoras, T\u00f3ner, C\u00e1maras de Seguridad y m\u00e1s en tu tienda en l\u00ednea\",\"publisher\":{\"@id\":\"https:\/\/compuviper.mx\/tienda\/#organization\"},\"potentialAction\":[{\"@type\":\"SearchAction\",\"target\":{\"@type\":\"EntryPoint\",\"urlTemplate\":\"https:\/\/compuviper.mx\/tienda\/?s={search_term_string}\"},\"query-input\":\"required name=search_term_string\"}],\"inLanguage\":\"es-MX\"},{\"@type\":\"Organization\",\"@id\":\"https:\/\/compuviper.mx\/tienda\/#organization\",\"name\":\"Compuviper\",\"url\":\"https:\/\/compuviper.mx\/tienda\/\",\"logo\":{\"@type\":\"ImageObject\",\"inLanguage\":\"es-MX\",\"@id\":\"https:\/\/compuviper.mx\/tienda\/#\/schema\/logo\/image\/\",\"url\":\"https:\/\/compuviper.mx\/tienda\/wp-content\/uploads\/2021\/08\/Logo-Compuviper-10.png\",\"contentUrl\":\"https:\/\/compuviper.mx\/tienda\/wp-content\/uploads\/2021\/08\/Logo-Compuviper-10.png\",\"width\":1000,\"height\":500,\"caption\":\"Compuviper\"},\"image\":{\"@id\":\"https:\/\/compuviper.mx\/tienda\/#\/schema\/logo\/image\/\"},\"sameAs\":[\"https:\/\/www.facebook.com\/compuviper\",\"https:\/\/www.youtube.com\/channel\/UCf73dERp9Y3cfOq7q8BhLjA?view_as=subscriber\"]}]}<\/script>\n<meta property=\"product:brand\" content=\"LG\" \/>\n<meta property=\"product:price:amount\" content=\"3239\" \/>\n<meta property=\"product:price:currency\" content=\"MXN\" \/>\n<meta property=\"og:availability\" content=\"out of stock\" \/>\n<meta property=\"product:availability\" content=\"out of stock\" \/>\n<meta property=\"product:retailer_item_id\" content=\"24GS60F\" \/>\n<meta property=\"product:condition\" content=\"new\" \/>\n<!-- \/ Yoast SEO plugin. -->","yoast_head_json":{"title":"[ Lg ] &#129351; 24gs60f Monitor Pc -b Gaming Ultragear 24 Fhd,panel Ips,1920x1080,180hz,asp 16:9,tr 1ms(gtg),contr 1000:1,brillo 300cd\/m2,srgb99%,hdr10,displayport,hdmi,nvidia G-sync,amd Freesync,vesa 100x100.","description":"Compra 24gs60f Monitor Pc -b Gaming Ultragear 24 Fhd,panel Ips,1920x1080,180hz,asp 16:9,tr 1ms(gtg),contr 1000:1,brillo 300cd\/m2,srgb99%,hdr10,displayport,hdmi,nvidia G-sync,amd Freesync,vesa 100x100. + Env\u00edo a domicilio + Pago seguro + Garant\u00eda","robots":{"index":"index","follow":"follow","max-snippet":"max-snippet:-1","max-image-preview":"max-image-preview:large","max-video-preview":"max-video-preview:-1"},"canonical":"https:\/\/compuviper.mx\/tienda\/producto\/lg-24gs60f-monitor-pc-b-gaming-ultragear-24-fhdpanel-ips1920x1080180hzasp-169tr-1msgtgcontr-10001brillo-300cd-m2srgb99hdr10displayporthdminvidia-g-syncamd-freesyncvesa-100x100\/","og_locale":"es_MX","og_type":"article","og_title":"[ Lg ] &#129351; 24gs60f Monitor Pc -b Gaming Ultragear 24 Fhd,panel Ips,1920x1080,180hz,asp 16:9,tr 1ms(gtg),contr 1000:1,brillo 300cd\/m2,srgb99%,hdr10,displayport,hdmi,nvidia G-sync,amd Freesync,vesa 100x100.","og_description":"Compra 24gs60f Monitor Pc -b Gaming Ultragear 24 Fhd,panel Ips,1920x1080,180hz,asp 16:9,tr 1ms(gtg),contr 1000:1,brillo 300cd\/m2,srgb99%,hdr10,displayport,hdmi,nvidia G-sync,amd Freesync,vesa 100x100. + Env\u00edo a domicilio + Pago seguro + Garant\u00eda","og_url":"https:\/\/compuviper.mx\/tienda\/producto\/lg-24gs60f-monitor-pc-b-gaming-ultragear-24-fhdpanel-ips1920x1080180hzasp-169tr-1msgtgcontr-10001brillo-300cd-m2srgb99hdr10displayporthdminvidia-g-syncamd-freesyncvesa-100x100\/","og_site_name":"Compuviper","article_publisher":"https:\/\/www.facebook.com\/compuviper","og_image":[{"width":200,"height":200,"url":"https:\/\/compuviper.mx\/tienda\/wp-content\/uploads\/2025\/10\/Monitor-pc-lg-24gs60f-b-gaming-ultragear-24-fhdpanel-ips1920x1080180hzasp-169tr-1msgtgcontr-10001brillo-300cdm2srgb99hdr10displayporthdminvidia-g-syncamd-freesyncvesa-100x100-1.jpg","type":"image\/jpeg"}],"twitter_card":"summary_large_image","twitter_misc":{"Precio":"&#36;3,239 con IVA","Availability":"Out of stock"},"schema":{"@context":"https:\/\/schema.org","@graph":[{"@type":"WebPage","@id":"https:\/\/compuviper.mx\/tienda\/producto\/lg-24gs60f-monitor-pc-b-gaming-ultragear-24-fhdpanel-ips1920x1080180hzasp-169tr-1msgtgcontr-10001brillo-300cd-m2srgb99hdr10displayporthdminvidia-g-syncamd-freesyncvesa-100x100\/","url":"https:\/\/compuviper.mx\/tienda\/producto\/lg-24gs60f-monitor-pc-b-gaming-ultragear-24-fhdpanel-ips1920x1080180hzasp-169tr-1msgtgcontr-10001brillo-300cd-m2srgb99hdr10displayporthdminvidia-g-syncamd-freesyncvesa-100x100\/","name":"[ Lg ] &#129351; 24gs60f Monitor Pc -b Gaming Ultragear 24 Fhd,panel Ips,1920x1080,180hz,asp 16:9,tr 1ms(gtg),contr 1000:1,brillo 300cd\/m2,srgb99%,hdr10,displayport,hdmi,nvidia G-sync,amd Freesync,vesa 100x100.","isPartOf":{"@id":"https:\/\/compuviper.mx\/tienda\/#website"},"datePublished":"2026-04-07T06:49:50+00:00","dateModified":"2026-04-07T06:49:50+00:00","description":"Compra 24gs60f Monitor Pc -b Gaming Ultragear 24 Fhd,panel Ips,1920x1080,180hz,asp 16:9,tr 1ms(gtg),contr 1000:1,brillo 300cd\/m2,srgb99%,hdr10,displayport,hdmi,nvidia G-sync,amd Freesync,vesa 100x100. + Env\u00edo a domicilio + Pago seguro + Garant\u00eda","breadcrumb":{"@id":"https:\/\/compuviper.mx\/tienda\/producto\/lg-24gs60f-monitor-pc-b-gaming-ultragear-24-fhdpanel-ips1920x1080180hzasp-169tr-1msgtgcontr-10001brillo-300cd-m2srgb99hdr10displayporthdminvidia-g-syncamd-freesyncvesa-100x100\/#breadcrumb"},"inLanguage":"es-MX","potentialAction":[{"@type":"ReadAction","target":["https:\/\/compuviper.mx\/tienda\/producto\/lg-24gs60f-monitor-pc-b-gaming-ultragear-24-fhdpanel-ips1920x1080180hzasp-169tr-1msgtgcontr-10001brillo-300cd-m2srgb99hdr10displayporthdminvidia-g-syncamd-freesyncvesa-100x100\/"]}]},{"@type":"BreadcrumbList","@id":"https:\/\/compuviper.mx\/tienda\/producto\/lg-24gs60f-monitor-pc-b-gaming-ultragear-24-fhdpanel-ips1920x1080180hzasp-169tr-1msgtgcontr-10001brillo-300cd-m2srgb99hdr10displayporthdminvidia-g-syncamd-freesyncvesa-100x100\/#breadcrumb","itemListElement":[{"@type":"ListItem","position":1,"name":"Inicio","item":"https:\/\/compuviper.mx\/tienda\/"},{"@type":"ListItem","position":2,"name":"Productos","item":"https:\/\/compuviper.mx\/tienda\/productos\/"},{"@type":"ListItem","position":3,"name":"Monitores","item":"https:\/\/compuviper.mx\/tienda\/categoria-producto\/monitores\/"},{"@type":"ListItem","position":4,"name":"Led","item":"https:\/\/compuviper.mx\/tienda\/categoria-producto\/monitores\/led\/"},{"@type":"ListItem","position":5,"name":"Lg 24gs60f Monitor Pc -b Gaming Ultragear 24 Fhd,panel Ips,1920&#215;1080,180hz,asp 16:9,tr 1ms(gtg),contr 1000:1,brillo 300cd\/m2,srgb99%,hdr10,displayport,hdmi,nvidia G-sync,amd Freesync,vesa 100&#215;100."}]},{"@type":"WebSite","@id":"https:\/\/compuviper.mx\/tienda\/#website","url":"https:\/\/compuviper.mx\/tienda\/","name":"Compuviper","description":"Proveedor de Computadoras, Laptops, Servidores, Monitores, Puntos de Venta, Teclados,   Impresoras, T\u00f3ner, C\u00e1maras de Seguridad y m\u00e1s en tu tienda en l\u00ednea","publisher":{"@id":"https:\/\/compuviper.mx\/tienda\/#organization"},"potentialAction":[{"@type":"SearchAction","target":{"@type":"EntryPoint","urlTemplate":"https:\/\/compuviper.mx\/tienda\/?s={search_term_string}"},"query-input":"required name=search_term_string"}],"inLanguage":"es-MX"},{"@type":"Organization","@id":"https:\/\/compuviper.mx\/tienda\/#organization","name":"Compuviper","url":"https:\/\/compuviper.mx\/tienda\/","logo":{"@type":"ImageObject","inLanguage":"es-MX","@id":"https:\/\/compuviper.mx\/tienda\/#\/schema\/logo\/image\/","url":"https:\/\/compuviper.mx\/tienda\/wp-content\/uploads\/2021\/08\/Logo-Compuviper-10.png","contentUrl":"https:\/\/compuviper.mx\/tienda\/wp-content\/uploads\/2021\/08\/Logo-Compuviper-10.png","width":1000,"height":500,"caption":"Compuviper"},"image":{"@id":"https:\/\/compuviper.mx\/tienda\/#\/schema\/logo\/image\/"},"sameAs":["https:\/\/www.facebook.com\/compuviper","https:\/\/www.youtube.com\/channel\/UCf73dERp9Y3cfOq7q8BhLjA?view_as=subscriber"]}]},"product_brand":"LG","product_price_amount":"3239","product_price_currency":"MXN","og_availability":"out of stock","product_availability":"out of stock","product_retailer_item_id":"24GS60F","product_condition":"new"},"_links":{"self":[{"href":"https:\/\/compuviper.mx\/tienda\/wp-json\/wp\/v2\/product\/256753"}],"collection":[{"href":"https:\/\/compuviper.mx\/tienda\/wp-json\/wp\/v2\/product"}],"about":[{"href":"https:\/\/compuviper.mx\/tienda\/wp-json\/wp\/v2\/types\/product"}],"replies":[{"embeddable":true,"href":"https:\/\/compuviper.mx\/tienda\/wp-json\/wp\/v2\/comments?post=256753"}],"wp:featuredmedia":[{"embeddable":true,"href":"https:\/\/compuviper.mx\/tienda\/wp-json\/wp\/v2\/media\/260003"}],"wp:attachment":[{"href":"https:\/\/compuviper.mx\/tienda\/wp-json\/wp\/v2\/media?parent=256753"}],"wp:term":[{"taxonomy":"product_cat","embeddable":true,"href":"https:\/\/compuviper.mx\/tienda\/wp-json\/wp\/v2\/product_cat?post=256753"},{"taxonomy":"product_tag","embeddable":true,"href":"https:\/\/compuviper.mx\/tienda\/wp-json\/wp\/v2\/product_tag?post=256753"}],"curies":[{"name":"wp","href":"https:\/\/api.w.org\/{rel}","templated":true}]}}