{"id":256698,"date":"2026-04-15T23:51:15","date_gmt":"2026-04-16T05:51:15","guid":{"rendered":"https:\/\/compuviper.mx\/tienda\/producto\/msi-mpg-ez120-argb-white-3w-ventilador-mpg-ez120-argb-120mm-blanco-gamer-kit-3-rgb\/"},"modified":"2026-04-16T00:00:47","modified_gmt":"2026-04-16T06:00:47","slug":"msi-oem-mpg-ez120-argb-white-3w-ventilador-msi-mpg-ez120-argb-120mm-blanco-gamer-kit-3-rgb","status":"publish","type":"product","link":"https:\/\/compuviper.mx\/tienda\/producto\/msi-oem-mpg-ez120-argb-white-3w-ventilador-msi-mpg-ez120-argb-120mm-blanco-gamer-kit-3-rgb\/","title":{"rendered":"Msi Oem Mpg Ez120 Argb White-3w Ventilador Msi  Mpg Ez120 Argb \/120mm\/blanco\/gamer\/kit 3\/rgb"},"content":{"rendered":"<table class=\"descripcion\">\n<tr>\n<td>Nombre del producto: mpg ez120 argb \/ blanco<\/td>\n<\/tr>\n<tr>\n<td>Color: blanco<\/td>\n<\/tr>\n<tr>\n<td>Peso:203g\/1 ventilador<\/td>\n<\/tr>\n<tr>\n<td>Contenido del paquete:3 ventiladores\/paquete:<\/td>\n<\/tr>\n<tr>\n<td>3 ventiladores mpg ez120 argb<\/td>\n<\/tr>\n<tr>\n<td>3 bloques decorativos<\/td>\n<\/tr>\n<tr>\n<td>4 bloques de conectores magn\u00e9ticos<\/td>\n<\/tr>\n<tr>\n<td>1 concentrador de control de ventilador argb<\/td>\n<\/tr>\n<tr>\n<td>1 placa magn\u00e9tica autoadhesiva<\/td>\n<\/tr>\n<tr>\n<td>1 cable microusb-jusb<\/td>\n<\/tr>\n<tr>\n<td>1 cable hub-jaf1<\/td>\n<\/tr>\n<tr>\n<td>1 cable y hub-fan-argb<\/td>\n<\/tr>\n<tr>\n<td>4 cables fan-hub<\/td>\n<\/tr>\n<tr>\n<td>1 cable daisy chain<\/td>\n<\/tr>\n<tr>\n<td>12 tornillos (m5 10 mm) 12<\/td>\n<\/tr>\n<tr>\n<td>Tornillos (#6-32 33 mm)<\/td>\n<\/tr>\n<tr>\n<td>1 ventilador\/paquete:<\/td>\n<\/tr>\n<tr>\n<td>1 ventilador mpg ez120 argb<\/td>\n<\/tr>\n<tr>\n<td>3 bloques decorativos<\/td>\n<\/tr>\n<tr>\n<td>1 cable fan-jaf1<\/td>\n<\/tr>\n<tr>\n<td>1 cable fan-argb<\/td>\n<\/tr>\n<tr>\n<td>4 tornillos (m5 10 mm)<\/td>\n<\/tr>\n<tr>\n<td>4 tornillos (#6-32 33 mm)<\/td>\n<\/tr>\n<tr>\n<td>Tipo de rodamiento: cojinete fluidodin\u00e1mico<\/td>\n<\/tr>\n<tr>\n<td>Conector de ventilador:jaf de 7 pines \/ pwm de 4 pines y argb de 3 pines<\/td>\n<\/tr>\n<tr>\n<td>Dimensiones (lxanxal):120 x 120 x 28 mm \/ 4,7 x 4,7 x 1,1 pulgadas<\/td>\n<\/tr>\n<\/table>\n","protected":false},"excerpt":{"rendered":"<p>El mpg ez120 argb es un nuevo producto con una experiencia de montaje optimizada que reduce el esfuerzo y la complejidad de la gesti\u00f3n de cables para el montaje de pc. Tan sencillo como conectar los ventiladores entre s\u00ed mediante bloques magn\u00e9ticos. Tambi\u00e9n puedes configurar la iluminaci\u00f3n rgb sincroniz\u00e1ndola con la placa madre o personalizar el color y los efectos en msi center. Muestra tu ambiente personalizado en un abrir y cerrar de ojos. Bloques de conexi\u00f3n magn\u00e9tica. Los bloques de conexi\u00f3n sustituyen a los cables generales del ventilador y argb, lo que hace que la conexi\u00f3n sea m\u00e1s accesible y sin cables. Hay dos conexiones de bloque, una para suministrar la potencia del ventilador y el control de velocidad y la otra para la se\u00f1al argb y la sincronizaci\u00f3n. Los bloques no s\u00f3lo suministran alimentaci\u00f3n y se\u00f1al, sino que tambi\u00e9n refuerzan la conexi\u00f3n entre los ventiladores. El im\u00e1n integrado en el marco del ventilador ayuda a que los ventiladores se conecten bien. Cada bloque del mpg ez120 argb tambi\u00e9n tiene un im\u00e1n incrustado que se conecta bien al ventilador, suministrando energ\u00eda y se\u00f1ales.Sin cables. Independientemente de que el chasis admita 2 ventiladores de sistema de 120 mm o 3 de 120 mm en el mismo lado, s\u00f3lo hay un cable de conexi\u00f3n a la placa madre o al hub de ventiladores*. Conexi\u00f3n en cadena. El cable en cadena conecta ventiladores de distintos lados del gabinete. Ayuda a enrutar el cable del ventilador de e\/s trasero en caso de que no haya un cabezal de ventilador adecuado en la placa madre.. *el cable en cadena s\u00f3lo est\u00e1 disponible en paquetes de 3 ventiladores.Dise\u00f1o vers\u00e1til en las aspas de ventilaci\u00f3n. Mientras que la refrigeraci\u00f3n l\u00edquida requiere una alta presi\u00f3n de aire, el flujo de aire es m\u00e1s importante para la disipaci\u00f3n del calor del gabinete, el mpg ez120 argb es adecuado para ambos usos. Con el dise\u00f1o de 9 aspas, tiene una presi\u00f3n de aire m\u00e1xima de 2.56 mmh2o y un flujo de aire m\u00e1ximo de 73.82 cfm, siempre mantendr\u00e1 frio tu equipo.<\/p>\n","protected":false},"featured_media":259083,"comment_status":"open","ping_status":"open","template":"","meta":[],"product_cat":[1612,1616],"product_tag":[2322],"acf":[],"yoast_head":"<!-- This site is optimized with the Yoast SEO plugin v21.7 - https:\/\/yoast.com\/wordpress\/plugins\/seo\/ -->\n<title>[ Msi Oem ] &#129351; Mpg Ez120 Argb White-3w Ventilador Msi Mpg Ez120 Argb \/120mm\/blanco\/gamer\/kit 3\/rgb<\/title>\n<meta name=\"description\" content=\"Compra Mpg Ez120 Argb White-3w Ventilador Msi Mpg Ez120 Argb \/120mm\/blanco\/gamer\/kit 3\/rgb + Env\u00edo a domicilio + Pago seguro + Garant\u00eda\" \/>\n<meta name=\"robots\" content=\"index, follow, max-snippet:-1, max-image-preview:large, max-video-preview:-1\" \/>\n<link rel=\"canonical\" href=\"https:\/\/compuviper.mx\/tienda\/producto\/msi-oem-mpg-ez120-argb-white-3w-ventilador-msi-mpg-ez120-argb-120mm-blanco-gamer-kit-3-rgb\/\" \/>\n<meta property=\"og:locale\" content=\"es_MX\" \/>\n<meta property=\"og:type\" content=\"article\" \/>\n<meta property=\"og:title\" content=\"[ Msi Oem ] &#129351; Mpg Ez120 Argb White-3w Ventilador Msi Mpg Ez120 Argb \/120mm\/blanco\/gamer\/kit 3\/rgb\" \/>\n<meta property=\"og:description\" content=\"Compra Mpg Ez120 Argb White-3w Ventilador Msi Mpg Ez120 Argb \/120mm\/blanco\/gamer\/kit 3\/rgb + Env\u00edo a domicilio + Pago seguro + Garant\u00eda\" \/>\n<meta property=\"og:url\" content=\"https:\/\/compuviper.mx\/tienda\/producto\/msi-oem-mpg-ez120-argb-white-3w-ventilador-msi-mpg-ez120-argb-120mm-blanco-gamer-kit-3-rgb\/\" \/>\n<meta property=\"og:site_name\" content=\"Compuviper\" \/>\n<meta property=\"article:publisher\" content=\"https:\/\/www.facebook.com\/compuviper\" \/>\n<meta property=\"article:modified_time\" content=\"2026-04-16T06:00:47+00:00\" \/>\n<meta property=\"og:image\" content=\"https:\/\/compuviper.mx\/tienda\/wp-content\/uploads\/2025\/10\/Ventilador-msi-mpg-ez120-argb-120mmblancogamerkit-3rgb.jpg\" \/>\n\t<meta property=\"og:image:width\" content=\"200\" \/>\n\t<meta property=\"og:image:height\" content=\"200\" \/>\n\t<meta property=\"og:image:type\" content=\"image\/jpeg\" \/>\n<meta name=\"twitter:card\" content=\"summary_large_image\" \/>\n<meta name=\"twitter:label1\" content=\"Precio\" \/>\n\t<meta name=\"twitter:data1\" content=\"&#36;1,005 con IVA\" \/>\n\t<meta name=\"twitter:label2\" content=\"Availability\" \/>\n\t<meta name=\"twitter:data2\" content=\"In stock\" \/>\n<script type=\"application\/ld+json\" class=\"yoast-schema-graph\">{\"@context\":\"https:\/\/schema.org\",\"@graph\":[{\"@type\":\"WebPage\",\"@id\":\"https:\/\/compuviper.mx\/tienda\/producto\/msi-oem-mpg-ez120-argb-white-3w-ventilador-msi-mpg-ez120-argb-120mm-blanco-gamer-kit-3-rgb\/\",\"url\":\"https:\/\/compuviper.mx\/tienda\/producto\/msi-oem-mpg-ez120-argb-white-3w-ventilador-msi-mpg-ez120-argb-120mm-blanco-gamer-kit-3-rgb\/\",\"name\":\"[ Msi Oem ] &#129351; Mpg Ez120 Argb White-3w Ventilador Msi Mpg Ez120 Argb \/120mm\/blanco\/gamer\/kit 3\/rgb\",\"isPartOf\":{\"@id\":\"https:\/\/compuviper.mx\/tienda\/#website\"},\"datePublished\":\"2026-04-16T05:51:15+00:00\",\"dateModified\":\"2026-04-16T06:00:47+00:00\",\"description\":\"Compra Mpg Ez120 Argb White-3w Ventilador Msi Mpg Ez120 Argb \/120mm\/blanco\/gamer\/kit 3\/rgb + Env\u00edo a domicilio + Pago seguro + Garant\u00eda\",\"breadcrumb\":{\"@id\":\"https:\/\/compuviper.mx\/tienda\/producto\/msi-oem-mpg-ez120-argb-white-3w-ventilador-msi-mpg-ez120-argb-120mm-blanco-gamer-kit-3-rgb\/#breadcrumb\"},\"inLanguage\":\"es-MX\",\"potentialAction\":[{\"@type\":\"ReadAction\",\"target\":[\"https:\/\/compuviper.mx\/tienda\/producto\/msi-oem-mpg-ez120-argb-white-3w-ventilador-msi-mpg-ez120-argb-120mm-blanco-gamer-kit-3-rgb\/\"]}]},{\"@type\":\"BreadcrumbList\",\"@id\":\"https:\/\/compuviper.mx\/tienda\/producto\/msi-oem-mpg-ez120-argb-white-3w-ventilador-msi-mpg-ez120-argb-120mm-blanco-gamer-kit-3-rgb\/#breadcrumb\",\"itemListElement\":[{\"@type\":\"ListItem\",\"position\":1,\"name\":\"Inicio\",\"item\":\"https:\/\/compuviper.mx\/tienda\/\"},{\"@type\":\"ListItem\",\"position\":2,\"name\":\"Productos\",\"item\":\"https:\/\/compuviper.mx\/tienda\/productos\/\"},{\"@type\":\"ListItem\",\"position\":3,\"name\":\"Ventiladores\",\"item\":\"https:\/\/compuviper.mx\/tienda\/categoria-producto\/ventiladores\/\"},{\"@type\":\"ListItem\",\"position\":4,\"name\":\"Para Gabinete\",\"item\":\"https:\/\/compuviper.mx\/tienda\/categoria-producto\/ventiladores\/para-gabinete\/\"},{\"@type\":\"ListItem\",\"position\":5,\"name\":\"Msi Oem Mpg Ez120 Argb White-3w Ventilador Msi Mpg Ez120 Argb \/120mm\/blanco\/gamer\/kit 3\/rgb\"}]},{\"@type\":\"WebSite\",\"@id\":\"https:\/\/compuviper.mx\/tienda\/#website\",\"url\":\"https:\/\/compuviper.mx\/tienda\/\",\"name\":\"Compuviper\",\"description\":\"Proveedor de Computadoras, Laptops, Servidores, Monitores, Puntos de Venta, Teclados,   Impresoras, T\u00f3ner, C\u00e1maras de Seguridad y m\u00e1s en tu tienda en l\u00ednea\",\"publisher\":{\"@id\":\"https:\/\/compuviper.mx\/tienda\/#organization\"},\"potentialAction\":[{\"@type\":\"SearchAction\",\"target\":{\"@type\":\"EntryPoint\",\"urlTemplate\":\"https:\/\/compuviper.mx\/tienda\/?s={search_term_string}\"},\"query-input\":\"required name=search_term_string\"}],\"inLanguage\":\"es-MX\"},{\"@type\":\"Organization\",\"@id\":\"https:\/\/compuviper.mx\/tienda\/#organization\",\"name\":\"Compuviper\",\"url\":\"https:\/\/compuviper.mx\/tienda\/\",\"logo\":{\"@type\":\"ImageObject\",\"inLanguage\":\"es-MX\",\"@id\":\"https:\/\/compuviper.mx\/tienda\/#\/schema\/logo\/image\/\",\"url\":\"https:\/\/compuviper.mx\/tienda\/wp-content\/uploads\/2021\/08\/Logo-Compuviper-10.png\",\"contentUrl\":\"https:\/\/compuviper.mx\/tienda\/wp-content\/uploads\/2021\/08\/Logo-Compuviper-10.png\",\"width\":1000,\"height\":500,\"caption\":\"Compuviper\"},\"image\":{\"@id\":\"https:\/\/compuviper.mx\/tienda\/#\/schema\/logo\/image\/\"},\"sameAs\":[\"https:\/\/www.facebook.com\/compuviper\",\"https:\/\/www.youtube.com\/channel\/UCf73dERp9Y3cfOq7q8BhLjA?view_as=subscriber\"]}]}<\/script>\n<meta property=\"product:brand\" content=\"Msi Oem\" \/>\n<meta property=\"product:price:amount\" content=\"1005\" \/>\n<meta property=\"product:price:currency\" content=\"MXN\" \/>\n<meta property=\"og:availability\" content=\"instock\" \/>\n<meta property=\"product:availability\" content=\"instock\" \/>\n<meta property=\"product:retailer_item_id\" content=\"MPG EZ120 ARGB WHITE-3W\" \/>\n<meta property=\"product:condition\" content=\"new\" \/>\n<!-- \/ Yoast SEO plugin. -->","yoast_head_json":{"title":"[ Msi Oem ] &#129351; Mpg Ez120 Argb White-3w Ventilador Msi Mpg Ez120 Argb \/120mm\/blanco\/gamer\/kit 3\/rgb","description":"Compra Mpg Ez120 Argb White-3w Ventilador Msi Mpg Ez120 Argb \/120mm\/blanco\/gamer\/kit 3\/rgb + Env\u00edo a domicilio + Pago seguro + Garant\u00eda","robots":{"index":"index","follow":"follow","max-snippet":"max-snippet:-1","max-image-preview":"max-image-preview:large","max-video-preview":"max-video-preview:-1"},"canonical":"https:\/\/compuviper.mx\/tienda\/producto\/msi-oem-mpg-ez120-argb-white-3w-ventilador-msi-mpg-ez120-argb-120mm-blanco-gamer-kit-3-rgb\/","og_locale":"es_MX","og_type":"article","og_title":"[ Msi Oem ] &#129351; Mpg Ez120 Argb White-3w Ventilador Msi Mpg Ez120 Argb \/120mm\/blanco\/gamer\/kit 3\/rgb","og_description":"Compra Mpg Ez120 Argb White-3w Ventilador Msi Mpg Ez120 Argb \/120mm\/blanco\/gamer\/kit 3\/rgb + Env\u00edo a domicilio + Pago seguro + Garant\u00eda","og_url":"https:\/\/compuviper.mx\/tienda\/producto\/msi-oem-mpg-ez120-argb-white-3w-ventilador-msi-mpg-ez120-argb-120mm-blanco-gamer-kit-3-rgb\/","og_site_name":"Compuviper","article_publisher":"https:\/\/www.facebook.com\/compuviper","article_modified_time":"2026-04-16T06:00:47+00:00","og_image":[{"width":200,"height":200,"url":"https:\/\/compuviper.mx\/tienda\/wp-content\/uploads\/2025\/10\/Ventilador-msi-mpg-ez120-argb-120mmblancogamerkit-3rgb.jpg","type":"image\/jpeg"}],"twitter_card":"summary_large_image","twitter_misc":{"Precio":"&#36;1,005 con IVA","Availability":"In stock"},"schema":{"@context":"https:\/\/schema.org","@graph":[{"@type":"WebPage","@id":"https:\/\/compuviper.mx\/tienda\/producto\/msi-oem-mpg-ez120-argb-white-3w-ventilador-msi-mpg-ez120-argb-120mm-blanco-gamer-kit-3-rgb\/","url":"https:\/\/compuviper.mx\/tienda\/producto\/msi-oem-mpg-ez120-argb-white-3w-ventilador-msi-mpg-ez120-argb-120mm-blanco-gamer-kit-3-rgb\/","name":"[ Msi Oem ] &#129351; Mpg Ez120 Argb White-3w Ventilador Msi Mpg Ez120 Argb \/120mm\/blanco\/gamer\/kit 3\/rgb","isPartOf":{"@id":"https:\/\/compuviper.mx\/tienda\/#website"},"datePublished":"2026-04-16T05:51:15+00:00","dateModified":"2026-04-16T06:00:47+00:00","description":"Compra Mpg Ez120 Argb White-3w Ventilador Msi Mpg Ez120 Argb \/120mm\/blanco\/gamer\/kit 3\/rgb + Env\u00edo a domicilio + Pago seguro + Garant\u00eda","breadcrumb":{"@id":"https:\/\/compuviper.mx\/tienda\/producto\/msi-oem-mpg-ez120-argb-white-3w-ventilador-msi-mpg-ez120-argb-120mm-blanco-gamer-kit-3-rgb\/#breadcrumb"},"inLanguage":"es-MX","potentialAction":[{"@type":"ReadAction","target":["https:\/\/compuviper.mx\/tienda\/producto\/msi-oem-mpg-ez120-argb-white-3w-ventilador-msi-mpg-ez120-argb-120mm-blanco-gamer-kit-3-rgb\/"]}]},{"@type":"BreadcrumbList","@id":"https:\/\/compuviper.mx\/tienda\/producto\/msi-oem-mpg-ez120-argb-white-3w-ventilador-msi-mpg-ez120-argb-120mm-blanco-gamer-kit-3-rgb\/#breadcrumb","itemListElement":[{"@type":"ListItem","position":1,"name":"Inicio","item":"https:\/\/compuviper.mx\/tienda\/"},{"@type":"ListItem","position":2,"name":"Productos","item":"https:\/\/compuviper.mx\/tienda\/productos\/"},{"@type":"ListItem","position":3,"name":"Ventiladores","item":"https:\/\/compuviper.mx\/tienda\/categoria-producto\/ventiladores\/"},{"@type":"ListItem","position":4,"name":"Para Gabinete","item":"https:\/\/compuviper.mx\/tienda\/categoria-producto\/ventiladores\/para-gabinete\/"},{"@type":"ListItem","position":5,"name":"Msi Oem Mpg Ez120 Argb White-3w Ventilador Msi Mpg Ez120 Argb \/120mm\/blanco\/gamer\/kit 3\/rgb"}]},{"@type":"WebSite","@id":"https:\/\/compuviper.mx\/tienda\/#website","url":"https:\/\/compuviper.mx\/tienda\/","name":"Compuviper","description":"Proveedor de Computadoras, Laptops, Servidores, Monitores, Puntos de Venta, Teclados,   Impresoras, T\u00f3ner, C\u00e1maras de Seguridad y m\u00e1s en tu tienda en l\u00ednea","publisher":{"@id":"https:\/\/compuviper.mx\/tienda\/#organization"},"potentialAction":[{"@type":"SearchAction","target":{"@type":"EntryPoint","urlTemplate":"https:\/\/compuviper.mx\/tienda\/?s={search_term_string}"},"query-input":"required name=search_term_string"}],"inLanguage":"es-MX"},{"@type":"Organization","@id":"https:\/\/compuviper.mx\/tienda\/#organization","name":"Compuviper","url":"https:\/\/compuviper.mx\/tienda\/","logo":{"@type":"ImageObject","inLanguage":"es-MX","@id":"https:\/\/compuviper.mx\/tienda\/#\/schema\/logo\/image\/","url":"https:\/\/compuviper.mx\/tienda\/wp-content\/uploads\/2021\/08\/Logo-Compuviper-10.png","contentUrl":"https:\/\/compuviper.mx\/tienda\/wp-content\/uploads\/2021\/08\/Logo-Compuviper-10.png","width":1000,"height":500,"caption":"Compuviper"},"image":{"@id":"https:\/\/compuviper.mx\/tienda\/#\/schema\/logo\/image\/"},"sameAs":["https:\/\/www.facebook.com\/compuviper","https:\/\/www.youtube.com\/channel\/UCf73dERp9Y3cfOq7q8BhLjA?view_as=subscriber"]}]},"product_brand":"Msi Oem","product_price_amount":"1005","product_price_currency":"MXN","og_availability":"instock","product_availability":"instock","product_retailer_item_id":"MPG EZ120 ARGB WHITE-3W","product_condition":"new"},"_links":{"self":[{"href":"https:\/\/compuviper.mx\/tienda\/wp-json\/wp\/v2\/product\/256698"}],"collection":[{"href":"https:\/\/compuviper.mx\/tienda\/wp-json\/wp\/v2\/product"}],"about":[{"href":"https:\/\/compuviper.mx\/tienda\/wp-json\/wp\/v2\/types\/product"}],"replies":[{"embeddable":true,"href":"https:\/\/compuviper.mx\/tienda\/wp-json\/wp\/v2\/comments?post=256698"}],"wp:featuredmedia":[{"embeddable":true,"href":"https:\/\/compuviper.mx\/tienda\/wp-json\/wp\/v2\/media\/259083"}],"wp:attachment":[{"href":"https:\/\/compuviper.mx\/tienda\/wp-json\/wp\/v2\/media?parent=256698"}],"wp:term":[{"taxonomy":"product_cat","embeddable":true,"href":"https:\/\/compuviper.mx\/tienda\/wp-json\/wp\/v2\/product_cat?post=256698"},{"taxonomy":"product_tag","embeddable":true,"href":"https:\/\/compuviper.mx\/tienda\/wp-json\/wp\/v2\/product_tag?post=256698"}],"curies":[{"name":"wp","href":"https:\/\/api.w.org\/{rel}","templated":true}]}}