{"id":256685,"date":"2026-04-16T01:13:31","date_gmt":"2026-04-16T07:13:31","guid":{"rendered":"https:\/\/compuviper.mx\/tienda\/producto\/dell-3000193495176-1-laptop-pro-max-16-workstation-intel-core-ultra-7-265h-32gb-1tb-nvidia-rtx-pro-1000-blackwell-8gb-16-win-11-pro\/"},"modified":"2026-04-16T01:13:31","modified_gmt":"2026-04-16T07:13:31","slug":"dell-3000197847767-53000197847767-4-laptop-pro-max-16-workstation-intel-core-ultra-7-265h-32gb-1tb-nvidia-rtx-pro-1000-blackwell-8gb-16-win-11-pro-3000193495176-1","status":"publish","type":"product","link":"https:\/\/compuviper.mx\/tienda\/producto\/dell-3000197847767-53000197847767-4-laptop-pro-max-16-workstation-intel-core-ultra-7-265h-32gb-1tb-nvidia-rtx-pro-1000-blackwell-8gb-16-win-11-pro-3000193495176-1\/","title":{"rendered":"Dell 3000197847767.5,3000197847767.4 Laptop  Pro Max 16 Workstation Intel Core Ultra 7 265h 32gb, 1tb Nvidia Rtx Pro 1000 Blackwell 8gb 16 Win 11 Pro 3000193495176.1"},"content":{"rendered":"<table class=\"descripcion\">\n<tr>\n<td>Procesador intel\u00ae core\u0099 ultra 7 265h, vpro\u00ae enterprise (24 mb, 16 n\u00facleos, 16 subprocesos, hasta 5,30 ghz turbo, 45 w)<\/td>\n<\/tr>\n<tr>\n<td>Sistema operativo windows 11 pro<\/td>\n<\/tr>\n<tr>\n<td>Microsoft office active microsoft 365 para una prueba de 30 d\u00edas<\/td>\n<\/tr>\n<tr>\n<td>Tarjeta gr\u00e1fica nvidia rtx pro 1000 blackwell con gddr7 de 8 gb<\/td>\n<\/tr>\n<tr>\n<td>Memoria 32 gb: 2&#215;16 gb, ddr5, 5600 mt\/s, sodimm, doble canal, no ecc<\/td>\n<\/tr>\n<tr>\n<td>Almacenamiento ssd de rendimiento de 1 tb de 4.\u00aa generaci\u00f3n, lista para sed<\/td>\n<\/tr>\n<tr>\n<td>Pantalla lcd fhd+ de 16 pulgadas con 300 nits, sin funci\u00f3n t\u00e1ctil, c\u00e1mara rgb hdr fhd, micr\u00f3fono, wlan<\/td>\n<\/tr>\n<tr>\n<td>Erviciode de soporte est\u00e1ndar de hardware 3 a\u00f1os de servicio prosupport in situ al siguiente d\u00eda laboral despu\u00e9s del diagn\u00f3stico remoto con soporte de hardware y software<\/td>\n<\/tr>\n<\/table>\n","protected":false},"excerpt":{"rendered":"<p>Procesador intel\u00ae core\u0099 ultra 7 265h, vpro\u00ae enterprise (24 mb, 16 n\u00facleos, 16 subprocesos, hasta 5,30 ghz turbo, 45 w) Sistema operativo windows 11 pro Microsoft office active microsoft 365 para una prueba de 30 d\u00edas Tarjeta gr\u00e1fica nvidia rtx pro 1000 blackwell con gddr7 de 8 gb Memoria 32 gb: 2&#215;16 gb, ddr5, 5600 [&hellip;]<\/p>\n","protected":false},"featured_media":260379,"comment_status":"open","ping_status":"open","template":"","meta":[],"product_cat":[1886,1889],"product_tag":[1537],"acf":[],"yoast_head":"<!-- This site is optimized with the Yoast SEO plugin v21.7 - https:\/\/yoast.com\/wordpress\/plugins\/seo\/ -->\n<title>[ Dell ] &#129351; 3000197847767.5,3000197847767.4 Laptop Pro Max 16 Workstation Intel Core Ultra 7 265h 32gb, 1tb Nvidia Rtx Pro 1000 Blackwell 8gb 16 Win 11 Pro 3000193495176.1<\/title>\n<meta name=\"description\" content=\"Compra 3000197847767.5,3000197847767.4 Laptop Pro Max 16 Workstation Intel Core Ultra 7 265h 32gb, 1tb Nvidia Rtx Pro 1000 Blackwell 8gb 16 Win 11 Pro 3000193495176.1 + Env\u00edo a domicilio + Pago seguro + Garant\u00eda\" \/>\n<meta name=\"robots\" content=\"index, follow, max-snippet:-1, max-image-preview:large, max-video-preview:-1\" \/>\n<link rel=\"canonical\" href=\"https:\/\/compuviper.mx\/tienda\/producto\/dell-3000197847767-53000197847767-4-laptop-pro-max-16-workstation-intel-core-ultra-7-265h-32gb-1tb-nvidia-rtx-pro-1000-blackwell-8gb-16-win-11-pro-3000193495176-1\/\" \/>\n<meta property=\"og:locale\" content=\"es_MX\" \/>\n<meta property=\"og:type\" content=\"article\" \/>\n<meta property=\"og:title\" content=\"[ Dell ] &#129351; 3000197847767.5,3000197847767.4 Laptop Pro Max 16 Workstation Intel Core Ultra 7 265h 32gb, 1tb Nvidia Rtx Pro 1000 Blackwell 8gb 16 Win 11 Pro 3000193495176.1\" \/>\n<meta property=\"og:description\" content=\"Compra 3000197847767.5,3000197847767.4 Laptop Pro Max 16 Workstation Intel Core Ultra 7 265h 32gb, 1tb Nvidia Rtx Pro 1000 Blackwell 8gb 16 Win 11 Pro 3000193495176.1 + Env\u00edo a domicilio + Pago seguro + Garant\u00eda\" \/>\n<meta property=\"og:url\" content=\"https:\/\/compuviper.mx\/tienda\/producto\/dell-3000197847767-53000197847767-4-laptop-pro-max-16-workstation-intel-core-ultra-7-265h-32gb-1tb-nvidia-rtx-pro-1000-blackwell-8gb-16-win-11-pro-3000193495176-1\/\" \/>\n<meta property=\"og:site_name\" content=\"Compuviper\" \/>\n<meta property=\"article:publisher\" content=\"https:\/\/www.facebook.com\/compuviper\" \/>\n<meta property=\"og:image\" content=\"https:\/\/compuviper.mx\/tienda\/wp-content\/uploads\/2025\/10\/Laptop-dell-pro-max-16-workstation-intel-core-ultra-7-265h-32gb-1tb-nvidia-rtx-pro-1000-blackwell-8gb-16-win-11-pro-3000193495176.1.jpg\" \/>\n\t<meta property=\"og:image:width\" content=\"200\" \/>\n\t<meta property=\"og:image:height\" content=\"200\" \/>\n\t<meta property=\"og:image:type\" content=\"image\/jpeg\" \/>\n<meta name=\"twitter:card\" content=\"summary_large_image\" \/>\n<meta name=\"twitter:label1\" content=\"Precio\" \/>\n\t<meta name=\"twitter:data1\" content=\"&#36;42,712 &#36;41,929 con IVA\" \/>\n\t<meta name=\"twitter:label2\" content=\"Availability\" \/>\n\t<meta name=\"twitter:data2\" content=\"In stock\" \/>\n<script type=\"application\/ld+json\" class=\"yoast-schema-graph\">{\"@context\":\"https:\/\/schema.org\",\"@graph\":[{\"@type\":\"WebPage\",\"@id\":\"https:\/\/compuviper.mx\/tienda\/producto\/dell-3000197847767-53000197847767-4-laptop-pro-max-16-workstation-intel-core-ultra-7-265h-32gb-1tb-nvidia-rtx-pro-1000-blackwell-8gb-16-win-11-pro-3000193495176-1\/\",\"url\":\"https:\/\/compuviper.mx\/tienda\/producto\/dell-3000197847767-53000197847767-4-laptop-pro-max-16-workstation-intel-core-ultra-7-265h-32gb-1tb-nvidia-rtx-pro-1000-blackwell-8gb-16-win-11-pro-3000193495176-1\/\",\"name\":\"[ Dell ] &#129351; 3000197847767.5,3000197847767.4 Laptop Pro Max 16 Workstation Intel Core Ultra 7 265h 32gb, 1tb Nvidia Rtx Pro 1000 Blackwell 8gb 16 Win 11 Pro 3000193495176.1\",\"isPartOf\":{\"@id\":\"https:\/\/compuviper.mx\/tienda\/#website\"},\"datePublished\":\"2026-04-16T07:13:31+00:00\",\"dateModified\":\"2026-04-16T07:13:31+00:00\",\"description\":\"Compra 3000197847767.5,3000197847767.4 Laptop Pro Max 16 Workstation Intel Core Ultra 7 265h 32gb, 1tb Nvidia Rtx Pro 1000 Blackwell 8gb 16 Win 11 Pro 3000193495176.1 + Env\u00edo a domicilio + Pago seguro + Garant\u00eda\",\"breadcrumb\":{\"@id\":\"https:\/\/compuviper.mx\/tienda\/producto\/dell-3000197847767-53000197847767-4-laptop-pro-max-16-workstation-intel-core-ultra-7-265h-32gb-1tb-nvidia-rtx-pro-1000-blackwell-8gb-16-win-11-pro-3000193495176-1\/#breadcrumb\"},\"inLanguage\":\"es-MX\",\"potentialAction\":[{\"@type\":\"ReadAction\",\"target\":[\"https:\/\/compuviper.mx\/tienda\/producto\/dell-3000197847767-53000197847767-4-laptop-pro-max-16-workstation-intel-core-ultra-7-265h-32gb-1tb-nvidia-rtx-pro-1000-blackwell-8gb-16-win-11-pro-3000193495176-1\/\"]}]},{\"@type\":\"BreadcrumbList\",\"@id\":\"https:\/\/compuviper.mx\/tienda\/producto\/dell-3000197847767-53000197847767-4-laptop-pro-max-16-workstation-intel-core-ultra-7-265h-32gb-1tb-nvidia-rtx-pro-1000-blackwell-8gb-16-win-11-pro-3000193495176-1\/#breadcrumb\",\"itemListElement\":[{\"@type\":\"ListItem\",\"position\":1,\"name\":\"Inicio\",\"item\":\"https:\/\/compuviper.mx\/tienda\/\"},{\"@type\":\"ListItem\",\"position\":2,\"name\":\"Productos\",\"item\":\"https:\/\/compuviper.mx\/tienda\/productos\/\"},{\"@type\":\"ListItem\",\"position\":3,\"name\":\"Laptops\",\"item\":\"https:\/\/compuviper.mx\/tienda\/categoria-producto\/laptops\/\"},{\"@type\":\"ListItem\",\"position\":4,\"name\":\"Workstation\",\"item\":\"https:\/\/compuviper.mx\/tienda\/categoria-producto\/laptops\/workstation-laptops\/\"},{\"@type\":\"ListItem\",\"position\":5,\"name\":\"Dell 3000197847767.5,3000197847767.4 Laptop Pro Max 16 Workstation Intel Core Ultra 7 265h 32gb, 1tb Nvidia Rtx Pro 1000 Blackwell 8gb 16 Win 11 Pro 3000193495176.1\"}]},{\"@type\":\"WebSite\",\"@id\":\"https:\/\/compuviper.mx\/tienda\/#website\",\"url\":\"https:\/\/compuviper.mx\/tienda\/\",\"name\":\"Compuviper\",\"description\":\"Proveedor de Computadoras, Laptops, Servidores, Monitores, Puntos de Venta, Teclados,   Impresoras, T\u00f3ner, C\u00e1maras de Seguridad y m\u00e1s en tu tienda en l\u00ednea\",\"publisher\":{\"@id\":\"https:\/\/compuviper.mx\/tienda\/#organization\"},\"potentialAction\":[{\"@type\":\"SearchAction\",\"target\":{\"@type\":\"EntryPoint\",\"urlTemplate\":\"https:\/\/compuviper.mx\/tienda\/?s={search_term_string}\"},\"query-input\":\"required name=search_term_string\"}],\"inLanguage\":\"es-MX\"},{\"@type\":\"Organization\",\"@id\":\"https:\/\/compuviper.mx\/tienda\/#organization\",\"name\":\"Compuviper\",\"url\":\"https:\/\/compuviper.mx\/tienda\/\",\"logo\":{\"@type\":\"ImageObject\",\"inLanguage\":\"es-MX\",\"@id\":\"https:\/\/compuviper.mx\/tienda\/#\/schema\/logo\/image\/\",\"url\":\"https:\/\/compuviper.mx\/tienda\/wp-content\/uploads\/2021\/08\/Logo-Compuviper-10.png\",\"contentUrl\":\"https:\/\/compuviper.mx\/tienda\/wp-content\/uploads\/2021\/08\/Logo-Compuviper-10.png\",\"width\":1000,\"height\":500,\"caption\":\"Compuviper\"},\"image\":{\"@id\":\"https:\/\/compuviper.mx\/tienda\/#\/schema\/logo\/image\/\"},\"sameAs\":[\"https:\/\/www.facebook.com\/compuviper\",\"https:\/\/www.youtube.com\/channel\/UCf73dERp9Y3cfOq7q8BhLjA?view_as=subscriber\"]}]}<\/script>\n<meta property=\"product:brand\" content=\"DELL\" \/>\n<meta property=\"product:price:amount\" content=\"41929\" \/>\n<meta property=\"product:price:currency\" content=\"MXN\" \/>\n<meta property=\"og:availability\" content=\"instock\" \/>\n<meta property=\"product:availability\" content=\"instock\" \/>\n<meta property=\"product:retailer_item_id\" content=\"3000197847767.5,3000197847767.4\" \/>\n<meta property=\"product:condition\" content=\"new\" \/>\n<!-- \/ Yoast SEO plugin. -->","yoast_head_json":{"title":"[ Dell ] &#129351; 3000197847767.5,3000197847767.4 Laptop Pro Max 16 Workstation Intel Core Ultra 7 265h 32gb, 1tb Nvidia Rtx Pro 1000 Blackwell 8gb 16 Win 11 Pro 3000193495176.1","description":"Compra 3000197847767.5,3000197847767.4 Laptop Pro Max 16 Workstation Intel Core Ultra 7 265h 32gb, 1tb Nvidia Rtx Pro 1000 Blackwell 8gb 16 Win 11 Pro 3000193495176.1 + Env\u00edo a domicilio + Pago seguro + Garant\u00eda","robots":{"index":"index","follow":"follow","max-snippet":"max-snippet:-1","max-image-preview":"max-image-preview:large","max-video-preview":"max-video-preview:-1"},"canonical":"https:\/\/compuviper.mx\/tienda\/producto\/dell-3000197847767-53000197847767-4-laptop-pro-max-16-workstation-intel-core-ultra-7-265h-32gb-1tb-nvidia-rtx-pro-1000-blackwell-8gb-16-win-11-pro-3000193495176-1\/","og_locale":"es_MX","og_type":"article","og_title":"[ Dell ] &#129351; 3000197847767.5,3000197847767.4 Laptop Pro Max 16 Workstation Intel Core Ultra 7 265h 32gb, 1tb Nvidia Rtx Pro 1000 Blackwell 8gb 16 Win 11 Pro 3000193495176.1","og_description":"Compra 3000197847767.5,3000197847767.4 Laptop Pro Max 16 Workstation Intel Core Ultra 7 265h 32gb, 1tb Nvidia Rtx Pro 1000 Blackwell 8gb 16 Win 11 Pro 3000193495176.1 + Env\u00edo a domicilio + Pago seguro + Garant\u00eda","og_url":"https:\/\/compuviper.mx\/tienda\/producto\/dell-3000197847767-53000197847767-4-laptop-pro-max-16-workstation-intel-core-ultra-7-265h-32gb-1tb-nvidia-rtx-pro-1000-blackwell-8gb-16-win-11-pro-3000193495176-1\/","og_site_name":"Compuviper","article_publisher":"https:\/\/www.facebook.com\/compuviper","og_image":[{"width":200,"height":200,"url":"https:\/\/compuviper.mx\/tienda\/wp-content\/uploads\/2025\/10\/Laptop-dell-pro-max-16-workstation-intel-core-ultra-7-265h-32gb-1tb-nvidia-rtx-pro-1000-blackwell-8gb-16-win-11-pro-3000193495176.1.jpg","type":"image\/jpeg"}],"twitter_card":"summary_large_image","twitter_misc":{"Precio":"&#36;42,712 &#36;41,929 con IVA","Availability":"In stock"},"schema":{"@context":"https:\/\/schema.org","@graph":[{"@type":"WebPage","@id":"https:\/\/compuviper.mx\/tienda\/producto\/dell-3000197847767-53000197847767-4-laptop-pro-max-16-workstation-intel-core-ultra-7-265h-32gb-1tb-nvidia-rtx-pro-1000-blackwell-8gb-16-win-11-pro-3000193495176-1\/","url":"https:\/\/compuviper.mx\/tienda\/producto\/dell-3000197847767-53000197847767-4-laptop-pro-max-16-workstation-intel-core-ultra-7-265h-32gb-1tb-nvidia-rtx-pro-1000-blackwell-8gb-16-win-11-pro-3000193495176-1\/","name":"[ Dell ] &#129351; 3000197847767.5,3000197847767.4 Laptop Pro Max 16 Workstation Intel Core Ultra 7 265h 32gb, 1tb Nvidia Rtx Pro 1000 Blackwell 8gb 16 Win 11 Pro 3000193495176.1","isPartOf":{"@id":"https:\/\/compuviper.mx\/tienda\/#website"},"datePublished":"2026-04-16T07:13:31+00:00","dateModified":"2026-04-16T07:13:31+00:00","description":"Compra 3000197847767.5,3000197847767.4 Laptop Pro Max 16 Workstation Intel Core Ultra 7 265h 32gb, 1tb Nvidia Rtx Pro 1000 Blackwell 8gb 16 Win 11 Pro 3000193495176.1 + Env\u00edo a domicilio + Pago seguro + Garant\u00eda","breadcrumb":{"@id":"https:\/\/compuviper.mx\/tienda\/producto\/dell-3000197847767-53000197847767-4-laptop-pro-max-16-workstation-intel-core-ultra-7-265h-32gb-1tb-nvidia-rtx-pro-1000-blackwell-8gb-16-win-11-pro-3000193495176-1\/#breadcrumb"},"inLanguage":"es-MX","potentialAction":[{"@type":"ReadAction","target":["https:\/\/compuviper.mx\/tienda\/producto\/dell-3000197847767-53000197847767-4-laptop-pro-max-16-workstation-intel-core-ultra-7-265h-32gb-1tb-nvidia-rtx-pro-1000-blackwell-8gb-16-win-11-pro-3000193495176-1\/"]}]},{"@type":"BreadcrumbList","@id":"https:\/\/compuviper.mx\/tienda\/producto\/dell-3000197847767-53000197847767-4-laptop-pro-max-16-workstation-intel-core-ultra-7-265h-32gb-1tb-nvidia-rtx-pro-1000-blackwell-8gb-16-win-11-pro-3000193495176-1\/#breadcrumb","itemListElement":[{"@type":"ListItem","position":1,"name":"Inicio","item":"https:\/\/compuviper.mx\/tienda\/"},{"@type":"ListItem","position":2,"name":"Productos","item":"https:\/\/compuviper.mx\/tienda\/productos\/"},{"@type":"ListItem","position":3,"name":"Laptops","item":"https:\/\/compuviper.mx\/tienda\/categoria-producto\/laptops\/"},{"@type":"ListItem","position":4,"name":"Workstation","item":"https:\/\/compuviper.mx\/tienda\/categoria-producto\/laptops\/workstation-laptops\/"},{"@type":"ListItem","position":5,"name":"Dell 3000197847767.5,3000197847767.4 Laptop Pro Max 16 Workstation Intel Core Ultra 7 265h 32gb, 1tb Nvidia Rtx Pro 1000 Blackwell 8gb 16 Win 11 Pro 3000193495176.1"}]},{"@type":"WebSite","@id":"https:\/\/compuviper.mx\/tienda\/#website","url":"https:\/\/compuviper.mx\/tienda\/","name":"Compuviper","description":"Proveedor de Computadoras, Laptops, Servidores, Monitores, Puntos de Venta, Teclados,   Impresoras, T\u00f3ner, C\u00e1maras de Seguridad y m\u00e1s en tu tienda en l\u00ednea","publisher":{"@id":"https:\/\/compuviper.mx\/tienda\/#organization"},"potentialAction":[{"@type":"SearchAction","target":{"@type":"EntryPoint","urlTemplate":"https:\/\/compuviper.mx\/tienda\/?s={search_term_string}"},"query-input":"required name=search_term_string"}],"inLanguage":"es-MX"},{"@type":"Organization","@id":"https:\/\/compuviper.mx\/tienda\/#organization","name":"Compuviper","url":"https:\/\/compuviper.mx\/tienda\/","logo":{"@type":"ImageObject","inLanguage":"es-MX","@id":"https:\/\/compuviper.mx\/tienda\/#\/schema\/logo\/image\/","url":"https:\/\/compuviper.mx\/tienda\/wp-content\/uploads\/2021\/08\/Logo-Compuviper-10.png","contentUrl":"https:\/\/compuviper.mx\/tienda\/wp-content\/uploads\/2021\/08\/Logo-Compuviper-10.png","width":1000,"height":500,"caption":"Compuviper"},"image":{"@id":"https:\/\/compuviper.mx\/tienda\/#\/schema\/logo\/image\/"},"sameAs":["https:\/\/www.facebook.com\/compuviper","https:\/\/www.youtube.com\/channel\/UCf73dERp9Y3cfOq7q8BhLjA?view_as=subscriber"]}]},"product_brand":"DELL","product_price_amount":"41929","product_price_currency":"MXN","og_availability":"instock","product_availability":"instock","product_retailer_item_id":"3000197847767.5,3000197847767.4","product_condition":"new"},"_links":{"self":[{"href":"https:\/\/compuviper.mx\/tienda\/wp-json\/wp\/v2\/product\/256685"}],"collection":[{"href":"https:\/\/compuviper.mx\/tienda\/wp-json\/wp\/v2\/product"}],"about":[{"href":"https:\/\/compuviper.mx\/tienda\/wp-json\/wp\/v2\/types\/product"}],"replies":[{"embeddable":true,"href":"https:\/\/compuviper.mx\/tienda\/wp-json\/wp\/v2\/comments?post=256685"}],"wp:featuredmedia":[{"embeddable":true,"href":"https:\/\/compuviper.mx\/tienda\/wp-json\/wp\/v2\/media\/260379"}],"wp:attachment":[{"href":"https:\/\/compuviper.mx\/tienda\/wp-json\/wp\/v2\/media?parent=256685"}],"wp:term":[{"taxonomy":"product_cat","embeddable":true,"href":"https:\/\/compuviper.mx\/tienda\/wp-json\/wp\/v2\/product_cat?post=256685"},{"taxonomy":"product_tag","embeddable":true,"href":"https:\/\/compuviper.mx\/tienda\/wp-json\/wp\/v2\/product_tag?post=256685"}],"curies":[{"name":"wp","href":"https:\/\/api.w.org\/{rel}","templated":true}]}}