{"id":256675,"date":"2026-04-22T00:38:28","date_gmt":"2026-04-22T06:38:28","guid":{"rendered":"https:\/\/compuviper.mx\/tienda\/producto\/ec-line-ec-2d-2800-lector-de-codigo-de-barras-negro-laser-1d-y-2d-usb\/"},"modified":"2026-04-22T00:38:28","modified_gmt":"2026-04-22T06:38:28","slug":"ec-line-ec-2d-2800-lector-de-codigo-de-barras-negrocmos-led-1d-2d-usb-200-lecturas-por-segundo-omnidireccional","status":"publish","type":"product","link":"https:\/\/compuviper.mx\/tienda\/producto\/ec-line-ec-2d-2800-lector-de-codigo-de-barras-negrocmos-led-1d-2d-usb-200-lecturas-por-segundo-omnidireccional\/","title":{"rendered":"Ec Line Ec-2d-2800 Lector De Codigo De Barras  , Negro,cmos Led, 1d, 2d, Usb, 200 Lecturas Por Segundo, Omnidireccional"},"content":{"rendered":"<table class=\"descripcion\">\n<tr>\n<td>El ec-2d-2800 es un esc\u00e1ner de escritorio 2d (imagen) de ec line con conectividad usb o rs-232 para datos y alimentaci\u00f3n, opera a 5 vdc con un consumo de 250 mw, y presenta dimensiones compactas (145 \u00d7 77 \u00d7 136 mm sin soporte) y peso ligero (~415 g). su sensor cmos de 1280 \u00d7 800 p\u00edxeles, iluminaci\u00f3n dual led y amplio \u00e1ngulo de escaneo (skew \u00b1 70\u00b0, pitch \u00b1 60\u00b0, roll 360\u00b0) aseguran una captura vers\u00e1til; ofrece una resoluci\u00f3n m\u00ednima de lectura de 5 mil y requiere un contraste simb\u00f3lico del 20 %. es resistente: soporta ca\u00eddas desde 1 m, tiene clasificaci\u00f3n ip52, protege contra esd (\u00b1 6 kv\/\u00b1 15 kv) y cumple la norma iec 62471 de seguridad led. funciona entre  and #8722;10 \u00b0c y 50 \u00b0c, con almacenamiento hasta 60 \u00b0c, y cuenta con indicador led y zumbador para feedback operativo<\/td>\n<\/tr>\n<\/table>\n","protected":false},"excerpt":{"rendered":"<p>\u00a1agiliza tus procesos con el ec-2d-2800. Este esc\u00e1ner de escritorio 2d combina velocidad, precisi\u00f3n y resistencia para un desempe\u00f1o confiable en cualquier entorno. Su sensor de alta resoluci\u00f3n, iluminaci\u00f3n led dual y amplio \u00e1ngulo de lectura garantizan capturas r\u00e1pidas incluso en c\u00f3digos dif\u00edciles. Compacto, robusto y con conectividad usb o rs-232, es la herramienta ideal para puntos de venta, almacenes y oficinas que buscan eficiencia sin complicaciones.<\/p>\n","protected":false},"featured_media":259800,"comment_status":"open","ping_status":"open","template":"","meta":[],"product_cat":[1721,1722],"product_tag":[1600],"acf":[],"yoast_head":"<!-- This site is optimized with the Yoast SEO plugin v21.7 - https:\/\/yoast.com\/wordpress\/plugins\/seo\/ -->\n<title>[ Ec Line ] &#129351; Ec-2d-2800 Lector De Codigo De Barras , Negro,cmos Led, 1d, 2d, Usb, 200 Lecturas Por Segundo, Omnidireccional<\/title>\n<meta name=\"description\" content=\"Compra Ec-2d-2800 Lector De Codigo De Barras , Negro,cmos Led, 1d, 2d, Usb, 200 Lecturas Por Segundo, Omnidireccional + Env\u00edo a domicilio + Pago seguro + Garant\u00eda\" \/>\n<meta name=\"robots\" content=\"index, follow, max-snippet:-1, max-image-preview:large, max-video-preview:-1\" \/>\n<link rel=\"canonical\" href=\"https:\/\/compuviper.mx\/tienda\/producto\/ec-line-ec-2d-2800-lector-de-codigo-de-barras-negrocmos-led-1d-2d-usb-200-lecturas-por-segundo-omnidireccional\/\" \/>\n<meta property=\"og:locale\" content=\"es_MX\" \/>\n<meta property=\"og:type\" content=\"article\" \/>\n<meta property=\"og:title\" content=\"[ Ec Line ] &#129351; Ec-2d-2800 Lector De Codigo De Barras , Negro,cmos Led, 1d, 2d, Usb, 200 Lecturas Por Segundo, Omnidireccional\" \/>\n<meta property=\"og:description\" content=\"Compra Ec-2d-2800 Lector De Codigo De Barras , Negro,cmos Led, 1d, 2d, Usb, 200 Lecturas Por Segundo, Omnidireccional + Env\u00edo a domicilio + Pago seguro + Garant\u00eda\" \/>\n<meta property=\"og:url\" content=\"https:\/\/compuviper.mx\/tienda\/producto\/ec-line-ec-2d-2800-lector-de-codigo-de-barras-negrocmos-led-1d-2d-usb-200-lecturas-por-segundo-omnidireccional\/\" \/>\n<meta property=\"og:site_name\" content=\"Compuviper\" \/>\n<meta property=\"article:publisher\" content=\"https:\/\/www.facebook.com\/compuviper\" \/>\n<meta property=\"og:image\" content=\"https:\/\/compuviper.mx\/tienda\/wp-content\/uploads\/2025\/10\/Lector-de-codigo-de-barras-ec-line-ec-2d-2800-negro-laser-1d-y-2d-usb.jpg\" \/>\n\t<meta property=\"og:image:width\" content=\"200\" \/>\n\t<meta property=\"og:image:height\" content=\"200\" \/>\n\t<meta property=\"og:image:type\" content=\"image\/jpeg\" \/>\n<meta name=\"twitter:card\" content=\"summary_large_image\" \/>\n<meta name=\"twitter:label1\" content=\"Precio\" \/>\n\t<meta name=\"twitter:data1\" content=\"&#36;1,671 con IVA\" \/>\n\t<meta name=\"twitter:label2\" content=\"Availability\" \/>\n\t<meta name=\"twitter:data2\" content=\"Out of stock\" \/>\n<script type=\"application\/ld+json\" class=\"yoast-schema-graph\">{\"@context\":\"https:\/\/schema.org\",\"@graph\":[{\"@type\":\"WebPage\",\"@id\":\"https:\/\/compuviper.mx\/tienda\/producto\/ec-line-ec-2d-2800-lector-de-codigo-de-barras-negrocmos-led-1d-2d-usb-200-lecturas-por-segundo-omnidireccional\/\",\"url\":\"https:\/\/compuviper.mx\/tienda\/producto\/ec-line-ec-2d-2800-lector-de-codigo-de-barras-negrocmos-led-1d-2d-usb-200-lecturas-por-segundo-omnidireccional\/\",\"name\":\"[ Ec Line ] &#129351; Ec-2d-2800 Lector De Codigo De Barras , Negro,cmos Led, 1d, 2d, Usb, 200 Lecturas Por Segundo, Omnidireccional\",\"isPartOf\":{\"@id\":\"https:\/\/compuviper.mx\/tienda\/#website\"},\"datePublished\":\"2026-04-22T06:38:28+00:00\",\"dateModified\":\"2026-04-22T06:38:28+00:00\",\"description\":\"Compra Ec-2d-2800 Lector De Codigo De Barras , Negro,cmos Led, 1d, 2d, Usb, 200 Lecturas Por Segundo, Omnidireccional + Env\u00edo a domicilio + Pago seguro + Garant\u00eda\",\"breadcrumb\":{\"@id\":\"https:\/\/compuviper.mx\/tienda\/producto\/ec-line-ec-2d-2800-lector-de-codigo-de-barras-negrocmos-led-1d-2d-usb-200-lecturas-por-segundo-omnidireccional\/#breadcrumb\"},\"inLanguage\":\"es-MX\",\"potentialAction\":[{\"@type\":\"ReadAction\",\"target\":[\"https:\/\/compuviper.mx\/tienda\/producto\/ec-line-ec-2d-2800-lector-de-codigo-de-barras-negrocmos-led-1d-2d-usb-200-lecturas-por-segundo-omnidireccional\/\"]}]},{\"@type\":\"BreadcrumbList\",\"@id\":\"https:\/\/compuviper.mx\/tienda\/producto\/ec-line-ec-2d-2800-lector-de-codigo-de-barras-negrocmos-led-1d-2d-usb-200-lecturas-por-segundo-omnidireccional\/#breadcrumb\",\"itemListElement\":[{\"@type\":\"ListItem\",\"position\":1,\"name\":\"Inicio\",\"item\":\"https:\/\/compuviper.mx\/tienda\/\"},{\"@type\":\"ListItem\",\"position\":2,\"name\":\"Productos\",\"item\":\"https:\/\/compuviper.mx\/tienda\/productos\/\"},{\"@type\":\"ListItem\",\"position\":3,\"name\":\"Lector De Codigos\",\"item\":\"https:\/\/compuviper.mx\/tienda\/categoria-producto\/lector-de-codigos\/\"},{\"@type\":\"ListItem\",\"position\":4,\"name\":\"Imager\",\"item\":\"https:\/\/compuviper.mx\/tienda\/categoria-producto\/lector-de-codigos\/imager\/\"},{\"@type\":\"ListItem\",\"position\":5,\"name\":\"Ec Line Ec-2d-2800 Lector De Codigo De Barras , Negro,cmos Led, 1d, 2d, Usb, 200 Lecturas Por Segundo, Omnidireccional\"}]},{\"@type\":\"WebSite\",\"@id\":\"https:\/\/compuviper.mx\/tienda\/#website\",\"url\":\"https:\/\/compuviper.mx\/tienda\/\",\"name\":\"Compuviper\",\"description\":\"Proveedor de Computadoras, Laptops, Servidores, Monitores, Puntos de Venta, Teclados,   Impresoras, T\u00f3ner, C\u00e1maras de Seguridad y m\u00e1s en tu tienda en l\u00ednea\",\"publisher\":{\"@id\":\"https:\/\/compuviper.mx\/tienda\/#organization\"},\"potentialAction\":[{\"@type\":\"SearchAction\",\"target\":{\"@type\":\"EntryPoint\",\"urlTemplate\":\"https:\/\/compuviper.mx\/tienda\/?s={search_term_string}\"},\"query-input\":\"required name=search_term_string\"}],\"inLanguage\":\"es-MX\"},{\"@type\":\"Organization\",\"@id\":\"https:\/\/compuviper.mx\/tienda\/#organization\",\"name\":\"Compuviper\",\"url\":\"https:\/\/compuviper.mx\/tienda\/\",\"logo\":{\"@type\":\"ImageObject\",\"inLanguage\":\"es-MX\",\"@id\":\"https:\/\/compuviper.mx\/tienda\/#\/schema\/logo\/image\/\",\"url\":\"https:\/\/compuviper.mx\/tienda\/wp-content\/uploads\/2021\/08\/Logo-Compuviper-10.png\",\"contentUrl\":\"https:\/\/compuviper.mx\/tienda\/wp-content\/uploads\/2021\/08\/Logo-Compuviper-10.png\",\"width\":1000,\"height\":500,\"caption\":\"Compuviper\"},\"image\":{\"@id\":\"https:\/\/compuviper.mx\/tienda\/#\/schema\/logo\/image\/\"},\"sameAs\":[\"https:\/\/www.facebook.com\/compuviper\",\"https:\/\/www.youtube.com\/channel\/UCf73dERp9Y3cfOq7q8BhLjA?view_as=subscriber\"]}]}<\/script>\n<meta property=\"product:brand\" content=\"EC LINE\" \/>\n<meta property=\"product:price:amount\" content=\"1671\" \/>\n<meta property=\"product:price:currency\" content=\"MXN\" \/>\n<meta property=\"og:availability\" content=\"out of stock\" \/>\n<meta property=\"product:availability\" content=\"out of stock\" \/>\n<meta property=\"product:retailer_item_id\" content=\"EC-2D-2800\" \/>\n<meta property=\"product:condition\" content=\"new\" \/>\n<!-- \/ Yoast SEO plugin. -->","yoast_head_json":{"title":"[ Ec Line ] &#129351; Ec-2d-2800 Lector De Codigo De Barras , Negro,cmos Led, 1d, 2d, Usb, 200 Lecturas Por Segundo, Omnidireccional","description":"Compra Ec-2d-2800 Lector De Codigo De Barras , Negro,cmos Led, 1d, 2d, Usb, 200 Lecturas Por Segundo, Omnidireccional + Env\u00edo a domicilio + Pago seguro + Garant\u00eda","robots":{"index":"index","follow":"follow","max-snippet":"max-snippet:-1","max-image-preview":"max-image-preview:large","max-video-preview":"max-video-preview:-1"},"canonical":"https:\/\/compuviper.mx\/tienda\/producto\/ec-line-ec-2d-2800-lector-de-codigo-de-barras-negrocmos-led-1d-2d-usb-200-lecturas-por-segundo-omnidireccional\/","og_locale":"es_MX","og_type":"article","og_title":"[ Ec Line ] &#129351; Ec-2d-2800 Lector De Codigo De Barras , Negro,cmos Led, 1d, 2d, Usb, 200 Lecturas Por Segundo, Omnidireccional","og_description":"Compra Ec-2d-2800 Lector De Codigo De Barras , Negro,cmos Led, 1d, 2d, Usb, 200 Lecturas Por Segundo, Omnidireccional + Env\u00edo a domicilio + Pago seguro + Garant\u00eda","og_url":"https:\/\/compuviper.mx\/tienda\/producto\/ec-line-ec-2d-2800-lector-de-codigo-de-barras-negrocmos-led-1d-2d-usb-200-lecturas-por-segundo-omnidireccional\/","og_site_name":"Compuviper","article_publisher":"https:\/\/www.facebook.com\/compuviper","og_image":[{"width":200,"height":200,"url":"https:\/\/compuviper.mx\/tienda\/wp-content\/uploads\/2025\/10\/Lector-de-codigo-de-barras-ec-line-ec-2d-2800-negro-laser-1d-y-2d-usb.jpg","type":"image\/jpeg"}],"twitter_card":"summary_large_image","twitter_misc":{"Precio":"&#36;1,671 con IVA","Availability":"Out of stock"},"schema":{"@context":"https:\/\/schema.org","@graph":[{"@type":"WebPage","@id":"https:\/\/compuviper.mx\/tienda\/producto\/ec-line-ec-2d-2800-lector-de-codigo-de-barras-negrocmos-led-1d-2d-usb-200-lecturas-por-segundo-omnidireccional\/","url":"https:\/\/compuviper.mx\/tienda\/producto\/ec-line-ec-2d-2800-lector-de-codigo-de-barras-negrocmos-led-1d-2d-usb-200-lecturas-por-segundo-omnidireccional\/","name":"[ Ec Line ] &#129351; Ec-2d-2800 Lector De Codigo De Barras , Negro,cmos Led, 1d, 2d, Usb, 200 Lecturas Por Segundo, Omnidireccional","isPartOf":{"@id":"https:\/\/compuviper.mx\/tienda\/#website"},"datePublished":"2026-04-22T06:38:28+00:00","dateModified":"2026-04-22T06:38:28+00:00","description":"Compra Ec-2d-2800 Lector De Codigo De Barras , Negro,cmos Led, 1d, 2d, Usb, 200 Lecturas Por Segundo, Omnidireccional + Env\u00edo a domicilio + Pago seguro + Garant\u00eda","breadcrumb":{"@id":"https:\/\/compuviper.mx\/tienda\/producto\/ec-line-ec-2d-2800-lector-de-codigo-de-barras-negrocmos-led-1d-2d-usb-200-lecturas-por-segundo-omnidireccional\/#breadcrumb"},"inLanguage":"es-MX","potentialAction":[{"@type":"ReadAction","target":["https:\/\/compuviper.mx\/tienda\/producto\/ec-line-ec-2d-2800-lector-de-codigo-de-barras-negrocmos-led-1d-2d-usb-200-lecturas-por-segundo-omnidireccional\/"]}]},{"@type":"BreadcrumbList","@id":"https:\/\/compuviper.mx\/tienda\/producto\/ec-line-ec-2d-2800-lector-de-codigo-de-barras-negrocmos-led-1d-2d-usb-200-lecturas-por-segundo-omnidireccional\/#breadcrumb","itemListElement":[{"@type":"ListItem","position":1,"name":"Inicio","item":"https:\/\/compuviper.mx\/tienda\/"},{"@type":"ListItem","position":2,"name":"Productos","item":"https:\/\/compuviper.mx\/tienda\/productos\/"},{"@type":"ListItem","position":3,"name":"Lector De Codigos","item":"https:\/\/compuviper.mx\/tienda\/categoria-producto\/lector-de-codigos\/"},{"@type":"ListItem","position":4,"name":"Imager","item":"https:\/\/compuviper.mx\/tienda\/categoria-producto\/lector-de-codigos\/imager\/"},{"@type":"ListItem","position":5,"name":"Ec Line Ec-2d-2800 Lector De Codigo De Barras , Negro,cmos Led, 1d, 2d, Usb, 200 Lecturas Por Segundo, Omnidireccional"}]},{"@type":"WebSite","@id":"https:\/\/compuviper.mx\/tienda\/#website","url":"https:\/\/compuviper.mx\/tienda\/","name":"Compuviper","description":"Proveedor de Computadoras, Laptops, Servidores, Monitores, Puntos de Venta, Teclados,   Impresoras, T\u00f3ner, C\u00e1maras de Seguridad y m\u00e1s en tu tienda en l\u00ednea","publisher":{"@id":"https:\/\/compuviper.mx\/tienda\/#organization"},"potentialAction":[{"@type":"SearchAction","target":{"@type":"EntryPoint","urlTemplate":"https:\/\/compuviper.mx\/tienda\/?s={search_term_string}"},"query-input":"required name=search_term_string"}],"inLanguage":"es-MX"},{"@type":"Organization","@id":"https:\/\/compuviper.mx\/tienda\/#organization","name":"Compuviper","url":"https:\/\/compuviper.mx\/tienda\/","logo":{"@type":"ImageObject","inLanguage":"es-MX","@id":"https:\/\/compuviper.mx\/tienda\/#\/schema\/logo\/image\/","url":"https:\/\/compuviper.mx\/tienda\/wp-content\/uploads\/2021\/08\/Logo-Compuviper-10.png","contentUrl":"https:\/\/compuviper.mx\/tienda\/wp-content\/uploads\/2021\/08\/Logo-Compuviper-10.png","width":1000,"height":500,"caption":"Compuviper"},"image":{"@id":"https:\/\/compuviper.mx\/tienda\/#\/schema\/logo\/image\/"},"sameAs":["https:\/\/www.facebook.com\/compuviper","https:\/\/www.youtube.com\/channel\/UCf73dERp9Y3cfOq7q8BhLjA?view_as=subscriber"]}]},"product_brand":"EC LINE","product_price_amount":"1671","product_price_currency":"MXN","og_availability":"out of stock","product_availability":"out of stock","product_retailer_item_id":"EC-2D-2800","product_condition":"new"},"_links":{"self":[{"href":"https:\/\/compuviper.mx\/tienda\/wp-json\/wp\/v2\/product\/256675"}],"collection":[{"href":"https:\/\/compuviper.mx\/tienda\/wp-json\/wp\/v2\/product"}],"about":[{"href":"https:\/\/compuviper.mx\/tienda\/wp-json\/wp\/v2\/types\/product"}],"replies":[{"embeddable":true,"href":"https:\/\/compuviper.mx\/tienda\/wp-json\/wp\/v2\/comments?post=256675"}],"wp:featuredmedia":[{"embeddable":true,"href":"https:\/\/compuviper.mx\/tienda\/wp-json\/wp\/v2\/media\/259800"}],"wp:attachment":[{"href":"https:\/\/compuviper.mx\/tienda\/wp-json\/wp\/v2\/media?parent=256675"}],"wp:term":[{"taxonomy":"product_cat","embeddable":true,"href":"https:\/\/compuviper.mx\/tienda\/wp-json\/wp\/v2\/product_cat?post=256675"},{"taxonomy":"product_tag","embeddable":true,"href":"https:\/\/compuviper.mx\/tienda\/wp-json\/wp\/v2\/product_tag?post=256675"}],"curies":[{"name":"wp","href":"https:\/\/api.w.org\/{rel}","templated":true}]}}