{"id":256595,"date":"2026-04-07T23:18:23","date_gmt":"2026-04-08T05:18:23","guid":{"rendered":"https:\/\/compuviper.mx\/tienda\/producto\/adata-ec680-ccgy-carcasa-ec680-para-ssd-pcie-de-diferentes-tamaos-m-2-usb-3-2-color-gris-metalico\/"},"modified":"2026-04-08T00:00:45","modified_gmt":"2026-04-08T06:00:45","slug":"adata-ec680-ccgy-carcasa-ec680-para-ssd-pcie-de-diferentes-tamaos-m-2-usb-3-2-color-gris-metalico","status":"publish","type":"product","link":"https:\/\/compuviper.mx\/tienda\/producto\/adata-ec680-ccgy-carcasa-ec680-para-ssd-pcie-de-diferentes-tamaos-m-2-usb-3-2-color-gris-metalico\/","title":{"rendered":"Adata Ec680-ccgy Carcasa  Ec680 Para Ssd Pcie De Diferentes Tama?os M.2 Usb 3.2 Color Gris Metalico"},"content":{"rendered":"<table class=\"descripcion\">\n<tr>\n<td>Color gris met\u00e1lico<\/td>\n<\/tr>\n<tr>\n<td>Compatibilidad ssd: m.2 pcie\/nvme(clave m)<\/td>\n<\/tr>\n<tr>\n<td>Factor de forma: 2230\/2242\/2260\/2280<\/td>\n<\/tr>\n<tr>\n<td>Dimensiones 116.42 x 38.24 x 13.75 mm<\/td>\n<\/tr>\n<tr>\n<td>Peso 69g<\/td>\n<\/tr>\n<tr>\n<td>Interfaz usb 3.2 gen2 tipo-c (usb 10gbps)<\/td>\n<\/tr>\n<tr>\n<td>Requisitos del sistema operativo windows 8\/8.1\/10\/11<\/td>\n<\/tr>\n<tr>\n<td>Mac os x 10.6 o posterior<\/td>\n<\/tr>\n<tr>\n<td>Linux kernel 2.6 o posterior<\/td>\n<\/tr>\n<tr>\n<td>Android 5.0 o posterior<\/td>\n<\/tr>\n<tr>\n<td>Temperatura de funcionamiento 0 \u00b0c (32 \u00b0f) a 50 \u00b0c (122 \u00b0f)<\/td>\n<\/tr>\n<tr>\n<td>Voltaje de funcionamiento 5v<\/td>\n<\/tr>\n<tr>\n<td>Accesorios usb 3.2 type-c to c cable<\/td>\n<\/tr>\n<tr>\n<td>Garant\u00eda  1 a\u00f1o<\/td>\n<\/tr>\n<\/table>\n","protected":false},"excerpt":{"rendered":"<p>Color gris met\u00e1lico. Compatibilidad ssd: m.2 pcie\/nvme(clave m. Factor de forma: 2230\/2242\/2260\/2280. Dimensiones 116.42 x 38.24 x 13.75 mm. Peso 69g. Interfaz usb 3.2 gen2 tipo-c (usb 10gbps. Requisitos del sistema operativo windows 8\/8.1\/10\/11. Mac os x 10.6 o posterior. Linux kernel 2.6 o posterior. Android 5.0 o posterior. Temperatura de funcionamiento 0 \u00b0c (32 \u00b0f) a 50 \u00b0c (122 \u00b0f. Voltaje de funcionamiento 5v. Accesorios usb 3.2 type-c to c cable. Garant\u00eda  1 a\u00f1o<\/p>\n","protected":false},"featured_media":258897,"comment_status":"open","ping_status":"open","template":"","meta":[],"product_cat":[1485,1519],"product_tag":[1539],"acf":[],"yoast_head":"<!-- This site is optimized with the Yoast SEO plugin v21.7 - https:\/\/yoast.com\/wordpress\/plugins\/seo\/ -->\n<title>[ Adata ] &#129351; Ec680-ccgy Carcasa Ec680 Para Ssd Pcie De Diferentes Tama\u00f1os M.2 Usb 3.2 Color Gris Metalico<\/title>\n<meta name=\"description\" content=\"Compra Ec680-ccgy Carcasa Ec680 Para Ssd Pcie De Diferentes Tama\u00f1os M.2 Usb 3.2 Color Gris Metalico + Env\u00edo a domicilio + Pago seguro + Garant\u00eda\" \/>\n<meta name=\"robots\" content=\"index, follow, max-snippet:-1, max-image-preview:large, max-video-preview:-1\" \/>\n<link rel=\"canonical\" href=\"https:\/\/compuviper.mx\/tienda\/producto\/adata-ec680-ccgy-carcasa-ec680-para-ssd-pcie-de-diferentes-tamaos-m-2-usb-3-2-color-gris-metalico\/\" \/>\n<meta property=\"og:locale\" content=\"es_MX\" \/>\n<meta property=\"og:type\" content=\"article\" \/>\n<meta property=\"og:title\" content=\"[ Adata ] &#129351; Ec680-ccgy Carcasa Ec680 Para Ssd Pcie De Diferentes Tama\u00f1os M.2 Usb 3.2 Color Gris Metalico\" \/>\n<meta property=\"og:description\" content=\"Compra Ec680-ccgy Carcasa Ec680 Para Ssd Pcie De Diferentes Tama\u00f1os M.2 Usb 3.2 Color Gris Metalico + Env\u00edo a domicilio + Pago seguro + Garant\u00eda\" \/>\n<meta property=\"og:url\" content=\"https:\/\/compuviper.mx\/tienda\/producto\/adata-ec680-ccgy-carcasa-ec680-para-ssd-pcie-de-diferentes-tamaos-m-2-usb-3-2-color-gris-metalico\/\" \/>\n<meta property=\"og:site_name\" content=\"Compuviper\" \/>\n<meta property=\"article:publisher\" content=\"https:\/\/www.facebook.com\/compuviper\" \/>\n<meta property=\"article:modified_time\" content=\"2026-04-08T06:00:45+00:00\" \/>\n<meta property=\"og:image\" content=\"https:\/\/compuviper.mx\/tienda\/wp-content\/uploads\/2025\/10\/Carcasa-adata-ec680-para-ssd-pcie-de-diferentes-tamanos-m.2-usb-3.2-color-gris-metalico-ec680-ccgy.jpg\" \/>\n\t<meta property=\"og:image:width\" content=\"200\" \/>\n\t<meta property=\"og:image:height\" content=\"200\" \/>\n\t<meta property=\"og:image:type\" content=\"image\/jpeg\" \/>\n<meta name=\"twitter:card\" content=\"summary_large_image\" \/>\n<meta name=\"twitter:label1\" content=\"Precio\" \/>\n\t<meta name=\"twitter:data1\" content=\"&#36;273 con IVA\" \/>\n\t<meta name=\"twitter:label2\" content=\"Availability\" \/>\n\t<meta name=\"twitter:data2\" content=\"In stock\" \/>\n<script type=\"application\/ld+json\" class=\"yoast-schema-graph\">{\"@context\":\"https:\/\/schema.org\",\"@graph\":[{\"@type\":\"WebPage\",\"@id\":\"https:\/\/compuviper.mx\/tienda\/producto\/adata-ec680-ccgy-carcasa-ec680-para-ssd-pcie-de-diferentes-tamaos-m-2-usb-3-2-color-gris-metalico\/\",\"url\":\"https:\/\/compuviper.mx\/tienda\/producto\/adata-ec680-ccgy-carcasa-ec680-para-ssd-pcie-de-diferentes-tamaos-m-2-usb-3-2-color-gris-metalico\/\",\"name\":\"[ Adata ] &#129351; Ec680-ccgy Carcasa Ec680 Para Ssd Pcie De Diferentes Tama\u00f1os M.2 Usb 3.2 Color Gris Metalico\",\"isPartOf\":{\"@id\":\"https:\/\/compuviper.mx\/tienda\/#website\"},\"datePublished\":\"2026-04-08T05:18:23+00:00\",\"dateModified\":\"2026-04-08T06:00:45+00:00\",\"description\":\"Compra Ec680-ccgy Carcasa Ec680 Para Ssd Pcie De Diferentes Tama\u00f1os M.2 Usb 3.2 Color Gris Metalico + Env\u00edo a domicilio + Pago seguro + Garant\u00eda\",\"breadcrumb\":{\"@id\":\"https:\/\/compuviper.mx\/tienda\/producto\/adata-ec680-ccgy-carcasa-ec680-para-ssd-pcie-de-diferentes-tamaos-m-2-usb-3-2-color-gris-metalico\/#breadcrumb\"},\"inLanguage\":\"es-MX\",\"potentialAction\":[{\"@type\":\"ReadAction\",\"target\":[\"https:\/\/compuviper.mx\/tienda\/producto\/adata-ec680-ccgy-carcasa-ec680-para-ssd-pcie-de-diferentes-tamaos-m-2-usb-3-2-color-gris-metalico\/\"]}]},{\"@type\":\"BreadcrumbList\",\"@id\":\"https:\/\/compuviper.mx\/tienda\/producto\/adata-ec680-ccgy-carcasa-ec680-para-ssd-pcie-de-diferentes-tamaos-m-2-usb-3-2-color-gris-metalico\/#breadcrumb\",\"itemListElement\":[{\"@type\":\"ListItem\",\"position\":1,\"name\":\"Inicio\",\"item\":\"https:\/\/compuviper.mx\/tienda\/\"},{\"@type\":\"ListItem\",\"position\":2,\"name\":\"Productos\",\"item\":\"https:\/\/compuviper.mx\/tienda\/productos\/\"},{\"@type\":\"ListItem\",\"position\":3,\"name\":\"Accesorios\",\"item\":\"https:\/\/compuviper.mx\/tienda\/categoria-producto\/accesorios\/\"},{\"@type\":\"ListItem\",\"position\":4,\"name\":\"Gabinete De Discos Duros\",\"item\":\"https:\/\/compuviper.mx\/tienda\/categoria-producto\/accesorios\/gabinete-de-discos-duros\/\"},{\"@type\":\"ListItem\",\"position\":5,\"name\":\"Adata Ec680-ccgy Carcasa Ec680 Para Ssd Pcie De Diferentes Tama?os M.2 Usb 3.2 Color Gris Metalico\"}]},{\"@type\":\"WebSite\",\"@id\":\"https:\/\/compuviper.mx\/tienda\/#website\",\"url\":\"https:\/\/compuviper.mx\/tienda\/\",\"name\":\"Compuviper\",\"description\":\"Proveedor de Computadoras, Laptops, Servidores, Monitores, Puntos de Venta, Teclados,   Impresoras, T\u00f3ner, C\u00e1maras de Seguridad y m\u00e1s en tu tienda en l\u00ednea\",\"publisher\":{\"@id\":\"https:\/\/compuviper.mx\/tienda\/#organization\"},\"potentialAction\":[{\"@type\":\"SearchAction\",\"target\":{\"@type\":\"EntryPoint\",\"urlTemplate\":\"https:\/\/compuviper.mx\/tienda\/?s={search_term_string}\"},\"query-input\":\"required name=search_term_string\"}],\"inLanguage\":\"es-MX\"},{\"@type\":\"Organization\",\"@id\":\"https:\/\/compuviper.mx\/tienda\/#organization\",\"name\":\"Compuviper\",\"url\":\"https:\/\/compuviper.mx\/tienda\/\",\"logo\":{\"@type\":\"ImageObject\",\"inLanguage\":\"es-MX\",\"@id\":\"https:\/\/compuviper.mx\/tienda\/#\/schema\/logo\/image\/\",\"url\":\"https:\/\/compuviper.mx\/tienda\/wp-content\/uploads\/2021\/08\/Logo-Compuviper-10.png\",\"contentUrl\":\"https:\/\/compuviper.mx\/tienda\/wp-content\/uploads\/2021\/08\/Logo-Compuviper-10.png\",\"width\":1000,\"height\":500,\"caption\":\"Compuviper\"},\"image\":{\"@id\":\"https:\/\/compuviper.mx\/tienda\/#\/schema\/logo\/image\/\"},\"sameAs\":[\"https:\/\/www.facebook.com\/compuviper\",\"https:\/\/www.youtube.com\/channel\/UCf73dERp9Y3cfOq7q8BhLjA?view_as=subscriber\"]}]}<\/script>\n<meta property=\"product:brand\" content=\"ADATA\" \/>\n<meta property=\"product:price:amount\" content=\"273\" \/>\n<meta property=\"product:price:currency\" content=\"MXN\" \/>\n<meta property=\"og:availability\" content=\"instock\" \/>\n<meta property=\"product:availability\" content=\"instock\" \/>\n<meta property=\"product:retailer_item_id\" content=\"EC680-CCGY\" \/>\n<meta property=\"product:condition\" content=\"new\" \/>\n<!-- \/ Yoast SEO plugin. -->","yoast_head_json":{"title":"[ Adata ] &#129351; Ec680-ccgy Carcasa Ec680 Para Ssd Pcie De Diferentes Tama\u00f1os M.2 Usb 3.2 Color Gris Metalico","description":"Compra Ec680-ccgy Carcasa Ec680 Para Ssd Pcie De Diferentes Tama\u00f1os M.2 Usb 3.2 Color Gris Metalico + Env\u00edo a domicilio + Pago seguro + Garant\u00eda","robots":{"index":"index","follow":"follow","max-snippet":"max-snippet:-1","max-image-preview":"max-image-preview:large","max-video-preview":"max-video-preview:-1"},"canonical":"https:\/\/compuviper.mx\/tienda\/producto\/adata-ec680-ccgy-carcasa-ec680-para-ssd-pcie-de-diferentes-tamaos-m-2-usb-3-2-color-gris-metalico\/","og_locale":"es_MX","og_type":"article","og_title":"[ Adata ] &#129351; Ec680-ccgy Carcasa Ec680 Para Ssd Pcie De Diferentes Tama\u00f1os M.2 Usb 3.2 Color Gris Metalico","og_description":"Compra Ec680-ccgy Carcasa Ec680 Para Ssd Pcie De Diferentes Tama\u00f1os M.2 Usb 3.2 Color Gris Metalico + Env\u00edo a domicilio + Pago seguro + Garant\u00eda","og_url":"https:\/\/compuviper.mx\/tienda\/producto\/adata-ec680-ccgy-carcasa-ec680-para-ssd-pcie-de-diferentes-tamaos-m-2-usb-3-2-color-gris-metalico\/","og_site_name":"Compuviper","article_publisher":"https:\/\/www.facebook.com\/compuviper","article_modified_time":"2026-04-08T06:00:45+00:00","og_image":[{"width":200,"height":200,"url":"https:\/\/compuviper.mx\/tienda\/wp-content\/uploads\/2025\/10\/Carcasa-adata-ec680-para-ssd-pcie-de-diferentes-tamanos-m.2-usb-3.2-color-gris-metalico-ec680-ccgy.jpg","type":"image\/jpeg"}],"twitter_card":"summary_large_image","twitter_misc":{"Precio":"&#36;273 con IVA","Availability":"In stock"},"schema":{"@context":"https:\/\/schema.org","@graph":[{"@type":"WebPage","@id":"https:\/\/compuviper.mx\/tienda\/producto\/adata-ec680-ccgy-carcasa-ec680-para-ssd-pcie-de-diferentes-tamaos-m-2-usb-3-2-color-gris-metalico\/","url":"https:\/\/compuviper.mx\/tienda\/producto\/adata-ec680-ccgy-carcasa-ec680-para-ssd-pcie-de-diferentes-tamaos-m-2-usb-3-2-color-gris-metalico\/","name":"[ Adata ] &#129351; Ec680-ccgy Carcasa Ec680 Para Ssd Pcie De Diferentes Tama\u00f1os M.2 Usb 3.2 Color Gris Metalico","isPartOf":{"@id":"https:\/\/compuviper.mx\/tienda\/#website"},"datePublished":"2026-04-08T05:18:23+00:00","dateModified":"2026-04-08T06:00:45+00:00","description":"Compra Ec680-ccgy Carcasa Ec680 Para Ssd Pcie De Diferentes Tama\u00f1os M.2 Usb 3.2 Color Gris Metalico + Env\u00edo a domicilio + Pago seguro + Garant\u00eda","breadcrumb":{"@id":"https:\/\/compuviper.mx\/tienda\/producto\/adata-ec680-ccgy-carcasa-ec680-para-ssd-pcie-de-diferentes-tamaos-m-2-usb-3-2-color-gris-metalico\/#breadcrumb"},"inLanguage":"es-MX","potentialAction":[{"@type":"ReadAction","target":["https:\/\/compuviper.mx\/tienda\/producto\/adata-ec680-ccgy-carcasa-ec680-para-ssd-pcie-de-diferentes-tamaos-m-2-usb-3-2-color-gris-metalico\/"]}]},{"@type":"BreadcrumbList","@id":"https:\/\/compuviper.mx\/tienda\/producto\/adata-ec680-ccgy-carcasa-ec680-para-ssd-pcie-de-diferentes-tamaos-m-2-usb-3-2-color-gris-metalico\/#breadcrumb","itemListElement":[{"@type":"ListItem","position":1,"name":"Inicio","item":"https:\/\/compuviper.mx\/tienda\/"},{"@type":"ListItem","position":2,"name":"Productos","item":"https:\/\/compuviper.mx\/tienda\/productos\/"},{"@type":"ListItem","position":3,"name":"Accesorios","item":"https:\/\/compuviper.mx\/tienda\/categoria-producto\/accesorios\/"},{"@type":"ListItem","position":4,"name":"Gabinete De Discos Duros","item":"https:\/\/compuviper.mx\/tienda\/categoria-producto\/accesorios\/gabinete-de-discos-duros\/"},{"@type":"ListItem","position":5,"name":"Adata Ec680-ccgy Carcasa Ec680 Para Ssd Pcie De Diferentes Tama?os M.2 Usb 3.2 Color Gris Metalico"}]},{"@type":"WebSite","@id":"https:\/\/compuviper.mx\/tienda\/#website","url":"https:\/\/compuviper.mx\/tienda\/","name":"Compuviper","description":"Proveedor de Computadoras, Laptops, Servidores, Monitores, Puntos de Venta, Teclados,   Impresoras, T\u00f3ner, C\u00e1maras de Seguridad y m\u00e1s en tu tienda en l\u00ednea","publisher":{"@id":"https:\/\/compuviper.mx\/tienda\/#organization"},"potentialAction":[{"@type":"SearchAction","target":{"@type":"EntryPoint","urlTemplate":"https:\/\/compuviper.mx\/tienda\/?s={search_term_string}"},"query-input":"required name=search_term_string"}],"inLanguage":"es-MX"},{"@type":"Organization","@id":"https:\/\/compuviper.mx\/tienda\/#organization","name":"Compuviper","url":"https:\/\/compuviper.mx\/tienda\/","logo":{"@type":"ImageObject","inLanguage":"es-MX","@id":"https:\/\/compuviper.mx\/tienda\/#\/schema\/logo\/image\/","url":"https:\/\/compuviper.mx\/tienda\/wp-content\/uploads\/2021\/08\/Logo-Compuviper-10.png","contentUrl":"https:\/\/compuviper.mx\/tienda\/wp-content\/uploads\/2021\/08\/Logo-Compuviper-10.png","width":1000,"height":500,"caption":"Compuviper"},"image":{"@id":"https:\/\/compuviper.mx\/tienda\/#\/schema\/logo\/image\/"},"sameAs":["https:\/\/www.facebook.com\/compuviper","https:\/\/www.youtube.com\/channel\/UCf73dERp9Y3cfOq7q8BhLjA?view_as=subscriber"]}]},"product_brand":"ADATA","product_price_amount":"273","product_price_currency":"MXN","og_availability":"instock","product_availability":"instock","product_retailer_item_id":"EC680-CCGY","product_condition":"new"},"_links":{"self":[{"href":"https:\/\/compuviper.mx\/tienda\/wp-json\/wp\/v2\/product\/256595"}],"collection":[{"href":"https:\/\/compuviper.mx\/tienda\/wp-json\/wp\/v2\/product"}],"about":[{"href":"https:\/\/compuviper.mx\/tienda\/wp-json\/wp\/v2\/types\/product"}],"replies":[{"embeddable":true,"href":"https:\/\/compuviper.mx\/tienda\/wp-json\/wp\/v2\/comments?post=256595"}],"wp:featuredmedia":[{"embeddable":true,"href":"https:\/\/compuviper.mx\/tienda\/wp-json\/wp\/v2\/media\/258897"}],"wp:attachment":[{"href":"https:\/\/compuviper.mx\/tienda\/wp-json\/wp\/v2\/media?parent=256595"}],"wp:term":[{"taxonomy":"product_cat","embeddable":true,"href":"https:\/\/compuviper.mx\/tienda\/wp-json\/wp\/v2\/product_cat?post=256595"},{"taxonomy":"product_tag","embeddable":true,"href":"https:\/\/compuviper.mx\/tienda\/wp-json\/wp\/v2\/product_tag?post=256595"}],"curies":[{"name":"wp","href":"https:\/\/api.w.org\/{rel}","templated":true}]}}