{"id":256594,"date":"2026-04-14T02:25:09","date_gmt":"2026-04-14T08:25:09","guid":{"rendered":"https:\/\/compuviper.mx\/tienda\/producto\/poly-a3lu8aaabm-sistema-de-videoconferencia-hp-studio-plus-g9-hd-10-1-2-x-hdmi-usb-c-con-tc10\/"},"modified":"2026-04-14T02:25:09","modified_gmt":"2026-04-14T08:25:09","slug":"poly-a3lu8aaabm-sistema-de-videoconferencia-hp-studio-plus-g9-hd-10-1-2-x-hdmi-usb-c-con-tc10","status":"publish","type":"product","link":"https:\/\/compuviper.mx\/tienda\/producto\/poly-a3lu8aaabm-sistema-de-videoconferencia-hp-studio-plus-g9-hd-10-1-2-x-hdmi-usb-c-con-tc10\/","title":{"rendered":"Poly A3lu8aa#abm Sistema De Videoconferencia | Hp  |  | Studio Plus G9, Hd, 10.1, 2 X Hdmi, Usb-c, Con Tc10"},"content":{"rendered":"<table class=\"descripcion\">\n<tr>\n<td>Alimentaci\u00f3n.<\/td>\n<\/tr>\n<tr>\n<td>Alimentaci\u00f3n a trav\u00e9s de ethernet (poe), compatible con ieee 802.3at clase 0<\/td>\n<\/tr>\n<tr>\n<td>Alimentaci\u00f3n.<\/td>\n<\/tr>\n<tr>\n<td>Adaptador de alimentaci\u00f3n externo de 150 w, hasta un 89 % de eficiencia<\/td>\n<\/tr>\n<tr>\n<td>Ranuras de expansi\u00f3n.<\/td>\n<\/tr>\n<tr>\n<td>1 m.2 2230; 2 m.2 2280<\/td>\n<\/tr>\n<tr>\n<td>Puertos.<\/td>\n<\/tr>\n<tr>\n<td>1 rj-45<\/td>\n<\/tr>\n<tr>\n<td>Almacenamiento interno.<\/td>\n<\/tr>\n<tr>\n<td>Unidad de estado s\u00f3lido pcie\u00ae nvme\u0099 m.2 de 256 gb<\/td>\n<\/tr>\n<tr>\n<td>Gr\u00e1ficos (integrados).<\/td>\n<\/tr>\n<tr>\n<td>Gr\u00e1ficos intel\u00ae uhd 770<\/td>\n<\/tr>\n<tr>\n<td>Ranuras de memoria.<\/td>\n<\/tr>\n<tr>\n<td>2 sodimm<\/td>\n<\/tr>\n<tr>\n<td>Software incluido.<\/td>\n<\/tr>\n<tr>\n<td>Microsoft teams rooms<\/td>\n<\/tr>\n<tr>\n<td>Margen de temperaturas operativas.<\/td>\n<\/tr>\n<tr>\n<td>10 a 35 \u00b0c<\/td>\n<\/tr>\n<tr>\n<td>Rango de humedad en inactividad.<\/td>\n<\/tr>\n<tr>\n<td>De 15 a 95%<\/td>\n<\/tr>\n<tr>\n<td>Intervalo de humedad en funcionamiento.<\/td>\n<\/tr>\n<tr>\n<td>De 10 a 90% hr<\/td>\n<\/tr>\n<tr>\n<td>Dimensiones m\u00ednimas (anch. x prof. x alt.).<\/td>\n<\/tr>\n<tr>\n<td>177 x 175 x 34 mm (miniequipo ip para conferencias); 260 x 184 x 64 mm (control t\u00e1ctil poly tc10)<\/td>\n<\/tr>\n<tr>\n<td>Dimensiones del embalaje (an x f x al).<\/td>\n<\/tr>\n<tr>\n<td>510 x 275 x 280 mm<\/td>\n<\/tr>\n<tr>\n<td>Dimensiones del pallet (an x f x al).<\/td>\n<\/tr>\n<tr>\n<td>120 x 100 x 213 cm<\/td>\n<\/tr>\n<tr>\n<td>Cartones por capa.<\/td>\n<\/tr>\n<tr>\n<td>8<\/td>\n<\/tr>\n<tr>\n<td>Peso.<\/td>\n<\/tr>\n<tr>\n<td>1,42 kg (miniequipo ip para conferencias); 1,27 kg (control t\u00e1ctil poly tc10)<\/td>\n<\/tr>\n<tr>\n<td>Peso del empaque.<\/td>\n<\/tr>\n<tr>\n<td>6800 g<\/td>\n<\/tr>\n<tr>\n<td>Peso del pallet.<\/td>\n<\/tr>\n<tr>\n<td>381 kg<\/td>\n<\/tr>\n<tr>\n<td>Contenido de la caja.<\/td>\n<\/tr>\n<tr>\n<td>Cable ethernet; gu\u00eda de instalaci\u00f3n; tarjeta de garant\u00eda; adaptador de potencia de ca; cable de alimentaci\u00f3n; control t\u00e1ctil poly tc10; miniequipo ip hp para conferencias con microsoft team rooms; adaptador hp displayport a hdmi true 4k; cubierta v3 para miniequipo hp; funda para miniequipo hp v4+ vesa con soporte de fuente de alimentaci\u00f3n<\/td>\n<\/tr>\n<tr>\n<td>Garant\u00eda del fabricante.<\/td>\n<\/tr>\n<tr>\n<td>Garant\u00eda limitada est\u00e1ndar de un a\u00f1o de poly<\/td>\n<\/tr>\n<\/table>\n","protected":false},"excerpt":{"rendered":"<p>El kit b\u00e1sico poly studio g9 plus para microsoft teams rooms ofrece simplicidad y rendimiento gracias a la integraci\u00f3n de hardware de un \u00fanico proveedor. Configuraci\u00f3n sencilla desde el primer momento. Dise\u00f1ado para facilitar su uso, el kit b\u00e1sico poly g9 plus para microsoft teams rooms viene con puertos f\u00e1ciles de usar que agilizan la configuraci\u00f3n de la sala, incluido un puerto de entrada hdmi, usb tipo-c\u00ae and #65039; compatible con pantallas t\u00e1ctiles y un puerto poe para el control t\u00e1ctil ip. Confiabilidad en su m\u00e1xima expresi\u00f3n. El software de hp que se ejecuta en el miniequipo ip hp para conferencias mantiene el sistema a punto al supervisar el estado de la conexi\u00f3n de poly tc10 y, si se detecta un fallo, lo recupera de forma proactiva.<\/p>\n","protected":false},"featured_media":258573,"comment_status":"open","ping_status":"open","template":"","meta":[],"product_cat":[2011,2012],"product_tag":[2035],"acf":[],"yoast_head":"<!-- This site is optimized with the Yoast SEO plugin v21.7 - https:\/\/yoast.com\/wordpress\/plugins\/seo\/ -->\n<title>[ Poly ] &#129351; A3lu8aa#abm Sistema De Videoconferencia | Hp | | Studio Plus G9, Hd, 10.1, 2 X Hdmi, Usb-c, Con Tc10<\/title>\n<meta name=\"description\" content=\"Compra A3lu8aa#abm Sistema De Videoconferencia | Hp | | Studio Plus G9, Hd, 10.1, 2 X Hdmi, Usb-c, Con Tc10 + Env\u00edo a domicilio + Pago seguro + Garant\u00eda\" \/>\n<meta name=\"robots\" content=\"index, follow, max-snippet:-1, max-image-preview:large, max-video-preview:-1\" \/>\n<link rel=\"canonical\" href=\"https:\/\/compuviper.mx\/tienda\/producto\/poly-a3lu8aaabm-sistema-de-videoconferencia-hp-studio-plus-g9-hd-10-1-2-x-hdmi-usb-c-con-tc10\/\" \/>\n<meta property=\"og:locale\" content=\"es_MX\" \/>\n<meta property=\"og:type\" content=\"article\" \/>\n<meta property=\"og:title\" content=\"[ Poly ] &#129351; A3lu8aa#abm Sistema De Videoconferencia | Hp | | Studio Plus G9, Hd, 10.1, 2 X Hdmi, Usb-c, Con Tc10\" \/>\n<meta property=\"og:description\" content=\"Compra A3lu8aa#abm Sistema De Videoconferencia | Hp | | Studio Plus G9, Hd, 10.1, 2 X Hdmi, Usb-c, Con Tc10 + Env\u00edo a domicilio + Pago seguro + Garant\u00eda\" \/>\n<meta property=\"og:url\" content=\"https:\/\/compuviper.mx\/tienda\/producto\/poly-a3lu8aaabm-sistema-de-videoconferencia-hp-studio-plus-g9-hd-10-1-2-x-hdmi-usb-c-con-tc10\/\" \/>\n<meta property=\"og:site_name\" content=\"Compuviper\" \/>\n<meta property=\"article:publisher\" content=\"https:\/\/www.facebook.com\/compuviper\" \/>\n<meta property=\"og:image\" content=\"https:\/\/compuviper.mx\/tienda\/wp-content\/uploads\/2025\/10\/Sistema-de-videoconferencia-hp-poly-a3lu8aaabm-studio-plus-g9-hd-10.1-2-x-hdmi-usb-c-con-tc10.jpg\" \/>\n\t<meta property=\"og:image:width\" content=\"200\" \/>\n\t<meta property=\"og:image:height\" content=\"200\" \/>\n\t<meta property=\"og:image:type\" content=\"image\/jpeg\" \/>\n<meta name=\"twitter:card\" content=\"summary_large_image\" \/>\n<meta name=\"twitter:label1\" content=\"Precio\" \/>\n\t<meta name=\"twitter:data1\" content=\"&#36;50,557 con IVA\" \/>\n\t<meta name=\"twitter:label2\" content=\"Availability\" \/>\n\t<meta name=\"twitter:data2\" content=\"On backorder\" \/>\n<script type=\"application\/ld+json\" class=\"yoast-schema-graph\">{\"@context\":\"https:\/\/schema.org\",\"@graph\":[{\"@type\":\"WebPage\",\"@id\":\"https:\/\/compuviper.mx\/tienda\/producto\/poly-a3lu8aaabm-sistema-de-videoconferencia-hp-studio-plus-g9-hd-10-1-2-x-hdmi-usb-c-con-tc10\/\",\"url\":\"https:\/\/compuviper.mx\/tienda\/producto\/poly-a3lu8aaabm-sistema-de-videoconferencia-hp-studio-plus-g9-hd-10-1-2-x-hdmi-usb-c-con-tc10\/\",\"name\":\"[ Poly ] &#129351; A3lu8aa#abm Sistema De Videoconferencia | Hp | | Studio Plus G9, Hd, 10.1, 2 X Hdmi, Usb-c, Con Tc10\",\"isPartOf\":{\"@id\":\"https:\/\/compuviper.mx\/tienda\/#website\"},\"datePublished\":\"2026-04-14T08:25:09+00:00\",\"dateModified\":\"2026-04-14T08:25:09+00:00\",\"description\":\"Compra A3lu8aa#abm Sistema De Videoconferencia | Hp | | Studio Plus G9, Hd, 10.1, 2 X Hdmi, Usb-c, Con Tc10 + Env\u00edo a domicilio + Pago seguro + Garant\u00eda\",\"breadcrumb\":{\"@id\":\"https:\/\/compuviper.mx\/tienda\/producto\/poly-a3lu8aaabm-sistema-de-videoconferencia-hp-studio-plus-g9-hd-10-1-2-x-hdmi-usb-c-con-tc10\/#breadcrumb\"},\"inLanguage\":\"es-MX\",\"potentialAction\":[{\"@type\":\"ReadAction\",\"target\":[\"https:\/\/compuviper.mx\/tienda\/producto\/poly-a3lu8aaabm-sistema-de-videoconferencia-hp-studio-plus-g9-hd-10-1-2-x-hdmi-usb-c-con-tc10\/\"]}]},{\"@type\":\"BreadcrumbList\",\"@id\":\"https:\/\/compuviper.mx\/tienda\/producto\/poly-a3lu8aaabm-sistema-de-videoconferencia-hp-studio-plus-g9-hd-10-1-2-x-hdmi-usb-c-con-tc10\/#breadcrumb\",\"itemListElement\":[{\"@type\":\"ListItem\",\"position\":1,\"name\":\"Inicio\",\"item\":\"https:\/\/compuviper.mx\/tienda\/\"},{\"@type\":\"ListItem\",\"position\":2,\"name\":\"Productos\",\"item\":\"https:\/\/compuviper.mx\/tienda\/productos\/\"},{\"@type\":\"ListItem\",\"position\":3,\"name\":\"Videoconferencia\",\"item\":\"https:\/\/compuviper.mx\/tienda\/categoria-producto\/videoconferencia\/\"},{\"@type\":\"ListItem\",\"position\":4,\"name\":\"Sin Categor\u00eda\",\"item\":\"https:\/\/compuviper.mx\/tienda\/categoria-producto\/videoconferencia\/sin-categoria-videoconferencia\/\"},{\"@type\":\"ListItem\",\"position\":5,\"name\":\"Poly A3lu8aa#abm Sistema De Videoconferencia | Hp | | Studio Plus G9, Hd, 10.1, 2 X Hdmi, Usb-c, Con Tc10\"}]},{\"@type\":\"WebSite\",\"@id\":\"https:\/\/compuviper.mx\/tienda\/#website\",\"url\":\"https:\/\/compuviper.mx\/tienda\/\",\"name\":\"Compuviper\",\"description\":\"Proveedor de Computadoras, Laptops, Servidores, Monitores, Puntos de Venta, Teclados,   Impresoras, T\u00f3ner, C\u00e1maras de Seguridad y m\u00e1s en tu tienda en l\u00ednea\",\"publisher\":{\"@id\":\"https:\/\/compuviper.mx\/tienda\/#organization\"},\"potentialAction\":[{\"@type\":\"SearchAction\",\"target\":{\"@type\":\"EntryPoint\",\"urlTemplate\":\"https:\/\/compuviper.mx\/tienda\/?s={search_term_string}\"},\"query-input\":\"required name=search_term_string\"}],\"inLanguage\":\"es-MX\"},{\"@type\":\"Organization\",\"@id\":\"https:\/\/compuviper.mx\/tienda\/#organization\",\"name\":\"Compuviper\",\"url\":\"https:\/\/compuviper.mx\/tienda\/\",\"logo\":{\"@type\":\"ImageObject\",\"inLanguage\":\"es-MX\",\"@id\":\"https:\/\/compuviper.mx\/tienda\/#\/schema\/logo\/image\/\",\"url\":\"https:\/\/compuviper.mx\/tienda\/wp-content\/uploads\/2021\/08\/Logo-Compuviper-10.png\",\"contentUrl\":\"https:\/\/compuviper.mx\/tienda\/wp-content\/uploads\/2021\/08\/Logo-Compuviper-10.png\",\"width\":1000,\"height\":500,\"caption\":\"Compuviper\"},\"image\":{\"@id\":\"https:\/\/compuviper.mx\/tienda\/#\/schema\/logo\/image\/\"},\"sameAs\":[\"https:\/\/www.facebook.com\/compuviper\",\"https:\/\/www.youtube.com\/channel\/UCf73dERp9Y3cfOq7q8BhLjA?view_as=subscriber\"]}]}<\/script>\n<meta property=\"product:brand\" content=\"POLY\" \/>\n<meta property=\"product:price:amount\" content=\"50557\" \/>\n<meta property=\"product:price:currency\" content=\"MXN\" \/>\n<meta property=\"og:availability\" content=\"backorder\" \/>\n<meta property=\"product:availability\" content=\"available for order\" \/>\n<meta property=\"product:retailer_item_id\" content=\"A3LU8AA#ABM\" \/>\n<meta property=\"product:condition\" content=\"new\" \/>\n<!-- \/ Yoast SEO plugin. -->","yoast_head_json":{"title":"[ Poly ] &#129351; A3lu8aa#abm Sistema De Videoconferencia | Hp | | Studio Plus G9, Hd, 10.1, 2 X Hdmi, Usb-c, Con Tc10","description":"Compra A3lu8aa#abm Sistema De Videoconferencia | Hp | | Studio Plus G9, Hd, 10.1, 2 X Hdmi, Usb-c, Con Tc10 + Env\u00edo a domicilio + Pago seguro + Garant\u00eda","robots":{"index":"index","follow":"follow","max-snippet":"max-snippet:-1","max-image-preview":"max-image-preview:large","max-video-preview":"max-video-preview:-1"},"canonical":"https:\/\/compuviper.mx\/tienda\/producto\/poly-a3lu8aaabm-sistema-de-videoconferencia-hp-studio-plus-g9-hd-10-1-2-x-hdmi-usb-c-con-tc10\/","og_locale":"es_MX","og_type":"article","og_title":"[ Poly ] &#129351; A3lu8aa#abm Sistema De Videoconferencia | Hp | | Studio Plus G9, Hd, 10.1, 2 X Hdmi, Usb-c, Con Tc10","og_description":"Compra A3lu8aa#abm Sistema De Videoconferencia | Hp | | Studio Plus G9, Hd, 10.1, 2 X Hdmi, Usb-c, Con Tc10 + Env\u00edo a domicilio + Pago seguro + Garant\u00eda","og_url":"https:\/\/compuviper.mx\/tienda\/producto\/poly-a3lu8aaabm-sistema-de-videoconferencia-hp-studio-plus-g9-hd-10-1-2-x-hdmi-usb-c-con-tc10\/","og_site_name":"Compuviper","article_publisher":"https:\/\/www.facebook.com\/compuviper","og_image":[{"width":200,"height":200,"url":"https:\/\/compuviper.mx\/tienda\/wp-content\/uploads\/2025\/10\/Sistema-de-videoconferencia-hp-poly-a3lu8aaabm-studio-plus-g9-hd-10.1-2-x-hdmi-usb-c-con-tc10.jpg","type":"image\/jpeg"}],"twitter_card":"summary_large_image","twitter_misc":{"Precio":"&#36;50,557 con IVA","Availability":"On backorder"},"schema":{"@context":"https:\/\/schema.org","@graph":[{"@type":"WebPage","@id":"https:\/\/compuviper.mx\/tienda\/producto\/poly-a3lu8aaabm-sistema-de-videoconferencia-hp-studio-plus-g9-hd-10-1-2-x-hdmi-usb-c-con-tc10\/","url":"https:\/\/compuviper.mx\/tienda\/producto\/poly-a3lu8aaabm-sistema-de-videoconferencia-hp-studio-plus-g9-hd-10-1-2-x-hdmi-usb-c-con-tc10\/","name":"[ Poly ] &#129351; A3lu8aa#abm Sistema De Videoconferencia | Hp | | Studio Plus G9, Hd, 10.1, 2 X Hdmi, Usb-c, Con Tc10","isPartOf":{"@id":"https:\/\/compuviper.mx\/tienda\/#website"},"datePublished":"2026-04-14T08:25:09+00:00","dateModified":"2026-04-14T08:25:09+00:00","description":"Compra A3lu8aa#abm Sistema De Videoconferencia | Hp | | Studio Plus G9, Hd, 10.1, 2 X Hdmi, Usb-c, Con Tc10 + Env\u00edo a domicilio + Pago seguro + Garant\u00eda","breadcrumb":{"@id":"https:\/\/compuviper.mx\/tienda\/producto\/poly-a3lu8aaabm-sistema-de-videoconferencia-hp-studio-plus-g9-hd-10-1-2-x-hdmi-usb-c-con-tc10\/#breadcrumb"},"inLanguage":"es-MX","potentialAction":[{"@type":"ReadAction","target":["https:\/\/compuviper.mx\/tienda\/producto\/poly-a3lu8aaabm-sistema-de-videoconferencia-hp-studio-plus-g9-hd-10-1-2-x-hdmi-usb-c-con-tc10\/"]}]},{"@type":"BreadcrumbList","@id":"https:\/\/compuviper.mx\/tienda\/producto\/poly-a3lu8aaabm-sistema-de-videoconferencia-hp-studio-plus-g9-hd-10-1-2-x-hdmi-usb-c-con-tc10\/#breadcrumb","itemListElement":[{"@type":"ListItem","position":1,"name":"Inicio","item":"https:\/\/compuviper.mx\/tienda\/"},{"@type":"ListItem","position":2,"name":"Productos","item":"https:\/\/compuviper.mx\/tienda\/productos\/"},{"@type":"ListItem","position":3,"name":"Videoconferencia","item":"https:\/\/compuviper.mx\/tienda\/categoria-producto\/videoconferencia\/"},{"@type":"ListItem","position":4,"name":"Sin Categor\u00eda","item":"https:\/\/compuviper.mx\/tienda\/categoria-producto\/videoconferencia\/sin-categoria-videoconferencia\/"},{"@type":"ListItem","position":5,"name":"Poly A3lu8aa#abm Sistema De Videoconferencia | Hp | | Studio Plus G9, Hd, 10.1, 2 X Hdmi, Usb-c, Con Tc10"}]},{"@type":"WebSite","@id":"https:\/\/compuviper.mx\/tienda\/#website","url":"https:\/\/compuviper.mx\/tienda\/","name":"Compuviper","description":"Proveedor de Computadoras, Laptops, Servidores, Monitores, Puntos de Venta, Teclados,   Impresoras, T\u00f3ner, C\u00e1maras de Seguridad y m\u00e1s en tu tienda en l\u00ednea","publisher":{"@id":"https:\/\/compuviper.mx\/tienda\/#organization"},"potentialAction":[{"@type":"SearchAction","target":{"@type":"EntryPoint","urlTemplate":"https:\/\/compuviper.mx\/tienda\/?s={search_term_string}"},"query-input":"required name=search_term_string"}],"inLanguage":"es-MX"},{"@type":"Organization","@id":"https:\/\/compuviper.mx\/tienda\/#organization","name":"Compuviper","url":"https:\/\/compuviper.mx\/tienda\/","logo":{"@type":"ImageObject","inLanguage":"es-MX","@id":"https:\/\/compuviper.mx\/tienda\/#\/schema\/logo\/image\/","url":"https:\/\/compuviper.mx\/tienda\/wp-content\/uploads\/2021\/08\/Logo-Compuviper-10.png","contentUrl":"https:\/\/compuviper.mx\/tienda\/wp-content\/uploads\/2021\/08\/Logo-Compuviper-10.png","width":1000,"height":500,"caption":"Compuviper"},"image":{"@id":"https:\/\/compuviper.mx\/tienda\/#\/schema\/logo\/image\/"},"sameAs":["https:\/\/www.facebook.com\/compuviper","https:\/\/www.youtube.com\/channel\/UCf73dERp9Y3cfOq7q8BhLjA?view_as=subscriber"]}]},"product_brand":"POLY","product_price_amount":"50557","product_price_currency":"MXN","og_availability":"backorder","product_availability":"available for order","product_retailer_item_id":"A3LU8AA#ABM","product_condition":"new"},"_links":{"self":[{"href":"https:\/\/compuviper.mx\/tienda\/wp-json\/wp\/v2\/product\/256594"}],"collection":[{"href":"https:\/\/compuviper.mx\/tienda\/wp-json\/wp\/v2\/product"}],"about":[{"href":"https:\/\/compuviper.mx\/tienda\/wp-json\/wp\/v2\/types\/product"}],"replies":[{"embeddable":true,"href":"https:\/\/compuviper.mx\/tienda\/wp-json\/wp\/v2\/comments?post=256594"}],"wp:featuredmedia":[{"embeddable":true,"href":"https:\/\/compuviper.mx\/tienda\/wp-json\/wp\/v2\/media\/258573"}],"wp:attachment":[{"href":"https:\/\/compuviper.mx\/tienda\/wp-json\/wp\/v2\/media?parent=256594"}],"wp:term":[{"taxonomy":"product_cat","embeddable":true,"href":"https:\/\/compuviper.mx\/tienda\/wp-json\/wp\/v2\/product_cat?post=256594"},{"taxonomy":"product_tag","embeddable":true,"href":"https:\/\/compuviper.mx\/tienda\/wp-json\/wp\/v2\/product_tag?post=256594"}],"curies":[{"name":"wp","href":"https:\/\/api.w.org\/{rel}","templated":true}]}}