{"id":256554,"date":"2026-04-18T00:26:00","date_gmt":"2026-04-18T06:26:00","guid":{"rendered":"https:\/\/compuviper.mx\/tienda\/producto\/dahua-dh-xvr1b04-i-t-dvr-4-canales-1080p-litewizsense-hdcvi-x-plus-4-canales-hdcvi-1-canal-ip-audio-bidireccional-en-los-4-canales-deteccion-de-movimiento-inteligente-conversion-de-hasta-5-c\/"},"modified":"2026-04-19T00:00:08","modified_gmt":"2026-04-19T06:00:08","slug":"dahua-dh-xvr1b04-i-t-dvr-4-canales-1080p-litewizsense-hdcvi-x-plus-4-canales-hdcvi-1-canal-ip-audio-bidireccional-en-los-4-canales-deteccion-de-movimiento-inteligente-conversion-de-hasta-5-c","status":"publish","type":"product","link":"https:\/\/compuviper.mx\/tienda\/producto\/dahua-dh-xvr1b04-i-t-dvr-4-canales-1080p-litewizsense-hdcvi-x-plus-4-canales-hdcvi-1-canal-ip-audio-bidireccional-en-los-4-canales-deteccion-de-movimiento-inteligente-conversion-de-hasta-5-c\/","title":{"rendered":"Dahua Dh-xvr1b04-i\/t Dvr\/ \/  \/4 Canales 1080p Litewizsense\/ Hdcvi X Plus\/4 Canales Hdcvi +1 Canal Ip\/ Audio Bidireccional En Los 4 Canales\/ Deteccion De Movimiento Inteligente\/ Conversion De Hasta 5 Ca"},"content":{"rendered":"<table class=\"descripcion\">\n<tr>\n<td>Especificaciones tecnicas<\/td>\n<\/tr>\n<tr>\n<td>\u0095 entradas de video: 4 canales bnc hdcvi\/ahd\/tvi\/cvbs<\/td>\n<\/tr>\n<tr>\n<td>\u0095 canales ip: hasta 5 camaras ip (max. 2 mp)<\/td>\n<\/tr>\n<tr>\n<td>\u0095 resolucion de grabacion: 1080p lite<\/td>\n<\/tr>\n<tr>\n<td>\u0095 codificacion de video: ai coding \/ smart h.265+ \/ h.265 \/ smart h.264+ \/ h.264<\/td>\n<\/tr>\n<tr>\n<td>\u0095 audio: 1 entrada rca \/ 1 salida rca + audio bidireccional por coaxial<\/td>\n<\/tr>\n<tr>\n<td>\u0095 salidas de video: 1 hdmi \/ 1 vga (hasta 1080p)<\/td>\n<\/tr>\n<tr>\n<td>\u0095 almacenamiento: 1 hdd sata (max. 6 tb)<\/td>\n<\/tr>\n<tr>\n<td>\u0095 interfaz de red: 1 rj-45 (10\/100 mbps)<\/td>\n<\/tr>\n<tr>\n<td>\u0095 usb: 2 puertos usb 2.0<\/td>\n<\/tr>\n<tr>\n<td>\u0095 consumo: menos de 7 w sin hdd<\/td>\n<\/tr>\n<tr>\n<td>\u0095 alimentacion: 12v dc \/ 1.5 a<\/td>\n<\/tr>\n<tr>\n<td>\u0095 temperatura de operacion: \u009610 \u00b0c a +45 \u00b0c<\/td>\n<\/tr>\n<tr>\n<td>\u0095 dimensiones: 198 mm \u00d7 203 mm \u00d7 41.5 mm<\/td>\n<\/tr>\n<tr>\n<td>\u0095 peso: 0.54 kg (sin hdd)<\/td>\n<\/tr>\n<tr>\n<td>Incluye<\/td>\n<\/tr>\n<tr>\n<td>\u0095 1x dvr hibrido de 4 canales dahua dh-xvr1b04-i\/t<\/td>\n<\/tr>\n<tr>\n<td>\u0095 1x manual de usuario<\/td>\n<\/tr>\n<tr>\n<td>\u0095 1x poliza de garantia<\/td>\n<\/tr>\n<\/table>\n","protected":false},"excerpt":{"rendered":"<p>Informacion general. El dahua dh xvr1b04 i\/t permite grabar hasta 4 senales hdcvi y anadir 1 ip, con posibilidad de ampliar a 5 ip. Soporta compresion h.265, deteccion de movimiento inteligente y audio bidireccional en cada canal grabador. Integra interfaz hdmi\/vga, red gigabit, e interfaz para hdd (hasta 6 tb). Su decodificacion es de 1080p lite, ideal para monitoreo en calidad hd. Compatible con wizsense para ia basica de movimiento, es una solucion accesible y expandible para pequenas instalaciones que requieren integracion de camaras ip. **importante: **. En los equipos dahua de la serie xplus, el audio bidireccional solo es funcional cuando se utiliza cable coaxial directo (no es compatible con baluns de video ni transceptores), y su distancia maxima depende del tipo de cable: hasta 100 metros con rg58 bnc y hasta 200 metros con rg59 bnc, es compatible unicamente con grabadores xvr de la misma serie xplus, su uso con modelos distintos podria resultar en perdida de funcionalidad de audio bidireccional. Caracteristicas principales. \u0095 smd plus de 4 canales para canales analogicos que permite que el dispositivo active alarmas precisas para humanos y vehiculos. \u0095 la codificacion de ia de 4 canales ahorra almacenamiento y ancho de banda al tiempo que mantiene los detalles de los objetivos en los videos. \u0095 admite entradas de video hdcvi, ahd, tvi, cvbs e ip. \u0095 compresion de video inteligente de doble flujo h.265+ y h.265. +++sustituto del dvr-317 dh-xvr1b04-i +++<\/p>\n","protected":false},"featured_media":259518,"comment_status":"open","ping_status":"open","template":"","meta":[],"product_cat":[1689,1690],"product_tag":[1555],"acf":[],"yoast_head":"<!-- This site is optimized with the Yoast SEO plugin v21.7 - https:\/\/yoast.com\/wordpress\/plugins\/seo\/ -->\n<title>[ Dahua ] &#129351; Dh-xvr1b04-i\/t Dvr\/ \/ \/4 Canales 1080p Litewizsense\/ Hdcvi X Plus\/4 Canales Hdcvi +1 Canal Ip\/ Audio Bidireccional En Los 4 Canales\/ Deteccion De Movimiento Inteligente\/ Conversion De Hasta 5 Ca<\/title>\n<meta name=\"description\" content=\"Compra Dh-xvr1b04-i\/t Dvr\/ \/ \/4 Canales 1080p Litewizsense\/ Hdcvi X Plus\/4 Canales Hdcvi +1 Canal Ip\/ Audio Bidireccional En Los 4 Canales\/ Deteccion De Movimiento Inteligente\/ Conversion De Hasta 5 Ca + Env\u00edo a domicilio + Pago seguro + Garant\u00eda\" \/>\n<meta name=\"robots\" content=\"index, follow, max-snippet:-1, max-image-preview:large, max-video-preview:-1\" \/>\n<link rel=\"canonical\" href=\"https:\/\/compuviper.mx\/tienda\/producto\/dahua-dh-xvr1b04-i-t-dvr-4-canales-1080p-litewizsense-hdcvi-x-plus-4-canales-hdcvi-1-canal-ip-audio-bidireccional-en-los-4-canales-deteccion-de-movimiento-inteligente-conversion-de-hasta-5-c\/\" \/>\n<meta property=\"og:locale\" content=\"es_MX\" \/>\n<meta property=\"og:type\" content=\"article\" \/>\n<meta property=\"og:title\" content=\"[ Dahua ] &#129351; Dh-xvr1b04-i\/t Dvr\/ \/ \/4 Canales 1080p Litewizsense\/ Hdcvi X Plus\/4 Canales Hdcvi +1 Canal Ip\/ Audio Bidireccional En Los 4 Canales\/ Deteccion De Movimiento Inteligente\/ Conversion De Hasta 5 Ca\" \/>\n<meta property=\"og:description\" content=\"Compra Dh-xvr1b04-i\/t Dvr\/ \/ \/4 Canales 1080p Litewizsense\/ Hdcvi X Plus\/4 Canales Hdcvi +1 Canal Ip\/ Audio Bidireccional En Los 4 Canales\/ Deteccion De Movimiento Inteligente\/ Conversion De Hasta 5 Ca + Env\u00edo a domicilio + Pago seguro + Garant\u00eda\" \/>\n<meta property=\"og:url\" content=\"https:\/\/compuviper.mx\/tienda\/producto\/dahua-dh-xvr1b04-i-t-dvr-4-canales-1080p-litewizsense-hdcvi-x-plus-4-canales-hdcvi-1-canal-ip-audio-bidireccional-en-los-4-canales-deteccion-de-movimiento-inteligente-conversion-de-hasta-5-c\/\" \/>\n<meta property=\"og:site_name\" content=\"Compuviper\" \/>\n<meta property=\"article:publisher\" content=\"https:\/\/www.facebook.com\/compuviper\" \/>\n<meta property=\"article:modified_time\" content=\"2026-04-19T06:00:08+00:00\" \/>\n<meta property=\"og:image\" content=\"https:\/\/compuviper.mx\/tienda\/wp-content\/uploads\/2025\/10\/Dvr-dahua-dh-xvr1b04-it-4-canales-1080p-litewizsense-hdcvi-x-plus4-canales-hdcvi-1-canal-ip-audio-bidireccional-en-los-4-canales-deteccion-de-movimiento-inteligente-conversion-de-hasta-5-ca.jpg\" \/>\n\t<meta property=\"og:image:width\" content=\"200\" \/>\n\t<meta property=\"og:image:height\" content=\"200\" \/>\n\t<meta property=\"og:image:type\" content=\"image\/jpeg\" \/>\n<meta name=\"twitter:card\" content=\"summary_large_image\" \/>\n<meta name=\"twitter:label1\" content=\"Precio\" \/>\n\t<meta name=\"twitter:data1\" content=\"&#36;558 con IVA\" \/>\n\t<meta name=\"twitter:label2\" content=\"Availability\" \/>\n\t<meta name=\"twitter:data2\" content=\"In stock\" \/>\n<script type=\"application\/ld+json\" class=\"yoast-schema-graph\">{\"@context\":\"https:\/\/schema.org\",\"@graph\":[{\"@type\":\"WebPage\",\"@id\":\"https:\/\/compuviper.mx\/tienda\/producto\/dahua-dh-xvr1b04-i-t-dvr-4-canales-1080p-litewizsense-hdcvi-x-plus-4-canales-hdcvi-1-canal-ip-audio-bidireccional-en-los-4-canales-deteccion-de-movimiento-inteligente-conversion-de-hasta-5-c\/\",\"url\":\"https:\/\/compuviper.mx\/tienda\/producto\/dahua-dh-xvr1b04-i-t-dvr-4-canales-1080p-litewizsense-hdcvi-x-plus-4-canales-hdcvi-1-canal-ip-audio-bidireccional-en-los-4-canales-deteccion-de-movimiento-inteligente-conversion-de-hasta-5-c\/\",\"name\":\"[ Dahua ] &#129351; Dh-xvr1b04-i\/t Dvr\/ \/ \/4 Canales 1080p Litewizsense\/ Hdcvi X Plus\/4 Canales Hdcvi +1 Canal Ip\/ Audio Bidireccional En Los 4 Canales\/ Deteccion De Movimiento Inteligente\/ Conversion De Hasta 5 Ca\",\"isPartOf\":{\"@id\":\"https:\/\/compuviper.mx\/tienda\/#website\"},\"datePublished\":\"2026-04-18T06:26:00+00:00\",\"dateModified\":\"2026-04-19T06:00:08+00:00\",\"description\":\"Compra Dh-xvr1b04-i\/t Dvr\/ \/ \/4 Canales 1080p Litewizsense\/ Hdcvi X Plus\/4 Canales Hdcvi +1 Canal Ip\/ Audio Bidireccional En Los 4 Canales\/ Deteccion De Movimiento Inteligente\/ Conversion De Hasta 5 Ca + Env\u00edo a domicilio + Pago seguro + Garant\u00eda\",\"breadcrumb\":{\"@id\":\"https:\/\/compuviper.mx\/tienda\/producto\/dahua-dh-xvr1b04-i-t-dvr-4-canales-1080p-litewizsense-hdcvi-x-plus-4-canales-hdcvi-1-canal-ip-audio-bidireccional-en-los-4-canales-deteccion-de-movimiento-inteligente-conversion-de-hasta-5-c\/#breadcrumb\"},\"inLanguage\":\"es-MX\",\"potentialAction\":[{\"@type\":\"ReadAction\",\"target\":[\"https:\/\/compuviper.mx\/tienda\/producto\/dahua-dh-xvr1b04-i-t-dvr-4-canales-1080p-litewizsense-hdcvi-x-plus-4-canales-hdcvi-1-canal-ip-audio-bidireccional-en-los-4-canales-deteccion-de-movimiento-inteligente-conversion-de-hasta-5-c\/\"]}]},{\"@type\":\"BreadcrumbList\",\"@id\":\"https:\/\/compuviper.mx\/tienda\/producto\/dahua-dh-xvr1b04-i-t-dvr-4-canales-1080p-litewizsense-hdcvi-x-plus-4-canales-hdcvi-1-canal-ip-audio-bidireccional-en-los-4-canales-deteccion-de-movimiento-inteligente-conversion-de-hasta-5-c\/#breadcrumb\",\"itemListElement\":[{\"@type\":\"ListItem\",\"position\":1,\"name\":\"Inicio\",\"item\":\"https:\/\/compuviper.mx\/tienda\/\"},{\"@type\":\"ListItem\",\"position\":2,\"name\":\"Productos\",\"item\":\"https:\/\/compuviper.mx\/tienda\/productos\/\"},{\"@type\":\"ListItem\",\"position\":3,\"name\":\"Videograbadores\",\"item\":\"https:\/\/compuviper.mx\/tienda\/categoria-producto\/videograbadores\/\"},{\"@type\":\"ListItem\",\"position\":4,\"name\":\"Dvr\",\"item\":\"https:\/\/compuviper.mx\/tienda\/categoria-producto\/videograbadores\/dvr\/\"},{\"@type\":\"ListItem\",\"position\":5,\"name\":\"Dahua Dh-xvr1b04-i\/t Dvr\/ \/ \/4 Canales 1080p Litewizsense\/ Hdcvi X Plus\/4 Canales Hdcvi +1 Canal Ip\/ Audio Bidireccional En Los 4 Canales\/ Deteccion De Movimiento Inteligente\/ Conversion De Hasta 5 Ca\"}]},{\"@type\":\"WebSite\",\"@id\":\"https:\/\/compuviper.mx\/tienda\/#website\",\"url\":\"https:\/\/compuviper.mx\/tienda\/\",\"name\":\"Compuviper\",\"description\":\"Proveedor de Computadoras, Laptops, Servidores, Monitores, Puntos de Venta, Teclados,   Impresoras, T\u00f3ner, C\u00e1maras de Seguridad y m\u00e1s en tu tienda en l\u00ednea\",\"publisher\":{\"@id\":\"https:\/\/compuviper.mx\/tienda\/#organization\"},\"potentialAction\":[{\"@type\":\"SearchAction\",\"target\":{\"@type\":\"EntryPoint\",\"urlTemplate\":\"https:\/\/compuviper.mx\/tienda\/?s={search_term_string}\"},\"query-input\":\"required name=search_term_string\"}],\"inLanguage\":\"es-MX\"},{\"@type\":\"Organization\",\"@id\":\"https:\/\/compuviper.mx\/tienda\/#organization\",\"name\":\"Compuviper\",\"url\":\"https:\/\/compuviper.mx\/tienda\/\",\"logo\":{\"@type\":\"ImageObject\",\"inLanguage\":\"es-MX\",\"@id\":\"https:\/\/compuviper.mx\/tienda\/#\/schema\/logo\/image\/\",\"url\":\"https:\/\/compuviper.mx\/tienda\/wp-content\/uploads\/2021\/08\/Logo-Compuviper-10.png\",\"contentUrl\":\"https:\/\/compuviper.mx\/tienda\/wp-content\/uploads\/2021\/08\/Logo-Compuviper-10.png\",\"width\":1000,\"height\":500,\"caption\":\"Compuviper\"},\"image\":{\"@id\":\"https:\/\/compuviper.mx\/tienda\/#\/schema\/logo\/image\/\"},\"sameAs\":[\"https:\/\/www.facebook.com\/compuviper\",\"https:\/\/www.youtube.com\/channel\/UCf73dERp9Y3cfOq7q8BhLjA?view_as=subscriber\"]}]}<\/script>\n<meta property=\"product:brand\" content=\"DAHUA\" \/>\n<meta property=\"product:price:amount\" content=\"558\" \/>\n<meta property=\"product:price:currency\" content=\"MXN\" \/>\n<meta property=\"og:availability\" content=\"instock\" \/>\n<meta property=\"product:availability\" content=\"instock\" \/>\n<meta property=\"product:retailer_item_id\" content=\"DH-XVR1B04-I\/T\" \/>\n<meta property=\"product:condition\" content=\"new\" \/>\n<!-- \/ Yoast SEO plugin. -->","yoast_head_json":{"title":"[ Dahua ] &#129351; Dh-xvr1b04-i\/t Dvr\/ \/ \/4 Canales 1080p Litewizsense\/ Hdcvi X Plus\/4 Canales Hdcvi +1 Canal Ip\/ Audio Bidireccional En Los 4 Canales\/ Deteccion De Movimiento Inteligente\/ Conversion De Hasta 5 Ca","description":"Compra Dh-xvr1b04-i\/t Dvr\/ \/ \/4 Canales 1080p Litewizsense\/ Hdcvi X Plus\/4 Canales Hdcvi +1 Canal Ip\/ Audio Bidireccional En Los 4 Canales\/ Deteccion De Movimiento Inteligente\/ Conversion De Hasta 5 Ca + Env\u00edo a domicilio + Pago seguro + Garant\u00eda","robots":{"index":"index","follow":"follow","max-snippet":"max-snippet:-1","max-image-preview":"max-image-preview:large","max-video-preview":"max-video-preview:-1"},"canonical":"https:\/\/compuviper.mx\/tienda\/producto\/dahua-dh-xvr1b04-i-t-dvr-4-canales-1080p-litewizsense-hdcvi-x-plus-4-canales-hdcvi-1-canal-ip-audio-bidireccional-en-los-4-canales-deteccion-de-movimiento-inteligente-conversion-de-hasta-5-c\/","og_locale":"es_MX","og_type":"article","og_title":"[ Dahua ] &#129351; Dh-xvr1b04-i\/t Dvr\/ \/ \/4 Canales 1080p Litewizsense\/ Hdcvi X Plus\/4 Canales Hdcvi +1 Canal Ip\/ Audio Bidireccional En Los 4 Canales\/ Deteccion De Movimiento Inteligente\/ Conversion De Hasta 5 Ca","og_description":"Compra Dh-xvr1b04-i\/t Dvr\/ \/ \/4 Canales 1080p Litewizsense\/ Hdcvi X Plus\/4 Canales Hdcvi +1 Canal Ip\/ Audio Bidireccional En Los 4 Canales\/ Deteccion De Movimiento Inteligente\/ Conversion De Hasta 5 Ca + Env\u00edo a domicilio + Pago seguro + Garant\u00eda","og_url":"https:\/\/compuviper.mx\/tienda\/producto\/dahua-dh-xvr1b04-i-t-dvr-4-canales-1080p-litewizsense-hdcvi-x-plus-4-canales-hdcvi-1-canal-ip-audio-bidireccional-en-los-4-canales-deteccion-de-movimiento-inteligente-conversion-de-hasta-5-c\/","og_site_name":"Compuviper","article_publisher":"https:\/\/www.facebook.com\/compuviper","article_modified_time":"2026-04-19T06:00:08+00:00","og_image":[{"width":200,"height":200,"url":"https:\/\/compuviper.mx\/tienda\/wp-content\/uploads\/2025\/10\/Dvr-dahua-dh-xvr1b04-it-4-canales-1080p-litewizsense-hdcvi-x-plus4-canales-hdcvi-1-canal-ip-audio-bidireccional-en-los-4-canales-deteccion-de-movimiento-inteligente-conversion-de-hasta-5-ca.jpg","type":"image\/jpeg"}],"twitter_card":"summary_large_image","twitter_misc":{"Precio":"&#36;558 con IVA","Availability":"In stock"},"schema":{"@context":"https:\/\/schema.org","@graph":[{"@type":"WebPage","@id":"https:\/\/compuviper.mx\/tienda\/producto\/dahua-dh-xvr1b04-i-t-dvr-4-canales-1080p-litewizsense-hdcvi-x-plus-4-canales-hdcvi-1-canal-ip-audio-bidireccional-en-los-4-canales-deteccion-de-movimiento-inteligente-conversion-de-hasta-5-c\/","url":"https:\/\/compuviper.mx\/tienda\/producto\/dahua-dh-xvr1b04-i-t-dvr-4-canales-1080p-litewizsense-hdcvi-x-plus-4-canales-hdcvi-1-canal-ip-audio-bidireccional-en-los-4-canales-deteccion-de-movimiento-inteligente-conversion-de-hasta-5-c\/","name":"[ Dahua ] &#129351; Dh-xvr1b04-i\/t Dvr\/ \/ \/4 Canales 1080p Litewizsense\/ Hdcvi X Plus\/4 Canales Hdcvi +1 Canal Ip\/ Audio Bidireccional En Los 4 Canales\/ Deteccion De Movimiento Inteligente\/ Conversion De Hasta 5 Ca","isPartOf":{"@id":"https:\/\/compuviper.mx\/tienda\/#website"},"datePublished":"2026-04-18T06:26:00+00:00","dateModified":"2026-04-19T06:00:08+00:00","description":"Compra Dh-xvr1b04-i\/t Dvr\/ \/ \/4 Canales 1080p Litewizsense\/ Hdcvi X Plus\/4 Canales Hdcvi +1 Canal Ip\/ Audio Bidireccional En Los 4 Canales\/ Deteccion De Movimiento Inteligente\/ Conversion De Hasta 5 Ca + Env\u00edo a domicilio + Pago seguro + Garant\u00eda","breadcrumb":{"@id":"https:\/\/compuviper.mx\/tienda\/producto\/dahua-dh-xvr1b04-i-t-dvr-4-canales-1080p-litewizsense-hdcvi-x-plus-4-canales-hdcvi-1-canal-ip-audio-bidireccional-en-los-4-canales-deteccion-de-movimiento-inteligente-conversion-de-hasta-5-c\/#breadcrumb"},"inLanguage":"es-MX","potentialAction":[{"@type":"ReadAction","target":["https:\/\/compuviper.mx\/tienda\/producto\/dahua-dh-xvr1b04-i-t-dvr-4-canales-1080p-litewizsense-hdcvi-x-plus-4-canales-hdcvi-1-canal-ip-audio-bidireccional-en-los-4-canales-deteccion-de-movimiento-inteligente-conversion-de-hasta-5-c\/"]}]},{"@type":"BreadcrumbList","@id":"https:\/\/compuviper.mx\/tienda\/producto\/dahua-dh-xvr1b04-i-t-dvr-4-canales-1080p-litewizsense-hdcvi-x-plus-4-canales-hdcvi-1-canal-ip-audio-bidireccional-en-los-4-canales-deteccion-de-movimiento-inteligente-conversion-de-hasta-5-c\/#breadcrumb","itemListElement":[{"@type":"ListItem","position":1,"name":"Inicio","item":"https:\/\/compuviper.mx\/tienda\/"},{"@type":"ListItem","position":2,"name":"Productos","item":"https:\/\/compuviper.mx\/tienda\/productos\/"},{"@type":"ListItem","position":3,"name":"Videograbadores","item":"https:\/\/compuviper.mx\/tienda\/categoria-producto\/videograbadores\/"},{"@type":"ListItem","position":4,"name":"Dvr","item":"https:\/\/compuviper.mx\/tienda\/categoria-producto\/videograbadores\/dvr\/"},{"@type":"ListItem","position":5,"name":"Dahua Dh-xvr1b04-i\/t Dvr\/ \/ \/4 Canales 1080p Litewizsense\/ Hdcvi X Plus\/4 Canales Hdcvi +1 Canal Ip\/ Audio Bidireccional En Los 4 Canales\/ Deteccion De Movimiento Inteligente\/ Conversion De Hasta 5 Ca"}]},{"@type":"WebSite","@id":"https:\/\/compuviper.mx\/tienda\/#website","url":"https:\/\/compuviper.mx\/tienda\/","name":"Compuviper","description":"Proveedor de Computadoras, Laptops, Servidores, Monitores, Puntos de Venta, Teclados,   Impresoras, T\u00f3ner, C\u00e1maras de Seguridad y m\u00e1s en tu tienda en l\u00ednea","publisher":{"@id":"https:\/\/compuviper.mx\/tienda\/#organization"},"potentialAction":[{"@type":"SearchAction","target":{"@type":"EntryPoint","urlTemplate":"https:\/\/compuviper.mx\/tienda\/?s={search_term_string}"},"query-input":"required name=search_term_string"}],"inLanguage":"es-MX"},{"@type":"Organization","@id":"https:\/\/compuviper.mx\/tienda\/#organization","name":"Compuviper","url":"https:\/\/compuviper.mx\/tienda\/","logo":{"@type":"ImageObject","inLanguage":"es-MX","@id":"https:\/\/compuviper.mx\/tienda\/#\/schema\/logo\/image\/","url":"https:\/\/compuviper.mx\/tienda\/wp-content\/uploads\/2021\/08\/Logo-Compuviper-10.png","contentUrl":"https:\/\/compuviper.mx\/tienda\/wp-content\/uploads\/2021\/08\/Logo-Compuviper-10.png","width":1000,"height":500,"caption":"Compuviper"},"image":{"@id":"https:\/\/compuviper.mx\/tienda\/#\/schema\/logo\/image\/"},"sameAs":["https:\/\/www.facebook.com\/compuviper","https:\/\/www.youtube.com\/channel\/UCf73dERp9Y3cfOq7q8BhLjA?view_as=subscriber"]}]},"product_brand":"DAHUA","product_price_amount":"558","product_price_currency":"MXN","og_availability":"instock","product_availability":"instock","product_retailer_item_id":"DH-XVR1B04-I\/T","product_condition":"new"},"_links":{"self":[{"href":"https:\/\/compuviper.mx\/tienda\/wp-json\/wp\/v2\/product\/256554"}],"collection":[{"href":"https:\/\/compuviper.mx\/tienda\/wp-json\/wp\/v2\/product"}],"about":[{"href":"https:\/\/compuviper.mx\/tienda\/wp-json\/wp\/v2\/types\/product"}],"replies":[{"embeddable":true,"href":"https:\/\/compuviper.mx\/tienda\/wp-json\/wp\/v2\/comments?post=256554"}],"wp:featuredmedia":[{"embeddable":true,"href":"https:\/\/compuviper.mx\/tienda\/wp-json\/wp\/v2\/media\/259518"}],"wp:attachment":[{"href":"https:\/\/compuviper.mx\/tienda\/wp-json\/wp\/v2\/media?parent=256554"}],"wp:term":[{"taxonomy":"product_cat","embeddable":true,"href":"https:\/\/compuviper.mx\/tienda\/wp-json\/wp\/v2\/product_cat?post=256554"},{"taxonomy":"product_tag","embeddable":true,"href":"https:\/\/compuviper.mx\/tienda\/wp-json\/wp\/v2\/product_tag?post=256554"}],"curies":[{"name":"wp","href":"https:\/\/api.w.org\/{rel}","templated":true}]}}