{"id":256553,"date":"2026-04-15T00:26:07","date_gmt":"2026-04-15T06:26:07","guid":{"rendered":"https:\/\/compuviper.mx\/tienda\/producto\/dahua-dh-xvr1b08-i-t-dvr-de-8-canales-1080p-litewizsense-hdcvi-x-plus-8-canales-hdcvi-2-canal-ip-audio-bidireccional-en-los-8-canales-deteccion-de-movimiento-inteligente-soporta-10-canales-ip\/"},"modified":"2026-04-15T00:26:07","modified_gmt":"2026-04-15T06:26:07","slug":"dahua-dh-xvr1b08-i-t-dvr-de-8-canales-1080p-litewizsense-hdcvi-x-plus-8-canales-hdcvi-2-canal-ip-audio-bidireccional-en-los-8-canales-deteccion-de-movimiento-inteligente-soporta-10-canales-ip","status":"publish","type":"product","link":"https:\/\/compuviper.mx\/tienda\/producto\/dahua-dh-xvr1b08-i-t-dvr-de-8-canales-1080p-litewizsense-hdcvi-x-plus-8-canales-hdcvi-2-canal-ip-audio-bidireccional-en-los-8-canales-deteccion-de-movimiento-inteligente-soporta-10-canales-ip\/","title":{"rendered":"Dahua Dh-xvr1b08-i\/t Dvr\/ \/  De 8 Canales 1080p Litewizsense\/hdcvi X Plus\/ 8 Canales Hdcvi +2 Canal Ip\/ Audio Bidireccional En Los 8 Canales\/ Deteccion De Movimiento Inteligente\/ Soporta 10 Canales Ip"},"content":{"rendered":"<table class=\"descripcion\">\n<tr>\n<td>**sustituto del dvr-319 dh-xvr1b08-i **<\/td>\n<\/tr>\n<tr>\n<td>Especificaciones tecnicas<\/td>\n<\/tr>\n<tr>\n<td>\u0095 entradas de video: 8 canales bnc (hdcvi\/ahd\/tvi\/cvbs), + 2 ip (hasta 10 ip con conversion)<\/td>\n<\/tr>\n<tr>\n<td>\u0095 resolucion maxima: 1080p lite en canales analogicos<\/td>\n<\/tr>\n<tr>\n<td>\u0095 audio: 1 entrada rca \/ 1 salida rca + audio por coaxial en los 8 canales<\/td>\n<\/tr>\n<tr>\n<td>\u0095 codificacion: ai coding \/ smart h.265+ \/ h.265 \/ h.264<\/td>\n<\/tr>\n<tr>\n<td>\u0095 salidas de video: 1 hdmi y 1 vga (hasta 1920\u00d71080)<\/td>\n<\/tr>\n<tr>\n<td>\u0095 camara ip soportada: hasta 6 mp por canal<\/td>\n<\/tr>\n<tr>\n<td>\u0095 almacenamiento: 1 hdd sata (hasta 6 tb)<\/td>\n<\/tr>\n<tr>\n<td>\u0095 red: 1 puerto ethernet rj-45 (10\/100 mbps), compatible con onvif<\/td>\n<\/tr>\n<tr>\n<td>\u0095 usb: 2 puertos usb 2.0<\/td>\n<\/tr>\n<tr>\n<td>\u0095 alimentacion: 12 vdc \/ 1.5 a, consumo  7 w (sin hdd)<\/td>\n<\/tr>\n<tr>\n<td>\u0095 dimensiones: 198 mm \u00d7 203 mm \u00d7 41.5 mm<\/td>\n<\/tr>\n<tr>\n<td>\u0095 peso: 0.56 kg<\/td>\n<\/tr>\n<tr>\n<td>\u0095 temperatura de operacion: \u009610 \u00b0c a +45 \u00b0c<\/td>\n<\/tr>\n<tr>\n<td>\u0095 humedad relativa: 10%\u009690% (sin condensacion)<\/td>\n<\/tr>\n<tr>\n<td>Incluye<\/td>\n<\/tr>\n<tr>\n<td>\u0095 1x dvr hibrido dahua dh xvr1b08 i\/t<\/td>\n<\/tr>\n<tr>\n<td>\u0095 1x manual de usuario<\/td>\n<\/tr>\n<tr>\n<td>\u0095 1x poliza de garantia<\/td>\n<\/tr>\n<\/table>\n","protected":false},"excerpt":{"rendered":"<p>Informacion general. El dahua dh-xvr1b08-i\/t es un dvr hibrido de 8 canales con tecnologia wizsense que admite 8 camaras hdcvi mas 2 ip (o hasta 10 ip por conversion). Incluye funciones de inteligencia artificial como smd plus para distinguir entre personas y vehiculos, reduciendo falsas alarmas. Integra audio bidireccional por coaxial en los 8 canales y es compatible con camaras hdcvi, ahd, tvi, cvbs e ip. Su compresion smart h.265+ permite ahorrar ancho de banda y almacenamiento. Cuenta con salidas hdmi y vga, soporte de hasta 6 tb, acceso remoto, y es ideal para instalaciones residenciales o comerciales. Importante: en los equipos dahua de la serie xplus, el audio bidireccional solo es funcional cuando se utiliza cable coaxial directo (no es compatible con baluns de video ni transceptores), y su distancia maxima depende del tipo de cable: hasta 100 metros con rg58 bnc y hasta 200 metros con rg59 bnc, es compatible unicamente con grabadores xvr de la misma serie xplus, su uso con modelos distintos podria resultar en perdida de funcionalidad de audio bidireccional. Caracteristicas principales. \u0095 8 canales analogicos hdcvi mas 2 ip (hasta 10 ip por conversion. \u0095 audio bidireccional por coaxial. \u0095 ia con deteccion de movimiento smd plus. \u0095 soporte para multiples formatos de video. \u0095 compresion ai coding \/ h.265. \u0095 salida hdmi y vga simultanea. \u0095 acceso remoto y configuracion via red. \u0095 compatible con onvif.                                             **sustituto del dvr-319 dh-xvr1b08-i **<\/p>\n","protected":false},"featured_media":259517,"comment_status":"open","ping_status":"open","template":"","meta":[],"product_cat":[1689,1690],"product_tag":[1555],"acf":[],"yoast_head":"<!-- This site is optimized with the Yoast SEO plugin v21.7 - https:\/\/yoast.com\/wordpress\/plugins\/seo\/ -->\n<title>[ Dahua ] &#129351; Dh-xvr1b08-i\/t Dvr\/ \/ De 8 Canales 1080p Litewizsense\/hdcvi X Plus\/ 8 Canales Hdcvi +2 Canal Ip\/ Audio Bidireccional En Los 8 Canales\/ Deteccion De Movimiento Inteligente\/ Soporta 10 Canales Ip<\/title>\n<meta name=\"description\" content=\"Compra Dh-xvr1b08-i\/t Dvr\/ \/ De 8 Canales 1080p Litewizsense\/hdcvi X Plus\/ 8 Canales Hdcvi +2 Canal Ip\/ Audio Bidireccional En Los 8 Canales\/ Deteccion De Movimiento Inteligente\/ Soporta 10 Canales Ip + Env\u00edo a domicilio + Pago seguro + Garant\u00eda\" \/>\n<meta name=\"robots\" content=\"index, follow, max-snippet:-1, max-image-preview:large, max-video-preview:-1\" \/>\n<link rel=\"canonical\" href=\"https:\/\/compuviper.mx\/tienda\/producto\/dahua-dh-xvr1b08-i-t-dvr-de-8-canales-1080p-litewizsense-hdcvi-x-plus-8-canales-hdcvi-2-canal-ip-audio-bidireccional-en-los-8-canales-deteccion-de-movimiento-inteligente-soporta-10-canales-ip\/\" \/>\n<meta property=\"og:locale\" content=\"es_MX\" \/>\n<meta property=\"og:type\" content=\"article\" \/>\n<meta property=\"og:title\" content=\"[ Dahua ] &#129351; Dh-xvr1b08-i\/t Dvr\/ \/ De 8 Canales 1080p Litewizsense\/hdcvi X Plus\/ 8 Canales Hdcvi +2 Canal Ip\/ Audio Bidireccional En Los 8 Canales\/ Deteccion De Movimiento Inteligente\/ Soporta 10 Canales Ip\" \/>\n<meta property=\"og:description\" content=\"Compra Dh-xvr1b08-i\/t Dvr\/ \/ De 8 Canales 1080p Litewizsense\/hdcvi X Plus\/ 8 Canales Hdcvi +2 Canal Ip\/ Audio Bidireccional En Los 8 Canales\/ Deteccion De Movimiento Inteligente\/ Soporta 10 Canales Ip + Env\u00edo a domicilio + Pago seguro + Garant\u00eda\" \/>\n<meta property=\"og:url\" content=\"https:\/\/compuviper.mx\/tienda\/producto\/dahua-dh-xvr1b08-i-t-dvr-de-8-canales-1080p-litewizsense-hdcvi-x-plus-8-canales-hdcvi-2-canal-ip-audio-bidireccional-en-los-8-canales-deteccion-de-movimiento-inteligente-soporta-10-canales-ip\/\" \/>\n<meta property=\"og:site_name\" content=\"Compuviper\" \/>\n<meta property=\"article:publisher\" content=\"https:\/\/www.facebook.com\/compuviper\" \/>\n<meta property=\"og:image\" content=\"https:\/\/compuviper.mx\/tienda\/wp-content\/uploads\/2025\/10\/Dvr-dahua-dh-xvr1b08-it-de-8-canales-1080p-litewizsensehdcvi-x-plus-8-canales-hdcvi-2-canal-ip-audio-bidireccional-en-los-8-canales-deteccion-de-movimiento-inteligente-soporta-10-canales-ip.jpg\" \/>\n\t<meta property=\"og:image:width\" content=\"200\" \/>\n\t<meta property=\"og:image:height\" content=\"200\" \/>\n\t<meta property=\"og:image:type\" content=\"image\/jpeg\" \/>\n<meta name=\"twitter:card\" content=\"summary_large_image\" \/>\n<meta name=\"twitter:label1\" content=\"Precio\" \/>\n\t<meta name=\"twitter:data1\" content=\"&#36;835 con IVA\" \/>\n\t<meta name=\"twitter:label2\" content=\"Availability\" \/>\n\t<meta name=\"twitter:data2\" content=\"In stock\" \/>\n<script type=\"application\/ld+json\" class=\"yoast-schema-graph\">{\"@context\":\"https:\/\/schema.org\",\"@graph\":[{\"@type\":\"WebPage\",\"@id\":\"https:\/\/compuviper.mx\/tienda\/producto\/dahua-dh-xvr1b08-i-t-dvr-de-8-canales-1080p-litewizsense-hdcvi-x-plus-8-canales-hdcvi-2-canal-ip-audio-bidireccional-en-los-8-canales-deteccion-de-movimiento-inteligente-soporta-10-canales-ip\/\",\"url\":\"https:\/\/compuviper.mx\/tienda\/producto\/dahua-dh-xvr1b08-i-t-dvr-de-8-canales-1080p-litewizsense-hdcvi-x-plus-8-canales-hdcvi-2-canal-ip-audio-bidireccional-en-los-8-canales-deteccion-de-movimiento-inteligente-soporta-10-canales-ip\/\",\"name\":\"[ Dahua ] &#129351; Dh-xvr1b08-i\/t Dvr\/ \/ De 8 Canales 1080p Litewizsense\/hdcvi X Plus\/ 8 Canales Hdcvi +2 Canal Ip\/ Audio Bidireccional En Los 8 Canales\/ Deteccion De Movimiento Inteligente\/ Soporta 10 Canales Ip\",\"isPartOf\":{\"@id\":\"https:\/\/compuviper.mx\/tienda\/#website\"},\"datePublished\":\"2026-04-15T06:26:07+00:00\",\"dateModified\":\"2026-04-15T06:26:07+00:00\",\"description\":\"Compra Dh-xvr1b08-i\/t Dvr\/ \/ De 8 Canales 1080p Litewizsense\/hdcvi X Plus\/ 8 Canales Hdcvi +2 Canal Ip\/ Audio Bidireccional En Los 8 Canales\/ Deteccion De Movimiento Inteligente\/ Soporta 10 Canales Ip + Env\u00edo a domicilio + Pago seguro + Garant\u00eda\",\"breadcrumb\":{\"@id\":\"https:\/\/compuviper.mx\/tienda\/producto\/dahua-dh-xvr1b08-i-t-dvr-de-8-canales-1080p-litewizsense-hdcvi-x-plus-8-canales-hdcvi-2-canal-ip-audio-bidireccional-en-los-8-canales-deteccion-de-movimiento-inteligente-soporta-10-canales-ip\/#breadcrumb\"},\"inLanguage\":\"es-MX\",\"potentialAction\":[{\"@type\":\"ReadAction\",\"target\":[\"https:\/\/compuviper.mx\/tienda\/producto\/dahua-dh-xvr1b08-i-t-dvr-de-8-canales-1080p-litewizsense-hdcvi-x-plus-8-canales-hdcvi-2-canal-ip-audio-bidireccional-en-los-8-canales-deteccion-de-movimiento-inteligente-soporta-10-canales-ip\/\"]}]},{\"@type\":\"BreadcrumbList\",\"@id\":\"https:\/\/compuviper.mx\/tienda\/producto\/dahua-dh-xvr1b08-i-t-dvr-de-8-canales-1080p-litewizsense-hdcvi-x-plus-8-canales-hdcvi-2-canal-ip-audio-bidireccional-en-los-8-canales-deteccion-de-movimiento-inteligente-soporta-10-canales-ip\/#breadcrumb\",\"itemListElement\":[{\"@type\":\"ListItem\",\"position\":1,\"name\":\"Inicio\",\"item\":\"https:\/\/compuviper.mx\/tienda\/\"},{\"@type\":\"ListItem\",\"position\":2,\"name\":\"Productos\",\"item\":\"https:\/\/compuviper.mx\/tienda\/productos\/\"},{\"@type\":\"ListItem\",\"position\":3,\"name\":\"Videograbadores\",\"item\":\"https:\/\/compuviper.mx\/tienda\/categoria-producto\/videograbadores\/\"},{\"@type\":\"ListItem\",\"position\":4,\"name\":\"Dvr\",\"item\":\"https:\/\/compuviper.mx\/tienda\/categoria-producto\/videograbadores\/dvr\/\"},{\"@type\":\"ListItem\",\"position\":5,\"name\":\"Dahua Dh-xvr1b08-i\/t Dvr\/ \/ De 8 Canales 1080p Litewizsense\/hdcvi X Plus\/ 8 Canales Hdcvi +2 Canal Ip\/ Audio Bidireccional En Los 8 Canales\/ Deteccion De Movimiento Inteligente\/ Soporta 10 Canales Ip\"}]},{\"@type\":\"WebSite\",\"@id\":\"https:\/\/compuviper.mx\/tienda\/#website\",\"url\":\"https:\/\/compuviper.mx\/tienda\/\",\"name\":\"Compuviper\",\"description\":\"Proveedor de Computadoras, Laptops, Servidores, Monitores, Puntos de Venta, Teclados,   Impresoras, T\u00f3ner, C\u00e1maras de Seguridad y m\u00e1s en tu tienda en l\u00ednea\",\"publisher\":{\"@id\":\"https:\/\/compuviper.mx\/tienda\/#organization\"},\"potentialAction\":[{\"@type\":\"SearchAction\",\"target\":{\"@type\":\"EntryPoint\",\"urlTemplate\":\"https:\/\/compuviper.mx\/tienda\/?s={search_term_string}\"},\"query-input\":\"required name=search_term_string\"}],\"inLanguage\":\"es-MX\"},{\"@type\":\"Organization\",\"@id\":\"https:\/\/compuviper.mx\/tienda\/#organization\",\"name\":\"Compuviper\",\"url\":\"https:\/\/compuviper.mx\/tienda\/\",\"logo\":{\"@type\":\"ImageObject\",\"inLanguage\":\"es-MX\",\"@id\":\"https:\/\/compuviper.mx\/tienda\/#\/schema\/logo\/image\/\",\"url\":\"https:\/\/compuviper.mx\/tienda\/wp-content\/uploads\/2021\/08\/Logo-Compuviper-10.png\",\"contentUrl\":\"https:\/\/compuviper.mx\/tienda\/wp-content\/uploads\/2021\/08\/Logo-Compuviper-10.png\",\"width\":1000,\"height\":500,\"caption\":\"Compuviper\"},\"image\":{\"@id\":\"https:\/\/compuviper.mx\/tienda\/#\/schema\/logo\/image\/\"},\"sameAs\":[\"https:\/\/www.facebook.com\/compuviper\",\"https:\/\/www.youtube.com\/channel\/UCf73dERp9Y3cfOq7q8BhLjA?view_as=subscriber\"]}]}<\/script>\n<meta property=\"product:brand\" content=\"DAHUA\" \/>\n<meta property=\"product:price:amount\" content=\"835\" \/>\n<meta property=\"product:price:currency\" content=\"MXN\" \/>\n<meta property=\"og:availability\" content=\"instock\" \/>\n<meta property=\"product:availability\" content=\"instock\" \/>\n<meta property=\"product:retailer_item_id\" content=\"DH-XVR1B08-I\/T\" \/>\n<meta property=\"product:condition\" content=\"new\" \/>\n<!-- \/ Yoast SEO plugin. -->","yoast_head_json":{"title":"[ Dahua ] &#129351; Dh-xvr1b08-i\/t Dvr\/ \/ De 8 Canales 1080p Litewizsense\/hdcvi X Plus\/ 8 Canales Hdcvi +2 Canal Ip\/ Audio Bidireccional En Los 8 Canales\/ Deteccion De Movimiento Inteligente\/ Soporta 10 Canales Ip","description":"Compra Dh-xvr1b08-i\/t Dvr\/ \/ De 8 Canales 1080p Litewizsense\/hdcvi X Plus\/ 8 Canales Hdcvi +2 Canal Ip\/ Audio Bidireccional En Los 8 Canales\/ Deteccion De Movimiento Inteligente\/ Soporta 10 Canales Ip + Env\u00edo a domicilio + Pago seguro + Garant\u00eda","robots":{"index":"index","follow":"follow","max-snippet":"max-snippet:-1","max-image-preview":"max-image-preview:large","max-video-preview":"max-video-preview:-1"},"canonical":"https:\/\/compuviper.mx\/tienda\/producto\/dahua-dh-xvr1b08-i-t-dvr-de-8-canales-1080p-litewizsense-hdcvi-x-plus-8-canales-hdcvi-2-canal-ip-audio-bidireccional-en-los-8-canales-deteccion-de-movimiento-inteligente-soporta-10-canales-ip\/","og_locale":"es_MX","og_type":"article","og_title":"[ Dahua ] &#129351; Dh-xvr1b08-i\/t Dvr\/ \/ De 8 Canales 1080p Litewizsense\/hdcvi X Plus\/ 8 Canales Hdcvi +2 Canal Ip\/ Audio Bidireccional En Los 8 Canales\/ Deteccion De Movimiento Inteligente\/ Soporta 10 Canales Ip","og_description":"Compra Dh-xvr1b08-i\/t Dvr\/ \/ De 8 Canales 1080p Litewizsense\/hdcvi X Plus\/ 8 Canales Hdcvi +2 Canal Ip\/ Audio Bidireccional En Los 8 Canales\/ Deteccion De Movimiento Inteligente\/ Soporta 10 Canales Ip + Env\u00edo a domicilio + Pago seguro + Garant\u00eda","og_url":"https:\/\/compuviper.mx\/tienda\/producto\/dahua-dh-xvr1b08-i-t-dvr-de-8-canales-1080p-litewizsense-hdcvi-x-plus-8-canales-hdcvi-2-canal-ip-audio-bidireccional-en-los-8-canales-deteccion-de-movimiento-inteligente-soporta-10-canales-ip\/","og_site_name":"Compuviper","article_publisher":"https:\/\/www.facebook.com\/compuviper","og_image":[{"width":200,"height":200,"url":"https:\/\/compuviper.mx\/tienda\/wp-content\/uploads\/2025\/10\/Dvr-dahua-dh-xvr1b08-it-de-8-canales-1080p-litewizsensehdcvi-x-plus-8-canales-hdcvi-2-canal-ip-audio-bidireccional-en-los-8-canales-deteccion-de-movimiento-inteligente-soporta-10-canales-ip.jpg","type":"image\/jpeg"}],"twitter_card":"summary_large_image","twitter_misc":{"Precio":"&#36;835 con IVA","Availability":"In stock"},"schema":{"@context":"https:\/\/schema.org","@graph":[{"@type":"WebPage","@id":"https:\/\/compuviper.mx\/tienda\/producto\/dahua-dh-xvr1b08-i-t-dvr-de-8-canales-1080p-litewizsense-hdcvi-x-plus-8-canales-hdcvi-2-canal-ip-audio-bidireccional-en-los-8-canales-deteccion-de-movimiento-inteligente-soporta-10-canales-ip\/","url":"https:\/\/compuviper.mx\/tienda\/producto\/dahua-dh-xvr1b08-i-t-dvr-de-8-canales-1080p-litewizsense-hdcvi-x-plus-8-canales-hdcvi-2-canal-ip-audio-bidireccional-en-los-8-canales-deteccion-de-movimiento-inteligente-soporta-10-canales-ip\/","name":"[ Dahua ] &#129351; Dh-xvr1b08-i\/t Dvr\/ \/ De 8 Canales 1080p Litewizsense\/hdcvi X Plus\/ 8 Canales Hdcvi +2 Canal Ip\/ Audio Bidireccional En Los 8 Canales\/ Deteccion De Movimiento Inteligente\/ Soporta 10 Canales Ip","isPartOf":{"@id":"https:\/\/compuviper.mx\/tienda\/#website"},"datePublished":"2026-04-15T06:26:07+00:00","dateModified":"2026-04-15T06:26:07+00:00","description":"Compra Dh-xvr1b08-i\/t Dvr\/ \/ De 8 Canales 1080p Litewizsense\/hdcvi X Plus\/ 8 Canales Hdcvi +2 Canal Ip\/ Audio Bidireccional En Los 8 Canales\/ Deteccion De Movimiento Inteligente\/ Soporta 10 Canales Ip + Env\u00edo a domicilio + Pago seguro + Garant\u00eda","breadcrumb":{"@id":"https:\/\/compuviper.mx\/tienda\/producto\/dahua-dh-xvr1b08-i-t-dvr-de-8-canales-1080p-litewizsense-hdcvi-x-plus-8-canales-hdcvi-2-canal-ip-audio-bidireccional-en-los-8-canales-deteccion-de-movimiento-inteligente-soporta-10-canales-ip\/#breadcrumb"},"inLanguage":"es-MX","potentialAction":[{"@type":"ReadAction","target":["https:\/\/compuviper.mx\/tienda\/producto\/dahua-dh-xvr1b08-i-t-dvr-de-8-canales-1080p-litewizsense-hdcvi-x-plus-8-canales-hdcvi-2-canal-ip-audio-bidireccional-en-los-8-canales-deteccion-de-movimiento-inteligente-soporta-10-canales-ip\/"]}]},{"@type":"BreadcrumbList","@id":"https:\/\/compuviper.mx\/tienda\/producto\/dahua-dh-xvr1b08-i-t-dvr-de-8-canales-1080p-litewizsense-hdcvi-x-plus-8-canales-hdcvi-2-canal-ip-audio-bidireccional-en-los-8-canales-deteccion-de-movimiento-inteligente-soporta-10-canales-ip\/#breadcrumb","itemListElement":[{"@type":"ListItem","position":1,"name":"Inicio","item":"https:\/\/compuviper.mx\/tienda\/"},{"@type":"ListItem","position":2,"name":"Productos","item":"https:\/\/compuviper.mx\/tienda\/productos\/"},{"@type":"ListItem","position":3,"name":"Videograbadores","item":"https:\/\/compuviper.mx\/tienda\/categoria-producto\/videograbadores\/"},{"@type":"ListItem","position":4,"name":"Dvr","item":"https:\/\/compuviper.mx\/tienda\/categoria-producto\/videograbadores\/dvr\/"},{"@type":"ListItem","position":5,"name":"Dahua Dh-xvr1b08-i\/t Dvr\/ \/ De 8 Canales 1080p Litewizsense\/hdcvi X Plus\/ 8 Canales Hdcvi +2 Canal Ip\/ Audio Bidireccional En Los 8 Canales\/ Deteccion De Movimiento Inteligente\/ Soporta 10 Canales Ip"}]},{"@type":"WebSite","@id":"https:\/\/compuviper.mx\/tienda\/#website","url":"https:\/\/compuviper.mx\/tienda\/","name":"Compuviper","description":"Proveedor de Computadoras, Laptops, Servidores, Monitores, Puntos de Venta, Teclados,   Impresoras, T\u00f3ner, C\u00e1maras de Seguridad y m\u00e1s en tu tienda en l\u00ednea","publisher":{"@id":"https:\/\/compuviper.mx\/tienda\/#organization"},"potentialAction":[{"@type":"SearchAction","target":{"@type":"EntryPoint","urlTemplate":"https:\/\/compuviper.mx\/tienda\/?s={search_term_string}"},"query-input":"required name=search_term_string"}],"inLanguage":"es-MX"},{"@type":"Organization","@id":"https:\/\/compuviper.mx\/tienda\/#organization","name":"Compuviper","url":"https:\/\/compuviper.mx\/tienda\/","logo":{"@type":"ImageObject","inLanguage":"es-MX","@id":"https:\/\/compuviper.mx\/tienda\/#\/schema\/logo\/image\/","url":"https:\/\/compuviper.mx\/tienda\/wp-content\/uploads\/2021\/08\/Logo-Compuviper-10.png","contentUrl":"https:\/\/compuviper.mx\/tienda\/wp-content\/uploads\/2021\/08\/Logo-Compuviper-10.png","width":1000,"height":500,"caption":"Compuviper"},"image":{"@id":"https:\/\/compuviper.mx\/tienda\/#\/schema\/logo\/image\/"},"sameAs":["https:\/\/www.facebook.com\/compuviper","https:\/\/www.youtube.com\/channel\/UCf73dERp9Y3cfOq7q8BhLjA?view_as=subscriber"]}]},"product_brand":"DAHUA","product_price_amount":"835","product_price_currency":"MXN","og_availability":"instock","product_availability":"instock","product_retailer_item_id":"DH-XVR1B08-I\/T","product_condition":"new"},"_links":{"self":[{"href":"https:\/\/compuviper.mx\/tienda\/wp-json\/wp\/v2\/product\/256553"}],"collection":[{"href":"https:\/\/compuviper.mx\/tienda\/wp-json\/wp\/v2\/product"}],"about":[{"href":"https:\/\/compuviper.mx\/tienda\/wp-json\/wp\/v2\/types\/product"}],"replies":[{"embeddable":true,"href":"https:\/\/compuviper.mx\/tienda\/wp-json\/wp\/v2\/comments?post=256553"}],"wp:featuredmedia":[{"embeddable":true,"href":"https:\/\/compuviper.mx\/tienda\/wp-json\/wp\/v2\/media\/259517"}],"wp:attachment":[{"href":"https:\/\/compuviper.mx\/tienda\/wp-json\/wp\/v2\/media?parent=256553"}],"wp:term":[{"taxonomy":"product_cat","embeddable":true,"href":"https:\/\/compuviper.mx\/tienda\/wp-json\/wp\/v2\/product_cat?post=256553"},{"taxonomy":"product_tag","embeddable":true,"href":"https:\/\/compuviper.mx\/tienda\/wp-json\/wp\/v2\/product_tag?post=256553"}],"curies":[{"name":"wp","href":"https:\/\/api.w.org\/{rel}","templated":true}]}}