{"id":256549,"date":"2026-04-23T00:18:05","date_gmt":"2026-04-23T06:18:05","guid":{"rendered":"https:\/\/compuviper.mx\/tienda\/producto\/dahua-dh-hac-t2a21n-u-il-a-camara-hdcvi-x-plus-hac-t2a21n-u-il-a-domo-de-2-mp-lente-de-2-8-mm-con-apertura-hasta-100-iluminacion-inteligente-hasta-30mts-con-ir-20mts-luz-calida-microfono-incor\/"},"modified":"2026-04-23T00:18:05","modified_gmt":"2026-04-23T06:18:05","slug":"dahua-dh-hac-t2a21n-u-il-a-camara-hdcvi-x-plus-hac-t2a21n-u-il-a-domo-de-2-mp-lente-de-2-8-mm-con-apertura-hasta-100-iluminacion-inteligente-hasta-30mts-con-ir-20mts-luz-calida-microfono-incor","status":"publish","type":"product","link":"https:\/\/compuviper.mx\/tienda\/producto\/dahua-dh-hac-t2a21n-u-il-a-camara-hdcvi-x-plus-hac-t2a21n-u-il-a-domo-de-2-mp-lente-de-2-8-mm-con-apertura-hasta-100-iluminacion-inteligente-hasta-30mts-con-ir-20mts-luz-calida-microfono-incor\/","title":{"rendered":"Dahua Dh-hac-t2a21n-u-il-a Camara Hdcvi X Plus\/ \/ Hac-t2a21n-u-il-a\/domo De 2 Mp\/lente De 2.8 Mm Con Apertura Hasta 100?\/ Iluminacion Inteligente Hasta 30mts Con Ir + 20mts Luz Calida\/ Microfono Incorporado\/ext\/metal\/ip67"},"content":{"rendered":"<table class=\"descripcion\">\n<tr>\n<td>Especificaciones tecnicas<\/td>\n<\/tr>\n<tr>\n<td>\u0095 sensor de imagen: cmos de 2 mp<\/td>\n<\/tr>\n<tr>\n<td>\u0095 resolucion maxima: 1920 (alto) \u00d7 1080 (vertical)<\/td>\n<\/tr>\n<tr>\n<td>\u0095 sistema de escaneo: progresivo<\/td>\n<\/tr>\n<tr>\n<td>\u0095 velocidad de obturacion electronica: pal: 1\/25 s\u00961\/100 000 s; ntsc: 1\/30 s\u00961\/100 000 s<\/td>\n<\/tr>\n<tr>\n<td>\u0095 amplio rango dinamico (wdr): dwdr<\/td>\n<\/tr>\n<tr>\n<td>\u0095 blc \/ hlc: si, compatibles ambos<\/td>\n<\/tr>\n<tr>\n<td>\u0095 balance de blancos: automatico; por area<\/td>\n<\/tr>\n<tr>\n<td>\u0095 longitud focal: 2,8 mm; 3,6 mm; 6 mm<\/td>\n<\/tr>\n<tr>\n<td>\u0095 fuente de alimentacion: 12 vcc \u00b130 %<\/td>\n<\/tr>\n<tr>\n<td>\u0095 consumo de energia: max. 3,3 w (con led encendido)<\/td>\n<\/tr>\n<tr>\n<td>Incluye<\/td>\n<\/tr>\n<tr>\n<td>\u0095 1x camara domo hdcvi 2mp dh-hac-t2a21n-u-il-a<\/td>\n<\/tr>\n<tr>\n<td>\u0095 1x manual de usuario<\/td>\n<\/tr>\n<tr>\n<td>\u0095 1x poliza de garantia<\/td>\n<\/tr>\n<\/table>\n","protected":false},"excerpt":{"rendered":"<p>Informacion general. La dahua dh-hac-t2a21n-u-il-a es una camara domo tipo hdcvi de 2 megapixeles disenada para videovigilancia versatil en interiores y exteriores. Integra un lente fijo de 2.8 mm con un amplio angulo de vision, ademas de un microfono para captacion de audio ambiental. Gracias a su iluminacion dual inteligente, ofrece vision nocturna por infrarrojo o luz blanca hasta 20 metros, ajustandose a las condiciones del entorno. Su carcasa metalica cuenta con proteccion ip67 para resistir el polvo y la lluvia. Es compatible con los modos cvi, ahd, tvi y cvbs, lo que facilita su implementacion en sistemas hibridos. Importante: en los equipos dahua de la serie xplus, el audio bidireccional solo es funcional cuando se utiliza cable coaxial directo (no es compatible con baluns de video ni transceptores), y su distancia maxima depende del tipo de cable: hasta 100 metros con rg58 bnc y hasta 200 metros con rg59 bnc, es compatible unicamente con grabadores xvr de la misma serie xplus, su uso con modelos distintos podria resultar en perdida de funcionalidad de audio bidireccional. Caracteristicas principales. \u0095 microfono incorporado para monitoreo con audio. \u0095 compatible con tecnologias cvi, ahd, tvi y cvbs. \u0095 carcasa metalica con grado de proteccion ip67. \u0095 instalacion sencilla y resistente para exteriores o interiores.<\/p>\n","protected":false},"featured_media":259473,"comment_status":"open","ping_status":"open","template":"","meta":[],"product_cat":[1681,1608],"product_tag":[1555],"acf":[],"yoast_head":"<!-- This site is optimized with the Yoast SEO plugin v21.7 - https:\/\/yoast.com\/wordpress\/plugins\/seo\/ -->\n<title>[ Dahua ] &#129351; Dh-hac-t2a21n-u-il-a Camara Hdcvi X Plus\/ \/ Hac-t2a21n-u-il-a\/domo De 2 Mp\/lente De 2.8 Mm Con Apertura Hasta 100\u00b0\/ Iluminacion Inteligente Hasta 30mts Con Ir + 20mts Luz Calida\/ Microfono Incorporado\/ext\/metal\/ip67<\/title>\n<meta name=\"description\" content=\"Compra Dh-hac-t2a21n-u-il-a Camara Hdcvi X Plus\/ \/ Hac-t2a21n-u-il-a\/domo De 2 Mp\/lente De 2.8 Mm Con Apertura Hasta 100\u00b0\/ Iluminacion Inteligente Hasta 30mts Con Ir + 20mts Luz Calida\/ Microfono Incorporado\/ext\/metal\/ip67 + Env\u00edo a domicilio + Pago seguro + Garant\u00eda\" \/>\n<meta name=\"robots\" content=\"index, follow, max-snippet:-1, max-image-preview:large, max-video-preview:-1\" \/>\n<link rel=\"canonical\" href=\"https:\/\/compuviper.mx\/tienda\/producto\/dahua-dh-hac-t2a21n-u-il-a-camara-hdcvi-x-plus-hac-t2a21n-u-il-a-domo-de-2-mp-lente-de-2-8-mm-con-apertura-hasta-100-iluminacion-inteligente-hasta-30mts-con-ir-20mts-luz-calida-microfono-incor\/\" \/>\n<meta property=\"og:locale\" content=\"es_MX\" \/>\n<meta property=\"og:type\" content=\"article\" \/>\n<meta property=\"og:title\" content=\"[ Dahua ] &#129351; Dh-hac-t2a21n-u-il-a Camara Hdcvi X Plus\/ \/ Hac-t2a21n-u-il-a\/domo De 2 Mp\/lente De 2.8 Mm Con Apertura Hasta 100\u00b0\/ Iluminacion Inteligente Hasta 30mts Con Ir + 20mts Luz Calida\/ Microfono Incorporado\/ext\/metal\/ip67\" \/>\n<meta property=\"og:description\" content=\"Compra Dh-hac-t2a21n-u-il-a Camara Hdcvi X Plus\/ \/ Hac-t2a21n-u-il-a\/domo De 2 Mp\/lente De 2.8 Mm Con Apertura Hasta 100\u00b0\/ Iluminacion Inteligente Hasta 30mts Con Ir + 20mts Luz Calida\/ Microfono Incorporado\/ext\/metal\/ip67 + Env\u00edo a domicilio + Pago seguro + Garant\u00eda\" \/>\n<meta property=\"og:url\" content=\"https:\/\/compuviper.mx\/tienda\/producto\/dahua-dh-hac-t2a21n-u-il-a-camara-hdcvi-x-plus-hac-t2a21n-u-il-a-domo-de-2-mp-lente-de-2-8-mm-con-apertura-hasta-100-iluminacion-inteligente-hasta-30mts-con-ir-20mts-luz-calida-microfono-incor\/\" \/>\n<meta property=\"og:site_name\" content=\"Compuviper\" \/>\n<meta property=\"article:publisher\" content=\"https:\/\/www.facebook.com\/compuviper\" \/>\n<meta property=\"og:image\" content=\"https:\/\/compuviper.mx\/tienda\/wp-content\/uploads\/2025\/10\/Camara-hdcvi-x-plus-dahua-hac-t2a21n-u-il-adomo-de-2-mplente-de-2.8-mm-con-apertura-hasta-100\u00b0-iluminacion-inteligente-hasta-30mts-con-ir-20mts-luz-calida-microfono-incorporadoextmetalip67.jpg\" \/>\n\t<meta property=\"og:image:width\" content=\"200\" \/>\n\t<meta property=\"og:image:height\" content=\"200\" \/>\n\t<meta property=\"og:image:type\" content=\"image\/jpeg\" \/>\n<meta name=\"twitter:card\" content=\"summary_large_image\" \/>\n<meta name=\"twitter:label1\" content=\"Precio\" \/>\n\t<meta name=\"twitter:data1\" content=\"&#36;364 con IVA\" \/>\n\t<meta name=\"twitter:label2\" content=\"Availability\" \/>\n\t<meta name=\"twitter:data2\" content=\"In stock\" \/>\n<script type=\"application\/ld+json\" class=\"yoast-schema-graph\">{\"@context\":\"https:\/\/schema.org\",\"@graph\":[{\"@type\":\"WebPage\",\"@id\":\"https:\/\/compuviper.mx\/tienda\/producto\/dahua-dh-hac-t2a21n-u-il-a-camara-hdcvi-x-plus-hac-t2a21n-u-il-a-domo-de-2-mp-lente-de-2-8-mm-con-apertura-hasta-100-iluminacion-inteligente-hasta-30mts-con-ir-20mts-luz-calida-microfono-incor\/\",\"url\":\"https:\/\/compuviper.mx\/tienda\/producto\/dahua-dh-hac-t2a21n-u-il-a-camara-hdcvi-x-plus-hac-t2a21n-u-il-a-domo-de-2-mp-lente-de-2-8-mm-con-apertura-hasta-100-iluminacion-inteligente-hasta-30mts-con-ir-20mts-luz-calida-microfono-incor\/\",\"name\":\"[ Dahua ] &#129351; Dh-hac-t2a21n-u-il-a Camara Hdcvi X Plus\/ \/ Hac-t2a21n-u-il-a\/domo De 2 Mp\/lente De 2.8 Mm Con Apertura Hasta 100\u00b0\/ Iluminacion Inteligente Hasta 30mts Con Ir + 20mts Luz Calida\/ Microfono Incorporado\/ext\/metal\/ip67\",\"isPartOf\":{\"@id\":\"https:\/\/compuviper.mx\/tienda\/#website\"},\"datePublished\":\"2026-04-23T06:18:05+00:00\",\"dateModified\":\"2026-04-23T06:18:05+00:00\",\"description\":\"Compra Dh-hac-t2a21n-u-il-a Camara Hdcvi X Plus\/ \/ Hac-t2a21n-u-il-a\/domo De 2 Mp\/lente De 2.8 Mm Con Apertura Hasta 100\u00b0\/ Iluminacion Inteligente Hasta 30mts Con Ir + 20mts Luz Calida\/ Microfono Incorporado\/ext\/metal\/ip67 + Env\u00edo a domicilio + Pago seguro + Garant\u00eda\",\"breadcrumb\":{\"@id\":\"https:\/\/compuviper.mx\/tienda\/producto\/dahua-dh-hac-t2a21n-u-il-a-camara-hdcvi-x-plus-hac-t2a21n-u-il-a-domo-de-2-mp-lente-de-2-8-mm-con-apertura-hasta-100-iluminacion-inteligente-hasta-30mts-con-ir-20mts-luz-calida-microfono-incor\/#breadcrumb\"},\"inLanguage\":\"es-MX\",\"potentialAction\":[{\"@type\":\"ReadAction\",\"target\":[\"https:\/\/compuviper.mx\/tienda\/producto\/dahua-dh-hac-t2a21n-u-il-a-camara-hdcvi-x-plus-hac-t2a21n-u-il-a-domo-de-2-mp-lente-de-2-8-mm-con-apertura-hasta-100-iluminacion-inteligente-hasta-30mts-con-ir-20mts-luz-calida-microfono-incor\/\"]}]},{\"@type\":\"BreadcrumbList\",\"@id\":\"https:\/\/compuviper.mx\/tienda\/producto\/dahua-dh-hac-t2a21n-u-il-a-camara-hdcvi-x-plus-hac-t2a21n-u-il-a-domo-de-2-mp-lente-de-2-8-mm-con-apertura-hasta-100-iluminacion-inteligente-hasta-30mts-con-ir-20mts-luz-calida-microfono-incor\/#breadcrumb\",\"itemListElement\":[{\"@type\":\"ListItem\",\"position\":1,\"name\":\"Inicio\",\"item\":\"https:\/\/compuviper.mx\/tienda\/\"},{\"@type\":\"ListItem\",\"position\":2,\"name\":\"Productos\",\"item\":\"https:\/\/compuviper.mx\/tienda\/productos\/\"},{\"@type\":\"ListItem\",\"position\":3,\"name\":\"Camaras\",\"item\":\"https:\/\/compuviper.mx\/tienda\/categoria-producto\/camaras-2\/\"},{\"@type\":\"ListItem\",\"position\":4,\"name\":\"Camara De Videovigilancia\",\"item\":\"https:\/\/compuviper.mx\/tienda\/categoria-producto\/camaras-2\/camara-de-videovigilancia\/\"},{\"@type\":\"ListItem\",\"position\":5,\"name\":\"Dahua Dh-hac-t2a21n-u-il-a Camara Hdcvi X Plus\/ \/ Hac-t2a21n-u-il-a\/domo De 2 Mp\/lente De 2.8 Mm Con Apertura Hasta 100?\/ Iluminacion Inteligente Hasta 30mts Con Ir + 20mts Luz Calida\/ Microfono Incorporado\/ext\/metal\/ip67\"}]},{\"@type\":\"WebSite\",\"@id\":\"https:\/\/compuviper.mx\/tienda\/#website\",\"url\":\"https:\/\/compuviper.mx\/tienda\/\",\"name\":\"Compuviper\",\"description\":\"Proveedor de Computadoras, Laptops, Servidores, Monitores, Puntos de Venta, Teclados,   Impresoras, T\u00f3ner, C\u00e1maras de Seguridad y m\u00e1s en tu tienda en l\u00ednea\",\"publisher\":{\"@id\":\"https:\/\/compuviper.mx\/tienda\/#organization\"},\"potentialAction\":[{\"@type\":\"SearchAction\",\"target\":{\"@type\":\"EntryPoint\",\"urlTemplate\":\"https:\/\/compuviper.mx\/tienda\/?s={search_term_string}\"},\"query-input\":\"required name=search_term_string\"}],\"inLanguage\":\"es-MX\"},{\"@type\":\"Organization\",\"@id\":\"https:\/\/compuviper.mx\/tienda\/#organization\",\"name\":\"Compuviper\",\"url\":\"https:\/\/compuviper.mx\/tienda\/\",\"logo\":{\"@type\":\"ImageObject\",\"inLanguage\":\"es-MX\",\"@id\":\"https:\/\/compuviper.mx\/tienda\/#\/schema\/logo\/image\/\",\"url\":\"https:\/\/compuviper.mx\/tienda\/wp-content\/uploads\/2021\/08\/Logo-Compuviper-10.png\",\"contentUrl\":\"https:\/\/compuviper.mx\/tienda\/wp-content\/uploads\/2021\/08\/Logo-Compuviper-10.png\",\"width\":1000,\"height\":500,\"caption\":\"Compuviper\"},\"image\":{\"@id\":\"https:\/\/compuviper.mx\/tienda\/#\/schema\/logo\/image\/\"},\"sameAs\":[\"https:\/\/www.facebook.com\/compuviper\",\"https:\/\/www.youtube.com\/channel\/UCf73dERp9Y3cfOq7q8BhLjA?view_as=subscriber\"]}]}<\/script>\n<meta property=\"product:brand\" content=\"DAHUA\" \/>\n<meta property=\"product:price:amount\" content=\"364\" \/>\n<meta property=\"product:price:currency\" content=\"MXN\" \/>\n<meta property=\"og:availability\" content=\"instock\" \/>\n<meta property=\"product:availability\" content=\"instock\" \/>\n<meta property=\"product:retailer_item_id\" content=\"DH-HAC-T2A21N-U-IL-A\" \/>\n<meta property=\"product:condition\" content=\"new\" \/>\n<!-- \/ Yoast SEO plugin. -->","yoast_head_json":{"title":"[ Dahua ] &#129351; Dh-hac-t2a21n-u-il-a Camara Hdcvi X Plus\/ \/ Hac-t2a21n-u-il-a\/domo De 2 Mp\/lente De 2.8 Mm Con Apertura Hasta 100\u00b0\/ Iluminacion Inteligente Hasta 30mts Con Ir + 20mts Luz Calida\/ Microfono Incorporado\/ext\/metal\/ip67","description":"Compra Dh-hac-t2a21n-u-il-a Camara Hdcvi X Plus\/ \/ Hac-t2a21n-u-il-a\/domo De 2 Mp\/lente De 2.8 Mm Con Apertura Hasta 100\u00b0\/ Iluminacion Inteligente Hasta 30mts Con Ir + 20mts Luz Calida\/ Microfono Incorporado\/ext\/metal\/ip67 + Env\u00edo a domicilio + Pago seguro + Garant\u00eda","robots":{"index":"index","follow":"follow","max-snippet":"max-snippet:-1","max-image-preview":"max-image-preview:large","max-video-preview":"max-video-preview:-1"},"canonical":"https:\/\/compuviper.mx\/tienda\/producto\/dahua-dh-hac-t2a21n-u-il-a-camara-hdcvi-x-plus-hac-t2a21n-u-il-a-domo-de-2-mp-lente-de-2-8-mm-con-apertura-hasta-100-iluminacion-inteligente-hasta-30mts-con-ir-20mts-luz-calida-microfono-incor\/","og_locale":"es_MX","og_type":"article","og_title":"[ Dahua ] &#129351; Dh-hac-t2a21n-u-il-a Camara Hdcvi X Plus\/ \/ Hac-t2a21n-u-il-a\/domo De 2 Mp\/lente De 2.8 Mm Con Apertura Hasta 100\u00b0\/ Iluminacion Inteligente Hasta 30mts Con Ir + 20mts Luz Calida\/ Microfono Incorporado\/ext\/metal\/ip67","og_description":"Compra Dh-hac-t2a21n-u-il-a Camara Hdcvi X Plus\/ \/ Hac-t2a21n-u-il-a\/domo De 2 Mp\/lente De 2.8 Mm Con Apertura Hasta 100\u00b0\/ Iluminacion Inteligente Hasta 30mts Con Ir + 20mts Luz Calida\/ Microfono Incorporado\/ext\/metal\/ip67 + Env\u00edo a domicilio + Pago seguro + Garant\u00eda","og_url":"https:\/\/compuviper.mx\/tienda\/producto\/dahua-dh-hac-t2a21n-u-il-a-camara-hdcvi-x-plus-hac-t2a21n-u-il-a-domo-de-2-mp-lente-de-2-8-mm-con-apertura-hasta-100-iluminacion-inteligente-hasta-30mts-con-ir-20mts-luz-calida-microfono-incor\/","og_site_name":"Compuviper","article_publisher":"https:\/\/www.facebook.com\/compuviper","og_image":[{"width":200,"height":200,"url":"https:\/\/compuviper.mx\/tienda\/wp-content\/uploads\/2025\/10\/Camara-hdcvi-x-plus-dahua-hac-t2a21n-u-il-adomo-de-2-mplente-de-2.8-mm-con-apertura-hasta-100\u00b0-iluminacion-inteligente-hasta-30mts-con-ir-20mts-luz-calida-microfono-incorporadoextmetalip67.jpg","type":"image\/jpeg"}],"twitter_card":"summary_large_image","twitter_misc":{"Precio":"&#36;364 con IVA","Availability":"In stock"},"schema":{"@context":"https:\/\/schema.org","@graph":[{"@type":"WebPage","@id":"https:\/\/compuviper.mx\/tienda\/producto\/dahua-dh-hac-t2a21n-u-il-a-camara-hdcvi-x-plus-hac-t2a21n-u-il-a-domo-de-2-mp-lente-de-2-8-mm-con-apertura-hasta-100-iluminacion-inteligente-hasta-30mts-con-ir-20mts-luz-calida-microfono-incor\/","url":"https:\/\/compuviper.mx\/tienda\/producto\/dahua-dh-hac-t2a21n-u-il-a-camara-hdcvi-x-plus-hac-t2a21n-u-il-a-domo-de-2-mp-lente-de-2-8-mm-con-apertura-hasta-100-iluminacion-inteligente-hasta-30mts-con-ir-20mts-luz-calida-microfono-incor\/","name":"[ Dahua ] &#129351; Dh-hac-t2a21n-u-il-a Camara Hdcvi X Plus\/ \/ Hac-t2a21n-u-il-a\/domo De 2 Mp\/lente De 2.8 Mm Con Apertura Hasta 100\u00b0\/ Iluminacion Inteligente Hasta 30mts Con Ir + 20mts Luz Calida\/ Microfono Incorporado\/ext\/metal\/ip67","isPartOf":{"@id":"https:\/\/compuviper.mx\/tienda\/#website"},"datePublished":"2026-04-23T06:18:05+00:00","dateModified":"2026-04-23T06:18:05+00:00","description":"Compra Dh-hac-t2a21n-u-il-a Camara Hdcvi X Plus\/ \/ Hac-t2a21n-u-il-a\/domo De 2 Mp\/lente De 2.8 Mm Con Apertura Hasta 100\u00b0\/ Iluminacion Inteligente Hasta 30mts Con Ir + 20mts Luz Calida\/ Microfono Incorporado\/ext\/metal\/ip67 + Env\u00edo a domicilio + Pago seguro + Garant\u00eda","breadcrumb":{"@id":"https:\/\/compuviper.mx\/tienda\/producto\/dahua-dh-hac-t2a21n-u-il-a-camara-hdcvi-x-plus-hac-t2a21n-u-il-a-domo-de-2-mp-lente-de-2-8-mm-con-apertura-hasta-100-iluminacion-inteligente-hasta-30mts-con-ir-20mts-luz-calida-microfono-incor\/#breadcrumb"},"inLanguage":"es-MX","potentialAction":[{"@type":"ReadAction","target":["https:\/\/compuviper.mx\/tienda\/producto\/dahua-dh-hac-t2a21n-u-il-a-camara-hdcvi-x-plus-hac-t2a21n-u-il-a-domo-de-2-mp-lente-de-2-8-mm-con-apertura-hasta-100-iluminacion-inteligente-hasta-30mts-con-ir-20mts-luz-calida-microfono-incor\/"]}]},{"@type":"BreadcrumbList","@id":"https:\/\/compuviper.mx\/tienda\/producto\/dahua-dh-hac-t2a21n-u-il-a-camara-hdcvi-x-plus-hac-t2a21n-u-il-a-domo-de-2-mp-lente-de-2-8-mm-con-apertura-hasta-100-iluminacion-inteligente-hasta-30mts-con-ir-20mts-luz-calida-microfono-incor\/#breadcrumb","itemListElement":[{"@type":"ListItem","position":1,"name":"Inicio","item":"https:\/\/compuviper.mx\/tienda\/"},{"@type":"ListItem","position":2,"name":"Productos","item":"https:\/\/compuviper.mx\/tienda\/productos\/"},{"@type":"ListItem","position":3,"name":"Camaras","item":"https:\/\/compuviper.mx\/tienda\/categoria-producto\/camaras-2\/"},{"@type":"ListItem","position":4,"name":"Camara De Videovigilancia","item":"https:\/\/compuviper.mx\/tienda\/categoria-producto\/camaras-2\/camara-de-videovigilancia\/"},{"@type":"ListItem","position":5,"name":"Dahua Dh-hac-t2a21n-u-il-a Camara Hdcvi X Plus\/ \/ Hac-t2a21n-u-il-a\/domo De 2 Mp\/lente De 2.8 Mm Con Apertura Hasta 100?\/ Iluminacion Inteligente Hasta 30mts Con Ir + 20mts Luz Calida\/ Microfono Incorporado\/ext\/metal\/ip67"}]},{"@type":"WebSite","@id":"https:\/\/compuviper.mx\/tienda\/#website","url":"https:\/\/compuviper.mx\/tienda\/","name":"Compuviper","description":"Proveedor de Computadoras, Laptops, Servidores, Monitores, Puntos de Venta, Teclados,   Impresoras, T\u00f3ner, C\u00e1maras de Seguridad y m\u00e1s en tu tienda en l\u00ednea","publisher":{"@id":"https:\/\/compuviper.mx\/tienda\/#organization"},"potentialAction":[{"@type":"SearchAction","target":{"@type":"EntryPoint","urlTemplate":"https:\/\/compuviper.mx\/tienda\/?s={search_term_string}"},"query-input":"required name=search_term_string"}],"inLanguage":"es-MX"},{"@type":"Organization","@id":"https:\/\/compuviper.mx\/tienda\/#organization","name":"Compuviper","url":"https:\/\/compuviper.mx\/tienda\/","logo":{"@type":"ImageObject","inLanguage":"es-MX","@id":"https:\/\/compuviper.mx\/tienda\/#\/schema\/logo\/image\/","url":"https:\/\/compuviper.mx\/tienda\/wp-content\/uploads\/2021\/08\/Logo-Compuviper-10.png","contentUrl":"https:\/\/compuviper.mx\/tienda\/wp-content\/uploads\/2021\/08\/Logo-Compuviper-10.png","width":1000,"height":500,"caption":"Compuviper"},"image":{"@id":"https:\/\/compuviper.mx\/tienda\/#\/schema\/logo\/image\/"},"sameAs":["https:\/\/www.facebook.com\/compuviper","https:\/\/www.youtube.com\/channel\/UCf73dERp9Y3cfOq7q8BhLjA?view_as=subscriber"]}]},"product_brand":"DAHUA","product_price_amount":"364","product_price_currency":"MXN","og_availability":"instock","product_availability":"instock","product_retailer_item_id":"DH-HAC-T2A21N-U-IL-A","product_condition":"new"},"_links":{"self":[{"href":"https:\/\/compuviper.mx\/tienda\/wp-json\/wp\/v2\/product\/256549"}],"collection":[{"href":"https:\/\/compuviper.mx\/tienda\/wp-json\/wp\/v2\/product"}],"about":[{"href":"https:\/\/compuviper.mx\/tienda\/wp-json\/wp\/v2\/types\/product"}],"replies":[{"embeddable":true,"href":"https:\/\/compuviper.mx\/tienda\/wp-json\/wp\/v2\/comments?post=256549"}],"wp:featuredmedia":[{"embeddable":true,"href":"https:\/\/compuviper.mx\/tienda\/wp-json\/wp\/v2\/media\/259473"}],"wp:attachment":[{"href":"https:\/\/compuviper.mx\/tienda\/wp-json\/wp\/v2\/media?parent=256549"}],"wp:term":[{"taxonomy":"product_cat","embeddable":true,"href":"https:\/\/compuviper.mx\/tienda\/wp-json\/wp\/v2\/product_cat?post=256549"},{"taxonomy":"product_tag","embeddable":true,"href":"https:\/\/compuviper.mx\/tienda\/wp-json\/wp\/v2\/product_tag?post=256549"}],"curies":[{"name":"wp","href":"https:\/\/api.w.org\/{rel}","templated":true}]}}