{"id":256548,"date":"2026-04-23T00:18:04","date_gmt":"2026-04-23T06:18:04","guid":{"rendered":"https:\/\/compuviper.mx\/tienda\/producto\/dahua-dh-hac-t1a21n-u-il-a-camara-hdcvi-x-plus-hac-t1a21n-u-il-a-domo-de-2-mp-lente-de-2-8-mm-apertura-hasta-100-iluminacion-dual-inteligente-hasta-25mts-con-ir-and-20mts-luz-calida-microfo\/"},"modified":"2026-04-23T00:18:04","modified_gmt":"2026-04-23T06:18:04","slug":"dahua-dh-hac-t1a21n-u-il-a-camara-hdcvi-x-plus-hac-t1a21n-u-il-a-domo-de-2-mp-lente-de-2-8-mm-apertura-hasta-100-iluminacion-dual-inteligente-hasta-25mts-con-ir-and-20mts-luz-calida-microfo","status":"publish","type":"product","link":"https:\/\/compuviper.mx\/tienda\/producto\/dahua-dh-hac-t1a21n-u-il-a-camara-hdcvi-x-plus-hac-t1a21n-u-il-a-domo-de-2-mp-lente-de-2-8-mm-apertura-hasta-100-iluminacion-dual-inteligente-hasta-25mts-con-ir-and-20mts-luz-calida-microfo\/","title":{"rendered":"Dahua Dh-hac-t1a21n-u-il-a Camara Hdcvi X Plus\/ \/ Hac-t1a21n-u-il-a\/domo De 2 Mp\/ \/ Lente De 2.8 Mm Apertura Hasta 100?\/ Iluminacion Dual Inteligente Hasta 25mts Con Ir  And  20mts Luz Calida\/ Microfono Integrado\/ Policarbona"},"content":{"rendered":"<table class=\"descripcion\">\n<tr>\n<td>Especificaciones tecnicas<\/td>\n<\/tr>\n<tr>\n<td>\u0095 sensor de imagen: cmos de 2 mp<\/td>\n<\/tr>\n<tr>\n<td>\u0095 resolucion maxima: 1920 (alto) \u00d7 1080 (vertical)<\/td>\n<\/tr>\n<tr>\n<td>\u0095 sistema de escaneo: progresivo<\/td>\n<\/tr>\n<tr>\n<td>\u0095 amplio rango dinamico (wdr): dwdr<\/td>\n<\/tr>\n<tr>\n<td>\u0095 enmascaramiento de privacidad: activable (hasta 8 areas rectangulares)<\/td>\n<\/tr>\n<tr>\n<td>\u0095 control de iluminadores: automatico \/ manual<\/td>\n<\/tr>\n<tr>\n<td>\u0095 humedad de operacion y almacenamiento:  95 %, sin condensacion<\/td>\n<\/tr>\n<tr>\n<td>\u0095 proteccion: ip67<\/td>\n<\/tr>\n<tr>\n<td>\u0095 nivel anticorrosion: proteccion basica<\/td>\n<\/tr>\n<tr>\n<td>\u0095 material del cuerpo: plastico<\/td>\n<\/tr>\n<tr>\n<td>\u0095 dimensiones del producto:  and #934;85,0 mm \u00d7 77,1 mm<\/td>\n<\/tr>\n<tr>\n<td>\u0095 peso neto: 0,11 kg<\/td>\n<\/tr>\n<tr>\n<td>\u0095 peso bruto: 0,12 kg<\/td>\n<\/tr>\n<tr>\n<td>Incluye<\/td>\n<\/tr>\n<tr>\n<td>\u0095 1x camara domo hdcvi 2mp dh-hac-t1a21n-u-il-a<\/td>\n<\/tr>\n<tr>\n<td>\u0095 1x manual de usuario<\/td>\n<\/tr>\n<tr>\n<td>\u0095 1x poliza de garantia<\/td>\n<\/tr>\n<\/table>\n","protected":false},"excerpt":{"rendered":"<p>Informacion general. La dahua dh-hac-t1a21n-u-il-a es una camara domo hdcvi de 2 megapixeles que proporciona video en resolucion 1080p, ideal para aplicaciones de seguridad interior o exterior. Cuenta con un lente fijo de 2.8 mm que ofrece un amplio campo de vision, y un microfono integrado para capturar audio ambiental. Su iluminador dual inteligente permite cambiar automaticamente entre infrarrojo y luz blanca para adaptarse a las condiciones nocturnas. Esta camara es compatible con los modos cvi, ahd, tvi y cvbs, lo que facilita su integracion en sistemas hibridos. Su carcasa plastica de alta duracion garantiza proteccion ip67 contra el clima. Importante: en los equipos dahua de la serie xplus, el audio bidireccional solo es funcional cuando se utiliza cable coaxial directo (no es compatible con baluns de video ni transceptores), y su distancia maxima depende del tipo de cable: hasta 100 metros con rg58 bnc y hasta 200 metros con rg59 bnc, es compatible unicamente con grabadores xvr de la misma serie xplus, su uso con modelos distintos podria resultar en perdida de funcionalidad de audio bidireccional. Caracteristicas principales. \u0095 iluminador dual inteligente. \u0095 microfono incorporado para captacion de audio ambiente. \u0095 compatible con multiples tecnologias (cvi, ahd, tvi, cvbs). \u0095 carcasa plastica de alta duracion con proteccion ip67. \u0095 vision full hd para vigilancia clara y precisa.<\/p>\n","protected":false},"featured_media":259472,"comment_status":"open","ping_status":"open","template":"","meta":[],"product_cat":[1681,1608],"product_tag":[1555],"acf":[],"yoast_head":"<!-- This site is optimized with the Yoast SEO plugin v21.7 - https:\/\/yoast.com\/wordpress\/plugins\/seo\/ -->\n<title>[ Dahua ] &#129351; Dh-hac-t1a21n-u-il-a Camara Hdcvi X Plus\/ \/ Hac-t1a21n-u-il-a\/domo De 2 Mp\/ \/ Lente De 2.8 Mm Apertura Hasta 100\u00b0\/ Iluminacion Dual Inteligente Hasta 25mts Con Ir And 20mts Luz Calida\/ Microfono Integrado\/ Policarbona<\/title>\n<meta name=\"description\" content=\"Compra Dh-hac-t1a21n-u-il-a Camara Hdcvi X Plus\/ \/ Hac-t1a21n-u-il-a\/domo De 2 Mp\/ \/ Lente De 2.8 Mm Apertura Hasta 100\u00b0\/ Iluminacion Dual Inteligente Hasta 25mts Con Ir And 20mts Luz Calida\/ Microfono Integrado\/ Policarbona + Env\u00edo a domicilio + Pago seguro + Garant\u00eda\" \/>\n<meta name=\"robots\" content=\"index, follow, max-snippet:-1, max-image-preview:large, max-video-preview:-1\" \/>\n<link rel=\"canonical\" href=\"https:\/\/compuviper.mx\/tienda\/producto\/dahua-dh-hac-t1a21n-u-il-a-camara-hdcvi-x-plus-hac-t1a21n-u-il-a-domo-de-2-mp-lente-de-2-8-mm-apertura-hasta-100-iluminacion-dual-inteligente-hasta-25mts-con-ir-and-20mts-luz-calida-microfo\/\" \/>\n<meta property=\"og:locale\" content=\"es_MX\" \/>\n<meta property=\"og:type\" content=\"article\" \/>\n<meta property=\"og:title\" content=\"[ Dahua ] &#129351; Dh-hac-t1a21n-u-il-a Camara Hdcvi X Plus\/ \/ Hac-t1a21n-u-il-a\/domo De 2 Mp\/ \/ Lente De 2.8 Mm Apertura Hasta 100\u00b0\/ Iluminacion Dual Inteligente Hasta 25mts Con Ir And 20mts Luz Calida\/ Microfono Integrado\/ Policarbona\" \/>\n<meta property=\"og:description\" content=\"Compra Dh-hac-t1a21n-u-il-a Camara Hdcvi X Plus\/ \/ Hac-t1a21n-u-il-a\/domo De 2 Mp\/ \/ Lente De 2.8 Mm Apertura Hasta 100\u00b0\/ Iluminacion Dual Inteligente Hasta 25mts Con Ir And 20mts Luz Calida\/ Microfono Integrado\/ Policarbona + Env\u00edo a domicilio + Pago seguro + Garant\u00eda\" \/>\n<meta property=\"og:url\" content=\"https:\/\/compuviper.mx\/tienda\/producto\/dahua-dh-hac-t1a21n-u-il-a-camara-hdcvi-x-plus-hac-t1a21n-u-il-a-domo-de-2-mp-lente-de-2-8-mm-apertura-hasta-100-iluminacion-dual-inteligente-hasta-25mts-con-ir-and-20mts-luz-calida-microfo\/\" \/>\n<meta property=\"og:site_name\" content=\"Compuviper\" \/>\n<meta property=\"article:publisher\" content=\"https:\/\/www.facebook.com\/compuviper\" \/>\n<meta property=\"og:image\" content=\"https:\/\/compuviper.mx\/tienda\/wp-content\/uploads\/2025\/10\/Camara-hdcvi-x-plus-dahua-hac-t1a21n-u-il-adomo-de-2-mp-lente-de-2.8-mm-apertura-hasta-100\u00b0-iluminacion-dual-inteligente-hasta-25mts-con-ir-and-20mts-luz-calida-microfono-integrado-policarbona.jpg\" \/>\n\t<meta property=\"og:image:width\" content=\"200\" \/>\n\t<meta property=\"og:image:height\" content=\"200\" \/>\n\t<meta property=\"og:image:type\" content=\"image\/jpeg\" \/>\n<meta name=\"twitter:card\" content=\"summary_large_image\" \/>\n<meta name=\"twitter:label1\" content=\"Precio\" \/>\n\t<meta name=\"twitter:data1\" content=\"&#36;296 con IVA\" \/>\n\t<meta name=\"twitter:label2\" content=\"Availability\" \/>\n\t<meta name=\"twitter:data2\" content=\"In stock\" \/>\n<script type=\"application\/ld+json\" class=\"yoast-schema-graph\">{\"@context\":\"https:\/\/schema.org\",\"@graph\":[{\"@type\":\"WebPage\",\"@id\":\"https:\/\/compuviper.mx\/tienda\/producto\/dahua-dh-hac-t1a21n-u-il-a-camara-hdcvi-x-plus-hac-t1a21n-u-il-a-domo-de-2-mp-lente-de-2-8-mm-apertura-hasta-100-iluminacion-dual-inteligente-hasta-25mts-con-ir-and-20mts-luz-calida-microfo\/\",\"url\":\"https:\/\/compuviper.mx\/tienda\/producto\/dahua-dh-hac-t1a21n-u-il-a-camara-hdcvi-x-plus-hac-t1a21n-u-il-a-domo-de-2-mp-lente-de-2-8-mm-apertura-hasta-100-iluminacion-dual-inteligente-hasta-25mts-con-ir-and-20mts-luz-calida-microfo\/\",\"name\":\"[ Dahua ] &#129351; Dh-hac-t1a21n-u-il-a Camara Hdcvi X Plus\/ \/ Hac-t1a21n-u-il-a\/domo De 2 Mp\/ \/ Lente De 2.8 Mm Apertura Hasta 100\u00b0\/ Iluminacion Dual Inteligente Hasta 25mts Con Ir And 20mts Luz Calida\/ Microfono Integrado\/ Policarbona\",\"isPartOf\":{\"@id\":\"https:\/\/compuviper.mx\/tienda\/#website\"},\"datePublished\":\"2026-04-23T06:18:04+00:00\",\"dateModified\":\"2026-04-23T06:18:04+00:00\",\"description\":\"Compra Dh-hac-t1a21n-u-il-a Camara Hdcvi X Plus\/ \/ Hac-t1a21n-u-il-a\/domo De 2 Mp\/ \/ Lente De 2.8 Mm Apertura Hasta 100\u00b0\/ Iluminacion Dual Inteligente Hasta 25mts Con Ir And 20mts Luz Calida\/ Microfono Integrado\/ Policarbona + Env\u00edo a domicilio + Pago seguro + Garant\u00eda\",\"breadcrumb\":{\"@id\":\"https:\/\/compuviper.mx\/tienda\/producto\/dahua-dh-hac-t1a21n-u-il-a-camara-hdcvi-x-plus-hac-t1a21n-u-il-a-domo-de-2-mp-lente-de-2-8-mm-apertura-hasta-100-iluminacion-dual-inteligente-hasta-25mts-con-ir-and-20mts-luz-calida-microfo\/#breadcrumb\"},\"inLanguage\":\"es-MX\",\"potentialAction\":[{\"@type\":\"ReadAction\",\"target\":[\"https:\/\/compuviper.mx\/tienda\/producto\/dahua-dh-hac-t1a21n-u-il-a-camara-hdcvi-x-plus-hac-t1a21n-u-il-a-domo-de-2-mp-lente-de-2-8-mm-apertura-hasta-100-iluminacion-dual-inteligente-hasta-25mts-con-ir-and-20mts-luz-calida-microfo\/\"]}]},{\"@type\":\"BreadcrumbList\",\"@id\":\"https:\/\/compuviper.mx\/tienda\/producto\/dahua-dh-hac-t1a21n-u-il-a-camara-hdcvi-x-plus-hac-t1a21n-u-il-a-domo-de-2-mp-lente-de-2-8-mm-apertura-hasta-100-iluminacion-dual-inteligente-hasta-25mts-con-ir-and-20mts-luz-calida-microfo\/#breadcrumb\",\"itemListElement\":[{\"@type\":\"ListItem\",\"position\":1,\"name\":\"Inicio\",\"item\":\"https:\/\/compuviper.mx\/tienda\/\"},{\"@type\":\"ListItem\",\"position\":2,\"name\":\"Productos\",\"item\":\"https:\/\/compuviper.mx\/tienda\/productos\/\"},{\"@type\":\"ListItem\",\"position\":3,\"name\":\"Camaras\",\"item\":\"https:\/\/compuviper.mx\/tienda\/categoria-producto\/camaras-2\/\"},{\"@type\":\"ListItem\",\"position\":4,\"name\":\"Camara De Videovigilancia\",\"item\":\"https:\/\/compuviper.mx\/tienda\/categoria-producto\/camaras-2\/camara-de-videovigilancia\/\"},{\"@type\":\"ListItem\",\"position\":5,\"name\":\"Dahua Dh-hac-t1a21n-u-il-a Camara Hdcvi X Plus\/ \/ Hac-t1a21n-u-il-a\/domo De 2 Mp\/ \/ Lente De 2.8 Mm Apertura Hasta 100?\/ Iluminacion Dual Inteligente Hasta 25mts Con Ir And 20mts Luz Calida\/ Microfono Integrado\/ Policarbona\"}]},{\"@type\":\"WebSite\",\"@id\":\"https:\/\/compuviper.mx\/tienda\/#website\",\"url\":\"https:\/\/compuviper.mx\/tienda\/\",\"name\":\"Compuviper\",\"description\":\"Proveedor de Computadoras, Laptops, Servidores, Monitores, Puntos de Venta, Teclados,   Impresoras, T\u00f3ner, C\u00e1maras de Seguridad y m\u00e1s en tu tienda en l\u00ednea\",\"publisher\":{\"@id\":\"https:\/\/compuviper.mx\/tienda\/#organization\"},\"potentialAction\":[{\"@type\":\"SearchAction\",\"target\":{\"@type\":\"EntryPoint\",\"urlTemplate\":\"https:\/\/compuviper.mx\/tienda\/?s={search_term_string}\"},\"query-input\":\"required name=search_term_string\"}],\"inLanguage\":\"es-MX\"},{\"@type\":\"Organization\",\"@id\":\"https:\/\/compuviper.mx\/tienda\/#organization\",\"name\":\"Compuviper\",\"url\":\"https:\/\/compuviper.mx\/tienda\/\",\"logo\":{\"@type\":\"ImageObject\",\"inLanguage\":\"es-MX\",\"@id\":\"https:\/\/compuviper.mx\/tienda\/#\/schema\/logo\/image\/\",\"url\":\"https:\/\/compuviper.mx\/tienda\/wp-content\/uploads\/2021\/08\/Logo-Compuviper-10.png\",\"contentUrl\":\"https:\/\/compuviper.mx\/tienda\/wp-content\/uploads\/2021\/08\/Logo-Compuviper-10.png\",\"width\":1000,\"height\":500,\"caption\":\"Compuviper\"},\"image\":{\"@id\":\"https:\/\/compuviper.mx\/tienda\/#\/schema\/logo\/image\/\"},\"sameAs\":[\"https:\/\/www.facebook.com\/compuviper\",\"https:\/\/www.youtube.com\/channel\/UCf73dERp9Y3cfOq7q8BhLjA?view_as=subscriber\"]}]}<\/script>\n<meta property=\"product:brand\" content=\"DAHUA\" \/>\n<meta property=\"product:price:amount\" content=\"296\" \/>\n<meta property=\"product:price:currency\" content=\"MXN\" \/>\n<meta property=\"og:availability\" content=\"instock\" \/>\n<meta property=\"product:availability\" content=\"instock\" \/>\n<meta property=\"product:retailer_item_id\" content=\"DH-HAC-T1A21N-U-IL-A\" \/>\n<meta property=\"product:condition\" content=\"new\" \/>\n<!-- \/ Yoast SEO plugin. -->","yoast_head_json":{"title":"[ Dahua ] &#129351; Dh-hac-t1a21n-u-il-a Camara Hdcvi X Plus\/ \/ Hac-t1a21n-u-il-a\/domo De 2 Mp\/ \/ Lente De 2.8 Mm Apertura Hasta 100\u00b0\/ Iluminacion Dual Inteligente Hasta 25mts Con Ir And 20mts Luz Calida\/ Microfono Integrado\/ Policarbona","description":"Compra Dh-hac-t1a21n-u-il-a Camara Hdcvi X Plus\/ \/ Hac-t1a21n-u-il-a\/domo De 2 Mp\/ \/ Lente De 2.8 Mm Apertura Hasta 100\u00b0\/ Iluminacion Dual Inteligente Hasta 25mts Con Ir And 20mts Luz Calida\/ Microfono Integrado\/ Policarbona + Env\u00edo a domicilio + Pago seguro + Garant\u00eda","robots":{"index":"index","follow":"follow","max-snippet":"max-snippet:-1","max-image-preview":"max-image-preview:large","max-video-preview":"max-video-preview:-1"},"canonical":"https:\/\/compuviper.mx\/tienda\/producto\/dahua-dh-hac-t1a21n-u-il-a-camara-hdcvi-x-plus-hac-t1a21n-u-il-a-domo-de-2-mp-lente-de-2-8-mm-apertura-hasta-100-iluminacion-dual-inteligente-hasta-25mts-con-ir-and-20mts-luz-calida-microfo\/","og_locale":"es_MX","og_type":"article","og_title":"[ Dahua ] &#129351; Dh-hac-t1a21n-u-il-a Camara Hdcvi X Plus\/ \/ Hac-t1a21n-u-il-a\/domo De 2 Mp\/ \/ Lente De 2.8 Mm Apertura Hasta 100\u00b0\/ Iluminacion Dual Inteligente Hasta 25mts Con Ir And 20mts Luz Calida\/ Microfono Integrado\/ Policarbona","og_description":"Compra Dh-hac-t1a21n-u-il-a Camara Hdcvi X Plus\/ \/ Hac-t1a21n-u-il-a\/domo De 2 Mp\/ \/ Lente De 2.8 Mm Apertura Hasta 100\u00b0\/ Iluminacion Dual Inteligente Hasta 25mts Con Ir And 20mts Luz Calida\/ Microfono Integrado\/ Policarbona + Env\u00edo a domicilio + Pago seguro + Garant\u00eda","og_url":"https:\/\/compuviper.mx\/tienda\/producto\/dahua-dh-hac-t1a21n-u-il-a-camara-hdcvi-x-plus-hac-t1a21n-u-il-a-domo-de-2-mp-lente-de-2-8-mm-apertura-hasta-100-iluminacion-dual-inteligente-hasta-25mts-con-ir-and-20mts-luz-calida-microfo\/","og_site_name":"Compuviper","article_publisher":"https:\/\/www.facebook.com\/compuviper","og_image":[{"width":200,"height":200,"url":"https:\/\/compuviper.mx\/tienda\/wp-content\/uploads\/2025\/10\/Camara-hdcvi-x-plus-dahua-hac-t1a21n-u-il-adomo-de-2-mp-lente-de-2.8-mm-apertura-hasta-100\u00b0-iluminacion-dual-inteligente-hasta-25mts-con-ir-and-20mts-luz-calida-microfono-integrado-policarbona.jpg","type":"image\/jpeg"}],"twitter_card":"summary_large_image","twitter_misc":{"Precio":"&#36;296 con IVA","Availability":"In stock"},"schema":{"@context":"https:\/\/schema.org","@graph":[{"@type":"WebPage","@id":"https:\/\/compuviper.mx\/tienda\/producto\/dahua-dh-hac-t1a21n-u-il-a-camara-hdcvi-x-plus-hac-t1a21n-u-il-a-domo-de-2-mp-lente-de-2-8-mm-apertura-hasta-100-iluminacion-dual-inteligente-hasta-25mts-con-ir-and-20mts-luz-calida-microfo\/","url":"https:\/\/compuviper.mx\/tienda\/producto\/dahua-dh-hac-t1a21n-u-il-a-camara-hdcvi-x-plus-hac-t1a21n-u-il-a-domo-de-2-mp-lente-de-2-8-mm-apertura-hasta-100-iluminacion-dual-inteligente-hasta-25mts-con-ir-and-20mts-luz-calida-microfo\/","name":"[ Dahua ] &#129351; Dh-hac-t1a21n-u-il-a Camara Hdcvi X Plus\/ \/ Hac-t1a21n-u-il-a\/domo De 2 Mp\/ \/ Lente De 2.8 Mm Apertura Hasta 100\u00b0\/ Iluminacion Dual Inteligente Hasta 25mts Con Ir And 20mts Luz Calida\/ Microfono Integrado\/ Policarbona","isPartOf":{"@id":"https:\/\/compuviper.mx\/tienda\/#website"},"datePublished":"2026-04-23T06:18:04+00:00","dateModified":"2026-04-23T06:18:04+00:00","description":"Compra Dh-hac-t1a21n-u-il-a Camara Hdcvi X Plus\/ \/ Hac-t1a21n-u-il-a\/domo De 2 Mp\/ \/ Lente De 2.8 Mm Apertura Hasta 100\u00b0\/ Iluminacion Dual Inteligente Hasta 25mts Con Ir And 20mts Luz Calida\/ Microfono Integrado\/ Policarbona + Env\u00edo a domicilio + Pago seguro + Garant\u00eda","breadcrumb":{"@id":"https:\/\/compuviper.mx\/tienda\/producto\/dahua-dh-hac-t1a21n-u-il-a-camara-hdcvi-x-plus-hac-t1a21n-u-il-a-domo-de-2-mp-lente-de-2-8-mm-apertura-hasta-100-iluminacion-dual-inteligente-hasta-25mts-con-ir-and-20mts-luz-calida-microfo\/#breadcrumb"},"inLanguage":"es-MX","potentialAction":[{"@type":"ReadAction","target":["https:\/\/compuviper.mx\/tienda\/producto\/dahua-dh-hac-t1a21n-u-il-a-camara-hdcvi-x-plus-hac-t1a21n-u-il-a-domo-de-2-mp-lente-de-2-8-mm-apertura-hasta-100-iluminacion-dual-inteligente-hasta-25mts-con-ir-and-20mts-luz-calida-microfo\/"]}]},{"@type":"BreadcrumbList","@id":"https:\/\/compuviper.mx\/tienda\/producto\/dahua-dh-hac-t1a21n-u-il-a-camara-hdcvi-x-plus-hac-t1a21n-u-il-a-domo-de-2-mp-lente-de-2-8-mm-apertura-hasta-100-iluminacion-dual-inteligente-hasta-25mts-con-ir-and-20mts-luz-calida-microfo\/#breadcrumb","itemListElement":[{"@type":"ListItem","position":1,"name":"Inicio","item":"https:\/\/compuviper.mx\/tienda\/"},{"@type":"ListItem","position":2,"name":"Productos","item":"https:\/\/compuviper.mx\/tienda\/productos\/"},{"@type":"ListItem","position":3,"name":"Camaras","item":"https:\/\/compuviper.mx\/tienda\/categoria-producto\/camaras-2\/"},{"@type":"ListItem","position":4,"name":"Camara De Videovigilancia","item":"https:\/\/compuviper.mx\/tienda\/categoria-producto\/camaras-2\/camara-de-videovigilancia\/"},{"@type":"ListItem","position":5,"name":"Dahua Dh-hac-t1a21n-u-il-a Camara Hdcvi X Plus\/ \/ Hac-t1a21n-u-il-a\/domo De 2 Mp\/ \/ Lente De 2.8 Mm Apertura Hasta 100?\/ Iluminacion Dual Inteligente Hasta 25mts Con Ir And 20mts Luz Calida\/ Microfono Integrado\/ Policarbona"}]},{"@type":"WebSite","@id":"https:\/\/compuviper.mx\/tienda\/#website","url":"https:\/\/compuviper.mx\/tienda\/","name":"Compuviper","description":"Proveedor de Computadoras, Laptops, Servidores, Monitores, Puntos de Venta, Teclados,   Impresoras, T\u00f3ner, C\u00e1maras de Seguridad y m\u00e1s en tu tienda en l\u00ednea","publisher":{"@id":"https:\/\/compuviper.mx\/tienda\/#organization"},"potentialAction":[{"@type":"SearchAction","target":{"@type":"EntryPoint","urlTemplate":"https:\/\/compuviper.mx\/tienda\/?s={search_term_string}"},"query-input":"required name=search_term_string"}],"inLanguage":"es-MX"},{"@type":"Organization","@id":"https:\/\/compuviper.mx\/tienda\/#organization","name":"Compuviper","url":"https:\/\/compuviper.mx\/tienda\/","logo":{"@type":"ImageObject","inLanguage":"es-MX","@id":"https:\/\/compuviper.mx\/tienda\/#\/schema\/logo\/image\/","url":"https:\/\/compuviper.mx\/tienda\/wp-content\/uploads\/2021\/08\/Logo-Compuviper-10.png","contentUrl":"https:\/\/compuviper.mx\/tienda\/wp-content\/uploads\/2021\/08\/Logo-Compuviper-10.png","width":1000,"height":500,"caption":"Compuviper"},"image":{"@id":"https:\/\/compuviper.mx\/tienda\/#\/schema\/logo\/image\/"},"sameAs":["https:\/\/www.facebook.com\/compuviper","https:\/\/www.youtube.com\/channel\/UCf73dERp9Y3cfOq7q8BhLjA?view_as=subscriber"]}]},"product_brand":"DAHUA","product_price_amount":"296","product_price_currency":"MXN","og_availability":"instock","product_availability":"instock","product_retailer_item_id":"DH-HAC-T1A21N-U-IL-A","product_condition":"new"},"_links":{"self":[{"href":"https:\/\/compuviper.mx\/tienda\/wp-json\/wp\/v2\/product\/256548"}],"collection":[{"href":"https:\/\/compuviper.mx\/tienda\/wp-json\/wp\/v2\/product"}],"about":[{"href":"https:\/\/compuviper.mx\/tienda\/wp-json\/wp\/v2\/types\/product"}],"replies":[{"embeddable":true,"href":"https:\/\/compuviper.mx\/tienda\/wp-json\/wp\/v2\/comments?post=256548"}],"wp:featuredmedia":[{"embeddable":true,"href":"https:\/\/compuviper.mx\/tienda\/wp-json\/wp\/v2\/media\/259472"}],"wp:attachment":[{"href":"https:\/\/compuviper.mx\/tienda\/wp-json\/wp\/v2\/media?parent=256548"}],"wp:term":[{"taxonomy":"product_cat","embeddable":true,"href":"https:\/\/compuviper.mx\/tienda\/wp-json\/wp\/v2\/product_cat?post=256548"},{"taxonomy":"product_tag","embeddable":true,"href":"https:\/\/compuviper.mx\/tienda\/wp-json\/wp\/v2\/product_tag?post=256548"}],"curies":[{"name":"wp","href":"https:\/\/api.w.org\/{rel}","templated":true}]}}