{"id":256545,"date":"2026-04-21T00:19:19","date_gmt":"2026-04-21T06:19:19","guid":{"rendered":"https:\/\/compuviper.mx\/tienda\/producto\/dahua-dh-hac-hfw1200rln-il-t-camara-hdcvi-plus-dh-hac-hfw1200rl-il-t-bullet-de-2-mp-audio-bidireccional-iluminacion-dual-inteligente-hasta-30m-lente-de-2-8mm-apertura-de-111-policarbonato\/"},"modified":"2026-04-21T00:19:20","modified_gmt":"2026-04-21T06:19:20","slug":"dahua-dh-hac-hfw1200rln-il-t6939554927898-camara-hdcvi-plus-dh-hac-hfw1200rl-il-t-bullet-de-2-mp-audio-bidireccional-iluminacion-dual-inteligente-hasta-30m-lente-de-2-8mm-apertura-de-111-poli","status":"publish","type":"product","link":"https:\/\/compuviper.mx\/tienda\/producto\/dahua-dh-hac-hfw1200rln-il-t6939554927898-camara-hdcvi-plus-dh-hac-hfw1200rl-il-t-bullet-de-2-mp-audio-bidireccional-iluminacion-dual-inteligente-hasta-30m-lente-de-2-8mm-apertura-de-111-poli\/","title":{"rendered":"Dahua Dh-hac-hfw1200rln-il-t,6939554927898 Camara Hdcvi Plus\/ \/ Dh-hac-hfw1200rl-il-t\/ Bullet De 2 Mp\/ Audio Bidireccional\/ Iluminacion Dual Inteligente Hasta 30m\/ Lente De 2.8mm Apertura De 111\/ Policarbonato"},"content":{"rendered":"<table class=\"descripcion\">\n<tr>\n<td>Especificaciones tecnicas<\/td>\n<\/tr>\n<tr>\n<td>\u0095 sensor de imagen: cmos de 2 mp<\/td>\n<\/tr>\n<tr>\n<td>\u0095 maxima resolucion: 1920 (alto) \u00d7 1080 (vertical)<\/td>\n<\/tr>\n<tr>\n<td>\u0095 sistema de escaneo: progresivo<\/td>\n<\/tr>\n<tr>\n<td>\u0095 velocidad de obturacion electronica: pal: 1\/25 s\u00961\/100,000 s; ntsc: 1\/30 s\u00961\/100,000 s<\/td>\n<\/tr>\n<tr>\n<td>\u0095 iluminacion minima: 0,01 lux a f2.0 (color, 30 ire), 0,001 lux a f2.0 (blanco y negro, 30 ire), 0 lux (con iluminador activado)<\/td>\n<\/tr>\n<tr>\n<td>\u0095 iluminacion: modo ir inteligente y wl; modo wl; modo ir<\/td>\n<\/tr>\n<tr>\n<td>\u0095 relacion senal\/ruido:  65 db<\/td>\n<\/tr>\n<tr>\n<td>\u0095 microfono incorporado: si, hasta 8 m (26,25 pies)<\/td>\n<\/tr>\n<tr>\n<td>\u0095 salida de video: cvi\/tvi\/ahd\/cvbs mediante un puerto bnc (interruptor dip)<\/td>\n<\/tr>\n<tr>\n<td>\u0095 angulo de ajuste: panoramica: 0\u00b0\u0096360\u00b0, inclinacion: 0\u00b0\u009690\u00b0, rotacion: 0\u00b0\u0096360\u00b0<\/td>\n<\/tr>\n<tr>\n<td>\u0095 certificaciones: ce-lvd: en 62368-1; ce-emc: en 55032; en 55035<\/td>\n<\/tr>\n<tr>\n<td>Incluye<\/td>\n<\/tr>\n<tr>\n<td>\u0095 1x camara tipo bullet dh-hac-hfw1200rl-il-t<\/td>\n<\/tr>\n<tr>\n<td>\u0095 1x manual de usuario<\/td>\n<\/tr>\n<tr>\n<td>\u0095 1x poliza de garantia<\/td>\n<\/tr>\n<\/table>\n","protected":false},"excerpt":{"rendered":"<p>Informacion general. La dahua dh-hac-hfw1200rl-il-t es una camara bullet hdcvi de 2 megapixeles disenada para ofrecer vigilancia eficiente en tiempo real. Incorpora un lente fijo de 2.8 mm que proporciona un angulo amplio de vision, ideal para areas abiertas. Gracias a su tecnologia de iluminacion dual inteligente, alterna entre luz blanca y luz ir segun las condiciones del entorno, mejorando la visibilidad nocturna. Ademas, cuenta con audio bidireccional, permitiendo tanto la escucha como la comunicacion directa con el sitio vigilado. Su diseno resistente ip67 la hace perfecta para instalaciones exteriores en climas adversos o zonas criticas. Importante: en los equipos dahua de la serie xplus, el audio bidireccional solo es funcional cuando se utiliza cable coaxial directo (no es compatible con baluns de video ni transceptores), y su distancia maxima depende del tipo de cable: hasta 100 metros con rg58 bnc y hasta 200 metros con rg59 bnc, es compatible unicamente con grabadores xvr de la misma serie xplus, su uso con modelos distintos podria resultar en perdida de funcionalidad de audio bidireccional. Caracteristicas principales. \u0095 conversacion bidireccional. \u0095 luz dual inteligente. \u0095 luz inteligente. \u0095 reduccion de ruido 3d. \u0095 compatibilidad multiformato (hdcvi\/tvi\/ahd\/cvbs. \u0095 transmision de larga distancia<\/p>\n","protected":false},"featured_media":259469,"comment_status":"open","ping_status":"open","template":"","meta":[],"product_cat":[1681,1608],"product_tag":[1555],"acf":[],"yoast_head":"<!-- This site is optimized with the Yoast SEO plugin v21.7 - https:\/\/yoast.com\/wordpress\/plugins\/seo\/ -->\n<title>[ Dahua ] &#129351; Dh-hac-hfw1200rln-il-t,6939554927898 Camara Hdcvi Plus\/ \/ Dh-hac-hfw1200rl-il-t\/ Bullet De 2 Mp\/ Audio Bidireccional\/ Iluminacion Dual Inteligente Hasta 30m\/ Lente De 2.8mm Apertura De 111\/ Policarbonato<\/title>\n<meta name=\"description\" content=\"Compra Dh-hac-hfw1200rln-il-t,6939554927898 Camara Hdcvi Plus\/ \/ Dh-hac-hfw1200rl-il-t\/ Bullet De 2 Mp\/ Audio Bidireccional\/ Iluminacion Dual Inteligente Hasta 30m\/ Lente De 2.8mm Apertura De 111\/ Policarbonato + Env\u00edo a domicilio + Pago seguro + Garant\u00eda\" \/>\n<meta name=\"robots\" content=\"index, follow, max-snippet:-1, max-image-preview:large, max-video-preview:-1\" \/>\n<link rel=\"canonical\" href=\"https:\/\/compuviper.mx\/tienda\/producto\/dahua-dh-hac-hfw1200rln-il-t6939554927898-camara-hdcvi-plus-dh-hac-hfw1200rl-il-t-bullet-de-2-mp-audio-bidireccional-iluminacion-dual-inteligente-hasta-30m-lente-de-2-8mm-apertura-de-111-poli\/\" \/>\n<meta property=\"og:locale\" content=\"es_MX\" \/>\n<meta property=\"og:type\" content=\"article\" \/>\n<meta property=\"og:title\" content=\"[ Dahua ] &#129351; Dh-hac-hfw1200rln-il-t,6939554927898 Camara Hdcvi Plus\/ \/ Dh-hac-hfw1200rl-il-t\/ Bullet De 2 Mp\/ Audio Bidireccional\/ Iluminacion Dual Inteligente Hasta 30m\/ Lente De 2.8mm Apertura De 111\/ Policarbonato\" \/>\n<meta property=\"og:description\" content=\"Compra Dh-hac-hfw1200rln-il-t,6939554927898 Camara Hdcvi Plus\/ \/ Dh-hac-hfw1200rl-il-t\/ Bullet De 2 Mp\/ Audio Bidireccional\/ Iluminacion Dual Inteligente Hasta 30m\/ Lente De 2.8mm Apertura De 111\/ Policarbonato + Env\u00edo a domicilio + Pago seguro + Garant\u00eda\" \/>\n<meta property=\"og:url\" content=\"https:\/\/compuviper.mx\/tienda\/producto\/dahua-dh-hac-hfw1200rln-il-t6939554927898-camara-hdcvi-plus-dh-hac-hfw1200rl-il-t-bullet-de-2-mp-audio-bidireccional-iluminacion-dual-inteligente-hasta-30m-lente-de-2-8mm-apertura-de-111-poli\/\" \/>\n<meta property=\"og:site_name\" content=\"Compuviper\" \/>\n<meta property=\"article:publisher\" content=\"https:\/\/www.facebook.com\/compuviper\" \/>\n<meta property=\"article:modified_time\" content=\"2026-04-21T06:19:20+00:00\" \/>\n<meta property=\"og:image\" content=\"https:\/\/compuviper.mx\/tienda\/wp-content\/uploads\/2025\/10\/Camara-hdcvi-plus-dahua-dh-hac-hfw1200rl-il-t-bullet-de-2-mp-audio-bidireccional-iluminacion-dual-inteligente-hasta-30m-lente-de-2.8mm-apertura-de-111\u00b0-policarbonato.jpg\" \/>\n\t<meta property=\"og:image:width\" content=\"200\" \/>\n\t<meta property=\"og:image:height\" content=\"200\" \/>\n\t<meta property=\"og:image:type\" content=\"image\/jpeg\" \/>\n<meta name=\"twitter:card\" content=\"summary_large_image\" \/>\n<meta name=\"twitter:label1\" content=\"Precio\" \/>\n\t<meta name=\"twitter:data1\" content=\"&#36;476 con IVA\" \/>\n\t<meta name=\"twitter:label2\" content=\"Availability\" \/>\n\t<meta name=\"twitter:data2\" content=\"In stock\" \/>\n<script type=\"application\/ld+json\" class=\"yoast-schema-graph\">{\"@context\":\"https:\/\/schema.org\",\"@graph\":[{\"@type\":\"WebPage\",\"@id\":\"https:\/\/compuviper.mx\/tienda\/producto\/dahua-dh-hac-hfw1200rln-il-t6939554927898-camara-hdcvi-plus-dh-hac-hfw1200rl-il-t-bullet-de-2-mp-audio-bidireccional-iluminacion-dual-inteligente-hasta-30m-lente-de-2-8mm-apertura-de-111-poli\/\",\"url\":\"https:\/\/compuviper.mx\/tienda\/producto\/dahua-dh-hac-hfw1200rln-il-t6939554927898-camara-hdcvi-plus-dh-hac-hfw1200rl-il-t-bullet-de-2-mp-audio-bidireccional-iluminacion-dual-inteligente-hasta-30m-lente-de-2-8mm-apertura-de-111-poli\/\",\"name\":\"[ Dahua ] &#129351; Dh-hac-hfw1200rln-il-t,6939554927898 Camara Hdcvi Plus\/ \/ Dh-hac-hfw1200rl-il-t\/ Bullet De 2 Mp\/ Audio Bidireccional\/ Iluminacion Dual Inteligente Hasta 30m\/ Lente De 2.8mm Apertura De 111\/ Policarbonato\",\"isPartOf\":{\"@id\":\"https:\/\/compuviper.mx\/tienda\/#website\"},\"datePublished\":\"2026-04-21T06:19:19+00:00\",\"dateModified\":\"2026-04-21T06:19:20+00:00\",\"description\":\"Compra Dh-hac-hfw1200rln-il-t,6939554927898 Camara Hdcvi Plus\/ \/ Dh-hac-hfw1200rl-il-t\/ Bullet De 2 Mp\/ Audio Bidireccional\/ Iluminacion Dual Inteligente Hasta 30m\/ Lente De 2.8mm Apertura De 111\/ Policarbonato + Env\u00edo a domicilio + Pago seguro + Garant\u00eda\",\"breadcrumb\":{\"@id\":\"https:\/\/compuviper.mx\/tienda\/producto\/dahua-dh-hac-hfw1200rln-il-t6939554927898-camara-hdcvi-plus-dh-hac-hfw1200rl-il-t-bullet-de-2-mp-audio-bidireccional-iluminacion-dual-inteligente-hasta-30m-lente-de-2-8mm-apertura-de-111-poli\/#breadcrumb\"},\"inLanguage\":\"es-MX\",\"potentialAction\":[{\"@type\":\"ReadAction\",\"target\":[\"https:\/\/compuviper.mx\/tienda\/producto\/dahua-dh-hac-hfw1200rln-il-t6939554927898-camara-hdcvi-plus-dh-hac-hfw1200rl-il-t-bullet-de-2-mp-audio-bidireccional-iluminacion-dual-inteligente-hasta-30m-lente-de-2-8mm-apertura-de-111-poli\/\"]}]},{\"@type\":\"BreadcrumbList\",\"@id\":\"https:\/\/compuviper.mx\/tienda\/producto\/dahua-dh-hac-hfw1200rln-il-t6939554927898-camara-hdcvi-plus-dh-hac-hfw1200rl-il-t-bullet-de-2-mp-audio-bidireccional-iluminacion-dual-inteligente-hasta-30m-lente-de-2-8mm-apertura-de-111-poli\/#breadcrumb\",\"itemListElement\":[{\"@type\":\"ListItem\",\"position\":1,\"name\":\"Inicio\",\"item\":\"https:\/\/compuviper.mx\/tienda\/\"},{\"@type\":\"ListItem\",\"position\":2,\"name\":\"Productos\",\"item\":\"https:\/\/compuviper.mx\/tienda\/productos\/\"},{\"@type\":\"ListItem\",\"position\":3,\"name\":\"Camaras\",\"item\":\"https:\/\/compuviper.mx\/tienda\/categoria-producto\/camaras-2\/\"},{\"@type\":\"ListItem\",\"position\":4,\"name\":\"Camara De Videovigilancia\",\"item\":\"https:\/\/compuviper.mx\/tienda\/categoria-producto\/camaras-2\/camara-de-videovigilancia\/\"},{\"@type\":\"ListItem\",\"position\":5,\"name\":\"Dahua Dh-hac-hfw1200rln-il-t,6939554927898 Camara Hdcvi Plus\/ \/ Dh-hac-hfw1200rl-il-t\/ Bullet De 2 Mp\/ Audio Bidireccional\/ Iluminacion Dual Inteligente Hasta 30m\/ Lente De 2.8mm Apertura De 111\/ Policarbonato\"}]},{\"@type\":\"WebSite\",\"@id\":\"https:\/\/compuviper.mx\/tienda\/#website\",\"url\":\"https:\/\/compuviper.mx\/tienda\/\",\"name\":\"Compuviper\",\"description\":\"Proveedor de Computadoras, Laptops, Servidores, Monitores, Puntos de Venta, Teclados,   Impresoras, T\u00f3ner, C\u00e1maras de Seguridad y m\u00e1s en tu tienda en l\u00ednea\",\"publisher\":{\"@id\":\"https:\/\/compuviper.mx\/tienda\/#organization\"},\"potentialAction\":[{\"@type\":\"SearchAction\",\"target\":{\"@type\":\"EntryPoint\",\"urlTemplate\":\"https:\/\/compuviper.mx\/tienda\/?s={search_term_string}\"},\"query-input\":\"required name=search_term_string\"}],\"inLanguage\":\"es-MX\"},{\"@type\":\"Organization\",\"@id\":\"https:\/\/compuviper.mx\/tienda\/#organization\",\"name\":\"Compuviper\",\"url\":\"https:\/\/compuviper.mx\/tienda\/\",\"logo\":{\"@type\":\"ImageObject\",\"inLanguage\":\"es-MX\",\"@id\":\"https:\/\/compuviper.mx\/tienda\/#\/schema\/logo\/image\/\",\"url\":\"https:\/\/compuviper.mx\/tienda\/wp-content\/uploads\/2021\/08\/Logo-Compuviper-10.png\",\"contentUrl\":\"https:\/\/compuviper.mx\/tienda\/wp-content\/uploads\/2021\/08\/Logo-Compuviper-10.png\",\"width\":1000,\"height\":500,\"caption\":\"Compuviper\"},\"image\":{\"@id\":\"https:\/\/compuviper.mx\/tienda\/#\/schema\/logo\/image\/\"},\"sameAs\":[\"https:\/\/www.facebook.com\/compuviper\",\"https:\/\/www.youtube.com\/channel\/UCf73dERp9Y3cfOq7q8BhLjA?view_as=subscriber\"]}]}<\/script>\n<meta property=\"product:brand\" content=\"DAHUA\" \/>\n<meta property=\"product:price:amount\" content=\"476\" \/>\n<meta property=\"product:price:currency\" content=\"MXN\" \/>\n<meta property=\"og:availability\" content=\"instock\" \/>\n<meta property=\"product:availability\" content=\"instock\" \/>\n<meta property=\"product:retailer_item_id\" content=\"DH-HAC-HFW1200RLN-IL-T,6939554927898\" \/>\n<meta property=\"product:condition\" content=\"new\" \/>\n<!-- \/ Yoast SEO plugin. -->","yoast_head_json":{"title":"[ Dahua ] &#129351; Dh-hac-hfw1200rln-il-t,6939554927898 Camara Hdcvi Plus\/ \/ Dh-hac-hfw1200rl-il-t\/ Bullet De 2 Mp\/ Audio Bidireccional\/ Iluminacion Dual Inteligente Hasta 30m\/ Lente De 2.8mm Apertura De 111\/ Policarbonato","description":"Compra Dh-hac-hfw1200rln-il-t,6939554927898 Camara Hdcvi Plus\/ \/ Dh-hac-hfw1200rl-il-t\/ Bullet De 2 Mp\/ Audio Bidireccional\/ Iluminacion Dual Inteligente Hasta 30m\/ Lente De 2.8mm Apertura De 111\/ Policarbonato + Env\u00edo a domicilio + Pago seguro + Garant\u00eda","robots":{"index":"index","follow":"follow","max-snippet":"max-snippet:-1","max-image-preview":"max-image-preview:large","max-video-preview":"max-video-preview:-1"},"canonical":"https:\/\/compuviper.mx\/tienda\/producto\/dahua-dh-hac-hfw1200rln-il-t6939554927898-camara-hdcvi-plus-dh-hac-hfw1200rl-il-t-bullet-de-2-mp-audio-bidireccional-iluminacion-dual-inteligente-hasta-30m-lente-de-2-8mm-apertura-de-111-poli\/","og_locale":"es_MX","og_type":"article","og_title":"[ Dahua ] &#129351; Dh-hac-hfw1200rln-il-t,6939554927898 Camara Hdcvi Plus\/ \/ Dh-hac-hfw1200rl-il-t\/ Bullet De 2 Mp\/ Audio Bidireccional\/ Iluminacion Dual Inteligente Hasta 30m\/ Lente De 2.8mm Apertura De 111\/ Policarbonato","og_description":"Compra Dh-hac-hfw1200rln-il-t,6939554927898 Camara Hdcvi Plus\/ \/ Dh-hac-hfw1200rl-il-t\/ Bullet De 2 Mp\/ Audio Bidireccional\/ Iluminacion Dual Inteligente Hasta 30m\/ Lente De 2.8mm Apertura De 111\/ Policarbonato + Env\u00edo a domicilio + Pago seguro + Garant\u00eda","og_url":"https:\/\/compuviper.mx\/tienda\/producto\/dahua-dh-hac-hfw1200rln-il-t6939554927898-camara-hdcvi-plus-dh-hac-hfw1200rl-il-t-bullet-de-2-mp-audio-bidireccional-iluminacion-dual-inteligente-hasta-30m-lente-de-2-8mm-apertura-de-111-poli\/","og_site_name":"Compuviper","article_publisher":"https:\/\/www.facebook.com\/compuviper","article_modified_time":"2026-04-21T06:19:20+00:00","og_image":[{"width":200,"height":200,"url":"https:\/\/compuviper.mx\/tienda\/wp-content\/uploads\/2025\/10\/Camara-hdcvi-plus-dahua-dh-hac-hfw1200rl-il-t-bullet-de-2-mp-audio-bidireccional-iluminacion-dual-inteligente-hasta-30m-lente-de-2.8mm-apertura-de-111\u00b0-policarbonato.jpg","type":"image\/jpeg"}],"twitter_card":"summary_large_image","twitter_misc":{"Precio":"&#36;476 con IVA","Availability":"In stock"},"schema":{"@context":"https:\/\/schema.org","@graph":[{"@type":"WebPage","@id":"https:\/\/compuviper.mx\/tienda\/producto\/dahua-dh-hac-hfw1200rln-il-t6939554927898-camara-hdcvi-plus-dh-hac-hfw1200rl-il-t-bullet-de-2-mp-audio-bidireccional-iluminacion-dual-inteligente-hasta-30m-lente-de-2-8mm-apertura-de-111-poli\/","url":"https:\/\/compuviper.mx\/tienda\/producto\/dahua-dh-hac-hfw1200rln-il-t6939554927898-camara-hdcvi-plus-dh-hac-hfw1200rl-il-t-bullet-de-2-mp-audio-bidireccional-iluminacion-dual-inteligente-hasta-30m-lente-de-2-8mm-apertura-de-111-poli\/","name":"[ Dahua ] &#129351; Dh-hac-hfw1200rln-il-t,6939554927898 Camara Hdcvi Plus\/ \/ Dh-hac-hfw1200rl-il-t\/ Bullet De 2 Mp\/ Audio Bidireccional\/ Iluminacion Dual Inteligente Hasta 30m\/ Lente De 2.8mm Apertura De 111\/ Policarbonato","isPartOf":{"@id":"https:\/\/compuviper.mx\/tienda\/#website"},"datePublished":"2026-04-21T06:19:19+00:00","dateModified":"2026-04-21T06:19:20+00:00","description":"Compra Dh-hac-hfw1200rln-il-t,6939554927898 Camara Hdcvi Plus\/ \/ Dh-hac-hfw1200rl-il-t\/ Bullet De 2 Mp\/ Audio Bidireccional\/ Iluminacion Dual Inteligente Hasta 30m\/ Lente De 2.8mm Apertura De 111\/ Policarbonato + Env\u00edo a domicilio + Pago seguro + Garant\u00eda","breadcrumb":{"@id":"https:\/\/compuviper.mx\/tienda\/producto\/dahua-dh-hac-hfw1200rln-il-t6939554927898-camara-hdcvi-plus-dh-hac-hfw1200rl-il-t-bullet-de-2-mp-audio-bidireccional-iluminacion-dual-inteligente-hasta-30m-lente-de-2-8mm-apertura-de-111-poli\/#breadcrumb"},"inLanguage":"es-MX","potentialAction":[{"@type":"ReadAction","target":["https:\/\/compuviper.mx\/tienda\/producto\/dahua-dh-hac-hfw1200rln-il-t6939554927898-camara-hdcvi-plus-dh-hac-hfw1200rl-il-t-bullet-de-2-mp-audio-bidireccional-iluminacion-dual-inteligente-hasta-30m-lente-de-2-8mm-apertura-de-111-poli\/"]}]},{"@type":"BreadcrumbList","@id":"https:\/\/compuviper.mx\/tienda\/producto\/dahua-dh-hac-hfw1200rln-il-t6939554927898-camara-hdcvi-plus-dh-hac-hfw1200rl-il-t-bullet-de-2-mp-audio-bidireccional-iluminacion-dual-inteligente-hasta-30m-lente-de-2-8mm-apertura-de-111-poli\/#breadcrumb","itemListElement":[{"@type":"ListItem","position":1,"name":"Inicio","item":"https:\/\/compuviper.mx\/tienda\/"},{"@type":"ListItem","position":2,"name":"Productos","item":"https:\/\/compuviper.mx\/tienda\/productos\/"},{"@type":"ListItem","position":3,"name":"Camaras","item":"https:\/\/compuviper.mx\/tienda\/categoria-producto\/camaras-2\/"},{"@type":"ListItem","position":4,"name":"Camara De Videovigilancia","item":"https:\/\/compuviper.mx\/tienda\/categoria-producto\/camaras-2\/camara-de-videovigilancia\/"},{"@type":"ListItem","position":5,"name":"Dahua Dh-hac-hfw1200rln-il-t,6939554927898 Camara Hdcvi Plus\/ \/ Dh-hac-hfw1200rl-il-t\/ Bullet De 2 Mp\/ Audio Bidireccional\/ Iluminacion Dual Inteligente Hasta 30m\/ Lente De 2.8mm Apertura De 111\/ Policarbonato"}]},{"@type":"WebSite","@id":"https:\/\/compuviper.mx\/tienda\/#website","url":"https:\/\/compuviper.mx\/tienda\/","name":"Compuviper","description":"Proveedor de Computadoras, Laptops, Servidores, Monitores, Puntos de Venta, Teclados,   Impresoras, T\u00f3ner, C\u00e1maras de Seguridad y m\u00e1s en tu tienda en l\u00ednea","publisher":{"@id":"https:\/\/compuviper.mx\/tienda\/#organization"},"potentialAction":[{"@type":"SearchAction","target":{"@type":"EntryPoint","urlTemplate":"https:\/\/compuviper.mx\/tienda\/?s={search_term_string}"},"query-input":"required name=search_term_string"}],"inLanguage":"es-MX"},{"@type":"Organization","@id":"https:\/\/compuviper.mx\/tienda\/#organization","name":"Compuviper","url":"https:\/\/compuviper.mx\/tienda\/","logo":{"@type":"ImageObject","inLanguage":"es-MX","@id":"https:\/\/compuviper.mx\/tienda\/#\/schema\/logo\/image\/","url":"https:\/\/compuviper.mx\/tienda\/wp-content\/uploads\/2021\/08\/Logo-Compuviper-10.png","contentUrl":"https:\/\/compuviper.mx\/tienda\/wp-content\/uploads\/2021\/08\/Logo-Compuviper-10.png","width":1000,"height":500,"caption":"Compuviper"},"image":{"@id":"https:\/\/compuviper.mx\/tienda\/#\/schema\/logo\/image\/"},"sameAs":["https:\/\/www.facebook.com\/compuviper","https:\/\/www.youtube.com\/channel\/UCf73dERp9Y3cfOq7q8BhLjA?view_as=subscriber"]}]},"product_brand":"DAHUA","product_price_amount":"476","product_price_currency":"MXN","og_availability":"instock","product_availability":"instock","product_retailer_item_id":"DH-HAC-HFW1200RLN-IL-T,6939554927898","product_condition":"new"},"_links":{"self":[{"href":"https:\/\/compuviper.mx\/tienda\/wp-json\/wp\/v2\/product\/256545"}],"collection":[{"href":"https:\/\/compuviper.mx\/tienda\/wp-json\/wp\/v2\/product"}],"about":[{"href":"https:\/\/compuviper.mx\/tienda\/wp-json\/wp\/v2\/types\/product"}],"replies":[{"embeddable":true,"href":"https:\/\/compuviper.mx\/tienda\/wp-json\/wp\/v2\/comments?post=256545"}],"wp:featuredmedia":[{"embeddable":true,"href":"https:\/\/compuviper.mx\/tienda\/wp-json\/wp\/v2\/media\/259469"}],"wp:attachment":[{"href":"https:\/\/compuviper.mx\/tienda\/wp-json\/wp\/v2\/media?parent=256545"}],"wp:term":[{"taxonomy":"product_cat","embeddable":true,"href":"https:\/\/compuviper.mx\/tienda\/wp-json\/wp\/v2\/product_cat?post=256545"},{"taxonomy":"product_tag","embeddable":true,"href":"https:\/\/compuviper.mx\/tienda\/wp-json\/wp\/v2\/product_tag?post=256545"}],"curies":[{"name":"wp","href":"https:\/\/api.w.org\/{rel}","templated":true}]}}