{"id":256544,"date":"2026-04-23T00:16:02","date_gmt":"2026-04-23T06:16:02","guid":{"rendered":"https:\/\/compuviper.mx\/tienda\/producto\/dahua-dh-hac-b2a21n-u-il-a-camara-hdcvi-x-plus-bullet-de-2-mp-lente-de-2-8-mm-aper-de-hasta-100-microfono-integrado-iluminador-dual-inteligente-de-hasta-30mts-ir-y-20mts-luz-calida-ext-metalic\/"},"modified":"2026-04-23T00:16:02","modified_gmt":"2026-04-23T06:16:02","slug":"dahua-dh-hac-b2a21n-u-il-a-camara-hdcvi-x-plus-bullet-de-2-mp-lente-de-2-8-mm-aper-de-hasta-100-microfono-integrado-iluminador-dual-inteligente-de-hasta-30mts-ir-y-20mts-luz-calida-ext-metalic","status":"publish","type":"product","link":"https:\/\/compuviper.mx\/tienda\/producto\/dahua-dh-hac-b2a21n-u-il-a-camara-hdcvi-x-plus-bullet-de-2-mp-lente-de-2-8-mm-aper-de-hasta-100-microfono-integrado-iluminador-dual-inteligente-de-hasta-30mts-ir-y-20mts-luz-calida-ext-metalic\/","title":{"rendered":"Dahua Dh-hac-b2a21n-u-il-a Camara Hdcvi X Plus\/ \/ \/ Bullet De 2 Mp\/ Lente De 2.8 Mm Aper De Hasta 100?\/ Microfono Integrado\/iluminador Dual Inteligente De Hasta 30mts Ir Y 20mts Luz Calida\/ext\/metalica"},"content":{"rendered":"<table class=\"descripcion\">\n<tr>\n<td>Especificaciones tecnicas<\/td>\n<\/tr>\n<tr>\n<td>\u0095 sensor de imagen: cmos de 2 mp<\/td>\n<\/tr>\n<tr>\n<td>\u0095 resolucion maxima: 1920 \u00d7 1080<\/td>\n<\/tr>\n<tr>\n<td>\u0095 lente: 2.8mm<\/td>\n<\/tr>\n<tr>\n<td>\u0095 sistema de escaneo: progresivo<\/td>\n<\/tr>\n<tr>\n<td>\u0095 velocidad de obturacion electronica: pal: 1\/25 s\u00961\/100 000 s; ntsc: 1\/30 s\u00961\/100 000 s<\/td>\n<\/tr>\n<tr>\n<td>\u0095 iluminacion minima: 0,02 lux (color); 0,002 lux (b\/n); 0 lux (ir activado)<\/td>\n<\/tr>\n<tr>\n<td>\u0095 relacion senal\/ruido:   65 db<\/td>\n<\/tr>\n<tr>\n<td>\u0095 modos dia\/noche: automatico (icr) \/ color \/ b\/n<\/td>\n<\/tr>\n<tr>\n<td>\u0095 wdr: dwdr<\/td>\n<\/tr>\n<tr>\n<td>\u0095 compensacion de luz: blc; hlc<\/td>\n<\/tr>\n<tr>\n<td>\u0095 balance de blancos: automatico; por area<\/td>\n<\/tr>\n<tr>\n<td>\u0095 reduccion de ruido: 2d nr<\/td>\n<\/tr>\n<tr>\n<td>\u0095 iluminacion: ir inteligente y luz calida<\/td>\n<\/tr>\n<tr>\n<td>\u0095 distancia de iluminacion: ir: 30 m; luz calida: 20 m<\/td>\n<\/tr>\n<tr>\n<td>\u0095 numero de iluminadores: 2 ir + 2 luz calida<\/td>\n<\/tr>\n<tr>\n<td>\u0095 control de iluminador: automatico \/ manual<\/td>\n<\/tr>\n<tr>\n<td>Incluye<\/td>\n<\/tr>\n<tr>\n<td>\u0095 1x camara tipo bala de 2mp dh-hac-b2a21n-u-il-a<\/td>\n<\/tr>\n<tr>\n<td>\u0095 1x manual de usuario<\/td>\n<\/tr>\n<tr>\n<td>\u0095 1x poliza de garantia<\/td>\n<\/tr>\n<\/table>\n","protected":false},"excerpt":{"rendered":"<p>Informacion general. La camara tipo bala dh-hac-b2a21n-u-il-a de dahua ofrece una solucion versatil para vigilancia exterior. Con resolucion de 2mp y lente de 2.8 mm, proporciona imagenes amplias y claras. Incorpora microfono para captacion de audio y un sistema de iluminacion dual inteligente que alterna entre infrarrojo y luz blanca segun las condiciones del entorno. Su construccion metalica y proteccion ip67 aseguran durabilidad frente a climas extremos. Compatible con tecnologias cvi, ahd y tvi, facilita la integracion en sistemas existentes. Es ideal para proyectos de seguridad que requieren video de alta definicion con funciones inteligentes en cualquier tipo de iluminacion. +++importante++.  En los equipos dahua de la serie xplus, el audio bidireccional solo es funcional cuando se utiliza cable coaxial directo (no es compatible con baluns de video ni transceptores), y su distancia maxima depende del tipo de cable: hasta 100 metros con rg58 bnc y hasta 200 metros con rg59 bnc, es compatible unicamente con grabadores xvr de la misma serie xplus, su uso con modelos distintos podria resultar en perdida de funcionalidad de audio bidireccional.<\/p>\n","protected":false},"featured_media":259468,"comment_status":"open","ping_status":"open","template":"","meta":[],"product_cat":[1681,1608],"product_tag":[1555],"acf":[],"yoast_head":"<!-- This site is optimized with the Yoast SEO plugin v21.7 - https:\/\/yoast.com\/wordpress\/plugins\/seo\/ -->\n<title>[ Dahua ] &#129351; Dh-hac-b2a21n-u-il-a Camara Hdcvi X Plus\/ \/ \/ Bullet De 2 Mp\/ Lente De 2.8 Mm Aper De Hasta 100\u00b0\/ Microfono Integrado\/iluminador Dual Inteligente De Hasta 30mts Ir Y 20mts Luz Calida\/ext\/metalica<\/title>\n<meta name=\"description\" content=\"Compra Dh-hac-b2a21n-u-il-a Camara Hdcvi X Plus\/ \/ \/ Bullet De 2 Mp\/ Lente De 2.8 Mm Aper De Hasta 100\u00b0\/ Microfono Integrado\/iluminador Dual Inteligente De Hasta 30mts Ir Y 20mts Luz Calida\/ext\/metalica + Env\u00edo a domicilio + Pago seguro + Garant\u00eda\" \/>\n<meta name=\"robots\" content=\"index, follow, max-snippet:-1, max-image-preview:large, max-video-preview:-1\" \/>\n<link rel=\"canonical\" href=\"https:\/\/compuviper.mx\/tienda\/producto\/dahua-dh-hac-b2a21n-u-il-a-camara-hdcvi-x-plus-bullet-de-2-mp-lente-de-2-8-mm-aper-de-hasta-100-microfono-integrado-iluminador-dual-inteligente-de-hasta-30mts-ir-y-20mts-luz-calida-ext-metalic\/\" \/>\n<meta property=\"og:locale\" content=\"es_MX\" \/>\n<meta property=\"og:type\" content=\"article\" \/>\n<meta property=\"og:title\" content=\"[ Dahua ] &#129351; Dh-hac-b2a21n-u-il-a Camara Hdcvi X Plus\/ \/ \/ Bullet De 2 Mp\/ Lente De 2.8 Mm Aper De Hasta 100\u00b0\/ Microfono Integrado\/iluminador Dual Inteligente De Hasta 30mts Ir Y 20mts Luz Calida\/ext\/metalica\" \/>\n<meta property=\"og:description\" content=\"Compra Dh-hac-b2a21n-u-il-a Camara Hdcvi X Plus\/ \/ \/ Bullet De 2 Mp\/ Lente De 2.8 Mm Aper De Hasta 100\u00b0\/ Microfono Integrado\/iluminador Dual Inteligente De Hasta 30mts Ir Y 20mts Luz Calida\/ext\/metalica + Env\u00edo a domicilio + Pago seguro + Garant\u00eda\" \/>\n<meta property=\"og:url\" content=\"https:\/\/compuviper.mx\/tienda\/producto\/dahua-dh-hac-b2a21n-u-il-a-camara-hdcvi-x-plus-bullet-de-2-mp-lente-de-2-8-mm-aper-de-hasta-100-microfono-integrado-iluminador-dual-inteligente-de-hasta-30mts-ir-y-20mts-luz-calida-ext-metalic\/\" \/>\n<meta property=\"og:site_name\" content=\"Compuviper\" \/>\n<meta property=\"article:publisher\" content=\"https:\/\/www.facebook.com\/compuviper\" \/>\n<meta property=\"og:image\" content=\"https:\/\/compuviper.mx\/tienda\/wp-content\/uploads\/2025\/10\/Camara-hdcvi-x-plus-dahua-dh-hac-b2a21n-u-il-a-bullet-de-2-mp-lente-de-2.8-mm-aper-de-hasta-100\u00b0-microfono-integradoiluminador-dual-inteligente-de-hasta-30mts-ir-y-20mts-luz-calidaextmetalica.jpg\" \/>\n\t<meta property=\"og:image:width\" content=\"200\" \/>\n\t<meta property=\"og:image:height\" content=\"200\" \/>\n\t<meta property=\"og:image:type\" content=\"image\/jpeg\" \/>\n<meta name=\"twitter:card\" content=\"summary_large_image\" \/>\n<meta name=\"twitter:label1\" content=\"Precio\" \/>\n\t<meta name=\"twitter:data1\" content=\"&#36;338 con IVA\" \/>\n\t<meta name=\"twitter:label2\" content=\"Availability\" \/>\n\t<meta name=\"twitter:data2\" content=\"In stock\" \/>\n<script type=\"application\/ld+json\" class=\"yoast-schema-graph\">{\"@context\":\"https:\/\/schema.org\",\"@graph\":[{\"@type\":\"WebPage\",\"@id\":\"https:\/\/compuviper.mx\/tienda\/producto\/dahua-dh-hac-b2a21n-u-il-a-camara-hdcvi-x-plus-bullet-de-2-mp-lente-de-2-8-mm-aper-de-hasta-100-microfono-integrado-iluminador-dual-inteligente-de-hasta-30mts-ir-y-20mts-luz-calida-ext-metalic\/\",\"url\":\"https:\/\/compuviper.mx\/tienda\/producto\/dahua-dh-hac-b2a21n-u-il-a-camara-hdcvi-x-plus-bullet-de-2-mp-lente-de-2-8-mm-aper-de-hasta-100-microfono-integrado-iluminador-dual-inteligente-de-hasta-30mts-ir-y-20mts-luz-calida-ext-metalic\/\",\"name\":\"[ Dahua ] &#129351; Dh-hac-b2a21n-u-il-a Camara Hdcvi X Plus\/ \/ \/ Bullet De 2 Mp\/ Lente De 2.8 Mm Aper De Hasta 100\u00b0\/ Microfono Integrado\/iluminador Dual Inteligente De Hasta 30mts Ir Y 20mts Luz Calida\/ext\/metalica\",\"isPartOf\":{\"@id\":\"https:\/\/compuviper.mx\/tienda\/#website\"},\"datePublished\":\"2026-04-23T06:16:02+00:00\",\"dateModified\":\"2026-04-23T06:16:02+00:00\",\"description\":\"Compra Dh-hac-b2a21n-u-il-a Camara Hdcvi X Plus\/ \/ \/ Bullet De 2 Mp\/ Lente De 2.8 Mm Aper De Hasta 100\u00b0\/ Microfono Integrado\/iluminador Dual Inteligente De Hasta 30mts Ir Y 20mts Luz Calida\/ext\/metalica + Env\u00edo a domicilio + Pago seguro + Garant\u00eda\",\"breadcrumb\":{\"@id\":\"https:\/\/compuviper.mx\/tienda\/producto\/dahua-dh-hac-b2a21n-u-il-a-camara-hdcvi-x-plus-bullet-de-2-mp-lente-de-2-8-mm-aper-de-hasta-100-microfono-integrado-iluminador-dual-inteligente-de-hasta-30mts-ir-y-20mts-luz-calida-ext-metalic\/#breadcrumb\"},\"inLanguage\":\"es-MX\",\"potentialAction\":[{\"@type\":\"ReadAction\",\"target\":[\"https:\/\/compuviper.mx\/tienda\/producto\/dahua-dh-hac-b2a21n-u-il-a-camara-hdcvi-x-plus-bullet-de-2-mp-lente-de-2-8-mm-aper-de-hasta-100-microfono-integrado-iluminador-dual-inteligente-de-hasta-30mts-ir-y-20mts-luz-calida-ext-metalic\/\"]}]},{\"@type\":\"BreadcrumbList\",\"@id\":\"https:\/\/compuviper.mx\/tienda\/producto\/dahua-dh-hac-b2a21n-u-il-a-camara-hdcvi-x-plus-bullet-de-2-mp-lente-de-2-8-mm-aper-de-hasta-100-microfono-integrado-iluminador-dual-inteligente-de-hasta-30mts-ir-y-20mts-luz-calida-ext-metalic\/#breadcrumb\",\"itemListElement\":[{\"@type\":\"ListItem\",\"position\":1,\"name\":\"Inicio\",\"item\":\"https:\/\/compuviper.mx\/tienda\/\"},{\"@type\":\"ListItem\",\"position\":2,\"name\":\"Productos\",\"item\":\"https:\/\/compuviper.mx\/tienda\/productos\/\"},{\"@type\":\"ListItem\",\"position\":3,\"name\":\"Camaras\",\"item\":\"https:\/\/compuviper.mx\/tienda\/categoria-producto\/camaras-2\/\"},{\"@type\":\"ListItem\",\"position\":4,\"name\":\"Camara De Videovigilancia\",\"item\":\"https:\/\/compuviper.mx\/tienda\/categoria-producto\/camaras-2\/camara-de-videovigilancia\/\"},{\"@type\":\"ListItem\",\"position\":5,\"name\":\"Dahua Dh-hac-b2a21n-u-il-a Camara Hdcvi X Plus\/ \/ \/ Bullet De 2 Mp\/ Lente De 2.8 Mm Aper De Hasta 100?\/ Microfono Integrado\/iluminador Dual Inteligente De Hasta 30mts Ir Y 20mts Luz Calida\/ext\/metalica\"}]},{\"@type\":\"WebSite\",\"@id\":\"https:\/\/compuviper.mx\/tienda\/#website\",\"url\":\"https:\/\/compuviper.mx\/tienda\/\",\"name\":\"Compuviper\",\"description\":\"Proveedor de Computadoras, Laptops, Servidores, Monitores, Puntos de Venta, Teclados,   Impresoras, T\u00f3ner, C\u00e1maras de Seguridad y m\u00e1s en tu tienda en l\u00ednea\",\"publisher\":{\"@id\":\"https:\/\/compuviper.mx\/tienda\/#organization\"},\"potentialAction\":[{\"@type\":\"SearchAction\",\"target\":{\"@type\":\"EntryPoint\",\"urlTemplate\":\"https:\/\/compuviper.mx\/tienda\/?s={search_term_string}\"},\"query-input\":\"required name=search_term_string\"}],\"inLanguage\":\"es-MX\"},{\"@type\":\"Organization\",\"@id\":\"https:\/\/compuviper.mx\/tienda\/#organization\",\"name\":\"Compuviper\",\"url\":\"https:\/\/compuviper.mx\/tienda\/\",\"logo\":{\"@type\":\"ImageObject\",\"inLanguage\":\"es-MX\",\"@id\":\"https:\/\/compuviper.mx\/tienda\/#\/schema\/logo\/image\/\",\"url\":\"https:\/\/compuviper.mx\/tienda\/wp-content\/uploads\/2021\/08\/Logo-Compuviper-10.png\",\"contentUrl\":\"https:\/\/compuviper.mx\/tienda\/wp-content\/uploads\/2021\/08\/Logo-Compuviper-10.png\",\"width\":1000,\"height\":500,\"caption\":\"Compuviper\"},\"image\":{\"@id\":\"https:\/\/compuviper.mx\/tienda\/#\/schema\/logo\/image\/\"},\"sameAs\":[\"https:\/\/www.facebook.com\/compuviper\",\"https:\/\/www.youtube.com\/channel\/UCf73dERp9Y3cfOq7q8BhLjA?view_as=subscriber\"]}]}<\/script>\n<meta property=\"product:brand\" content=\"DAHUA\" \/>\n<meta property=\"product:price:amount\" content=\"338\" \/>\n<meta property=\"product:price:currency\" content=\"MXN\" \/>\n<meta property=\"og:availability\" content=\"instock\" \/>\n<meta property=\"product:availability\" content=\"instock\" \/>\n<meta property=\"product:retailer_item_id\" content=\"DH-HAC-B2A21N-U-IL-A\" \/>\n<meta property=\"product:condition\" content=\"new\" \/>\n<!-- \/ Yoast SEO plugin. -->","yoast_head_json":{"title":"[ Dahua ] &#129351; Dh-hac-b2a21n-u-il-a Camara Hdcvi X Plus\/ \/ \/ Bullet De 2 Mp\/ Lente De 2.8 Mm Aper De Hasta 100\u00b0\/ Microfono Integrado\/iluminador Dual Inteligente De Hasta 30mts Ir Y 20mts Luz Calida\/ext\/metalica","description":"Compra Dh-hac-b2a21n-u-il-a Camara Hdcvi X Plus\/ \/ \/ Bullet De 2 Mp\/ Lente De 2.8 Mm Aper De Hasta 100\u00b0\/ Microfono Integrado\/iluminador Dual Inteligente De Hasta 30mts Ir Y 20mts Luz Calida\/ext\/metalica + Env\u00edo a domicilio + Pago seguro + Garant\u00eda","robots":{"index":"index","follow":"follow","max-snippet":"max-snippet:-1","max-image-preview":"max-image-preview:large","max-video-preview":"max-video-preview:-1"},"canonical":"https:\/\/compuviper.mx\/tienda\/producto\/dahua-dh-hac-b2a21n-u-il-a-camara-hdcvi-x-plus-bullet-de-2-mp-lente-de-2-8-mm-aper-de-hasta-100-microfono-integrado-iluminador-dual-inteligente-de-hasta-30mts-ir-y-20mts-luz-calida-ext-metalic\/","og_locale":"es_MX","og_type":"article","og_title":"[ Dahua ] &#129351; Dh-hac-b2a21n-u-il-a Camara Hdcvi X Plus\/ \/ \/ Bullet De 2 Mp\/ Lente De 2.8 Mm Aper De Hasta 100\u00b0\/ Microfono Integrado\/iluminador Dual Inteligente De Hasta 30mts Ir Y 20mts Luz Calida\/ext\/metalica","og_description":"Compra Dh-hac-b2a21n-u-il-a Camara Hdcvi X Plus\/ \/ \/ Bullet De 2 Mp\/ Lente De 2.8 Mm Aper De Hasta 100\u00b0\/ Microfono Integrado\/iluminador Dual Inteligente De Hasta 30mts Ir Y 20mts Luz Calida\/ext\/metalica + Env\u00edo a domicilio + Pago seguro + Garant\u00eda","og_url":"https:\/\/compuviper.mx\/tienda\/producto\/dahua-dh-hac-b2a21n-u-il-a-camara-hdcvi-x-plus-bullet-de-2-mp-lente-de-2-8-mm-aper-de-hasta-100-microfono-integrado-iluminador-dual-inteligente-de-hasta-30mts-ir-y-20mts-luz-calida-ext-metalic\/","og_site_name":"Compuviper","article_publisher":"https:\/\/www.facebook.com\/compuviper","og_image":[{"width":200,"height":200,"url":"https:\/\/compuviper.mx\/tienda\/wp-content\/uploads\/2025\/10\/Camara-hdcvi-x-plus-dahua-dh-hac-b2a21n-u-il-a-bullet-de-2-mp-lente-de-2.8-mm-aper-de-hasta-100\u00b0-microfono-integradoiluminador-dual-inteligente-de-hasta-30mts-ir-y-20mts-luz-calidaextmetalica.jpg","type":"image\/jpeg"}],"twitter_card":"summary_large_image","twitter_misc":{"Precio":"&#36;338 con IVA","Availability":"In stock"},"schema":{"@context":"https:\/\/schema.org","@graph":[{"@type":"WebPage","@id":"https:\/\/compuviper.mx\/tienda\/producto\/dahua-dh-hac-b2a21n-u-il-a-camara-hdcvi-x-plus-bullet-de-2-mp-lente-de-2-8-mm-aper-de-hasta-100-microfono-integrado-iluminador-dual-inteligente-de-hasta-30mts-ir-y-20mts-luz-calida-ext-metalic\/","url":"https:\/\/compuviper.mx\/tienda\/producto\/dahua-dh-hac-b2a21n-u-il-a-camara-hdcvi-x-plus-bullet-de-2-mp-lente-de-2-8-mm-aper-de-hasta-100-microfono-integrado-iluminador-dual-inteligente-de-hasta-30mts-ir-y-20mts-luz-calida-ext-metalic\/","name":"[ Dahua ] &#129351; Dh-hac-b2a21n-u-il-a Camara Hdcvi X Plus\/ \/ \/ Bullet De 2 Mp\/ Lente De 2.8 Mm Aper De Hasta 100\u00b0\/ Microfono Integrado\/iluminador Dual Inteligente De Hasta 30mts Ir Y 20mts Luz Calida\/ext\/metalica","isPartOf":{"@id":"https:\/\/compuviper.mx\/tienda\/#website"},"datePublished":"2026-04-23T06:16:02+00:00","dateModified":"2026-04-23T06:16:02+00:00","description":"Compra Dh-hac-b2a21n-u-il-a Camara Hdcvi X Plus\/ \/ \/ Bullet De 2 Mp\/ Lente De 2.8 Mm Aper De Hasta 100\u00b0\/ Microfono Integrado\/iluminador Dual Inteligente De Hasta 30mts Ir Y 20mts Luz Calida\/ext\/metalica + Env\u00edo a domicilio + Pago seguro + Garant\u00eda","breadcrumb":{"@id":"https:\/\/compuviper.mx\/tienda\/producto\/dahua-dh-hac-b2a21n-u-il-a-camara-hdcvi-x-plus-bullet-de-2-mp-lente-de-2-8-mm-aper-de-hasta-100-microfono-integrado-iluminador-dual-inteligente-de-hasta-30mts-ir-y-20mts-luz-calida-ext-metalic\/#breadcrumb"},"inLanguage":"es-MX","potentialAction":[{"@type":"ReadAction","target":["https:\/\/compuviper.mx\/tienda\/producto\/dahua-dh-hac-b2a21n-u-il-a-camara-hdcvi-x-plus-bullet-de-2-mp-lente-de-2-8-mm-aper-de-hasta-100-microfono-integrado-iluminador-dual-inteligente-de-hasta-30mts-ir-y-20mts-luz-calida-ext-metalic\/"]}]},{"@type":"BreadcrumbList","@id":"https:\/\/compuviper.mx\/tienda\/producto\/dahua-dh-hac-b2a21n-u-il-a-camara-hdcvi-x-plus-bullet-de-2-mp-lente-de-2-8-mm-aper-de-hasta-100-microfono-integrado-iluminador-dual-inteligente-de-hasta-30mts-ir-y-20mts-luz-calida-ext-metalic\/#breadcrumb","itemListElement":[{"@type":"ListItem","position":1,"name":"Inicio","item":"https:\/\/compuviper.mx\/tienda\/"},{"@type":"ListItem","position":2,"name":"Productos","item":"https:\/\/compuviper.mx\/tienda\/productos\/"},{"@type":"ListItem","position":3,"name":"Camaras","item":"https:\/\/compuviper.mx\/tienda\/categoria-producto\/camaras-2\/"},{"@type":"ListItem","position":4,"name":"Camara De Videovigilancia","item":"https:\/\/compuviper.mx\/tienda\/categoria-producto\/camaras-2\/camara-de-videovigilancia\/"},{"@type":"ListItem","position":5,"name":"Dahua Dh-hac-b2a21n-u-il-a Camara Hdcvi X Plus\/ \/ \/ Bullet De 2 Mp\/ Lente De 2.8 Mm Aper De Hasta 100?\/ Microfono Integrado\/iluminador Dual Inteligente De Hasta 30mts Ir Y 20mts Luz Calida\/ext\/metalica"}]},{"@type":"WebSite","@id":"https:\/\/compuviper.mx\/tienda\/#website","url":"https:\/\/compuviper.mx\/tienda\/","name":"Compuviper","description":"Proveedor de Computadoras, Laptops, Servidores, Monitores, Puntos de Venta, Teclados,   Impresoras, T\u00f3ner, C\u00e1maras de Seguridad y m\u00e1s en tu tienda en l\u00ednea","publisher":{"@id":"https:\/\/compuviper.mx\/tienda\/#organization"},"potentialAction":[{"@type":"SearchAction","target":{"@type":"EntryPoint","urlTemplate":"https:\/\/compuviper.mx\/tienda\/?s={search_term_string}"},"query-input":"required name=search_term_string"}],"inLanguage":"es-MX"},{"@type":"Organization","@id":"https:\/\/compuviper.mx\/tienda\/#organization","name":"Compuviper","url":"https:\/\/compuviper.mx\/tienda\/","logo":{"@type":"ImageObject","inLanguage":"es-MX","@id":"https:\/\/compuviper.mx\/tienda\/#\/schema\/logo\/image\/","url":"https:\/\/compuviper.mx\/tienda\/wp-content\/uploads\/2021\/08\/Logo-Compuviper-10.png","contentUrl":"https:\/\/compuviper.mx\/tienda\/wp-content\/uploads\/2021\/08\/Logo-Compuviper-10.png","width":1000,"height":500,"caption":"Compuviper"},"image":{"@id":"https:\/\/compuviper.mx\/tienda\/#\/schema\/logo\/image\/"},"sameAs":["https:\/\/www.facebook.com\/compuviper","https:\/\/www.youtube.com\/channel\/UCf73dERp9Y3cfOq7q8BhLjA?view_as=subscriber"]}]},"product_brand":"DAHUA","product_price_amount":"338","product_price_currency":"MXN","og_availability":"instock","product_availability":"instock","product_retailer_item_id":"DH-HAC-B2A21N-U-IL-A","product_condition":"new"},"_links":{"self":[{"href":"https:\/\/compuviper.mx\/tienda\/wp-json\/wp\/v2\/product\/256544"}],"collection":[{"href":"https:\/\/compuviper.mx\/tienda\/wp-json\/wp\/v2\/product"}],"about":[{"href":"https:\/\/compuviper.mx\/tienda\/wp-json\/wp\/v2\/types\/product"}],"replies":[{"embeddable":true,"href":"https:\/\/compuviper.mx\/tienda\/wp-json\/wp\/v2\/comments?post=256544"}],"wp:featuredmedia":[{"embeddable":true,"href":"https:\/\/compuviper.mx\/tienda\/wp-json\/wp\/v2\/media\/259468"}],"wp:attachment":[{"href":"https:\/\/compuviper.mx\/tienda\/wp-json\/wp\/v2\/media?parent=256544"}],"wp:term":[{"taxonomy":"product_cat","embeddable":true,"href":"https:\/\/compuviper.mx\/tienda\/wp-json\/wp\/v2\/product_cat?post=256544"},{"taxonomy":"product_tag","embeddable":true,"href":"https:\/\/compuviper.mx\/tienda\/wp-json\/wp\/v2\/product_tag?post=256544"}],"curies":[{"name":"wp","href":"https:\/\/api.w.org\/{rel}","templated":true}]}}