{"id":256543,"date":"2026-04-23T00:16:02","date_gmt":"2026-04-23T06:16:02","guid":{"rendered":"https:\/\/compuviper.mx\/tienda\/producto\/dahua-dh-hac-b1a21n-u-il-a-camara-hdcvi-x-plus-hac-b1a21n-u-il-a-bullet-de-2-mp-lente-de-2-8-mm-apertura-de-hasta-100-iluminacion-dual-inteligente-30-mts-ir-y-20-mts-luz-visible-microfono-int\/"},"modified":"2026-04-23T00:16:02","modified_gmt":"2026-04-23T06:16:02","slug":"dahua-dh-hac-b1a21n-u-il-a6939554919770-camara-hdcvi-x-plus-hac-b1a21n-u-il-a-bullet-de-2-mp-lente-de-2-8-mm-apertura-de-hasta-100-iluminacion-dual-inteligente-30-mts-ir-y-20-mts-luz-visible","status":"publish","type":"product","link":"https:\/\/compuviper.mx\/tienda\/producto\/dahua-dh-hac-b1a21n-u-il-a6939554919770-camara-hdcvi-x-plus-hac-b1a21n-u-il-a-bullet-de-2-mp-lente-de-2-8-mm-apertura-de-hasta-100-iluminacion-dual-inteligente-30-mts-ir-y-20-mts-luz-visible\/","title":{"rendered":"Dahua Dh-hac-b1a21n-u-il-a,6939554919770 Camara Hdcvi X Plus \/ \/ Hac-b1a21n-u-il-a\/ Bullet De 2 Mp\/ Lente De 2.8 Mm Apertura De Hasta 100?\/ Iluminacion Dual Inteligente 30 Mts Ir Y 20 Mts Luz Visible\/ Microfono Integrado\/ Para Exterior"},"content":{"rendered":"<table class=\"descripcion\">\n<tr>\n<td>Especificaciones tacnicas<\/td>\n<\/tr>\n<tr>\n<td>\u0095 sensor de imagen: cmos de 2 mp con escaneo progresivo<\/td>\n<\/tr>\n<tr>\n<td>\u0095 resolucion maxima: 1920 \u00d7 1080 (full hd)<\/td>\n<\/tr>\n<tr>\n<td>\u0095 iluminacion minima: 0 lux con iluminador activado (ir o luz calida)<\/td>\n<\/tr>\n<tr>\n<td>\u0095 distancia de iluminacion: ir hasta 30 m, luz calida hasta 20 m<\/td>\n<\/tr>\n<tr>\n<td>\u0095 lente fijo disponible: 2.8 mm.<\/td>\n<\/tr>\n<tr>\n<td>\u0095 campo de vision amplio: hasta 100\u00b0 (2.8 mm)<\/td>\n<\/tr>\n<tr>\n<td>\u0095 microfono integrado: audio de un canal incluido<\/td>\n<\/tr>\n<tr>\n<td>\u0095 salida de video: cvi\/tvi\/ahd\/cvbs por bnc<\/td>\n<\/tr>\n<tr>\n<td>\u0095 proteccion ambiental: ip67, resistente a polvo y agua<\/td>\n<\/tr>\n<tr>\n<td>\u0095 rango de temperatura de operacion: \u009640 \u00b0c a +60 \u00b0c<\/td>\n<\/tr>\n<tr>\n<td>Incluye<\/td>\n<\/tr>\n<tr>\n<td>\u0095 1x camara tipo bala dahua dh-hac-b1a21n-u-il-a<\/td>\n<\/tr>\n<tr>\n<td>\u0095 1x manual de usuario<\/td>\n<\/tr>\n<tr>\n<td>\u0095 1x poliza de garantia<\/td>\n<\/tr>\n<\/table>\n","protected":false},"excerpt":{"rendered":"<p>Informacion general. La dahua dh-hac-b1a21n-u-il-a es una camara tipo bala de 2 megapixeles con resolucion 1080p, ideal para videovigilancia basica en exteriores. Cuenta con un lente de 2.8 mm que proporciona un angulo de vision de hasta 100\u00b0, permitiendo una cobertura amplia. Su iluminacion infrarroja inteligente garantiza visibilidad nocturna de hasta 30 metros. Esta disenada en material plastico de alta duracion y cuenta con proteccion ip67, lo que asegura resistencia al agua y polvo. Ademas, es compatible con los principales formatos analogicos: cvi, ahd y tvi, lo que la hace versatil para multiples tipos de instalaciones. Caracteristicas principales. \u0095 luz dual inteligente. \u0095 audio con calidad de transmision. \u0095 proteccion (ip67, amplio voltaje. \u0095 sencillez. \u0095 transmision de larga distancia. \u0095 resolucion full hd 1080p para vigilancia basica<\/p>\n","protected":false},"featured_media":259467,"comment_status":"open","ping_status":"open","template":"","meta":[],"product_cat":[1608,1681],"product_tag":[1555],"acf":[],"yoast_head":"<!-- This site is optimized with the Yoast SEO plugin v21.7 - https:\/\/yoast.com\/wordpress\/plugins\/seo\/ -->\n<title>[ Dahua ] &#129351; Dh-hac-b1a21n-u-il-a,6939554919770 Camara Hdcvi X Plus \/ \/ Hac-b1a21n-u-il-a\/ Bullet De 2 Mp\/ Lente De 2.8 Mm Apertura De Hasta 100\u00b0\/ Iluminacion Dual Inteligente 30 Mts Ir Y 20 Mts Luz Visible\/ Microfono Integrado\/ Para Exterior<\/title>\n<meta name=\"description\" content=\"Compra Dh-hac-b1a21n-u-il-a,6939554919770 Camara Hdcvi X Plus \/ \/ Hac-b1a21n-u-il-a\/ Bullet De 2 Mp\/ Lente De 2.8 Mm Apertura De Hasta 100\u00b0\/ Iluminacion Dual Inteligente 30 Mts Ir Y 20 Mts Luz Visible\/ Microfono Integrado\/ Para Exterior + Env\u00edo a domicilio + Pago seguro + Garant\u00eda\" \/>\n<meta name=\"robots\" content=\"index, follow, max-snippet:-1, max-image-preview:large, max-video-preview:-1\" \/>\n<link rel=\"canonical\" href=\"https:\/\/compuviper.mx\/tienda\/producto\/dahua-dh-hac-b1a21n-u-il-a6939554919770-camara-hdcvi-x-plus-hac-b1a21n-u-il-a-bullet-de-2-mp-lente-de-2-8-mm-apertura-de-hasta-100-iluminacion-dual-inteligente-30-mts-ir-y-20-mts-luz-visible\/\" \/>\n<meta property=\"og:locale\" content=\"es_MX\" \/>\n<meta property=\"og:type\" content=\"article\" \/>\n<meta property=\"og:title\" content=\"[ Dahua ] &#129351; Dh-hac-b1a21n-u-il-a,6939554919770 Camara Hdcvi X Plus \/ \/ Hac-b1a21n-u-il-a\/ Bullet De 2 Mp\/ Lente De 2.8 Mm Apertura De Hasta 100\u00b0\/ Iluminacion Dual Inteligente 30 Mts Ir Y 20 Mts Luz Visible\/ Microfono Integrado\/ Para Exterior\" \/>\n<meta property=\"og:description\" content=\"Compra Dh-hac-b1a21n-u-il-a,6939554919770 Camara Hdcvi X Plus \/ \/ Hac-b1a21n-u-il-a\/ Bullet De 2 Mp\/ Lente De 2.8 Mm Apertura De Hasta 100\u00b0\/ Iluminacion Dual Inteligente 30 Mts Ir Y 20 Mts Luz Visible\/ Microfono Integrado\/ Para Exterior + Env\u00edo a domicilio + Pago seguro + Garant\u00eda\" \/>\n<meta property=\"og:url\" content=\"https:\/\/compuviper.mx\/tienda\/producto\/dahua-dh-hac-b1a21n-u-il-a6939554919770-camara-hdcvi-x-plus-hac-b1a21n-u-il-a-bullet-de-2-mp-lente-de-2-8-mm-apertura-de-hasta-100-iluminacion-dual-inteligente-30-mts-ir-y-20-mts-luz-visible\/\" \/>\n<meta property=\"og:site_name\" content=\"Compuviper\" \/>\n<meta property=\"article:publisher\" content=\"https:\/\/www.facebook.com\/compuviper\" \/>\n<meta property=\"og:image\" content=\"https:\/\/compuviper.mx\/tienda\/wp-content\/uploads\/2025\/10\/Camara-hdcvi-x-plus-dahua-hac-b1a21n-u-il-a-bullet-de-2-mp-lente-de-2.8-mm-apertura-de-hasta-100\u00b0-iluminacion-dual-inteligente-30-mts-ir-y-20-mts-luz-visible-microfono-integrado-para-exterior.jpg\" \/>\n\t<meta property=\"og:image:width\" content=\"200\" \/>\n\t<meta property=\"og:image:height\" content=\"200\" \/>\n\t<meta property=\"og:image:type\" content=\"image\/jpeg\" \/>\n<meta name=\"twitter:card\" content=\"summary_large_image\" \/>\n<meta name=\"twitter:label1\" content=\"Precio\" \/>\n\t<meta name=\"twitter:data1\" content=\"&#36;301 con IVA\" \/>\n\t<meta name=\"twitter:label2\" content=\"Availability\" \/>\n\t<meta name=\"twitter:data2\" content=\"In stock\" \/>\n<script type=\"application\/ld+json\" class=\"yoast-schema-graph\">{\"@context\":\"https:\/\/schema.org\",\"@graph\":[{\"@type\":\"WebPage\",\"@id\":\"https:\/\/compuviper.mx\/tienda\/producto\/dahua-dh-hac-b1a21n-u-il-a6939554919770-camara-hdcvi-x-plus-hac-b1a21n-u-il-a-bullet-de-2-mp-lente-de-2-8-mm-apertura-de-hasta-100-iluminacion-dual-inteligente-30-mts-ir-y-20-mts-luz-visible\/\",\"url\":\"https:\/\/compuviper.mx\/tienda\/producto\/dahua-dh-hac-b1a21n-u-il-a6939554919770-camara-hdcvi-x-plus-hac-b1a21n-u-il-a-bullet-de-2-mp-lente-de-2-8-mm-apertura-de-hasta-100-iluminacion-dual-inteligente-30-mts-ir-y-20-mts-luz-visible\/\",\"name\":\"[ Dahua ] &#129351; Dh-hac-b1a21n-u-il-a,6939554919770 Camara Hdcvi X Plus \/ \/ Hac-b1a21n-u-il-a\/ Bullet De 2 Mp\/ Lente De 2.8 Mm Apertura De Hasta 100\u00b0\/ Iluminacion Dual Inteligente 30 Mts Ir Y 20 Mts Luz Visible\/ Microfono Integrado\/ Para Exterior\",\"isPartOf\":{\"@id\":\"https:\/\/compuviper.mx\/tienda\/#website\"},\"datePublished\":\"2026-04-23T06:16:02+00:00\",\"dateModified\":\"2026-04-23T06:16:02+00:00\",\"description\":\"Compra Dh-hac-b1a21n-u-il-a,6939554919770 Camara Hdcvi X Plus \/ \/ Hac-b1a21n-u-il-a\/ Bullet De 2 Mp\/ Lente De 2.8 Mm Apertura De Hasta 100\u00b0\/ Iluminacion Dual Inteligente 30 Mts Ir Y 20 Mts Luz Visible\/ Microfono Integrado\/ Para Exterior + Env\u00edo a domicilio + Pago seguro + Garant\u00eda\",\"breadcrumb\":{\"@id\":\"https:\/\/compuviper.mx\/tienda\/producto\/dahua-dh-hac-b1a21n-u-il-a6939554919770-camara-hdcvi-x-plus-hac-b1a21n-u-il-a-bullet-de-2-mp-lente-de-2-8-mm-apertura-de-hasta-100-iluminacion-dual-inteligente-30-mts-ir-y-20-mts-luz-visible\/#breadcrumb\"},\"inLanguage\":\"es-MX\",\"potentialAction\":[{\"@type\":\"ReadAction\",\"target\":[\"https:\/\/compuviper.mx\/tienda\/producto\/dahua-dh-hac-b1a21n-u-il-a6939554919770-camara-hdcvi-x-plus-hac-b1a21n-u-il-a-bullet-de-2-mp-lente-de-2-8-mm-apertura-de-hasta-100-iluminacion-dual-inteligente-30-mts-ir-y-20-mts-luz-visible\/\"]}]},{\"@type\":\"BreadcrumbList\",\"@id\":\"https:\/\/compuviper.mx\/tienda\/producto\/dahua-dh-hac-b1a21n-u-il-a6939554919770-camara-hdcvi-x-plus-hac-b1a21n-u-il-a-bullet-de-2-mp-lente-de-2-8-mm-apertura-de-hasta-100-iluminacion-dual-inteligente-30-mts-ir-y-20-mts-luz-visible\/#breadcrumb\",\"itemListElement\":[{\"@type\":\"ListItem\",\"position\":1,\"name\":\"Inicio\",\"item\":\"https:\/\/compuviper.mx\/tienda\/\"},{\"@type\":\"ListItem\",\"position\":2,\"name\":\"Productos\",\"item\":\"https:\/\/compuviper.mx\/tienda\/productos\/\"},{\"@type\":\"ListItem\",\"position\":3,\"name\":\"Camaras\",\"item\":\"https:\/\/compuviper.mx\/tienda\/categoria-producto\/camaras-2\/\"},{\"@type\":\"ListItem\",\"position\":4,\"name\":\"Camara De Videovigilancia\",\"item\":\"https:\/\/compuviper.mx\/tienda\/categoria-producto\/camaras-2\/camara-de-videovigilancia\/\"},{\"@type\":\"ListItem\",\"position\":5,\"name\":\"Dahua Dh-hac-b1a21n-u-il-a,6939554919770 Camara Hdcvi X Plus \/ \/ Hac-b1a21n-u-il-a\/ Bullet De 2 Mp\/ Lente De 2.8 Mm Apertura De Hasta 100?\/ Iluminacion Dual Inteligente 30 Mts Ir Y 20 Mts Luz Visible\/ Microfono Integrado\/ Para Exterior\"}]},{\"@type\":\"WebSite\",\"@id\":\"https:\/\/compuviper.mx\/tienda\/#website\",\"url\":\"https:\/\/compuviper.mx\/tienda\/\",\"name\":\"Compuviper\",\"description\":\"Proveedor de Computadoras, Laptops, Servidores, Monitores, Puntos de Venta, Teclados,   Impresoras, T\u00f3ner, C\u00e1maras de Seguridad y m\u00e1s en tu tienda en l\u00ednea\",\"publisher\":{\"@id\":\"https:\/\/compuviper.mx\/tienda\/#organization\"},\"potentialAction\":[{\"@type\":\"SearchAction\",\"target\":{\"@type\":\"EntryPoint\",\"urlTemplate\":\"https:\/\/compuviper.mx\/tienda\/?s={search_term_string}\"},\"query-input\":\"required name=search_term_string\"}],\"inLanguage\":\"es-MX\"},{\"@type\":\"Organization\",\"@id\":\"https:\/\/compuviper.mx\/tienda\/#organization\",\"name\":\"Compuviper\",\"url\":\"https:\/\/compuviper.mx\/tienda\/\",\"logo\":{\"@type\":\"ImageObject\",\"inLanguage\":\"es-MX\",\"@id\":\"https:\/\/compuviper.mx\/tienda\/#\/schema\/logo\/image\/\",\"url\":\"https:\/\/compuviper.mx\/tienda\/wp-content\/uploads\/2021\/08\/Logo-Compuviper-10.png\",\"contentUrl\":\"https:\/\/compuviper.mx\/tienda\/wp-content\/uploads\/2021\/08\/Logo-Compuviper-10.png\",\"width\":1000,\"height\":500,\"caption\":\"Compuviper\"},\"image\":{\"@id\":\"https:\/\/compuviper.mx\/tienda\/#\/schema\/logo\/image\/\"},\"sameAs\":[\"https:\/\/www.facebook.com\/compuviper\",\"https:\/\/www.youtube.com\/channel\/UCf73dERp9Y3cfOq7q8BhLjA?view_as=subscriber\"]}]}<\/script>\n<meta property=\"product:brand\" content=\"DAHUA\" \/>\n<meta property=\"product:price:amount\" content=\"301\" \/>\n<meta property=\"product:price:currency\" content=\"MXN\" \/>\n<meta property=\"og:availability\" content=\"instock\" \/>\n<meta property=\"product:availability\" content=\"instock\" \/>\n<meta property=\"product:retailer_item_id\" content=\"DH-HAC-B1A21N-U-IL-A,6939554919770\" \/>\n<meta property=\"product:condition\" content=\"new\" \/>\n<!-- \/ Yoast SEO plugin. -->","yoast_head_json":{"title":"[ Dahua ] &#129351; Dh-hac-b1a21n-u-il-a,6939554919770 Camara Hdcvi X Plus \/ \/ Hac-b1a21n-u-il-a\/ Bullet De 2 Mp\/ Lente De 2.8 Mm Apertura De Hasta 100\u00b0\/ Iluminacion Dual Inteligente 30 Mts Ir Y 20 Mts Luz Visible\/ Microfono Integrado\/ Para Exterior","description":"Compra Dh-hac-b1a21n-u-il-a,6939554919770 Camara Hdcvi X Plus \/ \/ Hac-b1a21n-u-il-a\/ Bullet De 2 Mp\/ Lente De 2.8 Mm Apertura De Hasta 100\u00b0\/ Iluminacion Dual Inteligente 30 Mts Ir Y 20 Mts Luz Visible\/ Microfono Integrado\/ Para Exterior + Env\u00edo a domicilio + Pago seguro + Garant\u00eda","robots":{"index":"index","follow":"follow","max-snippet":"max-snippet:-1","max-image-preview":"max-image-preview:large","max-video-preview":"max-video-preview:-1"},"canonical":"https:\/\/compuviper.mx\/tienda\/producto\/dahua-dh-hac-b1a21n-u-il-a6939554919770-camara-hdcvi-x-plus-hac-b1a21n-u-il-a-bullet-de-2-mp-lente-de-2-8-mm-apertura-de-hasta-100-iluminacion-dual-inteligente-30-mts-ir-y-20-mts-luz-visible\/","og_locale":"es_MX","og_type":"article","og_title":"[ Dahua ] &#129351; Dh-hac-b1a21n-u-il-a,6939554919770 Camara Hdcvi X Plus \/ \/ Hac-b1a21n-u-il-a\/ Bullet De 2 Mp\/ Lente De 2.8 Mm Apertura De Hasta 100\u00b0\/ Iluminacion Dual Inteligente 30 Mts Ir Y 20 Mts Luz Visible\/ Microfono Integrado\/ Para Exterior","og_description":"Compra Dh-hac-b1a21n-u-il-a,6939554919770 Camara Hdcvi X Plus \/ \/ Hac-b1a21n-u-il-a\/ Bullet De 2 Mp\/ Lente De 2.8 Mm Apertura De Hasta 100\u00b0\/ Iluminacion Dual Inteligente 30 Mts Ir Y 20 Mts Luz Visible\/ Microfono Integrado\/ Para Exterior + Env\u00edo a domicilio + Pago seguro + Garant\u00eda","og_url":"https:\/\/compuviper.mx\/tienda\/producto\/dahua-dh-hac-b1a21n-u-il-a6939554919770-camara-hdcvi-x-plus-hac-b1a21n-u-il-a-bullet-de-2-mp-lente-de-2-8-mm-apertura-de-hasta-100-iluminacion-dual-inteligente-30-mts-ir-y-20-mts-luz-visible\/","og_site_name":"Compuviper","article_publisher":"https:\/\/www.facebook.com\/compuviper","og_image":[{"width":200,"height":200,"url":"https:\/\/compuviper.mx\/tienda\/wp-content\/uploads\/2025\/10\/Camara-hdcvi-x-plus-dahua-hac-b1a21n-u-il-a-bullet-de-2-mp-lente-de-2.8-mm-apertura-de-hasta-100\u00b0-iluminacion-dual-inteligente-30-mts-ir-y-20-mts-luz-visible-microfono-integrado-para-exterior.jpg","type":"image\/jpeg"}],"twitter_card":"summary_large_image","twitter_misc":{"Precio":"&#36;301 con IVA","Availability":"In stock"},"schema":{"@context":"https:\/\/schema.org","@graph":[{"@type":"WebPage","@id":"https:\/\/compuviper.mx\/tienda\/producto\/dahua-dh-hac-b1a21n-u-il-a6939554919770-camara-hdcvi-x-plus-hac-b1a21n-u-il-a-bullet-de-2-mp-lente-de-2-8-mm-apertura-de-hasta-100-iluminacion-dual-inteligente-30-mts-ir-y-20-mts-luz-visible\/","url":"https:\/\/compuviper.mx\/tienda\/producto\/dahua-dh-hac-b1a21n-u-il-a6939554919770-camara-hdcvi-x-plus-hac-b1a21n-u-il-a-bullet-de-2-mp-lente-de-2-8-mm-apertura-de-hasta-100-iluminacion-dual-inteligente-30-mts-ir-y-20-mts-luz-visible\/","name":"[ Dahua ] &#129351; Dh-hac-b1a21n-u-il-a,6939554919770 Camara Hdcvi X Plus \/ \/ Hac-b1a21n-u-il-a\/ Bullet De 2 Mp\/ Lente De 2.8 Mm Apertura De Hasta 100\u00b0\/ Iluminacion Dual Inteligente 30 Mts Ir Y 20 Mts Luz Visible\/ Microfono Integrado\/ Para Exterior","isPartOf":{"@id":"https:\/\/compuviper.mx\/tienda\/#website"},"datePublished":"2026-04-23T06:16:02+00:00","dateModified":"2026-04-23T06:16:02+00:00","description":"Compra Dh-hac-b1a21n-u-il-a,6939554919770 Camara Hdcvi X Plus \/ \/ Hac-b1a21n-u-il-a\/ Bullet De 2 Mp\/ Lente De 2.8 Mm Apertura De Hasta 100\u00b0\/ Iluminacion Dual Inteligente 30 Mts Ir Y 20 Mts Luz Visible\/ Microfono Integrado\/ Para Exterior + Env\u00edo a domicilio + Pago seguro + Garant\u00eda","breadcrumb":{"@id":"https:\/\/compuviper.mx\/tienda\/producto\/dahua-dh-hac-b1a21n-u-il-a6939554919770-camara-hdcvi-x-plus-hac-b1a21n-u-il-a-bullet-de-2-mp-lente-de-2-8-mm-apertura-de-hasta-100-iluminacion-dual-inteligente-30-mts-ir-y-20-mts-luz-visible\/#breadcrumb"},"inLanguage":"es-MX","potentialAction":[{"@type":"ReadAction","target":["https:\/\/compuviper.mx\/tienda\/producto\/dahua-dh-hac-b1a21n-u-il-a6939554919770-camara-hdcvi-x-plus-hac-b1a21n-u-il-a-bullet-de-2-mp-lente-de-2-8-mm-apertura-de-hasta-100-iluminacion-dual-inteligente-30-mts-ir-y-20-mts-luz-visible\/"]}]},{"@type":"BreadcrumbList","@id":"https:\/\/compuviper.mx\/tienda\/producto\/dahua-dh-hac-b1a21n-u-il-a6939554919770-camara-hdcvi-x-plus-hac-b1a21n-u-il-a-bullet-de-2-mp-lente-de-2-8-mm-apertura-de-hasta-100-iluminacion-dual-inteligente-30-mts-ir-y-20-mts-luz-visible\/#breadcrumb","itemListElement":[{"@type":"ListItem","position":1,"name":"Inicio","item":"https:\/\/compuviper.mx\/tienda\/"},{"@type":"ListItem","position":2,"name":"Productos","item":"https:\/\/compuviper.mx\/tienda\/productos\/"},{"@type":"ListItem","position":3,"name":"Camaras","item":"https:\/\/compuviper.mx\/tienda\/categoria-producto\/camaras-2\/"},{"@type":"ListItem","position":4,"name":"Camara De Videovigilancia","item":"https:\/\/compuviper.mx\/tienda\/categoria-producto\/camaras-2\/camara-de-videovigilancia\/"},{"@type":"ListItem","position":5,"name":"Dahua Dh-hac-b1a21n-u-il-a,6939554919770 Camara Hdcvi X Plus \/ \/ Hac-b1a21n-u-il-a\/ Bullet De 2 Mp\/ Lente De 2.8 Mm Apertura De Hasta 100?\/ Iluminacion Dual Inteligente 30 Mts Ir Y 20 Mts Luz Visible\/ Microfono Integrado\/ Para Exterior"}]},{"@type":"WebSite","@id":"https:\/\/compuviper.mx\/tienda\/#website","url":"https:\/\/compuviper.mx\/tienda\/","name":"Compuviper","description":"Proveedor de Computadoras, Laptops, Servidores, Monitores, Puntos de Venta, Teclados,   Impresoras, T\u00f3ner, C\u00e1maras de Seguridad y m\u00e1s en tu tienda en l\u00ednea","publisher":{"@id":"https:\/\/compuviper.mx\/tienda\/#organization"},"potentialAction":[{"@type":"SearchAction","target":{"@type":"EntryPoint","urlTemplate":"https:\/\/compuviper.mx\/tienda\/?s={search_term_string}"},"query-input":"required name=search_term_string"}],"inLanguage":"es-MX"},{"@type":"Organization","@id":"https:\/\/compuviper.mx\/tienda\/#organization","name":"Compuviper","url":"https:\/\/compuviper.mx\/tienda\/","logo":{"@type":"ImageObject","inLanguage":"es-MX","@id":"https:\/\/compuviper.mx\/tienda\/#\/schema\/logo\/image\/","url":"https:\/\/compuviper.mx\/tienda\/wp-content\/uploads\/2021\/08\/Logo-Compuviper-10.png","contentUrl":"https:\/\/compuviper.mx\/tienda\/wp-content\/uploads\/2021\/08\/Logo-Compuviper-10.png","width":1000,"height":500,"caption":"Compuviper"},"image":{"@id":"https:\/\/compuviper.mx\/tienda\/#\/schema\/logo\/image\/"},"sameAs":["https:\/\/www.facebook.com\/compuviper","https:\/\/www.youtube.com\/channel\/UCf73dERp9Y3cfOq7q8BhLjA?view_as=subscriber"]}]},"product_brand":"DAHUA","product_price_amount":"301","product_price_currency":"MXN","og_availability":"instock","product_availability":"instock","product_retailer_item_id":"DH-HAC-B1A21N-U-IL-A,6939554919770","product_condition":"new"},"_links":{"self":[{"href":"https:\/\/compuviper.mx\/tienda\/wp-json\/wp\/v2\/product\/256543"}],"collection":[{"href":"https:\/\/compuviper.mx\/tienda\/wp-json\/wp\/v2\/product"}],"about":[{"href":"https:\/\/compuviper.mx\/tienda\/wp-json\/wp\/v2\/types\/product"}],"replies":[{"embeddable":true,"href":"https:\/\/compuviper.mx\/tienda\/wp-json\/wp\/v2\/comments?post=256543"}],"wp:featuredmedia":[{"embeddable":true,"href":"https:\/\/compuviper.mx\/tienda\/wp-json\/wp\/v2\/media\/259467"}],"wp:attachment":[{"href":"https:\/\/compuviper.mx\/tienda\/wp-json\/wp\/v2\/media?parent=256543"}],"wp:term":[{"taxonomy":"product_cat","embeddable":true,"href":"https:\/\/compuviper.mx\/tienda\/wp-json\/wp\/v2\/product_cat?post=256543"},{"taxonomy":"product_tag","embeddable":true,"href":"https:\/\/compuviper.mx\/tienda\/wp-json\/wp\/v2\/product_tag?post=256543"}],"curies":[{"name":"wp","href":"https:\/\/api.w.org\/{rel}","templated":true}]}}