{"id":256538,"date":"2026-04-25T02:13:10","date_gmt":"2026-04-25T08:13:10","guid":{"rendered":"https:\/\/compuviper.mx\/tienda\/producto\/hisense-85a65nv-television-led-85-smart-vidaa-uhd-4k-hdr-dolby-vision-dts-virtual-x\/"},"modified":"2026-04-25T02:13:10","modified_gmt":"2026-04-25T08:13:10","slug":"hisense-85a65nv-television-85-pulgadas-led-smart-vidaa-uhd-4k-hdr-dolby-vision-dts-virtual-x-wifi","status":"publish","type":"product","link":"https:\/\/compuviper.mx\/tienda\/producto\/hisense-85a65nv-television-85-pulgadas-led-smart-vidaa-uhd-4k-hdr-dolby-vision-dts-virtual-x-wifi\/","title":{"rendered":"Hisense 85a65nv Television 85 Pulgadas Led   Smart Vidaa, Uhd 4k ,hdr Dolby Vision, Dts Virtual X, Wifi"},"content":{"rendered":"<table class=\"descripcion\">\n<tr>\n<td>Modelo  85a65nv<\/td>\n<\/tr>\n<tr>\n<td>Marca hisense<\/td>\n<\/tr>\n<tr>\n<td>Imagen<\/td>\n<\/tr>\n<tr>\n<td>Tama\u00f1o 85<\/td>\n<\/tr>\n<tr>\n<td>Area de display  84.5\u0093\u00a0diagonal<\/td>\n<\/tr>\n<tr>\n<td>Tipo de panel va<\/td>\n<\/tr>\n<tr>\n<td>Aspecto 16:09<\/td>\n<\/tr>\n<tr>\n<td>Display plano<\/td>\n<\/tr>\n<tr>\n<td>Resolucion 4k\u00a03840&#215;2160<\/td>\n<\/tr>\n<tr>\n<td>Frecuencia de actualizaci\u00f3n nativa (hz) 60hz<\/td>\n<\/tr>\n<tr>\n<td>Brillo m\u00e1ximo (nits t\u00edpicos) 400typ<\/td>\n<\/tr>\n<tr>\n<td>Relaci\u00f3n de contraste est\u00e1tico (con atenuaci\u00f3n local) 3000typ<\/td>\n<\/tr>\n<tr>\n<td>\u00e1ngulo de visi\u00f3n h\/v 178\/178<\/td>\n<\/tr>\n<tr>\n<td>Tiempo de respuesta (ms) 8\u00a0ms<\/td>\n<\/tr>\n<tr>\n<td>Profundidad de color 8bit<\/td>\n<\/tr>\n<tr>\n<td>Retroiluminaci\u00f3n dled<\/td>\n<\/tr>\n<tr>\n<td>Atenuaci\u00f3n local no<\/td>\n<\/tr>\n<tr>\n<td>Zonas de atenuaci\u00f3n local no<\/td>\n<\/tr>\n<tr>\n<td>Wide color gamut no<\/td>\n<\/tr>\n<tr>\n<td>4k upscale si<\/td>\n<\/tr>\n<tr>\n<td>Memc si<\/td>\n<\/tr>\n<tr>\n<td>Motion rate 240<\/td>\n<\/tr>\n<tr>\n<td>Black frame insertion no<\/td>\n<\/tr>\n<tr>\n<td>Hdr: dolby vision si<\/td>\n<\/tr>\n<tr>\n<td>Hdr: hdr10+ no<\/td>\n<\/tr>\n<tr>\n<td>Hdr: hdr10 si<\/td>\n<\/tr>\n<tr>\n<td>Hdr: hybrid log gamma (hlg) si<\/td>\n<\/tr>\n<tr>\n<td>Hdr10+ adaptive no<\/td>\n<\/tr>\n<tr>\n<td>Hdr10+ gaming no<\/td>\n<\/tr>\n<tr>\n<td>Dolby vision iq no<\/td>\n<\/tr>\n<tr>\n<td>Dolby gaming si<\/td>\n<\/tr>\n<tr>\n<td>Imax enhanced no<\/td>\n<\/tr>\n<tr>\n<td>Film maker mode si<\/td>\n<\/tr>\n<tr>\n<td>Modo juego<\/td>\n<\/tr>\n<tr>\n<td>Modo de juego hdr si<\/td>\n<\/tr>\n<tr>\n<td>Hsr no<\/td>\n<\/tr>\n<tr>\n<td>Vrr (frecuencia de actualizaci\u00f3n variable) 48-60hz vrr<\/td>\n<\/tr>\n<tr>\n<td>Allm (modo autom\u00e1tico de baja latencia) si<\/td>\n<\/tr>\n<tr>\n<td>Freesync no<\/td>\n<\/tr>\n<tr>\n<td>G-sync no<\/td>\n<\/tr>\n<tr>\n<td>Otras funciones del juego gamebar<\/td>\n<\/tr>\n<tr>\n<td>Audio<\/td>\n<\/tr>\n<tr>\n<td>Mejora de audio dts virtual x<\/td>\n<\/tr>\n<tr>\n<td>Audio multicanal 2.0\u00a0ch<\/td>\n<\/tr>\n<tr>\n<td>Potencia de audio 2*15w<\/td>\n<\/tr>\n<tr>\n<td>Transmisi\u00f3n de sonido no<\/td>\n<\/tr>\n<tr>\n<td>Altavoz si (integrado)<\/td>\n<\/tr>\n<tr>\n<td>Audio bluetooth si<\/td>\n<\/tr>\n<tr>\n<td>Audio dual: bluetooth + altavoz de tv si<\/td>\n<\/tr>\n<tr>\n<td>Audio dual: 2 bluetooth si<\/td>\n<\/tr>\n<tr>\n<td>Altavoz bluetooth para tv (cuando los dispositivos m\u00f3viles se conectan al televisor mediante bluetooth, el sonido se emite a trav\u00e9s del altavoz del televisor). si<\/td>\n<\/tr>\n<tr>\n<td>Puertos y conectividad<\/td>\n<\/tr>\n<tr>\n<td>Wi-fi 802.11\u00a0a\/b\/g\/n\/ac\u00a0dual\u00a0band(2.4\/5\u00a0ghz)<\/td>\n<\/tr>\n<tr>\n<td>Bluetooth bt5.3<\/td>\n<\/tr>\n<tr>\n<td>Antena rf 1<\/td>\n<\/tr>\n<tr>\n<td>Formatos compatibles 480i,480p,720p,1080i,1080p,2160p<\/td>\n<\/tr>\n<tr>\n<td>Entradas hdmi hdmi2.1*3(vrr\/allm)<\/td>\n<\/tr>\n<tr>\n<td>Hdmi 4k a 120 hz no<\/td>\n<\/tr>\n<tr>\n<td>Hdmi-earc hdmi\u00a03<\/td>\n<\/tr>\n<tr>\n<td>Usb usb2.0*2<\/td>\n<\/tr>\n<tr>\n<td>Ethernet (lan) 1<\/td>\n<\/tr>\n<tr>\n<td>Entrada de v\u00eddeo compuesto 1<\/td>\n<\/tr>\n<tr>\n<td>Entrada de audio i\/d para v\u00eddeo compuesto 1<\/td>\n<\/tr>\n<tr>\n<td>Salida de auriculares\/audio 1<\/td>\n<\/tr>\n<tr>\n<td>Salida de audio digital 1<\/td>\n<\/tr>\n<tr>\n<td>Se\u00f1al de salida de la placa base p2p<\/td>\n<\/tr>\n<tr>\n<td>Chipsets<\/td>\n<\/tr>\n<tr>\n<td>Version de sistema operativo vidaa u9<\/td>\n<\/tr>\n<tr>\n<td>Chipset name mt9603baatac<\/td>\n<\/tr>\n<tr>\n<td>Cpu ca55 * 4 @\u00a01.53ghz<\/td>\n<\/tr>\n<tr>\n<td>Gpu g52 mc1 550mhz<\/td>\n<\/tr>\n<tr>\n<td>L1 \/<\/td>\n<\/tr>\n<tr>\n<td>L2\/l3 \/<\/td>\n<\/tr>\n<tr>\n<td>Ddr 1.5gb\u00a0<\/td>\n<\/tr>\n<tr>\n<td>Emmc 8gb\u00a0<\/td>\n<\/tr>\n<tr>\n<td>Energ\u00eda<\/td>\n<\/tr>\n<tr>\n<td>Consumo de energ\u00eda 330w<\/td>\n<\/tr>\n<tr>\n<td>Consumo en espera  and #8804;0.5w<\/td>\n<\/tr>\n<tr>\n<td>Fuente de alimentaci\u00f3n (voltaje\/hz) ac100-240v,50\/60hz<\/td>\n<\/tr>\n<tr>\n<td>Amplia fuente de alimentaci\u00f3n si<\/td>\n<\/tr>\n<tr>\n<td>Smart<\/td>\n<\/tr>\n<tr>\n<td>Plataforma inteligente vidaa u9<\/td>\n<\/tr>\n<tr>\n<td>Visualizaci\u00f3n en pantalla english, french, spanish, german, simplified chinese, traditional chinese, portuguese<\/td>\n<\/tr>\n<tr>\n<td>App store vidaa store<\/td>\n<\/tr>\n<tr>\n<td>Sistema de tv atsc1.0\/clear\u00a0qam\/ntsc\/pal-m\/n\/isdb-t\/dvb-t2(6m)<\/td>\n<\/tr>\n<tr>\n<td>Navegador web si (odin)<\/td>\n<\/tr>\n<tr>\n<td>Subt\u00edtulos si<\/td>\n<\/tr>\n<tr>\n<td>Reducci\u00f3n de ruido si<\/td>\n<\/tr>\n<tr>\n<td>Control parental si<\/td>\n<\/tr>\n<tr>\n<td>Temporizador de apagado autom\u00e1tico si<\/td>\n<\/tr>\n<tr>\n<td>Reconocimiento de voz de larga distancia no<\/td>\n<\/tr>\n<tr>\n<td>Asistente de google no<\/td>\n<\/tr>\n<tr>\n<td>Alexa alexa incorporada<\/td>\n<\/tr>\n<tr>\n<td>Siri no<\/td>\n<\/tr>\n<tr>\n<td>Google home no<\/td>\n<\/tr>\n<tr>\n<td>Chromecast no<\/td>\n<\/tr>\n<tr>\n<td>Apple homekit si<\/td>\n<\/tr>\n<tr>\n<td>Airplay si<\/td>\n<\/tr>\n<tr>\n<td>Duplicado de pantalla miracast and #12289;dlna<\/td>\n<\/tr>\n<tr>\n<td>Dimensiones\/peso (kg y mm)<\/td>\n<\/tr>\n<tr>\n<td>Dimensiones del televisor (sin soporte) (mm) 1890\u00d71087\u00d779 mm<\/td>\n<\/tr>\n<tr>\n<td>Dimensiones del televisor (con soporte) (mm) 1890\u00d71135\u00d7430 mm<\/td>\n<\/tr>\n<tr>\n<td>Dimensiones del soporte ancho (l x an) (mm) 1610\u00d7430 mm<\/td>\n<\/tr>\n<tr>\n<td>Peso del televisor (sin soporte) (kg) 26.9 kg<\/td>\n<\/tr>\n<tr>\n<td>Peso del televisor (con soporte) (kg) 27.3kg<\/td>\n<\/tr>\n<tr>\n<td>Dimensiones de la caja (an x al x pr) (mm) 2090\u00d71280\u00d7189 mm<\/td>\n<\/tr>\n<tr>\n<td>Peso del env\u00edo (kg) 40.0 kg<\/td>\n<\/tr>\n<tr>\n<td>Montaje en pared<\/td>\n<\/tr>\n<tr>\n<td>Tama\u00f1o del soporte de pared 500&#215;400<\/td>\n<\/tr>\n<tr>\n<td>Tornillo del soporte de pared m6<\/td>\n<\/tr>\n<tr>\n<td>Modelo de soporte de pared con soporte interno de hisense (se vende por separado) lg400502a<\/td>\n<\/tr>\n<tr>\n<td>N\u00famero de material del soporte de pared con soporte interno de hisense 418504-012000<\/td>\n<\/tr>\n<tr>\n<td>Accesorios<\/td>\n<\/tr>\n<tr>\n<td>Control remoto erf2f38h<\/td>\n<\/tr>\n<tr>\n<td>Bater\u00eda 2<\/td>\n<\/tr>\n<tr>\n<td>Cable de alimentaci\u00f3n 1<\/td>\n<\/tr>\n<tr>\n<td>Cable hdmi no<\/td>\n<\/tr>\n<tr>\n<td>Gu\u00eda de inicio r\u00e1pido si<\/td>\n<\/tr>\n<tr>\n<td>Seguridad y garant\u00eda si<\/td>\n<\/tr>\n<tr>\n<td>Soporte posici\u00f3n dual<\/td>\n<\/tr>\n<tr>\n<td>Garant\u00eda\/upc<\/td>\n<\/tr>\n<tr>\n<td>Garant\u00eda 2 a\u00f1os<\/td>\n<\/tr>\n<\/table>\n","protected":false},"excerpt":{"rendered":"<p>La serie a65nv de hisense cuenta con sistema operativo vidaa que te permite disfrutar de todos tus contenidos en un solo lugar, resoluci\u00f3n nativa 4k ,  disfruta de una excelente experiencia visual. Obt\u00e9n una gran calidad de imagen gracias a tecnolog\u00edas de mejora con inteligencia artificial. Adem\u00e1s de tecnolog\u00eda vrr allm de 60hz. Cuenta con control de voz mediante el control remoto inteligente.<\/p>\n","protected":false},"featured_media":258515,"comment_status":"open","ping_status":"open","template":"","meta":[],"product_cat":[1838,1839],"product_tag":[2128],"acf":[],"yoast_head":"<!-- This site is optimized with the Yoast SEO plugin v21.7 - https:\/\/yoast.com\/wordpress\/plugins\/seo\/ -->\n<title>[ Hisense ] &#129351; 85a65nv Television 85 Pulgadas Led Smart Vidaa, Uhd 4k ,hdr Dolby Vision, Dts Virtual X, Wifi<\/title>\n<meta name=\"description\" content=\"Compra 85a65nv Television 85 Pulgadas Led Smart Vidaa, Uhd 4k ,hdr Dolby Vision, Dts Virtual X, Wifi + Env\u00edo a domicilio + Pago seguro + Garant\u00eda\" \/>\n<meta name=\"robots\" content=\"index, follow, max-snippet:-1, max-image-preview:large, max-video-preview:-1\" \/>\n<link rel=\"canonical\" href=\"https:\/\/compuviper.mx\/tienda\/producto\/hisense-85a65nv-television-85-pulgadas-led-smart-vidaa-uhd-4k-hdr-dolby-vision-dts-virtual-x-wifi\/\" \/>\n<meta property=\"og:locale\" content=\"es_MX\" \/>\n<meta property=\"og:type\" content=\"article\" \/>\n<meta property=\"og:title\" content=\"[ Hisense ] &#129351; 85a65nv Television 85 Pulgadas Led Smart Vidaa, Uhd 4k ,hdr Dolby Vision, Dts Virtual X, Wifi\" \/>\n<meta property=\"og:description\" content=\"Compra 85a65nv Television 85 Pulgadas Led Smart Vidaa, Uhd 4k ,hdr Dolby Vision, Dts Virtual X, Wifi + Env\u00edo a domicilio + Pago seguro + Garant\u00eda\" \/>\n<meta property=\"og:url\" content=\"https:\/\/compuviper.mx\/tienda\/producto\/hisense-85a65nv-television-85-pulgadas-led-smart-vidaa-uhd-4k-hdr-dolby-vision-dts-virtual-x-wifi\/\" \/>\n<meta property=\"og:site_name\" content=\"Compuviper\" \/>\n<meta property=\"article:publisher\" content=\"https:\/\/www.facebook.com\/compuviper\" \/>\n<meta property=\"og:image\" content=\"https:\/\/compuviper.mx\/tienda\/wp-content\/uploads\/2025\/10\/Television-85-pulgadas-led-hisense-85a65nv-smart-vidaa-uhd-4k-hdr-dolby-vision-dts-virtual-x-wifi.jpg\" \/>\n\t<meta property=\"og:image:width\" content=\"200\" \/>\n\t<meta property=\"og:image:height\" content=\"200\" \/>\n\t<meta property=\"og:image:type\" content=\"image\/jpeg\" \/>\n<meta name=\"twitter:card\" content=\"summary_large_image\" \/>\n<meta name=\"twitter:label1\" content=\"Precio\" \/>\n\t<meta name=\"twitter:data1\" content=\"&#36;19,904 &#36;14,706 con IVA\" \/>\n\t<meta name=\"twitter:label2\" content=\"Availability\" \/>\n\t<meta name=\"twitter:data2\" content=\"Out of stock\" \/>\n<script type=\"application\/ld+json\" class=\"yoast-schema-graph\">{\"@context\":\"https:\/\/schema.org\",\"@graph\":[{\"@type\":\"WebPage\",\"@id\":\"https:\/\/compuviper.mx\/tienda\/producto\/hisense-85a65nv-television-85-pulgadas-led-smart-vidaa-uhd-4k-hdr-dolby-vision-dts-virtual-x-wifi\/\",\"url\":\"https:\/\/compuviper.mx\/tienda\/producto\/hisense-85a65nv-television-85-pulgadas-led-smart-vidaa-uhd-4k-hdr-dolby-vision-dts-virtual-x-wifi\/\",\"name\":\"[ Hisense ] &#129351; 85a65nv Television 85 Pulgadas Led Smart Vidaa, Uhd 4k ,hdr Dolby Vision, Dts Virtual X, Wifi\",\"isPartOf\":{\"@id\":\"https:\/\/compuviper.mx\/tienda\/#website\"},\"datePublished\":\"2026-04-25T08:13:10+00:00\",\"dateModified\":\"2026-04-25T08:13:10+00:00\",\"description\":\"Compra 85a65nv Television 85 Pulgadas Led Smart Vidaa, Uhd 4k ,hdr Dolby Vision, Dts Virtual X, Wifi + Env\u00edo a domicilio + Pago seguro + Garant\u00eda\",\"breadcrumb\":{\"@id\":\"https:\/\/compuviper.mx\/tienda\/producto\/hisense-85a65nv-television-85-pulgadas-led-smart-vidaa-uhd-4k-hdr-dolby-vision-dts-virtual-x-wifi\/#breadcrumb\"},\"inLanguage\":\"es-MX\",\"potentialAction\":[{\"@type\":\"ReadAction\",\"target\":[\"https:\/\/compuviper.mx\/tienda\/producto\/hisense-85a65nv-television-85-pulgadas-led-smart-vidaa-uhd-4k-hdr-dolby-vision-dts-virtual-x-wifi\/\"]}]},{\"@type\":\"BreadcrumbList\",\"@id\":\"https:\/\/compuviper.mx\/tienda\/producto\/hisense-85a65nv-television-85-pulgadas-led-smart-vidaa-uhd-4k-hdr-dolby-vision-dts-virtual-x-wifi\/#breadcrumb\",\"itemListElement\":[{\"@type\":\"ListItem\",\"position\":1,\"name\":\"Inicio\",\"item\":\"https:\/\/compuviper.mx\/tienda\/\"},{\"@type\":\"ListItem\",\"position\":2,\"name\":\"Productos\",\"item\":\"https:\/\/compuviper.mx\/tienda\/productos\/\"},{\"@type\":\"ListItem\",\"position\":3,\"name\":\"Televisor\",\"item\":\"https:\/\/compuviper.mx\/tienda\/categoria-producto\/televisor\/\"},{\"@type\":\"ListItem\",\"position\":4,\"name\":\"Led\",\"item\":\"https:\/\/compuviper.mx\/tienda\/categoria-producto\/televisor\/led-televisor\/\"},{\"@type\":\"ListItem\",\"position\":5,\"name\":\"Hisense 85a65nv Television 85 Pulgadas Led Smart Vidaa, Uhd 4k ,hdr Dolby Vision, Dts Virtual X, Wifi\"}]},{\"@type\":\"WebSite\",\"@id\":\"https:\/\/compuviper.mx\/tienda\/#website\",\"url\":\"https:\/\/compuviper.mx\/tienda\/\",\"name\":\"Compuviper\",\"description\":\"Proveedor de Computadoras, Laptops, Servidores, Monitores, Puntos de Venta, Teclados,   Impresoras, T\u00f3ner, C\u00e1maras de Seguridad y m\u00e1s en tu tienda en l\u00ednea\",\"publisher\":{\"@id\":\"https:\/\/compuviper.mx\/tienda\/#organization\"},\"potentialAction\":[{\"@type\":\"SearchAction\",\"target\":{\"@type\":\"EntryPoint\",\"urlTemplate\":\"https:\/\/compuviper.mx\/tienda\/?s={search_term_string}\"},\"query-input\":\"required name=search_term_string\"}],\"inLanguage\":\"es-MX\"},{\"@type\":\"Organization\",\"@id\":\"https:\/\/compuviper.mx\/tienda\/#organization\",\"name\":\"Compuviper\",\"url\":\"https:\/\/compuviper.mx\/tienda\/\",\"logo\":{\"@type\":\"ImageObject\",\"inLanguage\":\"es-MX\",\"@id\":\"https:\/\/compuviper.mx\/tienda\/#\/schema\/logo\/image\/\",\"url\":\"https:\/\/compuviper.mx\/tienda\/wp-content\/uploads\/2021\/08\/Logo-Compuviper-10.png\",\"contentUrl\":\"https:\/\/compuviper.mx\/tienda\/wp-content\/uploads\/2021\/08\/Logo-Compuviper-10.png\",\"width\":1000,\"height\":500,\"caption\":\"Compuviper\"},\"image\":{\"@id\":\"https:\/\/compuviper.mx\/tienda\/#\/schema\/logo\/image\/\"},\"sameAs\":[\"https:\/\/www.facebook.com\/compuviper\",\"https:\/\/www.youtube.com\/channel\/UCf73dERp9Y3cfOq7q8BhLjA?view_as=subscriber\"]}]}<\/script>\n<meta property=\"product:brand\" content=\"Hisense\" \/>\n<meta property=\"product:price:amount\" content=\"14706\" \/>\n<meta property=\"product:price:currency\" content=\"MXN\" \/>\n<meta property=\"og:availability\" content=\"out of stock\" \/>\n<meta property=\"product:availability\" content=\"out of stock\" \/>\n<meta property=\"product:retailer_item_id\" content=\"85A65NV\" \/>\n<meta property=\"product:condition\" content=\"new\" \/>\n<!-- \/ Yoast SEO plugin. -->","yoast_head_json":{"title":"[ Hisense ] &#129351; 85a65nv Television 85 Pulgadas Led Smart Vidaa, Uhd 4k ,hdr Dolby Vision, Dts Virtual X, Wifi","description":"Compra 85a65nv Television 85 Pulgadas Led Smart Vidaa, Uhd 4k ,hdr Dolby Vision, Dts Virtual X, Wifi + Env\u00edo a domicilio + Pago seguro + Garant\u00eda","robots":{"index":"index","follow":"follow","max-snippet":"max-snippet:-1","max-image-preview":"max-image-preview:large","max-video-preview":"max-video-preview:-1"},"canonical":"https:\/\/compuviper.mx\/tienda\/producto\/hisense-85a65nv-television-85-pulgadas-led-smart-vidaa-uhd-4k-hdr-dolby-vision-dts-virtual-x-wifi\/","og_locale":"es_MX","og_type":"article","og_title":"[ Hisense ] &#129351; 85a65nv Television 85 Pulgadas Led Smart Vidaa, Uhd 4k ,hdr Dolby Vision, Dts Virtual X, Wifi","og_description":"Compra 85a65nv Television 85 Pulgadas Led Smart Vidaa, Uhd 4k ,hdr Dolby Vision, Dts Virtual X, Wifi + Env\u00edo a domicilio + Pago seguro + Garant\u00eda","og_url":"https:\/\/compuviper.mx\/tienda\/producto\/hisense-85a65nv-television-85-pulgadas-led-smart-vidaa-uhd-4k-hdr-dolby-vision-dts-virtual-x-wifi\/","og_site_name":"Compuviper","article_publisher":"https:\/\/www.facebook.com\/compuviper","og_image":[{"width":200,"height":200,"url":"https:\/\/compuviper.mx\/tienda\/wp-content\/uploads\/2025\/10\/Television-85-pulgadas-led-hisense-85a65nv-smart-vidaa-uhd-4k-hdr-dolby-vision-dts-virtual-x-wifi.jpg","type":"image\/jpeg"}],"twitter_card":"summary_large_image","twitter_misc":{"Precio":"&#36;19,904 &#36;14,706 con IVA","Availability":"Out of stock"},"schema":{"@context":"https:\/\/schema.org","@graph":[{"@type":"WebPage","@id":"https:\/\/compuviper.mx\/tienda\/producto\/hisense-85a65nv-television-85-pulgadas-led-smart-vidaa-uhd-4k-hdr-dolby-vision-dts-virtual-x-wifi\/","url":"https:\/\/compuviper.mx\/tienda\/producto\/hisense-85a65nv-television-85-pulgadas-led-smart-vidaa-uhd-4k-hdr-dolby-vision-dts-virtual-x-wifi\/","name":"[ Hisense ] &#129351; 85a65nv Television 85 Pulgadas Led Smart Vidaa, Uhd 4k ,hdr Dolby Vision, Dts Virtual X, Wifi","isPartOf":{"@id":"https:\/\/compuviper.mx\/tienda\/#website"},"datePublished":"2026-04-25T08:13:10+00:00","dateModified":"2026-04-25T08:13:10+00:00","description":"Compra 85a65nv Television 85 Pulgadas Led Smart Vidaa, Uhd 4k ,hdr Dolby Vision, Dts Virtual X, Wifi + Env\u00edo a domicilio + Pago seguro + Garant\u00eda","breadcrumb":{"@id":"https:\/\/compuviper.mx\/tienda\/producto\/hisense-85a65nv-television-85-pulgadas-led-smart-vidaa-uhd-4k-hdr-dolby-vision-dts-virtual-x-wifi\/#breadcrumb"},"inLanguage":"es-MX","potentialAction":[{"@type":"ReadAction","target":["https:\/\/compuviper.mx\/tienda\/producto\/hisense-85a65nv-television-85-pulgadas-led-smart-vidaa-uhd-4k-hdr-dolby-vision-dts-virtual-x-wifi\/"]}]},{"@type":"BreadcrumbList","@id":"https:\/\/compuviper.mx\/tienda\/producto\/hisense-85a65nv-television-85-pulgadas-led-smart-vidaa-uhd-4k-hdr-dolby-vision-dts-virtual-x-wifi\/#breadcrumb","itemListElement":[{"@type":"ListItem","position":1,"name":"Inicio","item":"https:\/\/compuviper.mx\/tienda\/"},{"@type":"ListItem","position":2,"name":"Productos","item":"https:\/\/compuviper.mx\/tienda\/productos\/"},{"@type":"ListItem","position":3,"name":"Televisor","item":"https:\/\/compuviper.mx\/tienda\/categoria-producto\/televisor\/"},{"@type":"ListItem","position":4,"name":"Led","item":"https:\/\/compuviper.mx\/tienda\/categoria-producto\/televisor\/led-televisor\/"},{"@type":"ListItem","position":5,"name":"Hisense 85a65nv Television 85 Pulgadas Led Smart Vidaa, Uhd 4k ,hdr Dolby Vision, Dts Virtual X, Wifi"}]},{"@type":"WebSite","@id":"https:\/\/compuviper.mx\/tienda\/#website","url":"https:\/\/compuviper.mx\/tienda\/","name":"Compuviper","description":"Proveedor de Computadoras, Laptops, Servidores, Monitores, Puntos de Venta, Teclados,   Impresoras, T\u00f3ner, C\u00e1maras de Seguridad y m\u00e1s en tu tienda en l\u00ednea","publisher":{"@id":"https:\/\/compuviper.mx\/tienda\/#organization"},"potentialAction":[{"@type":"SearchAction","target":{"@type":"EntryPoint","urlTemplate":"https:\/\/compuviper.mx\/tienda\/?s={search_term_string}"},"query-input":"required name=search_term_string"}],"inLanguage":"es-MX"},{"@type":"Organization","@id":"https:\/\/compuviper.mx\/tienda\/#organization","name":"Compuviper","url":"https:\/\/compuviper.mx\/tienda\/","logo":{"@type":"ImageObject","inLanguage":"es-MX","@id":"https:\/\/compuviper.mx\/tienda\/#\/schema\/logo\/image\/","url":"https:\/\/compuviper.mx\/tienda\/wp-content\/uploads\/2021\/08\/Logo-Compuviper-10.png","contentUrl":"https:\/\/compuviper.mx\/tienda\/wp-content\/uploads\/2021\/08\/Logo-Compuviper-10.png","width":1000,"height":500,"caption":"Compuviper"},"image":{"@id":"https:\/\/compuviper.mx\/tienda\/#\/schema\/logo\/image\/"},"sameAs":["https:\/\/www.facebook.com\/compuviper","https:\/\/www.youtube.com\/channel\/UCf73dERp9Y3cfOq7q8BhLjA?view_as=subscriber"]}]},"product_brand":"Hisense","product_price_amount":"14706","product_price_currency":"MXN","og_availability":"out of stock","product_availability":"out of stock","product_retailer_item_id":"85A65NV","product_condition":"new"},"_links":{"self":[{"href":"https:\/\/compuviper.mx\/tienda\/wp-json\/wp\/v2\/product\/256538"}],"collection":[{"href":"https:\/\/compuviper.mx\/tienda\/wp-json\/wp\/v2\/product"}],"about":[{"href":"https:\/\/compuviper.mx\/tienda\/wp-json\/wp\/v2\/types\/product"}],"replies":[{"embeddable":true,"href":"https:\/\/compuviper.mx\/tienda\/wp-json\/wp\/v2\/comments?post=256538"}],"wp:featuredmedia":[{"embeddable":true,"href":"https:\/\/compuviper.mx\/tienda\/wp-json\/wp\/v2\/media\/258515"}],"wp:attachment":[{"href":"https:\/\/compuviper.mx\/tienda\/wp-json\/wp\/v2\/media?parent=256538"}],"wp:term":[{"taxonomy":"product_cat","embeddable":true,"href":"https:\/\/compuviper.mx\/tienda\/wp-json\/wp\/v2\/product_cat?post=256538"},{"taxonomy":"product_tag","embeddable":true,"href":"https:\/\/compuviper.mx\/tienda\/wp-json\/wp\/v2\/product_tag?post=256538"}],"curies":[{"name":"wp","href":"https:\/\/api.w.org\/{rel}","templated":true}]}}