{"id":256536,"date":"2026-04-02T02:23:30","date_gmt":"2026-04-02T08:23:30","guid":{"rendered":"https:\/\/compuviper.mx\/tienda\/producto\/hisense-75a65nv-television-led-75-smart-vidaa-4k-uhd-dolby-vision-hdr10-dts-virtual-x\/"},"modified":"2026-04-02T02:23:31","modified_gmt":"2026-04-02T08:23:31","slug":"hisense-75a65nv-television-75-pulgadas-led-smart-vidaa-4k-uhd-dolby-vision-hdr10-dts-virtual-x-wifi","status":"publish","type":"product","link":"https:\/\/compuviper.mx\/tienda\/producto\/hisense-75a65nv-television-75-pulgadas-led-smart-vidaa-4k-uhd-dolby-vision-hdr10-dts-virtual-x-wifi\/","title":{"rendered":"Hisense 75a65nv Television 75 Pulgadas Led   Smart Vidaa, 4k Uhd, Dolby Vision Hdr10, Dts Virtual X, Wifi"},"content":{"rendered":"<table class=\"descripcion\">\n<tr>\n<td>Modelo  75a65nv<\/td>\n<\/tr>\n<tr>\n<td>Marca hisense<\/td>\n<\/tr>\n<tr>\n<td>Calidad de imagen<\/td>\n<\/tr>\n<tr>\n<td>Tama\u00f1o de la clase 75<\/td>\n<\/tr>\n<tr>\n<td>\u00e1rea de visualizaci\u00f3n 74.5 diagonal<\/td>\n<\/tr>\n<tr>\n<td>Tipo de panel ips<\/td>\n<\/tr>\n<tr>\n<td>Relaci\u00f3n de aspecto de la pantalla 16:09<\/td>\n<\/tr>\n<tr>\n<td>Tipo de display flat<\/td>\n<\/tr>\n<tr>\n<td>Resoluci\u00f3n de la pantalla 4k\u00a03840&#215;2160<\/td>\n<\/tr>\n<tr>\n<td>Frecuencia de actualizaci\u00f3n nativa (hz) 60hz<\/td>\n<\/tr>\n<tr>\n<td>Brillo m\u00e1ximo (nits t\u00edpicos) 300typ<\/td>\n<\/tr>\n<tr>\n<td>Relaci\u00f3n de contraste est\u00e1tico (con atenuaci\u00f3n local) 1300typ<\/td>\n<\/tr>\n<tr>\n<td>\u00e1ngulo de visi\u00f3n h\/v 178\/178<\/td>\n<\/tr>\n<tr>\n<td>Tiempo de respuesta (ms) 8ms<\/td>\n<\/tr>\n<tr>\n<td>Profundidad de color 8bit+frc<\/td>\n<\/tr>\n<tr>\n<td>Retroiluminaci\u00f3n dled<\/td>\n<\/tr>\n<tr>\n<td>Atenuaci\u00f3n local no<\/td>\n<\/tr>\n<tr>\n<td>Zonas de atenuaci\u00f3n local na<\/td>\n<\/tr>\n<tr>\n<td>Amplia gama crom\u00e1tica no<\/td>\n<\/tr>\n<tr>\n<td>4k de alta resoluci\u00f3n si<\/td>\n<\/tr>\n<tr>\n<td>Memc si<\/td>\n<\/tr>\n<tr>\n<td>Motion rate 120<\/td>\n<\/tr>\n<tr>\n<td>Black frame insertion no<\/td>\n<\/tr>\n<tr>\n<td>Hdr: dolby vision si<\/td>\n<\/tr>\n<tr>\n<td>Hdr: hdr10+ no<\/td>\n<\/tr>\n<tr>\n<td>Hdr: hdr10 si<\/td>\n<\/tr>\n<tr>\n<td>Hdr: hybrid log gamma (hlg) si<\/td>\n<\/tr>\n<tr>\n<td>Hdr10+ adaptive no<\/td>\n<\/tr>\n<tr>\n<td>Hdr10+ gaming no<\/td>\n<\/tr>\n<tr>\n<td>Dolby vision iq no<\/td>\n<\/tr>\n<tr>\n<td>Dolby gaming si<\/td>\n<\/tr>\n<tr>\n<td>Imax enhanced no<\/td>\n<\/tr>\n<tr>\n<td>Film maker mode si<\/td>\n<\/tr>\n<tr>\n<td>Other features<\/td>\n<\/tr>\n<tr>\n<td>Modo juego<\/td>\n<\/tr>\n<tr>\n<td>Hdr game mode si<\/td>\n<\/tr>\n<tr>\n<td>Hsr no<\/td>\n<\/tr>\n<tr>\n<td>Vrr(variable refresh rate) 48-60hz vrr<\/td>\n<\/tr>\n<tr>\n<td>Allm(auto low-latency mode) si<\/td>\n<\/tr>\n<tr>\n<td>Freesync no<\/td>\n<\/tr>\n<tr>\n<td>G-sync no<\/td>\n<\/tr>\n<tr>\n<td>Otras caracteristicas gamebar<\/td>\n<\/tr>\n<tr>\n<td>Calidad de audio<\/td>\n<\/tr>\n<tr>\n<td>Mejora de audio dts virtual x<\/td>\n<\/tr>\n<tr>\n<td>Audio multicanal 2.0\u00a0ch<\/td>\n<\/tr>\n<tr>\n<td>Potencia 2*15w<\/td>\n<\/tr>\n<tr>\n<td>Sound send si<\/td>\n<\/tr>\n<tr>\n<td>Tipo de altavoz incorporado (abajo)<\/td>\n<\/tr>\n<tr>\n<td>Bluetooth si<\/td>\n<\/tr>\n<tr>\n<td>Altavoz de tv con audio dual bluetooth+ si<\/td>\n<\/tr>\n<tr>\n<td>Audio dual-2 bluetooth si<\/td>\n<\/tr>\n<tr>\n<td>Altavoz bluetooth de tv (cuando los dispositivos m\u00f3viles est\u00e1n conectados al televisor con bluetooth, el sonido se emite a trav\u00e9s del altavoz del televisor). si<\/td>\n<\/tr>\n<tr>\n<td>Hardaware y puertos<\/td>\n<\/tr>\n<tr>\n<td>Wi-fi 802.11\u00a0a\/b\/g\/n\/ac\u00a0dual\u00a0band(2.4\/5\u00a0ghz)<\/td>\n<\/tr>\n<tr>\n<td>Bluetooth bt5.3<\/td>\n<\/tr>\n<tr>\n<td>Rf antenna 1<\/td>\n<\/tr>\n<tr>\n<td>Formato compatible 480i,480p,720p,1080i,1080p,2160p<\/td>\n<\/tr>\n<tr>\n<td>Entradas hdmi  hdmi2.0*3<\/td>\n<\/tr>\n<tr>\n<td>Hdmi 4k@120hz no<\/td>\n<\/tr>\n<tr>\n<td>Hdmi-earc hdmi\u00a03<\/td>\n<\/tr>\n<tr>\n<td>Usb usb2.0*2<\/td>\n<\/tr>\n<tr>\n<td>Ethernet (lan) 1<\/td>\n<\/tr>\n<tr>\n<td>Entrada de v\u00eddeo compuesto 1<\/td>\n<\/tr>\n<tr>\n<td>Entrada de audio l\/r para compuesto 1<\/td>\n<\/tr>\n<tr>\n<td>Salida de auriculares\/audio 0<\/td>\n<\/tr>\n<tr>\n<td>Salida de audio digital 1\u00a0optical<\/td>\n<\/tr>\n<tr>\n<td>Chipsets<\/td>\n<\/tr>\n<tr>\n<td>Versi\u00f3n de sistema operativo vidaa u9<\/td>\n<\/tr>\n<tr>\n<td>Chipset  mt9603baatac<\/td>\n<\/tr>\n<tr>\n<td>Cpu ca55 * 4 @\u00a01.53ghz<\/td>\n<\/tr>\n<tr>\n<td>Gpu g52 mc1 550mhz<\/td>\n<\/tr>\n<tr>\n<td>L1 \/<\/td>\n<\/tr>\n<tr>\n<td>L2\/l3 \/<\/td>\n<\/tr>\n<tr>\n<td>Ddr 1.5gb\u00a0<\/td>\n<\/tr>\n<tr>\n<td>Emmc 8gb\u00a0<\/td>\n<\/tr>\n<tr>\n<td>Power<\/td>\n<\/tr>\n<tr>\n<td>Power consumption 190w<\/td>\n<\/tr>\n<tr>\n<td>Standby consumption  and #8804;0.5w<\/td>\n<\/tr>\n<tr>\n<td>Power supply (voltage\/hz) ac100-240v,50\/60hz<\/td>\n<\/tr>\n<tr>\n<td>Wide power supply si<\/td>\n<\/tr>\n<tr>\n<td>Smart<\/td>\n<\/tr>\n<tr>\n<td>Plataforma smart vidaa u9<\/td>\n<\/tr>\n<tr>\n<td>Visualizaci\u00f3n en pantalla english, french, spanish, german, simplified chinese, traditional chinese, portuguese<\/td>\n<\/tr>\n<tr>\n<td>Tienda de aplicaciones vidaa app store<\/td>\n<\/tr>\n<tr>\n<td>Sistema de tv atsc1.0\/clear\u00a0qam\/ntsc\/pal-m\/n\/isdb-t\/dvb-t2(6m)<\/td>\n<\/tr>\n<tr>\n<td>Navegador web si (odin)<\/td>\n<\/tr>\n<tr>\n<td>Subtitulos cerrados si<\/td>\n<\/tr>\n<tr>\n<td>Reducci\u00f3n de ruido si<\/td>\n<\/tr>\n<tr>\n<td>Control parental si<\/td>\n<\/tr>\n<tr>\n<td>Temporizador de apagado si<\/td>\n<\/tr>\n<tr>\n<td>Reconocimiento de voz de campo lejano no<\/td>\n<\/tr>\n<tr>\n<td>Asistente de google no<\/td>\n<\/tr>\n<tr>\n<td>Alexa works\u00a0with\u00a0alexa(brasil, mexico, canada)<\/td>\n<\/tr>\n<tr>\n<td>Siri no<\/td>\n<\/tr>\n<tr>\n<td>Google home google smart home (works with ga)<\/td>\n<\/tr>\n<tr>\n<td>Chromecast si<\/td>\n<\/tr>\n<tr>\n<td>Apple homekit si<\/td>\n<\/tr>\n<tr>\n<td>Airplay si<\/td>\n<\/tr>\n<tr>\n<td>Screen mirror miracast<\/td>\n<\/tr>\n<tr>\n<td>Dimensiones y peso<\/td>\n<\/tr>\n<tr>\n<td>Dimensiones del televisor (sin el soporte) (mm) 1676\u00d7964\u00d779 mm<\/td>\n<\/tr>\n<tr>\n<td>Dimensiones del televisor (con el soporte) (mm) 1676\u00d71041\u00d7370 mm<\/td>\n<\/tr>\n<tr>\n<td>Dimensiones de la caja (an. x al. x pr.) (mm) 1865\u00d7173\u00d71146 mm<\/td>\n<\/tr>\n<tr>\n<td>Peso del env\u00edo (kg) 29.5 kg<\/td>\n<\/tr>\n<tr>\n<td>Montaje en pared<\/td>\n<\/tr>\n<tr>\n<td>Tama\u00f1o para soporte de pared 200\u00d7300<\/td>\n<\/tr>\n<tr>\n<td>Tornillo de montaje en pared m6<\/td>\n<\/tr>\n<tr>\n<td>Accesorios<\/td>\n<\/tr>\n<tr>\n<td>Control remoto erf2g38h<\/td>\n<\/tr>\n<tr>\n<td>Baterias 2<\/td>\n<\/tr>\n<tr>\n<td>Cable de poder 1<\/td>\n<\/tr>\n<tr>\n<td>Hdmi cable no<\/td>\n<\/tr>\n<tr>\n<td>Gu\u00eda r\u00e1pida si<\/td>\n<\/tr>\n<tr>\n<td>Seguridad y garant\u00eda si<\/td>\n<\/tr>\n<tr>\n<td>Base  si<\/td>\n<\/tr>\n<tr>\n<td>Garant\u00eda 2 a\u00f1os<\/td>\n<\/tr>\n<\/table>\n","protected":false},"excerpt":{"rendered":"<p>La serie a65nv de hisense cuenta con sistema operativo vidaa que te permite disfrutar de todos tus contenidos en un solo lugar, resoluci\u00f3n nativa 4k . Disfruta de una excelente experiencia visual. Cuenta con control de voz mediante el control remoto inteligente que te permitir\u00e1 disfrutar y elevar tu experiencia al siguiente nivel.<\/p>\n","protected":false},"featured_media":258513,"comment_status":"open","ping_status":"open","template":"","meta":[],"product_cat":[1839,1838],"product_tag":[2128],"acf":[],"yoast_head":"<!-- This site is optimized with the Yoast SEO plugin v21.7 - https:\/\/yoast.com\/wordpress\/plugins\/seo\/ -->\n<title>[ Hisense ] &#129351; 75a65nv Television 75 Pulgadas Led Smart Vidaa, 4k Uhd, Dolby Vision Hdr10, Dts Virtual X, Wifi<\/title>\n<meta name=\"description\" content=\"Compra 75a65nv Television 75 Pulgadas Led Smart Vidaa, 4k Uhd, Dolby Vision Hdr10, Dts Virtual X, Wifi + Env\u00edo a domicilio + Pago seguro + Garant\u00eda\" \/>\n<meta name=\"robots\" content=\"index, follow, max-snippet:-1, max-image-preview:large, max-video-preview:-1\" \/>\n<link rel=\"canonical\" href=\"https:\/\/compuviper.mx\/tienda\/producto\/hisense-75a65nv-television-75-pulgadas-led-smart-vidaa-4k-uhd-dolby-vision-hdr10-dts-virtual-x-wifi\/\" \/>\n<meta property=\"og:locale\" content=\"es_MX\" \/>\n<meta property=\"og:type\" content=\"article\" \/>\n<meta property=\"og:title\" content=\"[ Hisense ] &#129351; 75a65nv Television 75 Pulgadas Led Smart Vidaa, 4k Uhd, Dolby Vision Hdr10, Dts Virtual X, Wifi\" \/>\n<meta property=\"og:description\" content=\"Compra 75a65nv Television 75 Pulgadas Led Smart Vidaa, 4k Uhd, Dolby Vision Hdr10, Dts Virtual X, Wifi + Env\u00edo a domicilio + Pago seguro + Garant\u00eda\" \/>\n<meta property=\"og:url\" content=\"https:\/\/compuviper.mx\/tienda\/producto\/hisense-75a65nv-television-75-pulgadas-led-smart-vidaa-4k-uhd-dolby-vision-hdr10-dts-virtual-x-wifi\/\" \/>\n<meta property=\"og:site_name\" content=\"Compuviper\" \/>\n<meta property=\"article:publisher\" content=\"https:\/\/www.facebook.com\/compuviper\" \/>\n<meta property=\"article:modified_time\" content=\"2026-04-02T08:23:31+00:00\" \/>\n<meta property=\"og:image\" content=\"https:\/\/compuviper.mx\/tienda\/wp-content\/uploads\/2025\/10\/Television-75-pulgadas-led-hisense-75a65nv-smart-vidaa-4k-uhd-dolby-vision-hdr10-dts-virtual-x-wifi.jpg\" \/>\n\t<meta property=\"og:image:width\" content=\"200\" \/>\n\t<meta property=\"og:image:height\" content=\"200\" \/>\n\t<meta property=\"og:image:type\" content=\"image\/jpeg\" \/>\n<meta name=\"twitter:card\" content=\"summary_large_image\" \/>\n<meta name=\"twitter:label1\" content=\"Precio\" \/>\n\t<meta name=\"twitter:data1\" content=\"&#36;13,846 &#36;11,274 con IVA\" \/>\n\t<meta name=\"twitter:label2\" content=\"Availability\" \/>\n\t<meta name=\"twitter:data2\" content=\"Out of stock\" \/>\n<script type=\"application\/ld+json\" class=\"yoast-schema-graph\">{\"@context\":\"https:\/\/schema.org\",\"@graph\":[{\"@type\":\"WebPage\",\"@id\":\"https:\/\/compuviper.mx\/tienda\/producto\/hisense-75a65nv-television-75-pulgadas-led-smart-vidaa-4k-uhd-dolby-vision-hdr10-dts-virtual-x-wifi\/\",\"url\":\"https:\/\/compuviper.mx\/tienda\/producto\/hisense-75a65nv-television-75-pulgadas-led-smart-vidaa-4k-uhd-dolby-vision-hdr10-dts-virtual-x-wifi\/\",\"name\":\"[ Hisense ] &#129351; 75a65nv Television 75 Pulgadas Led Smart Vidaa, 4k Uhd, Dolby Vision Hdr10, Dts Virtual X, Wifi\",\"isPartOf\":{\"@id\":\"https:\/\/compuviper.mx\/tienda\/#website\"},\"datePublished\":\"2026-04-02T08:23:30+00:00\",\"dateModified\":\"2026-04-02T08:23:31+00:00\",\"description\":\"Compra 75a65nv Television 75 Pulgadas Led Smart Vidaa, 4k Uhd, Dolby Vision Hdr10, Dts Virtual X, Wifi + Env\u00edo a domicilio + Pago seguro + Garant\u00eda\",\"breadcrumb\":{\"@id\":\"https:\/\/compuviper.mx\/tienda\/producto\/hisense-75a65nv-television-75-pulgadas-led-smart-vidaa-4k-uhd-dolby-vision-hdr10-dts-virtual-x-wifi\/#breadcrumb\"},\"inLanguage\":\"es-MX\",\"potentialAction\":[{\"@type\":\"ReadAction\",\"target\":[\"https:\/\/compuviper.mx\/tienda\/producto\/hisense-75a65nv-television-75-pulgadas-led-smart-vidaa-4k-uhd-dolby-vision-hdr10-dts-virtual-x-wifi\/\"]}]},{\"@type\":\"BreadcrumbList\",\"@id\":\"https:\/\/compuviper.mx\/tienda\/producto\/hisense-75a65nv-television-75-pulgadas-led-smart-vidaa-4k-uhd-dolby-vision-hdr10-dts-virtual-x-wifi\/#breadcrumb\",\"itemListElement\":[{\"@type\":\"ListItem\",\"position\":1,\"name\":\"Inicio\",\"item\":\"https:\/\/compuviper.mx\/tienda\/\"},{\"@type\":\"ListItem\",\"position\":2,\"name\":\"Productos\",\"item\":\"https:\/\/compuviper.mx\/tienda\/productos\/\"},{\"@type\":\"ListItem\",\"position\":3,\"name\":\"Televisor\",\"item\":\"https:\/\/compuviper.mx\/tienda\/categoria-producto\/televisor\/\"},{\"@type\":\"ListItem\",\"position\":4,\"name\":\"Led\",\"item\":\"https:\/\/compuviper.mx\/tienda\/categoria-producto\/televisor\/led-televisor\/\"},{\"@type\":\"ListItem\",\"position\":5,\"name\":\"Hisense 75a65nv Television 75 Pulgadas Led Smart Vidaa, 4k Uhd, Dolby Vision Hdr10, Dts Virtual X, Wifi\"}]},{\"@type\":\"WebSite\",\"@id\":\"https:\/\/compuviper.mx\/tienda\/#website\",\"url\":\"https:\/\/compuviper.mx\/tienda\/\",\"name\":\"Compuviper\",\"description\":\"Proveedor de Computadoras, Laptops, Servidores, Monitores, Puntos de Venta, Teclados,   Impresoras, T\u00f3ner, C\u00e1maras de Seguridad y m\u00e1s en tu tienda en l\u00ednea\",\"publisher\":{\"@id\":\"https:\/\/compuviper.mx\/tienda\/#organization\"},\"potentialAction\":[{\"@type\":\"SearchAction\",\"target\":{\"@type\":\"EntryPoint\",\"urlTemplate\":\"https:\/\/compuviper.mx\/tienda\/?s={search_term_string}\"},\"query-input\":\"required name=search_term_string\"}],\"inLanguage\":\"es-MX\"},{\"@type\":\"Organization\",\"@id\":\"https:\/\/compuviper.mx\/tienda\/#organization\",\"name\":\"Compuviper\",\"url\":\"https:\/\/compuviper.mx\/tienda\/\",\"logo\":{\"@type\":\"ImageObject\",\"inLanguage\":\"es-MX\",\"@id\":\"https:\/\/compuviper.mx\/tienda\/#\/schema\/logo\/image\/\",\"url\":\"https:\/\/compuviper.mx\/tienda\/wp-content\/uploads\/2021\/08\/Logo-Compuviper-10.png\",\"contentUrl\":\"https:\/\/compuviper.mx\/tienda\/wp-content\/uploads\/2021\/08\/Logo-Compuviper-10.png\",\"width\":1000,\"height\":500,\"caption\":\"Compuviper\"},\"image\":{\"@id\":\"https:\/\/compuviper.mx\/tienda\/#\/schema\/logo\/image\/\"},\"sameAs\":[\"https:\/\/www.facebook.com\/compuviper\",\"https:\/\/www.youtube.com\/channel\/UCf73dERp9Y3cfOq7q8BhLjA?view_as=subscriber\"]}]}<\/script>\n<meta property=\"product:brand\" content=\"Hisense\" \/>\n<meta property=\"product:price:amount\" content=\"11274\" \/>\n<meta property=\"product:price:currency\" content=\"MXN\" \/>\n<meta property=\"og:availability\" content=\"out of stock\" \/>\n<meta property=\"product:availability\" content=\"out of stock\" \/>\n<meta property=\"product:retailer_item_id\" content=\"75A65NV\" \/>\n<meta property=\"product:condition\" content=\"new\" \/>\n<!-- \/ Yoast SEO plugin. -->","yoast_head_json":{"title":"[ Hisense ] &#129351; 75a65nv Television 75 Pulgadas Led Smart Vidaa, 4k Uhd, Dolby Vision Hdr10, Dts Virtual X, Wifi","description":"Compra 75a65nv Television 75 Pulgadas Led Smart Vidaa, 4k Uhd, Dolby Vision Hdr10, Dts Virtual X, Wifi + Env\u00edo a domicilio + Pago seguro + Garant\u00eda","robots":{"index":"index","follow":"follow","max-snippet":"max-snippet:-1","max-image-preview":"max-image-preview:large","max-video-preview":"max-video-preview:-1"},"canonical":"https:\/\/compuviper.mx\/tienda\/producto\/hisense-75a65nv-television-75-pulgadas-led-smart-vidaa-4k-uhd-dolby-vision-hdr10-dts-virtual-x-wifi\/","og_locale":"es_MX","og_type":"article","og_title":"[ Hisense ] &#129351; 75a65nv Television 75 Pulgadas Led Smart Vidaa, 4k Uhd, Dolby Vision Hdr10, Dts Virtual X, Wifi","og_description":"Compra 75a65nv Television 75 Pulgadas Led Smart Vidaa, 4k Uhd, Dolby Vision Hdr10, Dts Virtual X, Wifi + Env\u00edo a domicilio + Pago seguro + Garant\u00eda","og_url":"https:\/\/compuviper.mx\/tienda\/producto\/hisense-75a65nv-television-75-pulgadas-led-smart-vidaa-4k-uhd-dolby-vision-hdr10-dts-virtual-x-wifi\/","og_site_name":"Compuviper","article_publisher":"https:\/\/www.facebook.com\/compuviper","article_modified_time":"2026-04-02T08:23:31+00:00","og_image":[{"width":200,"height":200,"url":"https:\/\/compuviper.mx\/tienda\/wp-content\/uploads\/2025\/10\/Television-75-pulgadas-led-hisense-75a65nv-smart-vidaa-4k-uhd-dolby-vision-hdr10-dts-virtual-x-wifi.jpg","type":"image\/jpeg"}],"twitter_card":"summary_large_image","twitter_misc":{"Precio":"&#36;13,846 &#36;11,274 con IVA","Availability":"Out of stock"},"schema":{"@context":"https:\/\/schema.org","@graph":[{"@type":"WebPage","@id":"https:\/\/compuviper.mx\/tienda\/producto\/hisense-75a65nv-television-75-pulgadas-led-smart-vidaa-4k-uhd-dolby-vision-hdr10-dts-virtual-x-wifi\/","url":"https:\/\/compuviper.mx\/tienda\/producto\/hisense-75a65nv-television-75-pulgadas-led-smart-vidaa-4k-uhd-dolby-vision-hdr10-dts-virtual-x-wifi\/","name":"[ Hisense ] &#129351; 75a65nv Television 75 Pulgadas Led Smart Vidaa, 4k Uhd, Dolby Vision Hdr10, Dts Virtual X, Wifi","isPartOf":{"@id":"https:\/\/compuviper.mx\/tienda\/#website"},"datePublished":"2026-04-02T08:23:30+00:00","dateModified":"2026-04-02T08:23:31+00:00","description":"Compra 75a65nv Television 75 Pulgadas Led Smart Vidaa, 4k Uhd, Dolby Vision Hdr10, Dts Virtual X, Wifi + Env\u00edo a domicilio + Pago seguro + Garant\u00eda","breadcrumb":{"@id":"https:\/\/compuviper.mx\/tienda\/producto\/hisense-75a65nv-television-75-pulgadas-led-smart-vidaa-4k-uhd-dolby-vision-hdr10-dts-virtual-x-wifi\/#breadcrumb"},"inLanguage":"es-MX","potentialAction":[{"@type":"ReadAction","target":["https:\/\/compuviper.mx\/tienda\/producto\/hisense-75a65nv-television-75-pulgadas-led-smart-vidaa-4k-uhd-dolby-vision-hdr10-dts-virtual-x-wifi\/"]}]},{"@type":"BreadcrumbList","@id":"https:\/\/compuviper.mx\/tienda\/producto\/hisense-75a65nv-television-75-pulgadas-led-smart-vidaa-4k-uhd-dolby-vision-hdr10-dts-virtual-x-wifi\/#breadcrumb","itemListElement":[{"@type":"ListItem","position":1,"name":"Inicio","item":"https:\/\/compuviper.mx\/tienda\/"},{"@type":"ListItem","position":2,"name":"Productos","item":"https:\/\/compuviper.mx\/tienda\/productos\/"},{"@type":"ListItem","position":3,"name":"Televisor","item":"https:\/\/compuviper.mx\/tienda\/categoria-producto\/televisor\/"},{"@type":"ListItem","position":4,"name":"Led","item":"https:\/\/compuviper.mx\/tienda\/categoria-producto\/televisor\/led-televisor\/"},{"@type":"ListItem","position":5,"name":"Hisense 75a65nv Television 75 Pulgadas Led Smart Vidaa, 4k Uhd, Dolby Vision Hdr10, Dts Virtual X, Wifi"}]},{"@type":"WebSite","@id":"https:\/\/compuviper.mx\/tienda\/#website","url":"https:\/\/compuviper.mx\/tienda\/","name":"Compuviper","description":"Proveedor de Computadoras, Laptops, Servidores, Monitores, Puntos de Venta, Teclados,   Impresoras, T\u00f3ner, C\u00e1maras de Seguridad y m\u00e1s en tu tienda en l\u00ednea","publisher":{"@id":"https:\/\/compuviper.mx\/tienda\/#organization"},"potentialAction":[{"@type":"SearchAction","target":{"@type":"EntryPoint","urlTemplate":"https:\/\/compuviper.mx\/tienda\/?s={search_term_string}"},"query-input":"required name=search_term_string"}],"inLanguage":"es-MX"},{"@type":"Organization","@id":"https:\/\/compuviper.mx\/tienda\/#organization","name":"Compuviper","url":"https:\/\/compuviper.mx\/tienda\/","logo":{"@type":"ImageObject","inLanguage":"es-MX","@id":"https:\/\/compuviper.mx\/tienda\/#\/schema\/logo\/image\/","url":"https:\/\/compuviper.mx\/tienda\/wp-content\/uploads\/2021\/08\/Logo-Compuviper-10.png","contentUrl":"https:\/\/compuviper.mx\/tienda\/wp-content\/uploads\/2021\/08\/Logo-Compuviper-10.png","width":1000,"height":500,"caption":"Compuviper"},"image":{"@id":"https:\/\/compuviper.mx\/tienda\/#\/schema\/logo\/image\/"},"sameAs":["https:\/\/www.facebook.com\/compuviper","https:\/\/www.youtube.com\/channel\/UCf73dERp9Y3cfOq7q8BhLjA?view_as=subscriber"]}]},"product_brand":"Hisense","product_price_amount":"11274","product_price_currency":"MXN","og_availability":"out of stock","product_availability":"out of stock","product_retailer_item_id":"75A65NV","product_condition":"new"},"_links":{"self":[{"href":"https:\/\/compuviper.mx\/tienda\/wp-json\/wp\/v2\/product\/256536"}],"collection":[{"href":"https:\/\/compuviper.mx\/tienda\/wp-json\/wp\/v2\/product"}],"about":[{"href":"https:\/\/compuviper.mx\/tienda\/wp-json\/wp\/v2\/types\/product"}],"replies":[{"embeddable":true,"href":"https:\/\/compuviper.mx\/tienda\/wp-json\/wp\/v2\/comments?post=256536"}],"wp:featuredmedia":[{"embeddable":true,"href":"https:\/\/compuviper.mx\/tienda\/wp-json\/wp\/v2\/media\/258513"}],"wp:attachment":[{"href":"https:\/\/compuviper.mx\/tienda\/wp-json\/wp\/v2\/media?parent=256536"}],"wp:term":[{"taxonomy":"product_cat","embeddable":true,"href":"https:\/\/compuviper.mx\/tienda\/wp-json\/wp\/v2\/product_cat?post=256536"},{"taxonomy":"product_tag","embeddable":true,"href":"https:\/\/compuviper.mx\/tienda\/wp-json\/wp\/v2\/product_tag?post=256536"}],"curies":[{"name":"wp","href":"https:\/\/api.w.org\/{rel}","templated":true}]}}