{"id":256535,"date":"2026-04-07T01:58:36","date_gmt":"2026-04-07T07:58:36","guid":{"rendered":"https:\/\/compuviper.mx\/tienda\/producto\/logitech-984-001891-bocina-ultimate-ears-wonderboom-4-portatil-bluetooth-ip67-resistente-al-agua-polvo-y-flota-gris\/"},"modified":"2026-04-07T01:58:36","modified_gmt":"2026-04-07T07:58:36","slug":"logitech-984-001891-bocina-ultimate-ears-wonderboom-4-portatil-bluetooth-ip67-resistente-al-agua-polvo-y-flota-gris","status":"publish","type":"product","link":"https:\/\/compuviper.mx\/tienda\/producto\/logitech-984-001891-bocina-ultimate-ears-wonderboom-4-portatil-bluetooth-ip67-resistente-al-agua-polvo-y-flota-gris\/","title":{"rendered":"Logitech 984-001891 Bocina Ultimate Ears Wonderboom 4 Portatil Bluetooth Ip67 Resistente Al Agua Polvo Y Flota Gris"},"content":{"rendered":"<table class=\"descripcion\">\n<tr>\n<td>Dimensiones<\/td>\n<\/tr>\n<tr>\n<td>Altura: 104 mm<\/td>\n<\/tr>\n<tr>\n<td>Ancho: 95.3 mm<\/td>\n<\/tr>\n<tr>\n<td>Peso: 420 g (solo la bocina)<\/td>\n<\/tr>\n<tr>\n<td>Especificaciones tecnicas<\/td>\n<\/tr>\n<tr>\n<td>Alimentacion<\/td>\n<\/tr>\n<tr>\n<td>Bateria de ion litio recargable mediante usb-c con hasta 14 horas de duracion entre cada carga.\u00a0<\/td>\n<\/tr>\n<tr>\n<td>Sonido de 360\u00b0<\/td>\n<\/tr>\n<tr>\n<td>Nivel de sonido maximo: 86 dbc (normal) y 87dbc (en exterior)<\/td>\n<\/tr>\n<tr>\n<td>Transductores: dos traductores activos de 40 mm y dos radiadores pasivos de 46.,1 x 65.2 mm<\/td>\n<\/tr>\n<tr>\n<td>Capacidades inalambricas<\/td>\n<\/tr>\n<tr>\n<td>Radio de accion de 40 metros\u00a0<\/td>\n<\/tr>\n<tr>\n<td>Conecta hasta dos dispositivos fuente al mismo tiempo.<\/td>\n<\/tr>\n<tr>\n<td>Reproduccion inalambrica (transmision) en 2 bocinas wonderboom 4 desde una sola fuente<\/td>\n<\/tr>\n<tr>\n<td>Compatibilidad<\/td>\n<\/tr>\n<tr>\n<td>Para la reproduccion de audio : telefonos inteligentes, tabletas y otros dispositivos compatibles con bluetooth [perfil de distribucion de audio avanzado (a2dp)].<\/td>\n<\/tr>\n<tr>\n<td>Sostenibilidad<\/td>\n<\/tr>\n<tr>\n<td>M\u00ednimo 31% de contenido reciclado posconsumo del total de componentes plasticos. no incluye el empaque.<\/td>\n<\/tr>\n<tr>\n<td>Informaci\u00f3n de garantia<\/td>\n<\/tr>\n<tr>\n<td>Dos a\u00f1os de garantia limitada del hardware<\/td>\n<\/tr>\n<tr>\n<td>Numero de referencia<\/td>\n<\/tr>\n<tr>\n<td>Active black\u00a0bocina autonoma\u00a0: 984-001888<\/td>\n<\/tr>\n<tr>\n<td>Azul cobalto\u00a0bocina autonoma\u00a0: 984-001889<\/td>\n<\/tr>\n<tr>\n<td>Hyper pink\u00a0bocina autonoma\u00a0: 984-001890<\/td>\n<\/tr>\n<tr>\n<td>Joyous bright\u00a0bocina autonoma\u00a0: 984-001891<\/td>\n<\/tr>\n<tr>\n<td>Para mas informacion:<\/td>\n<\/tr>\n<tr>\n<td>Https:\/\/www.ultimateears.com\/es-mx\/shop\/p\/wonderboom-4.984-001891<\/td>\n<\/tr>\n<\/table>\n","protected":false},"excerpt":{"rendered":"<p>La wonderboom 4 es una bocina bluetooth\u00ae compacta que ofrece un sonido sorprendentemente potente con graves profundos y un audio nitido en 360 grados. Dise\u00f1ada para la aventura, cuenta con resistencia al agua, al polvo y a los impactos, ademas de un modo podcast para voces mas claras. Con hasta 14 horas de bateria y un alcance inalambrico de 40 metros, es la compa\u00f1era ideal para cualquier ocasion, ya sea en interiores o al aire libre.<\/p>\n","protected":false},"featured_media":260938,"comment_status":"open","ping_status":"open","template":"","meta":[],"product_cat":[1817,1823],"product_tag":[1500],"acf":[],"yoast_head":"<!-- This site is optimized with the Yoast SEO plugin v21.7 - https:\/\/yoast.com\/wordpress\/plugins\/seo\/ -->\n<title>[ Logitech ] &#129351; 984-001891 Bocina Ultimate Ears Wonderboom 4 Portatil Bluetooth Ip67 Resistente Al Agua Polvo Y Flota Gris<\/title>\n<meta name=\"description\" content=\"Compra 984-001891 Bocina Ultimate Ears Wonderboom 4 Portatil Bluetooth Ip67 Resistente Al Agua Polvo Y Flota Gris + Env\u00edo a domicilio + Pago seguro + Garant\u00eda\" \/>\n<meta name=\"robots\" content=\"index, follow, max-snippet:-1, max-image-preview:large, max-video-preview:-1\" \/>\n<link rel=\"canonical\" href=\"https:\/\/compuviper.mx\/tienda\/producto\/logitech-984-001891-bocina-ultimate-ears-wonderboom-4-portatil-bluetooth-ip67-resistente-al-agua-polvo-y-flota-gris\/\" \/>\n<meta property=\"og:locale\" content=\"es_MX\" \/>\n<meta property=\"og:type\" content=\"article\" \/>\n<meta property=\"og:title\" content=\"[ Logitech ] &#129351; 984-001891 Bocina Ultimate Ears Wonderboom 4 Portatil Bluetooth Ip67 Resistente Al Agua Polvo Y Flota Gris\" \/>\n<meta property=\"og:description\" content=\"Compra 984-001891 Bocina Ultimate Ears Wonderboom 4 Portatil Bluetooth Ip67 Resistente Al Agua Polvo Y Flota Gris + Env\u00edo a domicilio + Pago seguro + Garant\u00eda\" \/>\n<meta property=\"og:url\" content=\"https:\/\/compuviper.mx\/tienda\/producto\/logitech-984-001891-bocina-ultimate-ears-wonderboom-4-portatil-bluetooth-ip67-resistente-al-agua-polvo-y-flota-gris\/\" \/>\n<meta property=\"og:site_name\" content=\"Compuviper\" \/>\n<meta property=\"article:publisher\" content=\"https:\/\/www.facebook.com\/compuviper\" \/>\n<meta property=\"og:image\" content=\"https:\/\/compuviper.mx\/tienda\/wp-content\/uploads\/2025\/10\/Bocina-ultimate-ears-wonderboom-4-portatil-bluetooth-ip67-resistente-al-agua-polvo-y-flota-gris.jpg\" \/>\n\t<meta property=\"og:image:width\" content=\"200\" \/>\n\t<meta property=\"og:image:height\" content=\"200\" \/>\n\t<meta property=\"og:image:type\" content=\"image\/jpeg\" \/>\n<meta name=\"twitter:card\" content=\"summary_large_image\" \/>\n<meta name=\"twitter:label1\" content=\"Precio\" \/>\n\t<meta name=\"twitter:data1\" content=\"&#36;1,939 con IVA\" \/>\n\t<meta name=\"twitter:label2\" content=\"Availability\" \/>\n\t<meta name=\"twitter:data2\" content=\"Out of stock\" \/>\n<script type=\"application\/ld+json\" class=\"yoast-schema-graph\">{\"@context\":\"https:\/\/schema.org\",\"@graph\":[{\"@type\":\"WebPage\",\"@id\":\"https:\/\/compuviper.mx\/tienda\/producto\/logitech-984-001891-bocina-ultimate-ears-wonderboom-4-portatil-bluetooth-ip67-resistente-al-agua-polvo-y-flota-gris\/\",\"url\":\"https:\/\/compuviper.mx\/tienda\/producto\/logitech-984-001891-bocina-ultimate-ears-wonderboom-4-portatil-bluetooth-ip67-resistente-al-agua-polvo-y-flota-gris\/\",\"name\":\"[ Logitech ] &#129351; 984-001891 Bocina Ultimate Ears Wonderboom 4 Portatil Bluetooth Ip67 Resistente Al Agua Polvo Y Flota Gris\",\"isPartOf\":{\"@id\":\"https:\/\/compuviper.mx\/tienda\/#website\"},\"datePublished\":\"2026-04-07T07:58:36+00:00\",\"dateModified\":\"2026-04-07T07:58:36+00:00\",\"description\":\"Compra 984-001891 Bocina Ultimate Ears Wonderboom 4 Portatil Bluetooth Ip67 Resistente Al Agua Polvo Y Flota Gris + Env\u00edo a domicilio + Pago seguro + Garant\u00eda\",\"breadcrumb\":{\"@id\":\"https:\/\/compuviper.mx\/tienda\/producto\/logitech-984-001891-bocina-ultimate-ears-wonderboom-4-portatil-bluetooth-ip67-resistente-al-agua-polvo-y-flota-gris\/#breadcrumb\"},\"inLanguage\":\"es-MX\",\"potentialAction\":[{\"@type\":\"ReadAction\",\"target\":[\"https:\/\/compuviper.mx\/tienda\/producto\/logitech-984-001891-bocina-ultimate-ears-wonderboom-4-portatil-bluetooth-ip67-resistente-al-agua-polvo-y-flota-gris\/\"]}]},{\"@type\":\"BreadcrumbList\",\"@id\":\"https:\/\/compuviper.mx\/tienda\/producto\/logitech-984-001891-bocina-ultimate-ears-wonderboom-4-portatil-bluetooth-ip67-resistente-al-agua-polvo-y-flota-gris\/#breadcrumb\",\"itemListElement\":[{\"@type\":\"ListItem\",\"position\":1,\"name\":\"Inicio\",\"item\":\"https:\/\/compuviper.mx\/tienda\/\"},{\"@type\":\"ListItem\",\"position\":2,\"name\":\"Productos\",\"item\":\"https:\/\/compuviper.mx\/tienda\/productos\/\"},{\"@type\":\"ListItem\",\"position\":3,\"name\":\"Bocinas\",\"item\":\"https:\/\/compuviper.mx\/tienda\/categoria-producto\/bocinas\/\"},{\"@type\":\"ListItem\",\"position\":4,\"name\":\"Bocinas Bluetooth\",\"item\":\"https:\/\/compuviper.mx\/tienda\/categoria-producto\/bocinas\/bocinas-bluetooth\/\"},{\"@type\":\"ListItem\",\"position\":5,\"name\":\"Logitech 984-001891 Bocina Ultimate Ears Wonderboom 4 Portatil Bluetooth Ip67 Resistente Al Agua Polvo Y Flota Gris\"}]},{\"@type\":\"WebSite\",\"@id\":\"https:\/\/compuviper.mx\/tienda\/#website\",\"url\":\"https:\/\/compuviper.mx\/tienda\/\",\"name\":\"Compuviper\",\"description\":\"Proveedor de Computadoras, Laptops, Servidores, Monitores, Puntos de Venta, Teclados,   Impresoras, T\u00f3ner, C\u00e1maras de Seguridad y m\u00e1s en tu tienda en l\u00ednea\",\"publisher\":{\"@id\":\"https:\/\/compuviper.mx\/tienda\/#organization\"},\"potentialAction\":[{\"@type\":\"SearchAction\",\"target\":{\"@type\":\"EntryPoint\",\"urlTemplate\":\"https:\/\/compuviper.mx\/tienda\/?s={search_term_string}\"},\"query-input\":\"required name=search_term_string\"}],\"inLanguage\":\"es-MX\"},{\"@type\":\"Organization\",\"@id\":\"https:\/\/compuviper.mx\/tienda\/#organization\",\"name\":\"Compuviper\",\"url\":\"https:\/\/compuviper.mx\/tienda\/\",\"logo\":{\"@type\":\"ImageObject\",\"inLanguage\":\"es-MX\",\"@id\":\"https:\/\/compuviper.mx\/tienda\/#\/schema\/logo\/image\/\",\"url\":\"https:\/\/compuviper.mx\/tienda\/wp-content\/uploads\/2021\/08\/Logo-Compuviper-10.png\",\"contentUrl\":\"https:\/\/compuviper.mx\/tienda\/wp-content\/uploads\/2021\/08\/Logo-Compuviper-10.png\",\"width\":1000,\"height\":500,\"caption\":\"Compuviper\"},\"image\":{\"@id\":\"https:\/\/compuviper.mx\/tienda\/#\/schema\/logo\/image\/\"},\"sameAs\":[\"https:\/\/www.facebook.com\/compuviper\",\"https:\/\/www.youtube.com\/channel\/UCf73dERp9Y3cfOq7q8BhLjA?view_as=subscriber\"]}]}<\/script>\n<meta property=\"product:brand\" content=\"LOGITECH\" \/>\n<meta property=\"product:price:amount\" content=\"1939\" \/>\n<meta property=\"product:price:currency\" content=\"MXN\" \/>\n<meta property=\"og:availability\" content=\"out of stock\" \/>\n<meta property=\"product:availability\" content=\"out of stock\" \/>\n<meta property=\"product:retailer_item_id\" content=\"984-001891\" \/>\n<meta property=\"product:condition\" content=\"new\" \/>\n<!-- \/ Yoast SEO plugin. -->","yoast_head_json":{"title":"[ Logitech ] &#129351; 984-001891 Bocina Ultimate Ears Wonderboom 4 Portatil Bluetooth Ip67 Resistente Al Agua Polvo Y Flota Gris","description":"Compra 984-001891 Bocina Ultimate Ears Wonderboom 4 Portatil Bluetooth Ip67 Resistente Al Agua Polvo Y Flota Gris + Env\u00edo a domicilio + Pago seguro + Garant\u00eda","robots":{"index":"index","follow":"follow","max-snippet":"max-snippet:-1","max-image-preview":"max-image-preview:large","max-video-preview":"max-video-preview:-1"},"canonical":"https:\/\/compuviper.mx\/tienda\/producto\/logitech-984-001891-bocina-ultimate-ears-wonderboom-4-portatil-bluetooth-ip67-resistente-al-agua-polvo-y-flota-gris\/","og_locale":"es_MX","og_type":"article","og_title":"[ Logitech ] &#129351; 984-001891 Bocina Ultimate Ears Wonderboom 4 Portatil Bluetooth Ip67 Resistente Al Agua Polvo Y Flota Gris","og_description":"Compra 984-001891 Bocina Ultimate Ears Wonderboom 4 Portatil Bluetooth Ip67 Resistente Al Agua Polvo Y Flota Gris + Env\u00edo a domicilio + Pago seguro + Garant\u00eda","og_url":"https:\/\/compuviper.mx\/tienda\/producto\/logitech-984-001891-bocina-ultimate-ears-wonderboom-4-portatil-bluetooth-ip67-resistente-al-agua-polvo-y-flota-gris\/","og_site_name":"Compuviper","article_publisher":"https:\/\/www.facebook.com\/compuviper","og_image":[{"width":200,"height":200,"url":"https:\/\/compuviper.mx\/tienda\/wp-content\/uploads\/2025\/10\/Bocina-ultimate-ears-wonderboom-4-portatil-bluetooth-ip67-resistente-al-agua-polvo-y-flota-gris.jpg","type":"image\/jpeg"}],"twitter_card":"summary_large_image","twitter_misc":{"Precio":"&#36;1,939 con IVA","Availability":"Out of stock"},"schema":{"@context":"https:\/\/schema.org","@graph":[{"@type":"WebPage","@id":"https:\/\/compuviper.mx\/tienda\/producto\/logitech-984-001891-bocina-ultimate-ears-wonderboom-4-portatil-bluetooth-ip67-resistente-al-agua-polvo-y-flota-gris\/","url":"https:\/\/compuviper.mx\/tienda\/producto\/logitech-984-001891-bocina-ultimate-ears-wonderboom-4-portatil-bluetooth-ip67-resistente-al-agua-polvo-y-flota-gris\/","name":"[ Logitech ] &#129351; 984-001891 Bocina Ultimate Ears Wonderboom 4 Portatil Bluetooth Ip67 Resistente Al Agua Polvo Y Flota Gris","isPartOf":{"@id":"https:\/\/compuviper.mx\/tienda\/#website"},"datePublished":"2026-04-07T07:58:36+00:00","dateModified":"2026-04-07T07:58:36+00:00","description":"Compra 984-001891 Bocina Ultimate Ears Wonderboom 4 Portatil Bluetooth Ip67 Resistente Al Agua Polvo Y Flota Gris + Env\u00edo a domicilio + Pago seguro + Garant\u00eda","breadcrumb":{"@id":"https:\/\/compuviper.mx\/tienda\/producto\/logitech-984-001891-bocina-ultimate-ears-wonderboom-4-portatil-bluetooth-ip67-resistente-al-agua-polvo-y-flota-gris\/#breadcrumb"},"inLanguage":"es-MX","potentialAction":[{"@type":"ReadAction","target":["https:\/\/compuviper.mx\/tienda\/producto\/logitech-984-001891-bocina-ultimate-ears-wonderboom-4-portatil-bluetooth-ip67-resistente-al-agua-polvo-y-flota-gris\/"]}]},{"@type":"BreadcrumbList","@id":"https:\/\/compuviper.mx\/tienda\/producto\/logitech-984-001891-bocina-ultimate-ears-wonderboom-4-portatil-bluetooth-ip67-resistente-al-agua-polvo-y-flota-gris\/#breadcrumb","itemListElement":[{"@type":"ListItem","position":1,"name":"Inicio","item":"https:\/\/compuviper.mx\/tienda\/"},{"@type":"ListItem","position":2,"name":"Productos","item":"https:\/\/compuviper.mx\/tienda\/productos\/"},{"@type":"ListItem","position":3,"name":"Bocinas","item":"https:\/\/compuviper.mx\/tienda\/categoria-producto\/bocinas\/"},{"@type":"ListItem","position":4,"name":"Bocinas Bluetooth","item":"https:\/\/compuviper.mx\/tienda\/categoria-producto\/bocinas\/bocinas-bluetooth\/"},{"@type":"ListItem","position":5,"name":"Logitech 984-001891 Bocina Ultimate Ears Wonderboom 4 Portatil Bluetooth Ip67 Resistente Al Agua Polvo Y Flota Gris"}]},{"@type":"WebSite","@id":"https:\/\/compuviper.mx\/tienda\/#website","url":"https:\/\/compuviper.mx\/tienda\/","name":"Compuviper","description":"Proveedor de Computadoras, Laptops, Servidores, Monitores, Puntos de Venta, Teclados,   Impresoras, T\u00f3ner, C\u00e1maras de Seguridad y m\u00e1s en tu tienda en l\u00ednea","publisher":{"@id":"https:\/\/compuviper.mx\/tienda\/#organization"},"potentialAction":[{"@type":"SearchAction","target":{"@type":"EntryPoint","urlTemplate":"https:\/\/compuviper.mx\/tienda\/?s={search_term_string}"},"query-input":"required name=search_term_string"}],"inLanguage":"es-MX"},{"@type":"Organization","@id":"https:\/\/compuviper.mx\/tienda\/#organization","name":"Compuviper","url":"https:\/\/compuviper.mx\/tienda\/","logo":{"@type":"ImageObject","inLanguage":"es-MX","@id":"https:\/\/compuviper.mx\/tienda\/#\/schema\/logo\/image\/","url":"https:\/\/compuviper.mx\/tienda\/wp-content\/uploads\/2021\/08\/Logo-Compuviper-10.png","contentUrl":"https:\/\/compuviper.mx\/tienda\/wp-content\/uploads\/2021\/08\/Logo-Compuviper-10.png","width":1000,"height":500,"caption":"Compuviper"},"image":{"@id":"https:\/\/compuviper.mx\/tienda\/#\/schema\/logo\/image\/"},"sameAs":["https:\/\/www.facebook.com\/compuviper","https:\/\/www.youtube.com\/channel\/UCf73dERp9Y3cfOq7q8BhLjA?view_as=subscriber"]}]},"product_brand":"LOGITECH","product_price_amount":"1939","product_price_currency":"MXN","og_availability":"out of stock","product_availability":"out of stock","product_retailer_item_id":"984-001891","product_condition":"new"},"_links":{"self":[{"href":"https:\/\/compuviper.mx\/tienda\/wp-json\/wp\/v2\/product\/256535"}],"collection":[{"href":"https:\/\/compuviper.mx\/tienda\/wp-json\/wp\/v2\/product"}],"about":[{"href":"https:\/\/compuviper.mx\/tienda\/wp-json\/wp\/v2\/types\/product"}],"replies":[{"embeddable":true,"href":"https:\/\/compuviper.mx\/tienda\/wp-json\/wp\/v2\/comments?post=256535"}],"wp:featuredmedia":[{"embeddable":true,"href":"https:\/\/compuviper.mx\/tienda\/wp-json\/wp\/v2\/media\/260938"}],"wp:attachment":[{"href":"https:\/\/compuviper.mx\/tienda\/wp-json\/wp\/v2\/media?parent=256535"}],"wp:term":[{"taxonomy":"product_cat","embeddable":true,"href":"https:\/\/compuviper.mx\/tienda\/wp-json\/wp\/v2\/product_cat?post=256535"},{"taxonomy":"product_tag","embeddable":true,"href":"https:\/\/compuviper.mx\/tienda\/wp-json\/wp\/v2\/product_tag?post=256535"}],"curies":[{"name":"wp","href":"https:\/\/api.w.org\/{rel}","templated":true}]}}