{"id":256508,"date":"2026-04-02T00:51:31","date_gmt":"2026-04-02T06:51:31","guid":{"rendered":"https:\/\/compuviper.mx\/tienda\/producto\/dell-210-bksj-monitor-ultrasharp-27-led-2560-x-1440-120-hz-thunderbolt-dp-hdmi-usb-c-usb-a-rj45\/"},"modified":"2026-04-02T00:51:32","modified_gmt":"2026-04-02T06:51:32","slug":"dell-210-bksj-monitor-ultrasharp-u2724de-27-led-2560-x-1440-120-hz-thunderbolt-dp-hdmi-usb-c-usb-a-rj45","status":"publish","type":"product","link":"https:\/\/compuviper.mx\/tienda\/producto\/dell-210-bksj-monitor-ultrasharp-u2724de-27-led-2560-x-1440-120-hz-thunderbolt-dp-hdmi-usb-c-usb-a-rj45\/","title":{"rendered":"Dell 210-bksj Monitor  Ultrasharp U2724de | 27 Led 2560 X 1440 120 Hz | Thunderbolt | Dp, Hdmi, Usb-c, Usb-a, Rj45 |"},"content":{"rendered":"<table class=\"descripcion\">\n<tr>\n<td>Tama\u00f1o de imagen visible (diagonal)<\/td>\n<\/tr>\n<tr>\n<td>27 (68,58 cm)<\/td>\n<\/tr>\n<tr>\n<td>\u00e1rea de presentaci\u00f3n predeterminada (h \u00d7 v)<\/td>\n<\/tr>\n<tr>\n<td>596.74 mm x 335.66 mm<\/td>\n<\/tr>\n<tr>\n<td>23.49 x 13.22<\/td>\n<\/tr>\n<tr>\n<td>200,301.74 mm2 (310.47 inches2)<\/td>\n<\/tr>\n<tr>\n<td>Tipo de pantalla<\/td>\n<\/tr>\n<tr>\n<td>Tecnolog\u00eda ips black<\/td>\n<\/tr>\n<tr>\n<td>Revestimiento de la pantalla<\/td>\n<\/tr>\n<tr>\n<td>Antibrillo con revestimiento duro de 3h<\/td>\n<\/tr>\n<tr>\n<td>Resoluci\u00f3n m\u00e1xima predeterminada<\/td>\n<\/tr>\n<tr>\n<td>2560 \u00d7 1440 a 120 hz<\/td>\n<\/tr>\n<tr>\n<td>\u00e1ngulo de visi\u00f3n<\/td>\n<\/tr>\n<tr>\n<td>178\u00b0vertical\/178\u00b0\u00b0horizontal<\/td>\n<\/tr>\n<tr>\n<td>Separaci\u00f3n entre p\u00edxeles<\/td>\n<\/tr>\n<tr>\n<td>0,2331 \u00d7 0,2331 mm<\/td>\n<\/tr>\n<tr>\n<td>P\u00edxeles por pulgada (ppp)<\/td>\n<\/tr>\n<tr>\n<td>108,97<\/td>\n<\/tr>\n<tr>\n<td>Relaci\u00f3n de contraste<\/td>\n<\/tr>\n<tr>\n<td>2000 a 1 (t\u00edpica)<\/td>\n<\/tr>\n<tr>\n<td>Relaci\u00f3n de aspecto<\/td>\n<\/tr>\n<tr>\n<td>16:9<\/td>\n<\/tr>\n<tr>\n<td>Tecnolog\u00eda de retroiluminaci\u00f3n<\/td>\n<\/tr>\n<tr>\n<td>Syst\u00e8me d\u0092\u00e9clairage p\u00e9riph\u00e9rique \u00e0 led<\/td>\n<\/tr>\n<tr>\n<td>Brillo<\/td>\n<\/tr>\n<tr>\n<td>350 cd\/m2 (t\u00edpico)<\/td>\n<\/tr>\n<tr>\n<td>Preparado para hdr<\/td>\n<\/tr>\n<tr>\n<td>No<\/td>\n<\/tr>\n<tr>\n<td>Ambient light sensor (sensor de luz ambiental)<\/td>\n<\/tr>\n<tr>\n<td>S\u00ed, brillo autom\u00e1tico y temperatura del color regulable<\/td>\n<\/tr>\n<tr>\n<td>Compatibilidad crom\u00e1tica<\/td>\n<\/tr>\n<tr>\n<td>1070 millones de colores<\/td>\n<\/tr>\n<tr>\n<td>Gama de colores<\/td>\n<\/tr>\n<tr>\n<td>100 % de srgb, 100 % bt.709, 98 % de display p3, 98 % de dci-p3, delta e  2 (average) (srgb, bt.709, display p3, dci-p3)<\/td>\n<\/tr>\n<tr>\n<td>Interfaces<\/td>\n<\/tr>\n<tr>\n<td>1 dp 1.4 (drr para microsoft windows) (compatible con 2 qhd a 120 hz de 8 bits)<\/td>\n<\/tr>\n<tr>\n<td>1 dp 1.4 (salida)<\/td>\n<\/tr>\n<tr>\n<td>1 hdmi (hdcp 1.4) (compatible con hasta qhd 2560 \u00d7 1440 a 120 hz tmds, vrr seg\u00fan se especifica en hdmi 2.1)<\/td>\n<\/tr>\n<tr>\n<td>1 thunderbolt\u0099 4 descendente (15 w) solo para salida de v\u00eddeo en conexi\u00f3n en serie<\/td>\n<\/tr>\n<tr>\n<td>1 thunderbolt\u0099 4 ascendente (modo thunderbolt y modo alternativo con displayport 1.4, usb 3.2 de 2.\u00aa generaci\u00f3n ascendente, suministro de alimentaci\u00f3n [pd] hasta 90 w)<\/td>\n<\/tr>\n<tr>\n<td>1 usb-c ascendente (solo datos, usb 3.2 de 2.\u00aa generaci\u00f3n a 10 gbit\/s)<\/td>\n<\/tr>\n<tr>\n<td>3 usb-a (usb 3.2 de 2.\u00aa generaci\u00f3n a 10 gbit\/s)<\/td>\n<\/tr>\n<tr>\n<td>1 salida de l\u00ednea de audio<\/td>\n<\/tr>\n<tr>\n<td>1 rj45 puerto ethernet, 2.5gbe<\/td>\n<\/tr>\n<tr>\n<td>Acceso r\u00e1pido:<\/td>\n<\/tr>\n<tr>\n<td>1 usb-a (usb 3.2 de 2\u00aa generaci\u00f3n, 10 gbit\/s) con bc 1.2<\/td>\n<\/tr>\n<tr>\n<td>1 usb-c (usb 3.2 de 2.\u00aa generaci\u00f3n, 10 gbit\/s, 15 w)<\/td>\n<\/tr>\n<tr>\n<td>Altura regulable<\/td>\n<\/tr>\n<tr>\n<td>150 mm<\/td>\n<\/tr>\n<tr>\n<td>Inclinaci\u00f3n<\/td>\n<\/tr>\n<tr>\n<td>-5\u00b0\/+21\u00b0<\/td>\n<\/tr>\n<tr>\n<td>Basculaci\u00f3n<\/td>\n<\/tr>\n<tr>\n<td>-45\u00b0\/+45\u00b0<\/td>\n<\/tr>\n<tr>\n<td>Reclinaci\u00f3n<\/td>\n<\/tr>\n<tr>\n<td>-90\u00b0\/+90\u00b0<\/td>\n<\/tr>\n<tr>\n<td>Pbp\/pip<\/td>\n<\/tr>\n<tr>\n<td>S\u00ed<\/td>\n<\/tr>\n<tr>\n<td>Teclado, v\u00eddeo y rat\u00f3n (kvm)<\/td>\n<\/tr>\n<tr>\n<td>S\u00ed<\/td>\n<\/tr>\n<tr>\n<td>Cables incluidos<\/td>\n<\/tr>\n<tr>\n<td>1 cable de alimentaci\u00f3n<\/td>\n<\/tr>\n<tr>\n<td>1 cable dp (dp-dp), 1,8 m<\/td>\n<\/tr>\n<tr>\n<td>1 cable de usb-a a usb-c de 2.\u00aa generaci\u00f3n de 1 m<\/td>\n<\/tr>\n<tr>\n<td>1 cable thunderbolttm 4 (1 m)<\/td>\n<\/tr>\n<\/table>\n","protected":false},"excerpt":{"rendered":"<p>Disfruta de un nuevo nivel de comodidad visual y productividad gracias a este monitor con concentrador que ofrece una comodidad visual de 5 estrellas seg\u00fan la certificaci\u00f3n de t\u00fcv. Est\u00e1 dise\u00f1ado con amplias opciones de conectividad y la potencia de thunde. Upc: 884116452164. 3 a\u00f1os de servicio de recambio avanzado y premium panel exchange<\/p>\n","protected":false},"featured_media":259999,"comment_status":"open","ping_status":"open","template":"","meta":[],"product_cat":[1741,1740],"product_tag":[1537],"acf":[],"yoast_head":"<!-- This site is optimized with the Yoast SEO plugin v21.7 - https:\/\/yoast.com\/wordpress\/plugins\/seo\/ -->\n<title>[ Dell ] &#129351; 210-bksj Monitor Ultrasharp U2724de | 27 Led 2560 X 1440 120 Hz | Thunderbolt | Dp, Hdmi, Usb-c, Usb-a, Rj45 |<\/title>\n<meta name=\"description\" content=\"Compra 210-bksj Monitor Ultrasharp U2724de | 27 Led 2560 X 1440 120 Hz | Thunderbolt | Dp, Hdmi, Usb-c, Usb-a, Rj45 | + Env\u00edo a domicilio + Pago seguro + Garant\u00eda\" \/>\n<meta name=\"robots\" content=\"index, follow, max-snippet:-1, max-image-preview:large, max-video-preview:-1\" \/>\n<link rel=\"canonical\" href=\"https:\/\/compuviper.mx\/tienda\/producto\/dell-210-bksj-monitor-ultrasharp-u2724de-27-led-2560-x-1440-120-hz-thunderbolt-dp-hdmi-usb-c-usb-a-rj45\/\" \/>\n<meta property=\"og:locale\" content=\"es_MX\" \/>\n<meta property=\"og:type\" content=\"article\" \/>\n<meta property=\"og:title\" content=\"[ Dell ] &#129351; 210-bksj Monitor Ultrasharp U2724de | 27 Led 2560 X 1440 120 Hz | Thunderbolt | Dp, Hdmi, Usb-c, Usb-a, Rj45 |\" \/>\n<meta property=\"og:description\" content=\"Compra 210-bksj Monitor Ultrasharp U2724de | 27 Led 2560 X 1440 120 Hz | Thunderbolt | Dp, Hdmi, Usb-c, Usb-a, Rj45 | + Env\u00edo a domicilio + Pago seguro + Garant\u00eda\" \/>\n<meta property=\"og:url\" content=\"https:\/\/compuviper.mx\/tienda\/producto\/dell-210-bksj-monitor-ultrasharp-u2724de-27-led-2560-x-1440-120-hz-thunderbolt-dp-hdmi-usb-c-usb-a-rj45\/\" \/>\n<meta property=\"og:site_name\" content=\"Compuviper\" \/>\n<meta property=\"article:publisher\" content=\"https:\/\/www.facebook.com\/compuviper\" \/>\n<meta property=\"article:modified_time\" content=\"2026-04-02T06:51:32+00:00\" \/>\n<meta property=\"og:image\" content=\"https:\/\/compuviper.mx\/tienda\/wp-content\/uploads\/2025\/10\/Monitor-dell-ultrasharp-u2724de-27-led-2560-x-1440-120-hz-thunderbolt-dp-hdmi-usb-c-usb-a-rj45-210-bksj.jpg\" \/>\n\t<meta property=\"og:image:width\" content=\"200\" \/>\n\t<meta property=\"og:image:height\" content=\"200\" \/>\n\t<meta property=\"og:image:type\" content=\"image\/jpeg\" \/>\n<meta name=\"twitter:card\" content=\"summary_large_image\" \/>\n<meta name=\"twitter:label1\" content=\"Precio\" \/>\n\t<meta name=\"twitter:data1\" content=\"&#36;8,659 &#36;8,366 con IVA\" \/>\n\t<meta name=\"twitter:label2\" content=\"Availability\" \/>\n\t<meta name=\"twitter:data2\" content=\"Out of stock\" \/>\n<script type=\"application\/ld+json\" class=\"yoast-schema-graph\">{\"@context\":\"https:\/\/schema.org\",\"@graph\":[{\"@type\":\"WebPage\",\"@id\":\"https:\/\/compuviper.mx\/tienda\/producto\/dell-210-bksj-monitor-ultrasharp-u2724de-27-led-2560-x-1440-120-hz-thunderbolt-dp-hdmi-usb-c-usb-a-rj45\/\",\"url\":\"https:\/\/compuviper.mx\/tienda\/producto\/dell-210-bksj-monitor-ultrasharp-u2724de-27-led-2560-x-1440-120-hz-thunderbolt-dp-hdmi-usb-c-usb-a-rj45\/\",\"name\":\"[ Dell ] &#129351; 210-bksj Monitor Ultrasharp U2724de | 27 Led 2560 X 1440 120 Hz | Thunderbolt | Dp, Hdmi, Usb-c, Usb-a, Rj45 |\",\"isPartOf\":{\"@id\":\"https:\/\/compuviper.mx\/tienda\/#website\"},\"datePublished\":\"2026-04-02T06:51:31+00:00\",\"dateModified\":\"2026-04-02T06:51:32+00:00\",\"description\":\"Compra 210-bksj Monitor Ultrasharp U2724de | 27 Led 2560 X 1440 120 Hz | Thunderbolt | Dp, Hdmi, Usb-c, Usb-a, Rj45 | + Env\u00edo a domicilio + Pago seguro + Garant\u00eda\",\"breadcrumb\":{\"@id\":\"https:\/\/compuviper.mx\/tienda\/producto\/dell-210-bksj-monitor-ultrasharp-u2724de-27-led-2560-x-1440-120-hz-thunderbolt-dp-hdmi-usb-c-usb-a-rj45\/#breadcrumb\"},\"inLanguage\":\"es-MX\",\"potentialAction\":[{\"@type\":\"ReadAction\",\"target\":[\"https:\/\/compuviper.mx\/tienda\/producto\/dell-210-bksj-monitor-ultrasharp-u2724de-27-led-2560-x-1440-120-hz-thunderbolt-dp-hdmi-usb-c-usb-a-rj45\/\"]}]},{\"@type\":\"BreadcrumbList\",\"@id\":\"https:\/\/compuviper.mx\/tienda\/producto\/dell-210-bksj-monitor-ultrasharp-u2724de-27-led-2560-x-1440-120-hz-thunderbolt-dp-hdmi-usb-c-usb-a-rj45\/#breadcrumb\",\"itemListElement\":[{\"@type\":\"ListItem\",\"position\":1,\"name\":\"Inicio\",\"item\":\"https:\/\/compuviper.mx\/tienda\/\"},{\"@type\":\"ListItem\",\"position\":2,\"name\":\"Productos\",\"item\":\"https:\/\/compuviper.mx\/tienda\/productos\/\"},{\"@type\":\"ListItem\",\"position\":3,\"name\":\"Monitores\",\"item\":\"https:\/\/compuviper.mx\/tienda\/categoria-producto\/monitores\/\"},{\"@type\":\"ListItem\",\"position\":4,\"name\":\"Led\",\"item\":\"https:\/\/compuviper.mx\/tienda\/categoria-producto\/monitores\/led\/\"},{\"@type\":\"ListItem\",\"position\":5,\"name\":\"Dell 210-bksj Monitor Ultrasharp U2724de | 27 Led 2560 X 1440 120 Hz | Thunderbolt | Dp, Hdmi, Usb-c, Usb-a, Rj45 |\"}]},{\"@type\":\"WebSite\",\"@id\":\"https:\/\/compuviper.mx\/tienda\/#website\",\"url\":\"https:\/\/compuviper.mx\/tienda\/\",\"name\":\"Compuviper\",\"description\":\"Proveedor de Computadoras, Laptops, Servidores, Monitores, Puntos de Venta, Teclados,   Impresoras, T\u00f3ner, C\u00e1maras de Seguridad y m\u00e1s en tu tienda en l\u00ednea\",\"publisher\":{\"@id\":\"https:\/\/compuviper.mx\/tienda\/#organization\"},\"potentialAction\":[{\"@type\":\"SearchAction\",\"target\":{\"@type\":\"EntryPoint\",\"urlTemplate\":\"https:\/\/compuviper.mx\/tienda\/?s={search_term_string}\"},\"query-input\":\"required name=search_term_string\"}],\"inLanguage\":\"es-MX\"},{\"@type\":\"Organization\",\"@id\":\"https:\/\/compuviper.mx\/tienda\/#organization\",\"name\":\"Compuviper\",\"url\":\"https:\/\/compuviper.mx\/tienda\/\",\"logo\":{\"@type\":\"ImageObject\",\"inLanguage\":\"es-MX\",\"@id\":\"https:\/\/compuviper.mx\/tienda\/#\/schema\/logo\/image\/\",\"url\":\"https:\/\/compuviper.mx\/tienda\/wp-content\/uploads\/2021\/08\/Logo-Compuviper-10.png\",\"contentUrl\":\"https:\/\/compuviper.mx\/tienda\/wp-content\/uploads\/2021\/08\/Logo-Compuviper-10.png\",\"width\":1000,\"height\":500,\"caption\":\"Compuviper\"},\"image\":{\"@id\":\"https:\/\/compuviper.mx\/tienda\/#\/schema\/logo\/image\/\"},\"sameAs\":[\"https:\/\/www.facebook.com\/compuviper\",\"https:\/\/www.youtube.com\/channel\/UCf73dERp9Y3cfOq7q8BhLjA?view_as=subscriber\"]}]}<\/script>\n<meta property=\"product:brand\" content=\"DELL\" \/>\n<meta property=\"product:price:amount\" content=\"8366\" \/>\n<meta property=\"product:price:currency\" content=\"MXN\" \/>\n<meta property=\"og:availability\" content=\"out of stock\" \/>\n<meta property=\"product:availability\" content=\"out of stock\" \/>\n<meta property=\"product:retailer_item_id\" content=\"210-BKSJ\" \/>\n<meta property=\"product:condition\" content=\"new\" \/>\n<!-- \/ Yoast SEO plugin. -->","yoast_head_json":{"title":"[ Dell ] &#129351; 210-bksj Monitor Ultrasharp U2724de | 27 Led 2560 X 1440 120 Hz | Thunderbolt | Dp, Hdmi, Usb-c, Usb-a, Rj45 |","description":"Compra 210-bksj Monitor Ultrasharp U2724de | 27 Led 2560 X 1440 120 Hz | Thunderbolt | Dp, Hdmi, Usb-c, Usb-a, Rj45 | + Env\u00edo a domicilio + Pago seguro + Garant\u00eda","robots":{"index":"index","follow":"follow","max-snippet":"max-snippet:-1","max-image-preview":"max-image-preview:large","max-video-preview":"max-video-preview:-1"},"canonical":"https:\/\/compuviper.mx\/tienda\/producto\/dell-210-bksj-monitor-ultrasharp-u2724de-27-led-2560-x-1440-120-hz-thunderbolt-dp-hdmi-usb-c-usb-a-rj45\/","og_locale":"es_MX","og_type":"article","og_title":"[ Dell ] &#129351; 210-bksj Monitor Ultrasharp U2724de | 27 Led 2560 X 1440 120 Hz | Thunderbolt | Dp, Hdmi, Usb-c, Usb-a, Rj45 |","og_description":"Compra 210-bksj Monitor Ultrasharp U2724de | 27 Led 2560 X 1440 120 Hz | Thunderbolt | Dp, Hdmi, Usb-c, Usb-a, Rj45 | + Env\u00edo a domicilio + Pago seguro + Garant\u00eda","og_url":"https:\/\/compuviper.mx\/tienda\/producto\/dell-210-bksj-monitor-ultrasharp-u2724de-27-led-2560-x-1440-120-hz-thunderbolt-dp-hdmi-usb-c-usb-a-rj45\/","og_site_name":"Compuviper","article_publisher":"https:\/\/www.facebook.com\/compuviper","article_modified_time":"2026-04-02T06:51:32+00:00","og_image":[{"width":200,"height":200,"url":"https:\/\/compuviper.mx\/tienda\/wp-content\/uploads\/2025\/10\/Monitor-dell-ultrasharp-u2724de-27-led-2560-x-1440-120-hz-thunderbolt-dp-hdmi-usb-c-usb-a-rj45-210-bksj.jpg","type":"image\/jpeg"}],"twitter_card":"summary_large_image","twitter_misc":{"Precio":"&#36;8,659 &#36;8,366 con IVA","Availability":"Out of stock"},"schema":{"@context":"https:\/\/schema.org","@graph":[{"@type":"WebPage","@id":"https:\/\/compuviper.mx\/tienda\/producto\/dell-210-bksj-monitor-ultrasharp-u2724de-27-led-2560-x-1440-120-hz-thunderbolt-dp-hdmi-usb-c-usb-a-rj45\/","url":"https:\/\/compuviper.mx\/tienda\/producto\/dell-210-bksj-monitor-ultrasharp-u2724de-27-led-2560-x-1440-120-hz-thunderbolt-dp-hdmi-usb-c-usb-a-rj45\/","name":"[ Dell ] &#129351; 210-bksj Monitor Ultrasharp U2724de | 27 Led 2560 X 1440 120 Hz | Thunderbolt | Dp, Hdmi, Usb-c, Usb-a, Rj45 |","isPartOf":{"@id":"https:\/\/compuviper.mx\/tienda\/#website"},"datePublished":"2026-04-02T06:51:31+00:00","dateModified":"2026-04-02T06:51:32+00:00","description":"Compra 210-bksj Monitor Ultrasharp U2724de | 27 Led 2560 X 1440 120 Hz | Thunderbolt | Dp, Hdmi, Usb-c, Usb-a, Rj45 | + Env\u00edo a domicilio + Pago seguro + Garant\u00eda","breadcrumb":{"@id":"https:\/\/compuviper.mx\/tienda\/producto\/dell-210-bksj-monitor-ultrasharp-u2724de-27-led-2560-x-1440-120-hz-thunderbolt-dp-hdmi-usb-c-usb-a-rj45\/#breadcrumb"},"inLanguage":"es-MX","potentialAction":[{"@type":"ReadAction","target":["https:\/\/compuviper.mx\/tienda\/producto\/dell-210-bksj-monitor-ultrasharp-u2724de-27-led-2560-x-1440-120-hz-thunderbolt-dp-hdmi-usb-c-usb-a-rj45\/"]}]},{"@type":"BreadcrumbList","@id":"https:\/\/compuviper.mx\/tienda\/producto\/dell-210-bksj-monitor-ultrasharp-u2724de-27-led-2560-x-1440-120-hz-thunderbolt-dp-hdmi-usb-c-usb-a-rj45\/#breadcrumb","itemListElement":[{"@type":"ListItem","position":1,"name":"Inicio","item":"https:\/\/compuviper.mx\/tienda\/"},{"@type":"ListItem","position":2,"name":"Productos","item":"https:\/\/compuviper.mx\/tienda\/productos\/"},{"@type":"ListItem","position":3,"name":"Monitores","item":"https:\/\/compuviper.mx\/tienda\/categoria-producto\/monitores\/"},{"@type":"ListItem","position":4,"name":"Led","item":"https:\/\/compuviper.mx\/tienda\/categoria-producto\/monitores\/led\/"},{"@type":"ListItem","position":5,"name":"Dell 210-bksj Monitor Ultrasharp U2724de | 27 Led 2560 X 1440 120 Hz | Thunderbolt | Dp, Hdmi, Usb-c, Usb-a, Rj45 |"}]},{"@type":"WebSite","@id":"https:\/\/compuviper.mx\/tienda\/#website","url":"https:\/\/compuviper.mx\/tienda\/","name":"Compuviper","description":"Proveedor de Computadoras, Laptops, Servidores, Monitores, Puntos de Venta, Teclados,   Impresoras, T\u00f3ner, C\u00e1maras de Seguridad y m\u00e1s en tu tienda en l\u00ednea","publisher":{"@id":"https:\/\/compuviper.mx\/tienda\/#organization"},"potentialAction":[{"@type":"SearchAction","target":{"@type":"EntryPoint","urlTemplate":"https:\/\/compuviper.mx\/tienda\/?s={search_term_string}"},"query-input":"required name=search_term_string"}],"inLanguage":"es-MX"},{"@type":"Organization","@id":"https:\/\/compuviper.mx\/tienda\/#organization","name":"Compuviper","url":"https:\/\/compuviper.mx\/tienda\/","logo":{"@type":"ImageObject","inLanguage":"es-MX","@id":"https:\/\/compuviper.mx\/tienda\/#\/schema\/logo\/image\/","url":"https:\/\/compuviper.mx\/tienda\/wp-content\/uploads\/2021\/08\/Logo-Compuviper-10.png","contentUrl":"https:\/\/compuviper.mx\/tienda\/wp-content\/uploads\/2021\/08\/Logo-Compuviper-10.png","width":1000,"height":500,"caption":"Compuviper"},"image":{"@id":"https:\/\/compuviper.mx\/tienda\/#\/schema\/logo\/image\/"},"sameAs":["https:\/\/www.facebook.com\/compuviper","https:\/\/www.youtube.com\/channel\/UCf73dERp9Y3cfOq7q8BhLjA?view_as=subscriber"]}]},"product_brand":"DELL","product_price_amount":"8366","product_price_currency":"MXN","og_availability":"out of stock","product_availability":"out of stock","product_retailer_item_id":"210-BKSJ","product_condition":"new"},"_links":{"self":[{"href":"https:\/\/compuviper.mx\/tienda\/wp-json\/wp\/v2\/product\/256508"}],"collection":[{"href":"https:\/\/compuviper.mx\/tienda\/wp-json\/wp\/v2\/product"}],"about":[{"href":"https:\/\/compuviper.mx\/tienda\/wp-json\/wp\/v2\/types\/product"}],"replies":[{"embeddable":true,"href":"https:\/\/compuviper.mx\/tienda\/wp-json\/wp\/v2\/comments?post=256508"}],"wp:featuredmedia":[{"embeddable":true,"href":"https:\/\/compuviper.mx\/tienda\/wp-json\/wp\/v2\/media\/259999"}],"wp:attachment":[{"href":"https:\/\/compuviper.mx\/tienda\/wp-json\/wp\/v2\/media?parent=256508"}],"wp:term":[{"taxonomy":"product_cat","embeddable":true,"href":"https:\/\/compuviper.mx\/tienda\/wp-json\/wp\/v2\/product_cat?post=256508"},{"taxonomy":"product_tag","embeddable":true,"href":"https:\/\/compuviper.mx\/tienda\/wp-json\/wp\/v2\/product_tag?post=256508"}],"curies":[{"name":"wp","href":"https:\/\/api.w.org\/{rel}","templated":true}]}}