{"id":256492,"date":"2026-04-20T23:18:18","date_gmt":"2026-04-21T05:18:18","guid":{"rendered":"https:\/\/compuviper.mx\/tienda\/producto\/ec-line-ec-byl-2003u2-docking-station-12-en-112-en-1-usb-c-macho-hdmi-4k-vga-usb-a-usb-c-pd-100-w-rj45-lector-sd-micro-sd-audio-3-5-mm-gris\/"},"modified":"2026-04-20T23:18:18","modified_gmt":"2026-04-21T05:18:18","slug":"ec-line-ec-byl-2003u2-docking-station-12-en-1-gris-usb-c-macho-hdmi-4k-vga-usb-a-usb-c-pd-100-w-rj45-lector-sd-micro-sd-audio-3-5-mm","status":"publish","type":"product","link":"https:\/\/compuviper.mx\/tienda\/producto\/ec-line-ec-byl-2003u2-docking-station-12-en-1-gris-usb-c-macho-hdmi-4k-vga-usb-a-usb-c-pd-100-w-rj45-lector-sd-micro-sd-audio-3-5-mm\/","title":{"rendered":"Ec Line Ec-byl-2003u2 Docking Station  , 12 En 1, Gris, Usb-c Macho, Hdmi 4k, Vga, Usb-a, Usb-c Pd 100 W, Rj45, Lector Sd\/micro-sd, Audio 3.5 Mm"},"content":{"rendered":"<table class=\"descripcion\">\n<tr>\n<td>El ec-byl-2003u2 es una estaci\u00f3n de conexi\u00f3n (docking station) usb-c de 12 puertos, con cuerpo de aluminio y abs que tambi\u00e9n sirve como base elevadora para laptop. incluye dos salidas hdmi 4k @ 30 hz (sst y mst), una vga 1080p, tres puertos usb-a (uno usb 3.0 y dos usb 2.0), dos puertos usb-c (uno con carga pd de hasta 100 w), lector de tarjetas sd\/micro-sd, ethernet 10\/100 mbps y jack de audio de 3,5 mm. soporta altos anchos de banda (usb 3.0 hasta 5 gbps), carga mientras expande puertos y es compatible con windows y mac os<\/td>\n<\/tr>\n<\/table>\n","protected":false},"excerpt":{"rendered":"<p>La ec-byl-2003u2 es m\u00e1s que un hub: es tu centro de productividad y elegancia. Con un elegante chasis de aluminio y abs que tambi\u00e9n sirve como base elevada para tu laptop, combina funcionalidad y dise\u00f1o en un solo dispositivo. Disfruta de hasta dos salidas hdmi 4k @ 30 hz, soporte mst para m\u00faltiples pantallas y una salida vga 1080p para m\u00e1xima disponibilidad. Carga tu equipo a toda velocidad gracias a la usb-c con power delivery de hasta 100 w, mientras conectas tus perif\u00e9ricos por medio de puertos usb-a 3.0, usb-a 2.0 y usb-c. Adem\u00e1s, integra ethernet rj45, lector de tarjetas sd\/micro-sd y audio de 3.5 mm para que no te falte nada. Compacto, plug-and-play y listo para impulsar tu productividad en cualquier entorno.<\/p>\n","protected":false},"featured_media":258941,"comment_status":"open","ping_status":"open","template":"","meta":[],"product_cat":[1485,1497],"product_tag":[1600],"acf":[],"yoast_head":"<!-- This site is optimized with the Yoast SEO plugin v21.7 - https:\/\/yoast.com\/wordpress\/plugins\/seo\/ -->\n<title>[ Ec Line ] &#129351; Ec-byl-2003u2 Docking Station , 12 En 1, Gris, Usb-c Macho, Hdmi 4k, Vga, Usb-a, Usb-c Pd 100 W, Rj45, Lector Sd\/micro-sd, Audio 3.5 Mm<\/title>\n<meta name=\"description\" content=\"Compra Ec-byl-2003u2 Docking Station , 12 En 1, Gris, Usb-c Macho, Hdmi 4k, Vga, Usb-a, Usb-c Pd 100 W, Rj45, Lector Sd\/micro-sd, Audio 3.5 Mm + Env\u00edo a domicilio + Pago seguro + Garant\u00eda\" \/>\n<meta name=\"robots\" content=\"index, follow, max-snippet:-1, max-image-preview:large, max-video-preview:-1\" \/>\n<link rel=\"canonical\" href=\"https:\/\/compuviper.mx\/tienda\/producto\/ec-line-ec-byl-2003u2-docking-station-12-en-1-gris-usb-c-macho-hdmi-4k-vga-usb-a-usb-c-pd-100-w-rj45-lector-sd-micro-sd-audio-3-5-mm\/\" \/>\n<meta property=\"og:locale\" content=\"es_MX\" \/>\n<meta property=\"og:type\" content=\"article\" \/>\n<meta property=\"og:title\" content=\"[ Ec Line ] &#129351; Ec-byl-2003u2 Docking Station , 12 En 1, Gris, Usb-c Macho, Hdmi 4k, Vga, Usb-a, Usb-c Pd 100 W, Rj45, Lector Sd\/micro-sd, Audio 3.5 Mm\" \/>\n<meta property=\"og:description\" content=\"Compra Ec-byl-2003u2 Docking Station , 12 En 1, Gris, Usb-c Macho, Hdmi 4k, Vga, Usb-a, Usb-c Pd 100 W, Rj45, Lector Sd\/micro-sd, Audio 3.5 Mm + Env\u00edo a domicilio + Pago seguro + Garant\u00eda\" \/>\n<meta property=\"og:url\" content=\"https:\/\/compuviper.mx\/tienda\/producto\/ec-line-ec-byl-2003u2-docking-station-12-en-1-gris-usb-c-macho-hdmi-4k-vga-usb-a-usb-c-pd-100-w-rj45-lector-sd-micro-sd-audio-3-5-mm\/\" \/>\n<meta property=\"og:site_name\" content=\"Compuviper\" \/>\n<meta property=\"article:publisher\" content=\"https:\/\/www.facebook.com\/compuviper\" \/>\n<meta property=\"og:image\" content=\"https:\/\/compuviper.mx\/tienda\/wp-content\/uploads\/2025\/10\/Docking-station-ec-line-ec-byl-2003u2-12-en-1-usb-c-macho-hdmi-4k-vga-usb-a-usb-c-pd-100-w-rj45-lector-sdmicro-sd-audio-3.5-mm-gris.jpg\" \/>\n\t<meta property=\"og:image:width\" content=\"200\" \/>\n\t<meta property=\"og:image:height\" content=\"200\" \/>\n\t<meta property=\"og:image:type\" content=\"image\/jpeg\" \/>\n<meta name=\"twitter:card\" content=\"summary_large_image\" \/>\n<meta name=\"twitter:label1\" content=\"Precio\" \/>\n\t<meta name=\"twitter:data1\" content=\"&#36;860 con IVA\" \/>\n\t<meta name=\"twitter:label2\" content=\"Availability\" \/>\n\t<meta name=\"twitter:data2\" content=\"Out of stock\" \/>\n<script type=\"application\/ld+json\" class=\"yoast-schema-graph\">{\"@context\":\"https:\/\/schema.org\",\"@graph\":[{\"@type\":\"WebPage\",\"@id\":\"https:\/\/compuviper.mx\/tienda\/producto\/ec-line-ec-byl-2003u2-docking-station-12-en-1-gris-usb-c-macho-hdmi-4k-vga-usb-a-usb-c-pd-100-w-rj45-lector-sd-micro-sd-audio-3-5-mm\/\",\"url\":\"https:\/\/compuviper.mx\/tienda\/producto\/ec-line-ec-byl-2003u2-docking-station-12-en-1-gris-usb-c-macho-hdmi-4k-vga-usb-a-usb-c-pd-100-w-rj45-lector-sd-micro-sd-audio-3-5-mm\/\",\"name\":\"[ Ec Line ] &#129351; Ec-byl-2003u2 Docking Station , 12 En 1, Gris, Usb-c Macho, Hdmi 4k, Vga, Usb-a, Usb-c Pd 100 W, Rj45, Lector Sd\/micro-sd, Audio 3.5 Mm\",\"isPartOf\":{\"@id\":\"https:\/\/compuviper.mx\/tienda\/#website\"},\"datePublished\":\"2026-04-21T05:18:18+00:00\",\"dateModified\":\"2026-04-21T05:18:18+00:00\",\"description\":\"Compra Ec-byl-2003u2 Docking Station , 12 En 1, Gris, Usb-c Macho, Hdmi 4k, Vga, Usb-a, Usb-c Pd 100 W, Rj45, Lector Sd\/micro-sd, Audio 3.5 Mm + Env\u00edo a domicilio + Pago seguro + Garant\u00eda\",\"breadcrumb\":{\"@id\":\"https:\/\/compuviper.mx\/tienda\/producto\/ec-line-ec-byl-2003u2-docking-station-12-en-1-gris-usb-c-macho-hdmi-4k-vga-usb-a-usb-c-pd-100-w-rj45-lector-sd-micro-sd-audio-3-5-mm\/#breadcrumb\"},\"inLanguage\":\"es-MX\",\"potentialAction\":[{\"@type\":\"ReadAction\",\"target\":[\"https:\/\/compuviper.mx\/tienda\/producto\/ec-line-ec-byl-2003u2-docking-station-12-en-1-gris-usb-c-macho-hdmi-4k-vga-usb-a-usb-c-pd-100-w-rj45-lector-sd-micro-sd-audio-3-5-mm\/\"]}]},{\"@type\":\"BreadcrumbList\",\"@id\":\"https:\/\/compuviper.mx\/tienda\/producto\/ec-line-ec-byl-2003u2-docking-station-12-en-1-gris-usb-c-macho-hdmi-4k-vga-usb-a-usb-c-pd-100-w-rj45-lector-sd-micro-sd-audio-3-5-mm\/#breadcrumb\",\"itemListElement\":[{\"@type\":\"ListItem\",\"position\":1,\"name\":\"Inicio\",\"item\":\"https:\/\/compuviper.mx\/tienda\/\"},{\"@type\":\"ListItem\",\"position\":2,\"name\":\"Productos\",\"item\":\"https:\/\/compuviper.mx\/tienda\/productos\/\"},{\"@type\":\"ListItem\",\"position\":3,\"name\":\"Accesorios\",\"item\":\"https:\/\/compuviper.mx\/tienda\/categoria-producto\/accesorios\/\"},{\"@type\":\"ListItem\",\"position\":4,\"name\":\"Hub Usb\",\"item\":\"https:\/\/compuviper.mx\/tienda\/categoria-producto\/accesorios\/hub-usb\/\"},{\"@type\":\"ListItem\",\"position\":5,\"name\":\"Ec Line Ec-byl-2003u2 Docking Station , 12 En 1, Gris, Usb-c Macho, Hdmi 4k, Vga, Usb-a, Usb-c Pd 100 W, Rj45, Lector Sd\/micro-sd, Audio 3.5 Mm\"}]},{\"@type\":\"WebSite\",\"@id\":\"https:\/\/compuviper.mx\/tienda\/#website\",\"url\":\"https:\/\/compuviper.mx\/tienda\/\",\"name\":\"Compuviper\",\"description\":\"Proveedor de Computadoras, Laptops, Servidores, Monitores, Puntos de Venta, Teclados,   Impresoras, T\u00f3ner, C\u00e1maras de Seguridad y m\u00e1s en tu tienda en l\u00ednea\",\"publisher\":{\"@id\":\"https:\/\/compuviper.mx\/tienda\/#organization\"},\"potentialAction\":[{\"@type\":\"SearchAction\",\"target\":{\"@type\":\"EntryPoint\",\"urlTemplate\":\"https:\/\/compuviper.mx\/tienda\/?s={search_term_string}\"},\"query-input\":\"required name=search_term_string\"}],\"inLanguage\":\"es-MX\"},{\"@type\":\"Organization\",\"@id\":\"https:\/\/compuviper.mx\/tienda\/#organization\",\"name\":\"Compuviper\",\"url\":\"https:\/\/compuviper.mx\/tienda\/\",\"logo\":{\"@type\":\"ImageObject\",\"inLanguage\":\"es-MX\",\"@id\":\"https:\/\/compuviper.mx\/tienda\/#\/schema\/logo\/image\/\",\"url\":\"https:\/\/compuviper.mx\/tienda\/wp-content\/uploads\/2021\/08\/Logo-Compuviper-10.png\",\"contentUrl\":\"https:\/\/compuviper.mx\/tienda\/wp-content\/uploads\/2021\/08\/Logo-Compuviper-10.png\",\"width\":1000,\"height\":500,\"caption\":\"Compuviper\"},\"image\":{\"@id\":\"https:\/\/compuviper.mx\/tienda\/#\/schema\/logo\/image\/\"},\"sameAs\":[\"https:\/\/www.facebook.com\/compuviper\",\"https:\/\/www.youtube.com\/channel\/UCf73dERp9Y3cfOq7q8BhLjA?view_as=subscriber\"]}]}<\/script>\n<meta property=\"product:brand\" content=\"EC LINE\" \/>\n<meta property=\"product:price:amount\" content=\"860\" \/>\n<meta property=\"product:price:currency\" content=\"MXN\" \/>\n<meta property=\"og:availability\" content=\"out of stock\" \/>\n<meta property=\"product:availability\" content=\"out of stock\" \/>\n<meta property=\"product:retailer_item_id\" content=\"EC-BYL-2003U2\" \/>\n<meta property=\"product:condition\" content=\"new\" \/>\n<!-- \/ Yoast SEO plugin. -->","yoast_head_json":{"title":"[ Ec Line ] &#129351; Ec-byl-2003u2 Docking Station , 12 En 1, Gris, Usb-c Macho, Hdmi 4k, Vga, Usb-a, Usb-c Pd 100 W, Rj45, Lector Sd\/micro-sd, Audio 3.5 Mm","description":"Compra Ec-byl-2003u2 Docking Station , 12 En 1, Gris, Usb-c Macho, Hdmi 4k, Vga, Usb-a, Usb-c Pd 100 W, Rj45, Lector Sd\/micro-sd, Audio 3.5 Mm + Env\u00edo a domicilio + Pago seguro + Garant\u00eda","robots":{"index":"index","follow":"follow","max-snippet":"max-snippet:-1","max-image-preview":"max-image-preview:large","max-video-preview":"max-video-preview:-1"},"canonical":"https:\/\/compuviper.mx\/tienda\/producto\/ec-line-ec-byl-2003u2-docking-station-12-en-1-gris-usb-c-macho-hdmi-4k-vga-usb-a-usb-c-pd-100-w-rj45-lector-sd-micro-sd-audio-3-5-mm\/","og_locale":"es_MX","og_type":"article","og_title":"[ Ec Line ] &#129351; Ec-byl-2003u2 Docking Station , 12 En 1, Gris, Usb-c Macho, Hdmi 4k, Vga, Usb-a, Usb-c Pd 100 W, Rj45, Lector Sd\/micro-sd, Audio 3.5 Mm","og_description":"Compra Ec-byl-2003u2 Docking Station , 12 En 1, Gris, Usb-c Macho, Hdmi 4k, Vga, Usb-a, Usb-c Pd 100 W, Rj45, Lector Sd\/micro-sd, Audio 3.5 Mm + Env\u00edo a domicilio + Pago seguro + Garant\u00eda","og_url":"https:\/\/compuviper.mx\/tienda\/producto\/ec-line-ec-byl-2003u2-docking-station-12-en-1-gris-usb-c-macho-hdmi-4k-vga-usb-a-usb-c-pd-100-w-rj45-lector-sd-micro-sd-audio-3-5-mm\/","og_site_name":"Compuviper","article_publisher":"https:\/\/www.facebook.com\/compuviper","og_image":[{"width":200,"height":200,"url":"https:\/\/compuviper.mx\/tienda\/wp-content\/uploads\/2025\/10\/Docking-station-ec-line-ec-byl-2003u2-12-en-1-usb-c-macho-hdmi-4k-vga-usb-a-usb-c-pd-100-w-rj45-lector-sdmicro-sd-audio-3.5-mm-gris.jpg","type":"image\/jpeg"}],"twitter_card":"summary_large_image","twitter_misc":{"Precio":"&#36;860 con IVA","Availability":"Out of stock"},"schema":{"@context":"https:\/\/schema.org","@graph":[{"@type":"WebPage","@id":"https:\/\/compuviper.mx\/tienda\/producto\/ec-line-ec-byl-2003u2-docking-station-12-en-1-gris-usb-c-macho-hdmi-4k-vga-usb-a-usb-c-pd-100-w-rj45-lector-sd-micro-sd-audio-3-5-mm\/","url":"https:\/\/compuviper.mx\/tienda\/producto\/ec-line-ec-byl-2003u2-docking-station-12-en-1-gris-usb-c-macho-hdmi-4k-vga-usb-a-usb-c-pd-100-w-rj45-lector-sd-micro-sd-audio-3-5-mm\/","name":"[ Ec Line ] &#129351; Ec-byl-2003u2 Docking Station , 12 En 1, Gris, Usb-c Macho, Hdmi 4k, Vga, Usb-a, Usb-c Pd 100 W, Rj45, Lector Sd\/micro-sd, Audio 3.5 Mm","isPartOf":{"@id":"https:\/\/compuviper.mx\/tienda\/#website"},"datePublished":"2026-04-21T05:18:18+00:00","dateModified":"2026-04-21T05:18:18+00:00","description":"Compra Ec-byl-2003u2 Docking Station , 12 En 1, Gris, Usb-c Macho, Hdmi 4k, Vga, Usb-a, Usb-c Pd 100 W, Rj45, Lector Sd\/micro-sd, Audio 3.5 Mm + Env\u00edo a domicilio + Pago seguro + Garant\u00eda","breadcrumb":{"@id":"https:\/\/compuviper.mx\/tienda\/producto\/ec-line-ec-byl-2003u2-docking-station-12-en-1-gris-usb-c-macho-hdmi-4k-vga-usb-a-usb-c-pd-100-w-rj45-lector-sd-micro-sd-audio-3-5-mm\/#breadcrumb"},"inLanguage":"es-MX","potentialAction":[{"@type":"ReadAction","target":["https:\/\/compuviper.mx\/tienda\/producto\/ec-line-ec-byl-2003u2-docking-station-12-en-1-gris-usb-c-macho-hdmi-4k-vga-usb-a-usb-c-pd-100-w-rj45-lector-sd-micro-sd-audio-3-5-mm\/"]}]},{"@type":"BreadcrumbList","@id":"https:\/\/compuviper.mx\/tienda\/producto\/ec-line-ec-byl-2003u2-docking-station-12-en-1-gris-usb-c-macho-hdmi-4k-vga-usb-a-usb-c-pd-100-w-rj45-lector-sd-micro-sd-audio-3-5-mm\/#breadcrumb","itemListElement":[{"@type":"ListItem","position":1,"name":"Inicio","item":"https:\/\/compuviper.mx\/tienda\/"},{"@type":"ListItem","position":2,"name":"Productos","item":"https:\/\/compuviper.mx\/tienda\/productos\/"},{"@type":"ListItem","position":3,"name":"Accesorios","item":"https:\/\/compuviper.mx\/tienda\/categoria-producto\/accesorios\/"},{"@type":"ListItem","position":4,"name":"Hub Usb","item":"https:\/\/compuviper.mx\/tienda\/categoria-producto\/accesorios\/hub-usb\/"},{"@type":"ListItem","position":5,"name":"Ec Line Ec-byl-2003u2 Docking Station , 12 En 1, Gris, Usb-c Macho, Hdmi 4k, Vga, Usb-a, Usb-c Pd 100 W, Rj45, Lector Sd\/micro-sd, Audio 3.5 Mm"}]},{"@type":"WebSite","@id":"https:\/\/compuviper.mx\/tienda\/#website","url":"https:\/\/compuviper.mx\/tienda\/","name":"Compuviper","description":"Proveedor de Computadoras, Laptops, Servidores, Monitores, Puntos de Venta, Teclados,   Impresoras, T\u00f3ner, C\u00e1maras de Seguridad y m\u00e1s en tu tienda en l\u00ednea","publisher":{"@id":"https:\/\/compuviper.mx\/tienda\/#organization"},"potentialAction":[{"@type":"SearchAction","target":{"@type":"EntryPoint","urlTemplate":"https:\/\/compuviper.mx\/tienda\/?s={search_term_string}"},"query-input":"required name=search_term_string"}],"inLanguage":"es-MX"},{"@type":"Organization","@id":"https:\/\/compuviper.mx\/tienda\/#organization","name":"Compuviper","url":"https:\/\/compuviper.mx\/tienda\/","logo":{"@type":"ImageObject","inLanguage":"es-MX","@id":"https:\/\/compuviper.mx\/tienda\/#\/schema\/logo\/image\/","url":"https:\/\/compuviper.mx\/tienda\/wp-content\/uploads\/2021\/08\/Logo-Compuviper-10.png","contentUrl":"https:\/\/compuviper.mx\/tienda\/wp-content\/uploads\/2021\/08\/Logo-Compuviper-10.png","width":1000,"height":500,"caption":"Compuviper"},"image":{"@id":"https:\/\/compuviper.mx\/tienda\/#\/schema\/logo\/image\/"},"sameAs":["https:\/\/www.facebook.com\/compuviper","https:\/\/www.youtube.com\/channel\/UCf73dERp9Y3cfOq7q8BhLjA?view_as=subscriber"]}]},"product_brand":"EC LINE","product_price_amount":"860","product_price_currency":"MXN","og_availability":"out of stock","product_availability":"out of stock","product_retailer_item_id":"EC-BYL-2003U2","product_condition":"new"},"_links":{"self":[{"href":"https:\/\/compuviper.mx\/tienda\/wp-json\/wp\/v2\/product\/256492"}],"collection":[{"href":"https:\/\/compuviper.mx\/tienda\/wp-json\/wp\/v2\/product"}],"about":[{"href":"https:\/\/compuviper.mx\/tienda\/wp-json\/wp\/v2\/types\/product"}],"replies":[{"embeddable":true,"href":"https:\/\/compuviper.mx\/tienda\/wp-json\/wp\/v2\/comments?post=256492"}],"wp:featuredmedia":[{"embeddable":true,"href":"https:\/\/compuviper.mx\/tienda\/wp-json\/wp\/v2\/media\/258941"}],"wp:attachment":[{"href":"https:\/\/compuviper.mx\/tienda\/wp-json\/wp\/v2\/media?parent=256492"}],"wp:term":[{"taxonomy":"product_cat","embeddable":true,"href":"https:\/\/compuviper.mx\/tienda\/wp-json\/wp\/v2\/product_cat?post=256492"},{"taxonomy":"product_tag","embeddable":true,"href":"https:\/\/compuviper.mx\/tienda\/wp-json\/wp\/v2\/product_tag?post=256492"}],"curies":[{"name":"wp","href":"https:\/\/api.w.org\/{rel}","templated":true}]}}