{"id":256485,"date":"2026-04-02T01:51:52","date_gmt":"2026-04-02T07:51:52","guid":{"rendered":"https:\/\/compuviper.mx\/tienda\/producto\/dell-ac830717-memoria-ram-32gb-ddr5-5600-mt-s-rdimm-para-servidores-t560-r660xs-r660-r760xs-r760\/"},"modified":"2026-04-02T01:51:53","modified_gmt":"2026-04-02T07:51:53","slug":"dell-ac830717-memoria-ram-32gb-ddr5-5600-mt-s-rdimm-para-servidores-t560-r660xs-r660-r760xs-r760","status":"publish","type":"product","link":"https:\/\/compuviper.mx\/tienda\/producto\/dell-ac830717-memoria-ram-32gb-ddr5-5600-mt-s-rdimm-para-servidores-t560-r660xs-r660-r760xs-r760\/","title":{"rendered":"Dell Ac830717 Memoria Ram  () 32gb\/ Ddr5 \/ 5600 Mt\/s Rdimm Para Servidores  T560, R660xs, R660, R760xs, R760"},"content":{"rendered":"<table class=\"descripcion\">\n<tr>\n<td>32gb<\/td>\n<\/tr>\n<tr>\n<td>Velocidad 5600 mts<\/td>\n<\/tr>\n<tr>\n<td>Ddr5<\/td>\n<\/tr>\n<tr>\n<td>Rdimm<\/td>\n<\/tr>\n<tr>\n<td>Modelos compatibles<\/td>\n<\/tr>\n<tr>\n<td>Poweredge r660<\/td>\n<\/tr>\n<tr>\n<td>Poweredge r660xs<\/td>\n<\/tr>\n<tr>\n<td>Poweredge r6615<\/td>\n<\/tr>\n<tr>\n<td>Poweredge r6625<\/td>\n<\/tr>\n<tr>\n<td>Poweredge r760<\/td>\n<\/tr>\n<tr>\n<td>Poweredge r760xa<\/td>\n<\/tr>\n<tr>\n<td>Poweredge r760xd2<\/td>\n<\/tr>\n<tr>\n<td>Poweredge r760xs<\/td>\n<\/tr>\n<tr>\n<td>Poweredge r7615<\/td>\n<\/tr>\n<tr>\n<td>Poweredge r7625<\/td>\n<\/tr>\n<tr>\n<td>Poweredge r860<\/td>\n<\/tr>\n<tr>\n<td>Poweredge r960<\/td>\n<\/tr>\n<tr>\n<td>Poweredge t560<\/td>\n<\/tr>\n<\/table>\n","protected":false},"excerpt":{"rendered":"<p>Las actualizaciones de memoria dell son las mismas piezas que usamos en los sistemas dell originales. Funcionar\u00e1n correctamente a la primera y garantizamos su compatibilidad. La memoria dell est\u00e1 fabricada utilizando piezas de calidad oem l\u00edderes en la industria. Solo los productos obtenidos en el primer paso son aceptables para cumplir con el est\u00e1ndar de alta calidad de dell, disponible \u00fanicamente cuando se compran a dell. Garant\u00eda. Nuestra garant\u00eda limitada de un a\u00f1o garantiza que si nuestra memoria dell alguna vez falla, la reemplazaremos. Dell memory significa que ya no tendr\u00e1 que preocuparse por anular la garant\u00eda del hardware de su sistema. Apoyo t\u00e9cnico. Nuestro experimentado personal de soporte t\u00e9cnico est\u00e1 disponible para responder cualquier pregunta relacionada con la actualizaci\u00f3n de su memoria dell. Es posible que el soporte t\u00e9cnico de dell no admita memorias que no sean de dell.<\/p>\n","protected":false},"featured_media":260688,"comment_status":"open","ping_status":"open","template":"","meta":[],"product_cat":[1797,1793],"product_tag":[1537],"acf":[],"yoast_head":"<!-- This site is optimized with the Yoast SEO plugin v21.7 - https:\/\/yoast.com\/wordpress\/plugins\/seo\/ -->\n<title>[ Dell ] &#129351; Ac830717 Memoria Ram () 32gb\/ Ddr5 \/ 5600 Mt\/s Rdimm Para Servidores T560, R660xs, R660, R760xs, R760<\/title>\n<meta name=\"description\" content=\"Compra Ac830717 Memoria Ram () 32gb\/ Ddr5 \/ 5600 Mt\/s Rdimm Para Servidores T560, R660xs, R660, R760xs, R760 + Env\u00edo a domicilio + Pago seguro + Garant\u00eda\" \/>\n<meta name=\"robots\" content=\"index, follow, max-snippet:-1, max-image-preview:large, max-video-preview:-1\" \/>\n<link rel=\"canonical\" href=\"https:\/\/compuviper.mx\/tienda\/producto\/dell-ac830717-memoria-ram-32gb-ddr5-5600-mt-s-rdimm-para-servidores-t560-r660xs-r660-r760xs-r760\/\" \/>\n<meta property=\"og:locale\" content=\"es_MX\" \/>\n<meta property=\"og:type\" content=\"article\" \/>\n<meta property=\"og:title\" content=\"[ Dell ] &#129351; Ac830717 Memoria Ram () 32gb\/ Ddr5 \/ 5600 Mt\/s Rdimm Para Servidores T560, R660xs, R660, R760xs, R760\" \/>\n<meta property=\"og:description\" content=\"Compra Ac830717 Memoria Ram () 32gb\/ Ddr5 \/ 5600 Mt\/s Rdimm Para Servidores T560, R660xs, R660, R760xs, R760 + Env\u00edo a domicilio + Pago seguro + Garant\u00eda\" \/>\n<meta property=\"og:url\" content=\"https:\/\/compuviper.mx\/tienda\/producto\/dell-ac830717-memoria-ram-32gb-ddr5-5600-mt-s-rdimm-para-servidores-t560-r660xs-r660-r760xs-r760\/\" \/>\n<meta property=\"og:site_name\" content=\"Compuviper\" \/>\n<meta property=\"article:publisher\" content=\"https:\/\/www.facebook.com\/compuviper\" \/>\n<meta property=\"article:modified_time\" content=\"2026-04-02T07:51:53+00:00\" \/>\n<meta property=\"og:image\" content=\"https:\/\/compuviper.mx\/tienda\/wp-content\/uploads\/2025\/10\/Memoria-ram-dell-ac830717-32gb-ddr5-5600-mts-rdimm-para-servidores-dell-t560-r660xs-r660-r760xs-r760.jpg\" \/>\n\t<meta property=\"og:image:width\" content=\"200\" \/>\n\t<meta property=\"og:image:height\" content=\"200\" \/>\n\t<meta property=\"og:image:type\" content=\"image\/jpeg\" \/>\n<meta name=\"twitter:card\" content=\"summary_large_image\" \/>\n<meta name=\"twitter:label1\" content=\"Precio\" \/>\n\t<meta name=\"twitter:data1\" content=\"&#36;9,025 con IVA\" \/>\n\t<meta name=\"twitter:label2\" content=\"Availability\" \/>\n\t<meta name=\"twitter:data2\" content=\"Out of stock\" \/>\n<script type=\"application\/ld+json\" class=\"yoast-schema-graph\">{\"@context\":\"https:\/\/schema.org\",\"@graph\":[{\"@type\":\"WebPage\",\"@id\":\"https:\/\/compuviper.mx\/tienda\/producto\/dell-ac830717-memoria-ram-32gb-ddr5-5600-mt-s-rdimm-para-servidores-t560-r660xs-r660-r760xs-r760\/\",\"url\":\"https:\/\/compuviper.mx\/tienda\/producto\/dell-ac830717-memoria-ram-32gb-ddr5-5600-mt-s-rdimm-para-servidores-t560-r660xs-r660-r760xs-r760\/\",\"name\":\"[ Dell ] &#129351; Ac830717 Memoria Ram () 32gb\/ Ddr5 \/ 5600 Mt\/s Rdimm Para Servidores T560, R660xs, R660, R760xs, R760\",\"isPartOf\":{\"@id\":\"https:\/\/compuviper.mx\/tienda\/#website\"},\"datePublished\":\"2026-04-02T07:51:52+00:00\",\"dateModified\":\"2026-04-02T07:51:53+00:00\",\"description\":\"Compra Ac830717 Memoria Ram () 32gb\/ Ddr5 \/ 5600 Mt\/s Rdimm Para Servidores T560, R660xs, R660, R760xs, R760 + Env\u00edo a domicilio + Pago seguro + Garant\u00eda\",\"breadcrumb\":{\"@id\":\"https:\/\/compuviper.mx\/tienda\/producto\/dell-ac830717-memoria-ram-32gb-ddr5-5600-mt-s-rdimm-para-servidores-t560-r660xs-r660-r760xs-r760\/#breadcrumb\"},\"inLanguage\":\"es-MX\",\"potentialAction\":[{\"@type\":\"ReadAction\",\"target\":[\"https:\/\/compuviper.mx\/tienda\/producto\/dell-ac830717-memoria-ram-32gb-ddr5-5600-mt-s-rdimm-para-servidores-t560-r660xs-r660-r760xs-r760\/\"]}]},{\"@type\":\"BreadcrumbList\",\"@id\":\"https:\/\/compuviper.mx\/tienda\/producto\/dell-ac830717-memoria-ram-32gb-ddr5-5600-mt-s-rdimm-para-servidores-t560-r660xs-r660-r760xs-r760\/#breadcrumb\",\"itemListElement\":[{\"@type\":\"ListItem\",\"position\":1,\"name\":\"Inicio\",\"item\":\"https:\/\/compuviper.mx\/tienda\/\"},{\"@type\":\"ListItem\",\"position\":2,\"name\":\"Productos\",\"item\":\"https:\/\/compuviper.mx\/tienda\/productos\/\"},{\"@type\":\"ListItem\",\"position\":3,\"name\":\"Memorias\",\"item\":\"https:\/\/compuviper.mx\/tienda\/categoria-producto\/memorias\/\"},{\"@type\":\"ListItem\",\"position\":4,\"name\":\"Memoria Ram\",\"item\":\"https:\/\/compuviper.mx\/tienda\/categoria-producto\/memorias\/memoria-ram\/\"},{\"@type\":\"ListItem\",\"position\":5,\"name\":\"Dell Ac830717 Memoria Ram () 32gb\/ Ddr5 \/ 5600 Mt\/s Rdimm Para Servidores T560, R660xs, R660, R760xs, R760\"}]},{\"@type\":\"WebSite\",\"@id\":\"https:\/\/compuviper.mx\/tienda\/#website\",\"url\":\"https:\/\/compuviper.mx\/tienda\/\",\"name\":\"Compuviper\",\"description\":\"Proveedor de Computadoras, Laptops, Servidores, Monitores, Puntos de Venta, Teclados,   Impresoras, T\u00f3ner, C\u00e1maras de Seguridad y m\u00e1s en tu tienda en l\u00ednea\",\"publisher\":{\"@id\":\"https:\/\/compuviper.mx\/tienda\/#organization\"},\"potentialAction\":[{\"@type\":\"SearchAction\",\"target\":{\"@type\":\"EntryPoint\",\"urlTemplate\":\"https:\/\/compuviper.mx\/tienda\/?s={search_term_string}\"},\"query-input\":\"required name=search_term_string\"}],\"inLanguage\":\"es-MX\"},{\"@type\":\"Organization\",\"@id\":\"https:\/\/compuviper.mx\/tienda\/#organization\",\"name\":\"Compuviper\",\"url\":\"https:\/\/compuviper.mx\/tienda\/\",\"logo\":{\"@type\":\"ImageObject\",\"inLanguage\":\"es-MX\",\"@id\":\"https:\/\/compuviper.mx\/tienda\/#\/schema\/logo\/image\/\",\"url\":\"https:\/\/compuviper.mx\/tienda\/wp-content\/uploads\/2021\/08\/Logo-Compuviper-10.png\",\"contentUrl\":\"https:\/\/compuviper.mx\/tienda\/wp-content\/uploads\/2021\/08\/Logo-Compuviper-10.png\",\"width\":1000,\"height\":500,\"caption\":\"Compuviper\"},\"image\":{\"@id\":\"https:\/\/compuviper.mx\/tienda\/#\/schema\/logo\/image\/\"},\"sameAs\":[\"https:\/\/www.facebook.com\/compuviper\",\"https:\/\/www.youtube.com\/channel\/UCf73dERp9Y3cfOq7q8BhLjA?view_as=subscriber\"]}]}<\/script>\n<meta property=\"product:brand\" content=\"DELL\" \/>\n<meta property=\"product:price:amount\" content=\"9025\" \/>\n<meta property=\"product:price:currency\" content=\"MXN\" \/>\n<meta property=\"og:availability\" content=\"out of stock\" \/>\n<meta property=\"product:availability\" content=\"out of stock\" \/>\n<meta property=\"product:retailer_item_id\" content=\"AC830717\" \/>\n<meta property=\"product:condition\" content=\"new\" \/>\n<!-- \/ Yoast SEO plugin. -->","yoast_head_json":{"title":"[ Dell ] &#129351; Ac830717 Memoria Ram () 32gb\/ Ddr5 \/ 5600 Mt\/s Rdimm Para Servidores T560, R660xs, R660, R760xs, R760","description":"Compra Ac830717 Memoria Ram () 32gb\/ Ddr5 \/ 5600 Mt\/s Rdimm Para Servidores T560, R660xs, R660, R760xs, R760 + Env\u00edo a domicilio + Pago seguro + Garant\u00eda","robots":{"index":"index","follow":"follow","max-snippet":"max-snippet:-1","max-image-preview":"max-image-preview:large","max-video-preview":"max-video-preview:-1"},"canonical":"https:\/\/compuviper.mx\/tienda\/producto\/dell-ac830717-memoria-ram-32gb-ddr5-5600-mt-s-rdimm-para-servidores-t560-r660xs-r660-r760xs-r760\/","og_locale":"es_MX","og_type":"article","og_title":"[ Dell ] &#129351; Ac830717 Memoria Ram () 32gb\/ Ddr5 \/ 5600 Mt\/s Rdimm Para Servidores T560, R660xs, R660, R760xs, R760","og_description":"Compra Ac830717 Memoria Ram () 32gb\/ Ddr5 \/ 5600 Mt\/s Rdimm Para Servidores T560, R660xs, R660, R760xs, R760 + Env\u00edo a domicilio + Pago seguro + Garant\u00eda","og_url":"https:\/\/compuviper.mx\/tienda\/producto\/dell-ac830717-memoria-ram-32gb-ddr5-5600-mt-s-rdimm-para-servidores-t560-r660xs-r660-r760xs-r760\/","og_site_name":"Compuviper","article_publisher":"https:\/\/www.facebook.com\/compuviper","article_modified_time":"2026-04-02T07:51:53+00:00","og_image":[{"width":200,"height":200,"url":"https:\/\/compuviper.mx\/tienda\/wp-content\/uploads\/2025\/10\/Memoria-ram-dell-ac830717-32gb-ddr5-5600-mts-rdimm-para-servidores-dell-t560-r660xs-r660-r760xs-r760.jpg","type":"image\/jpeg"}],"twitter_card":"summary_large_image","twitter_misc":{"Precio":"&#36;9,025 con IVA","Availability":"Out of stock"},"schema":{"@context":"https:\/\/schema.org","@graph":[{"@type":"WebPage","@id":"https:\/\/compuviper.mx\/tienda\/producto\/dell-ac830717-memoria-ram-32gb-ddr5-5600-mt-s-rdimm-para-servidores-t560-r660xs-r660-r760xs-r760\/","url":"https:\/\/compuviper.mx\/tienda\/producto\/dell-ac830717-memoria-ram-32gb-ddr5-5600-mt-s-rdimm-para-servidores-t560-r660xs-r660-r760xs-r760\/","name":"[ Dell ] &#129351; Ac830717 Memoria Ram () 32gb\/ Ddr5 \/ 5600 Mt\/s Rdimm Para Servidores T560, R660xs, R660, R760xs, R760","isPartOf":{"@id":"https:\/\/compuviper.mx\/tienda\/#website"},"datePublished":"2026-04-02T07:51:52+00:00","dateModified":"2026-04-02T07:51:53+00:00","description":"Compra Ac830717 Memoria Ram () 32gb\/ Ddr5 \/ 5600 Mt\/s Rdimm Para Servidores T560, R660xs, R660, R760xs, R760 + Env\u00edo a domicilio + Pago seguro + Garant\u00eda","breadcrumb":{"@id":"https:\/\/compuviper.mx\/tienda\/producto\/dell-ac830717-memoria-ram-32gb-ddr5-5600-mt-s-rdimm-para-servidores-t560-r660xs-r660-r760xs-r760\/#breadcrumb"},"inLanguage":"es-MX","potentialAction":[{"@type":"ReadAction","target":["https:\/\/compuviper.mx\/tienda\/producto\/dell-ac830717-memoria-ram-32gb-ddr5-5600-mt-s-rdimm-para-servidores-t560-r660xs-r660-r760xs-r760\/"]}]},{"@type":"BreadcrumbList","@id":"https:\/\/compuviper.mx\/tienda\/producto\/dell-ac830717-memoria-ram-32gb-ddr5-5600-mt-s-rdimm-para-servidores-t560-r660xs-r660-r760xs-r760\/#breadcrumb","itemListElement":[{"@type":"ListItem","position":1,"name":"Inicio","item":"https:\/\/compuviper.mx\/tienda\/"},{"@type":"ListItem","position":2,"name":"Productos","item":"https:\/\/compuviper.mx\/tienda\/productos\/"},{"@type":"ListItem","position":3,"name":"Memorias","item":"https:\/\/compuviper.mx\/tienda\/categoria-producto\/memorias\/"},{"@type":"ListItem","position":4,"name":"Memoria Ram","item":"https:\/\/compuviper.mx\/tienda\/categoria-producto\/memorias\/memoria-ram\/"},{"@type":"ListItem","position":5,"name":"Dell Ac830717 Memoria Ram () 32gb\/ Ddr5 \/ 5600 Mt\/s Rdimm Para Servidores T560, R660xs, R660, R760xs, R760"}]},{"@type":"WebSite","@id":"https:\/\/compuviper.mx\/tienda\/#website","url":"https:\/\/compuviper.mx\/tienda\/","name":"Compuviper","description":"Proveedor de Computadoras, Laptops, Servidores, Monitores, Puntos de Venta, Teclados,   Impresoras, T\u00f3ner, C\u00e1maras de Seguridad y m\u00e1s en tu tienda en l\u00ednea","publisher":{"@id":"https:\/\/compuviper.mx\/tienda\/#organization"},"potentialAction":[{"@type":"SearchAction","target":{"@type":"EntryPoint","urlTemplate":"https:\/\/compuviper.mx\/tienda\/?s={search_term_string}"},"query-input":"required name=search_term_string"}],"inLanguage":"es-MX"},{"@type":"Organization","@id":"https:\/\/compuviper.mx\/tienda\/#organization","name":"Compuviper","url":"https:\/\/compuviper.mx\/tienda\/","logo":{"@type":"ImageObject","inLanguage":"es-MX","@id":"https:\/\/compuviper.mx\/tienda\/#\/schema\/logo\/image\/","url":"https:\/\/compuviper.mx\/tienda\/wp-content\/uploads\/2021\/08\/Logo-Compuviper-10.png","contentUrl":"https:\/\/compuviper.mx\/tienda\/wp-content\/uploads\/2021\/08\/Logo-Compuviper-10.png","width":1000,"height":500,"caption":"Compuviper"},"image":{"@id":"https:\/\/compuviper.mx\/tienda\/#\/schema\/logo\/image\/"},"sameAs":["https:\/\/www.facebook.com\/compuviper","https:\/\/www.youtube.com\/channel\/UCf73dERp9Y3cfOq7q8BhLjA?view_as=subscriber"]}]},"product_brand":"DELL","product_price_amount":"9025","product_price_currency":"MXN","og_availability":"out of stock","product_availability":"out of stock","product_retailer_item_id":"AC830717","product_condition":"new"},"_links":{"self":[{"href":"https:\/\/compuviper.mx\/tienda\/wp-json\/wp\/v2\/product\/256485"}],"collection":[{"href":"https:\/\/compuviper.mx\/tienda\/wp-json\/wp\/v2\/product"}],"about":[{"href":"https:\/\/compuviper.mx\/tienda\/wp-json\/wp\/v2\/types\/product"}],"replies":[{"embeddable":true,"href":"https:\/\/compuviper.mx\/tienda\/wp-json\/wp\/v2\/comments?post=256485"}],"wp:featuredmedia":[{"embeddable":true,"href":"https:\/\/compuviper.mx\/tienda\/wp-json\/wp\/v2\/media\/260688"}],"wp:attachment":[{"href":"https:\/\/compuviper.mx\/tienda\/wp-json\/wp\/v2\/media?parent=256485"}],"wp:term":[{"taxonomy":"product_cat","embeddable":true,"href":"https:\/\/compuviper.mx\/tienda\/wp-json\/wp\/v2\/product_cat?post=256485"},{"taxonomy":"product_tag","embeddable":true,"href":"https:\/\/compuviper.mx\/tienda\/wp-json\/wp\/v2\/product_tag?post=256485"}],"curies":[{"name":"wp","href":"https:\/\/api.w.org\/{rel}","templated":true}]}}