{"id":256440,"date":"2026-04-02T01:15:29","date_gmt":"2026-04-02T07:15:29","guid":{"rendered":"https:\/\/compuviper.mx\/tienda\/producto\/lenovo-21ss0009lm-laptop-thinkpad-e16-gen-3-core-ultra-5-255h-4-3ghz-16gb-ddr5-512gb-ssd-16-wuxga-1920x1200-negro-win-11-pro-3yr-premier-support\/"},"modified":"2026-04-02T01:15:29","modified_gmt":"2026-04-02T07:15:29","slug":"lenovo-21ss0009lm-laptop-thinkpad-e16-gen-3-core-ultra-5-225h-4-3ghz-16gb-ddr5-512gb-ssd-16-wuxga-1920x1200-negro-win-11-pro-3yr-premier-support","status":"publish","type":"product","link":"https:\/\/compuviper.mx\/tienda\/producto\/lenovo-21ss0009lm-laptop-thinkpad-e16-gen-3-core-ultra-5-225h-4-3ghz-16gb-ddr5-512gb-ssd-16-wuxga-1920x1200-negro-win-11-pro-3yr-premier-support\/","title":{"rendered":"Lenovo 21ss0009lm Laptop  Thinkpad E16 Gen 3 \/ Core Ultra 5 225h 4.3ghz \/ 16gb Ddr5 \/ 512gb Ssd \/ 16 Wuxga 1920&#215;1200 \/ Negro \/ Win 11 Pro \/ 3yr Premier Support"},"content":{"rendered":"<table class=\"descripcion\">\n<tr>\n<td>Thinkpad e16 g3, intel\u00ae core\u0099 ultra 5 225h (e-cores up to 4.30ghz, 18mb), 16 wuxga non-touch, w11p64 sp\/mx\/en, 16.0gb, 1x512gb ssd m.2 2242 pcie gen4 tlc opal, intel\u00ae arc\u0099 130t gpu, bt 5.3,wi-fi 6e ax211, fpr, 720p hd rgb, 3 cell li-ion 48wh, 65w, 3yr premier nbd,1couriercarryin, black with number pad-spanish (la)<\/td>\n<\/tr>\n<\/table>\n","protected":false},"excerpt":{"rendered":"<p>Port\u00e1til basado en el rendimiento con eficiencia de ia, potencia smart y construcci\u00f3n robusta. Thinkpad e16 gen 3 (16 intel. Ver modelo. Port\u00e1til empresarial de alto rendimiento 40.64cm (16) fino, con ia. Productividad mejorada con los procesadores intel\u00ae core\u0099 ultra y gr\u00e1ficos impresionantes. F\u00e1cilmente actualizable a medida que tu negocio crece y las necesidades modernas evolucionan<\/p>\n","protected":false},"featured_media":260371,"comment_status":"open","ping_status":"open","template":"","meta":[],"product_cat":[1886,1887],"product_tag":[1578],"acf":[],"yoast_head":"<!-- This site is optimized with the Yoast SEO plugin v21.7 - https:\/\/yoast.com\/wordpress\/plugins\/seo\/ -->\n<title>[ Lenovo ] &#129351; 21ss0009lm Laptop Thinkpad E16 Gen 3 \/ Core Ultra 5 225h 4.3ghz \/ 16gb Ddr5 \/ 512gb Ssd \/ 16 Wuxga 1920x1200 \/ Negro \/ Win 11 Pro \/ 3yr Premier Support<\/title>\n<meta name=\"description\" content=\"Compra 21ss0009lm Laptop Thinkpad E16 Gen 3 \/ Core Ultra 5 225h 4.3ghz \/ 16gb Ddr5 \/ 512gb Ssd \/ 16 Wuxga 1920x1200 \/ Negro \/ Win 11 Pro \/ 3yr Premier Support + Env\u00edo a domicilio + Pago seguro + Garant\u00eda\" \/>\n<meta name=\"robots\" content=\"index, follow, max-snippet:-1, max-image-preview:large, max-video-preview:-1\" \/>\n<link rel=\"canonical\" href=\"https:\/\/compuviper.mx\/tienda\/producto\/lenovo-21ss0009lm-laptop-thinkpad-e16-gen-3-core-ultra-5-225h-4-3ghz-16gb-ddr5-512gb-ssd-16-wuxga-1920x1200-negro-win-11-pro-3yr-premier-support\/\" \/>\n<meta property=\"og:locale\" content=\"es_MX\" \/>\n<meta property=\"og:type\" content=\"article\" \/>\n<meta property=\"og:title\" content=\"[ Lenovo ] &#129351; 21ss0009lm Laptop Thinkpad E16 Gen 3 \/ Core Ultra 5 225h 4.3ghz \/ 16gb Ddr5 \/ 512gb Ssd \/ 16 Wuxga 1920x1200 \/ Negro \/ Win 11 Pro \/ 3yr Premier Support\" \/>\n<meta property=\"og:description\" content=\"Compra 21ss0009lm Laptop Thinkpad E16 Gen 3 \/ Core Ultra 5 225h 4.3ghz \/ 16gb Ddr5 \/ 512gb Ssd \/ 16 Wuxga 1920x1200 \/ Negro \/ Win 11 Pro \/ 3yr Premier Support + Env\u00edo a domicilio + Pago seguro + Garant\u00eda\" \/>\n<meta property=\"og:url\" content=\"https:\/\/compuviper.mx\/tienda\/producto\/lenovo-21ss0009lm-laptop-thinkpad-e16-gen-3-core-ultra-5-225h-4-3ghz-16gb-ddr5-512gb-ssd-16-wuxga-1920x1200-negro-win-11-pro-3yr-premier-support\/\" \/>\n<meta property=\"og:site_name\" content=\"Compuviper\" \/>\n<meta property=\"article:publisher\" content=\"https:\/\/www.facebook.com\/compuviper\" \/>\n<meta property=\"og:image\" content=\"https:\/\/compuviper.mx\/tienda\/wp-content\/uploads\/2025\/10\/Laptop-lenovo-thinkpad-e16-gen-3-core-ultra-5-255h-4.3ghz-16gb-ddr5-512gb-ssd-16-wuxga-1920x1200-negro-win-11-pro-3yr-premier-support.jpg\" \/>\n\t<meta property=\"og:image:width\" content=\"200\" \/>\n\t<meta property=\"og:image:height\" content=\"200\" \/>\n\t<meta property=\"og:image:type\" content=\"image\/jpeg\" \/>\n<meta name=\"twitter:card\" content=\"summary_large_image\" \/>\n<meta name=\"twitter:label1\" content=\"Precio\" \/>\n\t<meta name=\"twitter:data1\" content=\"&#36;20,225 con IVA\" \/>\n\t<meta name=\"twitter:label2\" content=\"Availability\" \/>\n\t<meta name=\"twitter:data2\" content=\"Out of stock\" \/>\n<script type=\"application\/ld+json\" class=\"yoast-schema-graph\">{\"@context\":\"https:\/\/schema.org\",\"@graph\":[{\"@type\":\"WebPage\",\"@id\":\"https:\/\/compuviper.mx\/tienda\/producto\/lenovo-21ss0009lm-laptop-thinkpad-e16-gen-3-core-ultra-5-225h-4-3ghz-16gb-ddr5-512gb-ssd-16-wuxga-1920x1200-negro-win-11-pro-3yr-premier-support\/\",\"url\":\"https:\/\/compuviper.mx\/tienda\/producto\/lenovo-21ss0009lm-laptop-thinkpad-e16-gen-3-core-ultra-5-225h-4-3ghz-16gb-ddr5-512gb-ssd-16-wuxga-1920x1200-negro-win-11-pro-3yr-premier-support\/\",\"name\":\"[ Lenovo ] &#129351; 21ss0009lm Laptop Thinkpad E16 Gen 3 \/ Core Ultra 5 225h 4.3ghz \/ 16gb Ddr5 \/ 512gb Ssd \/ 16 Wuxga 1920x1200 \/ Negro \/ Win 11 Pro \/ 3yr Premier Support\",\"isPartOf\":{\"@id\":\"https:\/\/compuviper.mx\/tienda\/#website\"},\"datePublished\":\"2026-04-02T07:15:29+00:00\",\"dateModified\":\"2026-04-02T07:15:29+00:00\",\"description\":\"Compra 21ss0009lm Laptop Thinkpad E16 Gen 3 \/ Core Ultra 5 225h 4.3ghz \/ 16gb Ddr5 \/ 512gb Ssd \/ 16 Wuxga 1920x1200 \/ Negro \/ Win 11 Pro \/ 3yr Premier Support + Env\u00edo a domicilio + Pago seguro + Garant\u00eda\",\"breadcrumb\":{\"@id\":\"https:\/\/compuviper.mx\/tienda\/producto\/lenovo-21ss0009lm-laptop-thinkpad-e16-gen-3-core-ultra-5-225h-4-3ghz-16gb-ddr5-512gb-ssd-16-wuxga-1920x1200-negro-win-11-pro-3yr-premier-support\/#breadcrumb\"},\"inLanguage\":\"es-MX\",\"potentialAction\":[{\"@type\":\"ReadAction\",\"target\":[\"https:\/\/compuviper.mx\/tienda\/producto\/lenovo-21ss0009lm-laptop-thinkpad-e16-gen-3-core-ultra-5-225h-4-3ghz-16gb-ddr5-512gb-ssd-16-wuxga-1920x1200-negro-win-11-pro-3yr-premier-support\/\"]}]},{\"@type\":\"BreadcrumbList\",\"@id\":\"https:\/\/compuviper.mx\/tienda\/producto\/lenovo-21ss0009lm-laptop-thinkpad-e16-gen-3-core-ultra-5-225h-4-3ghz-16gb-ddr5-512gb-ssd-16-wuxga-1920x1200-negro-win-11-pro-3yr-premier-support\/#breadcrumb\",\"itemListElement\":[{\"@type\":\"ListItem\",\"position\":1,\"name\":\"Inicio\",\"item\":\"https:\/\/compuviper.mx\/tienda\/\"},{\"@type\":\"ListItem\",\"position\":2,\"name\":\"Productos\",\"item\":\"https:\/\/compuviper.mx\/tienda\/productos\/\"},{\"@type\":\"ListItem\",\"position\":3,\"name\":\"Laptops\",\"item\":\"https:\/\/compuviper.mx\/tienda\/categoria-producto\/laptops\/\"},{\"@type\":\"ListItem\",\"position\":4,\"name\":\"Notebook\",\"item\":\"https:\/\/compuviper.mx\/tienda\/categoria-producto\/laptops\/notebook-laptops\/\"},{\"@type\":\"ListItem\",\"position\":5,\"name\":\"Lenovo 21ss0009lm Laptop Thinkpad E16 Gen 3 \/ Core Ultra 5 225h 4.3ghz \/ 16gb Ddr5 \/ 512gb Ssd \/ 16 Wuxga 1920&#215;1200 \/ Negro \/ Win 11 Pro \/ 3yr Premier Support\"}]},{\"@type\":\"WebSite\",\"@id\":\"https:\/\/compuviper.mx\/tienda\/#website\",\"url\":\"https:\/\/compuviper.mx\/tienda\/\",\"name\":\"Compuviper\",\"description\":\"Proveedor de Computadoras, Laptops, Servidores, Monitores, Puntos de Venta, Teclados,   Impresoras, T\u00f3ner, C\u00e1maras de Seguridad y m\u00e1s en tu tienda en l\u00ednea\",\"publisher\":{\"@id\":\"https:\/\/compuviper.mx\/tienda\/#organization\"},\"potentialAction\":[{\"@type\":\"SearchAction\",\"target\":{\"@type\":\"EntryPoint\",\"urlTemplate\":\"https:\/\/compuviper.mx\/tienda\/?s={search_term_string}\"},\"query-input\":\"required name=search_term_string\"}],\"inLanguage\":\"es-MX\"},{\"@type\":\"Organization\",\"@id\":\"https:\/\/compuviper.mx\/tienda\/#organization\",\"name\":\"Compuviper\",\"url\":\"https:\/\/compuviper.mx\/tienda\/\",\"logo\":{\"@type\":\"ImageObject\",\"inLanguage\":\"es-MX\",\"@id\":\"https:\/\/compuviper.mx\/tienda\/#\/schema\/logo\/image\/\",\"url\":\"https:\/\/compuviper.mx\/tienda\/wp-content\/uploads\/2021\/08\/Logo-Compuviper-10.png\",\"contentUrl\":\"https:\/\/compuviper.mx\/tienda\/wp-content\/uploads\/2021\/08\/Logo-Compuviper-10.png\",\"width\":1000,\"height\":500,\"caption\":\"Compuviper\"},\"image\":{\"@id\":\"https:\/\/compuviper.mx\/tienda\/#\/schema\/logo\/image\/\"},\"sameAs\":[\"https:\/\/www.facebook.com\/compuviper\",\"https:\/\/www.youtube.com\/channel\/UCf73dERp9Y3cfOq7q8BhLjA?view_as=subscriber\"]}]}<\/script>\n<meta property=\"product:brand\" content=\"LENOVO\" \/>\n<meta property=\"product:price:amount\" content=\"20225\" \/>\n<meta property=\"product:price:currency\" content=\"MXN\" \/>\n<meta property=\"og:availability\" content=\"out of stock\" \/>\n<meta property=\"product:availability\" content=\"out of stock\" \/>\n<meta property=\"product:retailer_item_id\" content=\"21SS0009LM\" \/>\n<meta property=\"product:condition\" content=\"new\" \/>\n<!-- \/ Yoast SEO plugin. -->","yoast_head_json":{"title":"[ Lenovo ] &#129351; 21ss0009lm Laptop Thinkpad E16 Gen 3 \/ Core Ultra 5 225h 4.3ghz \/ 16gb Ddr5 \/ 512gb Ssd \/ 16 Wuxga 1920x1200 \/ Negro \/ Win 11 Pro \/ 3yr Premier Support","description":"Compra 21ss0009lm Laptop Thinkpad E16 Gen 3 \/ Core Ultra 5 225h 4.3ghz \/ 16gb Ddr5 \/ 512gb Ssd \/ 16 Wuxga 1920x1200 \/ Negro \/ Win 11 Pro \/ 3yr Premier Support + Env\u00edo a domicilio + Pago seguro + Garant\u00eda","robots":{"index":"index","follow":"follow","max-snippet":"max-snippet:-1","max-image-preview":"max-image-preview:large","max-video-preview":"max-video-preview:-1"},"canonical":"https:\/\/compuviper.mx\/tienda\/producto\/lenovo-21ss0009lm-laptop-thinkpad-e16-gen-3-core-ultra-5-225h-4-3ghz-16gb-ddr5-512gb-ssd-16-wuxga-1920x1200-negro-win-11-pro-3yr-premier-support\/","og_locale":"es_MX","og_type":"article","og_title":"[ Lenovo ] &#129351; 21ss0009lm Laptop Thinkpad E16 Gen 3 \/ Core Ultra 5 225h 4.3ghz \/ 16gb Ddr5 \/ 512gb Ssd \/ 16 Wuxga 1920x1200 \/ Negro \/ Win 11 Pro \/ 3yr Premier Support","og_description":"Compra 21ss0009lm Laptop Thinkpad E16 Gen 3 \/ Core Ultra 5 225h 4.3ghz \/ 16gb Ddr5 \/ 512gb Ssd \/ 16 Wuxga 1920x1200 \/ Negro \/ Win 11 Pro \/ 3yr Premier Support + Env\u00edo a domicilio + Pago seguro + Garant\u00eda","og_url":"https:\/\/compuviper.mx\/tienda\/producto\/lenovo-21ss0009lm-laptop-thinkpad-e16-gen-3-core-ultra-5-225h-4-3ghz-16gb-ddr5-512gb-ssd-16-wuxga-1920x1200-negro-win-11-pro-3yr-premier-support\/","og_site_name":"Compuviper","article_publisher":"https:\/\/www.facebook.com\/compuviper","og_image":[{"width":200,"height":200,"url":"https:\/\/compuviper.mx\/tienda\/wp-content\/uploads\/2025\/10\/Laptop-lenovo-thinkpad-e16-gen-3-core-ultra-5-255h-4.3ghz-16gb-ddr5-512gb-ssd-16-wuxga-1920x1200-negro-win-11-pro-3yr-premier-support.jpg","type":"image\/jpeg"}],"twitter_card":"summary_large_image","twitter_misc":{"Precio":"&#36;20,225 con IVA","Availability":"Out of stock"},"schema":{"@context":"https:\/\/schema.org","@graph":[{"@type":"WebPage","@id":"https:\/\/compuviper.mx\/tienda\/producto\/lenovo-21ss0009lm-laptop-thinkpad-e16-gen-3-core-ultra-5-225h-4-3ghz-16gb-ddr5-512gb-ssd-16-wuxga-1920x1200-negro-win-11-pro-3yr-premier-support\/","url":"https:\/\/compuviper.mx\/tienda\/producto\/lenovo-21ss0009lm-laptop-thinkpad-e16-gen-3-core-ultra-5-225h-4-3ghz-16gb-ddr5-512gb-ssd-16-wuxga-1920x1200-negro-win-11-pro-3yr-premier-support\/","name":"[ Lenovo ] &#129351; 21ss0009lm Laptop Thinkpad E16 Gen 3 \/ Core Ultra 5 225h 4.3ghz \/ 16gb Ddr5 \/ 512gb Ssd \/ 16 Wuxga 1920x1200 \/ Negro \/ Win 11 Pro \/ 3yr Premier Support","isPartOf":{"@id":"https:\/\/compuviper.mx\/tienda\/#website"},"datePublished":"2026-04-02T07:15:29+00:00","dateModified":"2026-04-02T07:15:29+00:00","description":"Compra 21ss0009lm Laptop Thinkpad E16 Gen 3 \/ Core Ultra 5 225h 4.3ghz \/ 16gb Ddr5 \/ 512gb Ssd \/ 16 Wuxga 1920x1200 \/ Negro \/ Win 11 Pro \/ 3yr Premier Support + Env\u00edo a domicilio + Pago seguro + Garant\u00eda","breadcrumb":{"@id":"https:\/\/compuviper.mx\/tienda\/producto\/lenovo-21ss0009lm-laptop-thinkpad-e16-gen-3-core-ultra-5-225h-4-3ghz-16gb-ddr5-512gb-ssd-16-wuxga-1920x1200-negro-win-11-pro-3yr-premier-support\/#breadcrumb"},"inLanguage":"es-MX","potentialAction":[{"@type":"ReadAction","target":["https:\/\/compuviper.mx\/tienda\/producto\/lenovo-21ss0009lm-laptop-thinkpad-e16-gen-3-core-ultra-5-225h-4-3ghz-16gb-ddr5-512gb-ssd-16-wuxga-1920x1200-negro-win-11-pro-3yr-premier-support\/"]}]},{"@type":"BreadcrumbList","@id":"https:\/\/compuviper.mx\/tienda\/producto\/lenovo-21ss0009lm-laptop-thinkpad-e16-gen-3-core-ultra-5-225h-4-3ghz-16gb-ddr5-512gb-ssd-16-wuxga-1920x1200-negro-win-11-pro-3yr-premier-support\/#breadcrumb","itemListElement":[{"@type":"ListItem","position":1,"name":"Inicio","item":"https:\/\/compuviper.mx\/tienda\/"},{"@type":"ListItem","position":2,"name":"Productos","item":"https:\/\/compuviper.mx\/tienda\/productos\/"},{"@type":"ListItem","position":3,"name":"Laptops","item":"https:\/\/compuviper.mx\/tienda\/categoria-producto\/laptops\/"},{"@type":"ListItem","position":4,"name":"Notebook","item":"https:\/\/compuviper.mx\/tienda\/categoria-producto\/laptops\/notebook-laptops\/"},{"@type":"ListItem","position":5,"name":"Lenovo 21ss0009lm Laptop Thinkpad E16 Gen 3 \/ Core Ultra 5 225h 4.3ghz \/ 16gb Ddr5 \/ 512gb Ssd \/ 16 Wuxga 1920&#215;1200 \/ Negro \/ Win 11 Pro \/ 3yr Premier Support"}]},{"@type":"WebSite","@id":"https:\/\/compuviper.mx\/tienda\/#website","url":"https:\/\/compuviper.mx\/tienda\/","name":"Compuviper","description":"Proveedor de Computadoras, Laptops, Servidores, Monitores, Puntos de Venta, Teclados,   Impresoras, T\u00f3ner, C\u00e1maras de Seguridad y m\u00e1s en tu tienda en l\u00ednea","publisher":{"@id":"https:\/\/compuviper.mx\/tienda\/#organization"},"potentialAction":[{"@type":"SearchAction","target":{"@type":"EntryPoint","urlTemplate":"https:\/\/compuviper.mx\/tienda\/?s={search_term_string}"},"query-input":"required name=search_term_string"}],"inLanguage":"es-MX"},{"@type":"Organization","@id":"https:\/\/compuviper.mx\/tienda\/#organization","name":"Compuviper","url":"https:\/\/compuviper.mx\/tienda\/","logo":{"@type":"ImageObject","inLanguage":"es-MX","@id":"https:\/\/compuviper.mx\/tienda\/#\/schema\/logo\/image\/","url":"https:\/\/compuviper.mx\/tienda\/wp-content\/uploads\/2021\/08\/Logo-Compuviper-10.png","contentUrl":"https:\/\/compuviper.mx\/tienda\/wp-content\/uploads\/2021\/08\/Logo-Compuviper-10.png","width":1000,"height":500,"caption":"Compuviper"},"image":{"@id":"https:\/\/compuviper.mx\/tienda\/#\/schema\/logo\/image\/"},"sameAs":["https:\/\/www.facebook.com\/compuviper","https:\/\/www.youtube.com\/channel\/UCf73dERp9Y3cfOq7q8BhLjA?view_as=subscriber"]}]},"product_brand":"LENOVO","product_price_amount":"20225","product_price_currency":"MXN","og_availability":"out of stock","product_availability":"out of stock","product_retailer_item_id":"21SS0009LM","product_condition":"new"},"_links":{"self":[{"href":"https:\/\/compuviper.mx\/tienda\/wp-json\/wp\/v2\/product\/256440"}],"collection":[{"href":"https:\/\/compuviper.mx\/tienda\/wp-json\/wp\/v2\/product"}],"about":[{"href":"https:\/\/compuviper.mx\/tienda\/wp-json\/wp\/v2\/types\/product"}],"replies":[{"embeddable":true,"href":"https:\/\/compuviper.mx\/tienda\/wp-json\/wp\/v2\/comments?post=256440"}],"wp:featuredmedia":[{"embeddable":true,"href":"https:\/\/compuviper.mx\/tienda\/wp-json\/wp\/v2\/media\/260371"}],"wp:attachment":[{"href":"https:\/\/compuviper.mx\/tienda\/wp-json\/wp\/v2\/media?parent=256440"}],"wp:term":[{"taxonomy":"product_cat","embeddable":true,"href":"https:\/\/compuviper.mx\/tienda\/wp-json\/wp\/v2\/product_cat?post=256440"},{"taxonomy":"product_tag","embeddable":true,"href":"https:\/\/compuviper.mx\/tienda\/wp-json\/wp\/v2\/product_tag?post=256440"}],"curies":[{"name":"wp","href":"https:\/\/api.w.org\/{rel}","templated":true}]}}