{"id":256391,"date":"2026-04-09T01:23:33","date_gmt":"2026-04-09T07:23:33","guid":{"rendered":"https:\/\/compuviper.mx\/tienda\/producto\/acer-nx-d72al-001-laptop-aspire-lite-16-al16-54p-580m-core-i5-1334u-8-gb-ram-512gb-ssd-16-pulgadas-wuxga-ips-windows-11-home-gris-o-1-ao-de-garntia-y-seguro-contra-robo\/"},"modified":"2026-04-09T01:23:33","modified_gmt":"2026-04-09T07:23:33","slug":"acer-nx-d72al-001-laptop-aspire-lite-16-al16-54p-580m-core-i5-1334u-8-gb-ram-512gb-ssd-16-pulgadas-wuxga-ips-windows-11-home-gris-o-1-ao-de-garntia-y-seguro-contra-robo","status":"publish","type":"product","link":"https:\/\/compuviper.mx\/tienda\/producto\/acer-nx-d72al-001-laptop-aspire-lite-16-al16-54p-580m-core-i5-1334u-8-gb-ram-512gb-ssd-16-pulgadas-wuxga-ips-windows-11-home-gris-o-1-ao-de-garntia-y-seguro-contra-robo\/","title":{"rendered":"Acer Nx.d72al.001 Laptop  Aspire Lite 16 Al16-54p-580m, Core I5 1334u, 8 Gb Ram, 512gb Ssd, 16 Pulgadas Wuxga Ips, Windows 11 Home, Gris O, 1 A?o De Garntia Y Seguro Contra Robo"},"content":{"rendered":"<table class=\"descripcion\">\n<tr>\n<td>Modelo                 al16-54p-580m upc 195133310765 sat 43211503 n\u00famero de parte nx.d72al.001<\/td>\n<\/tr>\n<tr>\n<td>Sistema operativo windows 11 home single language 64 bits<\/td>\n<\/tr>\n<tr>\n<td>Procesador         procesador intel\u00ae core i5-1334u (12 mb smartcache, 1.3 ghz en n\u00facleos de rendimiento con<\/td>\n<\/tr>\n<tr>\n<td>                         tecnolog\u00eda intel\u00ae turbo boost 2.0 de hasta 4.6 ghz), compatible con arquitectura de n\u00facleos h\u00edbridos<\/td>\n<\/tr>\n<tr>\n<td>                         que combina n\u00facleos de rendimiento (performance-core) y n\u00facleos eficientes (efficient-core).<\/td>\n<\/tr>\n<tr>\n<td>Memoria                 8 gb ddr5 hasta 4800 mt\/s<\/td>\n<\/tr>\n<tr>\n<td>                         no expandible *<\/td>\n<\/tr>\n<tr>\n<td>Pantalla                 16\u0093 ips; wuxga (1920 x 1200); acer comfyview ; led backlit tft lcd; relaci\u00f3n de aspecto 16:10;<\/td>\n<\/tr>\n<tr>\n<td>                         gama de color ntsc 45%; \u00e1ngulo de vision hasta 170\u00b0; libre de mercurio, amigable con el ambiente<\/td>\n<\/tr>\n<tr>\n<td>Gr\u00e1ficos                 intel\u00ae hd graphics<\/td>\n<\/tr>\n<tr>\n<td>Almacenamiento 512 gb ssd pcie gen4 16 gb\/s hasta 4 l\u00edneas nvme<\/td>\n<\/tr>\n<tr>\n<td>                         expandible hasta 1 tb ssd *<\/td>\n<\/tr>\n<tr>\n<td>C\u00e1mara web         webcam fhd<\/td>\n<\/tr>\n<tr>\n<td>                         con obturador de privacidad.<\/td>\n<\/tr>\n<tr>\n<td>Wifi y red         intel\u00ae wireless wi-fi 6 ax201<\/td>\n<\/tr>\n<tr>\n<td>                         doble banda (2.4 ghz y 5 ghz)<\/td>\n<\/tr>\n<tr>\n<td>                        tecnolog\u00eda 2 x 2 mu-mimo<\/td>\n<\/tr>\n<tr>\n<td>                        bluetooth\u00ae 5.1<\/td>\n<\/tr>\n<tr>\n<td>                        interface wifi cnvi<\/td>\n<\/tr>\n<tr>\n<td>Privacidad        contrae\u00f1a por bios de usuario, supervisor y hdd<\/td>\n<\/tr>\n<tr>\n<td>Tama\u00f1o y peso      357.8 (w) x 244.8 (d) x 18.9\/18.9 (h) mm, 1.53 kg<\/td>\n<\/tr>\n<tr>\n<td>Seguridad        ranura kensington<\/td>\n<\/tr>\n<tr>\n<td>Alimentaci\u00f3n        adaptador 65 w<\/td>\n<\/tr>\n<tr>\n<td>Y bater\u00eda                bater\u00eda de ion-litio, 58 wh, 5100 mah, 11.4 v, 3 celdas<\/td>\n<\/tr>\n<tr>\n<td>                        para modelos con panel full hd + ssd la duraci\u00f3n estimada de bater\u00eda es de hasta 8 horas.<\/td>\n<\/tr>\n<tr>\n<td>Entrada y control tecla copilot; teclado en espa\u00f1ol.<\/td>\n<\/tr>\n<tr>\n<td>Puertos                2 usb tipo c 3.2 gen 1 (proyecci\u00f3n, carga y datos); 2 usb tipo a 3.2 gen 1; hdmi 1.4; lector de<\/td>\n<\/tr>\n<tr>\n<td>                        tarjetas microsdtm ; ethernet (rj45)<\/td>\n<\/tr>\n<tr>\n<td>Audio                dos bocinas integradas; dos micr\u00f3fonos integrados; salida de audio jack 3.5mm<\/td>\n<\/tr>\n<tr>\n<td>Garant\u00eda                1 a\u00f1o en centro de servicio; garant\u00eda internacional para viajeros internacionales*.<\/td>\n<\/tr>\n<\/table>\n","protected":false},"excerpt":{"rendered":"<p>Laptop acer aspire lite 16 al16-54p-580m, core i5 1334u, 8 gb ram, 512gb ssd, 16 pulgadas wuxga ips, windows 11 home, gris acero, 1 a\u00f1o de garntia y seguro contra robo<\/p>\n","protected":false},"featured_media":260370,"comment_status":"open","ping_status":"open","template":"","meta":[],"product_cat":[1886,1887],"product_tag":[1747],"acf":[],"yoast_head":"<!-- This site is optimized with the Yoast SEO plugin v21.7 - https:\/\/yoast.com\/wordpress\/plugins\/seo\/ -->\n<title>[ Acer ] &#129351; Nx.d72al.001 Laptop Aspire Lite 16 Al16-54p-580m, Core I5 1334u, 8 Gb Ram, 512gb Ssd, 16 Pulgadas Wuxga Ips, Windows 11 Home, Gris O, 1 A\u00f1o De Garntia Y Seguro Contra Robo<\/title>\n<meta name=\"description\" content=\"Compra Nx.d72al.001 Laptop Aspire Lite 16 Al16-54p-580m, Core I5 1334u, 8 Gb Ram, 512gb Ssd, 16 Pulgadas Wuxga Ips, Windows 11 Home, Gris O, 1 A\u00f1o De Garntia Y Seguro Contra Robo + Env\u00edo a domicilio + Pago seguro + Garant\u00eda\" \/>\n<meta name=\"robots\" content=\"index, follow, max-snippet:-1, max-image-preview:large, max-video-preview:-1\" \/>\n<link rel=\"canonical\" href=\"https:\/\/compuviper.mx\/tienda\/producto\/acer-nx-d72al-001-laptop-aspire-lite-16-al16-54p-580m-core-i5-1334u-8-gb-ram-512gb-ssd-16-pulgadas-wuxga-ips-windows-11-home-gris-o-1-ao-de-garntia-y-seguro-contra-robo\/\" \/>\n<meta property=\"og:locale\" content=\"es_MX\" \/>\n<meta property=\"og:type\" content=\"article\" \/>\n<meta property=\"og:title\" content=\"[ Acer ] &#129351; Nx.d72al.001 Laptop Aspire Lite 16 Al16-54p-580m, Core I5 1334u, 8 Gb Ram, 512gb Ssd, 16 Pulgadas Wuxga Ips, Windows 11 Home, Gris O, 1 A\u00f1o De Garntia Y Seguro Contra Robo\" \/>\n<meta property=\"og:description\" content=\"Compra Nx.d72al.001 Laptop Aspire Lite 16 Al16-54p-580m, Core I5 1334u, 8 Gb Ram, 512gb Ssd, 16 Pulgadas Wuxga Ips, Windows 11 Home, Gris O, 1 A\u00f1o De Garntia Y Seguro Contra Robo + Env\u00edo a domicilio + Pago seguro + Garant\u00eda\" \/>\n<meta property=\"og:url\" content=\"https:\/\/compuviper.mx\/tienda\/producto\/acer-nx-d72al-001-laptop-aspire-lite-16-al16-54p-580m-core-i5-1334u-8-gb-ram-512gb-ssd-16-pulgadas-wuxga-ips-windows-11-home-gris-o-1-ao-de-garntia-y-seguro-contra-robo\/\" \/>\n<meta property=\"og:site_name\" content=\"Compuviper\" \/>\n<meta property=\"article:publisher\" content=\"https:\/\/www.facebook.com\/compuviper\" \/>\n<meta property=\"og:image\" content=\"https:\/\/compuviper.mx\/tienda\/wp-content\/uploads\/2025\/10\/Laptop-acer-aspire-lite-16-al16-54p-580m-core-i5-1334u-8-gb-ram-512gb-ssd-16-pulgadas-wuxga-ips-windows-11-home-gris-acero-1-ano-de-garntia-y-seguro-contra-robo.jpg\" \/>\n\t<meta property=\"og:image:width\" content=\"200\" \/>\n\t<meta property=\"og:image:height\" content=\"200\" \/>\n\t<meta property=\"og:image:type\" content=\"image\/jpeg\" \/>\n<meta name=\"twitter:card\" content=\"summary_large_image\" \/>\n<meta name=\"twitter:label1\" content=\"Precio\" \/>\n\t<meta name=\"twitter:data1\" content=\"&#36;10,814 con IVA\" \/>\n\t<meta name=\"twitter:label2\" content=\"Availability\" \/>\n\t<meta name=\"twitter:data2\" content=\"In stock\" \/>\n<script type=\"application\/ld+json\" class=\"yoast-schema-graph\">{\"@context\":\"https:\/\/schema.org\",\"@graph\":[{\"@type\":\"WebPage\",\"@id\":\"https:\/\/compuviper.mx\/tienda\/producto\/acer-nx-d72al-001-laptop-aspire-lite-16-al16-54p-580m-core-i5-1334u-8-gb-ram-512gb-ssd-16-pulgadas-wuxga-ips-windows-11-home-gris-o-1-ao-de-garntia-y-seguro-contra-robo\/\",\"url\":\"https:\/\/compuviper.mx\/tienda\/producto\/acer-nx-d72al-001-laptop-aspire-lite-16-al16-54p-580m-core-i5-1334u-8-gb-ram-512gb-ssd-16-pulgadas-wuxga-ips-windows-11-home-gris-o-1-ao-de-garntia-y-seguro-contra-robo\/\",\"name\":\"[ Acer ] &#129351; Nx.d72al.001 Laptop Aspire Lite 16 Al16-54p-580m, Core I5 1334u, 8 Gb Ram, 512gb Ssd, 16 Pulgadas Wuxga Ips, Windows 11 Home, Gris O, 1 A\u00f1o De Garntia Y Seguro Contra Robo\",\"isPartOf\":{\"@id\":\"https:\/\/compuviper.mx\/tienda\/#website\"},\"datePublished\":\"2026-04-09T07:23:33+00:00\",\"dateModified\":\"2026-04-09T07:23:33+00:00\",\"description\":\"Compra Nx.d72al.001 Laptop Aspire Lite 16 Al16-54p-580m, Core I5 1334u, 8 Gb Ram, 512gb Ssd, 16 Pulgadas Wuxga Ips, Windows 11 Home, Gris O, 1 A\u00f1o De Garntia Y Seguro Contra Robo + Env\u00edo a domicilio + Pago seguro + Garant\u00eda\",\"breadcrumb\":{\"@id\":\"https:\/\/compuviper.mx\/tienda\/producto\/acer-nx-d72al-001-laptop-aspire-lite-16-al16-54p-580m-core-i5-1334u-8-gb-ram-512gb-ssd-16-pulgadas-wuxga-ips-windows-11-home-gris-o-1-ao-de-garntia-y-seguro-contra-robo\/#breadcrumb\"},\"inLanguage\":\"es-MX\",\"potentialAction\":[{\"@type\":\"ReadAction\",\"target\":[\"https:\/\/compuviper.mx\/tienda\/producto\/acer-nx-d72al-001-laptop-aspire-lite-16-al16-54p-580m-core-i5-1334u-8-gb-ram-512gb-ssd-16-pulgadas-wuxga-ips-windows-11-home-gris-o-1-ao-de-garntia-y-seguro-contra-robo\/\"]}]},{\"@type\":\"BreadcrumbList\",\"@id\":\"https:\/\/compuviper.mx\/tienda\/producto\/acer-nx-d72al-001-laptop-aspire-lite-16-al16-54p-580m-core-i5-1334u-8-gb-ram-512gb-ssd-16-pulgadas-wuxga-ips-windows-11-home-gris-o-1-ao-de-garntia-y-seguro-contra-robo\/#breadcrumb\",\"itemListElement\":[{\"@type\":\"ListItem\",\"position\":1,\"name\":\"Inicio\",\"item\":\"https:\/\/compuviper.mx\/tienda\/\"},{\"@type\":\"ListItem\",\"position\":2,\"name\":\"Productos\",\"item\":\"https:\/\/compuviper.mx\/tienda\/productos\/\"},{\"@type\":\"ListItem\",\"position\":3,\"name\":\"Laptops\",\"item\":\"https:\/\/compuviper.mx\/tienda\/categoria-producto\/laptops\/\"},{\"@type\":\"ListItem\",\"position\":4,\"name\":\"Notebook\",\"item\":\"https:\/\/compuviper.mx\/tienda\/categoria-producto\/laptops\/notebook-laptops\/\"},{\"@type\":\"ListItem\",\"position\":5,\"name\":\"Acer Nx.d72al.001 Laptop Aspire Lite 16 Al16-54p-580m, Core I5 1334u, 8 Gb Ram, 512gb Ssd, 16 Pulgadas Wuxga Ips, Windows 11 Home, Gris O, 1 A?o De Garntia Y Seguro Contra Robo\"}]},{\"@type\":\"WebSite\",\"@id\":\"https:\/\/compuviper.mx\/tienda\/#website\",\"url\":\"https:\/\/compuviper.mx\/tienda\/\",\"name\":\"Compuviper\",\"description\":\"Proveedor de Computadoras, Laptops, Servidores, Monitores, Puntos de Venta, Teclados,   Impresoras, T\u00f3ner, C\u00e1maras de Seguridad y m\u00e1s en tu tienda en l\u00ednea\",\"publisher\":{\"@id\":\"https:\/\/compuviper.mx\/tienda\/#organization\"},\"potentialAction\":[{\"@type\":\"SearchAction\",\"target\":{\"@type\":\"EntryPoint\",\"urlTemplate\":\"https:\/\/compuviper.mx\/tienda\/?s={search_term_string}\"},\"query-input\":\"required name=search_term_string\"}],\"inLanguage\":\"es-MX\"},{\"@type\":\"Organization\",\"@id\":\"https:\/\/compuviper.mx\/tienda\/#organization\",\"name\":\"Compuviper\",\"url\":\"https:\/\/compuviper.mx\/tienda\/\",\"logo\":{\"@type\":\"ImageObject\",\"inLanguage\":\"es-MX\",\"@id\":\"https:\/\/compuviper.mx\/tienda\/#\/schema\/logo\/image\/\",\"url\":\"https:\/\/compuviper.mx\/tienda\/wp-content\/uploads\/2021\/08\/Logo-Compuviper-10.png\",\"contentUrl\":\"https:\/\/compuviper.mx\/tienda\/wp-content\/uploads\/2021\/08\/Logo-Compuviper-10.png\",\"width\":1000,\"height\":500,\"caption\":\"Compuviper\"},\"image\":{\"@id\":\"https:\/\/compuviper.mx\/tienda\/#\/schema\/logo\/image\/\"},\"sameAs\":[\"https:\/\/www.facebook.com\/compuviper\",\"https:\/\/www.youtube.com\/channel\/UCf73dERp9Y3cfOq7q8BhLjA?view_as=subscriber\"]}]}<\/script>\n<meta property=\"product:brand\" content=\"ACER\" \/>\n<meta property=\"product:price:amount\" content=\"10814\" \/>\n<meta property=\"product:price:currency\" content=\"MXN\" \/>\n<meta property=\"og:availability\" content=\"instock\" \/>\n<meta property=\"product:availability\" content=\"instock\" \/>\n<meta property=\"product:retailer_item_id\" content=\"NX.D72AL.001\" \/>\n<meta property=\"product:condition\" content=\"new\" \/>\n<!-- \/ Yoast SEO plugin. -->","yoast_head_json":{"title":"[ Acer ] &#129351; Nx.d72al.001 Laptop Aspire Lite 16 Al16-54p-580m, Core I5 1334u, 8 Gb Ram, 512gb Ssd, 16 Pulgadas Wuxga Ips, Windows 11 Home, Gris O, 1 A\u00f1o De Garntia Y Seguro Contra Robo","description":"Compra Nx.d72al.001 Laptop Aspire Lite 16 Al16-54p-580m, Core I5 1334u, 8 Gb Ram, 512gb Ssd, 16 Pulgadas Wuxga Ips, Windows 11 Home, Gris O, 1 A\u00f1o De Garntia Y Seguro Contra Robo + Env\u00edo a domicilio + Pago seguro + Garant\u00eda","robots":{"index":"index","follow":"follow","max-snippet":"max-snippet:-1","max-image-preview":"max-image-preview:large","max-video-preview":"max-video-preview:-1"},"canonical":"https:\/\/compuviper.mx\/tienda\/producto\/acer-nx-d72al-001-laptop-aspire-lite-16-al16-54p-580m-core-i5-1334u-8-gb-ram-512gb-ssd-16-pulgadas-wuxga-ips-windows-11-home-gris-o-1-ao-de-garntia-y-seguro-contra-robo\/","og_locale":"es_MX","og_type":"article","og_title":"[ Acer ] &#129351; Nx.d72al.001 Laptop Aspire Lite 16 Al16-54p-580m, Core I5 1334u, 8 Gb Ram, 512gb Ssd, 16 Pulgadas Wuxga Ips, Windows 11 Home, Gris O, 1 A\u00f1o De Garntia Y Seguro Contra Robo","og_description":"Compra Nx.d72al.001 Laptop Aspire Lite 16 Al16-54p-580m, Core I5 1334u, 8 Gb Ram, 512gb Ssd, 16 Pulgadas Wuxga Ips, Windows 11 Home, Gris O, 1 A\u00f1o De Garntia Y Seguro Contra Robo + Env\u00edo a domicilio + Pago seguro + Garant\u00eda","og_url":"https:\/\/compuviper.mx\/tienda\/producto\/acer-nx-d72al-001-laptop-aspire-lite-16-al16-54p-580m-core-i5-1334u-8-gb-ram-512gb-ssd-16-pulgadas-wuxga-ips-windows-11-home-gris-o-1-ao-de-garntia-y-seguro-contra-robo\/","og_site_name":"Compuviper","article_publisher":"https:\/\/www.facebook.com\/compuviper","og_image":[{"width":200,"height":200,"url":"https:\/\/compuviper.mx\/tienda\/wp-content\/uploads\/2025\/10\/Laptop-acer-aspire-lite-16-al16-54p-580m-core-i5-1334u-8-gb-ram-512gb-ssd-16-pulgadas-wuxga-ips-windows-11-home-gris-acero-1-ano-de-garntia-y-seguro-contra-robo.jpg","type":"image\/jpeg"}],"twitter_card":"summary_large_image","twitter_misc":{"Precio":"&#36;10,814 con IVA","Availability":"In stock"},"schema":{"@context":"https:\/\/schema.org","@graph":[{"@type":"WebPage","@id":"https:\/\/compuviper.mx\/tienda\/producto\/acer-nx-d72al-001-laptop-aspire-lite-16-al16-54p-580m-core-i5-1334u-8-gb-ram-512gb-ssd-16-pulgadas-wuxga-ips-windows-11-home-gris-o-1-ao-de-garntia-y-seguro-contra-robo\/","url":"https:\/\/compuviper.mx\/tienda\/producto\/acer-nx-d72al-001-laptop-aspire-lite-16-al16-54p-580m-core-i5-1334u-8-gb-ram-512gb-ssd-16-pulgadas-wuxga-ips-windows-11-home-gris-o-1-ao-de-garntia-y-seguro-contra-robo\/","name":"[ Acer ] &#129351; Nx.d72al.001 Laptop Aspire Lite 16 Al16-54p-580m, Core I5 1334u, 8 Gb Ram, 512gb Ssd, 16 Pulgadas Wuxga Ips, Windows 11 Home, Gris O, 1 A\u00f1o De Garntia Y Seguro Contra Robo","isPartOf":{"@id":"https:\/\/compuviper.mx\/tienda\/#website"},"datePublished":"2026-04-09T07:23:33+00:00","dateModified":"2026-04-09T07:23:33+00:00","description":"Compra Nx.d72al.001 Laptop Aspire Lite 16 Al16-54p-580m, Core I5 1334u, 8 Gb Ram, 512gb Ssd, 16 Pulgadas Wuxga Ips, Windows 11 Home, Gris O, 1 A\u00f1o De Garntia Y Seguro Contra Robo + Env\u00edo a domicilio + Pago seguro + Garant\u00eda","breadcrumb":{"@id":"https:\/\/compuviper.mx\/tienda\/producto\/acer-nx-d72al-001-laptop-aspire-lite-16-al16-54p-580m-core-i5-1334u-8-gb-ram-512gb-ssd-16-pulgadas-wuxga-ips-windows-11-home-gris-o-1-ao-de-garntia-y-seguro-contra-robo\/#breadcrumb"},"inLanguage":"es-MX","potentialAction":[{"@type":"ReadAction","target":["https:\/\/compuviper.mx\/tienda\/producto\/acer-nx-d72al-001-laptop-aspire-lite-16-al16-54p-580m-core-i5-1334u-8-gb-ram-512gb-ssd-16-pulgadas-wuxga-ips-windows-11-home-gris-o-1-ao-de-garntia-y-seguro-contra-robo\/"]}]},{"@type":"BreadcrumbList","@id":"https:\/\/compuviper.mx\/tienda\/producto\/acer-nx-d72al-001-laptop-aspire-lite-16-al16-54p-580m-core-i5-1334u-8-gb-ram-512gb-ssd-16-pulgadas-wuxga-ips-windows-11-home-gris-o-1-ao-de-garntia-y-seguro-contra-robo\/#breadcrumb","itemListElement":[{"@type":"ListItem","position":1,"name":"Inicio","item":"https:\/\/compuviper.mx\/tienda\/"},{"@type":"ListItem","position":2,"name":"Productos","item":"https:\/\/compuviper.mx\/tienda\/productos\/"},{"@type":"ListItem","position":3,"name":"Laptops","item":"https:\/\/compuviper.mx\/tienda\/categoria-producto\/laptops\/"},{"@type":"ListItem","position":4,"name":"Notebook","item":"https:\/\/compuviper.mx\/tienda\/categoria-producto\/laptops\/notebook-laptops\/"},{"@type":"ListItem","position":5,"name":"Acer Nx.d72al.001 Laptop Aspire Lite 16 Al16-54p-580m, Core I5 1334u, 8 Gb Ram, 512gb Ssd, 16 Pulgadas Wuxga Ips, Windows 11 Home, Gris O, 1 A?o De Garntia Y Seguro Contra Robo"}]},{"@type":"WebSite","@id":"https:\/\/compuviper.mx\/tienda\/#website","url":"https:\/\/compuviper.mx\/tienda\/","name":"Compuviper","description":"Proveedor de Computadoras, Laptops, Servidores, Monitores, Puntos de Venta, Teclados,   Impresoras, T\u00f3ner, C\u00e1maras de Seguridad y m\u00e1s en tu tienda en l\u00ednea","publisher":{"@id":"https:\/\/compuviper.mx\/tienda\/#organization"},"potentialAction":[{"@type":"SearchAction","target":{"@type":"EntryPoint","urlTemplate":"https:\/\/compuviper.mx\/tienda\/?s={search_term_string}"},"query-input":"required name=search_term_string"}],"inLanguage":"es-MX"},{"@type":"Organization","@id":"https:\/\/compuviper.mx\/tienda\/#organization","name":"Compuviper","url":"https:\/\/compuviper.mx\/tienda\/","logo":{"@type":"ImageObject","inLanguage":"es-MX","@id":"https:\/\/compuviper.mx\/tienda\/#\/schema\/logo\/image\/","url":"https:\/\/compuviper.mx\/tienda\/wp-content\/uploads\/2021\/08\/Logo-Compuviper-10.png","contentUrl":"https:\/\/compuviper.mx\/tienda\/wp-content\/uploads\/2021\/08\/Logo-Compuviper-10.png","width":1000,"height":500,"caption":"Compuviper"},"image":{"@id":"https:\/\/compuviper.mx\/tienda\/#\/schema\/logo\/image\/"},"sameAs":["https:\/\/www.facebook.com\/compuviper","https:\/\/www.youtube.com\/channel\/UCf73dERp9Y3cfOq7q8BhLjA?view_as=subscriber"]}]},"product_brand":"ACER","product_price_amount":"10814","product_price_currency":"MXN","og_availability":"instock","product_availability":"instock","product_retailer_item_id":"NX.D72AL.001","product_condition":"new"},"_links":{"self":[{"href":"https:\/\/compuviper.mx\/tienda\/wp-json\/wp\/v2\/product\/256391"}],"collection":[{"href":"https:\/\/compuviper.mx\/tienda\/wp-json\/wp\/v2\/product"}],"about":[{"href":"https:\/\/compuviper.mx\/tienda\/wp-json\/wp\/v2\/types\/product"}],"replies":[{"embeddable":true,"href":"https:\/\/compuviper.mx\/tienda\/wp-json\/wp\/v2\/comments?post=256391"}],"wp:featuredmedia":[{"embeddable":true,"href":"https:\/\/compuviper.mx\/tienda\/wp-json\/wp\/v2\/media\/260370"}],"wp:attachment":[{"href":"https:\/\/compuviper.mx\/tienda\/wp-json\/wp\/v2\/media?parent=256391"}],"wp:term":[{"taxonomy":"product_cat","embeddable":true,"href":"https:\/\/compuviper.mx\/tienda\/wp-json\/wp\/v2\/product_cat?post=256391"},{"taxonomy":"product_tag","embeddable":true,"href":"https:\/\/compuviper.mx\/tienda\/wp-json\/wp\/v2\/product_tag?post=256391"}],"curies":[{"name":"wp","href":"https:\/\/api.w.org\/{rel}","templated":true}]}}