{"id":256387,"date":"2026-04-18T01:15:07","date_gmt":"2026-04-18T07:15:07","guid":{"rendered":"https:\/\/compuviper.mx\/tienda\/producto\/tp-link-archer-gxe75-router-gaming-wi-fi-6e-axe5400-de-triple-banda-con-puerto-multi-gigabit\/"},"modified":"2026-04-18T01:15:07","modified_gmt":"2026-04-18T07:15:07","slug":"tp-link-archer-gxe75-router-gaming-wi-fi-6e-axe5400-de-triple-banda-con-puerto-multi-gigabit","status":"publish","type":"product","link":"https:\/\/compuviper.mx\/tienda\/producto\/tp-link-archer-gxe75-router-gaming-wi-fi-6e-axe5400-de-triple-banda-con-puerto-multi-gigabit\/","title":{"rendered":"Tp Link Archer Gxe75 Router |  |  | Gaming Wi-fi 6e Axe5400 De Triple Banda Con Puerto Multi-gigabit"},"content":{"rendered":"<table class=\"descripcion\">\n<tr>\n<td>-inal\u00e1mbricos<\/td>\n<\/tr>\n<tr>\n<td>Velocidades wi-fi axe5400<\/td>\n<\/tr>\n<tr>\n<td>\u0095 6 ghz: 2402 mbps (802.11ax)<\/td>\n<\/tr>\n<tr>\n<td>\u0095 5 ghz: 2402 mbps (802.11ax)<\/td>\n<\/tr>\n<tr>\n<td>\u0095 2.4 ghz: 574 mbps (802.11ax)<\/td>\n<\/tr>\n<tr>\n<td>Modos de trabajo \u0095 modo router<\/td>\n<\/tr>\n<tr>\n<td>\u0095 modo punto de acceso<\/td>\n<\/tr>\n<tr>\n<td>Advanced features \u0095 4k-qam<\/td>\n<\/tr>\n<tr>\n<td>\u0095 compatible con easymesh<\/td>\n<\/tr>\n<tr>\n<td>\u0095 red iot<\/td>\n<\/tr>\n<tr>\n<td>-seguridad<\/td>\n<\/tr>\n<tr>\n<td>Seguridad de red \u0095 cortafuegos spi<\/td>\n<\/tr>\n<tr>\n<td>\u0095 control de acceso<\/td>\n<\/tr>\n<tr>\n<td>\u0095 vinculaci\u00f3n ip y mac<\/td>\n<\/tr>\n<tr>\n<td>\u0095 pasarela de capa de aplicaci\u00f3n<\/td>\n<\/tr>\n<tr>\n<td>\u0095 homeshield<\/td>\n<\/tr>\n<tr>\n<td>Protecci\u00f3n iot en tiempo real<\/td>\n<\/tr>\n<tr>\n<td>Bloqueador de sitios maliciosos<\/td>\n<\/tr>\n<tr>\n<td>Sistema de prevenci\u00f3n de intrusiones<\/td>\n<\/tr>\n<tr>\n<td>Prevenci\u00f3n de ataques ddos<\/td>\n<\/tr>\n<tr>\n<td>Esc\u00e1ner de red dom\u00e9stica<\/td>\n<\/tr>\n<tr>\n<td>Red de invitados \u0095 red de invitados de 6 ghz<\/td>\n<\/tr>\n<tr>\n<td>\u0095 red de invitados de 5 ghz<\/td>\n<\/tr>\n<tr>\n<td>\u0095 red de invitados de 2,4 ghz<\/td>\n<\/tr>\n<tr>\n<td>Servidor vpn \u0095 open vpn server<\/td>\n<\/tr>\n<tr>\n<td>\u0095 pptp vpn server<\/td>\n<\/tr>\n<tr>\n<td>\u0095 l2tp vpn server<\/td>\n<\/tr>\n<tr>\n<td>\u0095 wireguard vpn server<\/td>\n<\/tr>\n<tr>\n<td>Cliente vpn \u0095 open vpn client<\/td>\n<\/tr>\n<tr>\n<td>\u0095 pptp vpn client<\/td>\n<\/tr>\n<tr>\n<td>\u0095 l2tp vpn client<\/td>\n<\/tr>\n<tr>\n<td>\u0095 wireguard vpn client<\/td>\n<\/tr>\n<tr>\n<td>Cifrado wifi \u0095 wpa<\/td>\n<\/tr>\n<tr>\n<td>\u0095 wpa2<\/td>\n<\/tr>\n<tr>\n<td>\u0095 wpa3<\/td>\n<\/tr>\n<tr>\n<td>\u0095 wpa\/wpa2-enterprise (802.1x)<\/td>\n<\/tr>\n<tr>\n<td>-hardware<\/td>\n<\/tr>\n<tr>\n<td>Puertos ethernet \u0095 1\u00d7 2.5gbps wan\/lan<\/td>\n<\/tr>\n<tr>\n<td>\u0095 1\u00d7 1gbps wan\/lan<\/td>\n<\/tr>\n<tr>\n<td>\u0095 3\u00d7 1gbps lan<\/td>\n<\/tr>\n<tr>\n<td>Soporte usb 1\u00d7 usb 3.0<\/td>\n<\/tr>\n<tr>\n<td>\u0095 formatos de partici\u00f3n soportados:<\/td>\n<\/tr>\n<tr>\n<td>Ntfs, exfat, hfs+, fat32<\/td>\n<\/tr>\n<tr>\n<td>\u0095 funciones compatibles:<\/td>\n<\/tr>\n<tr>\n<td>Servidor ftp<\/td>\n<\/tr>\n<tr>\n<td>Servidor multimedia<\/td>\n<\/tr>\n<tr>\n<td>Servidor samba<\/td>\n<\/tr>\n<tr>\n<td>-software<\/td>\n<\/tr>\n<tr>\n<td>Protocolos \u0095 ipv4<\/td>\n<\/tr>\n<tr>\n<td>\u0095 ipv6<\/td>\n<\/tr>\n<tr>\n<td>Centro de juegos 1. aceleraci\u00f3n de juegos:<\/td>\n<\/tr>\n<tr>\n<td>&#8211; aceleraci\u00f3n de aplicaciones de juego con qos<\/td>\n<\/tr>\n<tr>\n<td>&#8211; aceleraci\u00f3n de dispositivos de juego con gaming port<\/td>\n<\/tr>\n<tr>\n<td>&#8211; aceleraci\u00f3n de servidores de juegos mediante gpn<\/td>\n<\/tr>\n<tr>\n<td>2. panel de juego:<\/td>\n<\/tr>\n<tr>\n<td>&#8211; estado de la red<\/td>\n<\/tr>\n<tr>\n<td>&#8211; rendimiento del router<\/td>\n<\/tr>\n<tr>\n<td>&#8211; ajustes rgb<\/td>\n<\/tr>\n<tr>\n<td>&#8211; juegos y engranajes acelerados<\/td>\n<\/tr>\n<tr>\n<td>3. estad\u00edsticas de juego:<\/td>\n<\/tr>\n<tr>\n<td>Informes exhaustivos del tr\u00e1fico de juegos<\/td>\n<\/tr>\n<tr>\n<td>4. banda dedicada a juegos<\/td>\n<\/tr>\n<tr>\n<td>Banda de juego de 5 ghz<\/td>\n<\/tr>\n<\/table>\n","protected":false},"excerpt":{"rendered":"<p>-wi-fi ultra r\u00e1pido para juegos exigentes. Triple banda, hasta 5.4 gbps. La nueva banda de 6ghz cuenta con menor congestion, perfecta para tus partidas sin lag. -puerto 2.5g. Equiado con un puerto wan 2.5g y cuatro puertos lan gigabit. -4 antenas. Mejora la lantecia de tus partidas con las 4 antenas con optimizaci\u00f3n de wi-fi y beamforming. -acelerador de juegos. Detecta y optimiza el flujo de los videojuegos, asegurando la mejor reproducci\u00f3n del juego. -estad\u00edsticas de juego. Recibe informaci\u00f3n en tiempo real del lag, tiempo de juego y asignaci\u00f3n de recursos de red de un vistazo. -dise\u00f1o gaming. Saca todo el partido a tu router con su dise\u00f1o agresivo y su ilumanci\u00f3n led rgb. -seguridad para los gamers. Homeshield ofrece un potente antivirus para que disfrutes de tus partidas con la mejor seguridad en tu red. -compatible con easymesh. Conecta tu router a otro router o repetidor copatible para crear una red mesh.<\/p>\n","protected":false},"featured_media":260225,"comment_status":"open","ping_status":"open","template":"","meta":[],"product_cat":[1563,1753],"product_tag":[1562],"acf":[],"yoast_head":"<!-- This site is optimized with the Yoast SEO plugin v21.7 - https:\/\/yoast.com\/wordpress\/plugins\/seo\/ -->\n<title>[ Tp Link ] &#129351; Archer Gxe75 Router | | | Gaming Wi-fi 6e Axe5400 De Triple Banda Con Puerto Multi-gigabit<\/title>\n<meta name=\"description\" content=\"Compra Archer Gxe75 Router | | | Gaming Wi-fi 6e Axe5400 De Triple Banda Con Puerto Multi-gigabit + Env\u00edo a domicilio + Pago seguro + Garant\u00eda\" \/>\n<meta name=\"robots\" content=\"index, follow, max-snippet:-1, max-image-preview:large, max-video-preview:-1\" \/>\n<link rel=\"canonical\" href=\"https:\/\/compuviper.mx\/tienda\/producto\/tp-link-archer-gxe75-router-gaming-wi-fi-6e-axe5400-de-triple-banda-con-puerto-multi-gigabit\/\" \/>\n<meta property=\"og:locale\" content=\"es_MX\" \/>\n<meta property=\"og:type\" content=\"article\" \/>\n<meta property=\"og:title\" content=\"[ Tp Link ] &#129351; Archer Gxe75 Router | | | Gaming Wi-fi 6e Axe5400 De Triple Banda Con Puerto Multi-gigabit\" \/>\n<meta property=\"og:description\" content=\"Compra Archer Gxe75 Router | | | Gaming Wi-fi 6e Axe5400 De Triple Banda Con Puerto Multi-gigabit + Env\u00edo a domicilio + Pago seguro + Garant\u00eda\" \/>\n<meta property=\"og:url\" content=\"https:\/\/compuviper.mx\/tienda\/producto\/tp-link-archer-gxe75-router-gaming-wi-fi-6e-axe5400-de-triple-banda-con-puerto-multi-gigabit\/\" \/>\n<meta property=\"og:site_name\" content=\"Compuviper\" \/>\n<meta property=\"article:publisher\" content=\"https:\/\/www.facebook.com\/compuviper\" \/>\n<meta property=\"og:image\" content=\"https:\/\/compuviper.mx\/tienda\/wp-content\/uploads\/2025\/10\/Router-tp-link-archer-gxe75-gaming-wi-fi-6e-axe5400-de-triple-banda-con-puerto-multi-gigabit.jpg\" \/>\n\t<meta property=\"og:image:width\" content=\"200\" \/>\n\t<meta property=\"og:image:height\" content=\"200\" \/>\n\t<meta property=\"og:image:type\" content=\"image\/jpeg\" \/>\n<meta name=\"twitter:card\" content=\"summary_large_image\" \/>\n<meta name=\"twitter:label1\" content=\"Precio\" \/>\n\t<meta name=\"twitter:data1\" content=\"&#36;2,594 con IVA\" \/>\n\t<meta name=\"twitter:label2\" content=\"Availability\" \/>\n\t<meta name=\"twitter:data2\" content=\"Out of stock\" \/>\n<script type=\"application\/ld+json\" class=\"yoast-schema-graph\">{\"@context\":\"https:\/\/schema.org\",\"@graph\":[{\"@type\":\"WebPage\",\"@id\":\"https:\/\/compuviper.mx\/tienda\/producto\/tp-link-archer-gxe75-router-gaming-wi-fi-6e-axe5400-de-triple-banda-con-puerto-multi-gigabit\/\",\"url\":\"https:\/\/compuviper.mx\/tienda\/producto\/tp-link-archer-gxe75-router-gaming-wi-fi-6e-axe5400-de-triple-banda-con-puerto-multi-gigabit\/\",\"name\":\"[ Tp Link ] &#129351; Archer Gxe75 Router | | | Gaming Wi-fi 6e Axe5400 De Triple Banda Con Puerto Multi-gigabit\",\"isPartOf\":{\"@id\":\"https:\/\/compuviper.mx\/tienda\/#website\"},\"datePublished\":\"2026-04-18T07:15:07+00:00\",\"dateModified\":\"2026-04-18T07:15:07+00:00\",\"description\":\"Compra Archer Gxe75 Router | | | Gaming Wi-fi 6e Axe5400 De Triple Banda Con Puerto Multi-gigabit + Env\u00edo a domicilio + Pago seguro + Garant\u00eda\",\"breadcrumb\":{\"@id\":\"https:\/\/compuviper.mx\/tienda\/producto\/tp-link-archer-gxe75-router-gaming-wi-fi-6e-axe5400-de-triple-banda-con-puerto-multi-gigabit\/#breadcrumb\"},\"inLanguage\":\"es-MX\",\"potentialAction\":[{\"@type\":\"ReadAction\",\"target\":[\"https:\/\/compuviper.mx\/tienda\/producto\/tp-link-archer-gxe75-router-gaming-wi-fi-6e-axe5400-de-triple-banda-con-puerto-multi-gigabit\/\"]}]},{\"@type\":\"BreadcrumbList\",\"@id\":\"https:\/\/compuviper.mx\/tienda\/producto\/tp-link-archer-gxe75-router-gaming-wi-fi-6e-axe5400-de-triple-banda-con-puerto-multi-gigabit\/#breadcrumb\",\"itemListElement\":[{\"@type\":\"ListItem\",\"position\":1,\"name\":\"Inicio\",\"item\":\"https:\/\/compuviper.mx\/tienda\/\"},{\"@type\":\"ListItem\",\"position\":2,\"name\":\"Productos\",\"item\":\"https:\/\/compuviper.mx\/tienda\/productos\/\"},{\"@type\":\"ListItem\",\"position\":3,\"name\":\"Redes\",\"item\":\"https:\/\/compuviper.mx\/tienda\/categoria-producto\/redes\/\"},{\"@type\":\"ListItem\",\"position\":4,\"name\":\"Router\",\"item\":\"https:\/\/compuviper.mx\/tienda\/categoria-producto\/redes\/router\/\"},{\"@type\":\"ListItem\",\"position\":5,\"name\":\"Tp Link Archer Gxe75 Router | | | Gaming Wi-fi 6e Axe5400 De Triple Banda Con Puerto Multi-gigabit\"}]},{\"@type\":\"WebSite\",\"@id\":\"https:\/\/compuviper.mx\/tienda\/#website\",\"url\":\"https:\/\/compuviper.mx\/tienda\/\",\"name\":\"Compuviper\",\"description\":\"Proveedor de Computadoras, Laptops, Servidores, Monitores, Puntos de Venta, Teclados,   Impresoras, T\u00f3ner, C\u00e1maras de Seguridad y m\u00e1s en tu tienda en l\u00ednea\",\"publisher\":{\"@id\":\"https:\/\/compuviper.mx\/tienda\/#organization\"},\"potentialAction\":[{\"@type\":\"SearchAction\",\"target\":{\"@type\":\"EntryPoint\",\"urlTemplate\":\"https:\/\/compuviper.mx\/tienda\/?s={search_term_string}\"},\"query-input\":\"required name=search_term_string\"}],\"inLanguage\":\"es-MX\"},{\"@type\":\"Organization\",\"@id\":\"https:\/\/compuviper.mx\/tienda\/#organization\",\"name\":\"Compuviper\",\"url\":\"https:\/\/compuviper.mx\/tienda\/\",\"logo\":{\"@type\":\"ImageObject\",\"inLanguage\":\"es-MX\",\"@id\":\"https:\/\/compuviper.mx\/tienda\/#\/schema\/logo\/image\/\",\"url\":\"https:\/\/compuviper.mx\/tienda\/wp-content\/uploads\/2021\/08\/Logo-Compuviper-10.png\",\"contentUrl\":\"https:\/\/compuviper.mx\/tienda\/wp-content\/uploads\/2021\/08\/Logo-Compuviper-10.png\",\"width\":1000,\"height\":500,\"caption\":\"Compuviper\"},\"image\":{\"@id\":\"https:\/\/compuviper.mx\/tienda\/#\/schema\/logo\/image\/\"},\"sameAs\":[\"https:\/\/www.facebook.com\/compuviper\",\"https:\/\/www.youtube.com\/channel\/UCf73dERp9Y3cfOq7q8BhLjA?view_as=subscriber\"]}]}<\/script>\n<meta property=\"product:brand\" content=\"TP LINK\" \/>\n<meta property=\"product:price:amount\" content=\"2594\" \/>\n<meta property=\"product:price:currency\" content=\"MXN\" \/>\n<meta property=\"og:availability\" content=\"out of stock\" \/>\n<meta property=\"product:availability\" content=\"out of stock\" \/>\n<meta property=\"product:retailer_item_id\" content=\"ARCHER GXE75\" \/>\n<meta property=\"product:condition\" content=\"new\" \/>\n<!-- \/ Yoast SEO plugin. -->","yoast_head_json":{"title":"[ Tp Link ] &#129351; Archer Gxe75 Router | | | Gaming Wi-fi 6e Axe5400 De Triple Banda Con Puerto Multi-gigabit","description":"Compra Archer Gxe75 Router | | | Gaming Wi-fi 6e Axe5400 De Triple Banda Con Puerto Multi-gigabit + Env\u00edo a domicilio + Pago seguro + Garant\u00eda","robots":{"index":"index","follow":"follow","max-snippet":"max-snippet:-1","max-image-preview":"max-image-preview:large","max-video-preview":"max-video-preview:-1"},"canonical":"https:\/\/compuviper.mx\/tienda\/producto\/tp-link-archer-gxe75-router-gaming-wi-fi-6e-axe5400-de-triple-banda-con-puerto-multi-gigabit\/","og_locale":"es_MX","og_type":"article","og_title":"[ Tp Link ] &#129351; Archer Gxe75 Router | | | Gaming Wi-fi 6e Axe5400 De Triple Banda Con Puerto Multi-gigabit","og_description":"Compra Archer Gxe75 Router | | | Gaming Wi-fi 6e Axe5400 De Triple Banda Con Puerto Multi-gigabit + Env\u00edo a domicilio + Pago seguro + Garant\u00eda","og_url":"https:\/\/compuviper.mx\/tienda\/producto\/tp-link-archer-gxe75-router-gaming-wi-fi-6e-axe5400-de-triple-banda-con-puerto-multi-gigabit\/","og_site_name":"Compuviper","article_publisher":"https:\/\/www.facebook.com\/compuviper","og_image":[{"width":200,"height":200,"url":"https:\/\/compuviper.mx\/tienda\/wp-content\/uploads\/2025\/10\/Router-tp-link-archer-gxe75-gaming-wi-fi-6e-axe5400-de-triple-banda-con-puerto-multi-gigabit.jpg","type":"image\/jpeg"}],"twitter_card":"summary_large_image","twitter_misc":{"Precio":"&#36;2,594 con IVA","Availability":"Out of stock"},"schema":{"@context":"https:\/\/schema.org","@graph":[{"@type":"WebPage","@id":"https:\/\/compuviper.mx\/tienda\/producto\/tp-link-archer-gxe75-router-gaming-wi-fi-6e-axe5400-de-triple-banda-con-puerto-multi-gigabit\/","url":"https:\/\/compuviper.mx\/tienda\/producto\/tp-link-archer-gxe75-router-gaming-wi-fi-6e-axe5400-de-triple-banda-con-puerto-multi-gigabit\/","name":"[ Tp Link ] &#129351; Archer Gxe75 Router | | | Gaming Wi-fi 6e Axe5400 De Triple Banda Con Puerto Multi-gigabit","isPartOf":{"@id":"https:\/\/compuviper.mx\/tienda\/#website"},"datePublished":"2026-04-18T07:15:07+00:00","dateModified":"2026-04-18T07:15:07+00:00","description":"Compra Archer Gxe75 Router | | | Gaming Wi-fi 6e Axe5400 De Triple Banda Con Puerto Multi-gigabit + Env\u00edo a domicilio + Pago seguro + Garant\u00eda","breadcrumb":{"@id":"https:\/\/compuviper.mx\/tienda\/producto\/tp-link-archer-gxe75-router-gaming-wi-fi-6e-axe5400-de-triple-banda-con-puerto-multi-gigabit\/#breadcrumb"},"inLanguage":"es-MX","potentialAction":[{"@type":"ReadAction","target":["https:\/\/compuviper.mx\/tienda\/producto\/tp-link-archer-gxe75-router-gaming-wi-fi-6e-axe5400-de-triple-banda-con-puerto-multi-gigabit\/"]}]},{"@type":"BreadcrumbList","@id":"https:\/\/compuviper.mx\/tienda\/producto\/tp-link-archer-gxe75-router-gaming-wi-fi-6e-axe5400-de-triple-banda-con-puerto-multi-gigabit\/#breadcrumb","itemListElement":[{"@type":"ListItem","position":1,"name":"Inicio","item":"https:\/\/compuviper.mx\/tienda\/"},{"@type":"ListItem","position":2,"name":"Productos","item":"https:\/\/compuviper.mx\/tienda\/productos\/"},{"@type":"ListItem","position":3,"name":"Redes","item":"https:\/\/compuviper.mx\/tienda\/categoria-producto\/redes\/"},{"@type":"ListItem","position":4,"name":"Router","item":"https:\/\/compuviper.mx\/tienda\/categoria-producto\/redes\/router\/"},{"@type":"ListItem","position":5,"name":"Tp Link Archer Gxe75 Router | | | Gaming Wi-fi 6e Axe5400 De Triple Banda Con Puerto Multi-gigabit"}]},{"@type":"WebSite","@id":"https:\/\/compuviper.mx\/tienda\/#website","url":"https:\/\/compuviper.mx\/tienda\/","name":"Compuviper","description":"Proveedor de Computadoras, Laptops, Servidores, Monitores, Puntos de Venta, Teclados,   Impresoras, T\u00f3ner, C\u00e1maras de Seguridad y m\u00e1s en tu tienda en l\u00ednea","publisher":{"@id":"https:\/\/compuviper.mx\/tienda\/#organization"},"potentialAction":[{"@type":"SearchAction","target":{"@type":"EntryPoint","urlTemplate":"https:\/\/compuviper.mx\/tienda\/?s={search_term_string}"},"query-input":"required name=search_term_string"}],"inLanguage":"es-MX"},{"@type":"Organization","@id":"https:\/\/compuviper.mx\/tienda\/#organization","name":"Compuviper","url":"https:\/\/compuviper.mx\/tienda\/","logo":{"@type":"ImageObject","inLanguage":"es-MX","@id":"https:\/\/compuviper.mx\/tienda\/#\/schema\/logo\/image\/","url":"https:\/\/compuviper.mx\/tienda\/wp-content\/uploads\/2021\/08\/Logo-Compuviper-10.png","contentUrl":"https:\/\/compuviper.mx\/tienda\/wp-content\/uploads\/2021\/08\/Logo-Compuviper-10.png","width":1000,"height":500,"caption":"Compuviper"},"image":{"@id":"https:\/\/compuviper.mx\/tienda\/#\/schema\/logo\/image\/"},"sameAs":["https:\/\/www.facebook.com\/compuviper","https:\/\/www.youtube.com\/channel\/UCf73dERp9Y3cfOq7q8BhLjA?view_as=subscriber"]}]},"product_brand":"TP LINK","product_price_amount":"2594","product_price_currency":"MXN","og_availability":"out of stock","product_availability":"out of stock","product_retailer_item_id":"ARCHER GXE75","product_condition":"new"},"_links":{"self":[{"href":"https:\/\/compuviper.mx\/tienda\/wp-json\/wp\/v2\/product\/256387"}],"collection":[{"href":"https:\/\/compuviper.mx\/tienda\/wp-json\/wp\/v2\/product"}],"about":[{"href":"https:\/\/compuviper.mx\/tienda\/wp-json\/wp\/v2\/types\/product"}],"replies":[{"embeddable":true,"href":"https:\/\/compuviper.mx\/tienda\/wp-json\/wp\/v2\/comments?post=256387"}],"wp:featuredmedia":[{"embeddable":true,"href":"https:\/\/compuviper.mx\/tienda\/wp-json\/wp\/v2\/media\/260225"}],"wp:attachment":[{"href":"https:\/\/compuviper.mx\/tienda\/wp-json\/wp\/v2\/media?parent=256387"}],"wp:term":[{"taxonomy":"product_cat","embeddable":true,"href":"https:\/\/compuviper.mx\/tienda\/wp-json\/wp\/v2\/product_cat?post=256387"},{"taxonomy":"product_tag","embeddable":true,"href":"https:\/\/compuviper.mx\/tienda\/wp-json\/wp\/v2\/product_tag?post=256387"}],"curies":[{"name":"wp","href":"https:\/\/api.w.org\/{rel}","templated":true}]}}