{"id":256386,"date":"2026-04-18T01:15:06","date_gmt":"2026-04-18T07:15:06","guid":{"rendered":"https:\/\/compuviper.mx\/tienda\/producto\/tp-link-archer-ge800-router-gaming-wi-fi-7-triple-banda-be19000\/"},"modified":"2026-04-18T01:15:06","modified_gmt":"2026-04-18T07:15:06","slug":"tp-link-archer-ge800-router-gaming-wi-fi-7-triple-banda-be19000","status":"publish","type":"product","link":"https:\/\/compuviper.mx\/tienda\/producto\/tp-link-archer-ge800-router-gaming-wi-fi-7-triple-banda-be19000\/","title":{"rendered":"Tp Link Archer Ge800 Router |  |  | Gaming Wi-fi 7 Triple Banda  &#8211; Be19000"},"content":{"rendered":"<table class=\"descripcion\">\n<tr>\n<td>-inal\u00e1mbricos<\/td>\n<\/tr>\n<tr>\n<td>Velocidades wi-fi be19000<\/td>\n<\/tr>\n<tr>\n<td>\u0095 6 ghz: 11520 mbps (802.11be)<\/td>\n<\/tr>\n<tr>\n<td>\u0095 5 ghz: 5760 mbps (802.11be)<\/td>\n<\/tr>\n<tr>\n<td>\u0095 2.4 ghz: 1376 mbps (802.11be)<\/td>\n<\/tr>\n<tr>\n<td>Modos de trabajo \u0095 modo de enrutador<\/td>\n<\/tr>\n<tr>\n<td>\u0095 modo de punto de acceso<\/td>\n<\/tr>\n<tr>\n<td>Advanced functions \u0095 canal de 320 mhz<\/td>\n<\/tr>\n<tr>\n<td>\u0095 4k-qam<\/td>\n<\/tr>\n<tr>\n<td>\u0095 compatible con easymesh<\/td>\n<\/tr>\n<tr>\n<td>\u0095 funciona con alexa y el asistente de google<\/td>\n<\/tr>\n<tr>\n<td>\u0095 red iot<\/td>\n<\/tr>\n<tr>\n<td>-hardware<\/td>\n<\/tr>\n<tr>\n<td>Puertos ethernet \u0095 1 wan combinada sfp+\/rj45 de 10 gbps<\/td>\n<\/tr>\n<tr>\n<td>\u0095 1 \u00d7 10 gbps wan\/lan<\/td>\n<\/tr>\n<tr>\n<td>\u0095 2 \u00d7 lan de 2,5 gbps<\/td>\n<\/tr>\n<tr>\n<td>\u0095 4 \u00d7 lan de 1 gbps<\/td>\n<\/tr>\n<tr>\n<td>Soporte usb 1 \u00d7 usb 3.0, 1 \u00d7 usb 2.0<\/td>\n<\/tr>\n<tr>\n<td>\u0095 formatos de partici\u00f3n admitidos:<\/td>\n<\/tr>\n<tr>\n<td>Ntfs, exfat, hfs+, fat32<\/td>\n<\/tr>\n<tr>\n<td>\u0095 funciones admitidas:<\/td>\n<\/tr>\n<tr>\n<td>Servidor ftp<\/td>\n<\/tr>\n<tr>\n<td>Servidor multimedia<\/td>\n<\/tr>\n<tr>\n<td>Servidor samba<\/td>\n<\/tr>\n<tr>\n<td>Seguridad<\/td>\n<\/tr>\n<tr>\n<td>Cifrado wifi \u0095 wpa<\/td>\n<\/tr>\n<tr>\n<td>\u0095 wpa2<\/td>\n<\/tr>\n<tr>\n<td>\u0095 wpa3<\/td>\n<\/tr>\n<tr>\n<td>\u0095 wpa\/wpa2-enterprise (802.1x)<\/td>\n<\/tr>\n<tr>\n<td>Seguridad de red \u0095 cortafuegos spi<\/td>\n<\/tr>\n<tr>\n<td>\u0095 control de acceso<\/td>\n<\/tr>\n<tr>\n<td>\u0095 vinculaci\u00f3n ip y mac<\/td>\n<\/tr>\n<tr>\n<td>\u0095 puerta de enlace de la capa de aplicaci\u00f3n<\/td>\n<\/tr>\n<tr>\n<td>\u0095 homeshield security<\/td>\n<\/tr>\n<tr>\n<td>Protecci\u00f3n iot en tiempo real<\/td>\n<\/tr>\n<tr>\n<td>Bloqueador de sitios maliciosos<\/td>\n<\/tr>\n<tr>\n<td>Sistema de prevenci\u00f3n de intrusi\u00f3n<\/td>\n<\/tr>\n<tr>\n<td>Prevenci\u00f3n de ataques ddos<\/td>\n<\/tr>\n<tr>\n<td>Esc\u00e1ner de red dom\u00e9stica<\/td>\n<\/tr>\n<tr>\n<td>Red de invitados \u0095 1 red de invitados de 6 ghz<\/td>\n<\/tr>\n<tr>\n<td>\u0095 1 red de invitados de 5 ghz<\/td>\n<\/tr>\n<tr>\n<td>\u0095 1 red de invitados de 2,4 ghz<\/td>\n<\/tr>\n<tr>\n<td>Servidor vpn \u0095 servidor openvpn<\/td>\n<\/tr>\n<tr>\n<td>\u0095 servidor vpn pptp<\/td>\n<\/tr>\n<tr>\n<td>\u0095 servidor vpn l2tp<\/td>\n<\/tr>\n<tr>\n<td>\u0095 servidor vpn wireguard<\/td>\n<\/tr>\n<tr>\n<td>Cliente vpn \u0095 cliente vpn abierto<\/td>\n<\/tr>\n<tr>\n<td>\u0095 cliente vpn pptp<\/td>\n<\/tr>\n<tr>\n<td>\u0095 cliente vpn l2tp<\/td>\n<\/tr>\n<tr>\n<td>\u0095 cliente vpn wireguard<\/td>\n<\/tr>\n<tr>\n<td>-software<\/td>\n<\/tr>\n<tr>\n<td>Protocolos \u0095 ipv4<\/td>\n<\/tr>\n<tr>\n<td>\u0095 ipv6<\/td>\n<\/tr>\n<tr>\n<td>Centro de juegos 1. aceleraci\u00f3n del juego:<\/td>\n<\/tr>\n<tr>\n<td>\u0095 acelere las aplicaciones de juegos con qos<\/td>\n<\/tr>\n<tr>\n<td>\u0095 acelere los dispositivos de juego con el puerto de juegos<\/td>\n<\/tr>\n<tr>\n<td>\u0095 aceleraci\u00f3n de servidores de juegos por wtfast gpn<\/td>\n<\/tr>\n<tr>\n<td>\u0095 acelera los juegos m\u00f3viles<\/td>\n<\/tr>\n<tr>\n<td>\u0095 bot\u00f3n de aceleraci\u00f3n de un clic<\/td>\n<\/tr>\n<tr>\n<td>2. panel de juego:<\/td>\n<\/tr>\n<tr>\n<td>\u0095 estad\u00edsticas de juego en tiempo real (tr\u00e1fico de red, ping de red, configuraci\u00f3n rgb)<\/td>\n<\/tr>\n<tr>\n<td>\u0095 aceleraci\u00f3n del juego, aceleraci\u00f3n de engranajes<\/td>\n<\/tr>\n<tr>\n<td>3. banda de juego dedicada<\/td>\n<\/tr>\n<tr>\n<td>Banda para juegos de 5 ghz<\/td>\n<\/tr>\n<tr>\n<td>Kit de servicio homeshield<\/td>\n<\/tr>\n<tr>\n<td>M\u00e1s informaci\u00f3n<\/td>\n<\/tr>\n<tr>\n<td>Controles parentales controles parentales de homeshield<\/td>\n<\/tr>\n<tr>\n<td>Perfiles personalizados<\/td>\n<\/tr>\n<tr>\n<td>Biblioteca de filtros de contenido profesional<\/td>\n<\/tr>\n<tr>\n<td>Tiempo familiar<\/td>\n<\/tr>\n<tr>\n<td>Hora de acostarse<\/td>\n<\/tr>\n<tr>\n<td>Fuera de tiempo<\/td>\n<\/tr>\n<tr>\n<td>Recompensas de tiempo<\/td>\n<\/tr>\n<tr>\n<td>Clasificaci\u00f3n de tiempo en l\u00ednea de la familia<\/td>\n<\/tr>\n<tr>\n<td>Pausar internet<\/td>\n<\/tr>\n<tr>\n<td>Informes semanales y mensuales<\/td>\n<\/tr>\n<tr>\n<td>Tipo de wan \u0095 ip din\u00e1mica<\/td>\n<\/tr>\n<tr>\n<td>\u0095 ip est\u00e1tica<\/td>\n<\/tr>\n<tr>\n<td>\u0095 pppoe<\/td>\n<\/tr>\n<tr>\n<td>\u0095 pptp<\/td>\n<\/tr>\n<tr>\n<td>\u0095 l2tp<\/td>\n<\/tr>\n<\/table>\n","protected":false},"excerpt":{"rendered":"<p>-velocidad de 10g reales para aut\u00e9nticos gamers. La red wi-fi 7 de triple banda ultrarr\u00e1pida hasta 19 gbps cuenta con dos puertos de 10 gbps y otros dos a 2,5 gbps por wi-fi o por cable. ?. -acelerador de videojuegos. Detecta y optimiza el flujo de los videojuegos, asegurando la mejor jugabilidad con diferentes opciones de aceleraci\u00f3n y velocidad. -dise\u00f1o gaming. Archer ge800 es el router de alto rendimiento con dise\u00f1o m\u00e1s gaming, iluminaci\u00f3n multicolor y muchas opciones de conectividad para crear un ambiente en casa. -aceleraci\u00f3n wtfast gpn. Acelera las aplicaciones de juegos, consolas de videojuegos, los juegos para m\u00f3viles y el servidor con wtfast gpn. -adapta el router al juego. Establece el puerto prioritario para mejorar la velocidad de conexi\u00f3n, los tiempos de espera y la respuesta del juego. -panel gaming exclusivo. Accede a estad\u00edsticas y tiempo de juego, estado de la latencia y utilizaci\u00f3n de la red. Seguridad avanzada tp-link homeshield. Mant\u00e9n tus cuentas a salvo y juega con la mayor privacidad con el sistema homshield.<\/p>\n","protected":false},"featured_media":260224,"comment_status":"open","ping_status":"open","template":"","meta":[],"product_cat":[1563,1753],"product_tag":[1562],"acf":[],"yoast_head":"<!-- This site is optimized with the Yoast SEO plugin v21.7 - https:\/\/yoast.com\/wordpress\/plugins\/seo\/ -->\n<title>[ Tp Link ] &#129351; Archer Ge800 Router | | | Gaming Wi-fi 7 Triple Banda - Be19000<\/title>\n<meta name=\"description\" content=\"Compra Archer Ge800 Router | | | Gaming Wi-fi 7 Triple Banda - Be19000 + Env\u00edo a domicilio + Pago seguro + Garant\u00eda\" \/>\n<meta name=\"robots\" content=\"index, follow, max-snippet:-1, max-image-preview:large, max-video-preview:-1\" \/>\n<link rel=\"canonical\" href=\"https:\/\/compuviper.mx\/tienda\/producto\/tp-link-archer-ge800-router-gaming-wi-fi-7-triple-banda-be19000\/\" \/>\n<meta property=\"og:locale\" content=\"es_MX\" \/>\n<meta property=\"og:type\" content=\"article\" \/>\n<meta property=\"og:title\" content=\"[ Tp Link ] &#129351; Archer Ge800 Router | | | Gaming Wi-fi 7 Triple Banda - Be19000\" \/>\n<meta property=\"og:description\" content=\"Compra Archer Ge800 Router | | | Gaming Wi-fi 7 Triple Banda - Be19000 + Env\u00edo a domicilio + Pago seguro + Garant\u00eda\" \/>\n<meta property=\"og:url\" content=\"https:\/\/compuviper.mx\/tienda\/producto\/tp-link-archer-ge800-router-gaming-wi-fi-7-triple-banda-be19000\/\" \/>\n<meta property=\"og:site_name\" content=\"Compuviper\" \/>\n<meta property=\"article:publisher\" content=\"https:\/\/www.facebook.com\/compuviper\" \/>\n<meta property=\"og:image\" content=\"https:\/\/compuviper.mx\/tienda\/wp-content\/uploads\/2025\/10\/Router-tp-link-archer-ge800-gaming-wi-fi-7-triple-banda-archer-ge800-be19000.jpg\" \/>\n\t<meta property=\"og:image:width\" content=\"200\" \/>\n\t<meta property=\"og:image:height\" content=\"200\" \/>\n\t<meta property=\"og:image:type\" content=\"image\/jpeg\" \/>\n<meta name=\"twitter:card\" content=\"summary_large_image\" \/>\n<meta name=\"twitter:label1\" content=\"Precio\" \/>\n\t<meta name=\"twitter:data1\" content=\"&#36;7,902 con IVA\" \/>\n\t<meta name=\"twitter:label2\" content=\"Availability\" \/>\n\t<meta name=\"twitter:data2\" content=\"Out of stock\" \/>\n<script type=\"application\/ld+json\" class=\"yoast-schema-graph\">{\"@context\":\"https:\/\/schema.org\",\"@graph\":[{\"@type\":\"WebPage\",\"@id\":\"https:\/\/compuviper.mx\/tienda\/producto\/tp-link-archer-ge800-router-gaming-wi-fi-7-triple-banda-be19000\/\",\"url\":\"https:\/\/compuviper.mx\/tienda\/producto\/tp-link-archer-ge800-router-gaming-wi-fi-7-triple-banda-be19000\/\",\"name\":\"[ Tp Link ] &#129351; Archer Ge800 Router | | | Gaming Wi-fi 7 Triple Banda - Be19000\",\"isPartOf\":{\"@id\":\"https:\/\/compuviper.mx\/tienda\/#website\"},\"datePublished\":\"2026-04-18T07:15:06+00:00\",\"dateModified\":\"2026-04-18T07:15:06+00:00\",\"description\":\"Compra Archer Ge800 Router | | | Gaming Wi-fi 7 Triple Banda - Be19000 + Env\u00edo a domicilio + Pago seguro + Garant\u00eda\",\"breadcrumb\":{\"@id\":\"https:\/\/compuviper.mx\/tienda\/producto\/tp-link-archer-ge800-router-gaming-wi-fi-7-triple-banda-be19000\/#breadcrumb\"},\"inLanguage\":\"es-MX\",\"potentialAction\":[{\"@type\":\"ReadAction\",\"target\":[\"https:\/\/compuviper.mx\/tienda\/producto\/tp-link-archer-ge800-router-gaming-wi-fi-7-triple-banda-be19000\/\"]}]},{\"@type\":\"BreadcrumbList\",\"@id\":\"https:\/\/compuviper.mx\/tienda\/producto\/tp-link-archer-ge800-router-gaming-wi-fi-7-triple-banda-be19000\/#breadcrumb\",\"itemListElement\":[{\"@type\":\"ListItem\",\"position\":1,\"name\":\"Inicio\",\"item\":\"https:\/\/compuviper.mx\/tienda\/\"},{\"@type\":\"ListItem\",\"position\":2,\"name\":\"Productos\",\"item\":\"https:\/\/compuviper.mx\/tienda\/productos\/\"},{\"@type\":\"ListItem\",\"position\":3,\"name\":\"Redes\",\"item\":\"https:\/\/compuviper.mx\/tienda\/categoria-producto\/redes\/\"},{\"@type\":\"ListItem\",\"position\":4,\"name\":\"Router\",\"item\":\"https:\/\/compuviper.mx\/tienda\/categoria-producto\/redes\/router\/\"},{\"@type\":\"ListItem\",\"position\":5,\"name\":\"Tp Link Archer Ge800 Router | | | Gaming Wi-fi 7 Triple Banda &#8211; Be19000\"}]},{\"@type\":\"WebSite\",\"@id\":\"https:\/\/compuviper.mx\/tienda\/#website\",\"url\":\"https:\/\/compuviper.mx\/tienda\/\",\"name\":\"Compuviper\",\"description\":\"Proveedor de Computadoras, Laptops, Servidores, Monitores, Puntos de Venta, Teclados,   Impresoras, T\u00f3ner, C\u00e1maras de Seguridad y m\u00e1s en tu tienda en l\u00ednea\",\"publisher\":{\"@id\":\"https:\/\/compuviper.mx\/tienda\/#organization\"},\"potentialAction\":[{\"@type\":\"SearchAction\",\"target\":{\"@type\":\"EntryPoint\",\"urlTemplate\":\"https:\/\/compuviper.mx\/tienda\/?s={search_term_string}\"},\"query-input\":\"required name=search_term_string\"}],\"inLanguage\":\"es-MX\"},{\"@type\":\"Organization\",\"@id\":\"https:\/\/compuviper.mx\/tienda\/#organization\",\"name\":\"Compuviper\",\"url\":\"https:\/\/compuviper.mx\/tienda\/\",\"logo\":{\"@type\":\"ImageObject\",\"inLanguage\":\"es-MX\",\"@id\":\"https:\/\/compuviper.mx\/tienda\/#\/schema\/logo\/image\/\",\"url\":\"https:\/\/compuviper.mx\/tienda\/wp-content\/uploads\/2021\/08\/Logo-Compuviper-10.png\",\"contentUrl\":\"https:\/\/compuviper.mx\/tienda\/wp-content\/uploads\/2021\/08\/Logo-Compuviper-10.png\",\"width\":1000,\"height\":500,\"caption\":\"Compuviper\"},\"image\":{\"@id\":\"https:\/\/compuviper.mx\/tienda\/#\/schema\/logo\/image\/\"},\"sameAs\":[\"https:\/\/www.facebook.com\/compuviper\",\"https:\/\/www.youtube.com\/channel\/UCf73dERp9Y3cfOq7q8BhLjA?view_as=subscriber\"]}]}<\/script>\n<meta property=\"product:brand\" content=\"TP LINK\" \/>\n<meta property=\"product:price:amount\" content=\"7902\" \/>\n<meta property=\"product:price:currency\" content=\"MXN\" \/>\n<meta property=\"og:availability\" content=\"out of stock\" \/>\n<meta property=\"product:availability\" content=\"out of stock\" \/>\n<meta property=\"product:retailer_item_id\" content=\"ARCHER GE800\" \/>\n<meta property=\"product:condition\" content=\"new\" \/>\n<!-- \/ Yoast SEO plugin. -->","yoast_head_json":{"title":"[ Tp Link ] &#129351; Archer Ge800 Router | | | Gaming Wi-fi 7 Triple Banda - Be19000","description":"Compra Archer Ge800 Router | | | Gaming Wi-fi 7 Triple Banda - Be19000 + Env\u00edo a domicilio + Pago seguro + Garant\u00eda","robots":{"index":"index","follow":"follow","max-snippet":"max-snippet:-1","max-image-preview":"max-image-preview:large","max-video-preview":"max-video-preview:-1"},"canonical":"https:\/\/compuviper.mx\/tienda\/producto\/tp-link-archer-ge800-router-gaming-wi-fi-7-triple-banda-be19000\/","og_locale":"es_MX","og_type":"article","og_title":"[ Tp Link ] &#129351; Archer Ge800 Router | | | Gaming Wi-fi 7 Triple Banda - Be19000","og_description":"Compra Archer Ge800 Router | | | Gaming Wi-fi 7 Triple Banda - Be19000 + Env\u00edo a domicilio + Pago seguro + Garant\u00eda","og_url":"https:\/\/compuviper.mx\/tienda\/producto\/tp-link-archer-ge800-router-gaming-wi-fi-7-triple-banda-be19000\/","og_site_name":"Compuviper","article_publisher":"https:\/\/www.facebook.com\/compuviper","og_image":[{"width":200,"height":200,"url":"https:\/\/compuviper.mx\/tienda\/wp-content\/uploads\/2025\/10\/Router-tp-link-archer-ge800-gaming-wi-fi-7-triple-banda-archer-ge800-be19000.jpg","type":"image\/jpeg"}],"twitter_card":"summary_large_image","twitter_misc":{"Precio":"&#36;7,902 con IVA","Availability":"Out of stock"},"schema":{"@context":"https:\/\/schema.org","@graph":[{"@type":"WebPage","@id":"https:\/\/compuviper.mx\/tienda\/producto\/tp-link-archer-ge800-router-gaming-wi-fi-7-triple-banda-be19000\/","url":"https:\/\/compuviper.mx\/tienda\/producto\/tp-link-archer-ge800-router-gaming-wi-fi-7-triple-banda-be19000\/","name":"[ Tp Link ] &#129351; Archer Ge800 Router | | | Gaming Wi-fi 7 Triple Banda - Be19000","isPartOf":{"@id":"https:\/\/compuviper.mx\/tienda\/#website"},"datePublished":"2026-04-18T07:15:06+00:00","dateModified":"2026-04-18T07:15:06+00:00","description":"Compra Archer Ge800 Router | | | Gaming Wi-fi 7 Triple Banda - Be19000 + Env\u00edo a domicilio + Pago seguro + Garant\u00eda","breadcrumb":{"@id":"https:\/\/compuviper.mx\/tienda\/producto\/tp-link-archer-ge800-router-gaming-wi-fi-7-triple-banda-be19000\/#breadcrumb"},"inLanguage":"es-MX","potentialAction":[{"@type":"ReadAction","target":["https:\/\/compuviper.mx\/tienda\/producto\/tp-link-archer-ge800-router-gaming-wi-fi-7-triple-banda-be19000\/"]}]},{"@type":"BreadcrumbList","@id":"https:\/\/compuviper.mx\/tienda\/producto\/tp-link-archer-ge800-router-gaming-wi-fi-7-triple-banda-be19000\/#breadcrumb","itemListElement":[{"@type":"ListItem","position":1,"name":"Inicio","item":"https:\/\/compuviper.mx\/tienda\/"},{"@type":"ListItem","position":2,"name":"Productos","item":"https:\/\/compuviper.mx\/tienda\/productos\/"},{"@type":"ListItem","position":3,"name":"Redes","item":"https:\/\/compuviper.mx\/tienda\/categoria-producto\/redes\/"},{"@type":"ListItem","position":4,"name":"Router","item":"https:\/\/compuviper.mx\/tienda\/categoria-producto\/redes\/router\/"},{"@type":"ListItem","position":5,"name":"Tp Link Archer Ge800 Router | | | Gaming Wi-fi 7 Triple Banda &#8211; Be19000"}]},{"@type":"WebSite","@id":"https:\/\/compuviper.mx\/tienda\/#website","url":"https:\/\/compuviper.mx\/tienda\/","name":"Compuviper","description":"Proveedor de Computadoras, Laptops, Servidores, Monitores, Puntos de Venta, Teclados,   Impresoras, T\u00f3ner, C\u00e1maras de Seguridad y m\u00e1s en tu tienda en l\u00ednea","publisher":{"@id":"https:\/\/compuviper.mx\/tienda\/#organization"},"potentialAction":[{"@type":"SearchAction","target":{"@type":"EntryPoint","urlTemplate":"https:\/\/compuviper.mx\/tienda\/?s={search_term_string}"},"query-input":"required name=search_term_string"}],"inLanguage":"es-MX"},{"@type":"Organization","@id":"https:\/\/compuviper.mx\/tienda\/#organization","name":"Compuviper","url":"https:\/\/compuviper.mx\/tienda\/","logo":{"@type":"ImageObject","inLanguage":"es-MX","@id":"https:\/\/compuviper.mx\/tienda\/#\/schema\/logo\/image\/","url":"https:\/\/compuviper.mx\/tienda\/wp-content\/uploads\/2021\/08\/Logo-Compuviper-10.png","contentUrl":"https:\/\/compuviper.mx\/tienda\/wp-content\/uploads\/2021\/08\/Logo-Compuviper-10.png","width":1000,"height":500,"caption":"Compuviper"},"image":{"@id":"https:\/\/compuviper.mx\/tienda\/#\/schema\/logo\/image\/"},"sameAs":["https:\/\/www.facebook.com\/compuviper","https:\/\/www.youtube.com\/channel\/UCf73dERp9Y3cfOq7q8BhLjA?view_as=subscriber"]}]},"product_brand":"TP LINK","product_price_amount":"7902","product_price_currency":"MXN","og_availability":"out of stock","product_availability":"out of stock","product_retailer_item_id":"ARCHER GE800","product_condition":"new"},"_links":{"self":[{"href":"https:\/\/compuviper.mx\/tienda\/wp-json\/wp\/v2\/product\/256386"}],"collection":[{"href":"https:\/\/compuviper.mx\/tienda\/wp-json\/wp\/v2\/product"}],"about":[{"href":"https:\/\/compuviper.mx\/tienda\/wp-json\/wp\/v2\/types\/product"}],"replies":[{"embeddable":true,"href":"https:\/\/compuviper.mx\/tienda\/wp-json\/wp\/v2\/comments?post=256386"}],"wp:featuredmedia":[{"embeddable":true,"href":"https:\/\/compuviper.mx\/tienda\/wp-json\/wp\/v2\/media\/260224"}],"wp:attachment":[{"href":"https:\/\/compuviper.mx\/tienda\/wp-json\/wp\/v2\/media?parent=256386"}],"wp:term":[{"taxonomy":"product_cat","embeddable":true,"href":"https:\/\/compuviper.mx\/tienda\/wp-json\/wp\/v2\/product_cat?post=256386"},{"taxonomy":"product_tag","embeddable":true,"href":"https:\/\/compuviper.mx\/tienda\/wp-json\/wp\/v2\/product_tag?post=256386"}],"curies":[{"name":"wp","href":"https:\/\/api.w.org\/{rel}","templated":true}]}}