{"id":256385,"date":"2026-04-11T01:10:18","date_gmt":"2026-04-11T07:10:18","guid":{"rendered":"https:\/\/compuviper.mx\/tienda\/producto\/tp-link-re550-repetidor-repetidor-wi-fi-5-ac1900-con-puerto-gigabit\/"},"modified":"2026-04-11T01:10:18","modified_gmt":"2026-04-11T07:10:18","slug":"tp-link-re550-repetidor-repetidor-wi-fi-5-ac1900-con-puerto-gigabit","status":"publish","type":"product","link":"https:\/\/compuviper.mx\/tienda\/producto\/tp-link-re550-repetidor-repetidor-wi-fi-5-ac1900-con-puerto-gigabit\/","title":{"rendered":"Tp Link Re550 Repetidor |  |  | Repetidor Wi-fi 5 Ac1900 Con Puerto Gigabit"},"content":{"rendered":"<table class=\"descripcion\">\n<tr>\n<td>-inal\u00e1mbricos<\/td>\n<\/tr>\n<tr>\n<td>Modos de trabajo extensor de alcance\/punto de acceso<\/td>\n<\/tr>\n<tr>\n<td>Caracter\u00edsticas de hardware<\/td>\n<\/tr>\n<tr>\n<td>Tipo de enchufe eu, uk, us, au, kr, jp<\/td>\n<\/tr>\n<tr>\n<td>Interfaz 1 puerto ethernet gigabit<\/td>\n<\/tr>\n<tr>\n<td>Botones bot\u00f3n wps, bot\u00f3n de reinicio, bot\u00f3n led, bot\u00f3n de encendido<\/td>\n<\/tr>\n<tr>\n<td>Potencia de entrada 100-240v~50\/60hz<\/td>\n<\/tr>\n<tr>\n<td>Consumo de potencia 10w  and #65288;consumo m\u00e1ximo de energ\u00eda and #65289;<\/td>\n<\/tr>\n<tr>\n<td>Dimensiones 163 x 76.4 x 66.5mm<\/td>\n<\/tr>\n<tr>\n<td>Antenas 3 x externas<\/td>\n<\/tr>\n<tr>\n<td>-caracter\u00edsticas inal\u00e1mbricas<\/td>\n<\/tr>\n<tr>\n<td>Est\u00e1ndares inal\u00e1mbricos ieee 802.11a\/n\/ac 5 ghz, ieee 802.11b\/g\/n 2.4 ghz<\/td>\n<\/tr>\n<tr>\n<td>Frecuencia 2.4ghz  and  5ghz(11ac)<\/td>\n<\/tr>\n<tr>\n<td>Tasa de se\u00f1al 600 mbps a 2,4 ghz, 1300 mbps a 5 ghz<\/td>\n<\/tr>\n<tr>\n<td>Working modes extensor de rango \/ punto de acceso<\/td>\n<\/tr>\n<tr>\n<td>Sensibilidad de recepci\u00f3n 5ghz and #65306;<\/td>\n<\/tr>\n<tr>\n<td>11a 6mbps:-93dbm<\/td>\n<\/tr>\n<tr>\n<td>11a 54mbps: -76dbm<\/td>\n<\/tr>\n<tr>\n<td>11ac ht20 mcs8: -68dbm<\/td>\n<\/tr>\n<tr>\n<td>11ac ht40 mcs9: -64dbm<\/td>\n<\/tr>\n<tr>\n<td>11ac ht80 mcs9: -61dbm<\/td>\n<\/tr>\n<tr>\n<td>2.4ghz:<\/td>\n<\/tr>\n<tr>\n<td>11g 54mbps: -77dbm<\/td>\n<\/tr>\n<tr>\n<td>11n ht20 mcs7: -73dbm<\/td>\n<\/tr>\n<tr>\n<td>11n ht40 mcs7: -70dbm<\/td>\n<\/tr>\n<tr>\n<td>Funciones inal\u00e1mbricas estad\u00edstica inal\u00e1mbrica<\/td>\n<\/tr>\n<tr>\n<td>El modo concurrente aumenta ambas bandas wifi 2.4g \/ 5g<\/td>\n<\/tr>\n<tr>\n<td>Control de acceso<\/td>\n<\/tr>\n<tr>\n<td>Control de led<\/td>\n<\/tr>\n<tr>\n<td>Funci\u00f3n de inicio de sesi\u00f3n de dominio<\/td>\n<\/tr>\n<tr>\n<td>Cobertura wi-fi<\/td>\n<\/tr>\n<tr>\n<td>Seguridad inal\u00e1mbrica 64\/128-bit wep, wpa-psk \/ wpa2-psk<\/td>\n<\/tr>\n<tr>\n<td>Potencia de transmisi\u00f3n 2.4g 20dbm, 5g 23dbm<\/td>\n<\/tr>\n<\/table>\n","protected":false},"excerpt":{"rendered":"<p>-cobertura m\u00e1xima &#8211; extiende la cobertura wi-fi hasta 1.115 m2 (12.000 pies cuadrados)?. -wi-fi de doble banda ac1900 &#8211; 600 mbps simult\u00e1neos en 2.4 ghz + 1300 mbps en 5 ghz?. -compatible con easymesh &#8211; crea de forma flexible una red wifi mesh para todo el hogar. -tres antenas &#8211; tres antenas externas ajustables proporcionan una cobertura wi-fi \u00f3ptima y conexiones fiables. -puerto ethernet gigabit &#8211; act\u00faa como un adaptador inal\u00e1mbrico para conectar un dispositivo cableado a tu red a velocidad gigabit. -luz de se\u00f1al inteligente &#8211; ayuda a encontrar la mejor ubicaci\u00f3n para una cobertura wi-fi \u00f3ptima mostrando la intensidad de la se\u00f1al. -modo pa &#8211; crea un nuevo punto de acceso wi-fi para mejorar tu red cableada con capacidad wi-fi. -aplicaci\u00f3n tp-link tether &#8211; accede y gestiona f\u00e1cilmente tu red usando cualquier dispositivo m\u00f3vil ios o android. -compatibilidad universal &#8211; extiende el rango de cualquier router wi-fi o punto de acceso inal\u00e1mbrico. -compatible con easymesh &#8211; crea de forma flexible una red mesh conect\u00e1ndose a un router compatible con easymesh para una cobertura perfecta en todo el hogar<\/p>\n","protected":false},"featured_media":260223,"comment_status":"open","ping_status":"open","template":"","meta":[],"product_cat":[1563,1755],"product_tag":[1562],"acf":[],"yoast_head":"<!-- This site is optimized with the Yoast SEO plugin v21.7 - https:\/\/yoast.com\/wordpress\/plugins\/seo\/ -->\n<title>[ Tp Link ] &#129351; Re550 Repetidor | | | Repetidor Wi-fi 5 Ac1900 Con Puerto Gigabit<\/title>\n<meta name=\"description\" content=\"Compra Re550 Repetidor | | | Repetidor Wi-fi 5 Ac1900 Con Puerto Gigabit + Env\u00edo a domicilio + Pago seguro + Garant\u00eda\" \/>\n<meta name=\"robots\" content=\"index, follow, max-snippet:-1, max-image-preview:large, max-video-preview:-1\" \/>\n<link rel=\"canonical\" href=\"https:\/\/compuviper.mx\/tienda\/producto\/tp-link-re550-repetidor-repetidor-wi-fi-5-ac1900-con-puerto-gigabit\/\" \/>\n<meta property=\"og:locale\" content=\"es_MX\" \/>\n<meta property=\"og:type\" content=\"article\" \/>\n<meta property=\"og:title\" content=\"[ Tp Link ] &#129351; Re550 Repetidor | | | Repetidor Wi-fi 5 Ac1900 Con Puerto Gigabit\" \/>\n<meta property=\"og:description\" content=\"Compra Re550 Repetidor | | | Repetidor Wi-fi 5 Ac1900 Con Puerto Gigabit + Env\u00edo a domicilio + Pago seguro + Garant\u00eda\" \/>\n<meta property=\"og:url\" content=\"https:\/\/compuviper.mx\/tienda\/producto\/tp-link-re550-repetidor-repetidor-wi-fi-5-ac1900-con-puerto-gigabit\/\" \/>\n<meta property=\"og:site_name\" content=\"Compuviper\" \/>\n<meta property=\"article:publisher\" content=\"https:\/\/www.facebook.com\/compuviper\" \/>\n<meta property=\"og:image\" content=\"https:\/\/compuviper.mx\/tienda\/wp-content\/uploads\/2025\/10\/Repetidor-tp-link-re550-repetidor-wi-fi-5-ac1900-con-puerto-gigabit.jpg\" \/>\n\t<meta property=\"og:image:width\" content=\"200\" \/>\n\t<meta property=\"og:image:height\" content=\"200\" \/>\n\t<meta property=\"og:image:type\" content=\"image\/jpeg\" \/>\n<meta name=\"twitter:card\" content=\"summary_large_image\" \/>\n<meta name=\"twitter:label1\" content=\"Precio\" \/>\n\t<meta name=\"twitter:data1\" content=\"&#36;668 con IVA\" \/>\n\t<meta name=\"twitter:label2\" content=\"Availability\" \/>\n\t<meta name=\"twitter:data2\" content=\"On backorder\" \/>\n<script type=\"application\/ld+json\" class=\"yoast-schema-graph\">{\"@context\":\"https:\/\/schema.org\",\"@graph\":[{\"@type\":\"WebPage\",\"@id\":\"https:\/\/compuviper.mx\/tienda\/producto\/tp-link-re550-repetidor-repetidor-wi-fi-5-ac1900-con-puerto-gigabit\/\",\"url\":\"https:\/\/compuviper.mx\/tienda\/producto\/tp-link-re550-repetidor-repetidor-wi-fi-5-ac1900-con-puerto-gigabit\/\",\"name\":\"[ Tp Link ] &#129351; Re550 Repetidor | | | Repetidor Wi-fi 5 Ac1900 Con Puerto Gigabit\",\"isPartOf\":{\"@id\":\"https:\/\/compuviper.mx\/tienda\/#website\"},\"datePublished\":\"2026-04-11T07:10:18+00:00\",\"dateModified\":\"2026-04-11T07:10:18+00:00\",\"description\":\"Compra Re550 Repetidor | | | Repetidor Wi-fi 5 Ac1900 Con Puerto Gigabit + Env\u00edo a domicilio + Pago seguro + Garant\u00eda\",\"breadcrumb\":{\"@id\":\"https:\/\/compuviper.mx\/tienda\/producto\/tp-link-re550-repetidor-repetidor-wi-fi-5-ac1900-con-puerto-gigabit\/#breadcrumb\"},\"inLanguage\":\"es-MX\",\"potentialAction\":[{\"@type\":\"ReadAction\",\"target\":[\"https:\/\/compuviper.mx\/tienda\/producto\/tp-link-re550-repetidor-repetidor-wi-fi-5-ac1900-con-puerto-gigabit\/\"]}]},{\"@type\":\"BreadcrumbList\",\"@id\":\"https:\/\/compuviper.mx\/tienda\/producto\/tp-link-re550-repetidor-repetidor-wi-fi-5-ac1900-con-puerto-gigabit\/#breadcrumb\",\"itemListElement\":[{\"@type\":\"ListItem\",\"position\":1,\"name\":\"Inicio\",\"item\":\"https:\/\/compuviper.mx\/tienda\/\"},{\"@type\":\"ListItem\",\"position\":2,\"name\":\"Productos\",\"item\":\"https:\/\/compuviper.mx\/tienda\/productos\/\"},{\"@type\":\"ListItem\",\"position\":3,\"name\":\"Redes\",\"item\":\"https:\/\/compuviper.mx\/tienda\/categoria-producto\/redes\/\"},{\"@type\":\"ListItem\",\"position\":4,\"name\":\"Repetidor Wireless\",\"item\":\"https:\/\/compuviper.mx\/tienda\/categoria-producto\/redes\/repetidor-wireless\/\"},{\"@type\":\"ListItem\",\"position\":5,\"name\":\"Tp Link Re550 Repetidor | | | Repetidor Wi-fi 5 Ac1900 Con Puerto Gigabit\"}]},{\"@type\":\"WebSite\",\"@id\":\"https:\/\/compuviper.mx\/tienda\/#website\",\"url\":\"https:\/\/compuviper.mx\/tienda\/\",\"name\":\"Compuviper\",\"description\":\"Proveedor de Computadoras, Laptops, Servidores, Monitores, Puntos de Venta, Teclados,   Impresoras, T\u00f3ner, C\u00e1maras de Seguridad y m\u00e1s en tu tienda en l\u00ednea\",\"publisher\":{\"@id\":\"https:\/\/compuviper.mx\/tienda\/#organization\"},\"potentialAction\":[{\"@type\":\"SearchAction\",\"target\":{\"@type\":\"EntryPoint\",\"urlTemplate\":\"https:\/\/compuviper.mx\/tienda\/?s={search_term_string}\"},\"query-input\":\"required name=search_term_string\"}],\"inLanguage\":\"es-MX\"},{\"@type\":\"Organization\",\"@id\":\"https:\/\/compuviper.mx\/tienda\/#organization\",\"name\":\"Compuviper\",\"url\":\"https:\/\/compuviper.mx\/tienda\/\",\"logo\":{\"@type\":\"ImageObject\",\"inLanguage\":\"es-MX\",\"@id\":\"https:\/\/compuviper.mx\/tienda\/#\/schema\/logo\/image\/\",\"url\":\"https:\/\/compuviper.mx\/tienda\/wp-content\/uploads\/2021\/08\/Logo-Compuviper-10.png\",\"contentUrl\":\"https:\/\/compuviper.mx\/tienda\/wp-content\/uploads\/2021\/08\/Logo-Compuviper-10.png\",\"width\":1000,\"height\":500,\"caption\":\"Compuviper\"},\"image\":{\"@id\":\"https:\/\/compuviper.mx\/tienda\/#\/schema\/logo\/image\/\"},\"sameAs\":[\"https:\/\/www.facebook.com\/compuviper\",\"https:\/\/www.youtube.com\/channel\/UCf73dERp9Y3cfOq7q8BhLjA?view_as=subscriber\"]}]}<\/script>\n<meta property=\"product:brand\" content=\"TP LINK\" \/>\n<meta property=\"product:price:amount\" content=\"668\" \/>\n<meta property=\"product:price:currency\" content=\"MXN\" \/>\n<meta property=\"og:availability\" content=\"backorder\" \/>\n<meta property=\"product:availability\" content=\"available for order\" \/>\n<meta property=\"product:retailer_item_id\" content=\"RE550\" \/>\n<meta property=\"product:condition\" content=\"new\" \/>\n<!-- \/ Yoast SEO plugin. -->","yoast_head_json":{"title":"[ Tp Link ] &#129351; Re550 Repetidor | | | Repetidor Wi-fi 5 Ac1900 Con Puerto Gigabit","description":"Compra Re550 Repetidor | | | Repetidor Wi-fi 5 Ac1900 Con Puerto Gigabit + Env\u00edo a domicilio + Pago seguro + Garant\u00eda","robots":{"index":"index","follow":"follow","max-snippet":"max-snippet:-1","max-image-preview":"max-image-preview:large","max-video-preview":"max-video-preview:-1"},"canonical":"https:\/\/compuviper.mx\/tienda\/producto\/tp-link-re550-repetidor-repetidor-wi-fi-5-ac1900-con-puerto-gigabit\/","og_locale":"es_MX","og_type":"article","og_title":"[ Tp Link ] &#129351; Re550 Repetidor | | | Repetidor Wi-fi 5 Ac1900 Con Puerto Gigabit","og_description":"Compra Re550 Repetidor | | | Repetidor Wi-fi 5 Ac1900 Con Puerto Gigabit + Env\u00edo a domicilio + Pago seguro + Garant\u00eda","og_url":"https:\/\/compuviper.mx\/tienda\/producto\/tp-link-re550-repetidor-repetidor-wi-fi-5-ac1900-con-puerto-gigabit\/","og_site_name":"Compuviper","article_publisher":"https:\/\/www.facebook.com\/compuviper","og_image":[{"width":200,"height":200,"url":"https:\/\/compuviper.mx\/tienda\/wp-content\/uploads\/2025\/10\/Repetidor-tp-link-re550-repetidor-wi-fi-5-ac1900-con-puerto-gigabit.jpg","type":"image\/jpeg"}],"twitter_card":"summary_large_image","twitter_misc":{"Precio":"&#36;668 con IVA","Availability":"On backorder"},"schema":{"@context":"https:\/\/schema.org","@graph":[{"@type":"WebPage","@id":"https:\/\/compuviper.mx\/tienda\/producto\/tp-link-re550-repetidor-repetidor-wi-fi-5-ac1900-con-puerto-gigabit\/","url":"https:\/\/compuviper.mx\/tienda\/producto\/tp-link-re550-repetidor-repetidor-wi-fi-5-ac1900-con-puerto-gigabit\/","name":"[ Tp Link ] &#129351; Re550 Repetidor | | | Repetidor Wi-fi 5 Ac1900 Con Puerto Gigabit","isPartOf":{"@id":"https:\/\/compuviper.mx\/tienda\/#website"},"datePublished":"2026-04-11T07:10:18+00:00","dateModified":"2026-04-11T07:10:18+00:00","description":"Compra Re550 Repetidor | | | Repetidor Wi-fi 5 Ac1900 Con Puerto Gigabit + Env\u00edo a domicilio + Pago seguro + Garant\u00eda","breadcrumb":{"@id":"https:\/\/compuviper.mx\/tienda\/producto\/tp-link-re550-repetidor-repetidor-wi-fi-5-ac1900-con-puerto-gigabit\/#breadcrumb"},"inLanguage":"es-MX","potentialAction":[{"@type":"ReadAction","target":["https:\/\/compuviper.mx\/tienda\/producto\/tp-link-re550-repetidor-repetidor-wi-fi-5-ac1900-con-puerto-gigabit\/"]}]},{"@type":"BreadcrumbList","@id":"https:\/\/compuviper.mx\/tienda\/producto\/tp-link-re550-repetidor-repetidor-wi-fi-5-ac1900-con-puerto-gigabit\/#breadcrumb","itemListElement":[{"@type":"ListItem","position":1,"name":"Inicio","item":"https:\/\/compuviper.mx\/tienda\/"},{"@type":"ListItem","position":2,"name":"Productos","item":"https:\/\/compuviper.mx\/tienda\/productos\/"},{"@type":"ListItem","position":3,"name":"Redes","item":"https:\/\/compuviper.mx\/tienda\/categoria-producto\/redes\/"},{"@type":"ListItem","position":4,"name":"Repetidor Wireless","item":"https:\/\/compuviper.mx\/tienda\/categoria-producto\/redes\/repetidor-wireless\/"},{"@type":"ListItem","position":5,"name":"Tp Link Re550 Repetidor | | | Repetidor Wi-fi 5 Ac1900 Con Puerto Gigabit"}]},{"@type":"WebSite","@id":"https:\/\/compuviper.mx\/tienda\/#website","url":"https:\/\/compuviper.mx\/tienda\/","name":"Compuviper","description":"Proveedor de Computadoras, Laptops, Servidores, Monitores, Puntos de Venta, Teclados,   Impresoras, T\u00f3ner, C\u00e1maras de Seguridad y m\u00e1s en tu tienda en l\u00ednea","publisher":{"@id":"https:\/\/compuviper.mx\/tienda\/#organization"},"potentialAction":[{"@type":"SearchAction","target":{"@type":"EntryPoint","urlTemplate":"https:\/\/compuviper.mx\/tienda\/?s={search_term_string}"},"query-input":"required name=search_term_string"}],"inLanguage":"es-MX"},{"@type":"Organization","@id":"https:\/\/compuviper.mx\/tienda\/#organization","name":"Compuviper","url":"https:\/\/compuviper.mx\/tienda\/","logo":{"@type":"ImageObject","inLanguage":"es-MX","@id":"https:\/\/compuviper.mx\/tienda\/#\/schema\/logo\/image\/","url":"https:\/\/compuviper.mx\/tienda\/wp-content\/uploads\/2021\/08\/Logo-Compuviper-10.png","contentUrl":"https:\/\/compuviper.mx\/tienda\/wp-content\/uploads\/2021\/08\/Logo-Compuviper-10.png","width":1000,"height":500,"caption":"Compuviper"},"image":{"@id":"https:\/\/compuviper.mx\/tienda\/#\/schema\/logo\/image\/"},"sameAs":["https:\/\/www.facebook.com\/compuviper","https:\/\/www.youtube.com\/channel\/UCf73dERp9Y3cfOq7q8BhLjA?view_as=subscriber"]}]},"product_brand":"TP LINK","product_price_amount":"668","product_price_currency":"MXN","og_availability":"backorder","product_availability":"available for order","product_retailer_item_id":"RE550","product_condition":"new"},"_links":{"self":[{"href":"https:\/\/compuviper.mx\/tienda\/wp-json\/wp\/v2\/product\/256385"}],"collection":[{"href":"https:\/\/compuviper.mx\/tienda\/wp-json\/wp\/v2\/product"}],"about":[{"href":"https:\/\/compuviper.mx\/tienda\/wp-json\/wp\/v2\/types\/product"}],"replies":[{"embeddable":true,"href":"https:\/\/compuviper.mx\/tienda\/wp-json\/wp\/v2\/comments?post=256385"}],"wp:featuredmedia":[{"embeddable":true,"href":"https:\/\/compuviper.mx\/tienda\/wp-json\/wp\/v2\/media\/260223"}],"wp:attachment":[{"href":"https:\/\/compuviper.mx\/tienda\/wp-json\/wp\/v2\/media?parent=256385"}],"wp:term":[{"taxonomy":"product_cat","embeddable":true,"href":"https:\/\/compuviper.mx\/tienda\/wp-json\/wp\/v2\/product_cat?post=256385"},{"taxonomy":"product_tag","embeddable":true,"href":"https:\/\/compuviper.mx\/tienda\/wp-json\/wp\/v2\/product_tag?post=256385"}],"curies":[{"name":"wp","href":"https:\/\/api.w.org\/{rel}","templated":true}]}}