{"id":256384,"date":"2026-04-18T01:15:05","date_gmt":"2026-04-18T07:15:05","guid":{"rendered":"https:\/\/compuviper.mx\/tienda\/producto\/tp-link-deco-x50-poe1-pack-router-sistema-wi-fi-6-mesh-ax3000-con-poe\/"},"modified":"2026-04-18T01:15:05","modified_gmt":"2026-04-18T07:15:05","slug":"tp-link-deco-x50-poe1-pack-router-sistema-wi-fi-6-mesh-ax3000-con-poe","status":"publish","type":"product","link":"https:\/\/compuviper.mx\/tienda\/producto\/tp-link-deco-x50-poe1-pack-router-sistema-wi-fi-6-mesh-ax3000-con-poe\/","title":{"rendered":"Tp Link Deco X50-poe(1-pack) Router |  |  | Sistema Wi-fi 6 Mesh Ax3000 Con Poe"},"content":{"rendered":"<table class=\"descripcion\">\n<tr>\n<td>-inal\u00e1mbrico<\/td>\n<\/tr>\n<tr>\n<td>Normas y protocolos wi-fi 6<\/td>\n<\/tr>\n<tr>\n<td>Ieee 802.11ax\/ac\/n\/a 5 ghz<\/td>\n<\/tr>\n<tr>\n<td>Ieee 802.11ax\/n\/b\/g 2,4 ghz<\/td>\n<\/tr>\n<tr>\n<td>Velocidades de wifi ax3000<\/td>\n<\/tr>\n<tr>\n<td>5 ghz: 2402 mbps (802.11ax, he160)<\/td>\n<\/tr>\n<tr>\n<td>2,4 ghz: 574 mbps (802.11ax)<\/td>\n<\/tr>\n<tr>\n<td>Alcance wifi casas de 1 a 3 dormitorios (paquete de 1)<\/td>\n<\/tr>\n<tr>\n<td>Tecnolog\u00eda de malla tp-link<\/td>\n<\/tr>\n<tr>\n<td>El backhaul ethernet opcional funciona en conjunto para vincular las unidades deco y brindar una cobertura perfecta<\/td>\n<\/tr>\n<tr>\n<td>Malla impulsada por ia<\/td>\n<\/tr>\n<tr>\n<td>Aprende de forma inteligente el entorno de la red para proporcionar wi-fi ideal exclusivo para su hogar<\/td>\n<\/tr>\n<tr>\n<td>4 \u00d7 antenas (internas)<\/td>\n<\/tr>\n<tr>\n<td>M\u00faltiples antenas forman un conjunto de refuerzo de se\u00f1al para cubrir m\u00e1s direcciones y \u00e1reas grandes<\/td>\n<\/tr>\n<tr>\n<td>Capacidad wifi alta<\/td>\n<\/tr>\n<tr>\n<td>Doble banda<\/td>\n<\/tr>\n<tr>\n<td>Distribuya dispositivos a diferentes bandas para un rendimiento \u00f3ptimo<\/td>\n<\/tr>\n<tr>\n<td>2\u00d72 mu-mimo<\/td>\n<\/tr>\n<tr>\n<td>Se comunica simult\u00e1neamente con m\u00faltiples clientes mu-mimo<\/td>\n<\/tr>\n<tr>\n<td>Ofdma<\/td>\n<\/tr>\n<tr>\n<td>Se comunica simult\u00e1neamente con m\u00faltiples clientes wifi 6<\/td>\n<\/tr>\n<tr>\n<td>4 flujos<\/td>\n<\/tr>\n<tr>\n<td>Ancho de banda m\u00e1s que suficiente para los dispositivos conectados<\/td>\n<\/tr>\n<tr>\n<td>Modos de trabajo modo de enrutador<\/td>\n<\/tr>\n<tr>\n<td>Modo de punto de acceso<\/td>\n<\/tr>\n<tr>\n<td>-seguridad<\/td>\n<\/tr>\n<tr>\n<td>Seguridad de la red cortafuegos spi<\/td>\n<\/tr>\n<tr>\n<td>Control de acceso<\/td>\n<\/tr>\n<tr>\n<td>Seguridad homeshield<\/td>\n<\/tr>\n<tr>\n<td>Protecci\u00f3n iot en tiempo real<\/td>\n<\/tr>\n<tr>\n<td>Bloqueador de sitios maliciosos<\/td>\n<\/tr>\n<tr>\n<td>Sistema de prevenci\u00f3n de intrusi\u00f3n<\/td>\n<\/tr>\n<tr>\n<td>Prevenci\u00f3n de ataques ddos<\/td>\n<\/tr>\n<tr>\n<td>Esc\u00e1ner de red dom\u00e9stica<\/td>\n<\/tr>\n<tr>\n<td>Red de invitados 1 \u00d7 red de invitados de 5 ghz<\/td>\n<\/tr>\n<tr>\n<td>1 \u00d7 red de invitados de 2,4 ghz<\/td>\n<\/tr>\n<tr>\n<td>Cifrado wifi wpa-personal<\/td>\n<\/tr>\n<tr>\n<td>Wpa2-personal<\/td>\n<\/tr>\n<tr>\n<td>Wpa3-personal<\/td>\n<\/tr>\n<tr>\n<td>-caracter\u00edsticas de hardware<\/td>\n<\/tr>\n<tr>\n<td>Fuente de alimentaci\u00f3n &#8211; poe 802.3at<\/td>\n<\/tr>\n<tr>\n<td>&#8211; 12v cc<\/td>\n<\/tr>\n<tr>\n<td>(versi\u00f3n ue: 12v\/1,2a cc. versi\u00f3n ee.uu.: 12v\/1,5a cc).<\/td>\n<\/tr>\n<tr>\n<td>Nota: el adaptador de cc est\u00e1 incluido en el paquete.<\/td>\n<\/tr>\n<tr>\n<td>-hardware<\/td>\n<\/tr>\n<tr>\n<td>Bot\u00f3n bot\u00f3n reestablecer<\/td>\n<\/tr>\n<tr>\n<td>Puertos ethernet 1\u00d7 puerto de 2,5 gbps + 1\u00d7 puerto gigabit<\/td>\n<\/tr>\n<tr>\n<td>*por unidad de deco<\/td>\n<\/tr>\n<tr>\n<td>Soporta auto-detecci\u00f3n wan\/lan<\/td>\n<\/tr>\n<tr>\n<td>Software<\/td>\n<\/tr>\n<tr>\n<td>Protocolos ipv4<\/td>\n<\/tr>\n<tr>\n<td>Ipv6<\/td>\n<\/tr>\n<tr>\n<td>Kits de servicio homeshield<\/td>\n<\/tr>\n<tr>\n<td>M\u00e1s informaci\u00f3n<\/td>\n<\/tr>\n<tr>\n<td>Controles parentales controles parentales de homeshield<\/td>\n<\/tr>\n<tr>\n<td>Perfiles personalizados<\/td>\n<\/tr>\n<tr>\n<td>Biblioteca de filtros de contenido profesional<\/td>\n<\/tr>\n<tr>\n<td>Tiempo familiar<\/td>\n<\/tr>\n<tr>\n<td>Hora de acostarse<\/td>\n<\/tr>\n<tr>\n<td>Fuera de tiempo<\/td>\n<\/tr>\n<tr>\n<td>Recompensas de tiempo<\/td>\n<\/tr>\n<tr>\n<td>Clasificaci\u00f3n de tiempo en l\u00ednea de la familia<\/td>\n<\/tr>\n<tr>\n<td>Pausar internet<\/td>\n<\/tr>\n<tr>\n<td>Informes semanales y mensuales<\/td>\n<\/tr>\n<tr>\n<td>Tipos de wan ip din\u00e1mica<\/td>\n<\/tr>\n<tr>\n<td>Ip est\u00e1tica<\/td>\n<\/tr>\n<tr>\n<td>Pppoe<\/td>\n<\/tr>\n<tr>\n<td>Pptp<\/td>\n<\/tr>\n<tr>\n<td>L2tp<\/td>\n<\/tr>\n<\/table>\n","protected":false},"excerpt":{"rendered":"<p>-cobertura en toda la casa. La tecnolog\u00eda deco wi-fi 6 mesh lleva la se\u00f1al de internet a todos los rincones hasta 230 m2. -alimentaci\u00f3n poe. Los datos y energ\u00eda el\u00e9ctrica se transmiten por un solo cable, sin necesidad de adaptador de corriente. -alta velocidad wi-fi 6 de doble banda. Hasta 3.0 gbps. En 5ghz 2402 mbps, 574 mbps en 2,4ghz. -wi-fi 6 mesh con ai. El sistema deco aprende del entorno de la red para mejorar la conectividad de casa. -seguridad avanzada. Protege la red, los dispositivos conectados y todo lo que hay en ellos con tp-link homeshield y el cifrado wpa3. -f\u00e1cil configuraci\u00f3n. Controla todo tu sistema wi-fi 6 mesh en pocos pasos con la app deco. -sistema ampliable. Se puede utilizar con otros modelos deco para extender la red wi-fi mesh. -ethernet multigigabit. Con 1 puerto a 2,5 gbps y otro gigabit, disfruta de un acceso a internet de alta velocidad por cable.<\/p>\n","protected":false},"featured_media":260222,"comment_status":"open","ping_status":"open","template":"","meta":[],"product_cat":[1563,1753],"product_tag":[1562],"acf":[],"yoast_head":"<!-- This site is optimized with the Yoast SEO plugin v21.7 - https:\/\/yoast.com\/wordpress\/plugins\/seo\/ -->\n<title>[ Tp Link ] &#129351; Deco X50-poe(1-pack) Router | | | Sistema Wi-fi 6 Mesh Ax3000 Con Poe<\/title>\n<meta name=\"description\" content=\"Compra Deco X50-poe(1-pack) Router | | | Sistema Wi-fi 6 Mesh Ax3000 Con Poe + Env\u00edo a domicilio + Pago seguro + Garant\u00eda\" \/>\n<meta name=\"robots\" content=\"index, follow, max-snippet:-1, max-image-preview:large, max-video-preview:-1\" \/>\n<link rel=\"canonical\" href=\"https:\/\/compuviper.mx\/tienda\/producto\/tp-link-deco-x50-poe1-pack-router-sistema-wi-fi-6-mesh-ax3000-con-poe\/\" \/>\n<meta property=\"og:locale\" content=\"es_MX\" \/>\n<meta property=\"og:type\" content=\"article\" \/>\n<meta property=\"og:title\" content=\"[ Tp Link ] &#129351; Deco X50-poe(1-pack) Router | | | Sistema Wi-fi 6 Mesh Ax3000 Con Poe\" \/>\n<meta property=\"og:description\" content=\"Compra Deco X50-poe(1-pack) Router | | | Sistema Wi-fi 6 Mesh Ax3000 Con Poe + Env\u00edo a domicilio + Pago seguro + Garant\u00eda\" \/>\n<meta property=\"og:url\" content=\"https:\/\/compuviper.mx\/tienda\/producto\/tp-link-deco-x50-poe1-pack-router-sistema-wi-fi-6-mesh-ax3000-con-poe\/\" \/>\n<meta property=\"og:site_name\" content=\"Compuviper\" \/>\n<meta property=\"article:publisher\" content=\"https:\/\/www.facebook.com\/compuviper\" \/>\n<meta property=\"og:image\" content=\"https:\/\/compuviper.mx\/tienda\/wp-content\/uploads\/2025\/10\/Router-tp-link-deco-x50-poe1-pack-sistema-wi-fi-6-mesh-ax3000-con-poe.jpg\" \/>\n\t<meta property=\"og:image:width\" content=\"200\" \/>\n\t<meta property=\"og:image:height\" content=\"200\" \/>\n\t<meta property=\"og:image:type\" content=\"image\/jpeg\" \/>\n<meta name=\"twitter:card\" content=\"summary_large_image\" \/>\n<meta name=\"twitter:label1\" content=\"Precio\" \/>\n\t<meta name=\"twitter:data1\" content=\"&#36;1,540 con IVA\" \/>\n\t<meta name=\"twitter:label2\" content=\"Availability\" \/>\n\t<meta name=\"twitter:data2\" content=\"Out of stock\" \/>\n<script type=\"application\/ld+json\" class=\"yoast-schema-graph\">{\"@context\":\"https:\/\/schema.org\",\"@graph\":[{\"@type\":\"WebPage\",\"@id\":\"https:\/\/compuviper.mx\/tienda\/producto\/tp-link-deco-x50-poe1-pack-router-sistema-wi-fi-6-mesh-ax3000-con-poe\/\",\"url\":\"https:\/\/compuviper.mx\/tienda\/producto\/tp-link-deco-x50-poe1-pack-router-sistema-wi-fi-6-mesh-ax3000-con-poe\/\",\"name\":\"[ Tp Link ] &#129351; Deco X50-poe(1-pack) Router | | | Sistema Wi-fi 6 Mesh Ax3000 Con Poe\",\"isPartOf\":{\"@id\":\"https:\/\/compuviper.mx\/tienda\/#website\"},\"datePublished\":\"2026-04-18T07:15:05+00:00\",\"dateModified\":\"2026-04-18T07:15:05+00:00\",\"description\":\"Compra Deco X50-poe(1-pack) Router | | | Sistema Wi-fi 6 Mesh Ax3000 Con Poe + Env\u00edo a domicilio + Pago seguro + Garant\u00eda\",\"breadcrumb\":{\"@id\":\"https:\/\/compuviper.mx\/tienda\/producto\/tp-link-deco-x50-poe1-pack-router-sistema-wi-fi-6-mesh-ax3000-con-poe\/#breadcrumb\"},\"inLanguage\":\"es-MX\",\"potentialAction\":[{\"@type\":\"ReadAction\",\"target\":[\"https:\/\/compuviper.mx\/tienda\/producto\/tp-link-deco-x50-poe1-pack-router-sistema-wi-fi-6-mesh-ax3000-con-poe\/\"]}]},{\"@type\":\"BreadcrumbList\",\"@id\":\"https:\/\/compuviper.mx\/tienda\/producto\/tp-link-deco-x50-poe1-pack-router-sistema-wi-fi-6-mesh-ax3000-con-poe\/#breadcrumb\",\"itemListElement\":[{\"@type\":\"ListItem\",\"position\":1,\"name\":\"Inicio\",\"item\":\"https:\/\/compuviper.mx\/tienda\/\"},{\"@type\":\"ListItem\",\"position\":2,\"name\":\"Productos\",\"item\":\"https:\/\/compuviper.mx\/tienda\/productos\/\"},{\"@type\":\"ListItem\",\"position\":3,\"name\":\"Redes\",\"item\":\"https:\/\/compuviper.mx\/tienda\/categoria-producto\/redes\/\"},{\"@type\":\"ListItem\",\"position\":4,\"name\":\"Router\",\"item\":\"https:\/\/compuviper.mx\/tienda\/categoria-producto\/redes\/router\/\"},{\"@type\":\"ListItem\",\"position\":5,\"name\":\"Tp Link Deco X50-poe(1-pack) Router | | | Sistema Wi-fi 6 Mesh Ax3000 Con Poe\"}]},{\"@type\":\"WebSite\",\"@id\":\"https:\/\/compuviper.mx\/tienda\/#website\",\"url\":\"https:\/\/compuviper.mx\/tienda\/\",\"name\":\"Compuviper\",\"description\":\"Proveedor de Computadoras, Laptops, Servidores, Monitores, Puntos de Venta, Teclados,   Impresoras, T\u00f3ner, C\u00e1maras de Seguridad y m\u00e1s en tu tienda en l\u00ednea\",\"publisher\":{\"@id\":\"https:\/\/compuviper.mx\/tienda\/#organization\"},\"potentialAction\":[{\"@type\":\"SearchAction\",\"target\":{\"@type\":\"EntryPoint\",\"urlTemplate\":\"https:\/\/compuviper.mx\/tienda\/?s={search_term_string}\"},\"query-input\":\"required name=search_term_string\"}],\"inLanguage\":\"es-MX\"},{\"@type\":\"Organization\",\"@id\":\"https:\/\/compuviper.mx\/tienda\/#organization\",\"name\":\"Compuviper\",\"url\":\"https:\/\/compuviper.mx\/tienda\/\",\"logo\":{\"@type\":\"ImageObject\",\"inLanguage\":\"es-MX\",\"@id\":\"https:\/\/compuviper.mx\/tienda\/#\/schema\/logo\/image\/\",\"url\":\"https:\/\/compuviper.mx\/tienda\/wp-content\/uploads\/2021\/08\/Logo-Compuviper-10.png\",\"contentUrl\":\"https:\/\/compuviper.mx\/tienda\/wp-content\/uploads\/2021\/08\/Logo-Compuviper-10.png\",\"width\":1000,\"height\":500,\"caption\":\"Compuviper\"},\"image\":{\"@id\":\"https:\/\/compuviper.mx\/tienda\/#\/schema\/logo\/image\/\"},\"sameAs\":[\"https:\/\/www.facebook.com\/compuviper\",\"https:\/\/www.youtube.com\/channel\/UCf73dERp9Y3cfOq7q8BhLjA?view_as=subscriber\"]}]}<\/script>\n<meta property=\"product:brand\" content=\"TP LINK\" \/>\n<meta property=\"product:price:amount\" content=\"1540\" \/>\n<meta property=\"product:price:currency\" content=\"MXN\" \/>\n<meta property=\"og:availability\" content=\"out of stock\" \/>\n<meta property=\"product:availability\" content=\"out of stock\" \/>\n<meta property=\"product:retailer_item_id\" content=\"DECO X50-POE(1-PACK)\" \/>\n<meta property=\"product:condition\" content=\"new\" \/>\n<!-- \/ Yoast SEO plugin. -->","yoast_head_json":{"title":"[ Tp Link ] &#129351; Deco X50-poe(1-pack) Router | | | Sistema Wi-fi 6 Mesh Ax3000 Con Poe","description":"Compra Deco X50-poe(1-pack) Router | | | Sistema Wi-fi 6 Mesh Ax3000 Con Poe + Env\u00edo a domicilio + Pago seguro + Garant\u00eda","robots":{"index":"index","follow":"follow","max-snippet":"max-snippet:-1","max-image-preview":"max-image-preview:large","max-video-preview":"max-video-preview:-1"},"canonical":"https:\/\/compuviper.mx\/tienda\/producto\/tp-link-deco-x50-poe1-pack-router-sistema-wi-fi-6-mesh-ax3000-con-poe\/","og_locale":"es_MX","og_type":"article","og_title":"[ Tp Link ] &#129351; Deco X50-poe(1-pack) Router | | | Sistema Wi-fi 6 Mesh Ax3000 Con Poe","og_description":"Compra Deco X50-poe(1-pack) Router | | | Sistema Wi-fi 6 Mesh Ax3000 Con Poe + Env\u00edo a domicilio + Pago seguro + Garant\u00eda","og_url":"https:\/\/compuviper.mx\/tienda\/producto\/tp-link-deco-x50-poe1-pack-router-sistema-wi-fi-6-mesh-ax3000-con-poe\/","og_site_name":"Compuviper","article_publisher":"https:\/\/www.facebook.com\/compuviper","og_image":[{"width":200,"height":200,"url":"https:\/\/compuviper.mx\/tienda\/wp-content\/uploads\/2025\/10\/Router-tp-link-deco-x50-poe1-pack-sistema-wi-fi-6-mesh-ax3000-con-poe.jpg","type":"image\/jpeg"}],"twitter_card":"summary_large_image","twitter_misc":{"Precio":"&#36;1,540 con IVA","Availability":"Out of stock"},"schema":{"@context":"https:\/\/schema.org","@graph":[{"@type":"WebPage","@id":"https:\/\/compuviper.mx\/tienda\/producto\/tp-link-deco-x50-poe1-pack-router-sistema-wi-fi-6-mesh-ax3000-con-poe\/","url":"https:\/\/compuviper.mx\/tienda\/producto\/tp-link-deco-x50-poe1-pack-router-sistema-wi-fi-6-mesh-ax3000-con-poe\/","name":"[ Tp Link ] &#129351; Deco X50-poe(1-pack) Router | | | Sistema Wi-fi 6 Mesh Ax3000 Con Poe","isPartOf":{"@id":"https:\/\/compuviper.mx\/tienda\/#website"},"datePublished":"2026-04-18T07:15:05+00:00","dateModified":"2026-04-18T07:15:05+00:00","description":"Compra Deco X50-poe(1-pack) Router | | | Sistema Wi-fi 6 Mesh Ax3000 Con Poe + Env\u00edo a domicilio + Pago seguro + Garant\u00eda","breadcrumb":{"@id":"https:\/\/compuviper.mx\/tienda\/producto\/tp-link-deco-x50-poe1-pack-router-sistema-wi-fi-6-mesh-ax3000-con-poe\/#breadcrumb"},"inLanguage":"es-MX","potentialAction":[{"@type":"ReadAction","target":["https:\/\/compuviper.mx\/tienda\/producto\/tp-link-deco-x50-poe1-pack-router-sistema-wi-fi-6-mesh-ax3000-con-poe\/"]}]},{"@type":"BreadcrumbList","@id":"https:\/\/compuviper.mx\/tienda\/producto\/tp-link-deco-x50-poe1-pack-router-sistema-wi-fi-6-mesh-ax3000-con-poe\/#breadcrumb","itemListElement":[{"@type":"ListItem","position":1,"name":"Inicio","item":"https:\/\/compuviper.mx\/tienda\/"},{"@type":"ListItem","position":2,"name":"Productos","item":"https:\/\/compuviper.mx\/tienda\/productos\/"},{"@type":"ListItem","position":3,"name":"Redes","item":"https:\/\/compuviper.mx\/tienda\/categoria-producto\/redes\/"},{"@type":"ListItem","position":4,"name":"Router","item":"https:\/\/compuviper.mx\/tienda\/categoria-producto\/redes\/router\/"},{"@type":"ListItem","position":5,"name":"Tp Link Deco X50-poe(1-pack) Router | | | Sistema Wi-fi 6 Mesh Ax3000 Con Poe"}]},{"@type":"WebSite","@id":"https:\/\/compuviper.mx\/tienda\/#website","url":"https:\/\/compuviper.mx\/tienda\/","name":"Compuviper","description":"Proveedor de Computadoras, Laptops, Servidores, Monitores, Puntos de Venta, Teclados,   Impresoras, T\u00f3ner, C\u00e1maras de Seguridad y m\u00e1s en tu tienda en l\u00ednea","publisher":{"@id":"https:\/\/compuviper.mx\/tienda\/#organization"},"potentialAction":[{"@type":"SearchAction","target":{"@type":"EntryPoint","urlTemplate":"https:\/\/compuviper.mx\/tienda\/?s={search_term_string}"},"query-input":"required name=search_term_string"}],"inLanguage":"es-MX"},{"@type":"Organization","@id":"https:\/\/compuviper.mx\/tienda\/#organization","name":"Compuviper","url":"https:\/\/compuviper.mx\/tienda\/","logo":{"@type":"ImageObject","inLanguage":"es-MX","@id":"https:\/\/compuviper.mx\/tienda\/#\/schema\/logo\/image\/","url":"https:\/\/compuviper.mx\/tienda\/wp-content\/uploads\/2021\/08\/Logo-Compuviper-10.png","contentUrl":"https:\/\/compuviper.mx\/tienda\/wp-content\/uploads\/2021\/08\/Logo-Compuviper-10.png","width":1000,"height":500,"caption":"Compuviper"},"image":{"@id":"https:\/\/compuviper.mx\/tienda\/#\/schema\/logo\/image\/"},"sameAs":["https:\/\/www.facebook.com\/compuviper","https:\/\/www.youtube.com\/channel\/UCf73dERp9Y3cfOq7q8BhLjA?view_as=subscriber"]}]},"product_brand":"TP LINK","product_price_amount":"1540","product_price_currency":"MXN","og_availability":"out of stock","product_availability":"out of stock","product_retailer_item_id":"DECO X50-POE(1-PACK)","product_condition":"new"},"_links":{"self":[{"href":"https:\/\/compuviper.mx\/tienda\/wp-json\/wp\/v2\/product\/256384"}],"collection":[{"href":"https:\/\/compuviper.mx\/tienda\/wp-json\/wp\/v2\/product"}],"about":[{"href":"https:\/\/compuviper.mx\/tienda\/wp-json\/wp\/v2\/types\/product"}],"replies":[{"embeddable":true,"href":"https:\/\/compuviper.mx\/tienda\/wp-json\/wp\/v2\/comments?post=256384"}],"wp:featuredmedia":[{"embeddable":true,"href":"https:\/\/compuviper.mx\/tienda\/wp-json\/wp\/v2\/media\/260222"}],"wp:attachment":[{"href":"https:\/\/compuviper.mx\/tienda\/wp-json\/wp\/v2\/media?parent=256384"}],"wp:term":[{"taxonomy":"product_cat","embeddable":true,"href":"https:\/\/compuviper.mx\/tienda\/wp-json\/wp\/v2\/product_cat?post=256384"},{"taxonomy":"product_tag","embeddable":true,"href":"https:\/\/compuviper.mx\/tienda\/wp-json\/wp\/v2\/product_tag?post=256384"}],"curies":[{"name":"wp","href":"https:\/\/api.w.org\/{rel}","templated":true}]}}