{"id":256383,"date":"2026-04-18T01:15:05","date_gmt":"2026-04-18T07:15:05","guid":{"rendered":"https:\/\/compuviper.mx\/tienda\/producto\/tp-link-deco-be25-outdoor1-pack-router-wi-fi-7-en-malla-para-exteriores-e-interiores-be5000\/"},"modified":"2026-04-18T01:15:05","modified_gmt":"2026-04-18T07:15:05","slug":"tp-link-deco-be25-outdoor1-pack-router-wi-fi-7-en-malla-para-exteriores-e-interiores-be5000","status":"publish","type":"product","link":"https:\/\/compuviper.mx\/tienda\/producto\/tp-link-deco-be25-outdoor1-pack-router-wi-fi-7-en-malla-para-exteriores-e-interiores-be5000\/","title":{"rendered":"Tp Link Deco Be25-outdoor(1-pack) Router |  |  | Wi-fi 7 En Malla Para Exteriores E Interiores Be5000"},"content":{"rendered":"<table class=\"descripcion\">\n<tr>\n<td>-inal\u00e1mbrico<\/td>\n<\/tr>\n<tr>\n<td>Normas y protocolos wi-fi 7<\/td>\n<\/tr>\n<tr>\n<td>Ieee 802.11be\/ax\/ac\/n\/a 5 ghz<\/td>\n<\/tr>\n<tr>\n<td>Ieee 802.11be\/ax\/n\/b\/g 2,4 ghz<\/td>\n<\/tr>\n<tr>\n<td>Velocidades de wifi be5000<\/td>\n<\/tr>\n<tr>\n<td>5 ghz: 4324 mbps (802.11be)<\/td>\n<\/tr>\n<tr>\n<td>2,4 ghz: 688 mbps (802.11be)<\/td>\n<\/tr>\n<tr>\n<td>* el ancho de banda de 240 mhz puede no estar disponible en la banda 5g en australia debido a restricciones regulatorias.<\/td>\n<\/tr>\n<tr>\n<td>Alcance wifi cobertura m\u00e1s amplia para toda la casa<\/td>\n<\/tr>\n<tr>\n<td>Tecnolog\u00eda de malla tp-link la<\/td>\n<\/tr>\n<tr>\n<td>Red de retorno ethernet opcional funciona en conjunto para vincular las unidades deco y brindar una cobertura perfecta<\/td>\n<\/tr>\n<tr>\n<td>La malla impulsada por ia<\/td>\n<\/tr>\n<tr>\n<td>Aprende de manera inteligente el entorno de red para brindar una conexi\u00f3n wi-fi ideal exclusiva para su hogar<\/td>\n<\/tr>\n<tr>\n<td>4 antenas de alto rendimiento (internas)<\/td>\n<\/tr>\n<tr>\n<td>Varias antenas forman una matriz amplificadora de se\u00f1al para cubrir m\u00e1s direcciones y \u00e1reas m\u00e1s grandes<\/td>\n<\/tr>\n<tr>\n<td>Capacidad wifi muy alto<\/td>\n<\/tr>\n<tr>\n<td>Doble banda<\/td>\n<\/tr>\n<tr>\n<td>Distribuye dispositivos a diferentes bandas para un rendimiento \u00f3ptimo<\/td>\n<\/tr>\n<tr>\n<td>Ofdma<\/td>\n<\/tr>\n<tr>\n<td>Se comunica simult\u00e1neamente con m\u00faltiples clientes wifi 7<\/td>\n<\/tr>\n<tr>\n<td>4 transmisiones ancho<\/td>\n<\/tr>\n<tr>\n<td>De banda m\u00e1s que suficiente para los dispositivos conectados<\/td>\n<\/tr>\n<tr>\n<td>Modos de trabajo modo enrutador<\/td>\n<\/tr>\n<tr>\n<td>Modo punto de acceso<\/td>\n<\/tr>\n<tr>\n<td>Funciones avanzadas \u0095 operaci\u00f3n de m\u00faltiples enlaces (mlo)<\/td>\n<\/tr>\n<tr>\n<td>\u0095 canal de 240 mhz<\/td>\n<\/tr>\n<tr>\n<td>\u0095 4k-qam<\/td>\n<\/tr>\n<tr>\n<td>\u0095 multi-ru<\/td>\n<\/tr>\n<tr>\n<td>\u0095 funciona con alexa y google assistant<\/td>\n<\/tr>\n<tr>\n<td>-seguridad<\/td>\n<\/tr>\n<tr>\n<td>Seguridad de la red<\/td>\n<\/tr>\n<tr>\n<td>Control de acceso al firewall spi<\/td>\n<\/tr>\n<tr>\n<td>Homeshield security<\/td>\n<\/tr>\n<tr>\n<td>Protecci\u00f3n de iot en tiempo real<\/td>\n<\/tr>\n<tr>\n<td>Bloqueador de sitios maliciosos<\/td>\n<\/tr>\n<tr>\n<td>Sistema de prevenci\u00f3n de intrusiones<\/td>\n<\/tr>\n<tr>\n<td>Prevenci\u00f3n de ataques ddos<\/td>\n<\/tr>\n<tr>\n<td>Esc\u00e1ner de red dom\u00e9stica<\/td>\n<\/tr>\n<tr>\n<td>Red de invitados 1 red de invitados de 5 ghz<\/td>\n<\/tr>\n<tr>\n<td>1 red de invitados de 2,4 ghz<\/td>\n<\/tr>\n<tr>\n<td>Control efectivo del ancho de banda temporal<\/td>\n<\/tr>\n<tr>\n<td>Servidor vpn \u0095 servidor openvpn<\/td>\n<\/tr>\n<tr>\n<td>\u0095 servidor vpn pptp<\/td>\n<\/tr>\n<tr>\n<td>\u0095 servidor vpn l2tp\/ipsec<\/td>\n<\/tr>\n<tr>\n<td>Cliente vpn \u0095 cliente openvpn<\/td>\n<\/tr>\n<tr>\n<td>\u0095 cliente vpn pptp<\/td>\n<\/tr>\n<tr>\n<td>\u0095 cliente vpn l2tp\/ipsec<\/td>\n<\/tr>\n<tr>\n<td>Cifrado wifi wpa-personal<\/td>\n<\/tr>\n<tr>\n<td>Wpa2-personal<\/td>\n<\/tr>\n<tr>\n<td>Wpa3-personal<\/td>\n<\/tr>\n<tr>\n<td>-hardware<\/td>\n<\/tr>\n<tr>\n<td>Puertos ethernet \u0095 2\u00d7 2,5 gbps<\/td>\n<\/tr>\n<tr>\n<td>(poe y detecci\u00f3n autom\u00e1tica de wan\/lan)<\/td>\n<\/tr>\n<tr>\n<td>Botones 1\u00d7 bot\u00f3n de reinicio<\/td>\n<\/tr>\n<tr>\n<td>1\u00d7 wps<\/td>\n<\/tr>\n<tr>\n<td>Fuerza entrada de energ\u00eda<\/td>\n<\/tr>\n<tr>\n<td>Ieee 802.3at poe o 100-240 v~50\/60 hz 0,5 a ca<\/td>\n<\/tr>\n<tr>\n<td>-software<\/td>\n<\/tr>\n<tr>\n<td>Funciones avanzadas \u0095 programaci\u00f3n de reinicio<\/td>\n<\/tr>\n<tr>\n<td>\u0095 incorporaci\u00f3n de tapo\/kasa<\/td>\n<\/tr>\n<tr>\n<td>\u0095 aislamiento de dispositivos y red iot<\/td>\n<\/tr>\n<tr>\n<td>\u0095 funci\u00f3n de enrutamiento est\u00e1tico<\/td>\n<\/tr>\n<tr>\n<td>\u0095 preferencia de conexi\u00f3n de nodo\/banda<\/td>\n<\/tr>\n<tr>\n<td>Protocolos ipv4<\/td>\n<\/tr>\n<tr>\n<td>Ipv6<\/td>\n<\/tr>\n<tr>\n<td>Kits de servicio homeshield<\/td>\n<\/tr>\n<tr>\n<td>M\u00e1s informaci\u00f3n<\/td>\n<\/tr>\n<tr>\n<td>Controles parentales controles parentales de homeshield<\/td>\n<\/tr>\n<tr>\n<td>Restricci\u00f3n de youtube<\/td>\n<\/tr>\n<tr>\n<td>Safesearch<\/td>\n<\/tr>\n<tr>\n<td>Perfiles personalizados<\/td>\n<\/tr>\n<tr>\n<td>Filtro de contenido profesional biblioteca<\/td>\n<\/tr>\n<tr>\n<td>Tiempo en familia hora<\/td>\n<\/tr>\n<tr>\n<td>De dormir<\/td>\n<\/tr>\n<tr>\n<td>Tiempo libre<\/td>\n<\/tr>\n<tr>\n<td>Recompensas de tiempo<\/td>\n<\/tr>\n<tr>\n<td>Clasificaci\u00f3n del tiempo en l\u00ednea en familia<\/td>\n<\/tr>\n<tr>\n<td>Pausa internet<\/td>\n<\/tr>\n<tr>\n<td>Informes semanales y mensuales<\/td>\n<\/tr>\n<tr>\n<td>Tipos de wan ip din\u00e1mica<\/td>\n<\/tr>\n<tr>\n<td>Ip est\u00e1tica<\/td>\n<\/tr>\n<tr>\n<td>Pppoe<\/td>\n<\/tr>\n<tr>\n<td>Pptp<\/td>\n<\/tr>\n<tr>\n<td>L2tp<\/td>\n<\/tr>\n<\/table>\n","protected":false},"excerpt":{"rendered":"<p>-wi-fi de doble banda de 5 gbps: 4324 mbps (5 ghz) + 688 mbps (2,4 ghz). -conexiones cableadas de 2,5 gbps:  2 puertos de 2,5 gbps garantizan m\u00e1xima flexibilidad y un mayor rendimiento. -m\u00faltiples opciones de montaje:  montaje en poste, montaje en pared y montaje en mesa. -trabajo al aire libre:  resistencia al agua y al polvo ip65 l\u00edder en la industria. -alimentaci\u00f3n a trav\u00e9s de ethernet:  proporciona conexi\u00f3n de datos y energ\u00eda el\u00e9ctrica con un solo cable. -backhaul combinado inal\u00e1mbrico y cableado  :  conecta un backhaul inal\u00e1mbrico y cableado con cada unidad simult\u00e1neamente para mejorar el rendimiento general y reducir la latencia. -operaci\u00f3n de m\u00faltiples enlaces (mlo)  :  env\u00ede y reciba datos simult\u00e1neamente a trav\u00e9s de diferentes bandas y canales para aumentar el rendimiento, reducir la latencia y mejorar la confiabilidad. -roaming continuo impulsado por ia  : forma una red unificada con roaming de ia integrado y crea la soluci\u00f3n wi-fi ideal para su hogar. -tp-link homeshield: ofrece protecci\u00f3n integral de la red, controles parentales robustos y seguridad iot en tiempo real. -compatibilidad universal: compatible con todas las generaciones de wi-fi y funciona con cualquier proveedor de servicios de internet (isp) y m\u00f3dem.<\/p>\n","protected":false},"featured_media":260221,"comment_status":"open","ping_status":"open","template":"","meta":[],"product_cat":[1563,1753],"product_tag":[1562],"acf":[],"yoast_head":"<!-- This site is optimized with the Yoast SEO plugin v21.7 - https:\/\/yoast.com\/wordpress\/plugins\/seo\/ -->\n<title>[ Tp Link ] &#129351; Deco Be25-outdoor(1-pack) Router | | | Wi-fi 7 En Malla Para Exteriores E Interiores Be5000<\/title>\n<meta name=\"description\" content=\"Compra Deco Be25-outdoor(1-pack) Router | | | Wi-fi 7 En Malla Para Exteriores E Interiores Be5000 + Env\u00edo a domicilio + Pago seguro + Garant\u00eda\" \/>\n<meta name=\"robots\" content=\"index, follow, max-snippet:-1, max-image-preview:large, max-video-preview:-1\" \/>\n<link rel=\"canonical\" href=\"https:\/\/compuviper.mx\/tienda\/producto\/tp-link-deco-be25-outdoor1-pack-router-wi-fi-7-en-malla-para-exteriores-e-interiores-be5000\/\" \/>\n<meta property=\"og:locale\" content=\"es_MX\" \/>\n<meta property=\"og:type\" content=\"article\" \/>\n<meta property=\"og:title\" content=\"[ Tp Link ] &#129351; Deco Be25-outdoor(1-pack) Router | | | Wi-fi 7 En Malla Para Exteriores E Interiores Be5000\" \/>\n<meta property=\"og:description\" content=\"Compra Deco Be25-outdoor(1-pack) Router | | | Wi-fi 7 En Malla Para Exteriores E Interiores Be5000 + Env\u00edo a domicilio + Pago seguro + Garant\u00eda\" \/>\n<meta property=\"og:url\" content=\"https:\/\/compuviper.mx\/tienda\/producto\/tp-link-deco-be25-outdoor1-pack-router-wi-fi-7-en-malla-para-exteriores-e-interiores-be5000\/\" \/>\n<meta property=\"og:site_name\" content=\"Compuviper\" \/>\n<meta property=\"article:publisher\" content=\"https:\/\/www.facebook.com\/compuviper\" \/>\n<meta property=\"og:image\" content=\"https:\/\/compuviper.mx\/tienda\/wp-content\/uploads\/2025\/10\/Router-tp-link-deco-be25-outdoor1-pack-wi-fi-7-en-malla-para-exteriores-e-interiores-be5000.jpg\" \/>\n\t<meta property=\"og:image:width\" content=\"200\" \/>\n\t<meta property=\"og:image:height\" content=\"200\" \/>\n\t<meta property=\"og:image:type\" content=\"image\/jpeg\" \/>\n<meta name=\"twitter:card\" content=\"summary_large_image\" \/>\n<meta name=\"twitter:label1\" content=\"Precio\" \/>\n\t<meta name=\"twitter:data1\" content=\"&#36;2,196 con IVA\" \/>\n\t<meta name=\"twitter:label2\" content=\"Availability\" \/>\n\t<meta name=\"twitter:data2\" content=\"Out of stock\" \/>\n<script type=\"application\/ld+json\" class=\"yoast-schema-graph\">{\"@context\":\"https:\/\/schema.org\",\"@graph\":[{\"@type\":\"WebPage\",\"@id\":\"https:\/\/compuviper.mx\/tienda\/producto\/tp-link-deco-be25-outdoor1-pack-router-wi-fi-7-en-malla-para-exteriores-e-interiores-be5000\/\",\"url\":\"https:\/\/compuviper.mx\/tienda\/producto\/tp-link-deco-be25-outdoor1-pack-router-wi-fi-7-en-malla-para-exteriores-e-interiores-be5000\/\",\"name\":\"[ Tp Link ] &#129351; Deco Be25-outdoor(1-pack) Router | | | Wi-fi 7 En Malla Para Exteriores E Interiores Be5000\",\"isPartOf\":{\"@id\":\"https:\/\/compuviper.mx\/tienda\/#website\"},\"datePublished\":\"2026-04-18T07:15:05+00:00\",\"dateModified\":\"2026-04-18T07:15:05+00:00\",\"description\":\"Compra Deco Be25-outdoor(1-pack) Router | | | Wi-fi 7 En Malla Para Exteriores E Interiores Be5000 + Env\u00edo a domicilio + Pago seguro + Garant\u00eda\",\"breadcrumb\":{\"@id\":\"https:\/\/compuviper.mx\/tienda\/producto\/tp-link-deco-be25-outdoor1-pack-router-wi-fi-7-en-malla-para-exteriores-e-interiores-be5000\/#breadcrumb\"},\"inLanguage\":\"es-MX\",\"potentialAction\":[{\"@type\":\"ReadAction\",\"target\":[\"https:\/\/compuviper.mx\/tienda\/producto\/tp-link-deco-be25-outdoor1-pack-router-wi-fi-7-en-malla-para-exteriores-e-interiores-be5000\/\"]}]},{\"@type\":\"BreadcrumbList\",\"@id\":\"https:\/\/compuviper.mx\/tienda\/producto\/tp-link-deco-be25-outdoor1-pack-router-wi-fi-7-en-malla-para-exteriores-e-interiores-be5000\/#breadcrumb\",\"itemListElement\":[{\"@type\":\"ListItem\",\"position\":1,\"name\":\"Inicio\",\"item\":\"https:\/\/compuviper.mx\/tienda\/\"},{\"@type\":\"ListItem\",\"position\":2,\"name\":\"Productos\",\"item\":\"https:\/\/compuviper.mx\/tienda\/productos\/\"},{\"@type\":\"ListItem\",\"position\":3,\"name\":\"Redes\",\"item\":\"https:\/\/compuviper.mx\/tienda\/categoria-producto\/redes\/\"},{\"@type\":\"ListItem\",\"position\":4,\"name\":\"Router\",\"item\":\"https:\/\/compuviper.mx\/tienda\/categoria-producto\/redes\/router\/\"},{\"@type\":\"ListItem\",\"position\":5,\"name\":\"Tp Link Deco Be25-outdoor(1-pack) Router | | | Wi-fi 7 En Malla Para Exteriores E Interiores Be5000\"}]},{\"@type\":\"WebSite\",\"@id\":\"https:\/\/compuviper.mx\/tienda\/#website\",\"url\":\"https:\/\/compuviper.mx\/tienda\/\",\"name\":\"Compuviper\",\"description\":\"Proveedor de Computadoras, Laptops, Servidores, Monitores, Puntos de Venta, Teclados,   Impresoras, T\u00f3ner, C\u00e1maras de Seguridad y m\u00e1s en tu tienda en l\u00ednea\",\"publisher\":{\"@id\":\"https:\/\/compuviper.mx\/tienda\/#organization\"},\"potentialAction\":[{\"@type\":\"SearchAction\",\"target\":{\"@type\":\"EntryPoint\",\"urlTemplate\":\"https:\/\/compuviper.mx\/tienda\/?s={search_term_string}\"},\"query-input\":\"required name=search_term_string\"}],\"inLanguage\":\"es-MX\"},{\"@type\":\"Organization\",\"@id\":\"https:\/\/compuviper.mx\/tienda\/#organization\",\"name\":\"Compuviper\",\"url\":\"https:\/\/compuviper.mx\/tienda\/\",\"logo\":{\"@type\":\"ImageObject\",\"inLanguage\":\"es-MX\",\"@id\":\"https:\/\/compuviper.mx\/tienda\/#\/schema\/logo\/image\/\",\"url\":\"https:\/\/compuviper.mx\/tienda\/wp-content\/uploads\/2021\/08\/Logo-Compuviper-10.png\",\"contentUrl\":\"https:\/\/compuviper.mx\/tienda\/wp-content\/uploads\/2021\/08\/Logo-Compuviper-10.png\",\"width\":1000,\"height\":500,\"caption\":\"Compuviper\"},\"image\":{\"@id\":\"https:\/\/compuviper.mx\/tienda\/#\/schema\/logo\/image\/\"},\"sameAs\":[\"https:\/\/www.facebook.com\/compuviper\",\"https:\/\/www.youtube.com\/channel\/UCf73dERp9Y3cfOq7q8BhLjA?view_as=subscriber\"]}]}<\/script>\n<meta property=\"product:brand\" content=\"TP LINK\" \/>\n<meta property=\"product:price:amount\" content=\"2196\" \/>\n<meta property=\"product:price:currency\" content=\"MXN\" \/>\n<meta property=\"og:availability\" content=\"out of stock\" \/>\n<meta property=\"product:availability\" content=\"out of stock\" \/>\n<meta property=\"product:retailer_item_id\" content=\"DECO BE25-OUTDOOR(1-PACK)\" \/>\n<meta property=\"product:condition\" content=\"new\" \/>\n<!-- \/ Yoast SEO plugin. -->","yoast_head_json":{"title":"[ Tp Link ] &#129351; Deco Be25-outdoor(1-pack) Router | | | Wi-fi 7 En Malla Para Exteriores E Interiores Be5000","description":"Compra Deco Be25-outdoor(1-pack) Router | | | Wi-fi 7 En Malla Para Exteriores E Interiores Be5000 + Env\u00edo a domicilio + Pago seguro + Garant\u00eda","robots":{"index":"index","follow":"follow","max-snippet":"max-snippet:-1","max-image-preview":"max-image-preview:large","max-video-preview":"max-video-preview:-1"},"canonical":"https:\/\/compuviper.mx\/tienda\/producto\/tp-link-deco-be25-outdoor1-pack-router-wi-fi-7-en-malla-para-exteriores-e-interiores-be5000\/","og_locale":"es_MX","og_type":"article","og_title":"[ Tp Link ] &#129351; Deco Be25-outdoor(1-pack) Router | | | Wi-fi 7 En Malla Para Exteriores E Interiores Be5000","og_description":"Compra Deco Be25-outdoor(1-pack) Router | | | Wi-fi 7 En Malla Para Exteriores E Interiores Be5000 + Env\u00edo a domicilio + Pago seguro + Garant\u00eda","og_url":"https:\/\/compuviper.mx\/tienda\/producto\/tp-link-deco-be25-outdoor1-pack-router-wi-fi-7-en-malla-para-exteriores-e-interiores-be5000\/","og_site_name":"Compuviper","article_publisher":"https:\/\/www.facebook.com\/compuviper","og_image":[{"width":200,"height":200,"url":"https:\/\/compuviper.mx\/tienda\/wp-content\/uploads\/2025\/10\/Router-tp-link-deco-be25-outdoor1-pack-wi-fi-7-en-malla-para-exteriores-e-interiores-be5000.jpg","type":"image\/jpeg"}],"twitter_card":"summary_large_image","twitter_misc":{"Precio":"&#36;2,196 con IVA","Availability":"Out of stock"},"schema":{"@context":"https:\/\/schema.org","@graph":[{"@type":"WebPage","@id":"https:\/\/compuviper.mx\/tienda\/producto\/tp-link-deco-be25-outdoor1-pack-router-wi-fi-7-en-malla-para-exteriores-e-interiores-be5000\/","url":"https:\/\/compuviper.mx\/tienda\/producto\/tp-link-deco-be25-outdoor1-pack-router-wi-fi-7-en-malla-para-exteriores-e-interiores-be5000\/","name":"[ Tp Link ] &#129351; Deco Be25-outdoor(1-pack) Router | | | Wi-fi 7 En Malla Para Exteriores E Interiores Be5000","isPartOf":{"@id":"https:\/\/compuviper.mx\/tienda\/#website"},"datePublished":"2026-04-18T07:15:05+00:00","dateModified":"2026-04-18T07:15:05+00:00","description":"Compra Deco Be25-outdoor(1-pack) Router | | | Wi-fi 7 En Malla Para Exteriores E Interiores Be5000 + Env\u00edo a domicilio + Pago seguro + Garant\u00eda","breadcrumb":{"@id":"https:\/\/compuviper.mx\/tienda\/producto\/tp-link-deco-be25-outdoor1-pack-router-wi-fi-7-en-malla-para-exteriores-e-interiores-be5000\/#breadcrumb"},"inLanguage":"es-MX","potentialAction":[{"@type":"ReadAction","target":["https:\/\/compuviper.mx\/tienda\/producto\/tp-link-deco-be25-outdoor1-pack-router-wi-fi-7-en-malla-para-exteriores-e-interiores-be5000\/"]}]},{"@type":"BreadcrumbList","@id":"https:\/\/compuviper.mx\/tienda\/producto\/tp-link-deco-be25-outdoor1-pack-router-wi-fi-7-en-malla-para-exteriores-e-interiores-be5000\/#breadcrumb","itemListElement":[{"@type":"ListItem","position":1,"name":"Inicio","item":"https:\/\/compuviper.mx\/tienda\/"},{"@type":"ListItem","position":2,"name":"Productos","item":"https:\/\/compuviper.mx\/tienda\/productos\/"},{"@type":"ListItem","position":3,"name":"Redes","item":"https:\/\/compuviper.mx\/tienda\/categoria-producto\/redes\/"},{"@type":"ListItem","position":4,"name":"Router","item":"https:\/\/compuviper.mx\/tienda\/categoria-producto\/redes\/router\/"},{"@type":"ListItem","position":5,"name":"Tp Link Deco Be25-outdoor(1-pack) Router | | | Wi-fi 7 En Malla Para Exteriores E Interiores Be5000"}]},{"@type":"WebSite","@id":"https:\/\/compuviper.mx\/tienda\/#website","url":"https:\/\/compuviper.mx\/tienda\/","name":"Compuviper","description":"Proveedor de Computadoras, Laptops, Servidores, Monitores, Puntos de Venta, Teclados,   Impresoras, T\u00f3ner, C\u00e1maras de Seguridad y m\u00e1s en tu tienda en l\u00ednea","publisher":{"@id":"https:\/\/compuviper.mx\/tienda\/#organization"},"potentialAction":[{"@type":"SearchAction","target":{"@type":"EntryPoint","urlTemplate":"https:\/\/compuviper.mx\/tienda\/?s={search_term_string}"},"query-input":"required name=search_term_string"}],"inLanguage":"es-MX"},{"@type":"Organization","@id":"https:\/\/compuviper.mx\/tienda\/#organization","name":"Compuviper","url":"https:\/\/compuviper.mx\/tienda\/","logo":{"@type":"ImageObject","inLanguage":"es-MX","@id":"https:\/\/compuviper.mx\/tienda\/#\/schema\/logo\/image\/","url":"https:\/\/compuviper.mx\/tienda\/wp-content\/uploads\/2021\/08\/Logo-Compuviper-10.png","contentUrl":"https:\/\/compuviper.mx\/tienda\/wp-content\/uploads\/2021\/08\/Logo-Compuviper-10.png","width":1000,"height":500,"caption":"Compuviper"},"image":{"@id":"https:\/\/compuviper.mx\/tienda\/#\/schema\/logo\/image\/"},"sameAs":["https:\/\/www.facebook.com\/compuviper","https:\/\/www.youtube.com\/channel\/UCf73dERp9Y3cfOq7q8BhLjA?view_as=subscriber"]}]},"product_brand":"TP LINK","product_price_amount":"2196","product_price_currency":"MXN","og_availability":"out of stock","product_availability":"out of stock","product_retailer_item_id":"DECO BE25-OUTDOOR(1-PACK)","product_condition":"new"},"_links":{"self":[{"href":"https:\/\/compuviper.mx\/tienda\/wp-json\/wp\/v2\/product\/256383"}],"collection":[{"href":"https:\/\/compuviper.mx\/tienda\/wp-json\/wp\/v2\/product"}],"about":[{"href":"https:\/\/compuviper.mx\/tienda\/wp-json\/wp\/v2\/types\/product"}],"replies":[{"embeddable":true,"href":"https:\/\/compuviper.mx\/tienda\/wp-json\/wp\/v2\/comments?post=256383"}],"wp:featuredmedia":[{"embeddable":true,"href":"https:\/\/compuviper.mx\/tienda\/wp-json\/wp\/v2\/media\/260221"}],"wp:attachment":[{"href":"https:\/\/compuviper.mx\/tienda\/wp-json\/wp\/v2\/media?parent=256383"}],"wp:term":[{"taxonomy":"product_cat","embeddable":true,"href":"https:\/\/compuviper.mx\/tienda\/wp-json\/wp\/v2\/product_cat?post=256383"},{"taxonomy":"product_tag","embeddable":true,"href":"https:\/\/compuviper.mx\/tienda\/wp-json\/wp\/v2\/product_tag?post=256383"}],"curies":[{"name":"wp","href":"https:\/\/api.w.org\/{rel}","templated":true}]}}