{"id":256376,"date":"2026-04-18T01:15:01","date_gmt":"2026-04-18T07:15:01","guid":{"rendered":"https:\/\/compuviper.mx\/tienda\/producto\/tp-link-deco-be653-pack-router-sistema-wi-fi-7-mesh-be11000-de-triple-banda\/"},"modified":"2026-04-18T01:15:02","modified_gmt":"2026-04-18T07:15:02","slug":"tp-link-deco-be653-pack-router-sistema-wi-fi-7-mesh-be11000-de-triple-banda","status":"publish","type":"product","link":"https:\/\/compuviper.mx\/tienda\/producto\/tp-link-deco-be653-pack-router-sistema-wi-fi-7-mesh-be11000-de-triple-banda\/","title":{"rendered":"Tp Link Deco Be65(3-pack) Router |  |  | Sistema Wi-fi 7 Mesh Be11000 De Triple Banda"},"content":{"rendered":"<table class=\"descripcion\">\n<tr>\n<td>-inal\u00e1mbrico<\/td>\n<\/tr>\n<tr>\n<td>Normas y protocolos wi-fi 7<\/td>\n<\/tr>\n<tr>\n<td>Ieee 802.11be\/ax 6 ghz<\/td>\n<\/tr>\n<tr>\n<td>Ieee 802.11be\/ax\/ac\/n\/a 5 ghz<\/td>\n<\/tr>\n<tr>\n<td>Ieee 802.11ax\/n\/b\/g 2,4 ghz<\/td>\n<\/tr>\n<tr>\n<td>Velocidades de wifi be11000<\/td>\n<\/tr>\n<tr>\n<td>6 ghz: 5760 mbps (802.11be)<\/td>\n<\/tr>\n<tr>\n<td>5 ghz: 4320 mbps (802.11be)<\/td>\n<\/tr>\n<tr>\n<td>2,4 ghz: 574 mbps (802.11ax)<\/td>\n<\/tr>\n<tr>\n<td>Alcance wifi cobertura m\u00e1s amplia en todo el hogar<\/td>\n<\/tr>\n<tr>\n<td>Tecnolog\u00eda mesh pt-link<\/td>\n<\/tr>\n<tr>\n<td>El backhaul ethernet opcional trabaja conjuntamente para enlazar las unidades deco y proporcionar una cobertura sin fisuras<\/td>\n<\/tr>\n<tr>\n<td>Mesh basado en ia<\/td>\n<\/tr>\n<tr>\n<td>Aprende de forma inteligente el entorno de red para proporcionar una wi-fi ideal y exclusiva para su hogar<\/td>\n<\/tr>\n<tr>\n<td>4\u00d7 antenas de alto rendimiento (internas)<\/td>\n<\/tr>\n<tr>\n<td>Varias antenas forman un conjunto que potencia la se\u00f1al para cubrir m\u00e1s direcciones y \u00e1reas m\u00e1s amplias<\/td>\n<\/tr>\n<tr>\n<td>Triple banda<\/td>\n<\/tr>\n<tr>\n<td>Una banda de 6 ghz reci\u00e9n inaugurada aporta m\u00e1s ancho de banda y velocidades m\u00e1s r\u00e1pidas<\/td>\n<\/tr>\n<tr>\n<td>Capacidad wifi muy alta<\/td>\n<\/tr>\n<tr>\n<td>Tri-banda<\/td>\n<\/tr>\n<tr>\n<td>Distribuye los dispositivos en diferentes bandas para un rendimiento \u00f3ptimo<\/td>\n<\/tr>\n<tr>\n<td>2\u00d72 mu-mimo<\/td>\n<\/tr>\n<tr>\n<td>Se comunica simult\u00e1neamente con varios clientes mu-mimo<\/td>\n<\/tr>\n<tr>\n<td>Ofdma<\/td>\n<\/tr>\n<tr>\n<td>Se comunica simult\u00e1neamente con m\u00faltiples clientes wifi 7<\/td>\n<\/tr>\n<tr>\n<td>6 streams<\/td>\n<\/tr>\n<tr>\n<td>Ancho de banda m\u00e1s que suficiente para los dispositivos conectados<\/td>\n<\/tr>\n<tr>\n<td>Modos de trabajo modo router<\/td>\n<\/tr>\n<tr>\n<td>Modo punto de acceso<\/td>\n<\/tr>\n<tr>\n<td>Funciones avanzadas &#8211; funcionamiento multienlace (mlo)<\/td>\n<\/tr>\n<tr>\n<td>&#8211; canal de 320 mhz<\/td>\n<\/tr>\n<tr>\n<td>&#8211; 4k-qam<\/td>\n<\/tr>\n<tr>\n<td>&#8211; multi-rus<\/td>\n<\/tr>\n<tr>\n<td>&#8211; funciona con el asistente de google<\/td>\n<\/tr>\n<tr>\n<td>-seguridad<\/td>\n<\/tr>\n<tr>\n<td>Seguridad de la red cortafuegos spi<\/td>\n<\/tr>\n<tr>\n<td>Control de acceso<\/td>\n<\/tr>\n<tr>\n<td>Seguridad homeshield<\/td>\n<\/tr>\n<tr>\n<td>Protecci\u00f3n iot en tiempo real<\/td>\n<\/tr>\n<tr>\n<td>Bloqueador de sitios maliciosos<\/td>\n<\/tr>\n<tr>\n<td>Sistema de prevenci\u00f3n de intrusiones<\/td>\n<\/tr>\n<tr>\n<td>Prevenci\u00f3n de ataques ddos<\/td>\n<\/tr>\n<tr>\n<td>Esc\u00e1ner de red dom\u00e9stica<\/td>\n<\/tr>\n<tr>\n<td>Red de invitados 1\u00d7 6 red de invitados de 6 ghz<\/td>\n<\/tr>\n<tr>\n<td>1\u00d7 red de invitados de 5 ghz<\/td>\n<\/tr>\n<tr>\n<td>1\u00d7 red de invitados de 2,4 ghz<\/td>\n<\/tr>\n<tr>\n<td>Tiempo efectivo<\/td>\n<\/tr>\n<tr>\n<td>Control de ancho de banda<\/td>\n<\/tr>\n<tr>\n<td>Servidor vpn &#8211; servidor openvpn<\/td>\n<\/tr>\n<tr>\n<td>&#8211; servidor vpn pptp<\/td>\n<\/tr>\n<tr>\n<td>&#8211; servidor vpn l2tp\/ipsec<\/td>\n<\/tr>\n<tr>\n<td>Cliente vpn &#8211; cliente openvpn<\/td>\n<\/tr>\n<tr>\n<td>&#8211; cliente vpn pptp<\/td>\n<\/tr>\n<tr>\n<td>&#8211; cliente vpn l2tp\/ipsec<\/td>\n<\/tr>\n<tr>\n<td>Cifrado wifi wpa-personal<\/td>\n<\/tr>\n<tr>\n<td>Wpa2-personal<\/td>\n<\/tr>\n<tr>\n<td>Wpa3-personal<\/td>\n<\/tr>\n<tr>\n<td>-hardware<\/td>\n<\/tr>\n<tr>\n<td>Puertos ethernet &#8211; 4\u00d7 2,5 gbps<\/td>\n<\/tr>\n<tr>\n<td>*por unidad de deco<\/td>\n<\/tr>\n<tr>\n<td>Soporta auto-detecci\u00f3n wan\/lan<\/td>\n<\/tr>\n<tr>\n<td>Soporte usb 1 puerto usb 3.0<\/td>\n<\/tr>\n<tr>\n<td>Servidor ftp<\/td>\n<\/tr>\n<tr>\n<td>Servidor multimedia<\/td>\n<\/tr>\n<tr>\n<td>Servidor samba<\/td>\n<\/tr>\n<tr>\n<td>Botones 1\u00d7 bot\u00f3n de reset<\/td>\n<\/tr>\n<tr>\n<td>1\u00d7 wps<\/td>\n<\/tr>\n<tr>\n<td>-software<\/td>\n<\/tr>\n<tr>\n<td>Funciones avanzadas &#8211; calendario de reinicio<\/td>\n<\/tr>\n<tr>\n<td>&#8211; tapo\/kasa onboarding<\/td>\n<\/tr>\n<tr>\n<td>&#8211; aislamiento de redes y dispositivos iot<\/td>\n<\/tr>\n<tr>\n<td>&#8211; funci\u00f3n de enrutamiento est\u00e1tico<\/td>\n<\/tr>\n<tr>\n<td>&#8211; preferencia de conexi\u00f3n nodo\/banda<\/td>\n<\/tr>\n<tr>\n<td>Protocolos ipv4<\/td>\n<\/tr>\n<tr>\n<td>Ipv6<\/td>\n<\/tr>\n<tr>\n<td>Kits de servicio homeshield<\/td>\n<\/tr>\n<\/table>\n","protected":false},"excerpt":{"rendered":"<p>-wi-fi 7 de triple banda de 11gbps. 5760 mbps en 6ghz, 4320 mbps en 5ghz y 574 mbps en 2,4ghz. -m\u00e1xima conectividad. 4 puertos 2.5 gbps. -backhaul combinado wi-fi y por cable. Mejora el rendimiento general de la red y reduce la latencia al m\u00ednimo. -multi-link operation mlo. Env\u00eda y recibe datos simult\u00e1neamente a trav\u00e9s de diferentes bandas y canales para aumentar el rendimiento, reducir la latencia y mejorar la estabilidad. And #9651. -canales de 320mhz. Duplica el ancho de banda y permite muchas m\u00e1s transmisiones a la vez con las velocidades m\u00e1s r\u00e1pidas posibles. -nueva banda 6ghz. Elimina la interferencia entre los dispositivos conectados y ofrece un potente backhaul que optimiza el rendimiento de la red incluso con dispositivos que no son wi-fi 7. -protecci\u00f3n homeshield. Protege la red del hogar y sus dispositivos con funciones avanzadas de seguridad. -m\u00e1xima compatibilidad. Deco be85 es compatible con tecnolog\u00edas wi-fi anteriores, funcionando con cualquier router proporcionado por las telcos.<\/p>\n","protected":false},"featured_media":260214,"comment_status":"open","ping_status":"open","template":"","meta":[],"product_cat":[1563,1753],"product_tag":[1562],"acf":[],"yoast_head":"<!-- This site is optimized with the Yoast SEO plugin v21.7 - https:\/\/yoast.com\/wordpress\/plugins\/seo\/ -->\n<title>[ Tp Link ] &#129351; Deco Be65(3-pack) Router | | | Sistema Wi-fi 7 Mesh Be11000 De Triple Banda<\/title>\n<meta name=\"description\" content=\"Compra Deco Be65(3-pack) Router | | | Sistema Wi-fi 7 Mesh Be11000 De Triple Banda + Env\u00edo a domicilio + Pago seguro + Garant\u00eda\" \/>\n<meta name=\"robots\" content=\"index, follow, max-snippet:-1, max-image-preview:large, max-video-preview:-1\" \/>\n<link rel=\"canonical\" href=\"https:\/\/compuviper.mx\/tienda\/producto\/tp-link-deco-be653-pack-router-sistema-wi-fi-7-mesh-be11000-de-triple-banda\/\" \/>\n<meta property=\"og:locale\" content=\"es_MX\" \/>\n<meta property=\"og:type\" content=\"article\" \/>\n<meta property=\"og:title\" content=\"[ Tp Link ] &#129351; Deco Be65(3-pack) Router | | | Sistema Wi-fi 7 Mesh Be11000 De Triple Banda\" \/>\n<meta property=\"og:description\" content=\"Compra Deco Be65(3-pack) Router | | | Sistema Wi-fi 7 Mesh Be11000 De Triple Banda + Env\u00edo a domicilio + Pago seguro + Garant\u00eda\" \/>\n<meta property=\"og:url\" content=\"https:\/\/compuviper.mx\/tienda\/producto\/tp-link-deco-be653-pack-router-sistema-wi-fi-7-mesh-be11000-de-triple-banda\/\" \/>\n<meta property=\"og:site_name\" content=\"Compuviper\" \/>\n<meta property=\"article:publisher\" content=\"https:\/\/www.facebook.com\/compuviper\" \/>\n<meta property=\"article:modified_time\" content=\"2026-04-18T07:15:02+00:00\" \/>\n<meta property=\"og:image\" content=\"https:\/\/compuviper.mx\/tienda\/wp-content\/uploads\/2025\/10\/Router-tp-link-deco-be653-pack-sistema-wi-fi-7-mesh-be11000-de-triple-banda.jpg\" \/>\n\t<meta property=\"og:image:width\" content=\"200\" \/>\n\t<meta property=\"og:image:height\" content=\"200\" \/>\n\t<meta property=\"og:image:type\" content=\"image\/jpeg\" \/>\n<meta name=\"twitter:card\" content=\"summary_large_image\" \/>\n<meta name=\"twitter:label1\" content=\"Precio\" \/>\n\t<meta name=\"twitter:data1\" content=\"&#36;9,730 con IVA\" \/>\n\t<meta name=\"twitter:label2\" content=\"Availability\" \/>\n\t<meta name=\"twitter:data2\" content=\"On backorder\" \/>\n<script type=\"application\/ld+json\" class=\"yoast-schema-graph\">{\"@context\":\"https:\/\/schema.org\",\"@graph\":[{\"@type\":\"WebPage\",\"@id\":\"https:\/\/compuviper.mx\/tienda\/producto\/tp-link-deco-be653-pack-router-sistema-wi-fi-7-mesh-be11000-de-triple-banda\/\",\"url\":\"https:\/\/compuviper.mx\/tienda\/producto\/tp-link-deco-be653-pack-router-sistema-wi-fi-7-mesh-be11000-de-triple-banda\/\",\"name\":\"[ Tp Link ] &#129351; Deco Be65(3-pack) Router | | | Sistema Wi-fi 7 Mesh Be11000 De Triple Banda\",\"isPartOf\":{\"@id\":\"https:\/\/compuviper.mx\/tienda\/#website\"},\"datePublished\":\"2026-04-18T07:15:01+00:00\",\"dateModified\":\"2026-04-18T07:15:02+00:00\",\"description\":\"Compra Deco Be65(3-pack) Router | | | Sistema Wi-fi 7 Mesh Be11000 De Triple Banda + Env\u00edo a domicilio + Pago seguro + Garant\u00eda\",\"breadcrumb\":{\"@id\":\"https:\/\/compuviper.mx\/tienda\/producto\/tp-link-deco-be653-pack-router-sistema-wi-fi-7-mesh-be11000-de-triple-banda\/#breadcrumb\"},\"inLanguage\":\"es-MX\",\"potentialAction\":[{\"@type\":\"ReadAction\",\"target\":[\"https:\/\/compuviper.mx\/tienda\/producto\/tp-link-deco-be653-pack-router-sistema-wi-fi-7-mesh-be11000-de-triple-banda\/\"]}]},{\"@type\":\"BreadcrumbList\",\"@id\":\"https:\/\/compuviper.mx\/tienda\/producto\/tp-link-deco-be653-pack-router-sistema-wi-fi-7-mesh-be11000-de-triple-banda\/#breadcrumb\",\"itemListElement\":[{\"@type\":\"ListItem\",\"position\":1,\"name\":\"Inicio\",\"item\":\"https:\/\/compuviper.mx\/tienda\/\"},{\"@type\":\"ListItem\",\"position\":2,\"name\":\"Productos\",\"item\":\"https:\/\/compuviper.mx\/tienda\/productos\/\"},{\"@type\":\"ListItem\",\"position\":3,\"name\":\"Redes\",\"item\":\"https:\/\/compuviper.mx\/tienda\/categoria-producto\/redes\/\"},{\"@type\":\"ListItem\",\"position\":4,\"name\":\"Router\",\"item\":\"https:\/\/compuviper.mx\/tienda\/categoria-producto\/redes\/router\/\"},{\"@type\":\"ListItem\",\"position\":5,\"name\":\"Tp Link Deco Be65(3-pack) Router | | | Sistema Wi-fi 7 Mesh Be11000 De Triple Banda\"}]},{\"@type\":\"WebSite\",\"@id\":\"https:\/\/compuviper.mx\/tienda\/#website\",\"url\":\"https:\/\/compuviper.mx\/tienda\/\",\"name\":\"Compuviper\",\"description\":\"Proveedor de Computadoras, Laptops, Servidores, Monitores, Puntos de Venta, Teclados,   Impresoras, T\u00f3ner, C\u00e1maras de Seguridad y m\u00e1s en tu tienda en l\u00ednea\",\"publisher\":{\"@id\":\"https:\/\/compuviper.mx\/tienda\/#organization\"},\"potentialAction\":[{\"@type\":\"SearchAction\",\"target\":{\"@type\":\"EntryPoint\",\"urlTemplate\":\"https:\/\/compuviper.mx\/tienda\/?s={search_term_string}\"},\"query-input\":\"required name=search_term_string\"}],\"inLanguage\":\"es-MX\"},{\"@type\":\"Organization\",\"@id\":\"https:\/\/compuviper.mx\/tienda\/#organization\",\"name\":\"Compuviper\",\"url\":\"https:\/\/compuviper.mx\/tienda\/\",\"logo\":{\"@type\":\"ImageObject\",\"inLanguage\":\"es-MX\",\"@id\":\"https:\/\/compuviper.mx\/tienda\/#\/schema\/logo\/image\/\",\"url\":\"https:\/\/compuviper.mx\/tienda\/wp-content\/uploads\/2021\/08\/Logo-Compuviper-10.png\",\"contentUrl\":\"https:\/\/compuviper.mx\/tienda\/wp-content\/uploads\/2021\/08\/Logo-Compuviper-10.png\",\"width\":1000,\"height\":500,\"caption\":\"Compuviper\"},\"image\":{\"@id\":\"https:\/\/compuviper.mx\/tienda\/#\/schema\/logo\/image\/\"},\"sameAs\":[\"https:\/\/www.facebook.com\/compuviper\",\"https:\/\/www.youtube.com\/channel\/UCf73dERp9Y3cfOq7q8BhLjA?view_as=subscriber\"]}]}<\/script>\n<meta property=\"product:brand\" content=\"TP LINK\" \/>\n<meta property=\"product:price:amount\" content=\"9730\" \/>\n<meta property=\"product:price:currency\" content=\"MXN\" \/>\n<meta property=\"og:availability\" content=\"backorder\" \/>\n<meta property=\"product:availability\" content=\"available for order\" \/>\n<meta property=\"product:retailer_item_id\" content=\"DECO BE65(3-PACK)\" \/>\n<meta property=\"product:condition\" content=\"new\" \/>\n<!-- \/ Yoast SEO plugin. -->","yoast_head_json":{"title":"[ Tp Link ] &#129351; Deco Be65(3-pack) Router | | | Sistema Wi-fi 7 Mesh Be11000 De Triple Banda","description":"Compra Deco Be65(3-pack) Router | | | Sistema Wi-fi 7 Mesh Be11000 De Triple Banda + Env\u00edo a domicilio + Pago seguro + Garant\u00eda","robots":{"index":"index","follow":"follow","max-snippet":"max-snippet:-1","max-image-preview":"max-image-preview:large","max-video-preview":"max-video-preview:-1"},"canonical":"https:\/\/compuviper.mx\/tienda\/producto\/tp-link-deco-be653-pack-router-sistema-wi-fi-7-mesh-be11000-de-triple-banda\/","og_locale":"es_MX","og_type":"article","og_title":"[ Tp Link ] &#129351; Deco Be65(3-pack) Router | | | Sistema Wi-fi 7 Mesh Be11000 De Triple Banda","og_description":"Compra Deco Be65(3-pack) Router | | | Sistema Wi-fi 7 Mesh Be11000 De Triple Banda + Env\u00edo a domicilio + Pago seguro + Garant\u00eda","og_url":"https:\/\/compuviper.mx\/tienda\/producto\/tp-link-deco-be653-pack-router-sistema-wi-fi-7-mesh-be11000-de-triple-banda\/","og_site_name":"Compuviper","article_publisher":"https:\/\/www.facebook.com\/compuviper","article_modified_time":"2026-04-18T07:15:02+00:00","og_image":[{"width":200,"height":200,"url":"https:\/\/compuviper.mx\/tienda\/wp-content\/uploads\/2025\/10\/Router-tp-link-deco-be653-pack-sistema-wi-fi-7-mesh-be11000-de-triple-banda.jpg","type":"image\/jpeg"}],"twitter_card":"summary_large_image","twitter_misc":{"Precio":"&#36;9,730 con IVA","Availability":"On backorder"},"schema":{"@context":"https:\/\/schema.org","@graph":[{"@type":"WebPage","@id":"https:\/\/compuviper.mx\/tienda\/producto\/tp-link-deco-be653-pack-router-sistema-wi-fi-7-mesh-be11000-de-triple-banda\/","url":"https:\/\/compuviper.mx\/tienda\/producto\/tp-link-deco-be653-pack-router-sistema-wi-fi-7-mesh-be11000-de-triple-banda\/","name":"[ Tp Link ] &#129351; Deco Be65(3-pack) Router | | | Sistema Wi-fi 7 Mesh Be11000 De Triple Banda","isPartOf":{"@id":"https:\/\/compuviper.mx\/tienda\/#website"},"datePublished":"2026-04-18T07:15:01+00:00","dateModified":"2026-04-18T07:15:02+00:00","description":"Compra Deco Be65(3-pack) Router | | | Sistema Wi-fi 7 Mesh Be11000 De Triple Banda + Env\u00edo a domicilio + Pago seguro + Garant\u00eda","breadcrumb":{"@id":"https:\/\/compuviper.mx\/tienda\/producto\/tp-link-deco-be653-pack-router-sistema-wi-fi-7-mesh-be11000-de-triple-banda\/#breadcrumb"},"inLanguage":"es-MX","potentialAction":[{"@type":"ReadAction","target":["https:\/\/compuviper.mx\/tienda\/producto\/tp-link-deco-be653-pack-router-sistema-wi-fi-7-mesh-be11000-de-triple-banda\/"]}]},{"@type":"BreadcrumbList","@id":"https:\/\/compuviper.mx\/tienda\/producto\/tp-link-deco-be653-pack-router-sistema-wi-fi-7-mesh-be11000-de-triple-banda\/#breadcrumb","itemListElement":[{"@type":"ListItem","position":1,"name":"Inicio","item":"https:\/\/compuviper.mx\/tienda\/"},{"@type":"ListItem","position":2,"name":"Productos","item":"https:\/\/compuviper.mx\/tienda\/productos\/"},{"@type":"ListItem","position":3,"name":"Redes","item":"https:\/\/compuviper.mx\/tienda\/categoria-producto\/redes\/"},{"@type":"ListItem","position":4,"name":"Router","item":"https:\/\/compuviper.mx\/tienda\/categoria-producto\/redes\/router\/"},{"@type":"ListItem","position":5,"name":"Tp Link Deco Be65(3-pack) Router | | | Sistema Wi-fi 7 Mesh Be11000 De Triple Banda"}]},{"@type":"WebSite","@id":"https:\/\/compuviper.mx\/tienda\/#website","url":"https:\/\/compuviper.mx\/tienda\/","name":"Compuviper","description":"Proveedor de Computadoras, Laptops, Servidores, Monitores, Puntos de Venta, Teclados,   Impresoras, T\u00f3ner, C\u00e1maras de Seguridad y m\u00e1s en tu tienda en l\u00ednea","publisher":{"@id":"https:\/\/compuviper.mx\/tienda\/#organization"},"potentialAction":[{"@type":"SearchAction","target":{"@type":"EntryPoint","urlTemplate":"https:\/\/compuviper.mx\/tienda\/?s={search_term_string}"},"query-input":"required name=search_term_string"}],"inLanguage":"es-MX"},{"@type":"Organization","@id":"https:\/\/compuviper.mx\/tienda\/#organization","name":"Compuviper","url":"https:\/\/compuviper.mx\/tienda\/","logo":{"@type":"ImageObject","inLanguage":"es-MX","@id":"https:\/\/compuviper.mx\/tienda\/#\/schema\/logo\/image\/","url":"https:\/\/compuviper.mx\/tienda\/wp-content\/uploads\/2021\/08\/Logo-Compuviper-10.png","contentUrl":"https:\/\/compuviper.mx\/tienda\/wp-content\/uploads\/2021\/08\/Logo-Compuviper-10.png","width":1000,"height":500,"caption":"Compuviper"},"image":{"@id":"https:\/\/compuviper.mx\/tienda\/#\/schema\/logo\/image\/"},"sameAs":["https:\/\/www.facebook.com\/compuviper","https:\/\/www.youtube.com\/channel\/UCf73dERp9Y3cfOq7q8BhLjA?view_as=subscriber"]}]},"product_brand":"TP LINK","product_price_amount":"9730","product_price_currency":"MXN","og_availability":"backorder","product_availability":"available for order","product_retailer_item_id":"DECO BE65(3-PACK)","product_condition":"new"},"_links":{"self":[{"href":"https:\/\/compuviper.mx\/tienda\/wp-json\/wp\/v2\/product\/256376"}],"collection":[{"href":"https:\/\/compuviper.mx\/tienda\/wp-json\/wp\/v2\/product"}],"about":[{"href":"https:\/\/compuviper.mx\/tienda\/wp-json\/wp\/v2\/types\/product"}],"replies":[{"embeddable":true,"href":"https:\/\/compuviper.mx\/tienda\/wp-json\/wp\/v2\/comments?post=256376"}],"wp:featuredmedia":[{"embeddable":true,"href":"https:\/\/compuviper.mx\/tienda\/wp-json\/wp\/v2\/media\/260214"}],"wp:attachment":[{"href":"https:\/\/compuviper.mx\/tienda\/wp-json\/wp\/v2\/media?parent=256376"}],"wp:term":[{"taxonomy":"product_cat","embeddable":true,"href":"https:\/\/compuviper.mx\/tienda\/wp-json\/wp\/v2\/product_cat?post=256376"},{"taxonomy":"product_tag","embeddable":true,"href":"https:\/\/compuviper.mx\/tienda\/wp-json\/wp\/v2\/product_tag?post=256376"}],"curies":[{"name":"wp","href":"https:\/\/api.w.org\/{rel}","templated":true}]}}