{"id":256373,"date":"2026-04-18T01:15:00","date_gmt":"2026-04-18T07:15:00","guid":{"rendered":"https:\/\/compuviper.mx\/tienda\/producto\/tp-link-archer-be550-router-be9300-tri-band-wi-fi-7-router\/"},"modified":"2026-04-18T01:15:00","modified_gmt":"2026-04-18T07:15:00","slug":"tp-link-archer-be550-router-be9300-tri-band-wi-fi-7-router","status":"publish","type":"product","link":"https:\/\/compuviper.mx\/tienda\/producto\/tp-link-archer-be550-router-be9300-tri-band-wi-fi-7-router\/","title":{"rendered":"Tp Link Archer Be550 Router |  |  | Be9300 Tri-band Wi-fi 7 Router"},"content":{"rendered":"<table class=\"descripcion\">\n<tr>\n<td>-inal\u00e1mbrico<\/td>\n<\/tr>\n<tr>\n<td>Velocidades de wifi be9300<\/td>\n<\/tr>\n<tr>\n<td>\u0095 6 ghz: 5760 mbps (802.11be)<\/td>\n<\/tr>\n<tr>\n<td>\u0095 5 ghz: 2880 mbps (802.11be)<\/td>\n<\/tr>\n<tr>\n<td>\u0095 2,4 ghz: 574 mbps (802.11ax)<\/td>\n<\/tr>\n<tr>\n<td>Alcance wifi casas de 4 habitaciones<\/td>\n<\/tr>\n<tr>\n<td>6 antenas posicionadas \u00f3ptimamente<\/td>\n<\/tr>\n<tr>\n<td>Varias antenas forman una matriz amplificadora de se\u00f1al para cubrir m\u00e1s direcciones y \u00e1reas m\u00e1s grandes<\/td>\n<\/tr>\n<tr>\n<td>Formaci\u00f3n de haz<\/td>\n<\/tr>\n<tr>\n<td>Concentra la intensidad de la se\u00f1al inal\u00e1mbrica hacia los clientes para expandir el alcance de wifi<\/td>\n<\/tr>\n<tr>\n<td>Fem de alta potencia<\/td>\n<\/tr>\n<tr>\n<td>Mejora la potencia de transmisi\u00f3n para fortalecer la cobertura de la se\u00f1al<\/td>\n<\/tr>\n<tr>\n<td>Capacidad wifi alto<\/td>\n<\/tr>\n<tr>\n<td>Tri-band<\/td>\n<\/tr>\n<tr>\n<td>Asigna dispositivos a diferentes bandas para un rendimiento \u00f3ptimo<\/td>\n<\/tr>\n<tr>\n<td>2\u00d72 mu-mimo<\/td>\n<\/tr>\n<tr>\n<td>Se comunica simult\u00e1neamente con m\u00faltiples clientes mu-mimo<\/td>\n<\/tr>\n<tr>\n<td>Ofdma<\/td>\n<\/tr>\n<tr>\n<td>Se comunica simult\u00e1neamente con m\u00faltiples clientes<\/td>\n<\/tr>\n<tr>\n<td>Airtime fairness<\/td>\n<\/tr>\n<tr>\n<td>Mejora la eficiencia de la red al limitar la ocupaci\u00f3n excesiva<\/td>\n<\/tr>\n<tr>\n<td>Dfs<\/td>\n<\/tr>\n<tr>\n<td>Accede a una banda adicional para reducir la congesti\u00f3n<\/td>\n<\/tr>\n<tr>\n<td>6 streams<\/td>\n<\/tr>\n<tr>\n<td>Conecta tus dispositivos a m\u00e1s ancho de banda<\/td>\n<\/tr>\n<tr>\n<td>Modos de trabajo \u0095 modo enrutador<\/td>\n<\/tr>\n<tr>\n<td>\u0095 modo punto de acceso<\/td>\n<\/tr>\n<tr>\n<td>Funciones avanzadas \u0095 operaci\u00f3n de m\u00faltiples enlaces (mlo)<\/td>\n<\/tr>\n<tr>\n<td>\u0095 canal de 320 mhz<\/td>\n<\/tr>\n<tr>\n<td>\u0095 4k-qam<\/td>\n<\/tr>\n<tr>\n<td>\u0095 m\u00faltiples ru<\/td>\n<\/tr>\n<tr>\n<td>\u0095 compatible con easymesh<\/td>\n<\/tr>\n<tr>\n<td>\u0095 funciona con alexa y google assistant<\/td>\n<\/tr>\n<tr>\n<td>\u0095 red iot<\/td>\n<\/tr>\n<tr>\n<td>-seguridad<\/td>\n<\/tr>\n<tr>\n<td>Seguridad de la red \u0095 cortafuegos spi<\/td>\n<\/tr>\n<tr>\n<td>\u0095 control de acceso<\/td>\n<\/tr>\n<tr>\n<td>\u0095 vinculaci\u00f3n de ip y mac<\/td>\n<\/tr>\n<tr>\n<td>\u0095 puerta de enlace de capa de aplicaci\u00f3n<\/td>\n<\/tr>\n<tr>\n<td>\u0095 seguridad homeshield<\/td>\n<\/tr>\n<tr>\n<td>Protecci\u00f3n de iot en tiempo real<\/td>\n<\/tr>\n<tr>\n<td>Bloqueador de sitios maliciosos<\/td>\n<\/tr>\n<tr>\n<td>Sistema de prevenci\u00f3n de intrusiones<\/td>\n<\/tr>\n<tr>\n<td>Prevenci\u00f3n de ataques ddos<\/td>\n<\/tr>\n<tr>\n<td>Esc\u00e1ner de red dom\u00e9stica<\/td>\n<\/tr>\n<\/table>\n","protected":false},"excerpt":{"rendered":"<p>-redefiniendo los enrutadores wifi: con un potente rendimiento de wifi 7, conexiones por cable ultrarr\u00e1pidas y un dise\u00f1o completamente nuevo. -wi-fi 7 tribanda ultrarr\u00e1pido de 9214 mbps: permite que tus dispositivos funcionen a toda velocidad. Disfruta de streaming fluido en 4k\/8k, juegos inmersivos de realidad aumentada (ra\/rv) y descargas ultrarr\u00e1pidas. ?. -operaci\u00f3n de m\u00faltiples enlaces (mlo): aumenta el rendimiento, reduce la latencia y mejora la confiabilidad para aplicaciones emergentes. ?. -puertos 5\u00d7 2.5g:  1 puerto wan de 2,5 gbps y 4 puertos lan de 2,5 gbps rompen el cuello de botella de 1g, impulsando sus dispositivos al m\u00e1ximo rendimiento. -cobertura maximizada: la optimizaci\u00f3n wifi patentada y las antenas ubicadas de manera \u00f3ptima junto con beamforming brindan m\u00e1s capacidad, conexiones m\u00e1s fuertes y confiables y menos interferencias. -compatible con easymesh: funciona con enrutadores y extensores de rango easymesh para formar una red wifi en malla perfecta para toda la casa, evitando ca\u00eddas y retrasos al cambiar de se\u00f1al. -f\u00e1cil configuraci\u00f3n y uso : la gesti\u00f3n de la red nunca ha sido tan f\u00e1cil con la aplicaci\u00f3n tether. -tp-link homeshield: la seguridad mejorada defiende contra las \u00faltimas amenazas cibern\u00e9ticas. -gran compatibilidad : admite todas las generaciones y dispositivos wi-fi  y todos los proveedores de internet<\/p>\n","protected":false},"featured_media":260211,"comment_status":"open","ping_status":"open","template":"","meta":[],"product_cat":[1563,1753],"product_tag":[1562],"acf":[],"yoast_head":"<!-- This site is optimized with the Yoast SEO plugin v21.7 - https:\/\/yoast.com\/wordpress\/plugins\/seo\/ -->\n<title>[ Tp Link ] &#129351; Archer Be550 Router | | | Be9300 Tri-band Wi-fi 7 Router<\/title>\n<meta name=\"description\" content=\"Compra Archer Be550 Router | | | Be9300 Tri-band Wi-fi 7 Router + Env\u00edo a domicilio + Pago seguro + Garant\u00eda\" \/>\n<meta name=\"robots\" content=\"index, follow, max-snippet:-1, max-image-preview:large, max-video-preview:-1\" \/>\n<link rel=\"canonical\" href=\"https:\/\/compuviper.mx\/tienda\/producto\/tp-link-archer-be550-router-be9300-tri-band-wi-fi-7-router\/\" \/>\n<meta property=\"og:locale\" content=\"es_MX\" \/>\n<meta property=\"og:type\" content=\"article\" \/>\n<meta property=\"og:title\" content=\"[ Tp Link ] &#129351; Archer Be550 Router | | | Be9300 Tri-band Wi-fi 7 Router\" \/>\n<meta property=\"og:description\" content=\"Compra Archer Be550 Router | | | Be9300 Tri-band Wi-fi 7 Router + Env\u00edo a domicilio + Pago seguro + Garant\u00eda\" \/>\n<meta property=\"og:url\" content=\"https:\/\/compuviper.mx\/tienda\/producto\/tp-link-archer-be550-router-be9300-tri-band-wi-fi-7-router\/\" \/>\n<meta property=\"og:site_name\" content=\"Compuviper\" \/>\n<meta property=\"article:publisher\" content=\"https:\/\/www.facebook.com\/compuviper\" \/>\n<meta property=\"og:image\" content=\"https:\/\/compuviper.mx\/tienda\/wp-content\/uploads\/2025\/10\/Router-tp-link-archer-be550-be9300-tri-band-wi-fi-7-router.jpg\" \/>\n\t<meta property=\"og:image:width\" content=\"200\" \/>\n\t<meta property=\"og:image:height\" content=\"200\" \/>\n\t<meta property=\"og:image:type\" content=\"image\/jpeg\" \/>\n<meta name=\"twitter:card\" content=\"summary_large_image\" \/>\n<meta name=\"twitter:label1\" content=\"Precio\" \/>\n\t<meta name=\"twitter:data1\" content=\"&#36;3,496 con IVA\" \/>\n\t<meta name=\"twitter:label2\" content=\"Availability\" \/>\n\t<meta name=\"twitter:data2\" content=\"Out of stock\" \/>\n<script type=\"application\/ld+json\" class=\"yoast-schema-graph\">{\"@context\":\"https:\/\/schema.org\",\"@graph\":[{\"@type\":\"WebPage\",\"@id\":\"https:\/\/compuviper.mx\/tienda\/producto\/tp-link-archer-be550-router-be9300-tri-band-wi-fi-7-router\/\",\"url\":\"https:\/\/compuviper.mx\/tienda\/producto\/tp-link-archer-be550-router-be9300-tri-band-wi-fi-7-router\/\",\"name\":\"[ Tp Link ] &#129351; Archer Be550 Router | | | Be9300 Tri-band Wi-fi 7 Router\",\"isPartOf\":{\"@id\":\"https:\/\/compuviper.mx\/tienda\/#website\"},\"datePublished\":\"2026-04-18T07:15:00+00:00\",\"dateModified\":\"2026-04-18T07:15:00+00:00\",\"description\":\"Compra Archer Be550 Router | | | Be9300 Tri-band Wi-fi 7 Router + Env\u00edo a domicilio + Pago seguro + Garant\u00eda\",\"breadcrumb\":{\"@id\":\"https:\/\/compuviper.mx\/tienda\/producto\/tp-link-archer-be550-router-be9300-tri-band-wi-fi-7-router\/#breadcrumb\"},\"inLanguage\":\"es-MX\",\"potentialAction\":[{\"@type\":\"ReadAction\",\"target\":[\"https:\/\/compuviper.mx\/tienda\/producto\/tp-link-archer-be550-router-be9300-tri-band-wi-fi-7-router\/\"]}]},{\"@type\":\"BreadcrumbList\",\"@id\":\"https:\/\/compuviper.mx\/tienda\/producto\/tp-link-archer-be550-router-be9300-tri-band-wi-fi-7-router\/#breadcrumb\",\"itemListElement\":[{\"@type\":\"ListItem\",\"position\":1,\"name\":\"Inicio\",\"item\":\"https:\/\/compuviper.mx\/tienda\/\"},{\"@type\":\"ListItem\",\"position\":2,\"name\":\"Productos\",\"item\":\"https:\/\/compuviper.mx\/tienda\/productos\/\"},{\"@type\":\"ListItem\",\"position\":3,\"name\":\"Redes\",\"item\":\"https:\/\/compuviper.mx\/tienda\/categoria-producto\/redes\/\"},{\"@type\":\"ListItem\",\"position\":4,\"name\":\"Router\",\"item\":\"https:\/\/compuviper.mx\/tienda\/categoria-producto\/redes\/router\/\"},{\"@type\":\"ListItem\",\"position\":5,\"name\":\"Tp Link Archer Be550 Router | | | Be9300 Tri-band Wi-fi 7 Router\"}]},{\"@type\":\"WebSite\",\"@id\":\"https:\/\/compuviper.mx\/tienda\/#website\",\"url\":\"https:\/\/compuviper.mx\/tienda\/\",\"name\":\"Compuviper\",\"description\":\"Proveedor de Computadoras, Laptops, Servidores, Monitores, Puntos de Venta, Teclados,   Impresoras, T\u00f3ner, C\u00e1maras de Seguridad y m\u00e1s en tu tienda en l\u00ednea\",\"publisher\":{\"@id\":\"https:\/\/compuviper.mx\/tienda\/#organization\"},\"potentialAction\":[{\"@type\":\"SearchAction\",\"target\":{\"@type\":\"EntryPoint\",\"urlTemplate\":\"https:\/\/compuviper.mx\/tienda\/?s={search_term_string}\"},\"query-input\":\"required name=search_term_string\"}],\"inLanguage\":\"es-MX\"},{\"@type\":\"Organization\",\"@id\":\"https:\/\/compuviper.mx\/tienda\/#organization\",\"name\":\"Compuviper\",\"url\":\"https:\/\/compuviper.mx\/tienda\/\",\"logo\":{\"@type\":\"ImageObject\",\"inLanguage\":\"es-MX\",\"@id\":\"https:\/\/compuviper.mx\/tienda\/#\/schema\/logo\/image\/\",\"url\":\"https:\/\/compuviper.mx\/tienda\/wp-content\/uploads\/2021\/08\/Logo-Compuviper-10.png\",\"contentUrl\":\"https:\/\/compuviper.mx\/tienda\/wp-content\/uploads\/2021\/08\/Logo-Compuviper-10.png\",\"width\":1000,\"height\":500,\"caption\":\"Compuviper\"},\"image\":{\"@id\":\"https:\/\/compuviper.mx\/tienda\/#\/schema\/logo\/image\/\"},\"sameAs\":[\"https:\/\/www.facebook.com\/compuviper\",\"https:\/\/www.youtube.com\/channel\/UCf73dERp9Y3cfOq7q8BhLjA?view_as=subscriber\"]}]}<\/script>\n<meta property=\"product:brand\" content=\"TP LINK\" \/>\n<meta property=\"product:price:amount\" content=\"3496\" \/>\n<meta property=\"product:price:currency\" content=\"MXN\" \/>\n<meta property=\"og:availability\" content=\"out of stock\" \/>\n<meta property=\"product:availability\" content=\"out of stock\" \/>\n<meta property=\"product:retailer_item_id\" content=\"ARCHER BE550\" \/>\n<meta property=\"product:condition\" content=\"new\" \/>\n<!-- \/ Yoast SEO plugin. -->","yoast_head_json":{"title":"[ Tp Link ] &#129351; Archer Be550 Router | | | Be9300 Tri-band Wi-fi 7 Router","description":"Compra Archer Be550 Router | | | Be9300 Tri-band Wi-fi 7 Router + Env\u00edo a domicilio + Pago seguro + Garant\u00eda","robots":{"index":"index","follow":"follow","max-snippet":"max-snippet:-1","max-image-preview":"max-image-preview:large","max-video-preview":"max-video-preview:-1"},"canonical":"https:\/\/compuviper.mx\/tienda\/producto\/tp-link-archer-be550-router-be9300-tri-band-wi-fi-7-router\/","og_locale":"es_MX","og_type":"article","og_title":"[ Tp Link ] &#129351; Archer Be550 Router | | | Be9300 Tri-band Wi-fi 7 Router","og_description":"Compra Archer Be550 Router | | | Be9300 Tri-band Wi-fi 7 Router + Env\u00edo a domicilio + Pago seguro + Garant\u00eda","og_url":"https:\/\/compuviper.mx\/tienda\/producto\/tp-link-archer-be550-router-be9300-tri-band-wi-fi-7-router\/","og_site_name":"Compuviper","article_publisher":"https:\/\/www.facebook.com\/compuviper","og_image":[{"width":200,"height":200,"url":"https:\/\/compuviper.mx\/tienda\/wp-content\/uploads\/2025\/10\/Router-tp-link-archer-be550-be9300-tri-band-wi-fi-7-router.jpg","type":"image\/jpeg"}],"twitter_card":"summary_large_image","twitter_misc":{"Precio":"&#36;3,496 con IVA","Availability":"Out of stock"},"schema":{"@context":"https:\/\/schema.org","@graph":[{"@type":"WebPage","@id":"https:\/\/compuviper.mx\/tienda\/producto\/tp-link-archer-be550-router-be9300-tri-band-wi-fi-7-router\/","url":"https:\/\/compuviper.mx\/tienda\/producto\/tp-link-archer-be550-router-be9300-tri-band-wi-fi-7-router\/","name":"[ Tp Link ] &#129351; Archer Be550 Router | | | Be9300 Tri-band Wi-fi 7 Router","isPartOf":{"@id":"https:\/\/compuviper.mx\/tienda\/#website"},"datePublished":"2026-04-18T07:15:00+00:00","dateModified":"2026-04-18T07:15:00+00:00","description":"Compra Archer Be550 Router | | | Be9300 Tri-band Wi-fi 7 Router + Env\u00edo a domicilio + Pago seguro + Garant\u00eda","breadcrumb":{"@id":"https:\/\/compuviper.mx\/tienda\/producto\/tp-link-archer-be550-router-be9300-tri-band-wi-fi-7-router\/#breadcrumb"},"inLanguage":"es-MX","potentialAction":[{"@type":"ReadAction","target":["https:\/\/compuviper.mx\/tienda\/producto\/tp-link-archer-be550-router-be9300-tri-band-wi-fi-7-router\/"]}]},{"@type":"BreadcrumbList","@id":"https:\/\/compuviper.mx\/tienda\/producto\/tp-link-archer-be550-router-be9300-tri-band-wi-fi-7-router\/#breadcrumb","itemListElement":[{"@type":"ListItem","position":1,"name":"Inicio","item":"https:\/\/compuviper.mx\/tienda\/"},{"@type":"ListItem","position":2,"name":"Productos","item":"https:\/\/compuviper.mx\/tienda\/productos\/"},{"@type":"ListItem","position":3,"name":"Redes","item":"https:\/\/compuviper.mx\/tienda\/categoria-producto\/redes\/"},{"@type":"ListItem","position":4,"name":"Router","item":"https:\/\/compuviper.mx\/tienda\/categoria-producto\/redes\/router\/"},{"@type":"ListItem","position":5,"name":"Tp Link Archer Be550 Router | | | Be9300 Tri-band Wi-fi 7 Router"}]},{"@type":"WebSite","@id":"https:\/\/compuviper.mx\/tienda\/#website","url":"https:\/\/compuviper.mx\/tienda\/","name":"Compuviper","description":"Proveedor de Computadoras, Laptops, Servidores, Monitores, Puntos de Venta, Teclados,   Impresoras, T\u00f3ner, C\u00e1maras de Seguridad y m\u00e1s en tu tienda en l\u00ednea","publisher":{"@id":"https:\/\/compuviper.mx\/tienda\/#organization"},"potentialAction":[{"@type":"SearchAction","target":{"@type":"EntryPoint","urlTemplate":"https:\/\/compuviper.mx\/tienda\/?s={search_term_string}"},"query-input":"required name=search_term_string"}],"inLanguage":"es-MX"},{"@type":"Organization","@id":"https:\/\/compuviper.mx\/tienda\/#organization","name":"Compuviper","url":"https:\/\/compuviper.mx\/tienda\/","logo":{"@type":"ImageObject","inLanguage":"es-MX","@id":"https:\/\/compuviper.mx\/tienda\/#\/schema\/logo\/image\/","url":"https:\/\/compuviper.mx\/tienda\/wp-content\/uploads\/2021\/08\/Logo-Compuviper-10.png","contentUrl":"https:\/\/compuviper.mx\/tienda\/wp-content\/uploads\/2021\/08\/Logo-Compuviper-10.png","width":1000,"height":500,"caption":"Compuviper"},"image":{"@id":"https:\/\/compuviper.mx\/tienda\/#\/schema\/logo\/image\/"},"sameAs":["https:\/\/www.facebook.com\/compuviper","https:\/\/www.youtube.com\/channel\/UCf73dERp9Y3cfOq7q8BhLjA?view_as=subscriber"]}]},"product_brand":"TP LINK","product_price_amount":"3496","product_price_currency":"MXN","og_availability":"out of stock","product_availability":"out of stock","product_retailer_item_id":"ARCHER BE550","product_condition":"new"},"_links":{"self":[{"href":"https:\/\/compuviper.mx\/tienda\/wp-json\/wp\/v2\/product\/256373"}],"collection":[{"href":"https:\/\/compuviper.mx\/tienda\/wp-json\/wp\/v2\/product"}],"about":[{"href":"https:\/\/compuviper.mx\/tienda\/wp-json\/wp\/v2\/types\/product"}],"replies":[{"embeddable":true,"href":"https:\/\/compuviper.mx\/tienda\/wp-json\/wp\/v2\/comments?post=256373"}],"wp:featuredmedia":[{"embeddable":true,"href":"https:\/\/compuviper.mx\/tienda\/wp-json\/wp\/v2\/media\/260211"}],"wp:attachment":[{"href":"https:\/\/compuviper.mx\/tienda\/wp-json\/wp\/v2\/media?parent=256373"}],"wp:term":[{"taxonomy":"product_cat","embeddable":true,"href":"https:\/\/compuviper.mx\/tienda\/wp-json\/wp\/v2\/product_cat?post=256373"},{"taxonomy":"product_tag","embeddable":true,"href":"https:\/\/compuviper.mx\/tienda\/wp-json\/wp\/v2\/product_tag?post=256373"}],"curies":[{"name":"wp","href":"https:\/\/api.w.org\/{rel}","templated":true}]}}