{"id":256372,"date":"2026-04-18T01:14:59","date_gmt":"2026-04-18T07:14:59","guid":{"rendered":"https:\/\/compuviper.mx\/tienda\/producto\/tp-link-archer-ge550-router-be9300-tri-band-wi-fi-7-gaming\/"},"modified":"2026-04-18T01:14:59","modified_gmt":"2026-04-18T07:14:59","slug":"tp-link-archer-ge550-router-be9300-tri-band-wi-fi-7-gaming","status":"publish","type":"product","link":"https:\/\/compuviper.mx\/tienda\/producto\/tp-link-archer-ge550-router-be9300-tri-band-wi-fi-7-gaming\/","title":{"rendered":"Tp Link Archer Ge550 Router |  |  | Be9300 Tri-band Wi-fi 7 Gaming"},"content":{"rendered":"<table class=\"descripcion\">\n<tr>\n<td>-inal\u00e1mbrico<\/td>\n<\/tr>\n<tr>\n<td>Velocidades de wifi be9300<\/td>\n<\/tr>\n<tr>\n<td>\u0095 6 ghz: 5764 mbps (802.11be)<\/td>\n<\/tr>\n<tr>\n<td>\u0095 5 ghz: 2882 mbps (802.11be)<\/td>\n<\/tr>\n<tr>\n<td>\u0095 2,4 ghz: 574 mbps (802.11ax)<\/td>\n<\/tr>\n<tr>\n<td>Modos de trabajo \u0095 modo enrutador<\/td>\n<\/tr>\n<tr>\n<td>\u0095 modo punto de acceso<\/td>\n<\/tr>\n<tr>\n<td>Funciones avanzadas \u0095 canal de 320 mhz<\/td>\n<\/tr>\n<tr>\n<td>\u0095 4k-qam<\/td>\n<\/tr>\n<tr>\n<td>\u0095 compatible con easymesh<\/td>\n<\/tr>\n<tr>\n<td>\u0095 funciona con alexa y google assistant<\/td>\n<\/tr>\n<tr>\n<td>\u0095 red iot<\/td>\n<\/tr>\n<tr>\n<td>-seguridad<\/td>\n<\/tr>\n<tr>\n<td>Seguridad de la red \u0095 cortafuegos spi<\/td>\n<\/tr>\n<tr>\n<td>\u0095 control de acceso<\/td>\n<\/tr>\n<tr>\n<td>\u0095 vinculaci\u00f3n de ip y mac<\/td>\n<\/tr>\n<tr>\n<td>\u0095 puerta de enlace de capa de aplicaci\u00f3n<\/td>\n<\/tr>\n<tr>\n<td>\u0095 seguridad homeshield<\/td>\n<\/tr>\n<tr>\n<td>Protecci\u00f3n de iot en tiempo real<\/td>\n<\/tr>\n<tr>\n<td>Bloqueador de sitios maliciosos<\/td>\n<\/tr>\n<tr>\n<td>Sistema de prevenci\u00f3n de intrusiones<\/td>\n<\/tr>\n<tr>\n<td>Prevenci\u00f3n de ataques ddos<\/td>\n<\/tr>\n<tr>\n<td>Esc\u00e1ner de red dom\u00e9stica<\/td>\n<\/tr>\n<tr>\n<td>Red de invitados \u0095 red de invitados de 6 ghz<\/td>\n<\/tr>\n<tr>\n<td>\u0095 red de invitados de 5 ghz<\/td>\n<\/tr>\n<tr>\n<td>\u0095 red de invitados de 2,4 ghz<\/td>\n<\/tr>\n<tr>\n<td>Servidor vpn \u0095 servidor openvpn<\/td>\n<\/tr>\n<tr>\n<td>\u0095 servidor vpn pptp<\/td>\n<\/tr>\n<tr>\n<td>\u0095 servidor vpn l2tp<\/td>\n<\/tr>\n<tr>\n<td>\u0095 servidor vpn wireguard<\/td>\n<\/tr>\n<tr>\n<td>Cliente vpn \u0095 cliente vpn abierto<\/td>\n<\/tr>\n<tr>\n<td>\u0095 cliente vpn pptp<\/td>\n<\/tr>\n<tr>\n<td>\u0095 cliente vpn l2tp<\/td>\n<\/tr>\n<tr>\n<td>\u0095 cliente vpn wireguard<\/td>\n<\/tr>\n<tr>\n<td>Cifrado wifi \u0095 wpa<\/td>\n<\/tr>\n<tr>\n<td>\u0095 wpa2<\/td>\n<\/tr>\n<tr>\n<td>\u0095 wpa3<\/td>\n<\/tr>\n<tr>\n<td>\u0095 wpa\/wpa2-empresa (802.1x)<\/td>\n<\/tr>\n<tr>\n<td>-hardware<\/td>\n<\/tr>\n<tr>\n<td>Puertos ethernet \u0095 1 wan de 5 gbps<\/td>\n<\/tr>\n<tr>\n<td>\u0095 1 lan de 5 gbps<\/td>\n<\/tr>\n<tr>\n<td>\u0095 3 lan de 2,5 gbps<\/td>\n<\/tr>\n<tr>\n<td>Soporte usb 1\u00d7 usb 3.0<\/td>\n<\/tr>\n<tr>\n<td>\u0095 formatos de partici\u00f3n compatibles:<\/td>\n<\/tr>\n<tr>\n<td>Ntfs, exfat, hfs+, fat32<\/td>\n<\/tr>\n<tr>\n<td>\u0095 funciones compatibles:<\/td>\n<\/tr>\n<tr>\n<td>Servidor ftp<\/td>\n<\/tr>\n<tr>\n<td>Servidor multimedia<\/td>\n<\/tr>\n<tr>\n<td>Servidor samba<\/td>\n<\/tr>\n<tr>\n<td>-software<\/td>\n<\/tr>\n<tr>\n<td>Protocolos \u0095 ipv4<\/td>\n<\/tr>\n<tr>\n<td>\u0095 ipv6<\/td>\n<\/tr>\n<tr>\n<td>Centro de juegos 1. aceleraci\u00f3n de juegos:<\/td>\n<\/tr>\n<tr>\n<td>\u0095 acelerar aplicaciones de juegos con qos<\/td>\n<\/tr>\n<tr>\n<td>\u0095 acelerar dispositivos de juegos con puerto de juegos<\/td>\n<\/tr>\n<tr>\n<td>\u0095 aceleraci\u00f3n de servidores de juegos por gpn<\/td>\n<\/tr>\n<tr>\n<td>2. panel de juegos:<\/td>\n<\/tr>\n<tr>\n<td>\u0095 estado de la red<\/td>\n<\/tr>\n<tr>\n<td>\u0095 rendimiento del enrutador<\/td>\n<\/tr>\n<tr>\n<td>\u0095 configuraci\u00f3n rgb<\/td>\n<\/tr>\n<tr>\n<td>\u0095 juegos y engranajes acelerados<\/td>\n<\/tr>\n<tr>\n<td>3. estad\u00edsticas de juegos:<\/td>\n<\/tr>\n<tr>\n<td>Informes completos de tr\u00e1fico de juegos<\/td>\n<\/tr>\n<tr>\n<td>4. banda de juegos dedicada<\/td>\n<\/tr>\n<tr>\n<td>Banda de juegos de 5 ghz<\/td>\n<\/tr>\n<tr>\n<td>Kit de servicio homeshield<\/td>\n<\/tr>\n<\/table>\n","protected":false},"excerpt":{"rendered":"<p>-wi-fi ultrarr\u00e1pido para juegos de hasta 9220 mbps:  con 5764 mbps en la banda de 6 ghz, 2882 mbps en la de 5 ghz y 688 mbps en la de 2,4 ghz, el archer ge550 siempre est\u00e1 listo para las batallas m\u00e1s feroces. Mant\u00e9n tu juego en marcha con la banda de 5 ghz dedicada para juegos, lo que te libera de competir con el streaming netflix 4k de tu familia. \u0086 \u0087  and #8251. -mayores velocidades para potenciar sus dispositivos: experimente los juegos en l\u00ednea como nunca antes con la tecnolog\u00eda multi-link operation (mlo) que utiliza las bandas de 6 ghz, 5 ghz y 2,4 ghz simult\u00e1neamente para conexiones a internet estables y transferencias de datos eficientes. ?. -configuraciones flexibles de puertos de red: con un puerto wan de 5 gbps, un puerto lan de 5 gbps y tres puertos lan de 2,5 gbps, el archer ge550 garantiza la m\u00e1xima flexibilidad y rendimiento. Estas configuraciones admiten un gran ancho de banda para dispositivos de juego con cable y conexiones ultrarr\u00e1pidas, satisfaciendo todas las necesidades de juego.<\/p>\n","protected":false},"featured_media":260210,"comment_status":"open","ping_status":"open","template":"","meta":[],"product_cat":[1563,1753],"product_tag":[1562],"acf":[],"yoast_head":"<!-- This site is optimized with the Yoast SEO plugin v21.7 - https:\/\/yoast.com\/wordpress\/plugins\/seo\/ -->\n<title>[ Tp Link ] &#129351; Archer Ge550 Router | | | Be9300 Tri-band Wi-fi 7 Gaming<\/title>\n<meta name=\"description\" content=\"Compra Archer Ge550 Router | | | Be9300 Tri-band Wi-fi 7 Gaming + Env\u00edo a domicilio + Pago seguro + Garant\u00eda\" \/>\n<meta name=\"robots\" content=\"index, follow, max-snippet:-1, max-image-preview:large, max-video-preview:-1\" \/>\n<link rel=\"canonical\" href=\"https:\/\/compuviper.mx\/tienda\/producto\/tp-link-archer-ge550-router-be9300-tri-band-wi-fi-7-gaming\/\" \/>\n<meta property=\"og:locale\" content=\"es_MX\" \/>\n<meta property=\"og:type\" content=\"article\" \/>\n<meta property=\"og:title\" content=\"[ Tp Link ] &#129351; Archer Ge550 Router | | | Be9300 Tri-band Wi-fi 7 Gaming\" \/>\n<meta property=\"og:description\" content=\"Compra Archer Ge550 Router | | | Be9300 Tri-band Wi-fi 7 Gaming + Env\u00edo a domicilio + Pago seguro + Garant\u00eda\" \/>\n<meta property=\"og:url\" content=\"https:\/\/compuviper.mx\/tienda\/producto\/tp-link-archer-ge550-router-be9300-tri-band-wi-fi-7-gaming\/\" \/>\n<meta property=\"og:site_name\" content=\"Compuviper\" \/>\n<meta property=\"article:publisher\" content=\"https:\/\/www.facebook.com\/compuviper\" \/>\n<meta property=\"og:image\" content=\"https:\/\/compuviper.mx\/tienda\/wp-content\/uploads\/2025\/10\/Router-tp-link-archer-ge550-be9300-tri-band-wi-fi-7-gaming.jpg\" \/>\n\t<meta property=\"og:image:width\" content=\"200\" \/>\n\t<meta property=\"og:image:height\" content=\"200\" \/>\n\t<meta property=\"og:image:type\" content=\"image\/jpeg\" \/>\n<meta name=\"twitter:card\" content=\"summary_large_image\" \/>\n<meta name=\"twitter:label1\" content=\"Precio\" \/>\n\t<meta name=\"twitter:data1\" content=\"&#36;3,907 con IVA\" \/>\n\t<meta name=\"twitter:label2\" content=\"Availability\" \/>\n\t<meta name=\"twitter:data2\" content=\"Out of stock\" \/>\n<script type=\"application\/ld+json\" class=\"yoast-schema-graph\">{\"@context\":\"https:\/\/schema.org\",\"@graph\":[{\"@type\":\"WebPage\",\"@id\":\"https:\/\/compuviper.mx\/tienda\/producto\/tp-link-archer-ge550-router-be9300-tri-band-wi-fi-7-gaming\/\",\"url\":\"https:\/\/compuviper.mx\/tienda\/producto\/tp-link-archer-ge550-router-be9300-tri-band-wi-fi-7-gaming\/\",\"name\":\"[ Tp Link ] &#129351; Archer Ge550 Router | | | Be9300 Tri-band Wi-fi 7 Gaming\",\"isPartOf\":{\"@id\":\"https:\/\/compuviper.mx\/tienda\/#website\"},\"datePublished\":\"2026-04-18T07:14:59+00:00\",\"dateModified\":\"2026-04-18T07:14:59+00:00\",\"description\":\"Compra Archer Ge550 Router | | | Be9300 Tri-band Wi-fi 7 Gaming + Env\u00edo a domicilio + Pago seguro + Garant\u00eda\",\"breadcrumb\":{\"@id\":\"https:\/\/compuviper.mx\/tienda\/producto\/tp-link-archer-ge550-router-be9300-tri-band-wi-fi-7-gaming\/#breadcrumb\"},\"inLanguage\":\"es-MX\",\"potentialAction\":[{\"@type\":\"ReadAction\",\"target\":[\"https:\/\/compuviper.mx\/tienda\/producto\/tp-link-archer-ge550-router-be9300-tri-band-wi-fi-7-gaming\/\"]}]},{\"@type\":\"BreadcrumbList\",\"@id\":\"https:\/\/compuviper.mx\/tienda\/producto\/tp-link-archer-ge550-router-be9300-tri-band-wi-fi-7-gaming\/#breadcrumb\",\"itemListElement\":[{\"@type\":\"ListItem\",\"position\":1,\"name\":\"Inicio\",\"item\":\"https:\/\/compuviper.mx\/tienda\/\"},{\"@type\":\"ListItem\",\"position\":2,\"name\":\"Productos\",\"item\":\"https:\/\/compuviper.mx\/tienda\/productos\/\"},{\"@type\":\"ListItem\",\"position\":3,\"name\":\"Redes\",\"item\":\"https:\/\/compuviper.mx\/tienda\/categoria-producto\/redes\/\"},{\"@type\":\"ListItem\",\"position\":4,\"name\":\"Router\",\"item\":\"https:\/\/compuviper.mx\/tienda\/categoria-producto\/redes\/router\/\"},{\"@type\":\"ListItem\",\"position\":5,\"name\":\"Tp Link Archer Ge550 Router | | | Be9300 Tri-band Wi-fi 7 Gaming\"}]},{\"@type\":\"WebSite\",\"@id\":\"https:\/\/compuviper.mx\/tienda\/#website\",\"url\":\"https:\/\/compuviper.mx\/tienda\/\",\"name\":\"Compuviper\",\"description\":\"Proveedor de Computadoras, Laptops, Servidores, Monitores, Puntos de Venta, Teclados,   Impresoras, T\u00f3ner, C\u00e1maras de Seguridad y m\u00e1s en tu tienda en l\u00ednea\",\"publisher\":{\"@id\":\"https:\/\/compuviper.mx\/tienda\/#organization\"},\"potentialAction\":[{\"@type\":\"SearchAction\",\"target\":{\"@type\":\"EntryPoint\",\"urlTemplate\":\"https:\/\/compuviper.mx\/tienda\/?s={search_term_string}\"},\"query-input\":\"required name=search_term_string\"}],\"inLanguage\":\"es-MX\"},{\"@type\":\"Organization\",\"@id\":\"https:\/\/compuviper.mx\/tienda\/#organization\",\"name\":\"Compuviper\",\"url\":\"https:\/\/compuviper.mx\/tienda\/\",\"logo\":{\"@type\":\"ImageObject\",\"inLanguage\":\"es-MX\",\"@id\":\"https:\/\/compuviper.mx\/tienda\/#\/schema\/logo\/image\/\",\"url\":\"https:\/\/compuviper.mx\/tienda\/wp-content\/uploads\/2021\/08\/Logo-Compuviper-10.png\",\"contentUrl\":\"https:\/\/compuviper.mx\/tienda\/wp-content\/uploads\/2021\/08\/Logo-Compuviper-10.png\",\"width\":1000,\"height\":500,\"caption\":\"Compuviper\"},\"image\":{\"@id\":\"https:\/\/compuviper.mx\/tienda\/#\/schema\/logo\/image\/\"},\"sameAs\":[\"https:\/\/www.facebook.com\/compuviper\",\"https:\/\/www.youtube.com\/channel\/UCf73dERp9Y3cfOq7q8BhLjA?view_as=subscriber\"]}]}<\/script>\n<meta property=\"product:brand\" content=\"TP LINK\" \/>\n<meta property=\"product:price:amount\" content=\"3907\" \/>\n<meta property=\"product:price:currency\" content=\"MXN\" \/>\n<meta property=\"og:availability\" content=\"out of stock\" \/>\n<meta property=\"product:availability\" content=\"out of stock\" \/>\n<meta property=\"product:retailer_item_id\" content=\"ARCHER GE550\" \/>\n<meta property=\"product:condition\" content=\"new\" \/>\n<!-- \/ Yoast SEO plugin. -->","yoast_head_json":{"title":"[ Tp Link ] &#129351; Archer Ge550 Router | | | Be9300 Tri-band Wi-fi 7 Gaming","description":"Compra Archer Ge550 Router | | | Be9300 Tri-band Wi-fi 7 Gaming + Env\u00edo a domicilio + Pago seguro + Garant\u00eda","robots":{"index":"index","follow":"follow","max-snippet":"max-snippet:-1","max-image-preview":"max-image-preview:large","max-video-preview":"max-video-preview:-1"},"canonical":"https:\/\/compuviper.mx\/tienda\/producto\/tp-link-archer-ge550-router-be9300-tri-band-wi-fi-7-gaming\/","og_locale":"es_MX","og_type":"article","og_title":"[ Tp Link ] &#129351; Archer Ge550 Router | | | Be9300 Tri-band Wi-fi 7 Gaming","og_description":"Compra Archer Ge550 Router | | | Be9300 Tri-band Wi-fi 7 Gaming + Env\u00edo a domicilio + Pago seguro + Garant\u00eda","og_url":"https:\/\/compuviper.mx\/tienda\/producto\/tp-link-archer-ge550-router-be9300-tri-band-wi-fi-7-gaming\/","og_site_name":"Compuviper","article_publisher":"https:\/\/www.facebook.com\/compuviper","og_image":[{"width":200,"height":200,"url":"https:\/\/compuviper.mx\/tienda\/wp-content\/uploads\/2025\/10\/Router-tp-link-archer-ge550-be9300-tri-band-wi-fi-7-gaming.jpg","type":"image\/jpeg"}],"twitter_card":"summary_large_image","twitter_misc":{"Precio":"&#36;3,907 con IVA","Availability":"Out of stock"},"schema":{"@context":"https:\/\/schema.org","@graph":[{"@type":"WebPage","@id":"https:\/\/compuviper.mx\/tienda\/producto\/tp-link-archer-ge550-router-be9300-tri-band-wi-fi-7-gaming\/","url":"https:\/\/compuviper.mx\/tienda\/producto\/tp-link-archer-ge550-router-be9300-tri-band-wi-fi-7-gaming\/","name":"[ Tp Link ] &#129351; Archer Ge550 Router | | | Be9300 Tri-band Wi-fi 7 Gaming","isPartOf":{"@id":"https:\/\/compuviper.mx\/tienda\/#website"},"datePublished":"2026-04-18T07:14:59+00:00","dateModified":"2026-04-18T07:14:59+00:00","description":"Compra Archer Ge550 Router | | | Be9300 Tri-band Wi-fi 7 Gaming + Env\u00edo a domicilio + Pago seguro + Garant\u00eda","breadcrumb":{"@id":"https:\/\/compuviper.mx\/tienda\/producto\/tp-link-archer-ge550-router-be9300-tri-band-wi-fi-7-gaming\/#breadcrumb"},"inLanguage":"es-MX","potentialAction":[{"@type":"ReadAction","target":["https:\/\/compuviper.mx\/tienda\/producto\/tp-link-archer-ge550-router-be9300-tri-band-wi-fi-7-gaming\/"]}]},{"@type":"BreadcrumbList","@id":"https:\/\/compuviper.mx\/tienda\/producto\/tp-link-archer-ge550-router-be9300-tri-band-wi-fi-7-gaming\/#breadcrumb","itemListElement":[{"@type":"ListItem","position":1,"name":"Inicio","item":"https:\/\/compuviper.mx\/tienda\/"},{"@type":"ListItem","position":2,"name":"Productos","item":"https:\/\/compuviper.mx\/tienda\/productos\/"},{"@type":"ListItem","position":3,"name":"Redes","item":"https:\/\/compuviper.mx\/tienda\/categoria-producto\/redes\/"},{"@type":"ListItem","position":4,"name":"Router","item":"https:\/\/compuviper.mx\/tienda\/categoria-producto\/redes\/router\/"},{"@type":"ListItem","position":5,"name":"Tp Link Archer Ge550 Router | | | Be9300 Tri-band Wi-fi 7 Gaming"}]},{"@type":"WebSite","@id":"https:\/\/compuviper.mx\/tienda\/#website","url":"https:\/\/compuviper.mx\/tienda\/","name":"Compuviper","description":"Proveedor de Computadoras, Laptops, Servidores, Monitores, Puntos de Venta, Teclados,   Impresoras, T\u00f3ner, C\u00e1maras de Seguridad y m\u00e1s en tu tienda en l\u00ednea","publisher":{"@id":"https:\/\/compuviper.mx\/tienda\/#organization"},"potentialAction":[{"@type":"SearchAction","target":{"@type":"EntryPoint","urlTemplate":"https:\/\/compuviper.mx\/tienda\/?s={search_term_string}"},"query-input":"required name=search_term_string"}],"inLanguage":"es-MX"},{"@type":"Organization","@id":"https:\/\/compuviper.mx\/tienda\/#organization","name":"Compuviper","url":"https:\/\/compuviper.mx\/tienda\/","logo":{"@type":"ImageObject","inLanguage":"es-MX","@id":"https:\/\/compuviper.mx\/tienda\/#\/schema\/logo\/image\/","url":"https:\/\/compuviper.mx\/tienda\/wp-content\/uploads\/2021\/08\/Logo-Compuviper-10.png","contentUrl":"https:\/\/compuviper.mx\/tienda\/wp-content\/uploads\/2021\/08\/Logo-Compuviper-10.png","width":1000,"height":500,"caption":"Compuviper"},"image":{"@id":"https:\/\/compuviper.mx\/tienda\/#\/schema\/logo\/image\/"},"sameAs":["https:\/\/www.facebook.com\/compuviper","https:\/\/www.youtube.com\/channel\/UCf73dERp9Y3cfOq7q8BhLjA?view_as=subscriber"]}]},"product_brand":"TP LINK","product_price_amount":"3907","product_price_currency":"MXN","og_availability":"out of stock","product_availability":"out of stock","product_retailer_item_id":"ARCHER GE550","product_condition":"new"},"_links":{"self":[{"href":"https:\/\/compuviper.mx\/tienda\/wp-json\/wp\/v2\/product\/256372"}],"collection":[{"href":"https:\/\/compuviper.mx\/tienda\/wp-json\/wp\/v2\/product"}],"about":[{"href":"https:\/\/compuviper.mx\/tienda\/wp-json\/wp\/v2\/types\/product"}],"replies":[{"embeddable":true,"href":"https:\/\/compuviper.mx\/tienda\/wp-json\/wp\/v2\/comments?post=256372"}],"wp:featuredmedia":[{"embeddable":true,"href":"https:\/\/compuviper.mx\/tienda\/wp-json\/wp\/v2\/media\/260210"}],"wp:attachment":[{"href":"https:\/\/compuviper.mx\/tienda\/wp-json\/wp\/v2\/media?parent=256372"}],"wp:term":[{"taxonomy":"product_cat","embeddable":true,"href":"https:\/\/compuviper.mx\/tienda\/wp-json\/wp\/v2\/product_cat?post=256372"},{"taxonomy":"product_tag","embeddable":true,"href":"https:\/\/compuviper.mx\/tienda\/wp-json\/wp\/v2\/product_tag?post=256372"}],"curies":[{"name":"wp","href":"https:\/\/api.w.org\/{rel}","templated":true}]}}