{"id":256358,"date":"2026-04-23T00:16:01","date_gmt":"2026-04-23T06:16:01","guid":{"rendered":"https:\/\/compuviper.mx\/tienda\/producto\/tp-link-tapo-c230-camara-wifi-360-grados-con-vista-3k-y-deteccin-ia-avanzada\/"},"modified":"2026-04-23T00:16:01","modified_gmt":"2026-04-23T06:16:01","slug":"tp-link-tapo-c230-camara-wifi-360-grados-con-vista-3k-y-deteccin-ia-avanzada","status":"publish","type":"product","link":"https:\/\/compuviper.mx\/tienda\/producto\/tp-link-tapo-c230-camara-wifi-360-grados-con-vista-3k-y-deteccin-ia-avanzada\/","title":{"rendered":"Tp Link Tapo C230 Camara Wifi |  |  | 360 Grados Con Vista 3k Y Detecci?n Ia Avanzada"},"content":{"rendered":"<table class=\"descripcion\">\n<tr>\n<td>&#8211; c\u00e1mara<\/td>\n<\/tr>\n<tr>\n<td>Sensor de imagen sensor starlight cmos de escaneo progresivo de 1\/3\u0094<\/td>\n<\/tr>\n<tr>\n<td>Lentes distancia focal: 4 mm<\/td>\n<\/tr>\n<tr>\n<td>Apertura: f2.0<\/td>\n<\/tr>\n<tr>\n<td>Campo de visi\u00f3n: 88\u00b0 (diagonal), 75\u00b0 (horizontal), 41\u00b0 (vertical)<\/td>\n<\/tr>\n<tr>\n<td>Rango de movimiento rango mec\u00e1nico panor\u00e1mico: 340\u00b0 (cobertura panor\u00e1mica de 360\u00b0)<\/td>\n<\/tr>\n<tr>\n<td>Rango mec\u00e1nico de inclinaci\u00f3n: 69\u00b0<\/td>\n<\/tr>\n<tr>\n<td>Visi\u00f3n nocturna led ir de 850 nm (12 m)<\/td>\n<\/tr>\n<tr>\n<td>Interfaz y botones 1\u00d7 bot\u00f3n reset<\/td>\n<\/tr>\n<tr>\n<td>1\u00d7 ranura para tarjeta microsd (hasta 512gb)<\/td>\n<\/tr>\n<tr>\n<td>-v\u00eddeo y audio<\/td>\n<\/tr>\n<tr>\n<td>Resoluci\u00f3n m\u00e1xima 3k 5mp (2880\u00d71620 px)<\/td>\n<\/tr>\n<tr>\n<td>Velocidad de cuadros 15\/20\/25\/30 fps (predeterminado 15 fps)<\/td>\n<\/tr>\n<tr>\n<td>Compresi\u00f3n de v\u00eddeo h.264<\/td>\n<\/tr>\n<tr>\n<td>Vista en vivo s\u00ed<\/td>\n<\/tr>\n<tr>\n<td>Mejora de la imagen dnr 3d<\/td>\n<\/tr>\n<tr>\n<td>Blc<\/td>\n<\/tr>\n<tr>\n<td>Entrada y salida de audio micr\u00f3fono y altavoz integrados<\/td>\n<\/tr>\n<tr>\n<td>Comunicaci\u00f3n de audio audio bidireccional con cancelaci\u00f3n de ruido<\/td>\n<\/tr>\n<tr>\n<td>Volumen de la sirena 99 db (nivel medido a 10 cm de distancia)<\/td>\n<\/tr>\n<tr>\n<td>-almacenamiento<\/td>\n<\/tr>\n<tr>\n<td>Almacenamiento local ranura para tarjeta microsd (hasta 512 gb)<\/td>\n<\/tr>\n<tr>\n<td>Informaci\u00f3n general sobre el uso de tarjetas microsd<\/td>\n<\/tr>\n<tr>\n<td>Almacenamiento en la nube servicios de almacenamiento en la nube tapo care (se requiere suscripci\u00f3n)<\/td>\n<\/tr>\n<\/table>\n","protected":false},"excerpt":{"rendered":"<p>-grabaci\u00f3n de video de alta calidad: capture cada detalle con claridad excepcional en resoluci\u00f3n 3k 5mp.       &#8211; amplio rango de movimiento: disfrute de un rango completo de 360\u00ba horizontales y 114\u00ba verticales para paneo e inclinaci\u00f3n, permiti\u00e9ndole cubrir m\u00e1s \u00e1rea.        -visi\u00f3n nocturna mejorada: vea claramente incluso en condiciones de poca luz con visi\u00f3n nocturna avanzada que proporciona visibilidad hasta 12 metros.        -detecci\u00f3n inteligente por ia y notificaciones: benef\u00edciese de la tecnolog\u00eda de ia inteligente que detecta eventos relevantes y le env\u00eda notificaciones instant\u00e1neas.        -alarma de luz y sonido: ahuyente a los visitantes no deseados utilizando una alarma de luz y sonido que activa efectos llamativos.        -audio bidireccional: permite la comunicaci\u00f3n a trav\u00e9s de un micr\u00f3fono y altavoz integrados.        -almacenamiento seguro: guarde las grabaciones directamente en una tarjeta microsd con una capacidad de hasta 512 gb, garantizando un almacenamiento seguro y conveniente. (la tarjeta microsd se compra por separado).        -operaci\u00f3n manos libres: controle el dispositivo usando su voz con compatibilidad para google assistant y amazon alexa, liberando sus manos para otras tareas. (la disponibilidad de google assistant y amazon alexa puede variar seg\u00fan el idioma y el pa\u00eds).<\/p>\n","protected":false},"featured_media":259466,"comment_status":"open","ping_status":"open","template":"","meta":[],"product_cat":[1608,1681],"product_tag":[1562],"acf":[],"yoast_head":"<!-- This site is optimized with the Yoast SEO plugin v21.7 - https:\/\/yoast.com\/wordpress\/plugins\/seo\/ -->\n<title>[ Tp Link ] &#129351; Tapo C230 Camara Wifi | | | 360 Grados Con Vista 3k Y Detecci\u00f3n Ia Avanzada<\/title>\n<meta name=\"description\" content=\"Compra Tapo C230 Camara Wifi | | | 360 Grados Con Vista 3k Y Detecci\u00f3n Ia Avanzada + Env\u00edo a domicilio + Pago seguro + Garant\u00eda\" \/>\n<meta name=\"robots\" content=\"index, follow, max-snippet:-1, max-image-preview:large, max-video-preview:-1\" \/>\n<link rel=\"canonical\" href=\"https:\/\/compuviper.mx\/tienda\/producto\/tp-link-tapo-c230-camara-wifi-360-grados-con-vista-3k-y-deteccin-ia-avanzada\/\" \/>\n<meta property=\"og:locale\" content=\"es_MX\" \/>\n<meta property=\"og:type\" content=\"article\" \/>\n<meta property=\"og:title\" content=\"[ Tp Link ] &#129351; Tapo C230 Camara Wifi | | | 360 Grados Con Vista 3k Y Detecci\u00f3n Ia Avanzada\" \/>\n<meta property=\"og:description\" content=\"Compra Tapo C230 Camara Wifi | | | 360 Grados Con Vista 3k Y Detecci\u00f3n Ia Avanzada + Env\u00edo a domicilio + Pago seguro + Garant\u00eda\" \/>\n<meta property=\"og:url\" content=\"https:\/\/compuviper.mx\/tienda\/producto\/tp-link-tapo-c230-camara-wifi-360-grados-con-vista-3k-y-deteccin-ia-avanzada\/\" \/>\n<meta property=\"og:site_name\" content=\"Compuviper\" \/>\n<meta property=\"article:publisher\" content=\"https:\/\/www.facebook.com\/compuviper\" \/>\n<meta property=\"og:image\" content=\"https:\/\/compuviper.mx\/tienda\/wp-content\/uploads\/2025\/10\/Camara-wifi-tp-link-tapo-c230-360-grados-con-vista-3k-y-deteccion-ia-avanzada.jpg\" \/>\n\t<meta property=\"og:image:width\" content=\"200\" \/>\n\t<meta property=\"og:image:height\" content=\"200\" \/>\n\t<meta property=\"og:image:type\" content=\"image\/jpeg\" \/>\n<meta name=\"twitter:card\" content=\"summary_large_image\" \/>\n<meta name=\"twitter:label1\" content=\"Precio\" \/>\n\t<meta name=\"twitter:data1\" content=\"&#36;715 con IVA\" \/>\n\t<meta name=\"twitter:label2\" content=\"Availability\" \/>\n\t<meta name=\"twitter:data2\" content=\"Out of stock\" \/>\n<script type=\"application\/ld+json\" class=\"yoast-schema-graph\">{\"@context\":\"https:\/\/schema.org\",\"@graph\":[{\"@type\":\"WebPage\",\"@id\":\"https:\/\/compuviper.mx\/tienda\/producto\/tp-link-tapo-c230-camara-wifi-360-grados-con-vista-3k-y-deteccin-ia-avanzada\/\",\"url\":\"https:\/\/compuviper.mx\/tienda\/producto\/tp-link-tapo-c230-camara-wifi-360-grados-con-vista-3k-y-deteccin-ia-avanzada\/\",\"name\":\"[ Tp Link ] &#129351; Tapo C230 Camara Wifi | | | 360 Grados Con Vista 3k Y Detecci\u00f3n Ia Avanzada\",\"isPartOf\":{\"@id\":\"https:\/\/compuviper.mx\/tienda\/#website\"},\"datePublished\":\"2026-04-23T06:16:01+00:00\",\"dateModified\":\"2026-04-23T06:16:01+00:00\",\"description\":\"Compra Tapo C230 Camara Wifi | | | 360 Grados Con Vista 3k Y Detecci\u00f3n Ia Avanzada + Env\u00edo a domicilio + Pago seguro + Garant\u00eda\",\"breadcrumb\":{\"@id\":\"https:\/\/compuviper.mx\/tienda\/producto\/tp-link-tapo-c230-camara-wifi-360-grados-con-vista-3k-y-deteccin-ia-avanzada\/#breadcrumb\"},\"inLanguage\":\"es-MX\",\"potentialAction\":[{\"@type\":\"ReadAction\",\"target\":[\"https:\/\/compuviper.mx\/tienda\/producto\/tp-link-tapo-c230-camara-wifi-360-grados-con-vista-3k-y-deteccin-ia-avanzada\/\"]}]},{\"@type\":\"BreadcrumbList\",\"@id\":\"https:\/\/compuviper.mx\/tienda\/producto\/tp-link-tapo-c230-camara-wifi-360-grados-con-vista-3k-y-deteccin-ia-avanzada\/#breadcrumb\",\"itemListElement\":[{\"@type\":\"ListItem\",\"position\":1,\"name\":\"Inicio\",\"item\":\"https:\/\/compuviper.mx\/tienda\/\"},{\"@type\":\"ListItem\",\"position\":2,\"name\":\"Productos\",\"item\":\"https:\/\/compuviper.mx\/tienda\/productos\/\"},{\"@type\":\"ListItem\",\"position\":3,\"name\":\"Camaras\",\"item\":\"https:\/\/compuviper.mx\/tienda\/categoria-producto\/camaras-2\/\"},{\"@type\":\"ListItem\",\"position\":4,\"name\":\"Camara De Videovigilancia\",\"item\":\"https:\/\/compuviper.mx\/tienda\/categoria-producto\/camaras-2\/camara-de-videovigilancia\/\"},{\"@type\":\"ListItem\",\"position\":5,\"name\":\"Tp Link Tapo C230 Camara Wifi | | | 360 Grados Con Vista 3k Y Detecci?n Ia Avanzada\"}]},{\"@type\":\"WebSite\",\"@id\":\"https:\/\/compuviper.mx\/tienda\/#website\",\"url\":\"https:\/\/compuviper.mx\/tienda\/\",\"name\":\"Compuviper\",\"description\":\"Proveedor de Computadoras, Laptops, Servidores, Monitores, Puntos de Venta, Teclados,   Impresoras, T\u00f3ner, C\u00e1maras de Seguridad y m\u00e1s en tu tienda en l\u00ednea\",\"publisher\":{\"@id\":\"https:\/\/compuviper.mx\/tienda\/#organization\"},\"potentialAction\":[{\"@type\":\"SearchAction\",\"target\":{\"@type\":\"EntryPoint\",\"urlTemplate\":\"https:\/\/compuviper.mx\/tienda\/?s={search_term_string}\"},\"query-input\":\"required name=search_term_string\"}],\"inLanguage\":\"es-MX\"},{\"@type\":\"Organization\",\"@id\":\"https:\/\/compuviper.mx\/tienda\/#organization\",\"name\":\"Compuviper\",\"url\":\"https:\/\/compuviper.mx\/tienda\/\",\"logo\":{\"@type\":\"ImageObject\",\"inLanguage\":\"es-MX\",\"@id\":\"https:\/\/compuviper.mx\/tienda\/#\/schema\/logo\/image\/\",\"url\":\"https:\/\/compuviper.mx\/tienda\/wp-content\/uploads\/2021\/08\/Logo-Compuviper-10.png\",\"contentUrl\":\"https:\/\/compuviper.mx\/tienda\/wp-content\/uploads\/2021\/08\/Logo-Compuviper-10.png\",\"width\":1000,\"height\":500,\"caption\":\"Compuviper\"},\"image\":{\"@id\":\"https:\/\/compuviper.mx\/tienda\/#\/schema\/logo\/image\/\"},\"sameAs\":[\"https:\/\/www.facebook.com\/compuviper\",\"https:\/\/www.youtube.com\/channel\/UCf73dERp9Y3cfOq7q8BhLjA?view_as=subscriber\"]}]}<\/script>\n<meta property=\"product:brand\" content=\"TP LINK\" \/>\n<meta property=\"product:price:amount\" content=\"715\" \/>\n<meta property=\"product:price:currency\" content=\"MXN\" \/>\n<meta property=\"og:availability\" content=\"out of stock\" \/>\n<meta property=\"product:availability\" content=\"out of stock\" \/>\n<meta property=\"product:retailer_item_id\" content=\"TAPO C230\" \/>\n<meta property=\"product:condition\" content=\"new\" \/>\n<!-- \/ Yoast SEO plugin. -->","yoast_head_json":{"title":"[ Tp Link ] &#129351; Tapo C230 Camara Wifi | | | 360 Grados Con Vista 3k Y Detecci\u00f3n Ia Avanzada","description":"Compra Tapo C230 Camara Wifi | | | 360 Grados Con Vista 3k Y Detecci\u00f3n Ia Avanzada + Env\u00edo a domicilio + Pago seguro + Garant\u00eda","robots":{"index":"index","follow":"follow","max-snippet":"max-snippet:-1","max-image-preview":"max-image-preview:large","max-video-preview":"max-video-preview:-1"},"canonical":"https:\/\/compuviper.mx\/tienda\/producto\/tp-link-tapo-c230-camara-wifi-360-grados-con-vista-3k-y-deteccin-ia-avanzada\/","og_locale":"es_MX","og_type":"article","og_title":"[ Tp Link ] &#129351; Tapo C230 Camara Wifi | | | 360 Grados Con Vista 3k Y Detecci\u00f3n Ia Avanzada","og_description":"Compra Tapo C230 Camara Wifi | | | 360 Grados Con Vista 3k Y Detecci\u00f3n Ia Avanzada + Env\u00edo a domicilio + Pago seguro + Garant\u00eda","og_url":"https:\/\/compuviper.mx\/tienda\/producto\/tp-link-tapo-c230-camara-wifi-360-grados-con-vista-3k-y-deteccin-ia-avanzada\/","og_site_name":"Compuviper","article_publisher":"https:\/\/www.facebook.com\/compuviper","og_image":[{"width":200,"height":200,"url":"https:\/\/compuviper.mx\/tienda\/wp-content\/uploads\/2025\/10\/Camara-wifi-tp-link-tapo-c230-360-grados-con-vista-3k-y-deteccion-ia-avanzada.jpg","type":"image\/jpeg"}],"twitter_card":"summary_large_image","twitter_misc":{"Precio":"&#36;715 con IVA","Availability":"Out of stock"},"schema":{"@context":"https:\/\/schema.org","@graph":[{"@type":"WebPage","@id":"https:\/\/compuviper.mx\/tienda\/producto\/tp-link-tapo-c230-camara-wifi-360-grados-con-vista-3k-y-deteccin-ia-avanzada\/","url":"https:\/\/compuviper.mx\/tienda\/producto\/tp-link-tapo-c230-camara-wifi-360-grados-con-vista-3k-y-deteccin-ia-avanzada\/","name":"[ Tp Link ] &#129351; Tapo C230 Camara Wifi | | | 360 Grados Con Vista 3k Y Detecci\u00f3n Ia Avanzada","isPartOf":{"@id":"https:\/\/compuviper.mx\/tienda\/#website"},"datePublished":"2026-04-23T06:16:01+00:00","dateModified":"2026-04-23T06:16:01+00:00","description":"Compra Tapo C230 Camara Wifi | | | 360 Grados Con Vista 3k Y Detecci\u00f3n Ia Avanzada + Env\u00edo a domicilio + Pago seguro + Garant\u00eda","breadcrumb":{"@id":"https:\/\/compuviper.mx\/tienda\/producto\/tp-link-tapo-c230-camara-wifi-360-grados-con-vista-3k-y-deteccin-ia-avanzada\/#breadcrumb"},"inLanguage":"es-MX","potentialAction":[{"@type":"ReadAction","target":["https:\/\/compuviper.mx\/tienda\/producto\/tp-link-tapo-c230-camara-wifi-360-grados-con-vista-3k-y-deteccin-ia-avanzada\/"]}]},{"@type":"BreadcrumbList","@id":"https:\/\/compuviper.mx\/tienda\/producto\/tp-link-tapo-c230-camara-wifi-360-grados-con-vista-3k-y-deteccin-ia-avanzada\/#breadcrumb","itemListElement":[{"@type":"ListItem","position":1,"name":"Inicio","item":"https:\/\/compuviper.mx\/tienda\/"},{"@type":"ListItem","position":2,"name":"Productos","item":"https:\/\/compuviper.mx\/tienda\/productos\/"},{"@type":"ListItem","position":3,"name":"Camaras","item":"https:\/\/compuviper.mx\/tienda\/categoria-producto\/camaras-2\/"},{"@type":"ListItem","position":4,"name":"Camara De Videovigilancia","item":"https:\/\/compuviper.mx\/tienda\/categoria-producto\/camaras-2\/camara-de-videovigilancia\/"},{"@type":"ListItem","position":5,"name":"Tp Link Tapo C230 Camara Wifi | | | 360 Grados Con Vista 3k Y Detecci?n Ia Avanzada"}]},{"@type":"WebSite","@id":"https:\/\/compuviper.mx\/tienda\/#website","url":"https:\/\/compuviper.mx\/tienda\/","name":"Compuviper","description":"Proveedor de Computadoras, Laptops, Servidores, Monitores, Puntos de Venta, Teclados,   Impresoras, T\u00f3ner, C\u00e1maras de Seguridad y m\u00e1s en tu tienda en l\u00ednea","publisher":{"@id":"https:\/\/compuviper.mx\/tienda\/#organization"},"potentialAction":[{"@type":"SearchAction","target":{"@type":"EntryPoint","urlTemplate":"https:\/\/compuviper.mx\/tienda\/?s={search_term_string}"},"query-input":"required name=search_term_string"}],"inLanguage":"es-MX"},{"@type":"Organization","@id":"https:\/\/compuviper.mx\/tienda\/#organization","name":"Compuviper","url":"https:\/\/compuviper.mx\/tienda\/","logo":{"@type":"ImageObject","inLanguage":"es-MX","@id":"https:\/\/compuviper.mx\/tienda\/#\/schema\/logo\/image\/","url":"https:\/\/compuviper.mx\/tienda\/wp-content\/uploads\/2021\/08\/Logo-Compuviper-10.png","contentUrl":"https:\/\/compuviper.mx\/tienda\/wp-content\/uploads\/2021\/08\/Logo-Compuviper-10.png","width":1000,"height":500,"caption":"Compuviper"},"image":{"@id":"https:\/\/compuviper.mx\/tienda\/#\/schema\/logo\/image\/"},"sameAs":["https:\/\/www.facebook.com\/compuviper","https:\/\/www.youtube.com\/channel\/UCf73dERp9Y3cfOq7q8BhLjA?view_as=subscriber"]}]},"product_brand":"TP LINK","product_price_amount":"715","product_price_currency":"MXN","og_availability":"out of stock","product_availability":"out of stock","product_retailer_item_id":"TAPO C230","product_condition":"new"},"_links":{"self":[{"href":"https:\/\/compuviper.mx\/tienda\/wp-json\/wp\/v2\/product\/256358"}],"collection":[{"href":"https:\/\/compuviper.mx\/tienda\/wp-json\/wp\/v2\/product"}],"about":[{"href":"https:\/\/compuviper.mx\/tienda\/wp-json\/wp\/v2\/types\/product"}],"replies":[{"embeddable":true,"href":"https:\/\/compuviper.mx\/tienda\/wp-json\/wp\/v2\/comments?post=256358"}],"wp:featuredmedia":[{"embeddable":true,"href":"https:\/\/compuviper.mx\/tienda\/wp-json\/wp\/v2\/media\/259466"}],"wp:attachment":[{"href":"https:\/\/compuviper.mx\/tienda\/wp-json\/wp\/v2\/media?parent=256358"}],"wp:term":[{"taxonomy":"product_cat","embeddable":true,"href":"https:\/\/compuviper.mx\/tienda\/wp-json\/wp\/v2\/product_cat?post=256358"},{"taxonomy":"product_tag","embeddable":true,"href":"https:\/\/compuviper.mx\/tienda\/wp-json\/wp\/v2\/product_tag?post=256358"}],"curies":[{"name":"wp","href":"https:\/\/api.w.org\/{rel}","templated":true}]}}