{"id":256355,"date":"2026-04-23T00:15:59","date_gmt":"2026-04-23T06:15:59","guid":{"rendered":"https:\/\/compuviper.mx\/tienda\/producto\/tp-link-tapo-c425-kit-camara-kit-tp-link-cmara-de-vigilancia-wi-fi-solar-con-vista-2k-qhd-y-deteccin-ia-avanzada\/"},"modified":"2026-04-23T00:16:00","modified_gmt":"2026-04-23T06:16:00","slug":"tp-link-tapo-c425-kit-camara-kit-tp-link-cmara-de-vigilancia-wi-fi-solar-con-vista-2k-qhd-y-deteccin-ia-avanzada","status":"publish","type":"product","link":"https:\/\/compuviper.mx\/tienda\/producto\/tp-link-tapo-c425-kit-camara-kit-tp-link-cmara-de-vigilancia-wi-fi-solar-con-vista-2k-qhd-y-deteccin-ia-avanzada\/","title":{"rendered":"Tp Link Tapo C425 Kit Camara Kit | Tp-link |  | C?mara De Vigilancia Wi-fi   Solar Con Vista 2k Qhd Y Detecci?n Ia Avanzada"},"content":{"rendered":"<table class=\"descripcion\">\n<tr>\n<td>-c\u00e1mara<\/td>\n<\/tr>\n<tr>\n<td>Sensor de imagen:  sensor starlight cmos de barrido progresivo de 1\/3<\/td>\n<\/tr>\n<tr>\n<td>Lentes:<\/td>\n<\/tr>\n<tr>\n<td>Distancia focal: 2,1 mm<\/td>\n<\/tr>\n<tr>\n<td>Apertura: f2.1<\/td>\n<\/tr>\n<tr>\n<td>Campo de visi\u00f3n 150\u00b0 (diagonal), 134\u00b0(horizontal), 77\u00b0(vertical)<\/td>\n<\/tr>\n<tr>\n<td>Visi\u00f3n nocturna:<\/td>\n<\/tr>\n<tr>\n<td>Led ir de 850 nm (15 m \/ 49 pies)<\/td>\n<\/tr>\n<tr>\n<td>Visi\u00f3n nocturna a todo color<\/td>\n<\/tr>\n<tr>\n<td>Iluminaci\u00f3n:<\/td>\n<\/tr>\n<tr>\n<td>4\u00d7 led ir incorporados<\/td>\n<\/tr>\n<tr>\n<td>4\u00d7 led blanco incorporado<\/td>\n<\/tr>\n<tr>\n<td>Interfaz y botones:<\/td>\n<\/tr>\n<tr>\n<td>1* interruptor<\/td>\n<\/tr>\n<tr>\n<td>1* bot\u00f3n de reinicio<\/td>\n<\/tr>\n<tr>\n<td>1* ranura para tarjeta microsd<\/td>\n<\/tr>\n<tr>\n<td>-panel solar<\/td>\n<\/tr>\n<tr>\n<td>Capacidad de conexi\u00f3n:  un panel solar s\u00f3lo puede conectarse a una c\u00e1mara<\/td>\n<\/tr>\n<tr>\n<td>Puerto de salida:<\/td>\n<\/tr>\n<tr>\n<td>Tipo-c<\/td>\n<\/tr>\n<tr>\n<td>*se necesita un adaptador de tipo-c a micro usb (incluido) para una c\u00e1mara con puerto de carga micro usb.<\/td>\n<\/tr>\n<tr>\n<td>-v\u00eddeo y audio<\/td>\n<\/tr>\n<tr>\n<td>Resoluci\u00f3n m\u00e1xima: 2k qhd 4mp (2560 \u00d7 1440 px)<\/td>\n<\/tr>\n<tr>\n<td>Velocidad de cuadros:  15\/20\/(25\/30) fps<\/td>\n<\/tr>\n<tr>\n<td>Compresi\u00f3n de v\u00eddeo: h.264<\/td>\n<\/tr>\n<tr>\n<td>Vista en vivo: s\u00ed<\/td>\n<\/tr>\n<tr>\n<td>Mejora de la imagen:<\/td>\n<\/tr>\n<tr>\n<td>3dnr<\/td>\n<\/tr>\n<tr>\n<td>Wdr<\/td>\n<\/tr>\n<tr>\n<td>Entrada y salida de audio:    micr\u00f3fono y altavoz integrados<\/td>\n<\/tr>\n<tr>\n<td>Comunicaci\u00f3n de audio: audio bidireccional con cancelaci\u00f3n de ruido<\/td>\n<\/tr>\n<tr>\n<td>Volumen de la sirena:     94 db (nivel medido a 10 cm de distancia)<\/td>\n<\/tr>\n<\/table>\n","protected":false},"excerpt":{"rendered":"<p>-alimentaci\u00f3n ininterrumpida. Gracias a la bater\u00eda integrada y al panel solar podr\u00e1s colocar la c\u00e1mara en cualquier lugar sin depender de enchufes1. -long-lasting battery: la bater\u00eda integrada de 10000mah garantiza hasta 300 d\u00edas2 de rendimiento ininterrumpido con una sola carga. -visi\u00f3n nocturna a todo color. Graba videos con alta calidad de imagen y colores n\u00edtidos incluso de noche. -grabaci\u00f3n de v\u00eddeo 2k qhd. Videos y fotos m\u00e1s n\u00edtidos con alta resoluci\u00f3n 2560 \u00d7 1440 px. -detecci\u00f3n mediante ia gratuita. Gracias a la tecnolog\u00eda de ia, la c\u00e1mara emite alertas a medida que identifica personas, mascotas y veh\u00edculos, lo que reduce las falsas alertas y las notificaciones innecesarias. -resistente al agua y al polvo ip66. La c\u00e1mara est\u00e1 herm\u00e9ticamente sellada frente al agua y el polvo. -almacenamiento local o en la nube. Elige entre almacenamiento local microsd de hasta 512 gb3 o el servicio en la nube tapo care.<\/p>\n","protected":false},"featured_media":259463,"comment_status":"open","ping_status":"open","template":"","meta":[],"product_cat":[1608,1681],"product_tag":[1562],"acf":[],"yoast_head":"<!-- This site is optimized with the Yoast SEO plugin v21.7 - https:\/\/yoast.com\/wordpress\/plugins\/seo\/ -->\n<title>[ Tp Link ] &#129351; Tapo C425 Kit Camara Kit | Tp-link | | C\u00e1mara De Vigilancia Wi-fi Solar Con Vista 2k Qhd Y Detecci\u00f3n Ia Avanzada<\/title>\n<meta name=\"description\" content=\"Compra Tapo C425 Kit Camara Kit | Tp-link | | C\u00e1mara De Vigilancia Wi-fi Solar Con Vista 2k Qhd Y Detecci\u00f3n Ia Avanzada + Env\u00edo a domicilio + Pago seguro + Garant\u00eda\" \/>\n<meta name=\"robots\" content=\"index, follow, max-snippet:-1, max-image-preview:large, max-video-preview:-1\" \/>\n<link rel=\"canonical\" href=\"https:\/\/compuviper.mx\/tienda\/producto\/tp-link-tapo-c425-kit-camara-kit-tp-link-cmara-de-vigilancia-wi-fi-solar-con-vista-2k-qhd-y-deteccin-ia-avanzada\/\" \/>\n<meta property=\"og:locale\" content=\"es_MX\" \/>\n<meta property=\"og:type\" content=\"article\" \/>\n<meta property=\"og:title\" content=\"[ Tp Link ] &#129351; Tapo C425 Kit Camara Kit | Tp-link | | C\u00e1mara De Vigilancia Wi-fi Solar Con Vista 2k Qhd Y Detecci\u00f3n Ia Avanzada\" \/>\n<meta property=\"og:description\" content=\"Compra Tapo C425 Kit Camara Kit | Tp-link | | C\u00e1mara De Vigilancia Wi-fi Solar Con Vista 2k Qhd Y Detecci\u00f3n Ia Avanzada + Env\u00edo a domicilio + Pago seguro + Garant\u00eda\" \/>\n<meta property=\"og:url\" content=\"https:\/\/compuviper.mx\/tienda\/producto\/tp-link-tapo-c425-kit-camara-kit-tp-link-cmara-de-vigilancia-wi-fi-solar-con-vista-2k-qhd-y-deteccin-ia-avanzada\/\" \/>\n<meta property=\"og:site_name\" content=\"Compuviper\" \/>\n<meta property=\"article:publisher\" content=\"https:\/\/www.facebook.com\/compuviper\" \/>\n<meta property=\"article:modified_time\" content=\"2026-04-23T06:16:00+00:00\" \/>\n<meta property=\"og:image\" content=\"https:\/\/compuviper.mx\/tienda\/wp-content\/uploads\/2025\/10\/Camara-kit-tp-link-tapo-c425-kit-camara-de-vigilancia-wi-fi-solar-con-vista-2k-qhd-y-deteccion-ia-avanzada.jpg\" \/>\n\t<meta property=\"og:image:width\" content=\"200\" \/>\n\t<meta property=\"og:image:height\" content=\"200\" \/>\n\t<meta property=\"og:image:type\" content=\"image\/jpeg\" \/>\n<meta name=\"twitter:card\" content=\"summary_large_image\" \/>\n<meta name=\"twitter:label1\" content=\"Precio\" \/>\n\t<meta name=\"twitter:data1\" content=\"&#36;1,393 con IVA\" \/>\n\t<meta name=\"twitter:label2\" content=\"Availability\" \/>\n\t<meta name=\"twitter:data2\" content=\"Out of stock\" \/>\n<script type=\"application\/ld+json\" class=\"yoast-schema-graph\">{\"@context\":\"https:\/\/schema.org\",\"@graph\":[{\"@type\":\"WebPage\",\"@id\":\"https:\/\/compuviper.mx\/tienda\/producto\/tp-link-tapo-c425-kit-camara-kit-tp-link-cmara-de-vigilancia-wi-fi-solar-con-vista-2k-qhd-y-deteccin-ia-avanzada\/\",\"url\":\"https:\/\/compuviper.mx\/tienda\/producto\/tp-link-tapo-c425-kit-camara-kit-tp-link-cmara-de-vigilancia-wi-fi-solar-con-vista-2k-qhd-y-deteccin-ia-avanzada\/\",\"name\":\"[ Tp Link ] &#129351; Tapo C425 Kit Camara Kit | Tp-link | | C\u00e1mara De Vigilancia Wi-fi Solar Con Vista 2k Qhd Y Detecci\u00f3n Ia Avanzada\",\"isPartOf\":{\"@id\":\"https:\/\/compuviper.mx\/tienda\/#website\"},\"datePublished\":\"2026-04-23T06:15:59+00:00\",\"dateModified\":\"2026-04-23T06:16:00+00:00\",\"description\":\"Compra Tapo C425 Kit Camara Kit | Tp-link | | C\u00e1mara De Vigilancia Wi-fi Solar Con Vista 2k Qhd Y Detecci\u00f3n Ia Avanzada + Env\u00edo a domicilio + Pago seguro + Garant\u00eda\",\"breadcrumb\":{\"@id\":\"https:\/\/compuviper.mx\/tienda\/producto\/tp-link-tapo-c425-kit-camara-kit-tp-link-cmara-de-vigilancia-wi-fi-solar-con-vista-2k-qhd-y-deteccin-ia-avanzada\/#breadcrumb\"},\"inLanguage\":\"es-MX\",\"potentialAction\":[{\"@type\":\"ReadAction\",\"target\":[\"https:\/\/compuviper.mx\/tienda\/producto\/tp-link-tapo-c425-kit-camara-kit-tp-link-cmara-de-vigilancia-wi-fi-solar-con-vista-2k-qhd-y-deteccin-ia-avanzada\/\"]}]},{\"@type\":\"BreadcrumbList\",\"@id\":\"https:\/\/compuviper.mx\/tienda\/producto\/tp-link-tapo-c425-kit-camara-kit-tp-link-cmara-de-vigilancia-wi-fi-solar-con-vista-2k-qhd-y-deteccin-ia-avanzada\/#breadcrumb\",\"itemListElement\":[{\"@type\":\"ListItem\",\"position\":1,\"name\":\"Inicio\",\"item\":\"https:\/\/compuviper.mx\/tienda\/\"},{\"@type\":\"ListItem\",\"position\":2,\"name\":\"Productos\",\"item\":\"https:\/\/compuviper.mx\/tienda\/productos\/\"},{\"@type\":\"ListItem\",\"position\":3,\"name\":\"Camaras\",\"item\":\"https:\/\/compuviper.mx\/tienda\/categoria-producto\/camaras-2\/\"},{\"@type\":\"ListItem\",\"position\":4,\"name\":\"Camara De Videovigilancia\",\"item\":\"https:\/\/compuviper.mx\/tienda\/categoria-producto\/camaras-2\/camara-de-videovigilancia\/\"},{\"@type\":\"ListItem\",\"position\":5,\"name\":\"Tp Link Tapo C425 Kit Camara Kit | Tp-link | | C?mara De Vigilancia Wi-fi Solar Con Vista 2k Qhd Y Detecci?n Ia Avanzada\"}]},{\"@type\":\"WebSite\",\"@id\":\"https:\/\/compuviper.mx\/tienda\/#website\",\"url\":\"https:\/\/compuviper.mx\/tienda\/\",\"name\":\"Compuviper\",\"description\":\"Proveedor de Computadoras, Laptops, Servidores, Monitores, Puntos de Venta, Teclados,   Impresoras, T\u00f3ner, C\u00e1maras de Seguridad y m\u00e1s en tu tienda en l\u00ednea\",\"publisher\":{\"@id\":\"https:\/\/compuviper.mx\/tienda\/#organization\"},\"potentialAction\":[{\"@type\":\"SearchAction\",\"target\":{\"@type\":\"EntryPoint\",\"urlTemplate\":\"https:\/\/compuviper.mx\/tienda\/?s={search_term_string}\"},\"query-input\":\"required name=search_term_string\"}],\"inLanguage\":\"es-MX\"},{\"@type\":\"Organization\",\"@id\":\"https:\/\/compuviper.mx\/tienda\/#organization\",\"name\":\"Compuviper\",\"url\":\"https:\/\/compuviper.mx\/tienda\/\",\"logo\":{\"@type\":\"ImageObject\",\"inLanguage\":\"es-MX\",\"@id\":\"https:\/\/compuviper.mx\/tienda\/#\/schema\/logo\/image\/\",\"url\":\"https:\/\/compuviper.mx\/tienda\/wp-content\/uploads\/2021\/08\/Logo-Compuviper-10.png\",\"contentUrl\":\"https:\/\/compuviper.mx\/tienda\/wp-content\/uploads\/2021\/08\/Logo-Compuviper-10.png\",\"width\":1000,\"height\":500,\"caption\":\"Compuviper\"},\"image\":{\"@id\":\"https:\/\/compuviper.mx\/tienda\/#\/schema\/logo\/image\/\"},\"sameAs\":[\"https:\/\/www.facebook.com\/compuviper\",\"https:\/\/www.youtube.com\/channel\/UCf73dERp9Y3cfOq7q8BhLjA?view_as=subscriber\"]}]}<\/script>\n<meta property=\"product:brand\" content=\"TP LINK\" \/>\n<meta property=\"product:price:amount\" content=\"1393\" \/>\n<meta property=\"product:price:currency\" content=\"MXN\" \/>\n<meta property=\"og:availability\" content=\"out of stock\" \/>\n<meta property=\"product:availability\" content=\"out of stock\" \/>\n<meta property=\"product:retailer_item_id\" content=\"TAPO C425 KIT\" \/>\n<meta property=\"product:condition\" content=\"new\" \/>\n<!-- \/ Yoast SEO plugin. -->","yoast_head_json":{"title":"[ Tp Link ] &#129351; Tapo C425 Kit Camara Kit | Tp-link | | C\u00e1mara De Vigilancia Wi-fi Solar Con Vista 2k Qhd Y Detecci\u00f3n Ia Avanzada","description":"Compra Tapo C425 Kit Camara Kit | Tp-link | | C\u00e1mara De Vigilancia Wi-fi Solar Con Vista 2k Qhd Y Detecci\u00f3n Ia Avanzada + Env\u00edo a domicilio + Pago seguro + Garant\u00eda","robots":{"index":"index","follow":"follow","max-snippet":"max-snippet:-1","max-image-preview":"max-image-preview:large","max-video-preview":"max-video-preview:-1"},"canonical":"https:\/\/compuviper.mx\/tienda\/producto\/tp-link-tapo-c425-kit-camara-kit-tp-link-cmara-de-vigilancia-wi-fi-solar-con-vista-2k-qhd-y-deteccin-ia-avanzada\/","og_locale":"es_MX","og_type":"article","og_title":"[ Tp Link ] &#129351; Tapo C425 Kit Camara Kit | Tp-link | | C\u00e1mara De Vigilancia Wi-fi Solar Con Vista 2k Qhd Y Detecci\u00f3n Ia Avanzada","og_description":"Compra Tapo C425 Kit Camara Kit | Tp-link | | C\u00e1mara De Vigilancia Wi-fi Solar Con Vista 2k Qhd Y Detecci\u00f3n Ia Avanzada + Env\u00edo a domicilio + Pago seguro + Garant\u00eda","og_url":"https:\/\/compuviper.mx\/tienda\/producto\/tp-link-tapo-c425-kit-camara-kit-tp-link-cmara-de-vigilancia-wi-fi-solar-con-vista-2k-qhd-y-deteccin-ia-avanzada\/","og_site_name":"Compuviper","article_publisher":"https:\/\/www.facebook.com\/compuviper","article_modified_time":"2026-04-23T06:16:00+00:00","og_image":[{"width":200,"height":200,"url":"https:\/\/compuviper.mx\/tienda\/wp-content\/uploads\/2025\/10\/Camara-kit-tp-link-tapo-c425-kit-camara-de-vigilancia-wi-fi-solar-con-vista-2k-qhd-y-deteccion-ia-avanzada.jpg","type":"image\/jpeg"}],"twitter_card":"summary_large_image","twitter_misc":{"Precio":"&#36;1,393 con IVA","Availability":"Out of stock"},"schema":{"@context":"https:\/\/schema.org","@graph":[{"@type":"WebPage","@id":"https:\/\/compuviper.mx\/tienda\/producto\/tp-link-tapo-c425-kit-camara-kit-tp-link-cmara-de-vigilancia-wi-fi-solar-con-vista-2k-qhd-y-deteccin-ia-avanzada\/","url":"https:\/\/compuviper.mx\/tienda\/producto\/tp-link-tapo-c425-kit-camara-kit-tp-link-cmara-de-vigilancia-wi-fi-solar-con-vista-2k-qhd-y-deteccin-ia-avanzada\/","name":"[ Tp Link ] &#129351; Tapo C425 Kit Camara Kit | Tp-link | | C\u00e1mara De Vigilancia Wi-fi Solar Con Vista 2k Qhd Y Detecci\u00f3n Ia Avanzada","isPartOf":{"@id":"https:\/\/compuviper.mx\/tienda\/#website"},"datePublished":"2026-04-23T06:15:59+00:00","dateModified":"2026-04-23T06:16:00+00:00","description":"Compra Tapo C425 Kit Camara Kit | Tp-link | | C\u00e1mara De Vigilancia Wi-fi Solar Con Vista 2k Qhd Y Detecci\u00f3n Ia Avanzada + Env\u00edo a domicilio + Pago seguro + Garant\u00eda","breadcrumb":{"@id":"https:\/\/compuviper.mx\/tienda\/producto\/tp-link-tapo-c425-kit-camara-kit-tp-link-cmara-de-vigilancia-wi-fi-solar-con-vista-2k-qhd-y-deteccin-ia-avanzada\/#breadcrumb"},"inLanguage":"es-MX","potentialAction":[{"@type":"ReadAction","target":["https:\/\/compuviper.mx\/tienda\/producto\/tp-link-tapo-c425-kit-camara-kit-tp-link-cmara-de-vigilancia-wi-fi-solar-con-vista-2k-qhd-y-deteccin-ia-avanzada\/"]}]},{"@type":"BreadcrumbList","@id":"https:\/\/compuviper.mx\/tienda\/producto\/tp-link-tapo-c425-kit-camara-kit-tp-link-cmara-de-vigilancia-wi-fi-solar-con-vista-2k-qhd-y-deteccin-ia-avanzada\/#breadcrumb","itemListElement":[{"@type":"ListItem","position":1,"name":"Inicio","item":"https:\/\/compuviper.mx\/tienda\/"},{"@type":"ListItem","position":2,"name":"Productos","item":"https:\/\/compuviper.mx\/tienda\/productos\/"},{"@type":"ListItem","position":3,"name":"Camaras","item":"https:\/\/compuviper.mx\/tienda\/categoria-producto\/camaras-2\/"},{"@type":"ListItem","position":4,"name":"Camara De Videovigilancia","item":"https:\/\/compuviper.mx\/tienda\/categoria-producto\/camaras-2\/camara-de-videovigilancia\/"},{"@type":"ListItem","position":5,"name":"Tp Link Tapo C425 Kit Camara Kit | Tp-link | | C?mara De Vigilancia Wi-fi Solar Con Vista 2k Qhd Y Detecci?n Ia Avanzada"}]},{"@type":"WebSite","@id":"https:\/\/compuviper.mx\/tienda\/#website","url":"https:\/\/compuviper.mx\/tienda\/","name":"Compuviper","description":"Proveedor de Computadoras, Laptops, Servidores, Monitores, Puntos de Venta, Teclados,   Impresoras, T\u00f3ner, C\u00e1maras de Seguridad y m\u00e1s en tu tienda en l\u00ednea","publisher":{"@id":"https:\/\/compuviper.mx\/tienda\/#organization"},"potentialAction":[{"@type":"SearchAction","target":{"@type":"EntryPoint","urlTemplate":"https:\/\/compuviper.mx\/tienda\/?s={search_term_string}"},"query-input":"required name=search_term_string"}],"inLanguage":"es-MX"},{"@type":"Organization","@id":"https:\/\/compuviper.mx\/tienda\/#organization","name":"Compuviper","url":"https:\/\/compuviper.mx\/tienda\/","logo":{"@type":"ImageObject","inLanguage":"es-MX","@id":"https:\/\/compuviper.mx\/tienda\/#\/schema\/logo\/image\/","url":"https:\/\/compuviper.mx\/tienda\/wp-content\/uploads\/2021\/08\/Logo-Compuviper-10.png","contentUrl":"https:\/\/compuviper.mx\/tienda\/wp-content\/uploads\/2021\/08\/Logo-Compuviper-10.png","width":1000,"height":500,"caption":"Compuviper"},"image":{"@id":"https:\/\/compuviper.mx\/tienda\/#\/schema\/logo\/image\/"},"sameAs":["https:\/\/www.facebook.com\/compuviper","https:\/\/www.youtube.com\/channel\/UCf73dERp9Y3cfOq7q8BhLjA?view_as=subscriber"]}]},"product_brand":"TP LINK","product_price_amount":"1393","product_price_currency":"MXN","og_availability":"out of stock","product_availability":"out of stock","product_retailer_item_id":"TAPO C425 KIT","product_condition":"new"},"_links":{"self":[{"href":"https:\/\/compuviper.mx\/tienda\/wp-json\/wp\/v2\/product\/256355"}],"collection":[{"href":"https:\/\/compuviper.mx\/tienda\/wp-json\/wp\/v2\/product"}],"about":[{"href":"https:\/\/compuviper.mx\/tienda\/wp-json\/wp\/v2\/types\/product"}],"replies":[{"embeddable":true,"href":"https:\/\/compuviper.mx\/tienda\/wp-json\/wp\/v2\/comments?post=256355"}],"wp:featuredmedia":[{"embeddable":true,"href":"https:\/\/compuviper.mx\/tienda\/wp-json\/wp\/v2\/media\/259463"}],"wp:attachment":[{"href":"https:\/\/compuviper.mx\/tienda\/wp-json\/wp\/v2\/media?parent=256355"}],"wp:term":[{"taxonomy":"product_cat","embeddable":true,"href":"https:\/\/compuviper.mx\/tienda\/wp-json\/wp\/v2\/product_cat?post=256355"},{"taxonomy":"product_tag","embeddable":true,"href":"https:\/\/compuviper.mx\/tienda\/wp-json\/wp\/v2\/product_tag?post=256355"}],"curies":[{"name":"wp","href":"https:\/\/api.w.org\/{rel}","templated":true}]}}