{"id":256329,"date":"2026-04-01T23:17:23","date_gmt":"2026-04-02T05:17:23","guid":{"rendered":"https:\/\/compuviper.mx\/tienda\/producto\/tp-link-uh5020c-adaptador-hub-usb-c-5-en-1-con-puerto-hdmi-4k60hz-y-carga-rpida-de-100w\/"},"modified":"2026-04-01T23:17:23","modified_gmt":"2026-04-02T05:17:23","slug":"tp-link-uh5020c-adaptador-hub-usb-c-5-en-1-con-puerto-hdmi-4k60hz-y-carga-rpida-de-100w","status":"publish","type":"product","link":"https:\/\/compuviper.mx\/tienda\/producto\/tp-link-uh5020c-adaptador-hub-usb-c-5-en-1-con-puerto-hdmi-4k60hz-y-carga-rpida-de-100w\/","title":{"rendered":"Tp Link Uh5020c Adaptador Hub |  |  | Usb-c 5 En 1 Con Puerto Hdmi 4k@60hz Y Carga R?pida De 100w"},"content":{"rendered":"<table class=\"descripcion\">\n<tr>\n<td>-hardware<\/td>\n<\/tr>\n<tr>\n<td>Conector 1*usb tipo c<\/td>\n<\/tr>\n<tr>\n<td>N\u00famero de puertos 5<\/td>\n<\/tr>\n<tr>\n<td>Interfaz de v\u00eddeo 1*hdmi 4k a 60 hz<\/td>\n<\/tr>\n<tr>\n<td>Interfaz de suministro de energ\u00eda 1*pd 100w<\/td>\n<\/tr>\n<tr>\n<td>Interfaz usb 1*usb tipo-c 5 gbps<\/td>\n<\/tr>\n<tr>\n<td>2*usb tipo-a 5 gbps<\/td>\n<\/tr>\n<tr>\n<td>-otro<\/td>\n<\/tr>\n<tr>\n<td>Sistemas compatibles mac os, windows 11\/10\/8.1\/8\/7, sistema operativo linux, ipados, ios, android y sistema operativo chrome.<\/td>\n<\/tr>\n<tr>\n<td>Certificaciones ce, fcc, rohs, hdmi, bsmi<\/td>\n<\/tr>\n<tr>\n<td>Ambiente temperatura de funcionamiento: 0 and #8451;~40 and #8451;(32 and #8457;~104 and #8457;)<\/td>\n<\/tr>\n<tr>\n<td>Humedad de funcionamiento: 10%~90% sin condensaci\u00f3n.<\/td>\n<\/tr>\n<tr>\n<td>Humedad de almacenamiento: 5%~90% sin condensaci\u00f3n.<\/td>\n<\/tr>\n<tr>\n<td>-f\u00edsico<\/td>\n<\/tr>\n<tr>\n<td>Caso caja de aleaci\u00f3n de aluminio<\/td>\n<\/tr>\n<tr>\n<td>Cable cable trenzado de 18 cm<\/td>\n<\/tr>\n<tr>\n<td>Dimensiones (an. \u00d7 pr. \u00d7 al.) 108,2 \u00d7 40 \u00d7 12,2 mm<\/td>\n<\/tr>\n<tr>\n<td>Contenidos del paquete uh5020c<\/td>\n<\/tr>\n<tr>\n<td>Gu\u00eda r\u00e1pida de instalaci\u00f3n<\/td>\n<\/tr>\n<\/table>\n","protected":false},"excerpt":{"rendered":"<p>-hub usb-c 5 en 1: uh5020c convierte un \u00fanico puerto usb-c en 5 puertos con un hdmi 4k@60hz, suministro de energ\u00eda de 100w, 1\u00d7 puerto de datos usb-c y 2\u00d7 puertos de datos usb-a. -pantalla multimedia de ultra alta definici\u00f3n: con\u00e9ctese a un monitor externo a trav\u00e9s del puerto hdmi 4k@60hz para una impresionante experiencia de ultra alta definici\u00f3n. -potente carga r\u00e1pida de 100w: conecte el cable de carga al uh5020c y suministre continuamente hasta 100w de energ\u00eda a su pc mientras transfiere archivos o transmite contenido multimedia. -transferencia de datos a supervelocidad de 5 gbps: uh5020c a\u00f1ade tres puertos usb 3.0 a su dispositivo, permitiendo el uso simult\u00e1neo de m\u00faltiples dispositivos usb. -f\u00e1cil de usar con plug  and  play (conectar y usar): simplemente con\u00e9ctelo y comience a usarlo en segundos, gracias a la instalaci\u00f3n sin controladores en mac os, windows 11\/10\/8.1\/8\/7, linux os, ipados, ios, android y chrome os.<\/p>\n","protected":false},"featured_media":258938,"comment_status":"open","ping_status":"open","template":"","meta":[],"product_cat":[1485,1497],"product_tag":[1562],"acf":[],"yoast_head":"<!-- This site is optimized with the Yoast SEO plugin v21.7 - https:\/\/yoast.com\/wordpress\/plugins\/seo\/ -->\n<title>[ Tp Link ] &#129351; Uh5020c Adaptador Hub | | | Usb-c 5 En 1 Con Puerto Hdmi 4k@60hz Y Carga R\u00e1pida De 100w<\/title>\n<meta name=\"description\" content=\"Compra Uh5020c Adaptador Hub | | | Usb-c 5 En 1 Con Puerto Hdmi 4k@60hz Y Carga R\u00e1pida De 100w + Env\u00edo a domicilio + Pago seguro + Garant\u00eda\" \/>\n<meta name=\"robots\" content=\"index, follow, max-snippet:-1, max-image-preview:large, max-video-preview:-1\" \/>\n<link rel=\"canonical\" href=\"https:\/\/compuviper.mx\/tienda\/producto\/tp-link-uh5020c-adaptador-hub-usb-c-5-en-1-con-puerto-hdmi-4k60hz-y-carga-rpida-de-100w\/\" \/>\n<meta property=\"og:locale\" content=\"es_MX\" \/>\n<meta property=\"og:type\" content=\"article\" \/>\n<meta property=\"og:title\" content=\"[ Tp Link ] &#129351; Uh5020c Adaptador Hub | | | Usb-c 5 En 1 Con Puerto Hdmi 4k@60hz Y Carga R\u00e1pida De 100w\" \/>\n<meta property=\"og:description\" content=\"Compra Uh5020c Adaptador Hub | | | Usb-c 5 En 1 Con Puerto Hdmi 4k@60hz Y Carga R\u00e1pida De 100w + Env\u00edo a domicilio + Pago seguro + Garant\u00eda\" \/>\n<meta property=\"og:url\" content=\"https:\/\/compuviper.mx\/tienda\/producto\/tp-link-uh5020c-adaptador-hub-usb-c-5-en-1-con-puerto-hdmi-4k60hz-y-carga-rpida-de-100w\/\" \/>\n<meta property=\"og:site_name\" content=\"Compuviper\" \/>\n<meta property=\"article:publisher\" content=\"https:\/\/www.facebook.com\/compuviper\" \/>\n<meta property=\"og:image\" content=\"https:\/\/compuviper.mx\/tienda\/wp-content\/uploads\/2025\/10\/Adaptador-hub-tp-link-uh5020c-usb-c-5-en-1-con-puerto-hdmi-4k@60hz-y-carga-rapida-de-100w.jpg\" \/>\n\t<meta property=\"og:image:width\" content=\"200\" \/>\n\t<meta property=\"og:image:height\" content=\"200\" \/>\n\t<meta property=\"og:image:type\" content=\"image\/jpeg\" \/>\n<meta name=\"twitter:card\" content=\"summary_large_image\" \/>\n<meta name=\"twitter:label1\" content=\"Precio\" \/>\n\t<meta name=\"twitter:data1\" content=\"&#36;474 con IVA\" \/>\n\t<meta name=\"twitter:label2\" content=\"Availability\" \/>\n\t<meta name=\"twitter:data2\" content=\"In stock\" \/>\n<script type=\"application\/ld+json\" class=\"yoast-schema-graph\">{\"@context\":\"https:\/\/schema.org\",\"@graph\":[{\"@type\":\"WebPage\",\"@id\":\"https:\/\/compuviper.mx\/tienda\/producto\/tp-link-uh5020c-adaptador-hub-usb-c-5-en-1-con-puerto-hdmi-4k60hz-y-carga-rpida-de-100w\/\",\"url\":\"https:\/\/compuviper.mx\/tienda\/producto\/tp-link-uh5020c-adaptador-hub-usb-c-5-en-1-con-puerto-hdmi-4k60hz-y-carga-rpida-de-100w\/\",\"name\":\"[ Tp Link ] &#129351; Uh5020c Adaptador Hub | | | Usb-c 5 En 1 Con Puerto Hdmi 4k@60hz Y Carga R\u00e1pida De 100w\",\"isPartOf\":{\"@id\":\"https:\/\/compuviper.mx\/tienda\/#website\"},\"datePublished\":\"2026-04-02T05:17:23+00:00\",\"dateModified\":\"2026-04-02T05:17:23+00:00\",\"description\":\"Compra Uh5020c Adaptador Hub | | | Usb-c 5 En 1 Con Puerto Hdmi 4k@60hz Y Carga R\u00e1pida De 100w + Env\u00edo a domicilio + Pago seguro + Garant\u00eda\",\"breadcrumb\":{\"@id\":\"https:\/\/compuviper.mx\/tienda\/producto\/tp-link-uh5020c-adaptador-hub-usb-c-5-en-1-con-puerto-hdmi-4k60hz-y-carga-rpida-de-100w\/#breadcrumb\"},\"inLanguage\":\"es-MX\",\"potentialAction\":[{\"@type\":\"ReadAction\",\"target\":[\"https:\/\/compuviper.mx\/tienda\/producto\/tp-link-uh5020c-adaptador-hub-usb-c-5-en-1-con-puerto-hdmi-4k60hz-y-carga-rpida-de-100w\/\"]}]},{\"@type\":\"BreadcrumbList\",\"@id\":\"https:\/\/compuviper.mx\/tienda\/producto\/tp-link-uh5020c-adaptador-hub-usb-c-5-en-1-con-puerto-hdmi-4k60hz-y-carga-rpida-de-100w\/#breadcrumb\",\"itemListElement\":[{\"@type\":\"ListItem\",\"position\":1,\"name\":\"Inicio\",\"item\":\"https:\/\/compuviper.mx\/tienda\/\"},{\"@type\":\"ListItem\",\"position\":2,\"name\":\"Productos\",\"item\":\"https:\/\/compuviper.mx\/tienda\/productos\/\"},{\"@type\":\"ListItem\",\"position\":3,\"name\":\"Accesorios\",\"item\":\"https:\/\/compuviper.mx\/tienda\/categoria-producto\/accesorios\/\"},{\"@type\":\"ListItem\",\"position\":4,\"name\":\"Hub Usb\",\"item\":\"https:\/\/compuviper.mx\/tienda\/categoria-producto\/accesorios\/hub-usb\/\"},{\"@type\":\"ListItem\",\"position\":5,\"name\":\"Tp Link Uh5020c Adaptador Hub | | | Usb-c 5 En 1 Con Puerto Hdmi 4k@60hz Y Carga R?pida De 100w\"}]},{\"@type\":\"WebSite\",\"@id\":\"https:\/\/compuviper.mx\/tienda\/#website\",\"url\":\"https:\/\/compuviper.mx\/tienda\/\",\"name\":\"Compuviper\",\"description\":\"Proveedor de Computadoras, Laptops, Servidores, Monitores, Puntos de Venta, Teclados,   Impresoras, T\u00f3ner, C\u00e1maras de Seguridad y m\u00e1s en tu tienda en l\u00ednea\",\"publisher\":{\"@id\":\"https:\/\/compuviper.mx\/tienda\/#organization\"},\"potentialAction\":[{\"@type\":\"SearchAction\",\"target\":{\"@type\":\"EntryPoint\",\"urlTemplate\":\"https:\/\/compuviper.mx\/tienda\/?s={search_term_string}\"},\"query-input\":\"required name=search_term_string\"}],\"inLanguage\":\"es-MX\"},{\"@type\":\"Organization\",\"@id\":\"https:\/\/compuviper.mx\/tienda\/#organization\",\"name\":\"Compuviper\",\"url\":\"https:\/\/compuviper.mx\/tienda\/\",\"logo\":{\"@type\":\"ImageObject\",\"inLanguage\":\"es-MX\",\"@id\":\"https:\/\/compuviper.mx\/tienda\/#\/schema\/logo\/image\/\",\"url\":\"https:\/\/compuviper.mx\/tienda\/wp-content\/uploads\/2021\/08\/Logo-Compuviper-10.png\",\"contentUrl\":\"https:\/\/compuviper.mx\/tienda\/wp-content\/uploads\/2021\/08\/Logo-Compuviper-10.png\",\"width\":1000,\"height\":500,\"caption\":\"Compuviper\"},\"image\":{\"@id\":\"https:\/\/compuviper.mx\/tienda\/#\/schema\/logo\/image\/\"},\"sameAs\":[\"https:\/\/www.facebook.com\/compuviper\",\"https:\/\/www.youtube.com\/channel\/UCf73dERp9Y3cfOq7q8BhLjA?view_as=subscriber\"]}]}<\/script>\n<meta property=\"product:brand\" content=\"TP LINK\" \/>\n<meta property=\"product:price:amount\" content=\"474\" \/>\n<meta property=\"product:price:currency\" content=\"MXN\" \/>\n<meta property=\"og:availability\" content=\"instock\" \/>\n<meta property=\"product:availability\" content=\"instock\" \/>\n<meta property=\"product:retailer_item_id\" content=\"UH5020C\" \/>\n<meta property=\"product:condition\" content=\"new\" \/>\n<!-- \/ Yoast SEO plugin. -->","yoast_head_json":{"title":"[ Tp Link ] &#129351; Uh5020c Adaptador Hub | | | Usb-c 5 En 1 Con Puerto Hdmi 4k@60hz Y Carga R\u00e1pida De 100w","description":"Compra Uh5020c Adaptador Hub | | | Usb-c 5 En 1 Con Puerto Hdmi 4k@60hz Y Carga R\u00e1pida De 100w + Env\u00edo a domicilio + Pago seguro + Garant\u00eda","robots":{"index":"index","follow":"follow","max-snippet":"max-snippet:-1","max-image-preview":"max-image-preview:large","max-video-preview":"max-video-preview:-1"},"canonical":"https:\/\/compuviper.mx\/tienda\/producto\/tp-link-uh5020c-adaptador-hub-usb-c-5-en-1-con-puerto-hdmi-4k60hz-y-carga-rpida-de-100w\/","og_locale":"es_MX","og_type":"article","og_title":"[ Tp Link ] &#129351; Uh5020c Adaptador Hub | | | Usb-c 5 En 1 Con Puerto Hdmi 4k@60hz Y Carga R\u00e1pida De 100w","og_description":"Compra Uh5020c Adaptador Hub | | | Usb-c 5 En 1 Con Puerto Hdmi 4k@60hz Y Carga R\u00e1pida De 100w + Env\u00edo a domicilio + Pago seguro + Garant\u00eda","og_url":"https:\/\/compuviper.mx\/tienda\/producto\/tp-link-uh5020c-adaptador-hub-usb-c-5-en-1-con-puerto-hdmi-4k60hz-y-carga-rpida-de-100w\/","og_site_name":"Compuviper","article_publisher":"https:\/\/www.facebook.com\/compuviper","og_image":[{"width":200,"height":200,"url":"https:\/\/compuviper.mx\/tienda\/wp-content\/uploads\/2025\/10\/Adaptador-hub-tp-link-uh5020c-usb-c-5-en-1-con-puerto-hdmi-4k@60hz-y-carga-rapida-de-100w.jpg","type":"image\/jpeg"}],"twitter_card":"summary_large_image","twitter_misc":{"Precio":"&#36;474 con IVA","Availability":"In stock"},"schema":{"@context":"https:\/\/schema.org","@graph":[{"@type":"WebPage","@id":"https:\/\/compuviper.mx\/tienda\/producto\/tp-link-uh5020c-adaptador-hub-usb-c-5-en-1-con-puerto-hdmi-4k60hz-y-carga-rpida-de-100w\/","url":"https:\/\/compuviper.mx\/tienda\/producto\/tp-link-uh5020c-adaptador-hub-usb-c-5-en-1-con-puerto-hdmi-4k60hz-y-carga-rpida-de-100w\/","name":"[ Tp Link ] &#129351; Uh5020c Adaptador Hub | | | Usb-c 5 En 1 Con Puerto Hdmi 4k@60hz Y Carga R\u00e1pida De 100w","isPartOf":{"@id":"https:\/\/compuviper.mx\/tienda\/#website"},"datePublished":"2026-04-02T05:17:23+00:00","dateModified":"2026-04-02T05:17:23+00:00","description":"Compra Uh5020c Adaptador Hub | | | Usb-c 5 En 1 Con Puerto Hdmi 4k@60hz Y Carga R\u00e1pida De 100w + Env\u00edo a domicilio + Pago seguro + Garant\u00eda","breadcrumb":{"@id":"https:\/\/compuviper.mx\/tienda\/producto\/tp-link-uh5020c-adaptador-hub-usb-c-5-en-1-con-puerto-hdmi-4k60hz-y-carga-rpida-de-100w\/#breadcrumb"},"inLanguage":"es-MX","potentialAction":[{"@type":"ReadAction","target":["https:\/\/compuviper.mx\/tienda\/producto\/tp-link-uh5020c-adaptador-hub-usb-c-5-en-1-con-puerto-hdmi-4k60hz-y-carga-rpida-de-100w\/"]}]},{"@type":"BreadcrumbList","@id":"https:\/\/compuviper.mx\/tienda\/producto\/tp-link-uh5020c-adaptador-hub-usb-c-5-en-1-con-puerto-hdmi-4k60hz-y-carga-rpida-de-100w\/#breadcrumb","itemListElement":[{"@type":"ListItem","position":1,"name":"Inicio","item":"https:\/\/compuviper.mx\/tienda\/"},{"@type":"ListItem","position":2,"name":"Productos","item":"https:\/\/compuviper.mx\/tienda\/productos\/"},{"@type":"ListItem","position":3,"name":"Accesorios","item":"https:\/\/compuviper.mx\/tienda\/categoria-producto\/accesorios\/"},{"@type":"ListItem","position":4,"name":"Hub Usb","item":"https:\/\/compuviper.mx\/tienda\/categoria-producto\/accesorios\/hub-usb\/"},{"@type":"ListItem","position":5,"name":"Tp Link Uh5020c Adaptador Hub | | | Usb-c 5 En 1 Con Puerto Hdmi 4k@60hz Y Carga R?pida De 100w"}]},{"@type":"WebSite","@id":"https:\/\/compuviper.mx\/tienda\/#website","url":"https:\/\/compuviper.mx\/tienda\/","name":"Compuviper","description":"Proveedor de Computadoras, Laptops, Servidores, Monitores, Puntos de Venta, Teclados,   Impresoras, T\u00f3ner, C\u00e1maras de Seguridad y m\u00e1s en tu tienda en l\u00ednea","publisher":{"@id":"https:\/\/compuviper.mx\/tienda\/#organization"},"potentialAction":[{"@type":"SearchAction","target":{"@type":"EntryPoint","urlTemplate":"https:\/\/compuviper.mx\/tienda\/?s={search_term_string}"},"query-input":"required name=search_term_string"}],"inLanguage":"es-MX"},{"@type":"Organization","@id":"https:\/\/compuviper.mx\/tienda\/#organization","name":"Compuviper","url":"https:\/\/compuviper.mx\/tienda\/","logo":{"@type":"ImageObject","inLanguage":"es-MX","@id":"https:\/\/compuviper.mx\/tienda\/#\/schema\/logo\/image\/","url":"https:\/\/compuviper.mx\/tienda\/wp-content\/uploads\/2021\/08\/Logo-Compuviper-10.png","contentUrl":"https:\/\/compuviper.mx\/tienda\/wp-content\/uploads\/2021\/08\/Logo-Compuviper-10.png","width":1000,"height":500,"caption":"Compuviper"},"image":{"@id":"https:\/\/compuviper.mx\/tienda\/#\/schema\/logo\/image\/"},"sameAs":["https:\/\/www.facebook.com\/compuviper","https:\/\/www.youtube.com\/channel\/UCf73dERp9Y3cfOq7q8BhLjA?view_as=subscriber"]}]},"product_brand":"TP LINK","product_price_amount":"474","product_price_currency":"MXN","og_availability":"instock","product_availability":"instock","product_retailer_item_id":"UH5020C","product_condition":"new"},"_links":{"self":[{"href":"https:\/\/compuviper.mx\/tienda\/wp-json\/wp\/v2\/product\/256329"}],"collection":[{"href":"https:\/\/compuviper.mx\/tienda\/wp-json\/wp\/v2\/product"}],"about":[{"href":"https:\/\/compuviper.mx\/tienda\/wp-json\/wp\/v2\/types\/product"}],"replies":[{"embeddable":true,"href":"https:\/\/compuviper.mx\/tienda\/wp-json\/wp\/v2\/comments?post=256329"}],"wp:featuredmedia":[{"embeddable":true,"href":"https:\/\/compuviper.mx\/tienda\/wp-json\/wp\/v2\/media\/258938"}],"wp:attachment":[{"href":"https:\/\/compuviper.mx\/tienda\/wp-json\/wp\/v2\/media?parent=256329"}],"wp:term":[{"taxonomy":"product_cat","embeddable":true,"href":"https:\/\/compuviper.mx\/tienda\/wp-json\/wp\/v2\/product_cat?post=256329"},{"taxonomy":"product_tag","embeddable":true,"href":"https:\/\/compuviper.mx\/tienda\/wp-json\/wp\/v2\/product_tag?post=256329"}],"curies":[{"name":"wp","href":"https:\/\/api.w.org\/{rel}","templated":true}]}}