{"id":256316,"date":"2026-04-02T23:14:41","date_gmt":"2026-04-03T05:14:41","guid":{"rendered":"https:\/\/compuviper.mx\/tienda\/producto\/aoc-24b35h3-monitor-led-color-negro-panel-ips-23-8-hdmi-y-vga-aspecto-169-tiempo-d-r-1ms-120hz-full-hd-1920x1080-vesa-100x100-mm-contraste-200000001-brillo-300-cd-m2\/"},"modified":"2026-04-02T23:14:41","modified_gmt":"2026-04-03T05:14:41","slug":"aoc-24b35h3-monitor-led-color-negro-panel-ips-23-8-hdmi-y-vga-aspecto-169-tiempo-d-r-1ms-120hz-full-hd-1920x1080-vesa-100x100-mm-contraste-200000001-brillo-300-cd-m2","status":"publish","type":"product","link":"https:\/\/compuviper.mx\/tienda\/producto\/aoc-24b35h3-monitor-led-color-negro-panel-ips-23-8-hdmi-y-vga-aspecto-169-tiempo-d-r-1ms-120hz-full-hd-1920x1080-vesa-100x100-mm-contraste-200000001-brillo-300-cd-m2\/","title":{"rendered":"Aoc 24b35h3 Monitor Led   \/ Color Negro \/ Panel Ips 23.8 \/ Hdmi Y Vga \/ Aspecto 16:9 \/ Tiempo D.r. 1ms \/ 120hz \/ Full Hd  1920&#215;1080 \/ Vesa 100&#215;100 Mm \/ Contraste 20,000,0001 \/ Brillo 300 Cd\/m2"},"content":{"rendered":"<table class=\"descripcion\">\n<tr>\n<td>Tipo de panel: pantalla plana ips<\/td>\n<\/tr>\n<tr>\n<td>Tamao del panel: 24 pulgadas<\/td>\n<\/tr>\n<tr>\n<td>Tamao visible: 23.8 pulgadas imagen diagonal<\/td>\n<\/tr>\n<tr>\n<td>Conectores: hdmi y vga<\/td>\n<\/tr>\n<tr>\n<td>Relacin de aspecto: 16:9<\/td>\n<\/tr>\n<tr>\n<td>Brillo :300 cd\/m2<\/td>\n<\/tr>\n<tr>\n<td>Tasa de contraste: 20,000,000:1<\/td>\n<\/tr>\n<tr>\n<td>Tiempo de respuesta: 1 ms<\/td>\n<\/tr>\n<tr>\n<td>Colores en pantalla: 16.7 millones<\/td>\n<\/tr>\n<tr>\n<td>Angulo de visin: 178\u00b0 en vertical y horizontal<\/td>\n<\/tr>\n<tr>\n<td>Resolucin: 1920 x 1080 @ 120 hz<\/td>\n<\/tr>\n<tr>\n<td>Color del monitor: negro<\/td>\n<\/tr>\n<tr>\n<td>Consumo de energa encendido: 19w<\/td>\n<\/tr>\n<tr>\n<td>Vesa: si 100 x 100 mm<\/td>\n<\/tr>\n<tr>\n<td>Flickerfree , low blue mode<\/td>\n<\/tr>\n<\/table>\n","protected":false},"excerpt":{"rendered":"<p>El monitor aoc 24b35h3 cuenta con una gama de colores 100.1 srgb y 81 ntsc para colores brillantes y reales. Hdr listo para elevar la visualizacin con contraste din\u00e1mico.<\/p>\n","protected":false},"featured_media":259994,"comment_status":"open","ping_status":"open","template":"","meta":[],"product_cat":[1741,1740],"product_tag":[1745],"acf":[],"yoast_head":"<!-- This site is optimized with the Yoast SEO plugin v21.7 - https:\/\/yoast.com\/wordpress\/plugins\/seo\/ -->\n<title>[ Aoc ] &#129351; 24b35h3 Monitor Led \/ Color Negro \/ Panel Ips 23.8 \/ Hdmi Y Vga \/ Aspecto 16:9 \/ Tiempo D.r. 1ms \/ 120hz \/ Full Hd 1920x1080 \/ Vesa 100x100 Mm \/ Contraste 20,000,0001 \/ Brillo 300 Cd\/m2<\/title>\n<meta name=\"description\" content=\"Compra 24b35h3 Monitor Led \/ Color Negro \/ Panel Ips 23.8 \/ Hdmi Y Vga \/ Aspecto 16:9 \/ Tiempo D.r. 1ms \/ 120hz \/ Full Hd 1920x1080 \/ Vesa 100x100 Mm \/ Contraste 20,000,0001 \/ Brillo 300 Cd\/m2 + Env\u00edo a domicilio + Pago seguro + Garant\u00eda\" \/>\n<meta name=\"robots\" content=\"index, follow, max-snippet:-1, max-image-preview:large, max-video-preview:-1\" \/>\n<link rel=\"canonical\" href=\"https:\/\/compuviper.mx\/tienda\/producto\/aoc-24b35h3-monitor-led-color-negro-panel-ips-23-8-hdmi-y-vga-aspecto-169-tiempo-d-r-1ms-120hz-full-hd-1920x1080-vesa-100x100-mm-contraste-200000001-brillo-300-cd-m2\/\" \/>\n<meta property=\"og:locale\" content=\"es_MX\" \/>\n<meta property=\"og:type\" content=\"article\" \/>\n<meta property=\"og:title\" content=\"[ Aoc ] &#129351; 24b35h3 Monitor Led \/ Color Negro \/ Panel Ips 23.8 \/ Hdmi Y Vga \/ Aspecto 16:9 \/ Tiempo D.r. 1ms \/ 120hz \/ Full Hd 1920x1080 \/ Vesa 100x100 Mm \/ Contraste 20,000,0001 \/ Brillo 300 Cd\/m2\" \/>\n<meta property=\"og:description\" content=\"Compra 24b35h3 Monitor Led \/ Color Negro \/ Panel Ips 23.8 \/ Hdmi Y Vga \/ Aspecto 16:9 \/ Tiempo D.r. 1ms \/ 120hz \/ Full Hd 1920x1080 \/ Vesa 100x100 Mm \/ Contraste 20,000,0001 \/ Brillo 300 Cd\/m2 + Env\u00edo a domicilio + Pago seguro + Garant\u00eda\" \/>\n<meta property=\"og:url\" content=\"https:\/\/compuviper.mx\/tienda\/producto\/aoc-24b35h3-monitor-led-color-negro-panel-ips-23-8-hdmi-y-vga-aspecto-169-tiempo-d-r-1ms-120hz-full-hd-1920x1080-vesa-100x100-mm-contraste-200000001-brillo-300-cd-m2\/\" \/>\n<meta property=\"og:site_name\" content=\"Compuviper\" \/>\n<meta property=\"article:publisher\" content=\"https:\/\/www.facebook.com\/compuviper\" \/>\n<meta property=\"og:image\" content=\"https:\/\/compuviper.mx\/tienda\/wp-content\/uploads\/2025\/10\/Monitor-led-aoc-24b35h3-color-negro-panel-ips-23.8-hdmi-y-vga-aspecto-169-tiempo-d.r.-1ms-120hz-full-hd-1920x1080-vesa-100x100-mm-contraste-200000001-brillo-300-cdm2.jpg\" \/>\n\t<meta property=\"og:image:width\" content=\"200\" \/>\n\t<meta property=\"og:image:height\" content=\"200\" \/>\n\t<meta property=\"og:image:type\" content=\"image\/jpeg\" \/>\n<meta name=\"twitter:card\" content=\"summary_large_image\" \/>\n<meta name=\"twitter:label1\" content=\"Precio\" \/>\n\t<meta name=\"twitter:data1\" content=\"&#36;1,527 &#36;1,379 con IVA\" \/>\n\t<meta name=\"twitter:label2\" content=\"Availability\" \/>\n\t<meta name=\"twitter:data2\" content=\"In stock\" \/>\n<script type=\"application\/ld+json\" class=\"yoast-schema-graph\">{\"@context\":\"https:\/\/schema.org\",\"@graph\":[{\"@type\":\"WebPage\",\"@id\":\"https:\/\/compuviper.mx\/tienda\/producto\/aoc-24b35h3-monitor-led-color-negro-panel-ips-23-8-hdmi-y-vga-aspecto-169-tiempo-d-r-1ms-120hz-full-hd-1920x1080-vesa-100x100-mm-contraste-200000001-brillo-300-cd-m2\/\",\"url\":\"https:\/\/compuviper.mx\/tienda\/producto\/aoc-24b35h3-monitor-led-color-negro-panel-ips-23-8-hdmi-y-vga-aspecto-169-tiempo-d-r-1ms-120hz-full-hd-1920x1080-vesa-100x100-mm-contraste-200000001-brillo-300-cd-m2\/\",\"name\":\"[ Aoc ] &#129351; 24b35h3 Monitor Led \/ Color Negro \/ Panel Ips 23.8 \/ Hdmi Y Vga \/ Aspecto 16:9 \/ Tiempo D.r. 1ms \/ 120hz \/ Full Hd 1920x1080 \/ Vesa 100x100 Mm \/ Contraste 20,000,0001 \/ Brillo 300 Cd\/m2\",\"isPartOf\":{\"@id\":\"https:\/\/compuviper.mx\/tienda\/#website\"},\"datePublished\":\"2026-04-03T05:14:41+00:00\",\"dateModified\":\"2026-04-03T05:14:41+00:00\",\"description\":\"Compra 24b35h3 Monitor Led \/ Color Negro \/ Panel Ips 23.8 \/ Hdmi Y Vga \/ Aspecto 16:9 \/ Tiempo D.r. 1ms \/ 120hz \/ Full Hd 1920x1080 \/ Vesa 100x100 Mm \/ Contraste 20,000,0001 \/ Brillo 300 Cd\/m2 + Env\u00edo a domicilio + Pago seguro + Garant\u00eda\",\"breadcrumb\":{\"@id\":\"https:\/\/compuviper.mx\/tienda\/producto\/aoc-24b35h3-monitor-led-color-negro-panel-ips-23-8-hdmi-y-vga-aspecto-169-tiempo-d-r-1ms-120hz-full-hd-1920x1080-vesa-100x100-mm-contraste-200000001-brillo-300-cd-m2\/#breadcrumb\"},\"inLanguage\":\"es-MX\",\"potentialAction\":[{\"@type\":\"ReadAction\",\"target\":[\"https:\/\/compuviper.mx\/tienda\/producto\/aoc-24b35h3-monitor-led-color-negro-panel-ips-23-8-hdmi-y-vga-aspecto-169-tiempo-d-r-1ms-120hz-full-hd-1920x1080-vesa-100x100-mm-contraste-200000001-brillo-300-cd-m2\/\"]}]},{\"@type\":\"BreadcrumbList\",\"@id\":\"https:\/\/compuviper.mx\/tienda\/producto\/aoc-24b35h3-monitor-led-color-negro-panel-ips-23-8-hdmi-y-vga-aspecto-169-tiempo-d-r-1ms-120hz-full-hd-1920x1080-vesa-100x100-mm-contraste-200000001-brillo-300-cd-m2\/#breadcrumb\",\"itemListElement\":[{\"@type\":\"ListItem\",\"position\":1,\"name\":\"Inicio\",\"item\":\"https:\/\/compuviper.mx\/tienda\/\"},{\"@type\":\"ListItem\",\"position\":2,\"name\":\"Productos\",\"item\":\"https:\/\/compuviper.mx\/tienda\/productos\/\"},{\"@type\":\"ListItem\",\"position\":3,\"name\":\"Monitores\",\"item\":\"https:\/\/compuviper.mx\/tienda\/categoria-producto\/monitores\/\"},{\"@type\":\"ListItem\",\"position\":4,\"name\":\"Led\",\"item\":\"https:\/\/compuviper.mx\/tienda\/categoria-producto\/monitores\/led\/\"},{\"@type\":\"ListItem\",\"position\":5,\"name\":\"Aoc 24b35h3 Monitor Led \/ Color Negro \/ Panel Ips 23.8 \/ Hdmi Y Vga \/ Aspecto 16:9 \/ Tiempo D.r. 1ms \/ 120hz \/ Full Hd 1920&#215;1080 \/ Vesa 100&#215;100 Mm \/ Contraste 20,000,0001 \/ Brillo 300 Cd\/m2\"}]},{\"@type\":\"WebSite\",\"@id\":\"https:\/\/compuviper.mx\/tienda\/#website\",\"url\":\"https:\/\/compuviper.mx\/tienda\/\",\"name\":\"Compuviper\",\"description\":\"Proveedor de Computadoras, Laptops, Servidores, Monitores, Puntos de Venta, Teclados,   Impresoras, T\u00f3ner, C\u00e1maras de Seguridad y m\u00e1s en tu tienda en l\u00ednea\",\"publisher\":{\"@id\":\"https:\/\/compuviper.mx\/tienda\/#organization\"},\"potentialAction\":[{\"@type\":\"SearchAction\",\"target\":{\"@type\":\"EntryPoint\",\"urlTemplate\":\"https:\/\/compuviper.mx\/tienda\/?s={search_term_string}\"},\"query-input\":\"required name=search_term_string\"}],\"inLanguage\":\"es-MX\"},{\"@type\":\"Organization\",\"@id\":\"https:\/\/compuviper.mx\/tienda\/#organization\",\"name\":\"Compuviper\",\"url\":\"https:\/\/compuviper.mx\/tienda\/\",\"logo\":{\"@type\":\"ImageObject\",\"inLanguage\":\"es-MX\",\"@id\":\"https:\/\/compuviper.mx\/tienda\/#\/schema\/logo\/image\/\",\"url\":\"https:\/\/compuviper.mx\/tienda\/wp-content\/uploads\/2021\/08\/Logo-Compuviper-10.png\",\"contentUrl\":\"https:\/\/compuviper.mx\/tienda\/wp-content\/uploads\/2021\/08\/Logo-Compuviper-10.png\",\"width\":1000,\"height\":500,\"caption\":\"Compuviper\"},\"image\":{\"@id\":\"https:\/\/compuviper.mx\/tienda\/#\/schema\/logo\/image\/\"},\"sameAs\":[\"https:\/\/www.facebook.com\/compuviper\",\"https:\/\/www.youtube.com\/channel\/UCf73dERp9Y3cfOq7q8BhLjA?view_as=subscriber\"]}]}<\/script>\n<meta property=\"product:brand\" content=\"AOC\" \/>\n<meta property=\"product:price:amount\" content=\"1379\" \/>\n<meta property=\"product:price:currency\" content=\"MXN\" \/>\n<meta property=\"og:availability\" content=\"instock\" \/>\n<meta property=\"product:availability\" content=\"instock\" \/>\n<meta property=\"product:retailer_item_id\" content=\"24B35H3\" \/>\n<meta property=\"product:condition\" content=\"new\" \/>\n<!-- \/ Yoast SEO plugin. -->","yoast_head_json":{"title":"[ Aoc ] &#129351; 24b35h3 Monitor Led \/ Color Negro \/ Panel Ips 23.8 \/ Hdmi Y Vga \/ Aspecto 16:9 \/ Tiempo D.r. 1ms \/ 120hz \/ Full Hd 1920x1080 \/ Vesa 100x100 Mm \/ Contraste 20,000,0001 \/ Brillo 300 Cd\/m2","description":"Compra 24b35h3 Monitor Led \/ Color Negro \/ Panel Ips 23.8 \/ Hdmi Y Vga \/ Aspecto 16:9 \/ Tiempo D.r. 1ms \/ 120hz \/ Full Hd 1920x1080 \/ Vesa 100x100 Mm \/ Contraste 20,000,0001 \/ Brillo 300 Cd\/m2 + Env\u00edo a domicilio + Pago seguro + Garant\u00eda","robots":{"index":"index","follow":"follow","max-snippet":"max-snippet:-1","max-image-preview":"max-image-preview:large","max-video-preview":"max-video-preview:-1"},"canonical":"https:\/\/compuviper.mx\/tienda\/producto\/aoc-24b35h3-monitor-led-color-negro-panel-ips-23-8-hdmi-y-vga-aspecto-169-tiempo-d-r-1ms-120hz-full-hd-1920x1080-vesa-100x100-mm-contraste-200000001-brillo-300-cd-m2\/","og_locale":"es_MX","og_type":"article","og_title":"[ Aoc ] &#129351; 24b35h3 Monitor Led \/ Color Negro \/ Panel Ips 23.8 \/ Hdmi Y Vga \/ Aspecto 16:9 \/ Tiempo D.r. 1ms \/ 120hz \/ Full Hd 1920x1080 \/ Vesa 100x100 Mm \/ Contraste 20,000,0001 \/ Brillo 300 Cd\/m2","og_description":"Compra 24b35h3 Monitor Led \/ Color Negro \/ Panel Ips 23.8 \/ Hdmi Y Vga \/ Aspecto 16:9 \/ Tiempo D.r. 1ms \/ 120hz \/ Full Hd 1920x1080 \/ Vesa 100x100 Mm \/ Contraste 20,000,0001 \/ Brillo 300 Cd\/m2 + Env\u00edo a domicilio + Pago seguro + Garant\u00eda","og_url":"https:\/\/compuviper.mx\/tienda\/producto\/aoc-24b35h3-monitor-led-color-negro-panel-ips-23-8-hdmi-y-vga-aspecto-169-tiempo-d-r-1ms-120hz-full-hd-1920x1080-vesa-100x100-mm-contraste-200000001-brillo-300-cd-m2\/","og_site_name":"Compuviper","article_publisher":"https:\/\/www.facebook.com\/compuviper","og_image":[{"width":200,"height":200,"url":"https:\/\/compuviper.mx\/tienda\/wp-content\/uploads\/2025\/10\/Monitor-led-aoc-24b35h3-color-negro-panel-ips-23.8-hdmi-y-vga-aspecto-169-tiempo-d.r.-1ms-120hz-full-hd-1920x1080-vesa-100x100-mm-contraste-200000001-brillo-300-cdm2.jpg","type":"image\/jpeg"}],"twitter_card":"summary_large_image","twitter_misc":{"Precio":"&#36;1,527 &#36;1,379 con IVA","Availability":"In stock"},"schema":{"@context":"https:\/\/schema.org","@graph":[{"@type":"WebPage","@id":"https:\/\/compuviper.mx\/tienda\/producto\/aoc-24b35h3-monitor-led-color-negro-panel-ips-23-8-hdmi-y-vga-aspecto-169-tiempo-d-r-1ms-120hz-full-hd-1920x1080-vesa-100x100-mm-contraste-200000001-brillo-300-cd-m2\/","url":"https:\/\/compuviper.mx\/tienda\/producto\/aoc-24b35h3-monitor-led-color-negro-panel-ips-23-8-hdmi-y-vga-aspecto-169-tiempo-d-r-1ms-120hz-full-hd-1920x1080-vesa-100x100-mm-contraste-200000001-brillo-300-cd-m2\/","name":"[ Aoc ] &#129351; 24b35h3 Monitor Led \/ Color Negro \/ Panel Ips 23.8 \/ Hdmi Y Vga \/ Aspecto 16:9 \/ Tiempo D.r. 1ms \/ 120hz \/ Full Hd 1920x1080 \/ Vesa 100x100 Mm \/ Contraste 20,000,0001 \/ Brillo 300 Cd\/m2","isPartOf":{"@id":"https:\/\/compuviper.mx\/tienda\/#website"},"datePublished":"2026-04-03T05:14:41+00:00","dateModified":"2026-04-03T05:14:41+00:00","description":"Compra 24b35h3 Monitor Led \/ Color Negro \/ Panel Ips 23.8 \/ Hdmi Y Vga \/ Aspecto 16:9 \/ Tiempo D.r. 1ms \/ 120hz \/ Full Hd 1920x1080 \/ Vesa 100x100 Mm \/ Contraste 20,000,0001 \/ Brillo 300 Cd\/m2 + Env\u00edo a domicilio + Pago seguro + Garant\u00eda","breadcrumb":{"@id":"https:\/\/compuviper.mx\/tienda\/producto\/aoc-24b35h3-monitor-led-color-negro-panel-ips-23-8-hdmi-y-vga-aspecto-169-tiempo-d-r-1ms-120hz-full-hd-1920x1080-vesa-100x100-mm-contraste-200000001-brillo-300-cd-m2\/#breadcrumb"},"inLanguage":"es-MX","potentialAction":[{"@type":"ReadAction","target":["https:\/\/compuviper.mx\/tienda\/producto\/aoc-24b35h3-monitor-led-color-negro-panel-ips-23-8-hdmi-y-vga-aspecto-169-tiempo-d-r-1ms-120hz-full-hd-1920x1080-vesa-100x100-mm-contraste-200000001-brillo-300-cd-m2\/"]}]},{"@type":"BreadcrumbList","@id":"https:\/\/compuviper.mx\/tienda\/producto\/aoc-24b35h3-monitor-led-color-negro-panel-ips-23-8-hdmi-y-vga-aspecto-169-tiempo-d-r-1ms-120hz-full-hd-1920x1080-vesa-100x100-mm-contraste-200000001-brillo-300-cd-m2\/#breadcrumb","itemListElement":[{"@type":"ListItem","position":1,"name":"Inicio","item":"https:\/\/compuviper.mx\/tienda\/"},{"@type":"ListItem","position":2,"name":"Productos","item":"https:\/\/compuviper.mx\/tienda\/productos\/"},{"@type":"ListItem","position":3,"name":"Monitores","item":"https:\/\/compuviper.mx\/tienda\/categoria-producto\/monitores\/"},{"@type":"ListItem","position":4,"name":"Led","item":"https:\/\/compuviper.mx\/tienda\/categoria-producto\/monitores\/led\/"},{"@type":"ListItem","position":5,"name":"Aoc 24b35h3 Monitor Led \/ Color Negro \/ Panel Ips 23.8 \/ Hdmi Y Vga \/ Aspecto 16:9 \/ Tiempo D.r. 1ms \/ 120hz \/ Full Hd 1920&#215;1080 \/ Vesa 100&#215;100 Mm \/ Contraste 20,000,0001 \/ Brillo 300 Cd\/m2"}]},{"@type":"WebSite","@id":"https:\/\/compuviper.mx\/tienda\/#website","url":"https:\/\/compuviper.mx\/tienda\/","name":"Compuviper","description":"Proveedor de Computadoras, Laptops, Servidores, Monitores, Puntos de Venta, Teclados,   Impresoras, T\u00f3ner, C\u00e1maras de Seguridad y m\u00e1s en tu tienda en l\u00ednea","publisher":{"@id":"https:\/\/compuviper.mx\/tienda\/#organization"},"potentialAction":[{"@type":"SearchAction","target":{"@type":"EntryPoint","urlTemplate":"https:\/\/compuviper.mx\/tienda\/?s={search_term_string}"},"query-input":"required name=search_term_string"}],"inLanguage":"es-MX"},{"@type":"Organization","@id":"https:\/\/compuviper.mx\/tienda\/#organization","name":"Compuviper","url":"https:\/\/compuviper.mx\/tienda\/","logo":{"@type":"ImageObject","inLanguage":"es-MX","@id":"https:\/\/compuviper.mx\/tienda\/#\/schema\/logo\/image\/","url":"https:\/\/compuviper.mx\/tienda\/wp-content\/uploads\/2021\/08\/Logo-Compuviper-10.png","contentUrl":"https:\/\/compuviper.mx\/tienda\/wp-content\/uploads\/2021\/08\/Logo-Compuviper-10.png","width":1000,"height":500,"caption":"Compuviper"},"image":{"@id":"https:\/\/compuviper.mx\/tienda\/#\/schema\/logo\/image\/"},"sameAs":["https:\/\/www.facebook.com\/compuviper","https:\/\/www.youtube.com\/channel\/UCf73dERp9Y3cfOq7q8BhLjA?view_as=subscriber"]}]},"product_brand":"AOC","product_price_amount":"1379","product_price_currency":"MXN","og_availability":"instock","product_availability":"instock","product_retailer_item_id":"24B35H3","product_condition":"new"},"_links":{"self":[{"href":"https:\/\/compuviper.mx\/tienda\/wp-json\/wp\/v2\/product\/256316"}],"collection":[{"href":"https:\/\/compuviper.mx\/tienda\/wp-json\/wp\/v2\/product"}],"about":[{"href":"https:\/\/compuviper.mx\/tienda\/wp-json\/wp\/v2\/types\/product"}],"replies":[{"embeddable":true,"href":"https:\/\/compuviper.mx\/tienda\/wp-json\/wp\/v2\/comments?post=256316"}],"wp:featuredmedia":[{"embeddable":true,"href":"https:\/\/compuviper.mx\/tienda\/wp-json\/wp\/v2\/media\/259994"}],"wp:attachment":[{"href":"https:\/\/compuviper.mx\/tienda\/wp-json\/wp\/v2\/media?parent=256316"}],"wp:term":[{"taxonomy":"product_cat","embeddable":true,"href":"https:\/\/compuviper.mx\/tienda\/wp-json\/wp\/v2\/product_cat?post=256316"},{"taxonomy":"product_tag","embeddable":true,"href":"https:\/\/compuviper.mx\/tienda\/wp-json\/wp\/v2\/product_tag?post=256316"}],"curies":[{"name":"wp","href":"https:\/\/api.w.org\/{rel}","templated":true}]}}