{"id":256280,"date":"2026-05-05T01:50:22","date_gmt":"2026-05-05T07:50:22","guid":{"rendered":"https:\/\/compuviper.mx\/tienda\/producto\/synology-ds225-nas-2-bahias-nucleo-cuadruple-hasta-2-7-ghz-2gb-ddr4-ampliable-hasta-6gb-1gbe-lan-x1-2-5gbe-lan-x1-sata-hot-swap-sin-discos-intel-celeron-j4125-hasta-40-tb\/"},"modified":"2026-05-05T01:50:22","modified_gmt":"2026-05-05T07:50:22","slug":"synology-ds225-nas-2-bahias-nucleo-cuadruple-hasta-2-7-ghz-2gb-ddr4-ampliable-hasta-6gb-1gbe-lan-x1-2-5gbe-lan-x1-sata-hot-swap-sin-discos-intel-celeron-j4125-hasta-40-tb","status":"publish","type":"product","link":"https:\/\/compuviper.mx\/tienda\/producto\/synology-ds225-nas-2-bahias-nucleo-cuadruple-hasta-2-7-ghz-2gb-ddr4-ampliable-hasta-6gb-1gbe-lan-x1-2-5gbe-lan-x1-sata-hot-swap-sin-discos-intel-celeron-j4125-hasta-40-tb\/","title":{"rendered":"Synology Ds225+ Nas   \/2 Bahias Nucleo Cuadruple Hasta 2.7 Ghz 2gb Ddr4, Ampliable Hasta 6gb\/1gbe Lan X1\/ 2.5gbe Lan X1\/sata\/hot-swap\/ Sin Discos\/ Intel Celeron J4125 \/hasta 40 Tb"},"content":{"rendered":"<table class=\"descripcion\">\n<tr>\n<td>Especificaciones de hardware<\/td>\n<\/tr>\n<tr>\n<td>Cpu<\/td>\n<\/tr>\n<tr>\n<td>Modelo de cpu intel celeron j4125<\/td>\n<\/tr>\n<tr>\n<td>Cantidad de cpu 1<\/td>\n<\/tr>\n<tr>\n<td>N\u00facleo de cpu 4<\/td>\n<\/tr>\n<tr>\n<td>Arquitectura de cpu 64bits<\/td>\n<\/tr>\n<tr>\n<td>Frecuencia de cpu 2.0 (base) \/ 2.7 (turbo) ghz<\/td>\n<\/tr>\n<tr>\n<td>Motor de cifrado de hardware:     si<\/td>\n<\/tr>\n<tr>\n<td>Memoria<\/td>\n<\/tr>\n<tr>\n<td>Memoria del sistema 2 gb ddr4 non-ecc<\/td>\n<\/tr>\n<tr>\n<td>Ranuras de memoria totales 1<\/td>\n<\/tr>\n<tr>\n<td>Capacidad de memoria m\u00e1xima 6 gb (2 gb + 4 gb)<\/td>\n<\/tr>\n<tr>\n<td>Almacenamiento<\/td>\n<\/tr>\n<tr>\n<td>Recept\u00e1culo(s) de unidad 2<\/td>\n<\/tr>\n<tr>\n<td>Tipo de unidad<\/td>\n<\/tr>\n<tr>\n<td>3.5 sata hdd<\/td>\n<\/tr>\n<tr>\n<td>Ssd sata de 2,5<\/td>\n<\/tr>\n<tr>\n<td>Unidad de intercambio en caliente*:      si<\/td>\n<\/tr>\n<tr>\n<td>Puertos externos<\/td>\n<\/tr>\n<tr>\n<td>Puerto rj-45 1gbe lan 1<\/td>\n<\/tr>\n<tr>\n<td>Puerto rj-45 2.5gbe lan 1<\/td>\n<\/tr>\n<tr>\n<td>Puerto usb 3.2 gen 1 2<\/td>\n<\/tr>\n<tr>\n<td>Usb copy<\/td>\n<\/tr>\n<tr>\n<td>Apariencia<\/td>\n<\/tr>\n<tr>\n<td>Tama\u00f1o (altura x anchura x profundidad)<\/td>\n<\/tr>\n<tr>\n<td>165 mm x 108 mm x 232.2 mm<\/td>\n<\/tr>\n<tr>\n<td>Peso 1.3 kg<\/td>\n<\/tr>\n<tr>\n<td>Otros<\/td>\n<\/tr>\n<tr>\n<td>Ventilador del sistema<\/td>\n<\/tr>\n<tr>\n<td>92 mm x 92 mm x 1 pcs<\/td>\n<\/tr>\n<tr>\n<td>Modo de velocidad de ventilador<\/td>\n<\/tr>\n<tr>\n<td>Modo velocidad completa<\/td>\n<\/tr>\n<tr>\n<td>Modo fresco<\/td>\n<\/tr>\n<tr>\n<td>Modo silencioso<\/td>\n<\/tr>\n<tr>\n<td>Indicadores led delanteros con brillo regulable:     si<\/td>\n<\/tr>\n<tr>\n<td>Recuperaci\u00f3n de energ\u00eda:     si<\/td>\n<\/tr>\n<tr>\n<td>Nivel de ruido* 19.6 db(a)<\/td>\n<\/tr>\n<tr>\n<td>Encendido y apagado programado:     si<\/td>\n<\/tr>\n<tr>\n<td>Despertar con lan \/ wan:     si<\/td>\n<\/tr>\n<tr>\n<td>Fuente \/ adaptador de alimentaci\u00f3n 60 watts<\/td>\n<\/tr>\n<tr>\n<td>Voltaje de alimentaci\u00f3n de entrada ca 100v to 240v ac<\/td>\n<\/tr>\n<tr>\n<td>Frecuencia de alimentaci\u00f3n 50\/60 hz, monof\u00e1sico<\/td>\n<\/tr>\n<tr>\n<td>Consumo de energ\u00eda*<\/td>\n<\/tr>\n<tr>\n<td>16.98 watts (acceso)<\/td>\n<\/tr>\n<tr>\n<td>6.08 watts (hibernaci\u00f3n de unidad de disco duro)<\/td>\n<\/tr>\n<tr>\n<td>British thermal unit<\/td>\n<\/tr>\n<tr>\n<td>57.90 btu\/hr (acceso)<\/td>\n<\/tr>\n<tr>\n<td>20.73 btu\/hr (hibernaci\u00f3n de unidad de disco duro)<\/td>\n<\/tr>\n<tr>\n<td>Temperatura<\/td>\n<\/tr>\n<tr>\n<td>Temperatura operativa 0\u00b0c a 40\u00b0c (32\u00b0f a 104\u00b0f)<\/td>\n<\/tr>\n<tr>\n<td>Temperatura de almacenamiento -20\u00b0c a 60\u00b0c (-5\u00b0f a 140\u00b0f)<\/td>\n<\/tr>\n<tr>\n<td>Humedad de funcionamiento 8% a 80% rh<\/td>\n<\/tr>\n<tr>\n<td>Humedad de almacenamiento 5% a 95% rh<\/td>\n<\/tr>\n<tr>\n<td>Certificaci\u00f3n<\/td>\n<\/tr>\n<tr>\n<td>Fcc<\/td>\n<\/tr>\n<tr>\n<td>Ce<\/td>\n<\/tr>\n<tr>\n<td>Bsmi<\/td>\n<\/tr>\n<tr>\n<td>Vcci<\/td>\n<\/tr>\n<tr>\n<td>Rcm<\/td>\n<\/tr>\n<tr>\n<td>Ukca<\/td>\n<\/tr>\n<tr>\n<td>Eac<\/td>\n<\/tr>\n<tr>\n<td>Ccc<\/td>\n<\/tr>\n<tr>\n<td>Kc<\/td>\n<\/tr>\n<tr>\n<td>Bis<\/td>\n<\/tr>\n<tr>\n<td>Garant\u00eda<\/td>\n<\/tr>\n<tr>\n<td>Garant\u00eda de hardware de 3 a\u00f1os<\/td>\n<\/tr>\n<tr>\n<td>Entorno<\/td>\n<\/tr>\n<tr>\n<td>Conforme con rohs<\/td>\n<\/tr>\n<tr>\n<td>Contenido del paquete<\/td>\n<\/tr>\n<tr>\n<td>Unidad principal x 1<\/td>\n<\/tr>\n<tr>\n<td>Paquete de accesorios x 1<\/td>\n<\/tr>\n<tr>\n<td>Adaptador de alimentaci\u00f3n ca x 1<\/td>\n<\/tr>\n<tr>\n<td>Cable de alimentaci\u00f3n ca x 1<\/td>\n<\/tr>\n<tr>\n<td>Cable rj-45 lan x 2<\/td>\n<\/tr>\n<tr>\n<td>Accesorios opcionales<\/td>\n<\/tr>\n<tr>\n<td>Ddr4 non-ecc sodimm: d4ns01-4g<\/td>\n<\/tr>\n<tr>\n<td>Hdd sata de 3,5 serie enterprise: serie hat5300<\/td>\n<\/tr>\n<tr>\n<td>Hdd sata de 3,5 serie plus: serie hat3300<\/td>\n<\/tr>\n<tr>\n<td>Ssd sata de 2,5 serie enterprise: serie sat5200<\/td>\n<\/tr>\n<\/table>\n","protected":false},"excerpt":{"rendered":"<p>El synology diskstation ds225+ es una soluci\u00f3n nas compacta de 2 bah\u00edas dise\u00f1ada para centralizar la gesti\u00f3n de datos, ofreciendo un conjunto completo de herramientas a trav\u00e9s de synology diskstation manager (dsm) para gestionar, compartir y proteger archivos y. Fotos, respaldar dispositivos y datos, y servir como el n\u00facleo de un sistema de vigilancia inteligente.<\/p>\n","protected":false},"featured_media":260766,"comment_status":"open","ping_status":"open","template":"","meta":[],"product_cat":[1803,1804],"product_tag":[1561],"acf":[],"yoast_head":"<!-- This site is optimized with the Yoast SEO plugin v21.7 - https:\/\/yoast.com\/wordpress\/plugins\/seo\/ -->\n<title>[ Synology ] &#129351; Ds225+ Nas \/2 Bahias Nucleo Cuadruple Hasta 2.7 Ghz 2gb Ddr4, Ampliable Hasta 6gb\/1gbe Lan X1\/ 2.5gbe Lan X1\/sata\/hot-swap\/ Sin Discos\/ Intel Celeron J4125 \/hasta 40 Tb<\/title>\n<meta name=\"description\" content=\"Compra Ds225+ Nas \/2 Bahias Nucleo Cuadruple Hasta 2.7 Ghz 2gb Ddr4, Ampliable Hasta 6gb\/1gbe Lan X1\/ 2.5gbe Lan X1\/sata\/hot-swap\/ Sin Discos\/ Intel Celeron J4125 \/hasta 40 Tb + Env\u00edo a domicilio + Pago seguro + Garant\u00eda\" \/>\n<meta name=\"robots\" content=\"index, follow, max-snippet:-1, max-image-preview:large, max-video-preview:-1\" \/>\n<link rel=\"canonical\" href=\"https:\/\/compuviper.mx\/tienda\/producto\/synology-ds225-nas-2-bahias-nucleo-cuadruple-hasta-2-7-ghz-2gb-ddr4-ampliable-hasta-6gb-1gbe-lan-x1-2-5gbe-lan-x1-sata-hot-swap-sin-discos-intel-celeron-j4125-hasta-40-tb\/\" \/>\n<meta property=\"og:locale\" content=\"es_MX\" \/>\n<meta property=\"og:type\" content=\"article\" \/>\n<meta property=\"og:title\" content=\"[ Synology ] &#129351; Ds225+ Nas \/2 Bahias Nucleo Cuadruple Hasta 2.7 Ghz 2gb Ddr4, Ampliable Hasta 6gb\/1gbe Lan X1\/ 2.5gbe Lan X1\/sata\/hot-swap\/ Sin Discos\/ Intel Celeron J4125 \/hasta 40 Tb\" \/>\n<meta property=\"og:description\" content=\"Compra Ds225+ Nas \/2 Bahias Nucleo Cuadruple Hasta 2.7 Ghz 2gb Ddr4, Ampliable Hasta 6gb\/1gbe Lan X1\/ 2.5gbe Lan X1\/sata\/hot-swap\/ Sin Discos\/ Intel Celeron J4125 \/hasta 40 Tb + Env\u00edo a domicilio + Pago seguro + Garant\u00eda\" \/>\n<meta property=\"og:url\" content=\"https:\/\/compuviper.mx\/tienda\/producto\/synology-ds225-nas-2-bahias-nucleo-cuadruple-hasta-2-7-ghz-2gb-ddr4-ampliable-hasta-6gb-1gbe-lan-x1-2-5gbe-lan-x1-sata-hot-swap-sin-discos-intel-celeron-j4125-hasta-40-tb\/\" \/>\n<meta property=\"og:site_name\" content=\"Compuviper\" \/>\n<meta property=\"article:publisher\" content=\"https:\/\/www.facebook.com\/compuviper\" \/>\n<meta property=\"og:image\" content=\"https:\/\/compuviper.mx\/tienda\/wp-content\/uploads\/2025\/10\/Nas-synology-ds225-2-bahias-nucleo-cuadruple-hasta-2.7-ghz-2gb-ddr4-ampliable-hasta-6gb1gbe-lan-x1-2.5gbe-lan-x1satahot-swap-sin-discos-intel-celeron-j4125-hasta-40-tb.jpg\" \/>\n\t<meta property=\"og:image:width\" content=\"200\" \/>\n\t<meta property=\"og:image:height\" content=\"200\" \/>\n\t<meta property=\"og:image:type\" content=\"image\/jpeg\" \/>\n<meta name=\"twitter:card\" content=\"summary_large_image\" \/>\n<meta name=\"twitter:label1\" content=\"Precio\" \/>\n\t<meta name=\"twitter:data1\" content=\"&#36;7,101 con IVA\" \/>\n\t<meta name=\"twitter:label2\" content=\"Availability\" \/>\n\t<meta name=\"twitter:data2\" content=\"In stock\" \/>\n<script type=\"application\/ld+json\" class=\"yoast-schema-graph\">{\"@context\":\"https:\/\/schema.org\",\"@graph\":[{\"@type\":\"WebPage\",\"@id\":\"https:\/\/compuviper.mx\/tienda\/producto\/synology-ds225-nas-2-bahias-nucleo-cuadruple-hasta-2-7-ghz-2gb-ddr4-ampliable-hasta-6gb-1gbe-lan-x1-2-5gbe-lan-x1-sata-hot-swap-sin-discos-intel-celeron-j4125-hasta-40-tb\/\",\"url\":\"https:\/\/compuviper.mx\/tienda\/producto\/synology-ds225-nas-2-bahias-nucleo-cuadruple-hasta-2-7-ghz-2gb-ddr4-ampliable-hasta-6gb-1gbe-lan-x1-2-5gbe-lan-x1-sata-hot-swap-sin-discos-intel-celeron-j4125-hasta-40-tb\/\",\"name\":\"[ Synology ] &#129351; Ds225+ Nas \/2 Bahias Nucleo Cuadruple Hasta 2.7 Ghz 2gb Ddr4, Ampliable Hasta 6gb\/1gbe Lan X1\/ 2.5gbe Lan X1\/sata\/hot-swap\/ Sin Discos\/ Intel Celeron J4125 \/hasta 40 Tb\",\"isPartOf\":{\"@id\":\"https:\/\/compuviper.mx\/tienda\/#website\"},\"datePublished\":\"2026-05-05T07:50:22+00:00\",\"dateModified\":\"2026-05-05T07:50:22+00:00\",\"description\":\"Compra Ds225+ Nas \/2 Bahias Nucleo Cuadruple Hasta 2.7 Ghz 2gb Ddr4, Ampliable Hasta 6gb\/1gbe Lan X1\/ 2.5gbe Lan X1\/sata\/hot-swap\/ Sin Discos\/ Intel Celeron J4125 \/hasta 40 Tb + Env\u00edo a domicilio + Pago seguro + Garant\u00eda\",\"breadcrumb\":{\"@id\":\"https:\/\/compuviper.mx\/tienda\/producto\/synology-ds225-nas-2-bahias-nucleo-cuadruple-hasta-2-7-ghz-2gb-ddr4-ampliable-hasta-6gb-1gbe-lan-x1-2-5gbe-lan-x1-sata-hot-swap-sin-discos-intel-celeron-j4125-hasta-40-tb\/#breadcrumb\"},\"inLanguage\":\"es-MX\",\"potentialAction\":[{\"@type\":\"ReadAction\",\"target\":[\"https:\/\/compuviper.mx\/tienda\/producto\/synology-ds225-nas-2-bahias-nucleo-cuadruple-hasta-2-7-ghz-2gb-ddr4-ampliable-hasta-6gb-1gbe-lan-x1-2-5gbe-lan-x1-sata-hot-swap-sin-discos-intel-celeron-j4125-hasta-40-tb\/\"]}]},{\"@type\":\"BreadcrumbList\",\"@id\":\"https:\/\/compuviper.mx\/tienda\/producto\/synology-ds225-nas-2-bahias-nucleo-cuadruple-hasta-2-7-ghz-2gb-ddr4-ampliable-hasta-6gb-1gbe-lan-x1-2-5gbe-lan-x1-sata-hot-swap-sin-discos-intel-celeron-j4125-hasta-40-tb\/#breadcrumb\",\"itemListElement\":[{\"@type\":\"ListItem\",\"position\":1,\"name\":\"Inicio\",\"item\":\"https:\/\/compuviper.mx\/tienda\/\"},{\"@type\":\"ListItem\",\"position\":2,\"name\":\"Productos\",\"item\":\"https:\/\/compuviper.mx\/tienda\/productos\/\"},{\"@type\":\"ListItem\",\"position\":3,\"name\":\"Almacenamiento\",\"item\":\"https:\/\/compuviper.mx\/tienda\/categoria-producto\/almacenamiento\/\"},{\"@type\":\"ListItem\",\"position\":4,\"name\":\"Sistema De Almacenamiento\",\"item\":\"https:\/\/compuviper.mx\/tienda\/categoria-producto\/almacenamiento\/sistema-de-almacenamiento\/\"},{\"@type\":\"ListItem\",\"position\":5,\"name\":\"Synology Ds225+ Nas \/2 Bahias Nucleo Cuadruple Hasta 2.7 Ghz 2gb Ddr4, Ampliable Hasta 6gb\/1gbe Lan X1\/ 2.5gbe Lan X1\/sata\/hot-swap\/ Sin Discos\/ Intel Celeron J4125 \/hasta 40 Tb\"}]},{\"@type\":\"WebSite\",\"@id\":\"https:\/\/compuviper.mx\/tienda\/#website\",\"url\":\"https:\/\/compuviper.mx\/tienda\/\",\"name\":\"Compuviper\",\"description\":\"Proveedor de Computadoras, Laptops, Servidores, Monitores, Puntos de Venta, Teclados,   Impresoras, T\u00f3ner, C\u00e1maras de Seguridad y m\u00e1s en tu tienda en l\u00ednea\",\"publisher\":{\"@id\":\"https:\/\/compuviper.mx\/tienda\/#organization\"},\"potentialAction\":[{\"@type\":\"SearchAction\",\"target\":{\"@type\":\"EntryPoint\",\"urlTemplate\":\"https:\/\/compuviper.mx\/tienda\/?s={search_term_string}\"},\"query-input\":\"required name=search_term_string\"}],\"inLanguage\":\"es-MX\"},{\"@type\":\"Organization\",\"@id\":\"https:\/\/compuviper.mx\/tienda\/#organization\",\"name\":\"Compuviper\",\"url\":\"https:\/\/compuviper.mx\/tienda\/\",\"logo\":{\"@type\":\"ImageObject\",\"inLanguage\":\"es-MX\",\"@id\":\"https:\/\/compuviper.mx\/tienda\/#\/schema\/logo\/image\/\",\"url\":\"https:\/\/compuviper.mx\/tienda\/wp-content\/uploads\/2021\/08\/Logo-Compuviper-10.png\",\"contentUrl\":\"https:\/\/compuviper.mx\/tienda\/wp-content\/uploads\/2021\/08\/Logo-Compuviper-10.png\",\"width\":1000,\"height\":500,\"caption\":\"Compuviper\"},\"image\":{\"@id\":\"https:\/\/compuviper.mx\/tienda\/#\/schema\/logo\/image\/\"},\"sameAs\":[\"https:\/\/www.facebook.com\/compuviper\",\"https:\/\/www.youtube.com\/channel\/UCf73dERp9Y3cfOq7q8BhLjA?view_as=subscriber\"]}]}<\/script>\n<meta property=\"product:brand\" content=\"SYNOLOGY\" \/>\n<meta property=\"product:price:amount\" content=\"7101\" \/>\n<meta property=\"product:price:currency\" content=\"MXN\" \/>\n<meta property=\"og:availability\" content=\"instock\" \/>\n<meta property=\"product:availability\" content=\"instock\" \/>\n<meta property=\"product:retailer_item_id\" content=\"DS225+\" \/>\n<meta property=\"product:condition\" content=\"new\" \/>\n<!-- \/ Yoast SEO plugin. -->","yoast_head_json":{"title":"[ Synology ] &#129351; Ds225+ Nas \/2 Bahias Nucleo Cuadruple Hasta 2.7 Ghz 2gb Ddr4, Ampliable Hasta 6gb\/1gbe Lan X1\/ 2.5gbe Lan X1\/sata\/hot-swap\/ Sin Discos\/ Intel Celeron J4125 \/hasta 40 Tb","description":"Compra Ds225+ Nas \/2 Bahias Nucleo Cuadruple Hasta 2.7 Ghz 2gb Ddr4, Ampliable Hasta 6gb\/1gbe Lan X1\/ 2.5gbe Lan X1\/sata\/hot-swap\/ Sin Discos\/ Intel Celeron J4125 \/hasta 40 Tb + Env\u00edo a domicilio + Pago seguro + Garant\u00eda","robots":{"index":"index","follow":"follow","max-snippet":"max-snippet:-1","max-image-preview":"max-image-preview:large","max-video-preview":"max-video-preview:-1"},"canonical":"https:\/\/compuviper.mx\/tienda\/producto\/synology-ds225-nas-2-bahias-nucleo-cuadruple-hasta-2-7-ghz-2gb-ddr4-ampliable-hasta-6gb-1gbe-lan-x1-2-5gbe-lan-x1-sata-hot-swap-sin-discos-intel-celeron-j4125-hasta-40-tb\/","og_locale":"es_MX","og_type":"article","og_title":"[ Synology ] &#129351; Ds225+ Nas \/2 Bahias Nucleo Cuadruple Hasta 2.7 Ghz 2gb Ddr4, Ampliable Hasta 6gb\/1gbe Lan X1\/ 2.5gbe Lan X1\/sata\/hot-swap\/ Sin Discos\/ Intel Celeron J4125 \/hasta 40 Tb","og_description":"Compra Ds225+ Nas \/2 Bahias Nucleo Cuadruple Hasta 2.7 Ghz 2gb Ddr4, Ampliable Hasta 6gb\/1gbe Lan X1\/ 2.5gbe Lan X1\/sata\/hot-swap\/ Sin Discos\/ Intel Celeron J4125 \/hasta 40 Tb + Env\u00edo a domicilio + Pago seguro + Garant\u00eda","og_url":"https:\/\/compuviper.mx\/tienda\/producto\/synology-ds225-nas-2-bahias-nucleo-cuadruple-hasta-2-7-ghz-2gb-ddr4-ampliable-hasta-6gb-1gbe-lan-x1-2-5gbe-lan-x1-sata-hot-swap-sin-discos-intel-celeron-j4125-hasta-40-tb\/","og_site_name":"Compuviper","article_publisher":"https:\/\/www.facebook.com\/compuviper","og_image":[{"width":200,"height":200,"url":"https:\/\/compuviper.mx\/tienda\/wp-content\/uploads\/2025\/10\/Nas-synology-ds225-2-bahias-nucleo-cuadruple-hasta-2.7-ghz-2gb-ddr4-ampliable-hasta-6gb1gbe-lan-x1-2.5gbe-lan-x1satahot-swap-sin-discos-intel-celeron-j4125-hasta-40-tb.jpg","type":"image\/jpeg"}],"twitter_card":"summary_large_image","twitter_misc":{"Precio":"&#36;7,101 con IVA","Availability":"In stock"},"schema":{"@context":"https:\/\/schema.org","@graph":[{"@type":"WebPage","@id":"https:\/\/compuviper.mx\/tienda\/producto\/synology-ds225-nas-2-bahias-nucleo-cuadruple-hasta-2-7-ghz-2gb-ddr4-ampliable-hasta-6gb-1gbe-lan-x1-2-5gbe-lan-x1-sata-hot-swap-sin-discos-intel-celeron-j4125-hasta-40-tb\/","url":"https:\/\/compuviper.mx\/tienda\/producto\/synology-ds225-nas-2-bahias-nucleo-cuadruple-hasta-2-7-ghz-2gb-ddr4-ampliable-hasta-6gb-1gbe-lan-x1-2-5gbe-lan-x1-sata-hot-swap-sin-discos-intel-celeron-j4125-hasta-40-tb\/","name":"[ Synology ] &#129351; Ds225+ Nas \/2 Bahias Nucleo Cuadruple Hasta 2.7 Ghz 2gb Ddr4, Ampliable Hasta 6gb\/1gbe Lan X1\/ 2.5gbe Lan X1\/sata\/hot-swap\/ Sin Discos\/ Intel Celeron J4125 \/hasta 40 Tb","isPartOf":{"@id":"https:\/\/compuviper.mx\/tienda\/#website"},"datePublished":"2026-05-05T07:50:22+00:00","dateModified":"2026-05-05T07:50:22+00:00","description":"Compra Ds225+ Nas \/2 Bahias Nucleo Cuadruple Hasta 2.7 Ghz 2gb Ddr4, Ampliable Hasta 6gb\/1gbe Lan X1\/ 2.5gbe Lan X1\/sata\/hot-swap\/ Sin Discos\/ Intel Celeron J4125 \/hasta 40 Tb + Env\u00edo a domicilio + Pago seguro + Garant\u00eda","breadcrumb":{"@id":"https:\/\/compuviper.mx\/tienda\/producto\/synology-ds225-nas-2-bahias-nucleo-cuadruple-hasta-2-7-ghz-2gb-ddr4-ampliable-hasta-6gb-1gbe-lan-x1-2-5gbe-lan-x1-sata-hot-swap-sin-discos-intel-celeron-j4125-hasta-40-tb\/#breadcrumb"},"inLanguage":"es-MX","potentialAction":[{"@type":"ReadAction","target":["https:\/\/compuviper.mx\/tienda\/producto\/synology-ds225-nas-2-bahias-nucleo-cuadruple-hasta-2-7-ghz-2gb-ddr4-ampliable-hasta-6gb-1gbe-lan-x1-2-5gbe-lan-x1-sata-hot-swap-sin-discos-intel-celeron-j4125-hasta-40-tb\/"]}]},{"@type":"BreadcrumbList","@id":"https:\/\/compuviper.mx\/tienda\/producto\/synology-ds225-nas-2-bahias-nucleo-cuadruple-hasta-2-7-ghz-2gb-ddr4-ampliable-hasta-6gb-1gbe-lan-x1-2-5gbe-lan-x1-sata-hot-swap-sin-discos-intel-celeron-j4125-hasta-40-tb\/#breadcrumb","itemListElement":[{"@type":"ListItem","position":1,"name":"Inicio","item":"https:\/\/compuviper.mx\/tienda\/"},{"@type":"ListItem","position":2,"name":"Productos","item":"https:\/\/compuviper.mx\/tienda\/productos\/"},{"@type":"ListItem","position":3,"name":"Almacenamiento","item":"https:\/\/compuviper.mx\/tienda\/categoria-producto\/almacenamiento\/"},{"@type":"ListItem","position":4,"name":"Sistema De Almacenamiento","item":"https:\/\/compuviper.mx\/tienda\/categoria-producto\/almacenamiento\/sistema-de-almacenamiento\/"},{"@type":"ListItem","position":5,"name":"Synology Ds225+ Nas \/2 Bahias Nucleo Cuadruple Hasta 2.7 Ghz 2gb Ddr4, Ampliable Hasta 6gb\/1gbe Lan X1\/ 2.5gbe Lan X1\/sata\/hot-swap\/ Sin Discos\/ Intel Celeron J4125 \/hasta 40 Tb"}]},{"@type":"WebSite","@id":"https:\/\/compuviper.mx\/tienda\/#website","url":"https:\/\/compuviper.mx\/tienda\/","name":"Compuviper","description":"Proveedor de Computadoras, Laptops, Servidores, Monitores, Puntos de Venta, Teclados,   Impresoras, T\u00f3ner, C\u00e1maras de Seguridad y m\u00e1s en tu tienda en l\u00ednea","publisher":{"@id":"https:\/\/compuviper.mx\/tienda\/#organization"},"potentialAction":[{"@type":"SearchAction","target":{"@type":"EntryPoint","urlTemplate":"https:\/\/compuviper.mx\/tienda\/?s={search_term_string}"},"query-input":"required name=search_term_string"}],"inLanguage":"es-MX"},{"@type":"Organization","@id":"https:\/\/compuviper.mx\/tienda\/#organization","name":"Compuviper","url":"https:\/\/compuviper.mx\/tienda\/","logo":{"@type":"ImageObject","inLanguage":"es-MX","@id":"https:\/\/compuviper.mx\/tienda\/#\/schema\/logo\/image\/","url":"https:\/\/compuviper.mx\/tienda\/wp-content\/uploads\/2021\/08\/Logo-Compuviper-10.png","contentUrl":"https:\/\/compuviper.mx\/tienda\/wp-content\/uploads\/2021\/08\/Logo-Compuviper-10.png","width":1000,"height":500,"caption":"Compuviper"},"image":{"@id":"https:\/\/compuviper.mx\/tienda\/#\/schema\/logo\/image\/"},"sameAs":["https:\/\/www.facebook.com\/compuviper","https:\/\/www.youtube.com\/channel\/UCf73dERp9Y3cfOq7q8BhLjA?view_as=subscriber"]}]},"product_brand":"SYNOLOGY","product_price_amount":"7101","product_price_currency":"MXN","og_availability":"instock","product_availability":"instock","product_retailer_item_id":"DS225+","product_condition":"new"},"_links":{"self":[{"href":"https:\/\/compuviper.mx\/tienda\/wp-json\/wp\/v2\/product\/256280"}],"collection":[{"href":"https:\/\/compuviper.mx\/tienda\/wp-json\/wp\/v2\/product"}],"about":[{"href":"https:\/\/compuviper.mx\/tienda\/wp-json\/wp\/v2\/types\/product"}],"replies":[{"embeddable":true,"href":"https:\/\/compuviper.mx\/tienda\/wp-json\/wp\/v2\/comments?post=256280"}],"wp:featuredmedia":[{"embeddable":true,"href":"https:\/\/compuviper.mx\/tienda\/wp-json\/wp\/v2\/media\/260766"}],"wp:attachment":[{"href":"https:\/\/compuviper.mx\/tienda\/wp-json\/wp\/v2\/media?parent=256280"}],"wp:term":[{"taxonomy":"product_cat","embeddable":true,"href":"https:\/\/compuviper.mx\/tienda\/wp-json\/wp\/v2\/product_cat?post=256280"},{"taxonomy":"product_tag","embeddable":true,"href":"https:\/\/compuviper.mx\/tienda\/wp-json\/wp\/v2\/product_tag?post=256280"}],"curies":[{"name":"wp","href":"https:\/\/api.w.org\/{rel}","templated":true}]}}