{"id":256221,"date":"2026-04-15T00:54:55","date_gmt":"2026-04-15T06:54:55","guid":{"rendered":"https:\/\/compuviper.mx\/tienda\/producto\/dahua-display-dhi-lm22-a200y-monitor-led-dahua-21-45-fhd-1920x1080-250-cd-m2-cont-30001169-100-hz-tr-10-ms-panel-va-hdmi-1-y-vga-1\/"},"modified":"2026-04-15T00:54:56","modified_gmt":"2026-04-15T06:54:56","slug":"dahua-display-dhi-lm22-a200y-monitor-led-dahua-21-45-fhd-1920x1080-250-cd-m2-cont-30001169-100-hz-tr-10-ms-panel-va-hdmi-1-y-vga-1","status":"publish","type":"product","link":"https:\/\/compuviper.mx\/tienda\/producto\/dahua-display-dhi-lm22-a200y-monitor-led-dahua-21-45-fhd-1920x1080-250-cd-m2-cont-30001169-100-hz-tr-10-ms-panel-va-hdmi-1-y-vga-1\/","title":{"rendered":"Dahua Display Dhi-lm22-a200y Monitor Led Dahua  21.45 Fhd 1920&#215;1080, 250 Cd\/m2, Cont 3000:1,16:9, 100 Hz, Tr 10 Ms, Panel Va, Hdmi (1) Y Vga (1)"},"content":{"rendered":"<table class=\"descripcion\">\n<tr>\n<td>Tecnolog\u00eda lcd va<\/td>\n<\/tr>\n<tr>\n<td>Iluminar desde el fondo led<\/td>\n<\/tr>\n<tr>\n<td>Tama\u00f1o de la pantalla 21,45 pulgadas<\/td>\n<\/tr>\n<tr>\n<td>Relaci\u00f3n de aspecto 16:9<\/td>\n<\/tr>\n<tr>\n<td>Tama\u00f1o de visualizaci\u00f3n 478,656 mm (alto) \u00d7 260,28 (ancho) mm<\/td>\n<\/tr>\n<tr>\n<td>\u00e1ngulo de visi\u00f3n 178\u00b0 (h) \/ 178\u00b0 (v)<\/td>\n<\/tr>\n<tr>\n<td>Modo de visualizaci\u00f3n horizontal<\/td>\n<\/tr>\n<tr>\n<td>Paso de p\u00edxeles 0,2493 mm \u00d7 0,241 mm<\/td>\n<\/tr>\n<tr>\n<td>P\u00edxeles por pulgada 102.69<\/td>\n<\/tr>\n<tr>\n<td>Resoluci\u00f3n 1920 (alto) \u00d7 1080 (vertical)<\/td>\n<\/tr>\n<tr>\n<td>Frecuencia de actualizaci\u00f3n 100 hz<\/td>\n<\/tr>\n<tr>\n<td>Color de la pantalla 8 bits<\/td>\n<\/tr>\n<tr>\n<td>Gama de colores 72% ntcs (t\u00edpico)<\/td>\n<\/tr>\n<tr>\n<td>Brillo 250 cd\/m\u00b2<\/td>\n<\/tr>\n<tr>\n<td>Relaci\u00f3n de contraste 3000:1<\/td>\n<\/tr>\n<tr>\n<td>Tiempo de respuesta 10 ms<\/td>\n<\/tr>\n<tr>\n<td>Esperanza de vida 30.000 horas<\/td>\n<\/tr>\n<tr>\n<td>Puertos del dispositivo<\/td>\n<\/tr>\n<tr>\n<td>Puerto de entrada 1 vga (1080p a 60 hz), 1 hdmi 1.4 (1080p a 100 hz)<\/td>\n<\/tr>\n<tr>\n<td>Condiciones ambientales y de energ\u00eda<\/td>\n<\/tr>\n<tr>\n<td>Fuente de alimentaci\u00f3n 12 vcc, 2 a<\/td>\n<\/tr>\n<tr>\n<td>Tipo de energ\u00eda adaptador de corriente externo<\/td>\n<\/tr>\n<tr>\n<td>Consumo de energ\u00eda 14 w (b\u00e1sico), 16 w (t\u00edpico), 16 w (m\u00e1ximo)<\/td>\n<\/tr>\n<tr>\n<td>Consumo de energ\u00eda en modo de espera  0,5 w<\/td>\n<\/tr>\n<tr>\n<td>Temperatura de funcionamiento 0 \u00b0c a +40 \u00b0c (+32 \u00b0f a +104 \u00b0f)<\/td>\n<\/tr>\n<tr>\n<td>Humedad de funcionamiento 10%\u009690% (hr)<\/td>\n<\/tr>\n<tr>\n<td>Temperatura de almacenamiento \u009620 \u00b0c a +60 \u00b0c (\u00964 \u00b0f a +140 \u00b0f)<\/td>\n<\/tr>\n<tr>\n<td>Humedad de almacenamiento 5%\u009690% (hr)<\/td>\n<\/tr>\n<tr>\n<td>General<\/td>\n<\/tr>\n<tr>\n<td>\u00e1ngulo inclinado -5\u00b0\u00b12\u00b0\/15\u00b0\u00b12\u00b0<\/td>\n<\/tr>\n<tr>\n<td>Dimensiones del producto 492,7 mm \u00d7 284,0 mm \u00d7 41,2 mm (19,396 \u00d7 11,18 \u00d7 1,623) (an. \u00d7 al. \u00d7 pr.) sin soporte de montaje en pared<\/td>\n<\/tr>\n<tr>\n<td>Tama\u00f1o del paquete 598 mm \u00d7 366 mm \u00d7 99 mm (23,543 \u00d7 14,409 \u00d7 3,898) (ancho \u00d7 alto \u00d7 profundidad)<\/td>\n<\/tr>\n<tr>\n<td>Empalme unilateral superior\/izquierdo\/derecho\/profundidad: 3,3 mm\/3,3 mm\/3,3 mm\/15,2 mm<\/td>\n<\/tr>\n<tr>\n<td>Peso neto 2,05 kg (4,52 libras)<\/td>\n<\/tr>\n<tr>\n<td>Peso bruto 2,86 kg (6,30 libras)<\/td>\n<\/tr>\n<tr>\n<td>Color de la carcasa negro<\/td>\n<\/tr>\n<tr>\n<td>Modo de control cinco botones<\/td>\n<\/tr>\n<tr>\n<td>Montaje en pared vesa 75 mm \u00d7 75 mm (2,95 \u00d7 2,95)<\/td>\n<\/tr>\n<tr>\n<td>Accesorio adaptador de corriente, base, cable hdmi, manual de usuario (c\u00f3digo qr), informaci\u00f3n legal y reglamentaria, etc.<\/td>\n<\/tr>\n<tr>\n<td>Accesorio opcional montaje en pared<\/td>\n<\/tr>\n<tr>\n<td>Proceso de dar un t\u00edtulo<\/td>\n<\/tr>\n<tr>\n<td>Certificaciones ce emc, ce lvd, ce erp<\/td>\n<\/tr>\n<\/table>\n","protected":false},"excerpt":{"rendered":"<p>Bisel ultra estrecho, apariencia elegante, base de pl\u00e1stico. \u00e1ngulo de visi\u00f3n extra amplio de 178\u00b0h\/178\u00b0v para un rendimiento de visualizaci\u00f3n general. Procesamiento digital de alta fidelidad para un v\u00eddeo brillante y v\u00edvido. Admite m\u00faltiples entradas de se\u00f1al como hdmi, vga. Alta frecuencia de actualizaci\u00f3n de 100 hz, elimina el retraso de la imagen<\/p>\n","protected":false},"featured_media":259989,"comment_status":"open","ping_status":"open","template":"","meta":[],"product_cat":[1741,1740],"product_tag":[2206],"acf":[],"yoast_head":"<!-- This site is optimized with the Yoast SEO plugin v21.7 - https:\/\/yoast.com\/wordpress\/plugins\/seo\/ -->\n<title>[ Dahua Display ] &#129351; Dhi-lm22-a200y Monitor Led Dahua 21.45 Fhd 1920x1080, 250 Cd\/m2, Cont 3000:1,16:9, 100 Hz, Tr 10 Ms, Panel Va, Hdmi (1) Y Vga (1)<\/title>\n<meta name=\"description\" content=\"Compra Dhi-lm22-a200y Monitor Led Dahua 21.45 Fhd 1920x1080, 250 Cd\/m2, Cont 3000:1,16:9, 100 Hz, Tr 10 Ms, Panel Va, Hdmi (1) Y Vga (1) + Env\u00edo a domicilio + Pago seguro + Garant\u00eda\" \/>\n<meta name=\"robots\" content=\"index, follow, max-snippet:-1, max-image-preview:large, max-video-preview:-1\" \/>\n<link rel=\"canonical\" href=\"https:\/\/compuviper.mx\/tienda\/producto\/dahua-display-dhi-lm22-a200y-monitor-led-dahua-21-45-fhd-1920x1080-250-cd-m2-cont-30001169-100-hz-tr-10-ms-panel-va-hdmi-1-y-vga-1\/\" \/>\n<meta property=\"og:locale\" content=\"es_MX\" \/>\n<meta property=\"og:type\" content=\"article\" \/>\n<meta property=\"og:title\" content=\"[ Dahua Display ] &#129351; Dhi-lm22-a200y Monitor Led Dahua 21.45 Fhd 1920x1080, 250 Cd\/m2, Cont 3000:1,16:9, 100 Hz, Tr 10 Ms, Panel Va, Hdmi (1) Y Vga (1)\" \/>\n<meta property=\"og:description\" content=\"Compra Dhi-lm22-a200y Monitor Led Dahua 21.45 Fhd 1920x1080, 250 Cd\/m2, Cont 3000:1,16:9, 100 Hz, Tr 10 Ms, Panel Va, Hdmi (1) Y Vga (1) + Env\u00edo a domicilio + Pago seguro + Garant\u00eda\" \/>\n<meta property=\"og:url\" content=\"https:\/\/compuviper.mx\/tienda\/producto\/dahua-display-dhi-lm22-a200y-monitor-led-dahua-21-45-fhd-1920x1080-250-cd-m2-cont-30001169-100-hz-tr-10-ms-panel-va-hdmi-1-y-vga-1\/\" \/>\n<meta property=\"og:site_name\" content=\"Compuviper\" \/>\n<meta property=\"article:publisher\" content=\"https:\/\/www.facebook.com\/compuviper\" \/>\n<meta property=\"article:modified_time\" content=\"2026-04-15T06:54:56+00:00\" \/>\n<meta property=\"og:image\" content=\"https:\/\/compuviper.mx\/tienda\/wp-content\/uploads\/2025\/10\/Monitor-led-dahua-dhi-lm22-a200y-21.45-fhd-1920x1080-250-cdm2-cont-30001169-100-hz-tr-10-ms-panel-va-hdmi-1-y-vga-1.jpg\" \/>\n\t<meta property=\"og:image:width\" content=\"200\" \/>\n\t<meta property=\"og:image:height\" content=\"200\" \/>\n\t<meta property=\"og:image:type\" content=\"image\/jpeg\" \/>\n<meta name=\"twitter:card\" content=\"summary_large_image\" \/>\n<meta name=\"twitter:label1\" content=\"Precio\" \/>\n\t<meta name=\"twitter:data1\" content=\"&#36;1,214 &#36;1,049 con IVA\" \/>\n\t<meta name=\"twitter:label2\" content=\"Availability\" \/>\n\t<meta name=\"twitter:data2\" content=\"In stock\" \/>\n<script type=\"application\/ld+json\" class=\"yoast-schema-graph\">{\"@context\":\"https:\/\/schema.org\",\"@graph\":[{\"@type\":\"WebPage\",\"@id\":\"https:\/\/compuviper.mx\/tienda\/producto\/dahua-display-dhi-lm22-a200y-monitor-led-dahua-21-45-fhd-1920x1080-250-cd-m2-cont-30001169-100-hz-tr-10-ms-panel-va-hdmi-1-y-vga-1\/\",\"url\":\"https:\/\/compuviper.mx\/tienda\/producto\/dahua-display-dhi-lm22-a200y-monitor-led-dahua-21-45-fhd-1920x1080-250-cd-m2-cont-30001169-100-hz-tr-10-ms-panel-va-hdmi-1-y-vga-1\/\",\"name\":\"[ Dahua Display ] &#129351; Dhi-lm22-a200y Monitor Led Dahua 21.45 Fhd 1920x1080, 250 Cd\/m2, Cont 3000:1,16:9, 100 Hz, Tr 10 Ms, Panel Va, Hdmi (1) Y Vga (1)\",\"isPartOf\":{\"@id\":\"https:\/\/compuviper.mx\/tienda\/#website\"},\"datePublished\":\"2026-04-15T06:54:55+00:00\",\"dateModified\":\"2026-04-15T06:54:56+00:00\",\"description\":\"Compra Dhi-lm22-a200y Monitor Led Dahua 21.45 Fhd 1920x1080, 250 Cd\/m2, Cont 3000:1,16:9, 100 Hz, Tr 10 Ms, Panel Va, Hdmi (1) Y Vga (1) + Env\u00edo a domicilio + Pago seguro + Garant\u00eda\",\"breadcrumb\":{\"@id\":\"https:\/\/compuviper.mx\/tienda\/producto\/dahua-display-dhi-lm22-a200y-monitor-led-dahua-21-45-fhd-1920x1080-250-cd-m2-cont-30001169-100-hz-tr-10-ms-panel-va-hdmi-1-y-vga-1\/#breadcrumb\"},\"inLanguage\":\"es-MX\",\"potentialAction\":[{\"@type\":\"ReadAction\",\"target\":[\"https:\/\/compuviper.mx\/tienda\/producto\/dahua-display-dhi-lm22-a200y-monitor-led-dahua-21-45-fhd-1920x1080-250-cd-m2-cont-30001169-100-hz-tr-10-ms-panel-va-hdmi-1-y-vga-1\/\"]}]},{\"@type\":\"BreadcrumbList\",\"@id\":\"https:\/\/compuviper.mx\/tienda\/producto\/dahua-display-dhi-lm22-a200y-monitor-led-dahua-21-45-fhd-1920x1080-250-cd-m2-cont-30001169-100-hz-tr-10-ms-panel-va-hdmi-1-y-vga-1\/#breadcrumb\",\"itemListElement\":[{\"@type\":\"ListItem\",\"position\":1,\"name\":\"Inicio\",\"item\":\"https:\/\/compuviper.mx\/tienda\/\"},{\"@type\":\"ListItem\",\"position\":2,\"name\":\"Productos\",\"item\":\"https:\/\/compuviper.mx\/tienda\/productos\/\"},{\"@type\":\"ListItem\",\"position\":3,\"name\":\"Monitores\",\"item\":\"https:\/\/compuviper.mx\/tienda\/categoria-producto\/monitores\/\"},{\"@type\":\"ListItem\",\"position\":4,\"name\":\"Led\",\"item\":\"https:\/\/compuviper.mx\/tienda\/categoria-producto\/monitores\/led\/\"},{\"@type\":\"ListItem\",\"position\":5,\"name\":\"Dahua Display Dhi-lm22-a200y Monitor Led Dahua 21.45 Fhd 1920&#215;1080, 250 Cd\/m2, Cont 3000:1,16:9, 100 Hz, Tr 10 Ms, Panel Va, Hdmi (1) Y Vga (1)\"}]},{\"@type\":\"WebSite\",\"@id\":\"https:\/\/compuviper.mx\/tienda\/#website\",\"url\":\"https:\/\/compuviper.mx\/tienda\/\",\"name\":\"Compuviper\",\"description\":\"Proveedor de Computadoras, Laptops, Servidores, Monitores, Puntos de Venta, Teclados,   Impresoras, T\u00f3ner, C\u00e1maras de Seguridad y m\u00e1s en tu tienda en l\u00ednea\",\"publisher\":{\"@id\":\"https:\/\/compuviper.mx\/tienda\/#organization\"},\"potentialAction\":[{\"@type\":\"SearchAction\",\"target\":{\"@type\":\"EntryPoint\",\"urlTemplate\":\"https:\/\/compuviper.mx\/tienda\/?s={search_term_string}\"},\"query-input\":\"required name=search_term_string\"}],\"inLanguage\":\"es-MX\"},{\"@type\":\"Organization\",\"@id\":\"https:\/\/compuviper.mx\/tienda\/#organization\",\"name\":\"Compuviper\",\"url\":\"https:\/\/compuviper.mx\/tienda\/\",\"logo\":{\"@type\":\"ImageObject\",\"inLanguage\":\"es-MX\",\"@id\":\"https:\/\/compuviper.mx\/tienda\/#\/schema\/logo\/image\/\",\"url\":\"https:\/\/compuviper.mx\/tienda\/wp-content\/uploads\/2021\/08\/Logo-Compuviper-10.png\",\"contentUrl\":\"https:\/\/compuviper.mx\/tienda\/wp-content\/uploads\/2021\/08\/Logo-Compuviper-10.png\",\"width\":1000,\"height\":500,\"caption\":\"Compuviper\"},\"image\":{\"@id\":\"https:\/\/compuviper.mx\/tienda\/#\/schema\/logo\/image\/\"},\"sameAs\":[\"https:\/\/www.facebook.com\/compuviper\",\"https:\/\/www.youtube.com\/channel\/UCf73dERp9Y3cfOq7q8BhLjA?view_as=subscriber\"]}]}<\/script>\n<meta property=\"product:brand\" content=\"Dahua Display\" \/>\n<meta property=\"product:price:amount\" content=\"1049\" \/>\n<meta property=\"product:price:currency\" content=\"MXN\" \/>\n<meta property=\"og:availability\" content=\"instock\" \/>\n<meta property=\"product:availability\" content=\"instock\" \/>\n<meta property=\"product:retailer_item_id\" content=\"DHI-LM22-A200Y\" \/>\n<meta property=\"product:condition\" content=\"new\" \/>\n<!-- \/ Yoast SEO plugin. -->","yoast_head_json":{"title":"[ Dahua Display ] &#129351; Dhi-lm22-a200y Monitor Led Dahua 21.45 Fhd 1920x1080, 250 Cd\/m2, Cont 3000:1,16:9, 100 Hz, Tr 10 Ms, Panel Va, Hdmi (1) Y Vga (1)","description":"Compra Dhi-lm22-a200y Monitor Led Dahua 21.45 Fhd 1920x1080, 250 Cd\/m2, Cont 3000:1,16:9, 100 Hz, Tr 10 Ms, Panel Va, Hdmi (1) Y Vga (1) + Env\u00edo a domicilio + Pago seguro + Garant\u00eda","robots":{"index":"index","follow":"follow","max-snippet":"max-snippet:-1","max-image-preview":"max-image-preview:large","max-video-preview":"max-video-preview:-1"},"canonical":"https:\/\/compuviper.mx\/tienda\/producto\/dahua-display-dhi-lm22-a200y-monitor-led-dahua-21-45-fhd-1920x1080-250-cd-m2-cont-30001169-100-hz-tr-10-ms-panel-va-hdmi-1-y-vga-1\/","og_locale":"es_MX","og_type":"article","og_title":"[ Dahua Display ] &#129351; Dhi-lm22-a200y Monitor Led Dahua 21.45 Fhd 1920x1080, 250 Cd\/m2, Cont 3000:1,16:9, 100 Hz, Tr 10 Ms, Panel Va, Hdmi (1) Y Vga (1)","og_description":"Compra Dhi-lm22-a200y Monitor Led Dahua 21.45 Fhd 1920x1080, 250 Cd\/m2, Cont 3000:1,16:9, 100 Hz, Tr 10 Ms, Panel Va, Hdmi (1) Y Vga (1) + Env\u00edo a domicilio + Pago seguro + Garant\u00eda","og_url":"https:\/\/compuviper.mx\/tienda\/producto\/dahua-display-dhi-lm22-a200y-monitor-led-dahua-21-45-fhd-1920x1080-250-cd-m2-cont-30001169-100-hz-tr-10-ms-panel-va-hdmi-1-y-vga-1\/","og_site_name":"Compuviper","article_publisher":"https:\/\/www.facebook.com\/compuviper","article_modified_time":"2026-04-15T06:54:56+00:00","og_image":[{"width":200,"height":200,"url":"https:\/\/compuviper.mx\/tienda\/wp-content\/uploads\/2025\/10\/Monitor-led-dahua-dhi-lm22-a200y-21.45-fhd-1920x1080-250-cdm2-cont-30001169-100-hz-tr-10-ms-panel-va-hdmi-1-y-vga-1.jpg","type":"image\/jpeg"}],"twitter_card":"summary_large_image","twitter_misc":{"Precio":"&#36;1,214 &#36;1,049 con IVA","Availability":"In stock"},"schema":{"@context":"https:\/\/schema.org","@graph":[{"@type":"WebPage","@id":"https:\/\/compuviper.mx\/tienda\/producto\/dahua-display-dhi-lm22-a200y-monitor-led-dahua-21-45-fhd-1920x1080-250-cd-m2-cont-30001169-100-hz-tr-10-ms-panel-va-hdmi-1-y-vga-1\/","url":"https:\/\/compuviper.mx\/tienda\/producto\/dahua-display-dhi-lm22-a200y-monitor-led-dahua-21-45-fhd-1920x1080-250-cd-m2-cont-30001169-100-hz-tr-10-ms-panel-va-hdmi-1-y-vga-1\/","name":"[ Dahua Display ] &#129351; Dhi-lm22-a200y Monitor Led Dahua 21.45 Fhd 1920x1080, 250 Cd\/m2, Cont 3000:1,16:9, 100 Hz, Tr 10 Ms, Panel Va, Hdmi (1) Y Vga (1)","isPartOf":{"@id":"https:\/\/compuviper.mx\/tienda\/#website"},"datePublished":"2026-04-15T06:54:55+00:00","dateModified":"2026-04-15T06:54:56+00:00","description":"Compra Dhi-lm22-a200y Monitor Led Dahua 21.45 Fhd 1920x1080, 250 Cd\/m2, Cont 3000:1,16:9, 100 Hz, Tr 10 Ms, Panel Va, Hdmi (1) Y Vga (1) + Env\u00edo a domicilio + Pago seguro + Garant\u00eda","breadcrumb":{"@id":"https:\/\/compuviper.mx\/tienda\/producto\/dahua-display-dhi-lm22-a200y-monitor-led-dahua-21-45-fhd-1920x1080-250-cd-m2-cont-30001169-100-hz-tr-10-ms-panel-va-hdmi-1-y-vga-1\/#breadcrumb"},"inLanguage":"es-MX","potentialAction":[{"@type":"ReadAction","target":["https:\/\/compuviper.mx\/tienda\/producto\/dahua-display-dhi-lm22-a200y-monitor-led-dahua-21-45-fhd-1920x1080-250-cd-m2-cont-30001169-100-hz-tr-10-ms-panel-va-hdmi-1-y-vga-1\/"]}]},{"@type":"BreadcrumbList","@id":"https:\/\/compuviper.mx\/tienda\/producto\/dahua-display-dhi-lm22-a200y-monitor-led-dahua-21-45-fhd-1920x1080-250-cd-m2-cont-30001169-100-hz-tr-10-ms-panel-va-hdmi-1-y-vga-1\/#breadcrumb","itemListElement":[{"@type":"ListItem","position":1,"name":"Inicio","item":"https:\/\/compuviper.mx\/tienda\/"},{"@type":"ListItem","position":2,"name":"Productos","item":"https:\/\/compuviper.mx\/tienda\/productos\/"},{"@type":"ListItem","position":3,"name":"Monitores","item":"https:\/\/compuviper.mx\/tienda\/categoria-producto\/monitores\/"},{"@type":"ListItem","position":4,"name":"Led","item":"https:\/\/compuviper.mx\/tienda\/categoria-producto\/monitores\/led\/"},{"@type":"ListItem","position":5,"name":"Dahua Display Dhi-lm22-a200y Monitor Led Dahua 21.45 Fhd 1920&#215;1080, 250 Cd\/m2, Cont 3000:1,16:9, 100 Hz, Tr 10 Ms, Panel Va, Hdmi (1) Y Vga (1)"}]},{"@type":"WebSite","@id":"https:\/\/compuviper.mx\/tienda\/#website","url":"https:\/\/compuviper.mx\/tienda\/","name":"Compuviper","description":"Proveedor de Computadoras, Laptops, Servidores, Monitores, Puntos de Venta, Teclados,   Impresoras, T\u00f3ner, C\u00e1maras de Seguridad y m\u00e1s en tu tienda en l\u00ednea","publisher":{"@id":"https:\/\/compuviper.mx\/tienda\/#organization"},"potentialAction":[{"@type":"SearchAction","target":{"@type":"EntryPoint","urlTemplate":"https:\/\/compuviper.mx\/tienda\/?s={search_term_string}"},"query-input":"required name=search_term_string"}],"inLanguage":"es-MX"},{"@type":"Organization","@id":"https:\/\/compuviper.mx\/tienda\/#organization","name":"Compuviper","url":"https:\/\/compuviper.mx\/tienda\/","logo":{"@type":"ImageObject","inLanguage":"es-MX","@id":"https:\/\/compuviper.mx\/tienda\/#\/schema\/logo\/image\/","url":"https:\/\/compuviper.mx\/tienda\/wp-content\/uploads\/2021\/08\/Logo-Compuviper-10.png","contentUrl":"https:\/\/compuviper.mx\/tienda\/wp-content\/uploads\/2021\/08\/Logo-Compuviper-10.png","width":1000,"height":500,"caption":"Compuviper"},"image":{"@id":"https:\/\/compuviper.mx\/tienda\/#\/schema\/logo\/image\/"},"sameAs":["https:\/\/www.facebook.com\/compuviper","https:\/\/www.youtube.com\/channel\/UCf73dERp9Y3cfOq7q8BhLjA?view_as=subscriber"]}]},"product_brand":"Dahua Display","product_price_amount":"1049","product_price_currency":"MXN","og_availability":"instock","product_availability":"instock","product_retailer_item_id":"DHI-LM22-A200Y","product_condition":"new"},"_links":{"self":[{"href":"https:\/\/compuviper.mx\/tienda\/wp-json\/wp\/v2\/product\/256221"}],"collection":[{"href":"https:\/\/compuviper.mx\/tienda\/wp-json\/wp\/v2\/product"}],"about":[{"href":"https:\/\/compuviper.mx\/tienda\/wp-json\/wp\/v2\/types\/product"}],"replies":[{"embeddable":true,"href":"https:\/\/compuviper.mx\/tienda\/wp-json\/wp\/v2\/comments?post=256221"}],"wp:featuredmedia":[{"embeddable":true,"href":"https:\/\/compuviper.mx\/tienda\/wp-json\/wp\/v2\/media\/259989"}],"wp:attachment":[{"href":"https:\/\/compuviper.mx\/tienda\/wp-json\/wp\/v2\/media?parent=256221"}],"wp:term":[{"taxonomy":"product_cat","embeddable":true,"href":"https:\/\/compuviper.mx\/tienda\/wp-json\/wp\/v2\/product_cat?post=256221"},{"taxonomy":"product_tag","embeddable":true,"href":"https:\/\/compuviper.mx\/tienda\/wp-json\/wp\/v2\/product_tag?post=256221"}],"curies":[{"name":"wp","href":"https:\/\/api.w.org\/{rel}","templated":true}]}}