{"id":256188,"date":"2026-04-02T00:30:37","date_gmt":"2026-04-02T06:30:37","guid":{"rendered":"https:\/\/compuviper.mx\/tienda\/producto\/smartbitt-sbbp10ktg1-2-banco-de-batera-externo-para-equipo-de-10kva-sbol10krtg1-2-20-bateras-de-12v-9ah\/"},"modified":"2026-04-02T00:30:38","modified_gmt":"2026-04-02T06:30:38","slug":"smartbitt-sbbp10ktg1-2-banco-de-baterias-externo-para-equipo-de-10kva-sbol10krtg1-2-20-bateras-de-12v-9ah","status":"publish","type":"product","link":"https:\/\/compuviper.mx\/tienda\/producto\/smartbitt-sbbp10ktg1-2-banco-de-baterias-externo-para-equipo-de-10kva-sbol10krtg1-2-20-bateras-de-12v-9ah\/","title":{"rendered":"Smartbitt Sbbp10ktg1-2 Banco De Baterias Externo   Para Equipo De 10kva (sbol10krtg1-2), 20 Bater?as De 12v 9ah."},"content":{"rendered":"<table class=\"descripcion\">\n<tr>\n<td>Tipo de bater\u00eda: vrla; voltaje: 240vdc; corriente de carga 1-4 (a) configurable; tiempo de respaldo: 7 min carga lineal @ 100% y 15 min carga lineal @ 50%; tiempo de carga: 4 horas @ 90%; 20 bater\u00edas de 12v 9ah.<\/td>\n<\/tr>\n<\/table>\n","protected":false},"excerpt":{"rendered":"<p>Los bancos de bater\u00edas almacenan la energ\u00eda reserva que ser\u00e1 utilizada por los sistemas ups durante la falla de la red el\u00e9ctrica de la concesionaria.  La energ\u00eda de reserva almacenada es proporcional a la capacidad de las bater\u00edas. Cuanto mayor son las bater\u00edas, mayor es este tiempo, denominado tiempo de autonom\u00eda.<\/p>\n","protected":false},"featured_media":259606,"comment_status":"open","ping_status":"open","template":"","meta":[],"product_cat":[1508,1511],"product_tag":[1583],"acf":[],"yoast_head":"<!-- This site is optimized with the Yoast SEO plugin v21.7 - https:\/\/yoast.com\/wordpress\/plugins\/seo\/ -->\n<title>[ Smartbitt ] &#129351; Sbbp10ktg1-2 Banco De Baterias Externo Para Equipo De 10kva (sbol10krtg1-2), 20 Bater\u00edas De 12v 9ah.<\/title>\n<meta name=\"description\" content=\"Compra Sbbp10ktg1-2 Banco De Baterias Externo Para Equipo De 10kva (sbol10krtg1-2), 20 Bater\u00edas De 12v 9ah. + Env\u00edo a domicilio + Pago seguro + Garant\u00eda\" \/>\n<meta name=\"robots\" content=\"index, follow, max-snippet:-1, max-image-preview:large, max-video-preview:-1\" \/>\n<link rel=\"canonical\" href=\"https:\/\/compuviper.mx\/tienda\/producto\/smartbitt-sbbp10ktg1-2-banco-de-baterias-externo-para-equipo-de-10kva-sbol10krtg1-2-20-bateras-de-12v-9ah\/\" \/>\n<meta property=\"og:locale\" content=\"es_MX\" \/>\n<meta property=\"og:type\" content=\"article\" \/>\n<meta property=\"og:title\" content=\"[ Smartbitt ] &#129351; Sbbp10ktg1-2 Banco De Baterias Externo Para Equipo De 10kva (sbol10krtg1-2), 20 Bater\u00edas De 12v 9ah.\" \/>\n<meta property=\"og:description\" content=\"Compra Sbbp10ktg1-2 Banco De Baterias Externo Para Equipo De 10kva (sbol10krtg1-2), 20 Bater\u00edas De 12v 9ah. + Env\u00edo a domicilio + Pago seguro + Garant\u00eda\" \/>\n<meta property=\"og:url\" content=\"https:\/\/compuviper.mx\/tienda\/producto\/smartbitt-sbbp10ktg1-2-banco-de-baterias-externo-para-equipo-de-10kva-sbol10krtg1-2-20-bateras-de-12v-9ah\/\" \/>\n<meta property=\"og:site_name\" content=\"Compuviper\" \/>\n<meta property=\"article:publisher\" content=\"https:\/\/www.facebook.com\/compuviper\" \/>\n<meta property=\"article:modified_time\" content=\"2026-04-02T06:30:38+00:00\" \/>\n<meta property=\"og:image\" content=\"https:\/\/compuviper.mx\/tienda\/wp-content\/uploads\/2025\/10\/Banco-de-baterias-externo-smartbitt-sbbp10ktg1-2-para-equipo-de-10kva-sbol10krtg1-2-20-baterias-de-12v-9ah.jpg\" \/>\n\t<meta property=\"og:image:width\" content=\"200\" \/>\n\t<meta property=\"og:image:height\" content=\"200\" \/>\n\t<meta property=\"og:image:type\" content=\"image\/jpeg\" \/>\n<meta name=\"twitter:card\" content=\"summary_large_image\" \/>\n<meta name=\"twitter:label1\" content=\"Precio\" \/>\n\t<meta name=\"twitter:data1\" content=\"&#36;17,776 con IVA\" \/>\n\t<meta name=\"twitter:label2\" content=\"Availability\" \/>\n\t<meta name=\"twitter:data2\" content=\"On backorder\" \/>\n<script type=\"application\/ld+json\" class=\"yoast-schema-graph\">{\"@context\":\"https:\/\/schema.org\",\"@graph\":[{\"@type\":\"WebPage\",\"@id\":\"https:\/\/compuviper.mx\/tienda\/producto\/smartbitt-sbbp10ktg1-2-banco-de-baterias-externo-para-equipo-de-10kva-sbol10krtg1-2-20-bateras-de-12v-9ah\/\",\"url\":\"https:\/\/compuviper.mx\/tienda\/producto\/smartbitt-sbbp10ktg1-2-banco-de-baterias-externo-para-equipo-de-10kva-sbol10krtg1-2-20-bateras-de-12v-9ah\/\",\"name\":\"[ Smartbitt ] &#129351; Sbbp10ktg1-2 Banco De Baterias Externo Para Equipo De 10kva (sbol10krtg1-2), 20 Bater\u00edas De 12v 9ah.\",\"isPartOf\":{\"@id\":\"https:\/\/compuviper.mx\/tienda\/#website\"},\"datePublished\":\"2026-04-02T06:30:37+00:00\",\"dateModified\":\"2026-04-02T06:30:38+00:00\",\"description\":\"Compra Sbbp10ktg1-2 Banco De Baterias Externo Para Equipo De 10kva (sbol10krtg1-2), 20 Bater\u00edas De 12v 9ah. + Env\u00edo a domicilio + Pago seguro + Garant\u00eda\",\"breadcrumb\":{\"@id\":\"https:\/\/compuviper.mx\/tienda\/producto\/smartbitt-sbbp10ktg1-2-banco-de-baterias-externo-para-equipo-de-10kva-sbol10krtg1-2-20-bateras-de-12v-9ah\/#breadcrumb\"},\"inLanguage\":\"es-MX\",\"potentialAction\":[{\"@type\":\"ReadAction\",\"target\":[\"https:\/\/compuviper.mx\/tienda\/producto\/smartbitt-sbbp10ktg1-2-banco-de-baterias-externo-para-equipo-de-10kva-sbol10krtg1-2-20-bateras-de-12v-9ah\/\"]}]},{\"@type\":\"BreadcrumbList\",\"@id\":\"https:\/\/compuviper.mx\/tienda\/producto\/smartbitt-sbbp10ktg1-2-banco-de-baterias-externo-para-equipo-de-10kva-sbol10krtg1-2-20-bateras-de-12v-9ah\/#breadcrumb\",\"itemListElement\":[{\"@type\":\"ListItem\",\"position\":1,\"name\":\"Inicio\",\"item\":\"https:\/\/compuviper.mx\/tienda\/\"},{\"@type\":\"ListItem\",\"position\":2,\"name\":\"Productos\",\"item\":\"https:\/\/compuviper.mx\/tienda\/productos\/\"},{\"@type\":\"ListItem\",\"position\":3,\"name\":\"Energia\",\"item\":\"https:\/\/compuviper.mx\/tienda\/categoria-producto\/energia\/\"},{\"@type\":\"ListItem\",\"position\":4,\"name\":\"Bateria\",\"item\":\"https:\/\/compuviper.mx\/tienda\/categoria-producto\/energia\/bateria\/\"},{\"@type\":\"ListItem\",\"position\":5,\"name\":\"Smartbitt Sbbp10ktg1-2 Banco De Baterias Externo Para Equipo De 10kva (sbol10krtg1-2), 20 Bater?as De 12v 9ah.\"}]},{\"@type\":\"WebSite\",\"@id\":\"https:\/\/compuviper.mx\/tienda\/#website\",\"url\":\"https:\/\/compuviper.mx\/tienda\/\",\"name\":\"Compuviper\",\"description\":\"Proveedor de Computadoras, Laptops, Servidores, Monitores, Puntos de Venta, Teclados,   Impresoras, T\u00f3ner, C\u00e1maras de Seguridad y m\u00e1s en tu tienda en l\u00ednea\",\"publisher\":{\"@id\":\"https:\/\/compuviper.mx\/tienda\/#organization\"},\"potentialAction\":[{\"@type\":\"SearchAction\",\"target\":{\"@type\":\"EntryPoint\",\"urlTemplate\":\"https:\/\/compuviper.mx\/tienda\/?s={search_term_string}\"},\"query-input\":\"required name=search_term_string\"}],\"inLanguage\":\"es-MX\"},{\"@type\":\"Organization\",\"@id\":\"https:\/\/compuviper.mx\/tienda\/#organization\",\"name\":\"Compuviper\",\"url\":\"https:\/\/compuviper.mx\/tienda\/\",\"logo\":{\"@type\":\"ImageObject\",\"inLanguage\":\"es-MX\",\"@id\":\"https:\/\/compuviper.mx\/tienda\/#\/schema\/logo\/image\/\",\"url\":\"https:\/\/compuviper.mx\/tienda\/wp-content\/uploads\/2021\/08\/Logo-Compuviper-10.png\",\"contentUrl\":\"https:\/\/compuviper.mx\/tienda\/wp-content\/uploads\/2021\/08\/Logo-Compuviper-10.png\",\"width\":1000,\"height\":500,\"caption\":\"Compuviper\"},\"image\":{\"@id\":\"https:\/\/compuviper.mx\/tienda\/#\/schema\/logo\/image\/\"},\"sameAs\":[\"https:\/\/www.facebook.com\/compuviper\",\"https:\/\/www.youtube.com\/channel\/UCf73dERp9Y3cfOq7q8BhLjA?view_as=subscriber\"]}]}<\/script>\n<meta property=\"product:brand\" content=\"SMARTBITT\" \/>\n<meta property=\"product:price:amount\" content=\"17776\" \/>\n<meta property=\"product:price:currency\" content=\"MXN\" \/>\n<meta property=\"og:availability\" content=\"backorder\" \/>\n<meta property=\"product:availability\" content=\"available for order\" \/>\n<meta property=\"product:retailer_item_id\" content=\"SBBP10KTG1-2\" \/>\n<meta property=\"product:condition\" content=\"new\" \/>\n<!-- \/ Yoast SEO plugin. -->","yoast_head_json":{"title":"[ Smartbitt ] &#129351; Sbbp10ktg1-2 Banco De Baterias Externo Para Equipo De 10kva (sbol10krtg1-2), 20 Bater\u00edas De 12v 9ah.","description":"Compra Sbbp10ktg1-2 Banco De Baterias Externo Para Equipo De 10kva (sbol10krtg1-2), 20 Bater\u00edas De 12v 9ah. + Env\u00edo a domicilio + Pago seguro + Garant\u00eda","robots":{"index":"index","follow":"follow","max-snippet":"max-snippet:-1","max-image-preview":"max-image-preview:large","max-video-preview":"max-video-preview:-1"},"canonical":"https:\/\/compuviper.mx\/tienda\/producto\/smartbitt-sbbp10ktg1-2-banco-de-baterias-externo-para-equipo-de-10kva-sbol10krtg1-2-20-bateras-de-12v-9ah\/","og_locale":"es_MX","og_type":"article","og_title":"[ Smartbitt ] &#129351; Sbbp10ktg1-2 Banco De Baterias Externo Para Equipo De 10kva (sbol10krtg1-2), 20 Bater\u00edas De 12v 9ah.","og_description":"Compra Sbbp10ktg1-2 Banco De Baterias Externo Para Equipo De 10kva (sbol10krtg1-2), 20 Bater\u00edas De 12v 9ah. + Env\u00edo a domicilio + Pago seguro + Garant\u00eda","og_url":"https:\/\/compuviper.mx\/tienda\/producto\/smartbitt-sbbp10ktg1-2-banco-de-baterias-externo-para-equipo-de-10kva-sbol10krtg1-2-20-bateras-de-12v-9ah\/","og_site_name":"Compuviper","article_publisher":"https:\/\/www.facebook.com\/compuviper","article_modified_time":"2026-04-02T06:30:38+00:00","og_image":[{"width":200,"height":200,"url":"https:\/\/compuviper.mx\/tienda\/wp-content\/uploads\/2025\/10\/Banco-de-baterias-externo-smartbitt-sbbp10ktg1-2-para-equipo-de-10kva-sbol10krtg1-2-20-baterias-de-12v-9ah.jpg","type":"image\/jpeg"}],"twitter_card":"summary_large_image","twitter_misc":{"Precio":"&#36;17,776 con IVA","Availability":"On backorder"},"schema":{"@context":"https:\/\/schema.org","@graph":[{"@type":"WebPage","@id":"https:\/\/compuviper.mx\/tienda\/producto\/smartbitt-sbbp10ktg1-2-banco-de-baterias-externo-para-equipo-de-10kva-sbol10krtg1-2-20-bateras-de-12v-9ah\/","url":"https:\/\/compuviper.mx\/tienda\/producto\/smartbitt-sbbp10ktg1-2-banco-de-baterias-externo-para-equipo-de-10kva-sbol10krtg1-2-20-bateras-de-12v-9ah\/","name":"[ Smartbitt ] &#129351; Sbbp10ktg1-2 Banco De Baterias Externo Para Equipo De 10kva (sbol10krtg1-2), 20 Bater\u00edas De 12v 9ah.","isPartOf":{"@id":"https:\/\/compuviper.mx\/tienda\/#website"},"datePublished":"2026-04-02T06:30:37+00:00","dateModified":"2026-04-02T06:30:38+00:00","description":"Compra Sbbp10ktg1-2 Banco De Baterias Externo Para Equipo De 10kva (sbol10krtg1-2), 20 Bater\u00edas De 12v 9ah. + Env\u00edo a domicilio + Pago seguro + Garant\u00eda","breadcrumb":{"@id":"https:\/\/compuviper.mx\/tienda\/producto\/smartbitt-sbbp10ktg1-2-banco-de-baterias-externo-para-equipo-de-10kva-sbol10krtg1-2-20-bateras-de-12v-9ah\/#breadcrumb"},"inLanguage":"es-MX","potentialAction":[{"@type":"ReadAction","target":["https:\/\/compuviper.mx\/tienda\/producto\/smartbitt-sbbp10ktg1-2-banco-de-baterias-externo-para-equipo-de-10kva-sbol10krtg1-2-20-bateras-de-12v-9ah\/"]}]},{"@type":"BreadcrumbList","@id":"https:\/\/compuviper.mx\/tienda\/producto\/smartbitt-sbbp10ktg1-2-banco-de-baterias-externo-para-equipo-de-10kva-sbol10krtg1-2-20-bateras-de-12v-9ah\/#breadcrumb","itemListElement":[{"@type":"ListItem","position":1,"name":"Inicio","item":"https:\/\/compuviper.mx\/tienda\/"},{"@type":"ListItem","position":2,"name":"Productos","item":"https:\/\/compuviper.mx\/tienda\/productos\/"},{"@type":"ListItem","position":3,"name":"Energia","item":"https:\/\/compuviper.mx\/tienda\/categoria-producto\/energia\/"},{"@type":"ListItem","position":4,"name":"Bateria","item":"https:\/\/compuviper.mx\/tienda\/categoria-producto\/energia\/bateria\/"},{"@type":"ListItem","position":5,"name":"Smartbitt Sbbp10ktg1-2 Banco De Baterias Externo Para Equipo De 10kva (sbol10krtg1-2), 20 Bater?as De 12v 9ah."}]},{"@type":"WebSite","@id":"https:\/\/compuviper.mx\/tienda\/#website","url":"https:\/\/compuviper.mx\/tienda\/","name":"Compuviper","description":"Proveedor de Computadoras, Laptops, Servidores, Monitores, Puntos de Venta, Teclados,   Impresoras, T\u00f3ner, C\u00e1maras de Seguridad y m\u00e1s en tu tienda en l\u00ednea","publisher":{"@id":"https:\/\/compuviper.mx\/tienda\/#organization"},"potentialAction":[{"@type":"SearchAction","target":{"@type":"EntryPoint","urlTemplate":"https:\/\/compuviper.mx\/tienda\/?s={search_term_string}"},"query-input":"required name=search_term_string"}],"inLanguage":"es-MX"},{"@type":"Organization","@id":"https:\/\/compuviper.mx\/tienda\/#organization","name":"Compuviper","url":"https:\/\/compuviper.mx\/tienda\/","logo":{"@type":"ImageObject","inLanguage":"es-MX","@id":"https:\/\/compuviper.mx\/tienda\/#\/schema\/logo\/image\/","url":"https:\/\/compuviper.mx\/tienda\/wp-content\/uploads\/2021\/08\/Logo-Compuviper-10.png","contentUrl":"https:\/\/compuviper.mx\/tienda\/wp-content\/uploads\/2021\/08\/Logo-Compuviper-10.png","width":1000,"height":500,"caption":"Compuviper"},"image":{"@id":"https:\/\/compuviper.mx\/tienda\/#\/schema\/logo\/image\/"},"sameAs":["https:\/\/www.facebook.com\/compuviper","https:\/\/www.youtube.com\/channel\/UCf73dERp9Y3cfOq7q8BhLjA?view_as=subscriber"]}]},"product_brand":"SMARTBITT","product_price_amount":"17776","product_price_currency":"MXN","og_availability":"backorder","product_availability":"available for order","product_retailer_item_id":"SBBP10KTG1-2","product_condition":"new"},"_links":{"self":[{"href":"https:\/\/compuviper.mx\/tienda\/wp-json\/wp\/v2\/product\/256188"}],"collection":[{"href":"https:\/\/compuviper.mx\/tienda\/wp-json\/wp\/v2\/product"}],"about":[{"href":"https:\/\/compuviper.mx\/tienda\/wp-json\/wp\/v2\/types\/product"}],"replies":[{"embeddable":true,"href":"https:\/\/compuviper.mx\/tienda\/wp-json\/wp\/v2\/comments?post=256188"}],"wp:featuredmedia":[{"embeddable":true,"href":"https:\/\/compuviper.mx\/tienda\/wp-json\/wp\/v2\/media\/259606"}],"wp:attachment":[{"href":"https:\/\/compuviper.mx\/tienda\/wp-json\/wp\/v2\/media?parent=256188"}],"wp:term":[{"taxonomy":"product_cat","embeddable":true,"href":"https:\/\/compuviper.mx\/tienda\/wp-json\/wp\/v2\/product_cat?post=256188"},{"taxonomy":"product_tag","embeddable":true,"href":"https:\/\/compuviper.mx\/tienda\/wp-json\/wp\/v2\/product_tag?post=256188"}],"curies":[{"name":"wp","href":"https:\/\/api.w.org\/{rel}","templated":true}]}}