{"id":256111,"date":"2026-04-21T01:24:44","date_gmt":"2026-04-21T07:24:44","guid":{"rendered":"https:\/\/compuviper.mx\/tienda\/producto\/ghia-gvlte-tablet-vector-4g-lte-sc9863a-octacore-4gb-ram-64gb-2cam-wifi-bluetooth-5000mah-android-13-gris\/"},"modified":"2026-04-21T01:24:44","modified_gmt":"2026-04-21T07:24:44","slug":"ghia-gvlte-tablet-vector-4g-lte-sc9863a-octacore-4gb-ram-64gb-2cam-wifi-bluetooth-5000mah-android-13-gris","status":"publish","type":"product","link":"https:\/\/compuviper.mx\/tienda\/producto\/ghia-gvlte-tablet-vector-4g-lte-sc9863a-octacore-4gb-ram-64gb-2cam-wifi-bluetooth-5000mah-android-13-gris\/","title":{"rendered":"Ghia Gvlte Tablet  Vector 4g Lte \/sc9863a Octacore\/4gb Ram\/64gb \/2cam\/wifi\/bluetooth\/5000mah\/android 13 Gris"},"content":{"rendered":"<table class=\"descripcion\">\n<tr>\n<td>Procesador octacore sc9863a  1.6ghz<\/td>\n<\/tr>\n<tr>\n<td>Display 10.1 pulgadas ips<\/td>\n<\/tr>\n<tr>\n<td>Case metalico<\/td>\n<\/tr>\n<tr>\n<td>Multitouch<\/td>\n<\/tr>\n<tr>\n<td>Resoluci\u00f3n 1280 x 800<\/td>\n<\/tr>\n<tr>\n<td>Memoria ram 4gb<\/td>\n<\/tr>\n<tr>\n<td>Memoria almacenamiento 64gb<\/td>\n<\/tr>\n<tr>\n<td>Slot de memoria tf hasta 128gb<\/td>\n<\/tr>\n<tr>\n<td>C\u00e1mara frontal 2mp<\/td>\n<\/tr>\n<tr>\n<td>C\u00e1mara trasera 5mp<\/td>\n<\/tr>\n<tr>\n<td>1 audio jack 3.5mm<\/td>\n<\/tr>\n<tr>\n<td>Usb c<\/td>\n<\/tr>\n<tr>\n<td>Bater\u00eda de 5000mah<\/td>\n<\/tr>\n<tr>\n<td>Bluetooth 4.0<\/td>\n<\/tr>\n<tr>\n<td>Wi-fi b\/g\/n<\/td>\n<\/tr>\n<tr>\n<td>4g lte doble sim<\/td>\n<\/tr>\n<tr>\n<td>Android 13<\/td>\n<\/tr>\n<\/table>\n","protected":false},"excerpt":{"rendered":"<p>\u00a1conectado siempre! con la nueva vector con tecnologia 4g lte y la mas rapida con su potente procesador sc9863a con 8 nucleos y el sistema mas nuevo de google android 13 se el mas productivo, mantente al dia en tus redes sociales favoritas y no te piredaqs del mejor streaming en vivo y en donde te encuentres. Esta tablet cuenta con certificacion google gms lo que te brinda el acceso al universo de apps de google play store.<\/p>\n","protected":false},"featured_media":256112,"comment_status":"open","ping_status":"open","template":"","meta":[],"product_cat":[1758,1767],"product_tag":[1548],"acf":[],"yoast_head":"<!-- This site is optimized with the Yoast SEO plugin v21.7 - https:\/\/yoast.com\/wordpress\/plugins\/seo\/ -->\n<title>[ Ghia ] &#129351; Gvlte Tablet Vector 4g Lte \/sc9863a Octacore\/4gb Ram\/64gb \/2cam\/wifi\/bluetooth\/5000mah\/android 13 Gris<\/title>\n<meta name=\"description\" content=\"Compra Gvlte Tablet Vector 4g Lte \/sc9863a Octacore\/4gb Ram\/64gb \/2cam\/wifi\/bluetooth\/5000mah\/android 13 Gris + Env\u00edo a domicilio + Pago seguro + Garant\u00eda\" \/>\n<meta name=\"robots\" content=\"index, follow, max-snippet:-1, max-image-preview:large, max-video-preview:-1\" \/>\n<link rel=\"canonical\" href=\"https:\/\/compuviper.mx\/tienda\/producto\/ghia-gvlte-tablet-vector-4g-lte-sc9863a-octacore-4gb-ram-64gb-2cam-wifi-bluetooth-5000mah-android-13-gris\/\" \/>\n<meta property=\"og:locale\" content=\"es_MX\" \/>\n<meta property=\"og:type\" content=\"article\" \/>\n<meta property=\"og:title\" content=\"[ Ghia ] &#129351; Gvlte Tablet Vector 4g Lte \/sc9863a Octacore\/4gb Ram\/64gb \/2cam\/wifi\/bluetooth\/5000mah\/android 13 Gris\" \/>\n<meta property=\"og:description\" content=\"Compra Gvlte Tablet Vector 4g Lte \/sc9863a Octacore\/4gb Ram\/64gb \/2cam\/wifi\/bluetooth\/5000mah\/android 13 Gris + Env\u00edo a domicilio + Pago seguro + Garant\u00eda\" \/>\n<meta property=\"og:url\" content=\"https:\/\/compuviper.mx\/tienda\/producto\/ghia-gvlte-tablet-vector-4g-lte-sc9863a-octacore-4gb-ram-64gb-2cam-wifi-bluetooth-5000mah-android-13-gris\/\" \/>\n<meta property=\"og:site_name\" content=\"Compuviper\" \/>\n<meta property=\"article:publisher\" content=\"https:\/\/www.facebook.com\/compuviper\" \/>\n<meta property=\"og:image\" content=\"https:\/\/compuviper.mx\/tienda\/wp-content\/uploads\/2025\/08\/Tablet-ghia-vector-4g-lte-sc9863a-octacore4gb-ram64gb-2camwifibluetooth5000mahandroid-13-gris.jpg\" \/>\n\t<meta property=\"og:image:width\" content=\"200\" \/>\n\t<meta property=\"og:image:height\" content=\"200\" \/>\n\t<meta property=\"og:image:type\" content=\"image\/jpeg\" \/>\n<meta name=\"twitter:card\" content=\"summary_large_image\" \/>\n<meta name=\"twitter:label1\" content=\"Precio\" \/>\n\t<meta name=\"twitter:data1\" content=\"&#36;1,327 con IVA\" \/>\n\t<meta name=\"twitter:label2\" content=\"Availability\" \/>\n\t<meta name=\"twitter:data2\" content=\"In stock\" \/>\n<script type=\"application\/ld+json\" class=\"yoast-schema-graph\">{\"@context\":\"https:\/\/schema.org\",\"@graph\":[{\"@type\":\"WebPage\",\"@id\":\"https:\/\/compuviper.mx\/tienda\/producto\/ghia-gvlte-tablet-vector-4g-lte-sc9863a-octacore-4gb-ram-64gb-2cam-wifi-bluetooth-5000mah-android-13-gris\/\",\"url\":\"https:\/\/compuviper.mx\/tienda\/producto\/ghia-gvlte-tablet-vector-4g-lte-sc9863a-octacore-4gb-ram-64gb-2cam-wifi-bluetooth-5000mah-android-13-gris\/\",\"name\":\"[ Ghia ] &#129351; Gvlte Tablet Vector 4g Lte \/sc9863a Octacore\/4gb Ram\/64gb \/2cam\/wifi\/bluetooth\/5000mah\/android 13 Gris\",\"isPartOf\":{\"@id\":\"https:\/\/compuviper.mx\/tienda\/#website\"},\"datePublished\":\"2026-04-21T07:24:44+00:00\",\"dateModified\":\"2026-04-21T07:24:44+00:00\",\"description\":\"Compra Gvlte Tablet Vector 4g Lte \/sc9863a Octacore\/4gb Ram\/64gb \/2cam\/wifi\/bluetooth\/5000mah\/android 13 Gris + Env\u00edo a domicilio + Pago seguro + Garant\u00eda\",\"breadcrumb\":{\"@id\":\"https:\/\/compuviper.mx\/tienda\/producto\/ghia-gvlte-tablet-vector-4g-lte-sc9863a-octacore-4gb-ram-64gb-2cam-wifi-bluetooth-5000mah-android-13-gris\/#breadcrumb\"},\"inLanguage\":\"es-MX\",\"potentialAction\":[{\"@type\":\"ReadAction\",\"target\":[\"https:\/\/compuviper.mx\/tienda\/producto\/ghia-gvlte-tablet-vector-4g-lte-sc9863a-octacore-4gb-ram-64gb-2cam-wifi-bluetooth-5000mah-android-13-gris\/\"]}]},{\"@type\":\"BreadcrumbList\",\"@id\":\"https:\/\/compuviper.mx\/tienda\/producto\/ghia-gvlte-tablet-vector-4g-lte-sc9863a-octacore-4gb-ram-64gb-2cam-wifi-bluetooth-5000mah-android-13-gris\/#breadcrumb\",\"itemListElement\":[{\"@type\":\"ListItem\",\"position\":1,\"name\":\"Inicio\",\"item\":\"https:\/\/compuviper.mx\/tienda\/\"},{\"@type\":\"ListItem\",\"position\":2,\"name\":\"Productos\",\"item\":\"https:\/\/compuviper.mx\/tienda\/productos\/\"},{\"@type\":\"ListItem\",\"position\":3,\"name\":\"Tabletas\",\"item\":\"https:\/\/compuviper.mx\/tienda\/categoria-producto\/tabletas\/\"},{\"@type\":\"ListItem\",\"position\":4,\"name\":\"Arm Octa Core\",\"item\":\"https:\/\/compuviper.mx\/tienda\/categoria-producto\/tabletas\/arm-octa-core\/\"},{\"@type\":\"ListItem\",\"position\":5,\"name\":\"Ghia Gvlte Tablet Vector 4g Lte \/sc9863a Octacore\/4gb Ram\/64gb \/2cam\/wifi\/bluetooth\/5000mah\/android 13 Gris\"}]},{\"@type\":\"WebSite\",\"@id\":\"https:\/\/compuviper.mx\/tienda\/#website\",\"url\":\"https:\/\/compuviper.mx\/tienda\/\",\"name\":\"Compuviper\",\"description\":\"Proveedor de Computadoras, Laptops, Servidores, Monitores, Puntos de Venta, Teclados,   Impresoras, T\u00f3ner, C\u00e1maras de Seguridad y m\u00e1s en tu tienda en l\u00ednea\",\"publisher\":{\"@id\":\"https:\/\/compuviper.mx\/tienda\/#organization\"},\"potentialAction\":[{\"@type\":\"SearchAction\",\"target\":{\"@type\":\"EntryPoint\",\"urlTemplate\":\"https:\/\/compuviper.mx\/tienda\/?s={search_term_string}\"},\"query-input\":\"required name=search_term_string\"}],\"inLanguage\":\"es-MX\"},{\"@type\":\"Organization\",\"@id\":\"https:\/\/compuviper.mx\/tienda\/#organization\",\"name\":\"Compuviper\",\"url\":\"https:\/\/compuviper.mx\/tienda\/\",\"logo\":{\"@type\":\"ImageObject\",\"inLanguage\":\"es-MX\",\"@id\":\"https:\/\/compuviper.mx\/tienda\/#\/schema\/logo\/image\/\",\"url\":\"https:\/\/compuviper.mx\/tienda\/wp-content\/uploads\/2021\/08\/Logo-Compuviper-10.png\",\"contentUrl\":\"https:\/\/compuviper.mx\/tienda\/wp-content\/uploads\/2021\/08\/Logo-Compuviper-10.png\",\"width\":1000,\"height\":500,\"caption\":\"Compuviper\"},\"image\":{\"@id\":\"https:\/\/compuviper.mx\/tienda\/#\/schema\/logo\/image\/\"},\"sameAs\":[\"https:\/\/www.facebook.com\/compuviper\",\"https:\/\/www.youtube.com\/channel\/UCf73dERp9Y3cfOq7q8BhLjA?view_as=subscriber\"]}]}<\/script>\n<meta property=\"product:brand\" content=\"GHIA\" \/>\n<meta property=\"product:price:amount\" content=\"1327\" \/>\n<meta property=\"product:price:currency\" content=\"MXN\" \/>\n<meta property=\"og:availability\" content=\"instock\" \/>\n<meta property=\"product:availability\" content=\"instock\" \/>\n<meta property=\"product:retailer_item_id\" content=\"GVLTE\" \/>\n<meta property=\"product:condition\" content=\"new\" \/>\n<!-- \/ Yoast SEO plugin. -->","yoast_head_json":{"title":"[ Ghia ] &#129351; Gvlte Tablet Vector 4g Lte \/sc9863a Octacore\/4gb Ram\/64gb \/2cam\/wifi\/bluetooth\/5000mah\/android 13 Gris","description":"Compra Gvlte Tablet Vector 4g Lte \/sc9863a Octacore\/4gb Ram\/64gb \/2cam\/wifi\/bluetooth\/5000mah\/android 13 Gris + Env\u00edo a domicilio + Pago seguro + Garant\u00eda","robots":{"index":"index","follow":"follow","max-snippet":"max-snippet:-1","max-image-preview":"max-image-preview:large","max-video-preview":"max-video-preview:-1"},"canonical":"https:\/\/compuviper.mx\/tienda\/producto\/ghia-gvlte-tablet-vector-4g-lte-sc9863a-octacore-4gb-ram-64gb-2cam-wifi-bluetooth-5000mah-android-13-gris\/","og_locale":"es_MX","og_type":"article","og_title":"[ Ghia ] &#129351; Gvlte Tablet Vector 4g Lte \/sc9863a Octacore\/4gb Ram\/64gb \/2cam\/wifi\/bluetooth\/5000mah\/android 13 Gris","og_description":"Compra Gvlte Tablet Vector 4g Lte \/sc9863a Octacore\/4gb Ram\/64gb \/2cam\/wifi\/bluetooth\/5000mah\/android 13 Gris + Env\u00edo a domicilio + Pago seguro + Garant\u00eda","og_url":"https:\/\/compuviper.mx\/tienda\/producto\/ghia-gvlte-tablet-vector-4g-lte-sc9863a-octacore-4gb-ram-64gb-2cam-wifi-bluetooth-5000mah-android-13-gris\/","og_site_name":"Compuviper","article_publisher":"https:\/\/www.facebook.com\/compuviper","og_image":[{"width":200,"height":200,"url":"https:\/\/compuviper.mx\/tienda\/wp-content\/uploads\/2025\/08\/Tablet-ghia-vector-4g-lte-sc9863a-octacore4gb-ram64gb-2camwifibluetooth5000mahandroid-13-gris.jpg","type":"image\/jpeg"}],"twitter_card":"summary_large_image","twitter_misc":{"Precio":"&#36;1,327 con IVA","Availability":"In stock"},"schema":{"@context":"https:\/\/schema.org","@graph":[{"@type":"WebPage","@id":"https:\/\/compuviper.mx\/tienda\/producto\/ghia-gvlte-tablet-vector-4g-lte-sc9863a-octacore-4gb-ram-64gb-2cam-wifi-bluetooth-5000mah-android-13-gris\/","url":"https:\/\/compuviper.mx\/tienda\/producto\/ghia-gvlte-tablet-vector-4g-lte-sc9863a-octacore-4gb-ram-64gb-2cam-wifi-bluetooth-5000mah-android-13-gris\/","name":"[ Ghia ] &#129351; Gvlte Tablet Vector 4g Lte \/sc9863a Octacore\/4gb Ram\/64gb \/2cam\/wifi\/bluetooth\/5000mah\/android 13 Gris","isPartOf":{"@id":"https:\/\/compuviper.mx\/tienda\/#website"},"datePublished":"2026-04-21T07:24:44+00:00","dateModified":"2026-04-21T07:24:44+00:00","description":"Compra Gvlte Tablet Vector 4g Lte \/sc9863a Octacore\/4gb Ram\/64gb \/2cam\/wifi\/bluetooth\/5000mah\/android 13 Gris + Env\u00edo a domicilio + Pago seguro + Garant\u00eda","breadcrumb":{"@id":"https:\/\/compuviper.mx\/tienda\/producto\/ghia-gvlte-tablet-vector-4g-lte-sc9863a-octacore-4gb-ram-64gb-2cam-wifi-bluetooth-5000mah-android-13-gris\/#breadcrumb"},"inLanguage":"es-MX","potentialAction":[{"@type":"ReadAction","target":["https:\/\/compuviper.mx\/tienda\/producto\/ghia-gvlte-tablet-vector-4g-lte-sc9863a-octacore-4gb-ram-64gb-2cam-wifi-bluetooth-5000mah-android-13-gris\/"]}]},{"@type":"BreadcrumbList","@id":"https:\/\/compuviper.mx\/tienda\/producto\/ghia-gvlte-tablet-vector-4g-lte-sc9863a-octacore-4gb-ram-64gb-2cam-wifi-bluetooth-5000mah-android-13-gris\/#breadcrumb","itemListElement":[{"@type":"ListItem","position":1,"name":"Inicio","item":"https:\/\/compuviper.mx\/tienda\/"},{"@type":"ListItem","position":2,"name":"Productos","item":"https:\/\/compuviper.mx\/tienda\/productos\/"},{"@type":"ListItem","position":3,"name":"Tabletas","item":"https:\/\/compuviper.mx\/tienda\/categoria-producto\/tabletas\/"},{"@type":"ListItem","position":4,"name":"Arm Octa Core","item":"https:\/\/compuviper.mx\/tienda\/categoria-producto\/tabletas\/arm-octa-core\/"},{"@type":"ListItem","position":5,"name":"Ghia Gvlte Tablet Vector 4g Lte \/sc9863a Octacore\/4gb Ram\/64gb \/2cam\/wifi\/bluetooth\/5000mah\/android 13 Gris"}]},{"@type":"WebSite","@id":"https:\/\/compuviper.mx\/tienda\/#website","url":"https:\/\/compuviper.mx\/tienda\/","name":"Compuviper","description":"Proveedor de Computadoras, Laptops, Servidores, Monitores, Puntos de Venta, Teclados,   Impresoras, T\u00f3ner, C\u00e1maras de Seguridad y m\u00e1s en tu tienda en l\u00ednea","publisher":{"@id":"https:\/\/compuviper.mx\/tienda\/#organization"},"potentialAction":[{"@type":"SearchAction","target":{"@type":"EntryPoint","urlTemplate":"https:\/\/compuviper.mx\/tienda\/?s={search_term_string}"},"query-input":"required name=search_term_string"}],"inLanguage":"es-MX"},{"@type":"Organization","@id":"https:\/\/compuviper.mx\/tienda\/#organization","name":"Compuviper","url":"https:\/\/compuviper.mx\/tienda\/","logo":{"@type":"ImageObject","inLanguage":"es-MX","@id":"https:\/\/compuviper.mx\/tienda\/#\/schema\/logo\/image\/","url":"https:\/\/compuviper.mx\/tienda\/wp-content\/uploads\/2021\/08\/Logo-Compuviper-10.png","contentUrl":"https:\/\/compuviper.mx\/tienda\/wp-content\/uploads\/2021\/08\/Logo-Compuviper-10.png","width":1000,"height":500,"caption":"Compuviper"},"image":{"@id":"https:\/\/compuviper.mx\/tienda\/#\/schema\/logo\/image\/"},"sameAs":["https:\/\/www.facebook.com\/compuviper","https:\/\/www.youtube.com\/channel\/UCf73dERp9Y3cfOq7q8BhLjA?view_as=subscriber"]}]},"product_brand":"GHIA","product_price_amount":"1327","product_price_currency":"MXN","og_availability":"instock","product_availability":"instock","product_retailer_item_id":"GVLTE","product_condition":"new"},"_links":{"self":[{"href":"https:\/\/compuviper.mx\/tienda\/wp-json\/wp\/v2\/product\/256111"}],"collection":[{"href":"https:\/\/compuviper.mx\/tienda\/wp-json\/wp\/v2\/product"}],"about":[{"href":"https:\/\/compuviper.mx\/tienda\/wp-json\/wp\/v2\/types\/product"}],"replies":[{"embeddable":true,"href":"https:\/\/compuviper.mx\/tienda\/wp-json\/wp\/v2\/comments?post=256111"}],"wp:featuredmedia":[{"embeddable":true,"href":"https:\/\/compuviper.mx\/tienda\/wp-json\/wp\/v2\/media\/256112"}],"wp:attachment":[{"href":"https:\/\/compuviper.mx\/tienda\/wp-json\/wp\/v2\/media?parent=256111"}],"wp:term":[{"taxonomy":"product_cat","embeddable":true,"href":"https:\/\/compuviper.mx\/tienda\/wp-json\/wp\/v2\/product_cat?post=256111"},{"taxonomy":"product_tag","embeddable":true,"href":"https:\/\/compuviper.mx\/tienda\/wp-json\/wp\/v2\/product_tag?post=256111"}],"curies":[{"name":"wp","href":"https:\/\/api.w.org\/{rel}","templated":true}]}}