{"id":256094,"date":"2026-04-23T00:15:56","date_gmt":"2026-04-23T06:15:56","guid":{"rendered":"https:\/\/compuviper.mx\/tienda\/producto\/hikvision-ds-2cd1183g2-liu-dual-light-domo-ip-8-megapixel-4k-lente-2-8-mm-30-mts-ir-30-mts-luz-blanca-micrfono-integrado-ik08-acusense-lite-exterior-ip67-h-265-poe-onvif\/"},"modified":"2026-04-23T00:15:56","modified_gmt":"2026-04-23T06:15:56","slug":"hikvision-ds-2cd1183g2-liu-dual-light-domo-ip-8-megapixel-4k-lente-2-8-mm-30-mts-ir-30-mts-luz-blanca-micrfono-integrado-ik08-acusense-lite-exterior-ip67-h-265-poe-onvif","status":"publish","type":"product","link":"https:\/\/compuviper.mx\/tienda\/producto\/hikvision-ds-2cd1183g2-liu-dual-light-domo-ip-8-megapixel-4k-lente-2-8-mm-30-mts-ir-30-mts-luz-blanca-micrfono-integrado-ik08-acusense-lite-exterior-ip67-h-265-poe-onvif\/","title":{"rendered":"Hikvision Ds-2cd1183g2-liu  \/ Dual Light Domo Ip 8 Megapixel 4k \/ Lente 2.8 Mm \/ 30 Mts Ir 30 Mts Luz Blanca \/ Micrfono Integrado \/ Ik08 \/ Acusense Lite \/ Exterior Ip67 \/ H.265 \/ Poe \/ Onvif"},"content":{"rendered":"<table class=\"descripcion\">\n<tr>\n<td>Caractersticas principales:<\/td>\n<\/tr>\n<tr>\n<td>Resolucin mxima: 8 megapixel 3840  2160.<\/td>\n<\/tr>\n<tr>\n<td>Lente fijo: 2.8 mm ngulo de apertura 113\u00b0.<\/td>\n<\/tr>\n<tr>\n<td>Micrfono integrado.<\/td>\n<\/tr>\n<tr>\n<td>30 mts ir exir visin nocturna.<\/td>\n<\/tr>\n<tr>\n<td>30 mts de luz blanca ayuda a iluminar el sitio para mantener la imagen siempre a color.<\/td>\n<\/tr>\n<tr>\n<td>Compresin: h.265\/h.265\/h.264\/h.264.<\/td>\n<\/tr>\n<tr>\n<td>Dwdr \/ 3d dnr \/ blc.<\/td>\n<\/tr>\n<tr>\n<td>Compatible con plataforma hik-connect p2p https:\/\/appstore.hikvision.com\/.<\/td>\n<\/tr>\n<tr>\n<td>Entradas y salidas de audio \/ alarmas \/ red \/ almacenamiento:<\/td>\n<\/tr>\n<tr>\n<td>Entradas de alarmas: n\/a.<\/td>\n<\/tr>\n<tr>\n<td>Salida de alarma: n\/a.<\/td>\n<\/tr>\n<tr>\n<td>Entrada de audio: n\/a.<\/td>\n<\/tr>\n<tr>\n<td>Salida de audio: n\/a.<\/td>\n<\/tr>\n<tr>\n<td>Puerto de red: 110\/100 mbps \/ poe 802.3af.<\/td>\n<\/tr>\n<tr>\n<td>Soporta onvif profile s \/ isapi.<\/td>\n<\/tr>\n<tr>\n<td>Soporta memoria microsd\/microsdhc\/microsdxc, hasta 512 gb.<\/td>\n<\/tr>\n<tr>\n<td>Caractersticas fsicas y elctricas:<\/td>\n<\/tr>\n<tr>\n<td>Alimentacin: 12 vcc \/ poe 802.3 af.<\/td>\n<\/tr>\n<tr>\n<td>Proteccin: ip67 interior \/ exterior.<\/td>\n<\/tr>\n<tr>\n<td>Antivandlica ik08.<\/td>\n<\/tr>\n<tr>\n<td>Material: policarbonato y metal.<\/td>\n<\/tr>\n<tr>\n<td>Dimensiones: 121.5 mm  97.6 mm.<\/td>\n<\/tr>\n<tr>\n<td>Peso: 550 g.<\/td>\n<\/tr>\n<tr>\n<td>Caractersticas destacadas:<\/td>\n<\/tr>\n<tr>\n<td>La cmara soporta micrfono integrado interconstruido para enviar el video y el audio por el mismo cable de red sin tener que aadir nada ms.<\/td>\n<\/tr>\n<tr>\n<td>Compatible con la plataforma de hik-connect para una conexin ms rpida y sencilla.<\/td>\n<\/tr>\n<tr>\n<td>Soporta analtico de acusense lite para con analticos como filtro de humano y vehculos por medio de deteccin de movimiento no por cruce de lnea o intrusin.<\/td>\n<\/tr>\n<tr>\n<td>Soporta la tecnologa dual light, podemos tener en la noche la imagen de b\/n con los ir encendidos y cuando detecte movimiento por medio del analtico de acusense lite filtro de humanos y vehculos encender la luz blanca para poder tener el evento a color, cuando pase el evento se vuelve a colocar el la imagen en b\/n.<\/td>\n<\/tr>\n<\/table>\n","protected":false},"excerpt":{"rendered":"<p>Caractersticas principales: Resolucin mxima: 8 megapixel 3840 2160. Lente fijo: 2.8 mm ngulo de apertura 113\u00b0. Micrfono integrado. 30 mts ir exir visin nocturna. 30 mts de luz blanca ayuda a iluminar el sitio para mantener la imagen siempre a color. Compresin: h.265\/h.265\/h.264\/h.264. Dwdr \/ 3d dnr \/ blc. Compatible con plataforma hik-connect p2p https:\/\/appstore.hikvision.com\/. [&hellip;]<\/p>\n","protected":false},"featured_media":259461,"comment_status":"open","ping_status":"open","template":"","meta":[],"product_cat":[1608,1681],"product_tag":[1595],"acf":[],"yoast_head":"<!-- This site is optimized with the Yoast SEO plugin v21.7 - https:\/\/yoast.com\/wordpress\/plugins\/seo\/ -->\n<title>[ Hikvision ] &#129351; Ds-2cd1183g2-liu \/ Dual Light Domo Ip 8 Megapixel 4k \/ Lente 2.8 Mm \/ 30 Mts Ir 30 Mts Luz Blanca \/ Micrfono Integrado \/ Ik08 \/ Acusense Lite \/ Exterior Ip67 \/ H.265 \/ Poe \/ Onvif<\/title>\n<meta name=\"description\" content=\"Compra Ds-2cd1183g2-liu \/ Dual Light Domo Ip 8 Megapixel 4k \/ Lente 2.8 Mm \/ 30 Mts Ir 30 Mts Luz Blanca \/ Micrfono Integrado \/ Ik08 \/ Acusense Lite \/ Exterior Ip67 \/ H.265 \/ Poe \/ Onvif + Env\u00edo a domicilio + Pago seguro + Garant\u00eda\" \/>\n<meta name=\"robots\" content=\"index, follow, max-snippet:-1, max-image-preview:large, max-video-preview:-1\" \/>\n<link rel=\"canonical\" href=\"https:\/\/compuviper.mx\/tienda\/producto\/hikvision-ds-2cd1183g2-liu-dual-light-domo-ip-8-megapixel-4k-lente-2-8-mm-30-mts-ir-30-mts-luz-blanca-micrfono-integrado-ik08-acusense-lite-exterior-ip67-h-265-poe-onvif\/\" \/>\n<meta property=\"og:locale\" content=\"es_MX\" \/>\n<meta property=\"og:type\" content=\"article\" \/>\n<meta property=\"og:title\" content=\"[ Hikvision ] &#129351; Ds-2cd1183g2-liu \/ Dual Light Domo Ip 8 Megapixel 4k \/ Lente 2.8 Mm \/ 30 Mts Ir 30 Mts Luz Blanca \/ Micrfono Integrado \/ Ik08 \/ Acusense Lite \/ Exterior Ip67 \/ H.265 \/ Poe \/ Onvif\" \/>\n<meta property=\"og:description\" content=\"Compra Ds-2cd1183g2-liu \/ Dual Light Domo Ip 8 Megapixel 4k \/ Lente 2.8 Mm \/ 30 Mts Ir 30 Mts Luz Blanca \/ Micrfono Integrado \/ Ik08 \/ Acusense Lite \/ Exterior Ip67 \/ H.265 \/ Poe \/ Onvif + Env\u00edo a domicilio + Pago seguro + Garant\u00eda\" \/>\n<meta property=\"og:url\" content=\"https:\/\/compuviper.mx\/tienda\/producto\/hikvision-ds-2cd1183g2-liu-dual-light-domo-ip-8-megapixel-4k-lente-2-8-mm-30-mts-ir-30-mts-luz-blanca-micrfono-integrado-ik08-acusense-lite-exterior-ip67-h-265-poe-onvif\/\" \/>\n<meta property=\"og:site_name\" content=\"Compuviper\" \/>\n<meta property=\"article:publisher\" content=\"https:\/\/www.facebook.com\/compuviper\" \/>\n<meta property=\"og:image\" content=\"https:\/\/compuviper.mx\/tienda\/wp-content\/uploads\/2025\/10\/Hikvision-dual-light-domo-ip-8-megapixel-4k-lente-2.8-mm-30-mts-ir-30-mts-luz-blanca-micrfono-integrado-ik08-acusense-lite-exterior-ip67-h.265-poe-onvif.jpg\" \/>\n\t<meta property=\"og:image:width\" content=\"200\" \/>\n\t<meta property=\"og:image:height\" content=\"200\" \/>\n\t<meta property=\"og:image:type\" content=\"image\/jpeg\" \/>\n<meta name=\"twitter:card\" content=\"summary_large_image\" \/>\n<meta name=\"twitter:label1\" content=\"Precio\" \/>\n\t<meta name=\"twitter:data1\" content=\"&#36;1,954 con IVA\" \/>\n\t<meta name=\"twitter:label2\" content=\"Availability\" \/>\n\t<meta name=\"twitter:data2\" content=\"Out of stock\" \/>\n<script type=\"application\/ld+json\" class=\"yoast-schema-graph\">{\"@context\":\"https:\/\/schema.org\",\"@graph\":[{\"@type\":\"WebPage\",\"@id\":\"https:\/\/compuviper.mx\/tienda\/producto\/hikvision-ds-2cd1183g2-liu-dual-light-domo-ip-8-megapixel-4k-lente-2-8-mm-30-mts-ir-30-mts-luz-blanca-micrfono-integrado-ik08-acusense-lite-exterior-ip67-h-265-poe-onvif\/\",\"url\":\"https:\/\/compuviper.mx\/tienda\/producto\/hikvision-ds-2cd1183g2-liu-dual-light-domo-ip-8-megapixel-4k-lente-2-8-mm-30-mts-ir-30-mts-luz-blanca-micrfono-integrado-ik08-acusense-lite-exterior-ip67-h-265-poe-onvif\/\",\"name\":\"[ Hikvision ] &#129351; Ds-2cd1183g2-liu \/ Dual Light Domo Ip 8 Megapixel 4k \/ Lente 2.8 Mm \/ 30 Mts Ir 30 Mts Luz Blanca \/ Micrfono Integrado \/ Ik08 \/ Acusense Lite \/ Exterior Ip67 \/ H.265 \/ Poe \/ Onvif\",\"isPartOf\":{\"@id\":\"https:\/\/compuviper.mx\/tienda\/#website\"},\"datePublished\":\"2026-04-23T06:15:56+00:00\",\"dateModified\":\"2026-04-23T06:15:56+00:00\",\"description\":\"Compra Ds-2cd1183g2-liu \/ Dual Light Domo Ip 8 Megapixel 4k \/ Lente 2.8 Mm \/ 30 Mts Ir 30 Mts Luz Blanca \/ Micrfono Integrado \/ Ik08 \/ Acusense Lite \/ Exterior Ip67 \/ H.265 \/ Poe \/ Onvif + Env\u00edo a domicilio + Pago seguro + Garant\u00eda\",\"breadcrumb\":{\"@id\":\"https:\/\/compuviper.mx\/tienda\/producto\/hikvision-ds-2cd1183g2-liu-dual-light-domo-ip-8-megapixel-4k-lente-2-8-mm-30-mts-ir-30-mts-luz-blanca-micrfono-integrado-ik08-acusense-lite-exterior-ip67-h-265-poe-onvif\/#breadcrumb\"},\"inLanguage\":\"es-MX\",\"potentialAction\":[{\"@type\":\"ReadAction\",\"target\":[\"https:\/\/compuviper.mx\/tienda\/producto\/hikvision-ds-2cd1183g2-liu-dual-light-domo-ip-8-megapixel-4k-lente-2-8-mm-30-mts-ir-30-mts-luz-blanca-micrfono-integrado-ik08-acusense-lite-exterior-ip67-h-265-poe-onvif\/\"]}]},{\"@type\":\"BreadcrumbList\",\"@id\":\"https:\/\/compuviper.mx\/tienda\/producto\/hikvision-ds-2cd1183g2-liu-dual-light-domo-ip-8-megapixel-4k-lente-2-8-mm-30-mts-ir-30-mts-luz-blanca-micrfono-integrado-ik08-acusense-lite-exterior-ip67-h-265-poe-onvif\/#breadcrumb\",\"itemListElement\":[{\"@type\":\"ListItem\",\"position\":1,\"name\":\"Inicio\",\"item\":\"https:\/\/compuviper.mx\/tienda\/\"},{\"@type\":\"ListItem\",\"position\":2,\"name\":\"Productos\",\"item\":\"https:\/\/compuviper.mx\/tienda\/productos\/\"},{\"@type\":\"ListItem\",\"position\":3,\"name\":\"Camaras\",\"item\":\"https:\/\/compuviper.mx\/tienda\/categoria-producto\/camaras-2\/\"},{\"@type\":\"ListItem\",\"position\":4,\"name\":\"Camara De Videovigilancia\",\"item\":\"https:\/\/compuviper.mx\/tienda\/categoria-producto\/camaras-2\/camara-de-videovigilancia\/\"},{\"@type\":\"ListItem\",\"position\":5,\"name\":\"Hikvision Ds-2cd1183g2-liu \/ Dual Light Domo Ip 8 Megapixel 4k \/ Lente 2.8 Mm \/ 30 Mts Ir 30 Mts Luz Blanca \/ Micrfono Integrado \/ Ik08 \/ Acusense Lite \/ Exterior Ip67 \/ H.265 \/ Poe \/ Onvif\"}]},{\"@type\":\"WebSite\",\"@id\":\"https:\/\/compuviper.mx\/tienda\/#website\",\"url\":\"https:\/\/compuviper.mx\/tienda\/\",\"name\":\"Compuviper\",\"description\":\"Proveedor de Computadoras, Laptops, Servidores, Monitores, Puntos de Venta, Teclados,   Impresoras, T\u00f3ner, C\u00e1maras de Seguridad y m\u00e1s en tu tienda en l\u00ednea\",\"publisher\":{\"@id\":\"https:\/\/compuviper.mx\/tienda\/#organization\"},\"potentialAction\":[{\"@type\":\"SearchAction\",\"target\":{\"@type\":\"EntryPoint\",\"urlTemplate\":\"https:\/\/compuviper.mx\/tienda\/?s={search_term_string}\"},\"query-input\":\"required name=search_term_string\"}],\"inLanguage\":\"es-MX\"},{\"@type\":\"Organization\",\"@id\":\"https:\/\/compuviper.mx\/tienda\/#organization\",\"name\":\"Compuviper\",\"url\":\"https:\/\/compuviper.mx\/tienda\/\",\"logo\":{\"@type\":\"ImageObject\",\"inLanguage\":\"es-MX\",\"@id\":\"https:\/\/compuviper.mx\/tienda\/#\/schema\/logo\/image\/\",\"url\":\"https:\/\/compuviper.mx\/tienda\/wp-content\/uploads\/2021\/08\/Logo-Compuviper-10.png\",\"contentUrl\":\"https:\/\/compuviper.mx\/tienda\/wp-content\/uploads\/2021\/08\/Logo-Compuviper-10.png\",\"width\":1000,\"height\":500,\"caption\":\"Compuviper\"},\"image\":{\"@id\":\"https:\/\/compuviper.mx\/tienda\/#\/schema\/logo\/image\/\"},\"sameAs\":[\"https:\/\/www.facebook.com\/compuviper\",\"https:\/\/www.youtube.com\/channel\/UCf73dERp9Y3cfOq7q8BhLjA?view_as=subscriber\"]}]}<\/script>\n<meta property=\"product:brand\" content=\"HIKVISION\" \/>\n<meta property=\"product:price:amount\" content=\"1954\" \/>\n<meta property=\"product:price:currency\" content=\"MXN\" \/>\n<meta property=\"og:availability\" content=\"out of stock\" \/>\n<meta property=\"product:availability\" content=\"out of stock\" \/>\n<meta property=\"product:retailer_item_id\" content=\"DS-2CD1183G2-LIU\" \/>\n<meta property=\"product:condition\" content=\"new\" \/>\n<!-- \/ Yoast SEO plugin. -->","yoast_head_json":{"title":"[ Hikvision ] &#129351; Ds-2cd1183g2-liu \/ Dual Light Domo Ip 8 Megapixel 4k \/ Lente 2.8 Mm \/ 30 Mts Ir 30 Mts Luz Blanca \/ Micrfono Integrado \/ Ik08 \/ Acusense Lite \/ Exterior Ip67 \/ H.265 \/ Poe \/ Onvif","description":"Compra Ds-2cd1183g2-liu \/ Dual Light Domo Ip 8 Megapixel 4k \/ Lente 2.8 Mm \/ 30 Mts Ir 30 Mts Luz Blanca \/ Micrfono Integrado \/ Ik08 \/ Acusense Lite \/ Exterior Ip67 \/ H.265 \/ Poe \/ Onvif + Env\u00edo a domicilio + Pago seguro + Garant\u00eda","robots":{"index":"index","follow":"follow","max-snippet":"max-snippet:-1","max-image-preview":"max-image-preview:large","max-video-preview":"max-video-preview:-1"},"canonical":"https:\/\/compuviper.mx\/tienda\/producto\/hikvision-ds-2cd1183g2-liu-dual-light-domo-ip-8-megapixel-4k-lente-2-8-mm-30-mts-ir-30-mts-luz-blanca-micrfono-integrado-ik08-acusense-lite-exterior-ip67-h-265-poe-onvif\/","og_locale":"es_MX","og_type":"article","og_title":"[ Hikvision ] &#129351; Ds-2cd1183g2-liu \/ Dual Light Domo Ip 8 Megapixel 4k \/ Lente 2.8 Mm \/ 30 Mts Ir 30 Mts Luz Blanca \/ Micrfono Integrado \/ Ik08 \/ Acusense Lite \/ Exterior Ip67 \/ H.265 \/ Poe \/ Onvif","og_description":"Compra Ds-2cd1183g2-liu \/ Dual Light Domo Ip 8 Megapixel 4k \/ Lente 2.8 Mm \/ 30 Mts Ir 30 Mts Luz Blanca \/ Micrfono Integrado \/ Ik08 \/ Acusense Lite \/ Exterior Ip67 \/ H.265 \/ Poe \/ Onvif + Env\u00edo a domicilio + Pago seguro + Garant\u00eda","og_url":"https:\/\/compuviper.mx\/tienda\/producto\/hikvision-ds-2cd1183g2-liu-dual-light-domo-ip-8-megapixel-4k-lente-2-8-mm-30-mts-ir-30-mts-luz-blanca-micrfono-integrado-ik08-acusense-lite-exterior-ip67-h-265-poe-onvif\/","og_site_name":"Compuviper","article_publisher":"https:\/\/www.facebook.com\/compuviper","og_image":[{"width":200,"height":200,"url":"https:\/\/compuviper.mx\/tienda\/wp-content\/uploads\/2025\/10\/Hikvision-dual-light-domo-ip-8-megapixel-4k-lente-2.8-mm-30-mts-ir-30-mts-luz-blanca-micrfono-integrado-ik08-acusense-lite-exterior-ip67-h.265-poe-onvif.jpg","type":"image\/jpeg"}],"twitter_card":"summary_large_image","twitter_misc":{"Precio":"&#36;1,954 con IVA","Availability":"Out of stock"},"schema":{"@context":"https:\/\/schema.org","@graph":[{"@type":"WebPage","@id":"https:\/\/compuviper.mx\/tienda\/producto\/hikvision-ds-2cd1183g2-liu-dual-light-domo-ip-8-megapixel-4k-lente-2-8-mm-30-mts-ir-30-mts-luz-blanca-micrfono-integrado-ik08-acusense-lite-exterior-ip67-h-265-poe-onvif\/","url":"https:\/\/compuviper.mx\/tienda\/producto\/hikvision-ds-2cd1183g2-liu-dual-light-domo-ip-8-megapixel-4k-lente-2-8-mm-30-mts-ir-30-mts-luz-blanca-micrfono-integrado-ik08-acusense-lite-exterior-ip67-h-265-poe-onvif\/","name":"[ Hikvision ] &#129351; Ds-2cd1183g2-liu \/ Dual Light Domo Ip 8 Megapixel 4k \/ Lente 2.8 Mm \/ 30 Mts Ir 30 Mts Luz Blanca \/ Micrfono Integrado \/ Ik08 \/ Acusense Lite \/ Exterior Ip67 \/ H.265 \/ Poe \/ Onvif","isPartOf":{"@id":"https:\/\/compuviper.mx\/tienda\/#website"},"datePublished":"2026-04-23T06:15:56+00:00","dateModified":"2026-04-23T06:15:56+00:00","description":"Compra Ds-2cd1183g2-liu \/ Dual Light Domo Ip 8 Megapixel 4k \/ Lente 2.8 Mm \/ 30 Mts Ir 30 Mts Luz Blanca \/ Micrfono Integrado \/ Ik08 \/ Acusense Lite \/ Exterior Ip67 \/ H.265 \/ Poe \/ Onvif + Env\u00edo a domicilio + Pago seguro + Garant\u00eda","breadcrumb":{"@id":"https:\/\/compuviper.mx\/tienda\/producto\/hikvision-ds-2cd1183g2-liu-dual-light-domo-ip-8-megapixel-4k-lente-2-8-mm-30-mts-ir-30-mts-luz-blanca-micrfono-integrado-ik08-acusense-lite-exterior-ip67-h-265-poe-onvif\/#breadcrumb"},"inLanguage":"es-MX","potentialAction":[{"@type":"ReadAction","target":["https:\/\/compuviper.mx\/tienda\/producto\/hikvision-ds-2cd1183g2-liu-dual-light-domo-ip-8-megapixel-4k-lente-2-8-mm-30-mts-ir-30-mts-luz-blanca-micrfono-integrado-ik08-acusense-lite-exterior-ip67-h-265-poe-onvif\/"]}]},{"@type":"BreadcrumbList","@id":"https:\/\/compuviper.mx\/tienda\/producto\/hikvision-ds-2cd1183g2-liu-dual-light-domo-ip-8-megapixel-4k-lente-2-8-mm-30-mts-ir-30-mts-luz-blanca-micrfono-integrado-ik08-acusense-lite-exterior-ip67-h-265-poe-onvif\/#breadcrumb","itemListElement":[{"@type":"ListItem","position":1,"name":"Inicio","item":"https:\/\/compuviper.mx\/tienda\/"},{"@type":"ListItem","position":2,"name":"Productos","item":"https:\/\/compuviper.mx\/tienda\/productos\/"},{"@type":"ListItem","position":3,"name":"Camaras","item":"https:\/\/compuviper.mx\/tienda\/categoria-producto\/camaras-2\/"},{"@type":"ListItem","position":4,"name":"Camara De Videovigilancia","item":"https:\/\/compuviper.mx\/tienda\/categoria-producto\/camaras-2\/camara-de-videovigilancia\/"},{"@type":"ListItem","position":5,"name":"Hikvision Ds-2cd1183g2-liu \/ Dual Light Domo Ip 8 Megapixel 4k \/ Lente 2.8 Mm \/ 30 Mts Ir 30 Mts Luz Blanca \/ Micrfono Integrado \/ Ik08 \/ Acusense Lite \/ Exterior Ip67 \/ H.265 \/ Poe \/ Onvif"}]},{"@type":"WebSite","@id":"https:\/\/compuviper.mx\/tienda\/#website","url":"https:\/\/compuviper.mx\/tienda\/","name":"Compuviper","description":"Proveedor de Computadoras, Laptops, Servidores, Monitores, Puntos de Venta, Teclados,   Impresoras, T\u00f3ner, C\u00e1maras de Seguridad y m\u00e1s en tu tienda en l\u00ednea","publisher":{"@id":"https:\/\/compuviper.mx\/tienda\/#organization"},"potentialAction":[{"@type":"SearchAction","target":{"@type":"EntryPoint","urlTemplate":"https:\/\/compuviper.mx\/tienda\/?s={search_term_string}"},"query-input":"required name=search_term_string"}],"inLanguage":"es-MX"},{"@type":"Organization","@id":"https:\/\/compuviper.mx\/tienda\/#organization","name":"Compuviper","url":"https:\/\/compuviper.mx\/tienda\/","logo":{"@type":"ImageObject","inLanguage":"es-MX","@id":"https:\/\/compuviper.mx\/tienda\/#\/schema\/logo\/image\/","url":"https:\/\/compuviper.mx\/tienda\/wp-content\/uploads\/2021\/08\/Logo-Compuviper-10.png","contentUrl":"https:\/\/compuviper.mx\/tienda\/wp-content\/uploads\/2021\/08\/Logo-Compuviper-10.png","width":1000,"height":500,"caption":"Compuviper"},"image":{"@id":"https:\/\/compuviper.mx\/tienda\/#\/schema\/logo\/image\/"},"sameAs":["https:\/\/www.facebook.com\/compuviper","https:\/\/www.youtube.com\/channel\/UCf73dERp9Y3cfOq7q8BhLjA?view_as=subscriber"]}]},"product_brand":"HIKVISION","product_price_amount":"1954","product_price_currency":"MXN","og_availability":"out of stock","product_availability":"out of stock","product_retailer_item_id":"DS-2CD1183G2-LIU","product_condition":"new"},"_links":{"self":[{"href":"https:\/\/compuviper.mx\/tienda\/wp-json\/wp\/v2\/product\/256094"}],"collection":[{"href":"https:\/\/compuviper.mx\/tienda\/wp-json\/wp\/v2\/product"}],"about":[{"href":"https:\/\/compuviper.mx\/tienda\/wp-json\/wp\/v2\/types\/product"}],"replies":[{"embeddable":true,"href":"https:\/\/compuviper.mx\/tienda\/wp-json\/wp\/v2\/comments?post=256094"}],"wp:featuredmedia":[{"embeddable":true,"href":"https:\/\/compuviper.mx\/tienda\/wp-json\/wp\/v2\/media\/259461"}],"wp:attachment":[{"href":"https:\/\/compuviper.mx\/tienda\/wp-json\/wp\/v2\/media?parent=256094"}],"wp:term":[{"taxonomy":"product_cat","embeddable":true,"href":"https:\/\/compuviper.mx\/tienda\/wp-json\/wp\/v2\/product_cat?post=256094"},{"taxonomy":"product_tag","embeddable":true,"href":"https:\/\/compuviper.mx\/tienda\/wp-json\/wp\/v2\/product_tag?post=256094"}],"curies":[{"name":"wp","href":"https:\/\/api.w.org\/{rel}","templated":true}]}}