{"id":256075,"date":"2026-04-06T23:35:07","date_gmt":"2026-04-07T05:35:07","guid":{"rendered":"https:\/\/compuviper.mx\/tienda\/producto\/startech-com-hb31c2a1cgs-hub-usb-c-3-puertos-2-usba-usbc-usb-3-1-gen-2-10gbps-autoalimentado-eliminador-regulado-mod\/"},"modified":"2026-04-06T23:35:07","modified_gmt":"2026-04-07T05:35:07","slug":"startech-com-hb31c2a1cgs-hub-usb-c-3-puertos-2-usba-usbc-usb-3-1-gen-2-10gbps-autoalimentado-eliminador-regulado-mod","status":"publish","type":"product","link":"https:\/\/compuviper.mx\/tienda\/producto\/startech-com-hb31c2a1cgs-hub-usb-c-3-puertos-2-usba-usbc-usb-3-1-gen-2-10gbps-autoalimentado-eliminador-regulado-mod\/","title":{"rendered":"Startech.com Hb31c2a1cgs Hub Usb-c &#8211; 3 Puertos 2 Usba Usbc &#8211; Usb 3.1 Gen 2 10gbps &#8211; Autoalimentado &#8211; Eliminador Regulado  &#8211;  Mod."},"content":{"rendered":"<table class=\"descripcion\">\n<tr>\n<td>Conectores<\/td>\n<\/tr>\n<tr>\n<td>Usb 3.1 usb type-a gen 2, 10gbps<\/td>\n<\/tr>\n<tr>\n<td>Usb 3.1 usb type c gen 2, 10 gbps<\/td>\n<\/tr>\n<tr>\n<td>Rj-45<\/td>\n<\/tr>\n<tr>\n<td>Hardware<\/td>\n<\/tr>\n<tr>\n<td>Puertos: 3<\/td>\n<\/tr>\n<tr>\n<td>Estndares industriales: usb 3.2 gen 2 &#8211; retrocompatible con usb 3.0, 2.0 y 1.1<\/td>\n<\/tr>\n<tr>\n<td>Id del conjunto de chips: realtek &#8211; rtl5428<\/td>\n<\/tr>\n<tr>\n<td>Realtek &#8211; rtl8153b<\/td>\n<\/tr>\n<tr>\n<td>Interfaz: usb 3.1 gen 2<\/td>\n<\/tr>\n<tr>\n<td>Puerto usb-c: s<\/td>\n<\/tr>\n<tr>\n<td>Tipo de bus: usb 3.1 gen 2<\/td>\n<\/tr>\n<tr>\n<td>Usb 3.0 pass through: s<\/td>\n<\/tr>\n<tr>\n<td>Rendimiento<\/td>\n<\/tr>\n<tr>\n<td>Soporte para multiplicador de puertos: s<\/td>\n<\/tr>\n<tr>\n<td>Charging modes: charging downstream port cdp \/ dedicated charging port dcp<\/td>\n<\/tr>\n<tr>\n<td>Supported charging outputs: apple 1a \/ apple 2.4a \/  bc 1.2 1.5a<\/td>\n<\/tr>\n<tr>\n<td>Tasa de transferencia mx: 10 gbps<\/td>\n<\/tr>\n<tr>\n<td>Tipo y velocidad: usb 3.1 gen 2 &#8211; 10 gbit\/s<\/td>\n<\/tr>\n<tr>\n<td>Total available power output: 24w<\/td>\n<\/tr>\n<tr>\n<td>Soporte full duplex : s<\/td>\n<\/tr>\n<tr>\n<td>Redes compatibles: 10\/100\/1000 mbps<\/td>\n<\/tr>\n<tr>\n<td>Mdix automtico: s<\/td>\n<\/tr>\n<tr>\n<td>Compatibilidad con uasp: s<\/td>\n<\/tr>\n<tr>\n<td>Caractersticas fsicas<\/td>\n<\/tr>\n<tr>\n<td>Tipo de gabinete: aluminio y plstico<\/td>\n<\/tr>\n<tr>\n<td>Peso del producto: 87 g<\/td>\n<\/tr>\n<tr>\n<td>Longitud: 10 cm<\/td>\n<\/tr>\n<tr>\n<td>Ancho: 6 cm<\/td>\n<\/tr>\n<tr>\n<td>Altura: 2.5 cm<\/td>\n<\/tr>\n<tr>\n<td>Longitud del cable: 1 m<\/td>\n<\/tr>\n<tr>\n<td>Factor de forma: de escritorio<\/td>\n<\/tr>\n<tr>\n<td>Color: negro y gris espacial<\/td>\n<\/tr>\n<\/table>\n","protected":false},"excerpt":{"rendered":"<p>Expanda la conectividad de su laptop equipada\u00a0con usb-c\u00a0mediante este concentrador usb-c 3.1 and 8239;gen 2 de nueva generacin. Este hub le\u00a0ofrece 10gbps and 8239;de ancho de banda, para mayor compatibilidad con\u00a0dispositivos conectados y velocidades de transferencia de datos, ms rpidas. Este concentrador de 3 puertos usb-c con autoalimentacin, se conecta con el puerto usb type-c\u0099 o thunderbolt\u0099 3 de su dispositivo, agregando un puerto lan, un puerto usb-c y dos puertos usb-a, a fin de conectar rpidamente ms dispositivos usb.?. Para conexiones de\u00a0red ms rpidas e ininterrumpidas, el puerto\u00a0integrado ethernet gigabit del concentrador usb 3.1 gen 2 permite el acceso por cable.\u00a0totalmente compatible con las normas ieee 802.3\/u\/ab. El puerto\u00a0gbe\u00a0tambin es compatible con la funcin wol wake-on-lan, reinicio mediante red, a fin de reiniciar a distancia su laptop\u00a0a travs de su red.\u00a0el diseo compacto y ligero del hub\u00a0usb-type-c lo convierten en un\u00a0complemento\u00a0prctico y porttil para su laptop.<\/p>\n","protected":false},"featured_media":257656,"comment_status":"open","ping_status":"open","template":"","meta":[],"product_cat":[1485,1506],"product_tag":[1590],"acf":[],"yoast_head":"<!-- This site is optimized with the Yoast SEO plugin v21.7 - https:\/\/yoast.com\/wordpress\/plugins\/seo\/ -->\n<title>[ Startech.com ] &#129351; Hb31c2a1cgs Hub Usb-c - 3 Puertos 2 Usba Usbc - Usb 3.1 Gen 2 10gbps - Autoalimentado - Eliminador Regulado - Mod.<\/title>\n<meta name=\"description\" content=\"Compra Hb31c2a1cgs Hub Usb-c - 3 Puertos 2 Usba Usbc - Usb 3.1 Gen 2 10gbps - Autoalimentado - Eliminador Regulado - Mod. + Env\u00edo a domicilio + Pago seguro + Garant\u00eda\" \/>\n<meta name=\"robots\" content=\"index, follow, max-snippet:-1, max-image-preview:large, max-video-preview:-1\" \/>\n<link rel=\"canonical\" href=\"https:\/\/compuviper.mx\/tienda\/producto\/startech-com-hb31c2a1cgs-hub-usb-c-3-puertos-2-usba-usbc-usb-3-1-gen-2-10gbps-autoalimentado-eliminador-regulado-mod\/\" \/>\n<meta property=\"og:locale\" content=\"es_MX\" \/>\n<meta property=\"og:type\" content=\"article\" \/>\n<meta property=\"og:title\" content=\"[ Startech.com ] &#129351; Hb31c2a1cgs Hub Usb-c - 3 Puertos 2 Usba Usbc - Usb 3.1 Gen 2 10gbps - Autoalimentado - Eliminador Regulado - Mod.\" \/>\n<meta property=\"og:description\" content=\"Compra Hb31c2a1cgs Hub Usb-c - 3 Puertos 2 Usba Usbc - Usb 3.1 Gen 2 10gbps - Autoalimentado - Eliminador Regulado - Mod. + Env\u00edo a domicilio + Pago seguro + Garant\u00eda\" \/>\n<meta property=\"og:url\" content=\"https:\/\/compuviper.mx\/tienda\/producto\/startech-com-hb31c2a1cgs-hub-usb-c-3-puertos-2-usba-usbc-usb-3-1-gen-2-10gbps-autoalimentado-eliminador-regulado-mod\/\" \/>\n<meta property=\"og:site_name\" content=\"Compuviper\" \/>\n<meta property=\"article:publisher\" content=\"https:\/\/www.facebook.com\/compuviper\" \/>\n<meta property=\"og:image\" content=\"https:\/\/compuviper.mx\/tienda\/wp-content\/uploads\/2025\/09\/Hub-usb-c-3-puertos-2-usba-usbc-usb-3.1-gen-2-10gbps-autoalimentado-eliminador-regulado-hb31c2a1cgs-startech.com-mod.-hb31c2a1cgs.jpg\" \/>\n\t<meta property=\"og:image:width\" content=\"200\" \/>\n\t<meta property=\"og:image:height\" content=\"200\" \/>\n\t<meta property=\"og:image:type\" content=\"image\/jpeg\" \/>\n<meta name=\"twitter:card\" content=\"summary_large_image\" \/>\n<meta name=\"twitter:label1\" content=\"Precio\" \/>\n\t<meta name=\"twitter:data1\" content=\"&#36;1,612 con IVA\" \/>\n\t<meta name=\"twitter:label2\" content=\"Availability\" \/>\n\t<meta name=\"twitter:data2\" content=\"Out of stock\" \/>\n<script type=\"application\/ld+json\" class=\"yoast-schema-graph\">{\"@context\":\"https:\/\/schema.org\",\"@graph\":[{\"@type\":\"WebPage\",\"@id\":\"https:\/\/compuviper.mx\/tienda\/producto\/startech-com-hb31c2a1cgs-hub-usb-c-3-puertos-2-usba-usbc-usb-3-1-gen-2-10gbps-autoalimentado-eliminador-regulado-mod\/\",\"url\":\"https:\/\/compuviper.mx\/tienda\/producto\/startech-com-hb31c2a1cgs-hub-usb-c-3-puertos-2-usba-usbc-usb-3-1-gen-2-10gbps-autoalimentado-eliminador-regulado-mod\/\",\"name\":\"[ Startech.com ] &#129351; Hb31c2a1cgs Hub Usb-c - 3 Puertos 2 Usba Usbc - Usb 3.1 Gen 2 10gbps - Autoalimentado - Eliminador Regulado - Mod.\",\"isPartOf\":{\"@id\":\"https:\/\/compuviper.mx\/tienda\/#website\"},\"datePublished\":\"2026-04-07T05:35:07+00:00\",\"dateModified\":\"2026-04-07T05:35:07+00:00\",\"description\":\"Compra Hb31c2a1cgs Hub Usb-c - 3 Puertos 2 Usba Usbc - Usb 3.1 Gen 2 10gbps - Autoalimentado - Eliminador Regulado - Mod. + Env\u00edo a domicilio + Pago seguro + Garant\u00eda\",\"breadcrumb\":{\"@id\":\"https:\/\/compuviper.mx\/tienda\/producto\/startech-com-hb31c2a1cgs-hub-usb-c-3-puertos-2-usba-usbc-usb-3-1-gen-2-10gbps-autoalimentado-eliminador-regulado-mod\/#breadcrumb\"},\"inLanguage\":\"es-MX\",\"potentialAction\":[{\"@type\":\"ReadAction\",\"target\":[\"https:\/\/compuviper.mx\/tienda\/producto\/startech-com-hb31c2a1cgs-hub-usb-c-3-puertos-2-usba-usbc-usb-3-1-gen-2-10gbps-autoalimentado-eliminador-regulado-mod\/\"]}]},{\"@type\":\"BreadcrumbList\",\"@id\":\"https:\/\/compuviper.mx\/tienda\/producto\/startech-com-hb31c2a1cgs-hub-usb-c-3-puertos-2-usba-usbc-usb-3-1-gen-2-10gbps-autoalimentado-eliminador-regulado-mod\/#breadcrumb\",\"itemListElement\":[{\"@type\":\"ListItem\",\"position\":1,\"name\":\"Inicio\",\"item\":\"https:\/\/compuviper.mx\/tienda\/\"},{\"@type\":\"ListItem\",\"position\":2,\"name\":\"Productos\",\"item\":\"https:\/\/compuviper.mx\/tienda\/productos\/\"},{\"@type\":\"ListItem\",\"position\":3,\"name\":\"Accesorios\",\"item\":\"https:\/\/compuviper.mx\/tienda\/categoria-producto\/accesorios\/\"},{\"@type\":\"ListItem\",\"position\":4,\"name\":\"Conectividad\",\"item\":\"https:\/\/compuviper.mx\/tienda\/categoria-producto\/accesorios\/conectividad\/\"},{\"@type\":\"ListItem\",\"position\":5,\"name\":\"Startech.com Hb31c2a1cgs Hub Usb-c &#8211; 3 Puertos 2 Usba Usbc &#8211; Usb 3.1 Gen 2 10gbps &#8211; Autoalimentado &#8211; Eliminador Regulado &#8211; Mod.\"}]},{\"@type\":\"WebSite\",\"@id\":\"https:\/\/compuviper.mx\/tienda\/#website\",\"url\":\"https:\/\/compuviper.mx\/tienda\/\",\"name\":\"Compuviper\",\"description\":\"Proveedor de Computadoras, Laptops, Servidores, Monitores, Puntos de Venta, Teclados,   Impresoras, T\u00f3ner, C\u00e1maras de Seguridad y m\u00e1s en tu tienda en l\u00ednea\",\"publisher\":{\"@id\":\"https:\/\/compuviper.mx\/tienda\/#organization\"},\"potentialAction\":[{\"@type\":\"SearchAction\",\"target\":{\"@type\":\"EntryPoint\",\"urlTemplate\":\"https:\/\/compuviper.mx\/tienda\/?s={search_term_string}\"},\"query-input\":\"required name=search_term_string\"}],\"inLanguage\":\"es-MX\"},{\"@type\":\"Organization\",\"@id\":\"https:\/\/compuviper.mx\/tienda\/#organization\",\"name\":\"Compuviper\",\"url\":\"https:\/\/compuviper.mx\/tienda\/\",\"logo\":{\"@type\":\"ImageObject\",\"inLanguage\":\"es-MX\",\"@id\":\"https:\/\/compuviper.mx\/tienda\/#\/schema\/logo\/image\/\",\"url\":\"https:\/\/compuviper.mx\/tienda\/wp-content\/uploads\/2021\/08\/Logo-Compuviper-10.png\",\"contentUrl\":\"https:\/\/compuviper.mx\/tienda\/wp-content\/uploads\/2021\/08\/Logo-Compuviper-10.png\",\"width\":1000,\"height\":500,\"caption\":\"Compuviper\"},\"image\":{\"@id\":\"https:\/\/compuviper.mx\/tienda\/#\/schema\/logo\/image\/\"},\"sameAs\":[\"https:\/\/www.facebook.com\/compuviper\",\"https:\/\/www.youtube.com\/channel\/UCf73dERp9Y3cfOq7q8BhLjA?view_as=subscriber\"]}]}<\/script>\n<meta property=\"product:brand\" content=\"STARTECH.COM\" \/>\n<meta property=\"product:price:amount\" content=\"1612\" \/>\n<meta property=\"product:price:currency\" content=\"MXN\" \/>\n<meta property=\"og:availability\" content=\"out of stock\" \/>\n<meta property=\"product:availability\" content=\"out of stock\" \/>\n<meta property=\"product:retailer_item_id\" content=\"HB31C2A1CGS\" \/>\n<meta property=\"product:condition\" content=\"new\" \/>\n<!-- \/ Yoast SEO plugin. -->","yoast_head_json":{"title":"[ Startech.com ] &#129351; Hb31c2a1cgs Hub Usb-c - 3 Puertos 2 Usba Usbc - Usb 3.1 Gen 2 10gbps - Autoalimentado - Eliminador Regulado - Mod.","description":"Compra Hb31c2a1cgs Hub Usb-c - 3 Puertos 2 Usba Usbc - Usb 3.1 Gen 2 10gbps - Autoalimentado - Eliminador Regulado - Mod. + Env\u00edo a domicilio + Pago seguro + Garant\u00eda","robots":{"index":"index","follow":"follow","max-snippet":"max-snippet:-1","max-image-preview":"max-image-preview:large","max-video-preview":"max-video-preview:-1"},"canonical":"https:\/\/compuviper.mx\/tienda\/producto\/startech-com-hb31c2a1cgs-hub-usb-c-3-puertos-2-usba-usbc-usb-3-1-gen-2-10gbps-autoalimentado-eliminador-regulado-mod\/","og_locale":"es_MX","og_type":"article","og_title":"[ Startech.com ] &#129351; Hb31c2a1cgs Hub Usb-c - 3 Puertos 2 Usba Usbc - Usb 3.1 Gen 2 10gbps - Autoalimentado - Eliminador Regulado - Mod.","og_description":"Compra Hb31c2a1cgs Hub Usb-c - 3 Puertos 2 Usba Usbc - Usb 3.1 Gen 2 10gbps - Autoalimentado - Eliminador Regulado - Mod. + Env\u00edo a domicilio + Pago seguro + Garant\u00eda","og_url":"https:\/\/compuviper.mx\/tienda\/producto\/startech-com-hb31c2a1cgs-hub-usb-c-3-puertos-2-usba-usbc-usb-3-1-gen-2-10gbps-autoalimentado-eliminador-regulado-mod\/","og_site_name":"Compuviper","article_publisher":"https:\/\/www.facebook.com\/compuviper","og_image":[{"width":200,"height":200,"url":"https:\/\/compuviper.mx\/tienda\/wp-content\/uploads\/2025\/09\/Hub-usb-c-3-puertos-2-usba-usbc-usb-3.1-gen-2-10gbps-autoalimentado-eliminador-regulado-hb31c2a1cgs-startech.com-mod.-hb31c2a1cgs.jpg","type":"image\/jpeg"}],"twitter_card":"summary_large_image","twitter_misc":{"Precio":"&#36;1,612 con IVA","Availability":"Out of stock"},"schema":{"@context":"https:\/\/schema.org","@graph":[{"@type":"WebPage","@id":"https:\/\/compuviper.mx\/tienda\/producto\/startech-com-hb31c2a1cgs-hub-usb-c-3-puertos-2-usba-usbc-usb-3-1-gen-2-10gbps-autoalimentado-eliminador-regulado-mod\/","url":"https:\/\/compuviper.mx\/tienda\/producto\/startech-com-hb31c2a1cgs-hub-usb-c-3-puertos-2-usba-usbc-usb-3-1-gen-2-10gbps-autoalimentado-eliminador-regulado-mod\/","name":"[ Startech.com ] &#129351; Hb31c2a1cgs Hub Usb-c - 3 Puertos 2 Usba Usbc - Usb 3.1 Gen 2 10gbps - Autoalimentado - Eliminador Regulado - Mod.","isPartOf":{"@id":"https:\/\/compuviper.mx\/tienda\/#website"},"datePublished":"2026-04-07T05:35:07+00:00","dateModified":"2026-04-07T05:35:07+00:00","description":"Compra Hb31c2a1cgs Hub Usb-c - 3 Puertos 2 Usba Usbc - Usb 3.1 Gen 2 10gbps - Autoalimentado - Eliminador Regulado - Mod. + Env\u00edo a domicilio + Pago seguro + Garant\u00eda","breadcrumb":{"@id":"https:\/\/compuviper.mx\/tienda\/producto\/startech-com-hb31c2a1cgs-hub-usb-c-3-puertos-2-usba-usbc-usb-3-1-gen-2-10gbps-autoalimentado-eliminador-regulado-mod\/#breadcrumb"},"inLanguage":"es-MX","potentialAction":[{"@type":"ReadAction","target":["https:\/\/compuviper.mx\/tienda\/producto\/startech-com-hb31c2a1cgs-hub-usb-c-3-puertos-2-usba-usbc-usb-3-1-gen-2-10gbps-autoalimentado-eliminador-regulado-mod\/"]}]},{"@type":"BreadcrumbList","@id":"https:\/\/compuviper.mx\/tienda\/producto\/startech-com-hb31c2a1cgs-hub-usb-c-3-puertos-2-usba-usbc-usb-3-1-gen-2-10gbps-autoalimentado-eliminador-regulado-mod\/#breadcrumb","itemListElement":[{"@type":"ListItem","position":1,"name":"Inicio","item":"https:\/\/compuviper.mx\/tienda\/"},{"@type":"ListItem","position":2,"name":"Productos","item":"https:\/\/compuviper.mx\/tienda\/productos\/"},{"@type":"ListItem","position":3,"name":"Accesorios","item":"https:\/\/compuviper.mx\/tienda\/categoria-producto\/accesorios\/"},{"@type":"ListItem","position":4,"name":"Conectividad","item":"https:\/\/compuviper.mx\/tienda\/categoria-producto\/accesorios\/conectividad\/"},{"@type":"ListItem","position":5,"name":"Startech.com Hb31c2a1cgs Hub Usb-c &#8211; 3 Puertos 2 Usba Usbc &#8211; Usb 3.1 Gen 2 10gbps &#8211; Autoalimentado &#8211; Eliminador Regulado &#8211; Mod."}]},{"@type":"WebSite","@id":"https:\/\/compuviper.mx\/tienda\/#website","url":"https:\/\/compuviper.mx\/tienda\/","name":"Compuviper","description":"Proveedor de Computadoras, Laptops, Servidores, Monitores, Puntos de Venta, Teclados,   Impresoras, T\u00f3ner, C\u00e1maras de Seguridad y m\u00e1s en tu tienda en l\u00ednea","publisher":{"@id":"https:\/\/compuviper.mx\/tienda\/#organization"},"potentialAction":[{"@type":"SearchAction","target":{"@type":"EntryPoint","urlTemplate":"https:\/\/compuviper.mx\/tienda\/?s={search_term_string}"},"query-input":"required name=search_term_string"}],"inLanguage":"es-MX"},{"@type":"Organization","@id":"https:\/\/compuviper.mx\/tienda\/#organization","name":"Compuviper","url":"https:\/\/compuviper.mx\/tienda\/","logo":{"@type":"ImageObject","inLanguage":"es-MX","@id":"https:\/\/compuviper.mx\/tienda\/#\/schema\/logo\/image\/","url":"https:\/\/compuviper.mx\/tienda\/wp-content\/uploads\/2021\/08\/Logo-Compuviper-10.png","contentUrl":"https:\/\/compuviper.mx\/tienda\/wp-content\/uploads\/2021\/08\/Logo-Compuviper-10.png","width":1000,"height":500,"caption":"Compuviper"},"image":{"@id":"https:\/\/compuviper.mx\/tienda\/#\/schema\/logo\/image\/"},"sameAs":["https:\/\/www.facebook.com\/compuviper","https:\/\/www.youtube.com\/channel\/UCf73dERp9Y3cfOq7q8BhLjA?view_as=subscriber"]}]},"product_brand":"STARTECH.COM","product_price_amount":"1612","product_price_currency":"MXN","og_availability":"out of stock","product_availability":"out of stock","product_retailer_item_id":"HB31C2A1CGS","product_condition":"new"},"_links":{"self":[{"href":"https:\/\/compuviper.mx\/tienda\/wp-json\/wp\/v2\/product\/256075"}],"collection":[{"href":"https:\/\/compuviper.mx\/tienda\/wp-json\/wp\/v2\/product"}],"about":[{"href":"https:\/\/compuviper.mx\/tienda\/wp-json\/wp\/v2\/types\/product"}],"replies":[{"embeddable":true,"href":"https:\/\/compuviper.mx\/tienda\/wp-json\/wp\/v2\/comments?post=256075"}],"wp:featuredmedia":[{"embeddable":true,"href":"https:\/\/compuviper.mx\/tienda\/wp-json\/wp\/v2\/media\/257656"}],"wp:attachment":[{"href":"https:\/\/compuviper.mx\/tienda\/wp-json\/wp\/v2\/media?parent=256075"}],"wp:term":[{"taxonomy":"product_cat","embeddable":true,"href":"https:\/\/compuviper.mx\/tienda\/wp-json\/wp\/v2\/product_cat?post=256075"},{"taxonomy":"product_tag","embeddable":true,"href":"https:\/\/compuviper.mx\/tienda\/wp-json\/wp\/v2\/product_tag?post=256075"}],"curies":[{"name":"wp","href":"https:\/\/api.w.org\/{rel}","templated":true}]}}