{"id":255954,"date":"2026-04-25T00:40:24","date_gmt":"2026-04-25T06:40:24","guid":{"rendered":"https:\/\/compuviper.mx\/tienda\/producto\/gigabyte-a620m-h-tarjeta-madre-socket-am5-ddr5-dp-hdmi-micro-atx-gama-basica\/"},"modified":"2026-04-26T00:00:19","modified_gmt":"2026-04-26T06:00:19","slug":"gigabyte-a620m-h-tarjeta-madre-socket-am5-ddr5-dp-hdmi-micro-atx-gama-basica","status":"publish","type":"product","link":"https:\/\/compuviper.mx\/tienda\/producto\/gigabyte-a620m-h-tarjeta-madre-socket-am5-ddr5-dp-hdmi-micro-atx-gama-basica\/","title":{"rendered":"Gigabyte A620m H Tarjeta Madre   \/ Socket Am5 \/ Ddr5 \/ Dp \/ Hdmi \/ Micro Atx \/ Gama Basica"},"content":{"rendered":"<table class=\"descripcion\">\n<tr>\n<td>Procesador<\/td>\n<\/tr>\n<tr>\n<td>Amd socket am5, soporte para: procesadores amd ryzen\u0099 7000\/ ryzen\u0099 8000 series<\/td>\n<\/tr>\n<tr>\n<td>(consulte la lista de compatibilidad de cpu para obtener m\u00e1s informaci\u00f3n).<\/td>\n<\/tr>\n<tr>\n<td>Conjunto de chips<\/td>\n<\/tr>\n<tr>\n<td>Amd a620<\/td>\n<\/tr>\n<tr>\n<td>Memoria<\/td>\n<\/tr>\n<tr>\n<td>Compatibilidad con m\u00f3dulos de memoria ddr5 6400(oc)\/6200(oc)\/6000(oc)\/5600(oc)\/5200\/4800\/4400 mt\/s<\/td>\n<\/tr>\n<tr>\n<td>2 x z\u00f3calos dimm ddr5 que admiten hasta 96 gb (48 gb de capacidad dimm \u00fanica) de memoria del sistema<\/td>\n<\/tr>\n<tr>\n<td>Arquitectura de memoria de doble canal<\/td>\n<\/tr>\n<tr>\n<td>Compatibilidad con m\u00f3dulos de memoria dimm 1rx8\/2rx8\/1rx16 sin b\u00fafer y sin ecc<\/td>\n<\/tr>\n<tr>\n<td>Compatibilidad con los m\u00f3dulos de memoria amd extended profiles for overclocking (amd expo\u0099) y extreme memory profile (xmp)<\/td>\n<\/tr>\n<tr>\n<td>(la configuraci\u00f3n de la cpu y la memoria puede afectar los tipos de memoria admitidos, la velocidad de datos (velocidad) y la cantidad de m\u00f3dulos dram; consulte la lista de compatibilidad de memoria para obtener m\u00e1s informaci\u00f3n).<\/td>\n<\/tr>\n<tr>\n<td>Gr\u00e1fica integrada<\/td>\n<\/tr>\n<tr>\n<td>Procesador de gr\u00e1ficos integrado:<\/td>\n<\/tr>\n<tr>\n<td>1 x displayport, compatible con una resoluci\u00f3n m\u00e1xima de 3840&#215;2160@144 hz<\/td>\n<\/tr>\n<tr>\n<td>* compatibilidad con la versi\u00f3n displayport 1.4.<\/td>\n<\/tr>\n<tr>\n<td>1 x puerto hdmi, que admite una resoluci\u00f3n m\u00e1xima de 4096&#215;2160@60 hz<\/td>\n<\/tr>\n<tr>\n<td>* compatibilidad con la versi\u00f3n hdmi 2.1 y hdcp 2.3.<\/td>\n<\/tr>\n<tr>\n<td>** compatibilidad con puertos nativos compatibles con hdmi 2.1 tmds.<\/td>\n<\/tr>\n<tr>\n<td>(las especificaciones gr\u00e1ficas pueden variar seg\u00fan la compatibilidad de la cpu).<\/td>\n<\/tr>\n<tr>\n<td>Admite hasta 3 pantallas al mismo tiempo<\/td>\n<\/tr>\n<tr>\n<td>Audio<\/td>\n<\/tr>\n<tr>\n<td>Codec de audio realtek\u00ae<\/td>\n<\/tr>\n<tr>\n<td>Audio de alta definici\u00f3n<\/td>\n<\/tr>\n<tr>\n<td>2\/4\/5.1\/7.1 canales<\/td>\n<\/tr>\n<tr>\n<td>* puede cambiar la funcionalidad de un conector de audio utilizando el software de audio. para configurar el audio de 7.1 canales, acceda al software de audio para realizar la configuraci\u00f3n de audio.<\/td>\n<\/tr>\n<tr>\n<td>Lan<\/td>\n<\/tr>\n<tr>\n<td>Chip lan realtek\u00ae gbe (1 gbps\/100 mbps\/10 mbps)<\/td>\n<\/tr>\n<tr>\n<td>Z\u00f3calos de expansi\u00f3n<\/td>\n<\/tr>\n<tr>\n<td>1 x ranura pci express x16, integrada en la cpu:<\/td>\n<\/tr>\n<tr>\n<td>Los procesadores amd ryzen\u0099 serie 7000 admiten el modo pcie 4.0 x16<\/td>\n<\/tr>\n<tr>\n<td>Los procesadores amd ryzen\u0099 serie 8000-phoenix 1 admiten el modo pcie 4.0 x8<\/td>\n<\/tr>\n<tr>\n<td>Los procesadores amd ryzen\u0099 serie 8000-phoenix 2 admiten el modo pcie 4.0 x4<\/td>\n<\/tr>\n<tr>\n<td>* la ranura pciex16 solo admite una tarjeta gr\u00e1fica o una ssd nvme.<\/td>\n<\/tr>\n<tr>\n<td>Conjunto de chips:<\/td>\n<\/tr>\n<tr>\n<td>1 x ranura pci express x1, compatible con pcie 3.0 y funcionando en x1<\/td>\n<\/tr>\n<tr>\n<td>Interfaz de almacenamiento<\/td>\n<\/tr>\n<tr>\n<td>1 x conector m.2, integrado en la cpu, compatible con ssd socket 3, clave m, tipo 2580:<\/td>\n<\/tr>\n<tr>\n<td>Los procesadores amd ryzen\u0099 serie 7000 admiten ssd pcie 4.0 x4\/x2<\/td>\n<\/tr>\n<tr>\n<td>Los procesadores amd ryzen\u0099 serie 8000-phoenix 1 admiten ssd pcie 4.0 x4\/x2<\/td>\n<\/tr>\n<tr>\n<td>Los procesadores amd ryzen\u0099 serie 8000-phoenix 2 admiten ssd pcie 4.0 x4\/x2<\/td>\n<\/tr>\n<tr>\n<td>4 conectores sata de 6 gb\/s<\/td>\n<\/tr>\n<tr>\n<td>Compatibilidad con raid 0, raid 1 y raid 10 para dispositivos de almacenamiento ssd nvme<\/td>\n<\/tr>\n<tr>\n<td>Compatibilidad con raid 0, raid 1 y raid 10 para dispositivos de almacenamiento sata<\/td>\n<\/tr>\n<tr>\n<td>Usb<\/td>\n<\/tr>\n<tr>\n<td>Upc:<\/td>\n<\/tr>\n<tr>\n<td>2 x puertos usb 3.2 gen 1 en el panel posterior<\/td>\n<\/tr>\n<tr>\n<td>1 x puerto usb 2.0\/1.1 en el panel posterior<\/td>\n<\/tr>\n<tr>\n<td>Conjunto de chips:<\/td>\n<\/tr>\n<tr>\n<td>2 puertos usb 3.2 gen 1 disponibles a trav\u00e9s del encabezado usb interno<\/td>\n<\/tr>\n<tr>\n<td>7 x puertos usb 2.0\/1.1 (3 puertos en el panel posterior, 4 puertos disponibles a trav\u00e9s de los encabezados usb internos)<\/td>\n<\/tr>\n<tr>\n<td>Conectores internos e\/s<\/td>\n<\/tr>\n<tr>\n<td>1 conector de alimentaci\u00f3n principal atx de 24 pines<\/td>\n<\/tr>\n<tr>\n<td>1 conector de alimentaci\u00f3n atx de 12 v de 8 pines<\/td>\n<\/tr>\n<tr>\n<td>1 x encabezado del ventilador de la cpu<\/td>\n<\/tr>\n<tr>\n<td>2 x cabezales de ventilador del sistema<\/td>\n<\/tr>\n<tr>\n<td>1 x cabezal de tira led direccionable<\/td>\n<\/tr>\n<tr>\n<td>1 cabezal de tira led rgb<\/td>\n<\/tr>\n<tr>\n<td>1 conector m.2 hembra 3<\/td>\n<\/tr>\n<tr>\n<td>4 conectores sata de 6 gb\/s<\/td>\n<\/tr>\n<tr>\n<td>1 x encabezado del panel frontal<\/td>\n<\/tr>\n<tr>\n<td>1 x encabezado de audio del panel frontal<\/td>\n<\/tr>\n<tr>\n<td>1 conector usb 3.2 gen 1<\/td>\n<\/tr>\n<tr>\n<td>2 cabezales usb 2.0\/1.1<\/td>\n<\/tr>\n<tr>\n<td>1 encabezado del m\u00f3dulo de plataforma segura (solo para el m\u00f3dulo gc-tpm2.0 spi\/gc-tpm2.0 spi 2.0\/gc-tpm2.0 spi v2)<\/td>\n<\/tr>\n<tr>\n<td>1 x puente cmos transparente<\/td>\n<\/tr>\n<tr>\n<td>Panel e\/s trasero<\/td>\n<\/tr>\n<tr>\n<td>4 puertos usb 2.0\/1.1<\/td>\n<\/tr>\n<tr>\n<td>1 x puerto de teclado\/rat\u00f3n ps\/2<\/td>\n<\/tr>\n<tr>\n<td>1 bot\u00f3n q-flash plus<\/td>\n<\/tr>\n<tr>\n<td>2 puertos usb 3.2 gen 1<\/td>\n<\/tr>\n<tr>\n<td>1 puerto displayport<\/td>\n<\/tr>\n<tr>\n<td>1 puerto hdmi<\/td>\n<\/tr>\n<tr>\n<td>1 puerto rj-45<\/td>\n<\/tr>\n<tr>\n<td>3 x conectores de audio<\/td>\n<\/tr>\n<tr>\n<td>Controlador e\/s<\/td>\n<\/tr>\n<tr>\n<td>Chip controlador de e\/ s ite\u00ae<\/td>\n<\/tr>\n<tr>\n<td>Hardware de monitorizaci\u00f3n<\/td>\n<\/tr>\n<tr>\n<td>Detecci\u00f3n de voltaje<\/td>\n<\/tr>\n<tr>\n<td>Detecci\u00f3n de temperatura<\/td>\n<\/tr>\n<tr>\n<td>Detecci\u00f3n de velocidad del ventilador<\/td>\n<\/tr>\n<tr>\n<td>Detecci\u00f3n del caudal de refrigeraci\u00f3n por agua<\/td>\n<\/tr>\n<tr>\n<td>Advertencia de falla del ventilador<\/td>\n<\/tr>\n<tr>\n<td>Control de velocidad del ventilador<\/td>\n<\/tr>\n<tr>\n<td>* la compatibilidad de la funci\u00f3n de control de velocidad del ventilador depender\u00e1 del ventilador que instale.<\/td>\n<\/tr>\n<tr>\n<td>Bios<\/td>\n<\/tr>\n<tr>\n<td>1 flash de 256 mbit<\/td>\n<\/tr>\n<tr>\n<td>Uso de bios ami uefi con licencia<\/td>\n<\/tr>\n<tr>\n<td>Pnp 1.0a, dmi 2.7, wfm 2.0, sm bios 2.7, acpi 5.0<\/td>\n<\/tr>\n<tr>\n<td>Otras caracter\u00edsticas<\/td>\n<\/tr>\n<tr>\n<td>Soporte para gigabyte control center (gcc)<\/td>\n<\/tr>\n<tr>\n<td>* las aplicaciones disponibles en gcc pueden variar seg\u00fan el modelo de placa base. las funciones admitidas de cada aplicaci\u00f3n tambi\u00e9n pueden variar seg\u00fan las especificaciones de la placa base.<\/td>\n<\/tr>\n<tr>\n<td>Soporte para q-flash plus<\/td>\n<\/tr>\n<tr>\n<td>Soporte para q-flash<\/td>\n<\/tr>\n<tr>\n<td>Software incluido<\/td>\n<\/tr>\n<tr>\n<td>Norton\u00ae internet security (versi\u00f3n oem)<\/td>\n<\/tr>\n<tr>\n<td>Software de gesti\u00f3n de ancho de banda lan<\/td>\n<\/tr>\n<tr>\n<td>Sistema operativo<\/td>\n<\/tr>\n<tr>\n<td>Soporte para windows 11 de 64 bits<\/td>\n<\/tr>\n<tr>\n<td>Soporte para windows 10 de 64 bits<\/td>\n<\/tr>\n<tr>\n<td>Formato<\/td>\n<\/tr>\n<tr>\n<td>Factor de forma micro atx; 23,0 x 22,5 cm.<\/td>\n<\/tr>\n<\/table>\n","protected":false},"excerpt":{"rendered":"<p>Amd socket am5: compatible con procesadores amd ryzen\u0099 serie 7000\/ ryzen\u0099 8000. Rendimiento incomparable: soluci\u00f3n vrm digital de 5+2+2 fases. Ddr5 de doble canal: 2 * dimm smd con compatibilidad con m\u00f3dulos de memoria amd expo\u0099 e intel\u00ae xmp. Almacenamiento superspeed: conector pcie 4.0 x4 m.2. Ez-latch: ranura pcie x16 con dise\u00f1o de liberaci\u00f3n r\u00e1pida. Redes r\u00e1pidas: lan gbe. Conectividad extendida: dp, hdmi. Smart fan 6: cuenta con m\u00faltiples sensores de temperatura y cabezales de ventilador h\u00edbridos con fan stop. Q-flash plus: actualice el bios sin instalar la cpu, la memoria y la tarjeta gr\u00e1fica<\/p>\n","protected":false},"featured_media":255955,"comment_status":"open","ping_status":"open","template":"","meta":[],"product_cat":[2240,1727],"product_tag":[1732],"acf":[],"yoast_head":"<!-- This site is optimized with the Yoast SEO plugin v21.7 - https:\/\/yoast.com\/wordpress\/plugins\/seo\/ -->\n<title>[ Gigabyte ] &#129351; A620m H Tarjeta Madre \/ Socket Am5 \/ Ddr5 \/ Dp \/ Hdmi \/ Micro Atx \/ Gama Basica<\/title>\n<meta name=\"description\" content=\"Compra A620m H Tarjeta Madre \/ Socket Am5 \/ Ddr5 \/ Dp \/ Hdmi \/ Micro Atx \/ Gama Basica + Env\u00edo a domicilio + Pago seguro + Garant\u00eda\" \/>\n<meta name=\"robots\" content=\"index, follow, max-snippet:-1, max-image-preview:large, max-video-preview:-1\" \/>\n<link rel=\"canonical\" href=\"https:\/\/compuviper.mx\/tienda\/producto\/gigabyte-a620m-h-tarjeta-madre-socket-am5-ddr5-dp-hdmi-micro-atx-gama-basica\/\" \/>\n<meta property=\"og:locale\" content=\"es_MX\" \/>\n<meta property=\"og:type\" content=\"article\" \/>\n<meta property=\"og:title\" content=\"[ Gigabyte ] &#129351; A620m H Tarjeta Madre \/ Socket Am5 \/ Ddr5 \/ Dp \/ Hdmi \/ Micro Atx \/ Gama Basica\" \/>\n<meta property=\"og:description\" content=\"Compra A620m H Tarjeta Madre \/ Socket Am5 \/ Ddr5 \/ Dp \/ Hdmi \/ Micro Atx \/ Gama Basica + Env\u00edo a domicilio + Pago seguro + Garant\u00eda\" \/>\n<meta property=\"og:url\" content=\"https:\/\/compuviper.mx\/tienda\/producto\/gigabyte-a620m-h-tarjeta-madre-socket-am5-ddr5-dp-hdmi-micro-atx-gama-basica\/\" \/>\n<meta property=\"og:site_name\" content=\"Compuviper\" \/>\n<meta property=\"article:publisher\" content=\"https:\/\/www.facebook.com\/compuviper\" \/>\n<meta property=\"article:modified_time\" content=\"2026-04-26T06:00:19+00:00\" \/>\n<meta property=\"og:image\" content=\"https:\/\/compuviper.mx\/tienda\/wp-content\/uploads\/2025\/08\/Tarjeta-madre-gigabyte-a620m-h-socket-am5-ddr5-dp-hdmi-micro-atx-gama-basica.jpg\" \/>\n\t<meta property=\"og:image:width\" content=\"200\" \/>\n\t<meta property=\"og:image:height\" content=\"200\" \/>\n\t<meta property=\"og:image:type\" content=\"image\/jpeg\" \/>\n<meta name=\"twitter:card\" content=\"summary_large_image\" \/>\n<meta name=\"twitter:label1\" content=\"Precio\" \/>\n\t<meta name=\"twitter:data1\" content=\"&#36;1,177 con IVA\" \/>\n\t<meta name=\"twitter:label2\" content=\"Availability\" \/>\n\t<meta name=\"twitter:data2\" content=\"Out of stock\" \/>\n<script type=\"application\/ld+json\" class=\"yoast-schema-graph\">{\"@context\":\"https:\/\/schema.org\",\"@graph\":[{\"@type\":\"WebPage\",\"@id\":\"https:\/\/compuviper.mx\/tienda\/producto\/gigabyte-a620m-h-tarjeta-madre-socket-am5-ddr5-dp-hdmi-micro-atx-gama-basica\/\",\"url\":\"https:\/\/compuviper.mx\/tienda\/producto\/gigabyte-a620m-h-tarjeta-madre-socket-am5-ddr5-dp-hdmi-micro-atx-gama-basica\/\",\"name\":\"[ Gigabyte ] &#129351; A620m H Tarjeta Madre \/ Socket Am5 \/ Ddr5 \/ Dp \/ Hdmi \/ Micro Atx \/ Gama Basica\",\"isPartOf\":{\"@id\":\"https:\/\/compuviper.mx\/tienda\/#website\"},\"datePublished\":\"2026-04-25T06:40:24+00:00\",\"dateModified\":\"2026-04-26T06:00:19+00:00\",\"description\":\"Compra A620m H Tarjeta Madre \/ Socket Am5 \/ Ddr5 \/ Dp \/ Hdmi \/ Micro Atx \/ Gama Basica + Env\u00edo a domicilio + Pago seguro + Garant\u00eda\",\"breadcrumb\":{\"@id\":\"https:\/\/compuviper.mx\/tienda\/producto\/gigabyte-a620m-h-tarjeta-madre-socket-am5-ddr5-dp-hdmi-micro-atx-gama-basica\/#breadcrumb\"},\"inLanguage\":\"es-MX\",\"potentialAction\":[{\"@type\":\"ReadAction\",\"target\":[\"https:\/\/compuviper.mx\/tienda\/producto\/gigabyte-a620m-h-tarjeta-madre-socket-am5-ddr5-dp-hdmi-micro-atx-gama-basica\/\"]}]},{\"@type\":\"BreadcrumbList\",\"@id\":\"https:\/\/compuviper.mx\/tienda\/producto\/gigabyte-a620m-h-tarjeta-madre-socket-am5-ddr5-dp-hdmi-micro-atx-gama-basica\/#breadcrumb\",\"itemListElement\":[{\"@type\":\"ListItem\",\"position\":1,\"name\":\"Inicio\",\"item\":\"https:\/\/compuviper.mx\/tienda\/\"},{\"@type\":\"ListItem\",\"position\":2,\"name\":\"Productos\",\"item\":\"https:\/\/compuviper.mx\/tienda\/productos\/\"},{\"@type\":\"ListItem\",\"position\":3,\"name\":\"Tarjeta Madre\",\"item\":\"https:\/\/compuviper.mx\/tienda\/categoria-producto\/tarjeta-madre\/\"},{\"@type\":\"ListItem\",\"position\":4,\"name\":\"Socket Am5\",\"item\":\"https:\/\/compuviper.mx\/tienda\/categoria-producto\/tarjeta-madre\/socket-am5\/\"},{\"@type\":\"ListItem\",\"position\":5,\"name\":\"Gigabyte A620m H Tarjeta Madre \/ Socket Am5 \/ Ddr5 \/ Dp \/ Hdmi \/ Micro Atx \/ Gama Basica\"}]},{\"@type\":\"WebSite\",\"@id\":\"https:\/\/compuviper.mx\/tienda\/#website\",\"url\":\"https:\/\/compuviper.mx\/tienda\/\",\"name\":\"Compuviper\",\"description\":\"Proveedor de Computadoras, Laptops, Servidores, Monitores, Puntos de Venta, Teclados,   Impresoras, T\u00f3ner, C\u00e1maras de Seguridad y m\u00e1s en tu tienda en l\u00ednea\",\"publisher\":{\"@id\":\"https:\/\/compuviper.mx\/tienda\/#organization\"},\"potentialAction\":[{\"@type\":\"SearchAction\",\"target\":{\"@type\":\"EntryPoint\",\"urlTemplate\":\"https:\/\/compuviper.mx\/tienda\/?s={search_term_string}\"},\"query-input\":\"required name=search_term_string\"}],\"inLanguage\":\"es-MX\"},{\"@type\":\"Organization\",\"@id\":\"https:\/\/compuviper.mx\/tienda\/#organization\",\"name\":\"Compuviper\",\"url\":\"https:\/\/compuviper.mx\/tienda\/\",\"logo\":{\"@type\":\"ImageObject\",\"inLanguage\":\"es-MX\",\"@id\":\"https:\/\/compuviper.mx\/tienda\/#\/schema\/logo\/image\/\",\"url\":\"https:\/\/compuviper.mx\/tienda\/wp-content\/uploads\/2021\/08\/Logo-Compuviper-10.png\",\"contentUrl\":\"https:\/\/compuviper.mx\/tienda\/wp-content\/uploads\/2021\/08\/Logo-Compuviper-10.png\",\"width\":1000,\"height\":500,\"caption\":\"Compuviper\"},\"image\":{\"@id\":\"https:\/\/compuviper.mx\/tienda\/#\/schema\/logo\/image\/\"},\"sameAs\":[\"https:\/\/www.facebook.com\/compuviper\",\"https:\/\/www.youtube.com\/channel\/UCf73dERp9Y3cfOq7q8BhLjA?view_as=subscriber\"]}]}<\/script>\n<meta property=\"product:brand\" content=\"GIGABYTE\" \/>\n<meta property=\"product:price:amount\" content=\"1177\" \/>\n<meta property=\"product:price:currency\" content=\"MXN\" \/>\n<meta property=\"og:availability\" content=\"out of stock\" \/>\n<meta property=\"product:availability\" content=\"out of stock\" \/>\n<meta property=\"product:retailer_item_id\" content=\"A620M H\" \/>\n<meta property=\"product:condition\" content=\"new\" \/>\n<!-- \/ Yoast SEO plugin. -->","yoast_head_json":{"title":"[ Gigabyte ] &#129351; A620m H Tarjeta Madre \/ Socket Am5 \/ Ddr5 \/ Dp \/ Hdmi \/ Micro Atx \/ Gama Basica","description":"Compra A620m H Tarjeta Madre \/ Socket Am5 \/ Ddr5 \/ Dp \/ Hdmi \/ Micro Atx \/ Gama Basica + Env\u00edo a domicilio + Pago seguro + Garant\u00eda","robots":{"index":"index","follow":"follow","max-snippet":"max-snippet:-1","max-image-preview":"max-image-preview:large","max-video-preview":"max-video-preview:-1"},"canonical":"https:\/\/compuviper.mx\/tienda\/producto\/gigabyte-a620m-h-tarjeta-madre-socket-am5-ddr5-dp-hdmi-micro-atx-gama-basica\/","og_locale":"es_MX","og_type":"article","og_title":"[ Gigabyte ] &#129351; A620m H Tarjeta Madre \/ Socket Am5 \/ Ddr5 \/ Dp \/ Hdmi \/ Micro Atx \/ Gama Basica","og_description":"Compra A620m H Tarjeta Madre \/ Socket Am5 \/ Ddr5 \/ Dp \/ Hdmi \/ Micro Atx \/ Gama Basica + Env\u00edo a domicilio + Pago seguro + Garant\u00eda","og_url":"https:\/\/compuviper.mx\/tienda\/producto\/gigabyte-a620m-h-tarjeta-madre-socket-am5-ddr5-dp-hdmi-micro-atx-gama-basica\/","og_site_name":"Compuviper","article_publisher":"https:\/\/www.facebook.com\/compuviper","article_modified_time":"2026-04-26T06:00:19+00:00","og_image":[{"width":200,"height":200,"url":"https:\/\/compuviper.mx\/tienda\/wp-content\/uploads\/2025\/08\/Tarjeta-madre-gigabyte-a620m-h-socket-am5-ddr5-dp-hdmi-micro-atx-gama-basica.jpg","type":"image\/jpeg"}],"twitter_card":"summary_large_image","twitter_misc":{"Precio":"&#36;1,177 con IVA","Availability":"Out of stock"},"schema":{"@context":"https:\/\/schema.org","@graph":[{"@type":"WebPage","@id":"https:\/\/compuviper.mx\/tienda\/producto\/gigabyte-a620m-h-tarjeta-madre-socket-am5-ddr5-dp-hdmi-micro-atx-gama-basica\/","url":"https:\/\/compuviper.mx\/tienda\/producto\/gigabyte-a620m-h-tarjeta-madre-socket-am5-ddr5-dp-hdmi-micro-atx-gama-basica\/","name":"[ Gigabyte ] &#129351; A620m H Tarjeta Madre \/ Socket Am5 \/ Ddr5 \/ Dp \/ Hdmi \/ Micro Atx \/ Gama Basica","isPartOf":{"@id":"https:\/\/compuviper.mx\/tienda\/#website"},"datePublished":"2026-04-25T06:40:24+00:00","dateModified":"2026-04-26T06:00:19+00:00","description":"Compra A620m H Tarjeta Madre \/ Socket Am5 \/ Ddr5 \/ Dp \/ Hdmi \/ Micro Atx \/ Gama Basica + Env\u00edo a domicilio + Pago seguro + Garant\u00eda","breadcrumb":{"@id":"https:\/\/compuviper.mx\/tienda\/producto\/gigabyte-a620m-h-tarjeta-madre-socket-am5-ddr5-dp-hdmi-micro-atx-gama-basica\/#breadcrumb"},"inLanguage":"es-MX","potentialAction":[{"@type":"ReadAction","target":["https:\/\/compuviper.mx\/tienda\/producto\/gigabyte-a620m-h-tarjeta-madre-socket-am5-ddr5-dp-hdmi-micro-atx-gama-basica\/"]}]},{"@type":"BreadcrumbList","@id":"https:\/\/compuviper.mx\/tienda\/producto\/gigabyte-a620m-h-tarjeta-madre-socket-am5-ddr5-dp-hdmi-micro-atx-gama-basica\/#breadcrumb","itemListElement":[{"@type":"ListItem","position":1,"name":"Inicio","item":"https:\/\/compuviper.mx\/tienda\/"},{"@type":"ListItem","position":2,"name":"Productos","item":"https:\/\/compuviper.mx\/tienda\/productos\/"},{"@type":"ListItem","position":3,"name":"Tarjeta Madre","item":"https:\/\/compuviper.mx\/tienda\/categoria-producto\/tarjeta-madre\/"},{"@type":"ListItem","position":4,"name":"Socket Am5","item":"https:\/\/compuviper.mx\/tienda\/categoria-producto\/tarjeta-madre\/socket-am5\/"},{"@type":"ListItem","position":5,"name":"Gigabyte A620m H Tarjeta Madre \/ Socket Am5 \/ Ddr5 \/ Dp \/ Hdmi \/ Micro Atx \/ Gama Basica"}]},{"@type":"WebSite","@id":"https:\/\/compuviper.mx\/tienda\/#website","url":"https:\/\/compuviper.mx\/tienda\/","name":"Compuviper","description":"Proveedor de Computadoras, Laptops, Servidores, Monitores, Puntos de Venta, Teclados,   Impresoras, T\u00f3ner, C\u00e1maras de Seguridad y m\u00e1s en tu tienda en l\u00ednea","publisher":{"@id":"https:\/\/compuviper.mx\/tienda\/#organization"},"potentialAction":[{"@type":"SearchAction","target":{"@type":"EntryPoint","urlTemplate":"https:\/\/compuviper.mx\/tienda\/?s={search_term_string}"},"query-input":"required name=search_term_string"}],"inLanguage":"es-MX"},{"@type":"Organization","@id":"https:\/\/compuviper.mx\/tienda\/#organization","name":"Compuviper","url":"https:\/\/compuviper.mx\/tienda\/","logo":{"@type":"ImageObject","inLanguage":"es-MX","@id":"https:\/\/compuviper.mx\/tienda\/#\/schema\/logo\/image\/","url":"https:\/\/compuviper.mx\/tienda\/wp-content\/uploads\/2021\/08\/Logo-Compuviper-10.png","contentUrl":"https:\/\/compuviper.mx\/tienda\/wp-content\/uploads\/2021\/08\/Logo-Compuviper-10.png","width":1000,"height":500,"caption":"Compuviper"},"image":{"@id":"https:\/\/compuviper.mx\/tienda\/#\/schema\/logo\/image\/"},"sameAs":["https:\/\/www.facebook.com\/compuviper","https:\/\/www.youtube.com\/channel\/UCf73dERp9Y3cfOq7q8BhLjA?view_as=subscriber"]}]},"product_brand":"GIGABYTE","product_price_amount":"1177","product_price_currency":"MXN","og_availability":"out of stock","product_availability":"out of stock","product_retailer_item_id":"A620M H","product_condition":"new"},"_links":{"self":[{"href":"https:\/\/compuviper.mx\/tienda\/wp-json\/wp\/v2\/product\/255954"}],"collection":[{"href":"https:\/\/compuviper.mx\/tienda\/wp-json\/wp\/v2\/product"}],"about":[{"href":"https:\/\/compuviper.mx\/tienda\/wp-json\/wp\/v2\/types\/product"}],"replies":[{"embeddable":true,"href":"https:\/\/compuviper.mx\/tienda\/wp-json\/wp\/v2\/comments?post=255954"}],"wp:featuredmedia":[{"embeddable":true,"href":"https:\/\/compuviper.mx\/tienda\/wp-json\/wp\/v2\/media\/255955"}],"wp:attachment":[{"href":"https:\/\/compuviper.mx\/tienda\/wp-json\/wp\/v2\/media?parent=255954"}],"wp:term":[{"taxonomy":"product_cat","embeddable":true,"href":"https:\/\/compuviper.mx\/tienda\/wp-json\/wp\/v2\/product_cat?post=255954"},{"taxonomy":"product_tag","embeddable":true,"href":"https:\/\/compuviper.mx\/tienda\/wp-json\/wp\/v2\/product_tag?post=255954"}],"curies":[{"name":"wp","href":"https:\/\/api.w.org\/{rel}","templated":true}]}}