{"id":255842,"date":"2026-04-25T02:17:35","date_gmt":"2026-04-25T08:17:35","guid":{"rendered":"https:\/\/compuviper.mx\/tienda\/producto\/benq-9h-jp877-17l-videoproyector-tk700st-dlp-3000-lum-4kuhd-lampara-hasta-15000-hrs-tiro-corto-hdmix2-bocina-5wx1-zoom-1-2x\/"},"modified":"2026-04-25T02:17:35","modified_gmt":"2026-04-25T08:17:35","slug":"benq-9h-jp877-17l-videoproyector-tk700st-dlp-3000-lum-4kuhd-lampara-hasta-15000-hrs-tiro-corto-hdmix2-bocina-5wx1-zoom-1-2x","status":"publish","type":"product","link":"https:\/\/compuviper.mx\/tienda\/producto\/benq-9h-jp877-17l-videoproyector-tk700st-dlp-3000-lum-4kuhd-lampara-hasta-15000-hrs-tiro-corto-hdmix2-bocina-5wx1-zoom-1-2x\/","title":{"rendered":"Benq 9h.jp877.17l Videoproyector  Tk700st Dlp 3000 Lum 4kuhd Lampara Hasta 15000 Hrs Tiro Corto Hdmix2 Bocina 5wx1 Zoom 1.2x"},"content":{"rendered":"<table class=\"descripcion\">\n<tr>\n<td>Benq proyectores<\/td>\n<\/tr>\n<tr>\n<td>Cinema home gaming<\/td>\n<\/tr>\n<tr>\n<td>Gaming entretenimiento disenado con un bajo input lag y detalles ultranitidos 4k que complementan tu experiencia visual<\/td>\n<\/tr>\n<tr>\n<td>Tk700st ideal para casa y entretenimiento<\/td>\n<\/tr>\n<tr>\n<td>Especificaciones<\/td>\n<\/tr>\n<tr>\n<td>Resolucion nativa 4k uhd 3840 x 2160<\/td>\n<\/tr>\n<tr>\n<td>Sistema de proyeccion dlp tecnologia de texas instruments<\/td>\n<\/tr>\n<tr>\n<td>Brillo 3000 ansi lumenes<\/td>\n<\/tr>\n<tr>\n<td>Contraste fofo 10000 a 1<\/td>\n<\/tr>\n<tr>\n<td>Fuente de luz vida 4000 8000 10000 15000 hrs normal smarteco eco ahorro de lampara<\/td>\n<\/tr>\n<tr>\n<td>Ruido audible 34 28 dba normal eco<\/td>\n<\/tr>\n<tr>\n<td>Resoluciones soportadas vga 640 x 480 hasta 4k uhd 3840 x 2160<\/td>\n<\/tr>\n<tr>\n<td>Formato de pantalla 16 9 nativo 4 3 auto<\/td>\n<\/tr>\n<tr>\n<td>Tamano de imagen 60 hasta 2000 optimo maximo 300<\/td>\n<\/tr>\n<tr>\n<td>Distancia de proyeccion 100 3 1.99 m<\/td>\n<\/tr>\n<tr>\n<td>Relacion de tiro 0.9 1.08<\/td>\n<\/tr>\n<tr>\n<td>Modo de imagen 3d brillante cine hdr y hdr game sala de casa deportes usuario<\/td>\n<\/tr>\n<tr>\n<td>Cantidad de colores 30 bits 1.07 billones con cobertura del 96 en rec 709<\/td>\n<\/tr>\n<tr>\n<td>Input lag 16.7 ms 4k 60hz 4.2 ms 1080p 240hz 8.3 ms 1080p 120hz 16.7 ms 1080p 60hz<\/td>\n<\/tr>\n<tr>\n<td>Lente 1.94 2.05 f 9.25 11.1 mm<\/td>\n<\/tr>\n<tr>\n<td>Zoom 1.2x<\/td>\n<\/tr>\n<tr>\n<td>Correccion trapezoidal 2d vertical 30 horizontal 30<\/td>\n<\/tr>\n<tr>\n<td>Frecuencia vertical 23 120 hz<\/td>\n<\/tr>\n<tr>\n<td>Hdtv compatible 480i 480p 576i 576p 720p 1080i 1080p 2160p<\/td>\n<\/tr>\n<tr>\n<td>Entradas salidas hdmi 2.0 x2 usb tipo a energia 1.5a x1 rs232 in x1 ir receiver x2 frente atr\u00e1s audio eq audio out 3.5m mini jack x1 bocina 5w x1 hdmi audio earc dolby atmos<\/td>\n<\/tr>\n<tr>\n<td>Peso 3.1 kg 6.8 lbs<\/td>\n<\/tr>\n<tr>\n<td>Dimensiones 312 x 110 x 246 mm<\/td>\n<\/tr>\n<tr>\n<td>Fuente de poder ac 100 hasta 240v 50 60 hz<\/td>\n<\/tr>\n<tr>\n<td>Consumo de energia 305w 0.5 standby<\/td>\n<\/tr>\n<tr>\n<td>Caracteristicas brillantcolor vidi dynamicblack auto apagado enfriamiento rapido modo altitudes elevadas eco blank busqueda automatica de senal hdr bloqueo de panel administracion de color hsg cec barra de seguridad audio eq cobertura rec 709 tecnologia cinemamaster audio 2 tecnologia lumiexpert<\/td>\n<\/tr>\n<tr>\n<td>Accesorios incluidos control remoto c bateria cable de poder guia de inicio rapido garantia por region<\/td>\n<\/tr>\n<\/table>\n","protected":false},"excerpt":{"rendered":"<p>Inmersion instantanea para un juego instintivo. Con un input lag lider en el mundo complementa a la perfeccion los modos de juego espontaneos y el audio ajustado con precision para sumergirte por completo con un control total para ganar cualquier partida<\/p>\n","protected":false},"featured_media":258606,"comment_status":"open","ping_status":"open","template":"","meta":[],"product_cat":[1843,1845],"product_tag":[1744],"acf":[],"yoast_head":"<!-- This site is optimized with the Yoast SEO plugin v21.7 - https:\/\/yoast.com\/wordpress\/plugins\/seo\/ -->\n<title>[ Benq ] &#129351; 9h.jp877.17l Videoproyector Tk700st Dlp 3000 Lum 4kuhd Lampara Hasta 15000 Hrs Tiro Corto Hdmix2 Bocina 5wx1 Zoom 1.2x<\/title>\n<meta name=\"description\" content=\"Compra 9h.jp877.17l Videoproyector Tk700st Dlp 3000 Lum 4kuhd Lampara Hasta 15000 Hrs Tiro Corto Hdmix2 Bocina 5wx1 Zoom 1.2x + Env\u00edo a domicilio + Pago seguro + Garant\u00eda\" \/>\n<meta name=\"robots\" content=\"index, follow, max-snippet:-1, max-image-preview:large, max-video-preview:-1\" \/>\n<link rel=\"canonical\" href=\"https:\/\/compuviper.mx\/tienda\/producto\/benq-9h-jp877-17l-videoproyector-tk700st-dlp-3000-lum-4kuhd-lampara-hasta-15000-hrs-tiro-corto-hdmix2-bocina-5wx1-zoom-1-2x\/\" \/>\n<meta property=\"og:locale\" content=\"es_MX\" \/>\n<meta property=\"og:type\" content=\"article\" \/>\n<meta property=\"og:title\" content=\"[ Benq ] &#129351; 9h.jp877.17l Videoproyector Tk700st Dlp 3000 Lum 4kuhd Lampara Hasta 15000 Hrs Tiro Corto Hdmix2 Bocina 5wx1 Zoom 1.2x\" \/>\n<meta property=\"og:description\" content=\"Compra 9h.jp877.17l Videoproyector Tk700st Dlp 3000 Lum 4kuhd Lampara Hasta 15000 Hrs Tiro Corto Hdmix2 Bocina 5wx1 Zoom 1.2x + Env\u00edo a domicilio + Pago seguro + Garant\u00eda\" \/>\n<meta property=\"og:url\" content=\"https:\/\/compuviper.mx\/tienda\/producto\/benq-9h-jp877-17l-videoproyector-tk700st-dlp-3000-lum-4kuhd-lampara-hasta-15000-hrs-tiro-corto-hdmix2-bocina-5wx1-zoom-1-2x\/\" \/>\n<meta property=\"og:site_name\" content=\"Compuviper\" \/>\n<meta property=\"article:publisher\" content=\"https:\/\/www.facebook.com\/compuviper\" \/>\n<meta property=\"og:image\" content=\"https:\/\/compuviper.mx\/tienda\/wp-content\/uploads\/2025\/10\/Videoproyector-benq-tk700st-dlp-3000-lum-4kuhd-lampara-hasta-15000-hrs-tiro-corto-hdmix2-bocina-5wx1-zoom-1.2x.jpg\" \/>\n\t<meta property=\"og:image:width\" content=\"200\" \/>\n\t<meta property=\"og:image:height\" content=\"200\" \/>\n\t<meta property=\"og:image:type\" content=\"image\/jpeg\" \/>\n<meta name=\"twitter:card\" content=\"summary_large_image\" \/>\n<meta name=\"twitter:label1\" content=\"Precio\" \/>\n\t<meta name=\"twitter:data1\" content=\"&#36;25,850 con IVA\" \/>\n\t<meta name=\"twitter:label2\" content=\"Availability\" \/>\n\t<meta name=\"twitter:data2\" content=\"Out of stock\" \/>\n<script type=\"application\/ld+json\" class=\"yoast-schema-graph\">{\"@context\":\"https:\/\/schema.org\",\"@graph\":[{\"@type\":\"WebPage\",\"@id\":\"https:\/\/compuviper.mx\/tienda\/producto\/benq-9h-jp877-17l-videoproyector-tk700st-dlp-3000-lum-4kuhd-lampara-hasta-15000-hrs-tiro-corto-hdmix2-bocina-5wx1-zoom-1-2x\/\",\"url\":\"https:\/\/compuviper.mx\/tienda\/producto\/benq-9h-jp877-17l-videoproyector-tk700st-dlp-3000-lum-4kuhd-lampara-hasta-15000-hrs-tiro-corto-hdmix2-bocina-5wx1-zoom-1-2x\/\",\"name\":\"[ Benq ] &#129351; 9h.jp877.17l Videoproyector Tk700st Dlp 3000 Lum 4kuhd Lampara Hasta 15000 Hrs Tiro Corto Hdmix2 Bocina 5wx1 Zoom 1.2x\",\"isPartOf\":{\"@id\":\"https:\/\/compuviper.mx\/tienda\/#website\"},\"datePublished\":\"2026-04-25T08:17:35+00:00\",\"dateModified\":\"2026-04-25T08:17:35+00:00\",\"description\":\"Compra 9h.jp877.17l Videoproyector Tk700st Dlp 3000 Lum 4kuhd Lampara Hasta 15000 Hrs Tiro Corto Hdmix2 Bocina 5wx1 Zoom 1.2x + Env\u00edo a domicilio + Pago seguro + Garant\u00eda\",\"breadcrumb\":{\"@id\":\"https:\/\/compuviper.mx\/tienda\/producto\/benq-9h-jp877-17l-videoproyector-tk700st-dlp-3000-lum-4kuhd-lampara-hasta-15000-hrs-tiro-corto-hdmix2-bocina-5wx1-zoom-1-2x\/#breadcrumb\"},\"inLanguage\":\"es-MX\",\"potentialAction\":[{\"@type\":\"ReadAction\",\"target\":[\"https:\/\/compuviper.mx\/tienda\/producto\/benq-9h-jp877-17l-videoproyector-tk700st-dlp-3000-lum-4kuhd-lampara-hasta-15000-hrs-tiro-corto-hdmix2-bocina-5wx1-zoom-1-2x\/\"]}]},{\"@type\":\"BreadcrumbList\",\"@id\":\"https:\/\/compuviper.mx\/tienda\/producto\/benq-9h-jp877-17l-videoproyector-tk700st-dlp-3000-lum-4kuhd-lampara-hasta-15000-hrs-tiro-corto-hdmix2-bocina-5wx1-zoom-1-2x\/#breadcrumb\",\"itemListElement\":[{\"@type\":\"ListItem\",\"position\":1,\"name\":\"Inicio\",\"item\":\"https:\/\/compuviper.mx\/tienda\/\"},{\"@type\":\"ListItem\",\"position\":2,\"name\":\"Productos\",\"item\":\"https:\/\/compuviper.mx\/tienda\/productos\/\"},{\"@type\":\"ListItem\",\"position\":3,\"name\":\"Videoproyector\",\"item\":\"https:\/\/compuviper.mx\/tienda\/categoria-producto\/videoproyector\/\"},{\"@type\":\"ListItem\",\"position\":4,\"name\":\"Teatro En Casa\",\"item\":\"https:\/\/compuviper.mx\/tienda\/categoria-producto\/videoproyector\/teatro-en-casa\/\"},{\"@type\":\"ListItem\",\"position\":5,\"name\":\"Benq 9h.jp877.17l Videoproyector Tk700st Dlp 3000 Lum 4kuhd Lampara Hasta 15000 Hrs Tiro Corto Hdmix2 Bocina 5wx1 Zoom 1.2x\"}]},{\"@type\":\"WebSite\",\"@id\":\"https:\/\/compuviper.mx\/tienda\/#website\",\"url\":\"https:\/\/compuviper.mx\/tienda\/\",\"name\":\"Compuviper\",\"description\":\"Proveedor de Computadoras, Laptops, Servidores, Monitores, Puntos de Venta, Teclados,   Impresoras, T\u00f3ner, C\u00e1maras de Seguridad y m\u00e1s en tu tienda en l\u00ednea\",\"publisher\":{\"@id\":\"https:\/\/compuviper.mx\/tienda\/#organization\"},\"potentialAction\":[{\"@type\":\"SearchAction\",\"target\":{\"@type\":\"EntryPoint\",\"urlTemplate\":\"https:\/\/compuviper.mx\/tienda\/?s={search_term_string}\"},\"query-input\":\"required name=search_term_string\"}],\"inLanguage\":\"es-MX\"},{\"@type\":\"Organization\",\"@id\":\"https:\/\/compuviper.mx\/tienda\/#organization\",\"name\":\"Compuviper\",\"url\":\"https:\/\/compuviper.mx\/tienda\/\",\"logo\":{\"@type\":\"ImageObject\",\"inLanguage\":\"es-MX\",\"@id\":\"https:\/\/compuviper.mx\/tienda\/#\/schema\/logo\/image\/\",\"url\":\"https:\/\/compuviper.mx\/tienda\/wp-content\/uploads\/2021\/08\/Logo-Compuviper-10.png\",\"contentUrl\":\"https:\/\/compuviper.mx\/tienda\/wp-content\/uploads\/2021\/08\/Logo-Compuviper-10.png\",\"width\":1000,\"height\":500,\"caption\":\"Compuviper\"},\"image\":{\"@id\":\"https:\/\/compuviper.mx\/tienda\/#\/schema\/logo\/image\/\"},\"sameAs\":[\"https:\/\/www.facebook.com\/compuviper\",\"https:\/\/www.youtube.com\/channel\/UCf73dERp9Y3cfOq7q8BhLjA?view_as=subscriber\"]}]}<\/script>\n<meta property=\"product:brand\" content=\"BENQ\" \/>\n<meta property=\"product:price:amount\" content=\"25850\" \/>\n<meta property=\"product:price:currency\" content=\"MXN\" \/>\n<meta property=\"og:availability\" content=\"out of stock\" \/>\n<meta property=\"product:availability\" content=\"out of stock\" \/>\n<meta property=\"product:retailer_item_id\" content=\"9H.JP877.17L\" \/>\n<meta property=\"product:condition\" content=\"new\" \/>\n<!-- \/ Yoast SEO plugin. -->","yoast_head_json":{"title":"[ Benq ] &#129351; 9h.jp877.17l Videoproyector Tk700st Dlp 3000 Lum 4kuhd Lampara Hasta 15000 Hrs Tiro Corto Hdmix2 Bocina 5wx1 Zoom 1.2x","description":"Compra 9h.jp877.17l Videoproyector Tk700st Dlp 3000 Lum 4kuhd Lampara Hasta 15000 Hrs Tiro Corto Hdmix2 Bocina 5wx1 Zoom 1.2x + Env\u00edo a domicilio + Pago seguro + Garant\u00eda","robots":{"index":"index","follow":"follow","max-snippet":"max-snippet:-1","max-image-preview":"max-image-preview:large","max-video-preview":"max-video-preview:-1"},"canonical":"https:\/\/compuviper.mx\/tienda\/producto\/benq-9h-jp877-17l-videoproyector-tk700st-dlp-3000-lum-4kuhd-lampara-hasta-15000-hrs-tiro-corto-hdmix2-bocina-5wx1-zoom-1-2x\/","og_locale":"es_MX","og_type":"article","og_title":"[ Benq ] &#129351; 9h.jp877.17l Videoproyector Tk700st Dlp 3000 Lum 4kuhd Lampara Hasta 15000 Hrs Tiro Corto Hdmix2 Bocina 5wx1 Zoom 1.2x","og_description":"Compra 9h.jp877.17l Videoproyector Tk700st Dlp 3000 Lum 4kuhd Lampara Hasta 15000 Hrs Tiro Corto Hdmix2 Bocina 5wx1 Zoom 1.2x + Env\u00edo a domicilio + Pago seguro + Garant\u00eda","og_url":"https:\/\/compuviper.mx\/tienda\/producto\/benq-9h-jp877-17l-videoproyector-tk700st-dlp-3000-lum-4kuhd-lampara-hasta-15000-hrs-tiro-corto-hdmix2-bocina-5wx1-zoom-1-2x\/","og_site_name":"Compuviper","article_publisher":"https:\/\/www.facebook.com\/compuviper","og_image":[{"width":200,"height":200,"url":"https:\/\/compuviper.mx\/tienda\/wp-content\/uploads\/2025\/10\/Videoproyector-benq-tk700st-dlp-3000-lum-4kuhd-lampara-hasta-15000-hrs-tiro-corto-hdmix2-bocina-5wx1-zoom-1.2x.jpg","type":"image\/jpeg"}],"twitter_card":"summary_large_image","twitter_misc":{"Precio":"&#36;25,850 con IVA","Availability":"Out of stock"},"schema":{"@context":"https:\/\/schema.org","@graph":[{"@type":"WebPage","@id":"https:\/\/compuviper.mx\/tienda\/producto\/benq-9h-jp877-17l-videoproyector-tk700st-dlp-3000-lum-4kuhd-lampara-hasta-15000-hrs-tiro-corto-hdmix2-bocina-5wx1-zoom-1-2x\/","url":"https:\/\/compuviper.mx\/tienda\/producto\/benq-9h-jp877-17l-videoproyector-tk700st-dlp-3000-lum-4kuhd-lampara-hasta-15000-hrs-tiro-corto-hdmix2-bocina-5wx1-zoom-1-2x\/","name":"[ Benq ] &#129351; 9h.jp877.17l Videoproyector Tk700st Dlp 3000 Lum 4kuhd Lampara Hasta 15000 Hrs Tiro Corto Hdmix2 Bocina 5wx1 Zoom 1.2x","isPartOf":{"@id":"https:\/\/compuviper.mx\/tienda\/#website"},"datePublished":"2026-04-25T08:17:35+00:00","dateModified":"2026-04-25T08:17:35+00:00","description":"Compra 9h.jp877.17l Videoproyector Tk700st Dlp 3000 Lum 4kuhd Lampara Hasta 15000 Hrs Tiro Corto Hdmix2 Bocina 5wx1 Zoom 1.2x + Env\u00edo a domicilio + Pago seguro + Garant\u00eda","breadcrumb":{"@id":"https:\/\/compuviper.mx\/tienda\/producto\/benq-9h-jp877-17l-videoproyector-tk700st-dlp-3000-lum-4kuhd-lampara-hasta-15000-hrs-tiro-corto-hdmix2-bocina-5wx1-zoom-1-2x\/#breadcrumb"},"inLanguage":"es-MX","potentialAction":[{"@type":"ReadAction","target":["https:\/\/compuviper.mx\/tienda\/producto\/benq-9h-jp877-17l-videoproyector-tk700st-dlp-3000-lum-4kuhd-lampara-hasta-15000-hrs-tiro-corto-hdmix2-bocina-5wx1-zoom-1-2x\/"]}]},{"@type":"BreadcrumbList","@id":"https:\/\/compuviper.mx\/tienda\/producto\/benq-9h-jp877-17l-videoproyector-tk700st-dlp-3000-lum-4kuhd-lampara-hasta-15000-hrs-tiro-corto-hdmix2-bocina-5wx1-zoom-1-2x\/#breadcrumb","itemListElement":[{"@type":"ListItem","position":1,"name":"Inicio","item":"https:\/\/compuviper.mx\/tienda\/"},{"@type":"ListItem","position":2,"name":"Productos","item":"https:\/\/compuviper.mx\/tienda\/productos\/"},{"@type":"ListItem","position":3,"name":"Videoproyector","item":"https:\/\/compuviper.mx\/tienda\/categoria-producto\/videoproyector\/"},{"@type":"ListItem","position":4,"name":"Teatro En Casa","item":"https:\/\/compuviper.mx\/tienda\/categoria-producto\/videoproyector\/teatro-en-casa\/"},{"@type":"ListItem","position":5,"name":"Benq 9h.jp877.17l Videoproyector Tk700st Dlp 3000 Lum 4kuhd Lampara Hasta 15000 Hrs Tiro Corto Hdmix2 Bocina 5wx1 Zoom 1.2x"}]},{"@type":"WebSite","@id":"https:\/\/compuviper.mx\/tienda\/#website","url":"https:\/\/compuviper.mx\/tienda\/","name":"Compuviper","description":"Proveedor de Computadoras, Laptops, Servidores, Monitores, Puntos de Venta, Teclados,   Impresoras, T\u00f3ner, C\u00e1maras de Seguridad y m\u00e1s en tu tienda en l\u00ednea","publisher":{"@id":"https:\/\/compuviper.mx\/tienda\/#organization"},"potentialAction":[{"@type":"SearchAction","target":{"@type":"EntryPoint","urlTemplate":"https:\/\/compuviper.mx\/tienda\/?s={search_term_string}"},"query-input":"required name=search_term_string"}],"inLanguage":"es-MX"},{"@type":"Organization","@id":"https:\/\/compuviper.mx\/tienda\/#organization","name":"Compuviper","url":"https:\/\/compuviper.mx\/tienda\/","logo":{"@type":"ImageObject","inLanguage":"es-MX","@id":"https:\/\/compuviper.mx\/tienda\/#\/schema\/logo\/image\/","url":"https:\/\/compuviper.mx\/tienda\/wp-content\/uploads\/2021\/08\/Logo-Compuviper-10.png","contentUrl":"https:\/\/compuviper.mx\/tienda\/wp-content\/uploads\/2021\/08\/Logo-Compuviper-10.png","width":1000,"height":500,"caption":"Compuviper"},"image":{"@id":"https:\/\/compuviper.mx\/tienda\/#\/schema\/logo\/image\/"},"sameAs":["https:\/\/www.facebook.com\/compuviper","https:\/\/www.youtube.com\/channel\/UCf73dERp9Y3cfOq7q8BhLjA?view_as=subscriber"]}]},"product_brand":"BENQ","product_price_amount":"25850","product_price_currency":"MXN","og_availability":"out of stock","product_availability":"out of stock","product_retailer_item_id":"9H.JP877.17L","product_condition":"new"},"_links":{"self":[{"href":"https:\/\/compuviper.mx\/tienda\/wp-json\/wp\/v2\/product\/255842"}],"collection":[{"href":"https:\/\/compuviper.mx\/tienda\/wp-json\/wp\/v2\/product"}],"about":[{"href":"https:\/\/compuviper.mx\/tienda\/wp-json\/wp\/v2\/types\/product"}],"replies":[{"embeddable":true,"href":"https:\/\/compuviper.mx\/tienda\/wp-json\/wp\/v2\/comments?post=255842"}],"wp:featuredmedia":[{"embeddable":true,"href":"https:\/\/compuviper.mx\/tienda\/wp-json\/wp\/v2\/media\/258606"}],"wp:attachment":[{"href":"https:\/\/compuviper.mx\/tienda\/wp-json\/wp\/v2\/media?parent=255842"}],"wp:term":[{"taxonomy":"product_cat","embeddable":true,"href":"https:\/\/compuviper.mx\/tienda\/wp-json\/wp\/v2\/product_cat?post=255842"},{"taxonomy":"product_tag","embeddable":true,"href":"https:\/\/compuviper.mx\/tienda\/wp-json\/wp\/v2\/product_tag?post=255842"}],"curies":[{"name":"wp","href":"https:\/\/api.w.org\/{rel}","templated":true}]}}