{"id":255839,"date":"2026-04-25T02:17:33","date_gmt":"2026-04-25T08:17:33","guid":{"rendered":"https:\/\/compuviper.mx\/tienda\/producto\/benq-9h-jt577-13l-videoproyector-lk835st-laser-4000-lum-4k-3840x2160-hasta-20000-hrs-hdmix2-displayport-x1-rs232x1-bocina-5wx1\/"},"modified":"2026-04-25T02:17:33","modified_gmt":"2026-04-25T08:17:33","slug":"benq-9h-jt577-13l-videoproyector-lk835st-laser-4000-lum-4k-3840x2160-hasta-20000-hrs-hdmix2-displayport-x1-rs232x1-bocina-5wx1","status":"publish","type":"product","link":"https:\/\/compuviper.mx\/tienda\/producto\/benq-9h-jt577-13l-videoproyector-lk835st-laser-4000-lum-4k-3840x2160-hasta-20000-hrs-hdmix2-displayport-x1-rs232x1-bocina-5wx1\/","title":{"rendered":"Benq 9h.jt577.13l Videoproyector  Lk835st Laser 4000 Lum 4k 3840&#215;2160 Hasta 20000 Hrs Hdmix2 Displayport X1 Rs232x1 Bocina 5wx1"},"content":{"rendered":"<table class=\"descripcion\">\n<tr>\n<td>Lk835st proyector laser 4k instalacion profesional<\/td>\n<\/tr>\n<tr>\n<td>Proyector laser 4k de tiro corto<\/td>\n<\/tr>\n<tr>\n<td>Fuente de luz laser de hasta 20000 hrs<\/td>\n<\/tr>\n<tr>\n<td>Proyeccion de tiro corto<\/td>\n<\/tr>\n<tr>\n<td>Operaci\u00f3n 24 7<\/td>\n<\/tr>\n<tr>\n<td>Cobertura de color rec 709<\/td>\n<\/tr>\n<tr>\n<td>Flexibilidad de instalacion ajuste de esquinas y correccion trapezoidal 2d<\/td>\n<\/tr>\n<tr>\n<td>Motor sellado contra polvo con clasificacion ip5x<\/td>\n<\/tr>\n<tr>\n<td>Especificaciones<\/td>\n<\/tr>\n<tr>\n<td>Panel<\/td>\n<\/tr>\n<tr>\n<td>Sistema de proyeecion dlp<\/td>\n<\/tr>\n<tr>\n<td>Brillo 4000 ansi lumenes<\/td>\n<\/tr>\n<tr>\n<td>Resolucion nativa 4k uhd 3840 x 2160<\/td>\n<\/tr>\n<tr>\n<td>Relacion de aspecto 16 9 nativo 16 10 4 3 1 1<\/td>\n<\/tr>\n<tr>\n<td>Contraste fofo 3000000 1<\/td>\n<\/tr>\n<tr>\n<td>Color 30 bit 1.07 billones de colores cobertura de color 95 rec 709<\/td>\n<\/tr>\n<tr>\n<td>Fuente de luz laser<\/td>\n<\/tr>\n<tr>\n<td>Vida de fuente de luz 20000 hrs<\/td>\n<\/tr>\n<tr>\n<td>Optico<\/td>\n<\/tr>\n<tr>\n<td>Indice de proyeccion 0.69 0.83<\/td>\n<\/tr>\n<tr>\n<td>Distancia de proyeccion wide 0.91m 3.05m 60 200 tele 1.1m 3.67m 60 200<\/td>\n<\/tr>\n<tr>\n<td>Lente f2.53 wide f 10.2mm wide<\/td>\n<\/tr>\n<tr>\n<td>Ajuste de lente motorizado<\/td>\n<\/tr>\n<tr>\n<td>Correccion trapezoidal 2d vertical 30 horizontal 30 correccion de esquinas<\/td>\n<\/tr>\n<tr>\n<td>Desplazamiento de lente na<\/td>\n<\/tr>\n<tr>\n<td>Imagen<\/td>\n<\/tr>\n<tr>\n<td>Tamano de imagen optimo 60 120 maximo 60 200<\/td>\n<\/tr>\n<tr>\n<td>Modos de imagen brillante cine juego golf hdr10 hlg srgb usuario 1 y 2<\/td>\n<\/tr>\n<tr>\n<td>Resoluciones soportadas vga 640 x 480 hasta 4k uhd 3840 x 2160<\/td>\n<\/tr>\n<tr>\n<td>Frecuencia horizontl 15k 135 khz<\/td>\n<\/tr>\n<tr>\n<td>Rango de escaneo vertical 23 120hz<\/td>\n<\/tr>\n<tr>\n<td>Compatibilidad<\/td>\n<\/tr>\n<tr>\n<td>Compatibilidad hdtv 1080i 1080p 2160p 480i 480p 576i 576p 720p<\/td>\n<\/tr>\n<tr>\n<td>Compatibilidad de video ntsc pal secam sdtv edtv hdtv<\/td>\n<\/tr>\n<tr>\n<td>I o interfase<\/td>\n<\/tr>\n<tr>\n<td>Pc in d sub 15 pin na<\/td>\n<\/tr>\n<tr>\n<td>Monitor out d sub 15 pin na<\/td>\n<\/tr>\n<tr>\n<td>Hdmi in x2 hdmi 1 2.0a hdcp 2.2 hdmi 2.0a hdcp 2.2<\/td>\n<\/tr>\n<tr>\n<td>Display port x1<\/td>\n<\/tr>\n<tr>\n<td>S video min din 4pin na<\/td>\n<\/tr>\n<tr>\n<td>Usb tipo a x2 usb 1 2.0 energia 1.5a usb 2 2.0 dongle wireless<\/td>\n<\/tr>\n<tr>\n<td>Usb tipo c x1 display port con energia 1a<\/td>\n<\/tr>\n<tr>\n<td>Lan rj45 na<\/td>\n<\/tr>\n<tr>\n<td>Rs232 in db 9pin x1<\/td>\n<\/tr>\n<tr>\n<td>Ir recever x2 frente arriba<\/td>\n<\/tr>\n<tr>\n<td>Audio<\/td>\n<\/tr>\n<tr>\n<td>Bocina x1 5w<\/td>\n<\/tr>\n<tr>\n<td>Hdmi audio return earc 7.1 canales<\/td>\n<\/tr>\n<tr>\n<td>Audio in out 3.5 mm mini jack<\/td>\n<\/tr>\n<tr>\n<td>Microfono in mini jack na<\/td>\n<\/tr>\n<tr>\n<td>Medio ambiente<\/td>\n<\/tr>\n<tr>\n<td>Fuente de poder ac 100 a 240v 50 60 hz<\/td>\n<\/tr>\n<tr>\n<td>Consumo de energia 110v 192w max<\/td>\n<\/tr>\n<tr>\n<td>Consumol de energia stand by 0.5w<\/td>\n<\/tr>\n<tr>\n<td>Ruido acustico typ eco 33 29 db<\/td>\n<\/tr>\n<tr>\n<td>Temperatura de operacion 0 40<\/td>\n<\/tr>\n<tr>\n<td>Peso dimension<\/td>\n<\/tr>\n<tr>\n<td>Peso kg 3.4 kg 7.28 lbs<\/td>\n<\/tr>\n<tr>\n<td>Dimensiones wxhxd mm 303.5 x 112.4 x 234.5 mm 11.94 x 4.43 x 9.23 pulgadas<\/td>\n<\/tr>\n<tr>\n<td>Accesorios<\/td>\n<\/tr>\n<tr>\n<td>Incluidos opcionales control remoto cable de poder guia de inicio rapido garantia por region dongle wireless usb opcional<\/td>\n<\/tr>\n<tr>\n<td>Otros<\/td>\n<\/tr>\n<tr>\n<td>Caracteristicas reinicio instantaneo auto apagado auto foco modo altitud elevada congelamiento de imagen eco blank busqueda de senal hdr bloqueo de panel 3d ready dlp link pc video 3d por hdmi operaci\u00f3n 24 7 hlg barra de seguriad seguridad kensington proyeccion horizontal 360 proyeccion vertical dust guard anti polvo proteccion ip5x<\/td>\n<\/tr>\n<\/table>\n","protected":false},"excerpt":{"rendered":"<p>Claridad 4k para imagenes envolventes y experiencias llenas de detalles. Descubra una claridad impresionante con resolucion 4k que da vida a detaller intrincados y colores vibrantes, el proyector lk835st garantia una alineacion precisa con su zoom motorizado correccion trapezoidal 3d y deformacion de pantalla curva lo que permite una configuracion rapida y sencilla, con la potencia de la resolucion 4k mejora la inmersion de cualquier contenido por lo que es perfecto para configuraciones educativas interactivas y de entretenimiento<\/p>\n","protected":false},"featured_media":258603,"comment_status":"open","ping_status":"open","template":"","meta":[],"product_cat":[1846,1843],"product_tag":[1744],"acf":[],"yoast_head":"<!-- This site is optimized with the Yoast SEO plugin v21.7 - https:\/\/yoast.com\/wordpress\/plugins\/seo\/ -->\n<title>[ Benq ] &#129351; 9h.jt577.13l Videoproyector Lk835st Laser 4000 Lum 4k 3840x2160 Hasta 20000 Hrs Hdmix2 Displayport X1 Rs232x1 Bocina 5wx1<\/title>\n<meta name=\"description\" content=\"Compra 9h.jt577.13l Videoproyector Lk835st Laser 4000 Lum 4k 3840x2160 Hasta 20000 Hrs Hdmix2 Displayport X1 Rs232x1 Bocina 5wx1 + Env\u00edo a domicilio + Pago seguro + Garant\u00eda\" \/>\n<meta name=\"robots\" content=\"index, follow, max-snippet:-1, max-image-preview:large, max-video-preview:-1\" \/>\n<link rel=\"canonical\" href=\"https:\/\/compuviper.mx\/tienda\/producto\/benq-9h-jt577-13l-videoproyector-lk835st-laser-4000-lum-4k-3840x2160-hasta-20000-hrs-hdmix2-displayport-x1-rs232x1-bocina-5wx1\/\" \/>\n<meta property=\"og:locale\" content=\"es_MX\" \/>\n<meta property=\"og:type\" content=\"article\" \/>\n<meta property=\"og:title\" content=\"[ Benq ] &#129351; 9h.jt577.13l Videoproyector Lk835st Laser 4000 Lum 4k 3840x2160 Hasta 20000 Hrs Hdmix2 Displayport X1 Rs232x1 Bocina 5wx1\" \/>\n<meta property=\"og:description\" content=\"Compra 9h.jt577.13l Videoproyector Lk835st Laser 4000 Lum 4k 3840x2160 Hasta 20000 Hrs Hdmix2 Displayport X1 Rs232x1 Bocina 5wx1 + Env\u00edo a domicilio + Pago seguro + Garant\u00eda\" \/>\n<meta property=\"og:url\" content=\"https:\/\/compuviper.mx\/tienda\/producto\/benq-9h-jt577-13l-videoproyector-lk835st-laser-4000-lum-4k-3840x2160-hasta-20000-hrs-hdmix2-displayport-x1-rs232x1-bocina-5wx1\/\" \/>\n<meta property=\"og:site_name\" content=\"Compuviper\" \/>\n<meta property=\"article:publisher\" content=\"https:\/\/www.facebook.com\/compuviper\" \/>\n<meta property=\"og:image\" content=\"https:\/\/compuviper.mx\/tienda\/wp-content\/uploads\/2025\/10\/Videoproyector-benq-lk835st-laser-4000-lum-4k-3840x2160-hasta-20000-hrs-hdmix2-displayport-x1-rs232x1-bocina-5wx1.jpg\" \/>\n\t<meta property=\"og:image:width\" content=\"200\" \/>\n\t<meta property=\"og:image:height\" content=\"200\" \/>\n\t<meta property=\"og:image:type\" content=\"image\/jpeg\" \/>\n<meta name=\"twitter:card\" content=\"summary_large_image\" \/>\n<meta name=\"twitter:label1\" content=\"Precio\" \/>\n\t<meta name=\"twitter:data1\" content=\"&#36;39,334 con IVA\" \/>\n\t<meta name=\"twitter:label2\" content=\"Availability\" \/>\n\t<meta name=\"twitter:data2\" content=\"Out of stock\" \/>\n<script type=\"application\/ld+json\" class=\"yoast-schema-graph\">{\"@context\":\"https:\/\/schema.org\",\"@graph\":[{\"@type\":\"WebPage\",\"@id\":\"https:\/\/compuviper.mx\/tienda\/producto\/benq-9h-jt577-13l-videoproyector-lk835st-laser-4000-lum-4k-3840x2160-hasta-20000-hrs-hdmix2-displayport-x1-rs232x1-bocina-5wx1\/\",\"url\":\"https:\/\/compuviper.mx\/tienda\/producto\/benq-9h-jt577-13l-videoproyector-lk835st-laser-4000-lum-4k-3840x2160-hasta-20000-hrs-hdmix2-displayport-x1-rs232x1-bocina-5wx1\/\",\"name\":\"[ Benq ] &#129351; 9h.jt577.13l Videoproyector Lk835st Laser 4000 Lum 4k 3840x2160 Hasta 20000 Hrs Hdmix2 Displayport X1 Rs232x1 Bocina 5wx1\",\"isPartOf\":{\"@id\":\"https:\/\/compuviper.mx\/tienda\/#website\"},\"datePublished\":\"2026-04-25T08:17:33+00:00\",\"dateModified\":\"2026-04-25T08:17:33+00:00\",\"description\":\"Compra 9h.jt577.13l Videoproyector Lk835st Laser 4000 Lum 4k 3840x2160 Hasta 20000 Hrs Hdmix2 Displayport X1 Rs232x1 Bocina 5wx1 + Env\u00edo a domicilio + Pago seguro + Garant\u00eda\",\"breadcrumb\":{\"@id\":\"https:\/\/compuviper.mx\/tienda\/producto\/benq-9h-jt577-13l-videoproyector-lk835st-laser-4000-lum-4k-3840x2160-hasta-20000-hrs-hdmix2-displayport-x1-rs232x1-bocina-5wx1\/#breadcrumb\"},\"inLanguage\":\"es-MX\",\"potentialAction\":[{\"@type\":\"ReadAction\",\"target\":[\"https:\/\/compuviper.mx\/tienda\/producto\/benq-9h-jt577-13l-videoproyector-lk835st-laser-4000-lum-4k-3840x2160-hasta-20000-hrs-hdmix2-displayport-x1-rs232x1-bocina-5wx1\/\"]}]},{\"@type\":\"BreadcrumbList\",\"@id\":\"https:\/\/compuviper.mx\/tienda\/producto\/benq-9h-jt577-13l-videoproyector-lk835st-laser-4000-lum-4k-3840x2160-hasta-20000-hrs-hdmix2-displayport-x1-rs232x1-bocina-5wx1\/#breadcrumb\",\"itemListElement\":[{\"@type\":\"ListItem\",\"position\":1,\"name\":\"Inicio\",\"item\":\"https:\/\/compuviper.mx\/tienda\/\"},{\"@type\":\"ListItem\",\"position\":2,\"name\":\"Productos\",\"item\":\"https:\/\/compuviper.mx\/tienda\/productos\/\"},{\"@type\":\"ListItem\",\"position\":3,\"name\":\"Videoproyector\",\"item\":\"https:\/\/compuviper.mx\/tienda\/categoria-producto\/videoproyector\/\"},{\"@type\":\"ListItem\",\"position\":4,\"name\":\"Profesional\",\"item\":\"https:\/\/compuviper.mx\/tienda\/categoria-producto\/videoproyector\/profesional\/\"},{\"@type\":\"ListItem\",\"position\":5,\"name\":\"Benq 9h.jt577.13l Videoproyector Lk835st Laser 4000 Lum 4k 3840&#215;2160 Hasta 20000 Hrs Hdmix2 Displayport X1 Rs232x1 Bocina 5wx1\"}]},{\"@type\":\"WebSite\",\"@id\":\"https:\/\/compuviper.mx\/tienda\/#website\",\"url\":\"https:\/\/compuviper.mx\/tienda\/\",\"name\":\"Compuviper\",\"description\":\"Proveedor de Computadoras, Laptops, Servidores, Monitores, Puntos de Venta, Teclados,   Impresoras, T\u00f3ner, C\u00e1maras de Seguridad y m\u00e1s en tu tienda en l\u00ednea\",\"publisher\":{\"@id\":\"https:\/\/compuviper.mx\/tienda\/#organization\"},\"potentialAction\":[{\"@type\":\"SearchAction\",\"target\":{\"@type\":\"EntryPoint\",\"urlTemplate\":\"https:\/\/compuviper.mx\/tienda\/?s={search_term_string}\"},\"query-input\":\"required name=search_term_string\"}],\"inLanguage\":\"es-MX\"},{\"@type\":\"Organization\",\"@id\":\"https:\/\/compuviper.mx\/tienda\/#organization\",\"name\":\"Compuviper\",\"url\":\"https:\/\/compuviper.mx\/tienda\/\",\"logo\":{\"@type\":\"ImageObject\",\"inLanguage\":\"es-MX\",\"@id\":\"https:\/\/compuviper.mx\/tienda\/#\/schema\/logo\/image\/\",\"url\":\"https:\/\/compuviper.mx\/tienda\/wp-content\/uploads\/2021\/08\/Logo-Compuviper-10.png\",\"contentUrl\":\"https:\/\/compuviper.mx\/tienda\/wp-content\/uploads\/2021\/08\/Logo-Compuviper-10.png\",\"width\":1000,\"height\":500,\"caption\":\"Compuviper\"},\"image\":{\"@id\":\"https:\/\/compuviper.mx\/tienda\/#\/schema\/logo\/image\/\"},\"sameAs\":[\"https:\/\/www.facebook.com\/compuviper\",\"https:\/\/www.youtube.com\/channel\/UCf73dERp9Y3cfOq7q8BhLjA?view_as=subscriber\"]}]}<\/script>\n<meta property=\"product:brand\" content=\"BENQ\" \/>\n<meta property=\"product:price:amount\" content=\"39334\" \/>\n<meta property=\"product:price:currency\" content=\"MXN\" \/>\n<meta property=\"og:availability\" content=\"out of stock\" \/>\n<meta property=\"product:availability\" content=\"out of stock\" \/>\n<meta property=\"product:retailer_item_id\" content=\"9H.JT577.13L\" \/>\n<meta property=\"product:condition\" content=\"new\" \/>\n<!-- \/ Yoast SEO plugin. -->","yoast_head_json":{"title":"[ Benq ] &#129351; 9h.jt577.13l Videoproyector Lk835st Laser 4000 Lum 4k 3840x2160 Hasta 20000 Hrs Hdmix2 Displayport X1 Rs232x1 Bocina 5wx1","description":"Compra 9h.jt577.13l Videoproyector Lk835st Laser 4000 Lum 4k 3840x2160 Hasta 20000 Hrs Hdmix2 Displayport X1 Rs232x1 Bocina 5wx1 + Env\u00edo a domicilio + Pago seguro + Garant\u00eda","robots":{"index":"index","follow":"follow","max-snippet":"max-snippet:-1","max-image-preview":"max-image-preview:large","max-video-preview":"max-video-preview:-1"},"canonical":"https:\/\/compuviper.mx\/tienda\/producto\/benq-9h-jt577-13l-videoproyector-lk835st-laser-4000-lum-4k-3840x2160-hasta-20000-hrs-hdmix2-displayport-x1-rs232x1-bocina-5wx1\/","og_locale":"es_MX","og_type":"article","og_title":"[ Benq ] &#129351; 9h.jt577.13l Videoproyector Lk835st Laser 4000 Lum 4k 3840x2160 Hasta 20000 Hrs Hdmix2 Displayport X1 Rs232x1 Bocina 5wx1","og_description":"Compra 9h.jt577.13l Videoproyector Lk835st Laser 4000 Lum 4k 3840x2160 Hasta 20000 Hrs Hdmix2 Displayport X1 Rs232x1 Bocina 5wx1 + Env\u00edo a domicilio + Pago seguro + Garant\u00eda","og_url":"https:\/\/compuviper.mx\/tienda\/producto\/benq-9h-jt577-13l-videoproyector-lk835st-laser-4000-lum-4k-3840x2160-hasta-20000-hrs-hdmix2-displayport-x1-rs232x1-bocina-5wx1\/","og_site_name":"Compuviper","article_publisher":"https:\/\/www.facebook.com\/compuviper","og_image":[{"width":200,"height":200,"url":"https:\/\/compuviper.mx\/tienda\/wp-content\/uploads\/2025\/10\/Videoproyector-benq-lk835st-laser-4000-lum-4k-3840x2160-hasta-20000-hrs-hdmix2-displayport-x1-rs232x1-bocina-5wx1.jpg","type":"image\/jpeg"}],"twitter_card":"summary_large_image","twitter_misc":{"Precio":"&#36;39,334 con IVA","Availability":"Out of stock"},"schema":{"@context":"https:\/\/schema.org","@graph":[{"@type":"WebPage","@id":"https:\/\/compuviper.mx\/tienda\/producto\/benq-9h-jt577-13l-videoproyector-lk835st-laser-4000-lum-4k-3840x2160-hasta-20000-hrs-hdmix2-displayport-x1-rs232x1-bocina-5wx1\/","url":"https:\/\/compuviper.mx\/tienda\/producto\/benq-9h-jt577-13l-videoproyector-lk835st-laser-4000-lum-4k-3840x2160-hasta-20000-hrs-hdmix2-displayport-x1-rs232x1-bocina-5wx1\/","name":"[ Benq ] &#129351; 9h.jt577.13l Videoproyector Lk835st Laser 4000 Lum 4k 3840x2160 Hasta 20000 Hrs Hdmix2 Displayport X1 Rs232x1 Bocina 5wx1","isPartOf":{"@id":"https:\/\/compuviper.mx\/tienda\/#website"},"datePublished":"2026-04-25T08:17:33+00:00","dateModified":"2026-04-25T08:17:33+00:00","description":"Compra 9h.jt577.13l Videoproyector Lk835st Laser 4000 Lum 4k 3840x2160 Hasta 20000 Hrs Hdmix2 Displayport X1 Rs232x1 Bocina 5wx1 + Env\u00edo a domicilio + Pago seguro + Garant\u00eda","breadcrumb":{"@id":"https:\/\/compuviper.mx\/tienda\/producto\/benq-9h-jt577-13l-videoproyector-lk835st-laser-4000-lum-4k-3840x2160-hasta-20000-hrs-hdmix2-displayport-x1-rs232x1-bocina-5wx1\/#breadcrumb"},"inLanguage":"es-MX","potentialAction":[{"@type":"ReadAction","target":["https:\/\/compuviper.mx\/tienda\/producto\/benq-9h-jt577-13l-videoproyector-lk835st-laser-4000-lum-4k-3840x2160-hasta-20000-hrs-hdmix2-displayport-x1-rs232x1-bocina-5wx1\/"]}]},{"@type":"BreadcrumbList","@id":"https:\/\/compuviper.mx\/tienda\/producto\/benq-9h-jt577-13l-videoproyector-lk835st-laser-4000-lum-4k-3840x2160-hasta-20000-hrs-hdmix2-displayport-x1-rs232x1-bocina-5wx1\/#breadcrumb","itemListElement":[{"@type":"ListItem","position":1,"name":"Inicio","item":"https:\/\/compuviper.mx\/tienda\/"},{"@type":"ListItem","position":2,"name":"Productos","item":"https:\/\/compuviper.mx\/tienda\/productos\/"},{"@type":"ListItem","position":3,"name":"Videoproyector","item":"https:\/\/compuviper.mx\/tienda\/categoria-producto\/videoproyector\/"},{"@type":"ListItem","position":4,"name":"Profesional","item":"https:\/\/compuviper.mx\/tienda\/categoria-producto\/videoproyector\/profesional\/"},{"@type":"ListItem","position":5,"name":"Benq 9h.jt577.13l Videoproyector Lk835st Laser 4000 Lum 4k 3840&#215;2160 Hasta 20000 Hrs Hdmix2 Displayport X1 Rs232x1 Bocina 5wx1"}]},{"@type":"WebSite","@id":"https:\/\/compuviper.mx\/tienda\/#website","url":"https:\/\/compuviper.mx\/tienda\/","name":"Compuviper","description":"Proveedor de Computadoras, Laptops, Servidores, Monitores, Puntos de Venta, Teclados,   Impresoras, T\u00f3ner, C\u00e1maras de Seguridad y m\u00e1s en tu tienda en l\u00ednea","publisher":{"@id":"https:\/\/compuviper.mx\/tienda\/#organization"},"potentialAction":[{"@type":"SearchAction","target":{"@type":"EntryPoint","urlTemplate":"https:\/\/compuviper.mx\/tienda\/?s={search_term_string}"},"query-input":"required name=search_term_string"}],"inLanguage":"es-MX"},{"@type":"Organization","@id":"https:\/\/compuviper.mx\/tienda\/#organization","name":"Compuviper","url":"https:\/\/compuviper.mx\/tienda\/","logo":{"@type":"ImageObject","inLanguage":"es-MX","@id":"https:\/\/compuviper.mx\/tienda\/#\/schema\/logo\/image\/","url":"https:\/\/compuviper.mx\/tienda\/wp-content\/uploads\/2021\/08\/Logo-Compuviper-10.png","contentUrl":"https:\/\/compuviper.mx\/tienda\/wp-content\/uploads\/2021\/08\/Logo-Compuviper-10.png","width":1000,"height":500,"caption":"Compuviper"},"image":{"@id":"https:\/\/compuviper.mx\/tienda\/#\/schema\/logo\/image\/"},"sameAs":["https:\/\/www.facebook.com\/compuviper","https:\/\/www.youtube.com\/channel\/UCf73dERp9Y3cfOq7q8BhLjA?view_as=subscriber"]}]},"product_brand":"BENQ","product_price_amount":"39334","product_price_currency":"MXN","og_availability":"out of stock","product_availability":"out of stock","product_retailer_item_id":"9H.JT577.13L","product_condition":"new"},"_links":{"self":[{"href":"https:\/\/compuviper.mx\/tienda\/wp-json\/wp\/v2\/product\/255839"}],"collection":[{"href":"https:\/\/compuviper.mx\/tienda\/wp-json\/wp\/v2\/product"}],"about":[{"href":"https:\/\/compuviper.mx\/tienda\/wp-json\/wp\/v2\/types\/product"}],"replies":[{"embeddable":true,"href":"https:\/\/compuviper.mx\/tienda\/wp-json\/wp\/v2\/comments?post=255839"}],"wp:featuredmedia":[{"embeddable":true,"href":"https:\/\/compuviper.mx\/tienda\/wp-json\/wp\/v2\/media\/258603"}],"wp:attachment":[{"href":"https:\/\/compuviper.mx\/tienda\/wp-json\/wp\/v2\/media?parent=255839"}],"wp:term":[{"taxonomy":"product_cat","embeddable":true,"href":"https:\/\/compuviper.mx\/tienda\/wp-json\/wp\/v2\/product_cat?post=255839"},{"taxonomy":"product_tag","embeddable":true,"href":"https:\/\/compuviper.mx\/tienda\/wp-json\/wp\/v2\/product_tag?post=255839"}],"curies":[{"name":"wp","href":"https:\/\/api.w.org\/{rel}","templated":true}]}}