{"id":255822,"date":"2026-04-02T00:51:26","date_gmt":"2026-04-02T06:51:26","guid":{"rendered":"https:\/\/compuviper.mx\/tienda\/producto\/benq-9h-s3ytb-rp2-monitor-de-sealizacion-digital-st4304-43-uhd-4k-350-nits-bocina-12wx2-4gb-ram-32gb-rom-transimion-inalambrica-18-7-3-aos-de-garantia\/"},"modified":"2026-04-02T00:51:26","modified_gmt":"2026-04-02T06:51:26","slug":"benq-9h-s3ytb-rp2-monitor-de-sealizacion-digital-st4304-43-uhd-4k-350-nits-bocina-12wx2-4gb-ram-32gb-rom-transimion-inalambrica-18-7-3-aos-de-garantia","status":"publish","type":"product","link":"https:\/\/compuviper.mx\/tienda\/producto\/benq-9h-s3ytb-rp2-monitor-de-sealizacion-digital-st4304-43-uhd-4k-350-nits-bocina-12wx2-4gb-ram-32gb-rom-transimion-inalambrica-18-7-3-aos-de-garantia\/","title":{"rendered":"Benq 9h.s3ytb.rp2 Monitor De Se?alizacion Digital  St4304 43 Uhd 4k 350 Nits Bocina 12wx2 4gb Ram 32gb Rom Transimion Inalambrica 18\/7 3 A?os De Garantia"},"content":{"rendered":"<table class=\"descripcion\">\n<tr>\n<td>St4304 senalizacion inteligente 43<\/td>\n<\/tr>\n<tr>\n<td>Excelente calidad de imagen con resolucion 4k uhd<\/td>\n<\/tr>\n<tr>\n<td>Gran rendimiento de color 99 srgb ntsc 72<\/td>\n<\/tr>\n<tr>\n<td>Sistema integrado todo en uno android 14.0<\/td>\n<\/tr>\n<tr>\n<td>Dms cloud local para una comoda gestion de dispositivos<\/td>\n<\/tr>\n<tr>\n<td>Soporte x sign broadcast para entrega de mensajes instantaneos<\/td>\n<\/tr>\n<tr>\n<td>Rapido tiempo de respuesta 8ms<\/td>\n<\/tr>\n<tr>\n<td>Orientacion horizontal y vertical<\/td>\n<\/tr>\n<tr>\n<td>Especificaciones<\/td>\n<\/tr>\n<tr>\n<td>Panel<\/td>\n<\/tr>\n<tr>\n<td>Tamano de pantalla 43<\/td>\n<\/tr>\n<tr>\n<td>Fuente de iluminacion direct led<\/td>\n<\/tr>\n<tr>\n<td>Area activa horizontal x vertical 941.2 x 529.4 mm<\/td>\n<\/tr>\n<tr>\n<td>Tipo de panel ads<\/td>\n<\/tr>\n<tr>\n<td>Tiempo de respuesta 8ms<\/td>\n<\/tr>\n<tr>\n<td>Resolucion 3840 x 2160 pix<\/td>\n<\/tr>\n<tr>\n<td>Brillo 350 nits<\/td>\n<\/tr>\n<tr>\n<td>Contraste nativo 1200 1<\/td>\n<\/tr>\n<tr>\n<td>Gama de color cie 1976 99 srgb 72 ntsc<\/td>\n<\/tr>\n<tr>\n<td>Tiempo de vida 30000 hrs<\/td>\n<\/tr>\n<tr>\n<td>Orientacion horizontal vertical<\/td>\n<\/tr>\n<tr>\n<td>Plataforma del sistema<\/td>\n<\/tr>\n<tr>\n<td>Sistema operativo android 14.0<\/td>\n<\/tr>\n<tr>\n<td>Memoria almacenamiento 4gb32gb<\/td>\n<\/tr>\n<tr>\n<td>Cpu a73 x 4<\/td>\n<\/tr>\n<tr>\n<td>Gpu g52 mc1<\/td>\n<\/tr>\n<tr>\n<td>Audio<\/td>\n<\/tr>\n<tr>\n<td>Bocina interna 12wx2<\/td>\n<\/tr>\n<tr>\n<td>Audio out 3.5mm audifonos x1<\/td>\n<\/tr>\n<tr>\n<td>Interfaz<\/td>\n<\/tr>\n<tr>\n<td>Hdmi in out x2 2.0 na<\/td>\n<\/tr>\n<tr>\n<td>Usb tipo a x2 2.0<\/td>\n<\/tr>\n<tr>\n<td>Rj45 x1<\/td>\n<\/tr>\n<tr>\n<td>Rs232 in out x1 na<\/td>\n<\/tr>\n<tr>\n<td>Ethernet 10 100 mbps android x1<\/td>\n<\/tr>\n<tr>\n<td>Ir sensor si<\/td>\n<\/tr>\n<tr>\n<td>Energia<\/td>\n<\/tr>\n<tr>\n<td>Ac dc in ac<\/td>\n<\/tr>\n<tr>\n<td>Voltaje 100 40vac 50hz 60hz<\/td>\n<\/tr>\n<tr>\n<td>Conusmo de poder normal max stanby 60w 150w 0.5w<\/td>\n<\/tr>\n<tr>\n<td>Mecanico<\/td>\n<\/tr>\n<tr>\n<td>Dimensiones wxhxd 965.5 x 554.9 x 59.1 mm<\/td>\n<\/tr>\n<tr>\n<td>Bisel arriba bajo izquierda derecha 10.7 10.7 10.7 10.7 mm<\/td>\n<\/tr>\n<tr>\n<td>Peso sin caja con caja 7.9kg 11.3kg<\/td>\n<\/tr>\n<tr>\n<td>Montaje a pared vesa 200 x 200 4 orificios 4 m6 x 15l<\/td>\n<\/tr>\n<tr>\n<td>Medio ambiental<\/td>\n<\/tr>\n<tr>\n<td>Temperatura de operaci\u00f3n 0c 40c<\/td>\n<\/tr>\n<tr>\n<td>Temperatura de almacenamiento 10c 60c<\/td>\n<\/tr>\n<tr>\n<td>Uso hora dia 18 7<\/td>\n<\/tr>\n<tr>\n<td>Idiomas<\/td>\n<\/tr>\n<tr>\n<td>Idiomas en pantalla 28 idiomas<\/td>\n<\/tr>\n<tr>\n<td>Software<\/td>\n<\/tr>\n<tr>\n<td>Digital broadcasting x sign broadcast<\/td>\n<\/tr>\n<tr>\n<td>Cms x sign 2.7<\/td>\n<\/tr>\n<tr>\n<td>Gestion dispositivo dms cloud local<\/td>\n<\/tr>\n<tr>\n<td>Transimsion inalambrica instashare2<\/td>\n<\/tr>\n<tr>\n<td>Visualizador de documentos office wps<\/td>\n<\/tr>\n<tr>\n<td>Accesorios<\/td>\n<\/tr>\n<tr>\n<td>Control remoto si<\/td>\n<\/tr>\n<tr>\n<td>Cables poder hdmi x1 rs232 x1<\/td>\n<\/tr>\n<tr>\n<td>Guia de inicio rapido<\/td>\n<\/tr>\n<tr>\n<td>Manual del usuario electronico si<\/td>\n<\/tr>\n<tr>\n<td>Funciones<\/td>\n<\/tr>\n<tr>\n<td>Caracteristicas ajuste de imagen mejora de nitidez prueba de retencion de imagen picture in pictur pip procesamiento de color de 10 bits cec control funcion rtc congelamiento de imagen blank pantalla en blanco sensor interno de temperatura<\/td>\n<\/tr>\n<\/table>\n","protected":false},"excerpt":{"rendered":"<p>Senalizacion inteligente 4k. Solucion integral para negocios inteligntes. La senalizacion inteligente es su solucion integral todo en uno para mejorar las experiencias del cliente en su negocio. Facil de instalar operar y administrar sin dispositivos multimedia adicionales la serie de senalizacion inteligente de benq simplemente hace que los negocios sean mas atractivos e inteligentes<\/p>\n","protected":false},"featured_media":259986,"comment_status":"open","ping_status":"open","template":"","meta":[],"product_cat":[1741,1740],"product_tag":[1744],"acf":[],"yoast_head":"<!-- This site is optimized with the Yoast SEO plugin v21.7 - https:\/\/yoast.com\/wordpress\/plugins\/seo\/ -->\n<title>[ Benq ] &#129351; 9h.s3ytb.rp2 Monitor De Se\u00f1alizacion Digital St4304 43 Uhd 4k 350 Nits Bocina 12wx2 4gb Ram 32gb Rom Transimion Inalambrica 18\/7 3 A\u00f1os De Garantia<\/title>\n<meta name=\"description\" content=\"Compra 9h.s3ytb.rp2 Monitor De Se\u00f1alizacion Digital St4304 43 Uhd 4k 350 Nits Bocina 12wx2 4gb Ram 32gb Rom Transimion Inalambrica 18\/7 3 A\u00f1os De Garantia + Env\u00edo a domicilio + Pago seguro + Garant\u00eda\" \/>\n<meta name=\"robots\" content=\"index, follow, max-snippet:-1, max-image-preview:large, max-video-preview:-1\" \/>\n<link rel=\"canonical\" href=\"https:\/\/compuviper.mx\/tienda\/producto\/benq-9h-s3ytb-rp2-monitor-de-sealizacion-digital-st4304-43-uhd-4k-350-nits-bocina-12wx2-4gb-ram-32gb-rom-transimion-inalambrica-18-7-3-aos-de-garantia\/\" \/>\n<meta property=\"og:locale\" content=\"es_MX\" \/>\n<meta property=\"og:type\" content=\"article\" \/>\n<meta property=\"og:title\" content=\"[ Benq ] &#129351; 9h.s3ytb.rp2 Monitor De Se\u00f1alizacion Digital St4304 43 Uhd 4k 350 Nits Bocina 12wx2 4gb Ram 32gb Rom Transimion Inalambrica 18\/7 3 A\u00f1os De Garantia\" \/>\n<meta property=\"og:description\" content=\"Compra 9h.s3ytb.rp2 Monitor De Se\u00f1alizacion Digital St4304 43 Uhd 4k 350 Nits Bocina 12wx2 4gb Ram 32gb Rom Transimion Inalambrica 18\/7 3 A\u00f1os De Garantia + Env\u00edo a domicilio + Pago seguro + Garant\u00eda\" \/>\n<meta property=\"og:url\" content=\"https:\/\/compuviper.mx\/tienda\/producto\/benq-9h-s3ytb-rp2-monitor-de-sealizacion-digital-st4304-43-uhd-4k-350-nits-bocina-12wx2-4gb-ram-32gb-rom-transimion-inalambrica-18-7-3-aos-de-garantia\/\" \/>\n<meta property=\"og:site_name\" content=\"Compuviper\" \/>\n<meta property=\"article:publisher\" content=\"https:\/\/www.facebook.com\/compuviper\" \/>\n<meta property=\"og:image\" content=\"https:\/\/compuviper.mx\/tienda\/wp-content\/uploads\/2025\/10\/Monitor-de-senalizacion-digital-benq-st4304-43-uhd-4k-350-nits-bocina-12wx2-4gb-ram-32gb-rom-transimion-inalambrica-187-3-anos-de-garantia.jpg\" \/>\n\t<meta property=\"og:image:width\" content=\"200\" \/>\n\t<meta property=\"og:image:height\" content=\"200\" \/>\n\t<meta property=\"og:image:type\" content=\"image\/jpeg\" \/>\n<meta name=\"twitter:card\" content=\"summary_large_image\" \/>\n<meta name=\"twitter:label1\" content=\"Precio\" \/>\n\t<meta name=\"twitter:data1\" content=\"&#36;11,304 con IVA\" \/>\n\t<meta name=\"twitter:label2\" content=\"Availability\" \/>\n\t<meta name=\"twitter:data2\" content=\"Out of stock\" \/>\n<script type=\"application\/ld+json\" class=\"yoast-schema-graph\">{\"@context\":\"https:\/\/schema.org\",\"@graph\":[{\"@type\":\"WebPage\",\"@id\":\"https:\/\/compuviper.mx\/tienda\/producto\/benq-9h-s3ytb-rp2-monitor-de-sealizacion-digital-st4304-43-uhd-4k-350-nits-bocina-12wx2-4gb-ram-32gb-rom-transimion-inalambrica-18-7-3-aos-de-garantia\/\",\"url\":\"https:\/\/compuviper.mx\/tienda\/producto\/benq-9h-s3ytb-rp2-monitor-de-sealizacion-digital-st4304-43-uhd-4k-350-nits-bocina-12wx2-4gb-ram-32gb-rom-transimion-inalambrica-18-7-3-aos-de-garantia\/\",\"name\":\"[ Benq ] &#129351; 9h.s3ytb.rp2 Monitor De Se\u00f1alizacion Digital St4304 43 Uhd 4k 350 Nits Bocina 12wx2 4gb Ram 32gb Rom Transimion Inalambrica 18\/7 3 A\u00f1os De Garantia\",\"isPartOf\":{\"@id\":\"https:\/\/compuviper.mx\/tienda\/#website\"},\"datePublished\":\"2026-04-02T06:51:26+00:00\",\"dateModified\":\"2026-04-02T06:51:26+00:00\",\"description\":\"Compra 9h.s3ytb.rp2 Monitor De Se\u00f1alizacion Digital St4304 43 Uhd 4k 350 Nits Bocina 12wx2 4gb Ram 32gb Rom Transimion Inalambrica 18\/7 3 A\u00f1os De Garantia + Env\u00edo a domicilio + Pago seguro + Garant\u00eda\",\"breadcrumb\":{\"@id\":\"https:\/\/compuviper.mx\/tienda\/producto\/benq-9h-s3ytb-rp2-monitor-de-sealizacion-digital-st4304-43-uhd-4k-350-nits-bocina-12wx2-4gb-ram-32gb-rom-transimion-inalambrica-18-7-3-aos-de-garantia\/#breadcrumb\"},\"inLanguage\":\"es-MX\",\"potentialAction\":[{\"@type\":\"ReadAction\",\"target\":[\"https:\/\/compuviper.mx\/tienda\/producto\/benq-9h-s3ytb-rp2-monitor-de-sealizacion-digital-st4304-43-uhd-4k-350-nits-bocina-12wx2-4gb-ram-32gb-rom-transimion-inalambrica-18-7-3-aos-de-garantia\/\"]}]},{\"@type\":\"BreadcrumbList\",\"@id\":\"https:\/\/compuviper.mx\/tienda\/producto\/benq-9h-s3ytb-rp2-monitor-de-sealizacion-digital-st4304-43-uhd-4k-350-nits-bocina-12wx2-4gb-ram-32gb-rom-transimion-inalambrica-18-7-3-aos-de-garantia\/#breadcrumb\",\"itemListElement\":[{\"@type\":\"ListItem\",\"position\":1,\"name\":\"Inicio\",\"item\":\"https:\/\/compuviper.mx\/tienda\/\"},{\"@type\":\"ListItem\",\"position\":2,\"name\":\"Productos\",\"item\":\"https:\/\/compuviper.mx\/tienda\/productos\/\"},{\"@type\":\"ListItem\",\"position\":3,\"name\":\"Monitores\",\"item\":\"https:\/\/compuviper.mx\/tienda\/categoria-producto\/monitores\/\"},{\"@type\":\"ListItem\",\"position\":4,\"name\":\"Led\",\"item\":\"https:\/\/compuviper.mx\/tienda\/categoria-producto\/monitores\/led\/\"},{\"@type\":\"ListItem\",\"position\":5,\"name\":\"Benq 9h.s3ytb.rp2 Monitor De Se?alizacion Digital St4304 43 Uhd 4k 350 Nits Bocina 12wx2 4gb Ram 32gb Rom Transimion Inalambrica 18\/7 3 A?os De Garantia\"}]},{\"@type\":\"WebSite\",\"@id\":\"https:\/\/compuviper.mx\/tienda\/#website\",\"url\":\"https:\/\/compuviper.mx\/tienda\/\",\"name\":\"Compuviper\",\"description\":\"Proveedor de Computadoras, Laptops, Servidores, Monitores, Puntos de Venta, Teclados,   Impresoras, T\u00f3ner, C\u00e1maras de Seguridad y m\u00e1s en tu tienda en l\u00ednea\",\"publisher\":{\"@id\":\"https:\/\/compuviper.mx\/tienda\/#organization\"},\"potentialAction\":[{\"@type\":\"SearchAction\",\"target\":{\"@type\":\"EntryPoint\",\"urlTemplate\":\"https:\/\/compuviper.mx\/tienda\/?s={search_term_string}\"},\"query-input\":\"required name=search_term_string\"}],\"inLanguage\":\"es-MX\"},{\"@type\":\"Organization\",\"@id\":\"https:\/\/compuviper.mx\/tienda\/#organization\",\"name\":\"Compuviper\",\"url\":\"https:\/\/compuviper.mx\/tienda\/\",\"logo\":{\"@type\":\"ImageObject\",\"inLanguage\":\"es-MX\",\"@id\":\"https:\/\/compuviper.mx\/tienda\/#\/schema\/logo\/image\/\",\"url\":\"https:\/\/compuviper.mx\/tienda\/wp-content\/uploads\/2021\/08\/Logo-Compuviper-10.png\",\"contentUrl\":\"https:\/\/compuviper.mx\/tienda\/wp-content\/uploads\/2021\/08\/Logo-Compuviper-10.png\",\"width\":1000,\"height\":500,\"caption\":\"Compuviper\"},\"image\":{\"@id\":\"https:\/\/compuviper.mx\/tienda\/#\/schema\/logo\/image\/\"},\"sameAs\":[\"https:\/\/www.facebook.com\/compuviper\",\"https:\/\/www.youtube.com\/channel\/UCf73dERp9Y3cfOq7q8BhLjA?view_as=subscriber\"]}]}<\/script>\n<meta property=\"product:brand\" content=\"BENQ\" \/>\n<meta property=\"product:price:amount\" content=\"11304\" \/>\n<meta property=\"product:price:currency\" content=\"MXN\" \/>\n<meta property=\"og:availability\" content=\"out of stock\" \/>\n<meta property=\"product:availability\" content=\"out of stock\" \/>\n<meta property=\"product:retailer_item_id\" content=\"9H.S3YTB.RP2\" \/>\n<meta property=\"product:condition\" content=\"new\" \/>\n<!-- \/ Yoast SEO plugin. -->","yoast_head_json":{"title":"[ Benq ] &#129351; 9h.s3ytb.rp2 Monitor De Se\u00f1alizacion Digital St4304 43 Uhd 4k 350 Nits Bocina 12wx2 4gb Ram 32gb Rom Transimion Inalambrica 18\/7 3 A\u00f1os De Garantia","description":"Compra 9h.s3ytb.rp2 Monitor De Se\u00f1alizacion Digital St4304 43 Uhd 4k 350 Nits Bocina 12wx2 4gb Ram 32gb Rom Transimion Inalambrica 18\/7 3 A\u00f1os De Garantia + Env\u00edo a domicilio + Pago seguro + Garant\u00eda","robots":{"index":"index","follow":"follow","max-snippet":"max-snippet:-1","max-image-preview":"max-image-preview:large","max-video-preview":"max-video-preview:-1"},"canonical":"https:\/\/compuviper.mx\/tienda\/producto\/benq-9h-s3ytb-rp2-monitor-de-sealizacion-digital-st4304-43-uhd-4k-350-nits-bocina-12wx2-4gb-ram-32gb-rom-transimion-inalambrica-18-7-3-aos-de-garantia\/","og_locale":"es_MX","og_type":"article","og_title":"[ Benq ] &#129351; 9h.s3ytb.rp2 Monitor De Se\u00f1alizacion Digital St4304 43 Uhd 4k 350 Nits Bocina 12wx2 4gb Ram 32gb Rom Transimion Inalambrica 18\/7 3 A\u00f1os De Garantia","og_description":"Compra 9h.s3ytb.rp2 Monitor De Se\u00f1alizacion Digital St4304 43 Uhd 4k 350 Nits Bocina 12wx2 4gb Ram 32gb Rom Transimion Inalambrica 18\/7 3 A\u00f1os De Garantia + Env\u00edo a domicilio + Pago seguro + Garant\u00eda","og_url":"https:\/\/compuviper.mx\/tienda\/producto\/benq-9h-s3ytb-rp2-monitor-de-sealizacion-digital-st4304-43-uhd-4k-350-nits-bocina-12wx2-4gb-ram-32gb-rom-transimion-inalambrica-18-7-3-aos-de-garantia\/","og_site_name":"Compuviper","article_publisher":"https:\/\/www.facebook.com\/compuviper","og_image":[{"width":200,"height":200,"url":"https:\/\/compuviper.mx\/tienda\/wp-content\/uploads\/2025\/10\/Monitor-de-senalizacion-digital-benq-st4304-43-uhd-4k-350-nits-bocina-12wx2-4gb-ram-32gb-rom-transimion-inalambrica-187-3-anos-de-garantia.jpg","type":"image\/jpeg"}],"twitter_card":"summary_large_image","twitter_misc":{"Precio":"&#36;11,304 con IVA","Availability":"Out of stock"},"schema":{"@context":"https:\/\/schema.org","@graph":[{"@type":"WebPage","@id":"https:\/\/compuviper.mx\/tienda\/producto\/benq-9h-s3ytb-rp2-monitor-de-sealizacion-digital-st4304-43-uhd-4k-350-nits-bocina-12wx2-4gb-ram-32gb-rom-transimion-inalambrica-18-7-3-aos-de-garantia\/","url":"https:\/\/compuviper.mx\/tienda\/producto\/benq-9h-s3ytb-rp2-monitor-de-sealizacion-digital-st4304-43-uhd-4k-350-nits-bocina-12wx2-4gb-ram-32gb-rom-transimion-inalambrica-18-7-3-aos-de-garantia\/","name":"[ Benq ] &#129351; 9h.s3ytb.rp2 Monitor De Se\u00f1alizacion Digital St4304 43 Uhd 4k 350 Nits Bocina 12wx2 4gb Ram 32gb Rom Transimion Inalambrica 18\/7 3 A\u00f1os De Garantia","isPartOf":{"@id":"https:\/\/compuviper.mx\/tienda\/#website"},"datePublished":"2026-04-02T06:51:26+00:00","dateModified":"2026-04-02T06:51:26+00:00","description":"Compra 9h.s3ytb.rp2 Monitor De Se\u00f1alizacion Digital St4304 43 Uhd 4k 350 Nits Bocina 12wx2 4gb Ram 32gb Rom Transimion Inalambrica 18\/7 3 A\u00f1os De Garantia + Env\u00edo a domicilio + Pago seguro + Garant\u00eda","breadcrumb":{"@id":"https:\/\/compuviper.mx\/tienda\/producto\/benq-9h-s3ytb-rp2-monitor-de-sealizacion-digital-st4304-43-uhd-4k-350-nits-bocina-12wx2-4gb-ram-32gb-rom-transimion-inalambrica-18-7-3-aos-de-garantia\/#breadcrumb"},"inLanguage":"es-MX","potentialAction":[{"@type":"ReadAction","target":["https:\/\/compuviper.mx\/tienda\/producto\/benq-9h-s3ytb-rp2-monitor-de-sealizacion-digital-st4304-43-uhd-4k-350-nits-bocina-12wx2-4gb-ram-32gb-rom-transimion-inalambrica-18-7-3-aos-de-garantia\/"]}]},{"@type":"BreadcrumbList","@id":"https:\/\/compuviper.mx\/tienda\/producto\/benq-9h-s3ytb-rp2-monitor-de-sealizacion-digital-st4304-43-uhd-4k-350-nits-bocina-12wx2-4gb-ram-32gb-rom-transimion-inalambrica-18-7-3-aos-de-garantia\/#breadcrumb","itemListElement":[{"@type":"ListItem","position":1,"name":"Inicio","item":"https:\/\/compuviper.mx\/tienda\/"},{"@type":"ListItem","position":2,"name":"Productos","item":"https:\/\/compuviper.mx\/tienda\/productos\/"},{"@type":"ListItem","position":3,"name":"Monitores","item":"https:\/\/compuviper.mx\/tienda\/categoria-producto\/monitores\/"},{"@type":"ListItem","position":4,"name":"Led","item":"https:\/\/compuviper.mx\/tienda\/categoria-producto\/monitores\/led\/"},{"@type":"ListItem","position":5,"name":"Benq 9h.s3ytb.rp2 Monitor De Se?alizacion Digital St4304 43 Uhd 4k 350 Nits Bocina 12wx2 4gb Ram 32gb Rom Transimion Inalambrica 18\/7 3 A?os De Garantia"}]},{"@type":"WebSite","@id":"https:\/\/compuviper.mx\/tienda\/#website","url":"https:\/\/compuviper.mx\/tienda\/","name":"Compuviper","description":"Proveedor de Computadoras, Laptops, Servidores, Monitores, Puntos de Venta, Teclados,   Impresoras, T\u00f3ner, C\u00e1maras de Seguridad y m\u00e1s en tu tienda en l\u00ednea","publisher":{"@id":"https:\/\/compuviper.mx\/tienda\/#organization"},"potentialAction":[{"@type":"SearchAction","target":{"@type":"EntryPoint","urlTemplate":"https:\/\/compuviper.mx\/tienda\/?s={search_term_string}"},"query-input":"required name=search_term_string"}],"inLanguage":"es-MX"},{"@type":"Organization","@id":"https:\/\/compuviper.mx\/tienda\/#organization","name":"Compuviper","url":"https:\/\/compuviper.mx\/tienda\/","logo":{"@type":"ImageObject","inLanguage":"es-MX","@id":"https:\/\/compuviper.mx\/tienda\/#\/schema\/logo\/image\/","url":"https:\/\/compuviper.mx\/tienda\/wp-content\/uploads\/2021\/08\/Logo-Compuviper-10.png","contentUrl":"https:\/\/compuviper.mx\/tienda\/wp-content\/uploads\/2021\/08\/Logo-Compuviper-10.png","width":1000,"height":500,"caption":"Compuviper"},"image":{"@id":"https:\/\/compuviper.mx\/tienda\/#\/schema\/logo\/image\/"},"sameAs":["https:\/\/www.facebook.com\/compuviper","https:\/\/www.youtube.com\/channel\/UCf73dERp9Y3cfOq7q8BhLjA?view_as=subscriber"]}]},"product_brand":"BENQ","product_price_amount":"11304","product_price_currency":"MXN","og_availability":"out of stock","product_availability":"out of stock","product_retailer_item_id":"9H.S3YTB.RP2","product_condition":"new"},"_links":{"self":[{"href":"https:\/\/compuviper.mx\/tienda\/wp-json\/wp\/v2\/product\/255822"}],"collection":[{"href":"https:\/\/compuviper.mx\/tienda\/wp-json\/wp\/v2\/product"}],"about":[{"href":"https:\/\/compuviper.mx\/tienda\/wp-json\/wp\/v2\/types\/product"}],"replies":[{"embeddable":true,"href":"https:\/\/compuviper.mx\/tienda\/wp-json\/wp\/v2\/comments?post=255822"}],"wp:featuredmedia":[{"embeddable":true,"href":"https:\/\/compuviper.mx\/tienda\/wp-json\/wp\/v2\/media\/259986"}],"wp:attachment":[{"href":"https:\/\/compuviper.mx\/tienda\/wp-json\/wp\/v2\/media?parent=255822"}],"wp:term":[{"taxonomy":"product_cat","embeddable":true,"href":"https:\/\/compuviper.mx\/tienda\/wp-json\/wp\/v2\/product_cat?post=255822"},{"taxonomy":"product_tag","embeddable":true,"href":"https:\/\/compuviper.mx\/tienda\/wp-json\/wp\/v2\/product_tag?post=255822"}],"curies":[{"name":"wp","href":"https:\/\/api.w.org\/{rel}","templated":true}]}}