{"id":255816,"date":"2026-04-25T00:45:11","date_gmt":"2026-04-25T06:45:11","guid":{"rendered":"https:\/\/compuviper.mx\/tienda\/producto\/sharp-display-pn-m552-monitor-profesional-sharp-de-55-m552-uhd-3840-x-2160-24-7-550-cd-m2-80001-hdmi-displayport-hdcp-usb-rj-45-intel-sdm-y-rpi4\/"},"modified":"2026-04-25T00:45:11","modified_gmt":"2026-04-25T06:45:11","slug":"sharp-display-pn-m552-monitor-profesional-sharp-de-55-m552-uhd-3840-x-2160-24-7-550-cd-m2-80001-hdmi-displayport-hdcp-usb-rj-45-intel-sdm-y-rpi4","status":"publish","type":"product","link":"https:\/\/compuviper.mx\/tienda\/producto\/sharp-display-pn-m552-monitor-profesional-sharp-de-55-m552-uhd-3840-x-2160-24-7-550-cd-m2-80001-hdmi-displayport-hdcp-usb-rj-45-intel-sdm-y-rpi4\/","title":{"rendered":"Sharp Display Pn-m552 Monitor Profesional Sharp De 55? M552 Uhd 3840 X 2160 24\/7, 550 Cd\/m2, 8000:1, Hdmi, Displayport Hdcp, Usb, Rj-45, Intel Sdm Y Rpi4"},"content":{"rendered":"<table class=\"descripcion\">\n<tr>\n<td>Display<\/td>\n<\/tr>\n<tr>\n<td>Tecnologa del panelips con retroiluminacin led directa<\/td>\n<\/tr>\n<tr>\n<td>Area de pantalla activa an x al [mm]1.209,6 x 680,4<\/td>\n<\/tr>\n<tr>\n<td>Tamao de pantalla [pulgadas\/cm]54,6 \/ 138,8<\/td>\n<\/tr>\n<tr>\n<td>Relacin de aspecto16:9<\/td>\n<\/tr>\n<tr>\n<td>Tamao de pxel [mm]0,315<\/td>\n<\/tr>\n<tr>\n<td>Brillo [cd\/m\u00b2]550<\/td>\n<\/tr>\n<tr>\n<td>Contrast ratio and 8805; 8000:1 1<\/td>\n<\/tr>\n<tr>\n<td>\u00e1ngulo de visin [\u00b0]178 horizontal \/ 178 vertical tp. en ratio de contraste 10:1<\/td>\n<\/tr>\n<tr>\n<td>Colour depth [bn]1.073 10bit<\/td>\n<\/tr>\n<tr>\n<td>Colour gamut72 de ntsc<\/td>\n<\/tr>\n<tr>\n<td>Tiempo de respuesta tp. [msec]8<\/td>\n<\/tr>\n<tr>\n<td>Frecuencia de refresco [hz]60<\/td>\n<\/tr>\n<tr>\n<td>Haze level []pro 25<\/td>\n<\/tr>\n<tr>\n<td>Orientacin posiblehorizontal; pantalla hacia arriba 2; vertical<\/td>\n<\/tr>\n<tr>\n<td>Resolucin<\/td>\n<\/tr>\n<tr>\n<td>Resolucin nativa<\/td>\n<\/tr>\n<tr>\n<td>3840 x 2160<\/td>\n<\/tr>\n<tr>\n<td>Funciona con entradas digitales y an\u00e1logas pc<\/td>\n<\/tr>\n<tr>\n<td>1024 x 768;<\/td>\n<\/tr>\n<tr>\n<td>1270 x 720;<\/td>\n<\/tr>\n<tr>\n<td>1280 x 1024;<\/td>\n<\/tr>\n<tr>\n<td>1280 x 720;<\/td>\n<\/tr>\n<tr>\n<td>1280 x 800;<\/td>\n<\/tr>\n<tr>\n<td>1360 x 768;<\/td>\n<\/tr>\n<tr>\n<td>1366 x 768;<\/td>\n<\/tr>\n<tr>\n<td>1400 x 1050;<\/td>\n<\/tr>\n<tr>\n<td>1440 x 900;<\/td>\n<\/tr>\n<tr>\n<td>1600 x 1200;<\/td>\n<\/tr>\n<tr>\n<td>1680 x 1050;<\/td>\n<\/tr>\n<tr>\n<td>1920 x 1080;<\/td>\n<\/tr>\n<tr>\n<td>1920 x 1200;<\/td>\n<\/tr>\n<tr>\n<td>1920 x 1200;<\/td>\n<\/tr>\n<tr>\n<td>1920 x 2160;<\/td>\n<\/tr>\n<tr>\n<td>3840 x 2160;<\/td>\n<\/tr>\n<tr>\n<td>4096 x 2160;<\/td>\n<\/tr>\n<tr>\n<td>640 x 480;<\/td>\n<\/tr>\n<tr>\n<td>720 x 400;<\/td>\n<\/tr>\n<tr>\n<td>720 x 480;<\/td>\n<\/tr>\n<tr>\n<td>720 x 576;<\/td>\n<\/tr>\n<tr>\n<td>800 x 600<\/td>\n<\/tr>\n<tr>\n<td>Frecuencia de sincronizacin<\/td>\n<\/tr>\n<tr>\n<td>Frecuencia horizontal [khz]15 &#8211; 135<\/td>\n<\/tr>\n<tr>\n<td>Frecuencia vertical [hz]23 &#8211; 76<\/td>\n<\/tr>\n<tr>\n<td>Conectividad<\/td>\n<\/tr>\n<tr>\n<td>Hdmi in 1video input; uhd 60 hz hdcp 2.2; audio input; arc; cec<\/td>\n<\/tr>\n<tr>\n<td>Hdmi in 2video input; uhd 60 hz hdcp 2.2; audio input; cec<\/td>\n<\/tr>\n<tr>\n<td>Hdmi outvideo output; uhd 60 hz hdcp 2.2; audio output; loop through: hdmi in 2, option, compute module<\/td>\n<\/tr>\n<tr>\n<td>Dp in 1video input; uhd 60 hz dp 1.2; hdcp 2.2; audio input<\/td>\n<\/tr>\n<tr>\n<td>Dp outvideo output; uhd 60 hz dp 1.2; hdcp 2.2; audio output; loop through: displayport in, usb-c 2<\/td>\n<\/tr>\n<tr>\n<td>Usb-a 1usb 2.0 \/ 3.2; 4.5 w; peripherals; usb storage<\/td>\n<\/tr>\n<tr>\n<td>Usb-a service2.5 w; service<\/td>\n<\/tr>\n<tr>\n<td>Usb-c 1video input; uhd 60 hz; dp alt. 1.2; hdcp 2.2; audio input; usb 2.0 \/ 3.2; 65 w<\/td>\n<\/tr>\n<tr>\n<td>Usb-c 2usb 2.0 \/ 3.2; 7.5 w; peripherals; storage<\/td>\n<\/tr>\n<tr>\n<td>Audio output 3.5 mmaudio output; line out<\/td>\n<\/tr>\n<tr>\n<td>Lan 1100 mbit\/s<\/td>\n<\/tr>\n<tr>\n<td>Lan 2loop through: lan 1, rs-232c, ir; 100 mbit\/s<\/td>\n<\/tr>\n<tr>\n<td>Rs-232c9600 bps<\/td>\n<\/tr>\n<tr>\n<td>Remote in 3.5 mmeco sensor ir-extender, ambient and presence<\/td>\n<\/tr>\n<tr>\n<td>Calibracin<\/td>\n<\/tr>\n<tr>\n<td>Calibracin de f\u00e1bricagamma; intensidad; punto blanco; rgb; uniformidad<\/td>\n<\/tr>\n<tr>\n<td>Calibracin con softwareactualizacin de la calibracin de f\u00e1brica; gamma; intensidad; punto blanco; rgb; uniformidad de las esquinas<\/td>\n<\/tr>\n<tr>\n<td>Software de calibracindisplay wall calibrator<\/td>\n<\/tr>\n<tr>\n<td>Open modular intelligence<\/td>\n<\/tr>\n<tr>\n<td>Intel\u00ae sdmacepta los mdulos grandes y pequeos de intel\u00ae smart display modules hasta 66 w<\/td>\n<\/tr>\n<tr>\n<td>Ranura de mdulo de cmputorpi compute module 4<\/td>\n<\/tr>\n<tr>\n<td>Sensores<\/td>\n<\/tr>\n<tr>\n<td>Sensor de luz ambientaloptional via eco sensor ktes1<\/td>\n<\/tr>\n<tr>\n<td>Sensor de movimientooptional via eco sensor ktes1<\/td>\n<\/tr>\n<tr>\n<td>Sensor de temperaturaintegrado, 3 sensores, acciones de activacin programables<\/td>\n<\/tr>\n<tr>\n<td>Elctrico<\/td>\n<\/tr>\n<tr>\n<td>Consumo [w]105 envo<\/td>\n<\/tr>\n<tr>\n<td>Modo stand-by [w]  0,5;   2 networked standby<\/td>\n<\/tr>\n<tr>\n<td>Gestin de energavesa dpms<\/td>\n<\/tr>\n<tr>\n<td>Fuente de alimentacin100-240 v ac; 50\/60 hz; interna<\/td>\n<\/tr>\n<tr>\n<td>Condiciones ambientales<\/td>\n<\/tr>\n<tr>\n<td>Temperatura ambiente de funcionamiento [\u00b0c]0 a 40<\/td>\n<\/tr>\n<tr>\n<td>Humedad ambiental de funcionamiento []20 a 80<\/td>\n<\/tr>\n<tr>\n<td>Humedad de almacenamiento []10 a 80<\/td>\n<\/tr>\n<tr>\n<td>Temperatura de almacenamiento [\u00b0c]-20 a 60<\/td>\n<\/tr>\n<tr>\n<td>Mec\u00e1nico<\/td>\n<\/tr>\n<tr>\n<td>Medidas an x al x prof [mm]1.235,6 x 709,3 x 59,5<\/td>\n<\/tr>\n<tr>\n<td>Peso [kg]20.5<\/td>\n<\/tr>\n<tr>\n<td>Ancho del marco [mm]11 izquierda, derecha y arriba; 13,9 abajo<\/td>\n<\/tr>\n<tr>\n<td>Montaje vesa [mm]300 x 300 fdmi; 4 muescas; m6<\/td>\n<\/tr>\n<tr>\n<td>Proteccin contra penetracinip5x frente; ip2x dorso<\/td>\n<\/tr>\n<tr>\n<td>Dimensiones del embalaje an x al x pr [mm]1,390 x 850 x 160<\/td>\n<\/tr>\n<tr>\n<td>Peso del embalaje [kg]27<\/td>\n<\/tr>\n<tr>\n<td>Materialmetal<\/td>\n<\/tr>\n<tr>\n<td>Opciones disponibles<\/td>\n<\/tr>\n<tr>\n<td>Accesoriosaltavoces sp-rm3a; cable usb-c de usb-c 5m, usb-c 7m; carrito pd04 tipster, l20pnsr780meu; eco sensor ktes1; kit de mando a distancia ktrc3; montaje de pared pdw s 32-65 l, pdw s 32-65 p, l20pnwall90eu, pdw t xl-2; pies st-43m; soundbar pn-zmcs1<\/td>\n<\/tr>\n<tr>\n<td>Condiciones reglamentarias<\/td>\n<\/tr>\n<tr>\n<td>Seguridad y ergonomace; emc class b; energy star 8; fcc class b; reach; rohs; ukca; ul\/c-ul o csa<\/td>\n<\/tr>\n<tr>\n<td>Tipo de error de pxeliso 9241-307, tipo 1<\/td>\n<\/tr>\n<tr>\n<td>Resistencia al fuegometal backcover, plastic material certified acc. to ul94-5vb<\/td>\n<\/tr>\n<tr>\n<td>Funciones ecolgicas<\/td>\n<\/tr>\n<tr>\n<td>Eficiencia energticaclase de eficiencia energtica: g; consumo de energa: 103 kwh\/1000 horas; retroiluminacin led<\/td>\n<\/tr>\n<tr>\n<td>Est\u00e1ndares ecolgicosenergystar 8.0<\/td>\n<\/tr>\n<tr>\n<td>Certificaciones externas<\/td>\n<\/tr>\n<tr>\n<td>Crestroncertificado para crestron ccv2 y xio cloud<\/td>\n<\/tr>\n<tr>\n<td>Funciones adicionales<\/td>\n<\/tr>\n<tr>\n<td>Caractersticas especialescec support; clone settings; hdmi arc; planificador; simulacin dicom<\/td>\n<\/tr>\n<tr>\n<td>Versionesmarco frontal negro, parte posterior negra<\/td>\n<\/tr>\n<tr>\n<td>Audioaltavoces integrados 10 w  10 w<\/td>\n<\/tr>\n<tr>\n<td>Accesorios includos2x bateras aaa; cable de alimentacin; cable hdmi; control remoto; manual de instalacin; pantalla<\/td>\n<\/tr>\n<tr>\n<td>Garanta3 aos de garanta<\/td>\n<\/tr>\n<tr>\n<td>Horas de funcionamiento24\/7<\/td>\n<\/tr>\n<tr>\n<td>External controlamx netlinx support; crestron v2; hdmi cec; http browser; pjlink; scheduled timer; snmp<\/td>\n<\/tr>\n<tr>\n<td>Remote managementnaviset administrator 2<\/td>\n<\/tr>\n<tr>\n<td>Securitydisable hw buttons; disable ir functionality; ieee802.1x lan<\/td>\n<\/tr>\n<\/table>\n","protected":false},"excerpt":{"rendered":"<p>La serie multisync\u00ae m2 32 hasta 98 de sharp es la solucin m\u00e1s vers\u00e1til para aplicaciones profesionales con display. Esta serie fue desarrollada especialmente para la sealizacin o conferencias en entornos exigentes. La serie cuenta con conectividad usb-c nativa y compatibilidad con plataformas como crestron, cisco webex y microsoft teams, lo que permite la colaboracin con dispositivos propios y la integracin del futuro, al mismo tiempo la conectividad lan 802.1x brinda seguridad de red a nivel corporativo. Gracias al brillo de 550 cd\/m\u00b2, lder en su clase, m\u00e1s el panel antirreflejo y a la eficaz tecnologa spectraview engine de nec, la serie m2 brinda un rendimiento visual excelente con una precisin crom\u00e1tica sin par. La serie multisync\u00ae m2 es parte de la nueva familia de displays de la marca sharp, y se basa en la tradicin de calidad y fiabilidad de nec, por eso es m\u00e1s eficaz y tiene m\u00e1s valor a largo plazo. Su diseo modular da lugar a las opciones de cmputo de la preferencia del usuario raspberry pi o intel\u00ae sdm, su conectividad es flexible por ej. Av-over-ip, de esta forma la serie ofrece versatilidad, rendimiento y durabilidad a largo plazo. Beneficios. Flujos de trabajo de reuniones sin interrupciones \u0096 un solo cable usb-c transmite vdeo, datos y energa para configuraciones de reuniones r\u00e1pidas y sin desorden. Como est\u00e1ndar consolidado para espacios de colaboracin modernos, usb-c soporta experiencias byod sin fricciones. Legibilidad ilimitada \u0096 sin reflejos desde las ventanas u otras fuentes de luz, as la visibilidad del contenido o de la presentacin en la sala no ser\u00e1 interrumpida. Seguridad garantizada \u0096 el soporte lan 802.1x permite un alto nivel de seguridad para redes corporativas, brindando tranquilidad a los equipos de ti y entornos empresariales. Precisin de imagen mejorada \u0096 cuando la coherencia de marca y la identidad corporativa son importantes, el spectraview engine de nec ofrece control total sobre color, gamma y uniformidad para contenidos precisos y de impacto. Amplia compatibilidad av \u0096 totalmente interoperable con las principales plataformas de salas de reuniones, incluyendo crestron xio cloud, cisco webex, q-sys y microsoft teams, asegurando una integracin sin esfuerzo y una escalabilidad futura.<\/p>\n","protected":false},"featured_media":259980,"comment_status":"open","ping_status":"open","template":"","meta":[],"product_cat":[1740,1741],"product_tag":[2237],"acf":[],"yoast_head":"<!-- This site is optimized with the Yoast SEO plugin v21.7 - https:\/\/yoast.com\/wordpress\/plugins\/seo\/ -->\n<title>[ Sharp Display ] &#129351; Pn-m552 Monitor Profesional Sharp De 55\u0094 M552 Uhd 3840 X 2160 24\/7, 550 Cd\/m2, 8000:1, Hdmi, Displayport Hdcp, Usb, Rj-45, Intel Sdm Y Rpi4<\/title>\n<meta name=\"description\" content=\"Compra Pn-m552 Monitor Profesional Sharp De 55\u0094 M552 Uhd 3840 X 2160 24\/7, 550 Cd\/m2, 8000:1, Hdmi, Displayport Hdcp, Usb, Rj-45, Intel Sdm Y Rpi4 + Env\u00edo a domicilio + Pago seguro + Garant\u00eda\" \/>\n<meta name=\"robots\" content=\"index, follow, max-snippet:-1, max-image-preview:large, max-video-preview:-1\" \/>\n<link rel=\"canonical\" href=\"https:\/\/compuviper.mx\/tienda\/producto\/sharp-display-pn-m552-monitor-profesional-sharp-de-55-m552-uhd-3840-x-2160-24-7-550-cd-m2-80001-hdmi-displayport-hdcp-usb-rj-45-intel-sdm-y-rpi4\/\" \/>\n<meta property=\"og:locale\" content=\"es_MX\" \/>\n<meta property=\"og:type\" content=\"article\" \/>\n<meta property=\"og:title\" content=\"[ Sharp Display ] &#129351; Pn-m552 Monitor Profesional Sharp De 55\u0094 M552 Uhd 3840 X 2160 24\/7, 550 Cd\/m2, 8000:1, Hdmi, Displayport Hdcp, Usb, Rj-45, Intel Sdm Y Rpi4\" \/>\n<meta property=\"og:description\" content=\"Compra Pn-m552 Monitor Profesional Sharp De 55\u0094 M552 Uhd 3840 X 2160 24\/7, 550 Cd\/m2, 8000:1, Hdmi, Displayport Hdcp, Usb, Rj-45, Intel Sdm Y Rpi4 + Env\u00edo a domicilio + Pago seguro + Garant\u00eda\" \/>\n<meta property=\"og:url\" content=\"https:\/\/compuviper.mx\/tienda\/producto\/sharp-display-pn-m552-monitor-profesional-sharp-de-55-m552-uhd-3840-x-2160-24-7-550-cd-m2-80001-hdmi-displayport-hdcp-usb-rj-45-intel-sdm-y-rpi4\/\" \/>\n<meta property=\"og:site_name\" content=\"Compuviper\" \/>\n<meta property=\"article:publisher\" content=\"https:\/\/www.facebook.com\/compuviper\" \/>\n<meta property=\"og:image\" content=\"https:\/\/compuviper.mx\/tienda\/wp-content\/uploads\/2025\/10\/Monitor-profesional-sharp-de-55\u0094-m552-uhd-3840-x-2160-247-550-cdm2-80001-hdmi-displayport-hdcp-usb-rj-45-intel-sdm-y-rpi4.jpg\" \/>\n\t<meta property=\"og:image:width\" content=\"200\" \/>\n\t<meta property=\"og:image:height\" content=\"200\" \/>\n\t<meta property=\"og:image:type\" content=\"image\/jpeg\" \/>\n<meta name=\"twitter:card\" content=\"summary_large_image\" \/>\n<meta name=\"twitter:label1\" content=\"Precio\" \/>\n\t<meta name=\"twitter:data1\" content=\"&#36;31,790 &#36;22,312 con IVA\" \/>\n\t<meta name=\"twitter:label2\" content=\"Availability\" \/>\n\t<meta name=\"twitter:data2\" content=\"Out of stock\" \/>\n<script type=\"application\/ld+json\" class=\"yoast-schema-graph\">{\"@context\":\"https:\/\/schema.org\",\"@graph\":[{\"@type\":\"WebPage\",\"@id\":\"https:\/\/compuviper.mx\/tienda\/producto\/sharp-display-pn-m552-monitor-profesional-sharp-de-55-m552-uhd-3840-x-2160-24-7-550-cd-m2-80001-hdmi-displayport-hdcp-usb-rj-45-intel-sdm-y-rpi4\/\",\"url\":\"https:\/\/compuviper.mx\/tienda\/producto\/sharp-display-pn-m552-monitor-profesional-sharp-de-55-m552-uhd-3840-x-2160-24-7-550-cd-m2-80001-hdmi-displayport-hdcp-usb-rj-45-intel-sdm-y-rpi4\/\",\"name\":\"[ Sharp Display ] &#129351; Pn-m552 Monitor Profesional Sharp De 55\u0094 M552 Uhd 3840 X 2160 24\/7, 550 Cd\/m2, 8000:1, Hdmi, Displayport Hdcp, Usb, Rj-45, Intel Sdm Y Rpi4\",\"isPartOf\":{\"@id\":\"https:\/\/compuviper.mx\/tienda\/#website\"},\"datePublished\":\"2026-04-25T06:45:11+00:00\",\"dateModified\":\"2026-04-25T06:45:11+00:00\",\"description\":\"Compra Pn-m552 Monitor Profesional Sharp De 55\u0094 M552 Uhd 3840 X 2160 24\/7, 550 Cd\/m2, 8000:1, Hdmi, Displayport Hdcp, Usb, Rj-45, Intel Sdm Y Rpi4 + Env\u00edo a domicilio + Pago seguro + Garant\u00eda\",\"breadcrumb\":{\"@id\":\"https:\/\/compuviper.mx\/tienda\/producto\/sharp-display-pn-m552-monitor-profesional-sharp-de-55-m552-uhd-3840-x-2160-24-7-550-cd-m2-80001-hdmi-displayport-hdcp-usb-rj-45-intel-sdm-y-rpi4\/#breadcrumb\"},\"inLanguage\":\"es-MX\",\"potentialAction\":[{\"@type\":\"ReadAction\",\"target\":[\"https:\/\/compuviper.mx\/tienda\/producto\/sharp-display-pn-m552-monitor-profesional-sharp-de-55-m552-uhd-3840-x-2160-24-7-550-cd-m2-80001-hdmi-displayport-hdcp-usb-rj-45-intel-sdm-y-rpi4\/\"]}]},{\"@type\":\"BreadcrumbList\",\"@id\":\"https:\/\/compuviper.mx\/tienda\/producto\/sharp-display-pn-m552-monitor-profesional-sharp-de-55-m552-uhd-3840-x-2160-24-7-550-cd-m2-80001-hdmi-displayport-hdcp-usb-rj-45-intel-sdm-y-rpi4\/#breadcrumb\",\"itemListElement\":[{\"@type\":\"ListItem\",\"position\":1,\"name\":\"Inicio\",\"item\":\"https:\/\/compuviper.mx\/tienda\/\"},{\"@type\":\"ListItem\",\"position\":2,\"name\":\"Productos\",\"item\":\"https:\/\/compuviper.mx\/tienda\/productos\/\"},{\"@type\":\"ListItem\",\"position\":3,\"name\":\"Monitores\",\"item\":\"https:\/\/compuviper.mx\/tienda\/categoria-producto\/monitores\/\"},{\"@type\":\"ListItem\",\"position\":4,\"name\":\"Led\",\"item\":\"https:\/\/compuviper.mx\/tienda\/categoria-producto\/monitores\/led\/\"},{\"@type\":\"ListItem\",\"position\":5,\"name\":\"Sharp Display Pn-m552 Monitor Profesional Sharp De 55? M552 Uhd 3840 X 2160 24\/7, 550 Cd\/m2, 8000:1, Hdmi, Displayport Hdcp, Usb, Rj-45, Intel Sdm Y Rpi4\"}]},{\"@type\":\"WebSite\",\"@id\":\"https:\/\/compuviper.mx\/tienda\/#website\",\"url\":\"https:\/\/compuviper.mx\/tienda\/\",\"name\":\"Compuviper\",\"description\":\"Proveedor de Computadoras, Laptops, Servidores, Monitores, Puntos de Venta, Teclados,   Impresoras, T\u00f3ner, C\u00e1maras de Seguridad y m\u00e1s en tu tienda en l\u00ednea\",\"publisher\":{\"@id\":\"https:\/\/compuviper.mx\/tienda\/#organization\"},\"potentialAction\":[{\"@type\":\"SearchAction\",\"target\":{\"@type\":\"EntryPoint\",\"urlTemplate\":\"https:\/\/compuviper.mx\/tienda\/?s={search_term_string}\"},\"query-input\":\"required name=search_term_string\"}],\"inLanguage\":\"es-MX\"},{\"@type\":\"Organization\",\"@id\":\"https:\/\/compuviper.mx\/tienda\/#organization\",\"name\":\"Compuviper\",\"url\":\"https:\/\/compuviper.mx\/tienda\/\",\"logo\":{\"@type\":\"ImageObject\",\"inLanguage\":\"es-MX\",\"@id\":\"https:\/\/compuviper.mx\/tienda\/#\/schema\/logo\/image\/\",\"url\":\"https:\/\/compuviper.mx\/tienda\/wp-content\/uploads\/2021\/08\/Logo-Compuviper-10.png\",\"contentUrl\":\"https:\/\/compuviper.mx\/tienda\/wp-content\/uploads\/2021\/08\/Logo-Compuviper-10.png\",\"width\":1000,\"height\":500,\"caption\":\"Compuviper\"},\"image\":{\"@id\":\"https:\/\/compuviper.mx\/tienda\/#\/schema\/logo\/image\/\"},\"sameAs\":[\"https:\/\/www.facebook.com\/compuviper\",\"https:\/\/www.youtube.com\/channel\/UCf73dERp9Y3cfOq7q8BhLjA?view_as=subscriber\"]}]}<\/script>\n<meta property=\"product:brand\" content=\"Sharp Display\" \/>\n<meta property=\"product:price:amount\" content=\"22312\" \/>\n<meta property=\"product:price:currency\" content=\"MXN\" \/>\n<meta property=\"og:availability\" content=\"out of stock\" \/>\n<meta property=\"product:availability\" content=\"out of stock\" \/>\n<meta property=\"product:retailer_item_id\" content=\"PN-M552\" \/>\n<meta property=\"product:condition\" content=\"new\" \/>\n<!-- \/ Yoast SEO plugin. -->","yoast_head_json":{"title":"[ Sharp Display ] &#129351; Pn-m552 Monitor Profesional Sharp De 55\u0094 M552 Uhd 3840 X 2160 24\/7, 550 Cd\/m2, 8000:1, Hdmi, Displayport Hdcp, Usb, Rj-45, Intel Sdm Y Rpi4","description":"Compra Pn-m552 Monitor Profesional Sharp De 55\u0094 M552 Uhd 3840 X 2160 24\/7, 550 Cd\/m2, 8000:1, Hdmi, Displayport Hdcp, Usb, Rj-45, Intel Sdm Y Rpi4 + Env\u00edo a domicilio + Pago seguro + Garant\u00eda","robots":{"index":"index","follow":"follow","max-snippet":"max-snippet:-1","max-image-preview":"max-image-preview:large","max-video-preview":"max-video-preview:-1"},"canonical":"https:\/\/compuviper.mx\/tienda\/producto\/sharp-display-pn-m552-monitor-profesional-sharp-de-55-m552-uhd-3840-x-2160-24-7-550-cd-m2-80001-hdmi-displayport-hdcp-usb-rj-45-intel-sdm-y-rpi4\/","og_locale":"es_MX","og_type":"article","og_title":"[ Sharp Display ] &#129351; Pn-m552 Monitor Profesional Sharp De 55\u0094 M552 Uhd 3840 X 2160 24\/7, 550 Cd\/m2, 8000:1, Hdmi, Displayport Hdcp, Usb, Rj-45, Intel Sdm Y Rpi4","og_description":"Compra Pn-m552 Monitor Profesional Sharp De 55\u0094 M552 Uhd 3840 X 2160 24\/7, 550 Cd\/m2, 8000:1, Hdmi, Displayport Hdcp, Usb, Rj-45, Intel Sdm Y Rpi4 + Env\u00edo a domicilio + Pago seguro + Garant\u00eda","og_url":"https:\/\/compuviper.mx\/tienda\/producto\/sharp-display-pn-m552-monitor-profesional-sharp-de-55-m552-uhd-3840-x-2160-24-7-550-cd-m2-80001-hdmi-displayport-hdcp-usb-rj-45-intel-sdm-y-rpi4\/","og_site_name":"Compuviper","article_publisher":"https:\/\/www.facebook.com\/compuviper","og_image":[{"width":200,"height":200,"url":"https:\/\/compuviper.mx\/tienda\/wp-content\/uploads\/2025\/10\/Monitor-profesional-sharp-de-55\u0094-m552-uhd-3840-x-2160-247-550-cdm2-80001-hdmi-displayport-hdcp-usb-rj-45-intel-sdm-y-rpi4.jpg","type":"image\/jpeg"}],"twitter_card":"summary_large_image","twitter_misc":{"Precio":"&#36;31,790 &#36;22,312 con IVA","Availability":"Out of stock"},"schema":{"@context":"https:\/\/schema.org","@graph":[{"@type":"WebPage","@id":"https:\/\/compuviper.mx\/tienda\/producto\/sharp-display-pn-m552-monitor-profesional-sharp-de-55-m552-uhd-3840-x-2160-24-7-550-cd-m2-80001-hdmi-displayport-hdcp-usb-rj-45-intel-sdm-y-rpi4\/","url":"https:\/\/compuviper.mx\/tienda\/producto\/sharp-display-pn-m552-monitor-profesional-sharp-de-55-m552-uhd-3840-x-2160-24-7-550-cd-m2-80001-hdmi-displayport-hdcp-usb-rj-45-intel-sdm-y-rpi4\/","name":"[ Sharp Display ] &#129351; Pn-m552 Monitor Profesional Sharp De 55\u0094 M552 Uhd 3840 X 2160 24\/7, 550 Cd\/m2, 8000:1, Hdmi, Displayport Hdcp, Usb, Rj-45, Intel Sdm Y Rpi4","isPartOf":{"@id":"https:\/\/compuviper.mx\/tienda\/#website"},"datePublished":"2026-04-25T06:45:11+00:00","dateModified":"2026-04-25T06:45:11+00:00","description":"Compra Pn-m552 Monitor Profesional Sharp De 55\u0094 M552 Uhd 3840 X 2160 24\/7, 550 Cd\/m2, 8000:1, Hdmi, Displayport Hdcp, Usb, Rj-45, Intel Sdm Y Rpi4 + Env\u00edo a domicilio + Pago seguro + Garant\u00eda","breadcrumb":{"@id":"https:\/\/compuviper.mx\/tienda\/producto\/sharp-display-pn-m552-monitor-profesional-sharp-de-55-m552-uhd-3840-x-2160-24-7-550-cd-m2-80001-hdmi-displayport-hdcp-usb-rj-45-intel-sdm-y-rpi4\/#breadcrumb"},"inLanguage":"es-MX","potentialAction":[{"@type":"ReadAction","target":["https:\/\/compuviper.mx\/tienda\/producto\/sharp-display-pn-m552-monitor-profesional-sharp-de-55-m552-uhd-3840-x-2160-24-7-550-cd-m2-80001-hdmi-displayport-hdcp-usb-rj-45-intel-sdm-y-rpi4\/"]}]},{"@type":"BreadcrumbList","@id":"https:\/\/compuviper.mx\/tienda\/producto\/sharp-display-pn-m552-monitor-profesional-sharp-de-55-m552-uhd-3840-x-2160-24-7-550-cd-m2-80001-hdmi-displayport-hdcp-usb-rj-45-intel-sdm-y-rpi4\/#breadcrumb","itemListElement":[{"@type":"ListItem","position":1,"name":"Inicio","item":"https:\/\/compuviper.mx\/tienda\/"},{"@type":"ListItem","position":2,"name":"Productos","item":"https:\/\/compuviper.mx\/tienda\/productos\/"},{"@type":"ListItem","position":3,"name":"Monitores","item":"https:\/\/compuviper.mx\/tienda\/categoria-producto\/monitores\/"},{"@type":"ListItem","position":4,"name":"Led","item":"https:\/\/compuviper.mx\/tienda\/categoria-producto\/monitores\/led\/"},{"@type":"ListItem","position":5,"name":"Sharp Display Pn-m552 Monitor Profesional Sharp De 55? M552 Uhd 3840 X 2160 24\/7, 550 Cd\/m2, 8000:1, Hdmi, Displayport Hdcp, Usb, Rj-45, Intel Sdm Y Rpi4"}]},{"@type":"WebSite","@id":"https:\/\/compuviper.mx\/tienda\/#website","url":"https:\/\/compuviper.mx\/tienda\/","name":"Compuviper","description":"Proveedor de Computadoras, Laptops, Servidores, Monitores, Puntos de Venta, Teclados,   Impresoras, T\u00f3ner, C\u00e1maras de Seguridad y m\u00e1s en tu tienda en l\u00ednea","publisher":{"@id":"https:\/\/compuviper.mx\/tienda\/#organization"},"potentialAction":[{"@type":"SearchAction","target":{"@type":"EntryPoint","urlTemplate":"https:\/\/compuviper.mx\/tienda\/?s={search_term_string}"},"query-input":"required name=search_term_string"}],"inLanguage":"es-MX"},{"@type":"Organization","@id":"https:\/\/compuviper.mx\/tienda\/#organization","name":"Compuviper","url":"https:\/\/compuviper.mx\/tienda\/","logo":{"@type":"ImageObject","inLanguage":"es-MX","@id":"https:\/\/compuviper.mx\/tienda\/#\/schema\/logo\/image\/","url":"https:\/\/compuviper.mx\/tienda\/wp-content\/uploads\/2021\/08\/Logo-Compuviper-10.png","contentUrl":"https:\/\/compuviper.mx\/tienda\/wp-content\/uploads\/2021\/08\/Logo-Compuviper-10.png","width":1000,"height":500,"caption":"Compuviper"},"image":{"@id":"https:\/\/compuviper.mx\/tienda\/#\/schema\/logo\/image\/"},"sameAs":["https:\/\/www.facebook.com\/compuviper","https:\/\/www.youtube.com\/channel\/UCf73dERp9Y3cfOq7q8BhLjA?view_as=subscriber"]}]},"product_brand":"Sharp Display","product_price_amount":"22312","product_price_currency":"MXN","og_availability":"out of stock","product_availability":"out of stock","product_retailer_item_id":"PN-M552","product_condition":"new"},"_links":{"self":[{"href":"https:\/\/compuviper.mx\/tienda\/wp-json\/wp\/v2\/product\/255816"}],"collection":[{"href":"https:\/\/compuviper.mx\/tienda\/wp-json\/wp\/v2\/product"}],"about":[{"href":"https:\/\/compuviper.mx\/tienda\/wp-json\/wp\/v2\/types\/product"}],"replies":[{"embeddable":true,"href":"https:\/\/compuviper.mx\/tienda\/wp-json\/wp\/v2\/comments?post=255816"}],"wp:featuredmedia":[{"embeddable":true,"href":"https:\/\/compuviper.mx\/tienda\/wp-json\/wp\/v2\/media\/259980"}],"wp:attachment":[{"href":"https:\/\/compuviper.mx\/tienda\/wp-json\/wp\/v2\/media?parent=255816"}],"wp:term":[{"taxonomy":"product_cat","embeddable":true,"href":"https:\/\/compuviper.mx\/tienda\/wp-json\/wp\/v2\/product_cat?post=255816"},{"taxonomy":"product_tag","embeddable":true,"href":"https:\/\/compuviper.mx\/tienda\/wp-json\/wp\/v2\/product_tag?post=255816"}],"curies":[{"name":"wp","href":"https:\/\/api.w.org\/{rel}","templated":true}]}}