{"id":255813,"date":"2026-04-02T00:51:21","date_gmt":"2026-04-02T06:51:21","guid":{"rendered":"https:\/\/compuviper.mx\/tienda\/producto\/benq-9h-lmvla-tba-monitor-diseo-pd3226g-3840x2160-31-5-panel-ips-hdmi-2-1x1-displayport-1-4x1-thunderbolt-x2-bocinas-3wx2-audifonos-x1-ajuste-pivot-90-tecnologia-eye-care-3-aos-de-garantia\/"},"modified":"2026-04-02T00:51:21","modified_gmt":"2026-04-02T06:51:21","slug":"benq-9h-lmvla-tba-monitor-diseo-pd3226g-3840x2160-31-5-panel-ips-hdmi-2-1x1-displayport-1-4x1-thunderbolt-x2-bocinas-3wx2-audifonos-x1-ajuste-pivot-90-tecnologia-eye-care-3-aos-de-garantia","status":"publish","type":"product","link":"https:\/\/compuviper.mx\/tienda\/producto\/benq-9h-lmvla-tba-monitor-diseo-pd3226g-3840x2160-31-5-panel-ips-hdmi-2-1x1-displayport-1-4x1-thunderbolt-x2-bocinas-3wx2-audifonos-x1-ajuste-pivot-90-tecnologia-eye-care-3-aos-de-garantia\/","title":{"rendered":"Benq 9h.lmvla.tba Monitor  Dise?o Pd3226g 3840&#215;2160 31.5 Panel Ips Hdmi 2.1&#215;1 Displayport 1.4&#215;1 Thunderbolt X2 Bocinas 3wx2 Audifonos X1 Ajuste Pivot 90 Tecnologia Eye Care 3 A?os De Garantia"},"content":{"rendered":"<table class=\"descripcion\">\n<tr>\n<td>Benq monitores<\/td>\n<\/tr>\n<tr>\n<td>Artes graficas<\/td>\n<\/tr>\n<tr>\n<td>Pd3226g haz que tus ideas cobren vida<\/td>\n<\/tr>\n<tr>\n<td>Especificaciones<\/td>\n<\/tr>\n<tr>\n<td>Color gris<\/td>\n<\/tr>\n<tr>\n<td>Tamano de pantalla 31.5<\/td>\n<\/tr>\n<tr>\n<td>Tipo de iluminacion led<\/td>\n<\/tr>\n<tr>\n<td>Tipo de panel ips anti glare<\/td>\n<\/tr>\n<tr>\n<td>Formato 16 9<\/td>\n<\/tr>\n<tr>\n<td>Resolucion 4k 3840 x 2160 pixeles<\/td>\n<\/tr>\n<tr>\n<td>Dot pitch 0.182<\/td>\n<\/tr>\n<tr>\n<td>Brillo 400 nits<\/td>\n<\/tr>\n<tr>\n<td>Contraste 1200 1<\/td>\n<\/tr>\n<tr>\n<td>Angulo de vision 178 178<\/td>\n<\/tr>\n<tr>\n<td>Tiempo de respuesta 1ms gtg<\/td>\n<\/tr>\n<tr>\n<td>Cantidad de colores 1.07 billones 10 bits<\/td>\n<\/tr>\n<tr>\n<td>Temperatura de color 5000k 6500k 9300k usuario<\/td>\n<\/tr>\n<tr>\n<td>Gama de color 95 p3 100 rec 709 100 srgb<\/td>\n<\/tr>\n<tr>\n<td>Modo de color animacion cad cam dark room dicom display p3 hdr mbook rec 709 srgb usuario 1 usuario 2<\/td>\n<\/tr>\n<tr>\n<td>Frecuencia vertical 24hz 144hz<\/td>\n<\/tr>\n<tr>\n<td>Frecuencia horizontal 27khz 326khz<\/td>\n<\/tr>\n<tr>\n<td>Video ancho de banda 1310 mhz<\/td>\n<\/tr>\n<tr>\n<td>Entradas salidas hdmi 2.1 x1 display port 1.4 x 1 thunderbolt 4 powerdelivery 90w displayport alt mode x1 thunderbolt 4 out powerdelivery15w x1 usb tipo c downstream usb 3.2 gen 2 10 gbps power charging 4.5w x1 usb tipo c upstream usb 3.2 gen2 10 gbps data only x1 usb tipo a downstream usb 3.2 gen 2 10gbps power charging 4.5w x3 audifonos in x1 bocinas 3w x2<\/td>\n<\/tr>\n<tr>\n<td>Fuente de poder integrada 100 240v<\/td>\n<\/tr>\n<tr>\n<td>Consumo de energia 55w normal 240w maximo 0.5w standby<\/td>\n<\/tr>\n<tr>\n<td>Peso 9.7 kg 21.4 lb<\/td>\n<\/tr>\n<tr>\n<td>Dimensiones maxima 636.3 x 714.3 x 242 mm minima 486.3 x 714.3 x 242 mm<\/td>\n<\/tr>\n<tr>\n<td>Idiomas 18 idiomas<\/td>\n<\/tr>\n<tr>\n<td>Caracteristicas especiales<\/td>\n<\/tr>\n<tr>\n<td>Hdr10 vesa display hdr400 hdcp 2.3<\/td>\n<\/tr>\n<tr>\n<td>Delta e 2<\/td>\n<\/tr>\n<tr>\n<td>Tecnologia flicker free low blue light ama<\/td>\n<\/tr>\n<tr>\n<td>Software display pilot 2 display color talk display quickit palette master ultimate<\/td>\n<\/tr>\n<tr>\n<td>Certificacion solidworks calman pantone pantone skintone<\/td>\n<\/tr>\n<tr>\n<td>Modos cad cam animacion darkroom doble vista dual view kvm switch soporte de formato de videos auto pivot blanco y negro pip pbp<\/td>\n<\/tr>\n<tr>\n<td>Compatible con mac windows 11<\/td>\n<\/tr>\n<tr>\n<td>Pivot 90 giro 30 30 inclinacion 5 20 ajuste de altura hasta 150mm<\/td>\n<\/tr>\n<tr>\n<td>Freesync premium iccsync uniformity technology tecnologia de uniformidad<\/td>\n<\/tr>\n<tr>\n<td>Vesa 100&#215;100 mm k locker ranura para candado<\/td>\n<\/tr>\n<tr>\n<td>Accesorios incluidos hotckey puck g3 reporte de calibracion de fabrica guia de inicio rapido instricciones de seguridad tarjeta de garantia cable de poder 1.8m cable thunderbolt it 4 1m cable hdmi 2.1 usb tipo a<\/td>\n<\/tr>\n<\/table>\n","protected":false},"excerpt":{"rendered":"<p>Pd3226g. Alta precision de actualizacion para que las inspiraciones cobren vida con refresco de 144hz para una claridad de movimiento precisa. La frecuencia de refresco de 144hz mejora la nitidez de los movimientos y ofrece imagenes ultrasuaves y precisas escenciales para los disenadores de juegos. Optimizado para el desarrollo de juegos animacion y flujosde trabajo de alta exigencia<\/p>\n","protected":false},"featured_media":259977,"comment_status":"open","ping_status":"open","template":"","meta":[],"product_cat":[1741,1740],"product_tag":[1744],"acf":[],"yoast_head":"<!-- This site is optimized with the Yoast SEO plugin v21.7 - https:\/\/yoast.com\/wordpress\/plugins\/seo\/ -->\n<title>[ Benq ] &#129351; 9h.lmvla.tba Monitor Dise\u00f1o Pd3226g 3840x2160 31.5 Panel Ips Hdmi 2.1x1 Displayport 1.4x1 Thunderbolt X2 Bocinas 3wx2 Audifonos X1 Ajuste Pivot 90 Tecnologia Eye Care 3 A\u00f1os De Garantia<\/title>\n<meta name=\"description\" content=\"Compra 9h.lmvla.tba Monitor Dise\u00f1o Pd3226g 3840x2160 31.5 Panel Ips Hdmi 2.1x1 Displayport 1.4x1 Thunderbolt X2 Bocinas 3wx2 Audifonos X1 Ajuste Pivot 90 Tecnologia Eye Care 3 A\u00f1os De Garantia + Env\u00edo a domicilio + Pago seguro + Garant\u00eda\" \/>\n<meta name=\"robots\" content=\"index, follow, max-snippet:-1, max-image-preview:large, max-video-preview:-1\" \/>\n<link rel=\"canonical\" href=\"https:\/\/compuviper.mx\/tienda\/producto\/benq-9h-lmvla-tba-monitor-diseo-pd3226g-3840x2160-31-5-panel-ips-hdmi-2-1x1-displayport-1-4x1-thunderbolt-x2-bocinas-3wx2-audifonos-x1-ajuste-pivot-90-tecnologia-eye-care-3-aos-de-garantia\/\" \/>\n<meta property=\"og:locale\" content=\"es_MX\" \/>\n<meta property=\"og:type\" content=\"article\" \/>\n<meta property=\"og:title\" content=\"[ Benq ] &#129351; 9h.lmvla.tba Monitor Dise\u00f1o Pd3226g 3840x2160 31.5 Panel Ips Hdmi 2.1x1 Displayport 1.4x1 Thunderbolt X2 Bocinas 3wx2 Audifonos X1 Ajuste Pivot 90 Tecnologia Eye Care 3 A\u00f1os De Garantia\" \/>\n<meta property=\"og:description\" content=\"Compra 9h.lmvla.tba Monitor Dise\u00f1o Pd3226g 3840x2160 31.5 Panel Ips Hdmi 2.1x1 Displayport 1.4x1 Thunderbolt X2 Bocinas 3wx2 Audifonos X1 Ajuste Pivot 90 Tecnologia Eye Care 3 A\u00f1os De Garantia + Env\u00edo a domicilio + Pago seguro + Garant\u00eda\" \/>\n<meta property=\"og:url\" content=\"https:\/\/compuviper.mx\/tienda\/producto\/benq-9h-lmvla-tba-monitor-diseo-pd3226g-3840x2160-31-5-panel-ips-hdmi-2-1x1-displayport-1-4x1-thunderbolt-x2-bocinas-3wx2-audifonos-x1-ajuste-pivot-90-tecnologia-eye-care-3-aos-de-garantia\/\" \/>\n<meta property=\"og:site_name\" content=\"Compuviper\" \/>\n<meta property=\"article:publisher\" content=\"https:\/\/www.facebook.com\/compuviper\" \/>\n<meta property=\"og:image\" content=\"https:\/\/compuviper.mx\/tienda\/wp-content\/uploads\/2025\/10\/Monitor-benq-diseno-pd3226g-3840x2160-31.5-panel-ips-hdmi-2.1x1-displayport-1.4x1-thunderbolt-x2-bocinas-3wx2-audifonos-x1-ajuste-pivot-90-tecnologia-eye-care-3-anos-de-garantia.jpg\" \/>\n\t<meta property=\"og:image:width\" content=\"200\" \/>\n\t<meta property=\"og:image:height\" content=\"200\" \/>\n\t<meta property=\"og:image:type\" content=\"image\/jpeg\" \/>\n<meta name=\"twitter:card\" content=\"summary_large_image\" \/>\n<meta name=\"twitter:label1\" content=\"Precio\" \/>\n\t<meta name=\"twitter:data1\" content=\"&#36;23,152 con IVA\" \/>\n\t<meta name=\"twitter:label2\" content=\"Availability\" \/>\n\t<meta name=\"twitter:data2\" content=\"On backorder\" \/>\n<script type=\"application\/ld+json\" class=\"yoast-schema-graph\">{\"@context\":\"https:\/\/schema.org\",\"@graph\":[{\"@type\":\"WebPage\",\"@id\":\"https:\/\/compuviper.mx\/tienda\/producto\/benq-9h-lmvla-tba-monitor-diseo-pd3226g-3840x2160-31-5-panel-ips-hdmi-2-1x1-displayport-1-4x1-thunderbolt-x2-bocinas-3wx2-audifonos-x1-ajuste-pivot-90-tecnologia-eye-care-3-aos-de-garantia\/\",\"url\":\"https:\/\/compuviper.mx\/tienda\/producto\/benq-9h-lmvla-tba-monitor-diseo-pd3226g-3840x2160-31-5-panel-ips-hdmi-2-1x1-displayport-1-4x1-thunderbolt-x2-bocinas-3wx2-audifonos-x1-ajuste-pivot-90-tecnologia-eye-care-3-aos-de-garantia\/\",\"name\":\"[ Benq ] &#129351; 9h.lmvla.tba Monitor Dise\u00f1o Pd3226g 3840x2160 31.5 Panel Ips Hdmi 2.1x1 Displayport 1.4x1 Thunderbolt X2 Bocinas 3wx2 Audifonos X1 Ajuste Pivot 90 Tecnologia Eye Care 3 A\u00f1os De Garantia\",\"isPartOf\":{\"@id\":\"https:\/\/compuviper.mx\/tienda\/#website\"},\"datePublished\":\"2026-04-02T06:51:21+00:00\",\"dateModified\":\"2026-04-02T06:51:21+00:00\",\"description\":\"Compra 9h.lmvla.tba Monitor Dise\u00f1o Pd3226g 3840x2160 31.5 Panel Ips Hdmi 2.1x1 Displayport 1.4x1 Thunderbolt X2 Bocinas 3wx2 Audifonos X1 Ajuste Pivot 90 Tecnologia Eye Care 3 A\u00f1os De Garantia + Env\u00edo a domicilio + Pago seguro + Garant\u00eda\",\"breadcrumb\":{\"@id\":\"https:\/\/compuviper.mx\/tienda\/producto\/benq-9h-lmvla-tba-monitor-diseo-pd3226g-3840x2160-31-5-panel-ips-hdmi-2-1x1-displayport-1-4x1-thunderbolt-x2-bocinas-3wx2-audifonos-x1-ajuste-pivot-90-tecnologia-eye-care-3-aos-de-garantia\/#breadcrumb\"},\"inLanguage\":\"es-MX\",\"potentialAction\":[{\"@type\":\"ReadAction\",\"target\":[\"https:\/\/compuviper.mx\/tienda\/producto\/benq-9h-lmvla-tba-monitor-diseo-pd3226g-3840x2160-31-5-panel-ips-hdmi-2-1x1-displayport-1-4x1-thunderbolt-x2-bocinas-3wx2-audifonos-x1-ajuste-pivot-90-tecnologia-eye-care-3-aos-de-garantia\/\"]}]},{\"@type\":\"BreadcrumbList\",\"@id\":\"https:\/\/compuviper.mx\/tienda\/producto\/benq-9h-lmvla-tba-monitor-diseo-pd3226g-3840x2160-31-5-panel-ips-hdmi-2-1x1-displayport-1-4x1-thunderbolt-x2-bocinas-3wx2-audifonos-x1-ajuste-pivot-90-tecnologia-eye-care-3-aos-de-garantia\/#breadcrumb\",\"itemListElement\":[{\"@type\":\"ListItem\",\"position\":1,\"name\":\"Inicio\",\"item\":\"https:\/\/compuviper.mx\/tienda\/\"},{\"@type\":\"ListItem\",\"position\":2,\"name\":\"Productos\",\"item\":\"https:\/\/compuviper.mx\/tienda\/productos\/\"},{\"@type\":\"ListItem\",\"position\":3,\"name\":\"Monitores\",\"item\":\"https:\/\/compuviper.mx\/tienda\/categoria-producto\/monitores\/\"},{\"@type\":\"ListItem\",\"position\":4,\"name\":\"Led\",\"item\":\"https:\/\/compuviper.mx\/tienda\/categoria-producto\/monitores\/led\/\"},{\"@type\":\"ListItem\",\"position\":5,\"name\":\"Benq 9h.lmvla.tba Monitor Dise?o Pd3226g 3840&#215;2160 31.5 Panel Ips Hdmi 2.1&#215;1 Displayport 1.4&#215;1 Thunderbolt X2 Bocinas 3wx2 Audifonos X1 Ajuste Pivot 90 Tecnologia Eye Care 3 A?os De Garantia\"}]},{\"@type\":\"WebSite\",\"@id\":\"https:\/\/compuviper.mx\/tienda\/#website\",\"url\":\"https:\/\/compuviper.mx\/tienda\/\",\"name\":\"Compuviper\",\"description\":\"Proveedor de Computadoras, Laptops, Servidores, Monitores, Puntos de Venta, Teclados,   Impresoras, T\u00f3ner, C\u00e1maras de Seguridad y m\u00e1s en tu tienda en l\u00ednea\",\"publisher\":{\"@id\":\"https:\/\/compuviper.mx\/tienda\/#organization\"},\"potentialAction\":[{\"@type\":\"SearchAction\",\"target\":{\"@type\":\"EntryPoint\",\"urlTemplate\":\"https:\/\/compuviper.mx\/tienda\/?s={search_term_string}\"},\"query-input\":\"required name=search_term_string\"}],\"inLanguage\":\"es-MX\"},{\"@type\":\"Organization\",\"@id\":\"https:\/\/compuviper.mx\/tienda\/#organization\",\"name\":\"Compuviper\",\"url\":\"https:\/\/compuviper.mx\/tienda\/\",\"logo\":{\"@type\":\"ImageObject\",\"inLanguage\":\"es-MX\",\"@id\":\"https:\/\/compuviper.mx\/tienda\/#\/schema\/logo\/image\/\",\"url\":\"https:\/\/compuviper.mx\/tienda\/wp-content\/uploads\/2021\/08\/Logo-Compuviper-10.png\",\"contentUrl\":\"https:\/\/compuviper.mx\/tienda\/wp-content\/uploads\/2021\/08\/Logo-Compuviper-10.png\",\"width\":1000,\"height\":500,\"caption\":\"Compuviper\"},\"image\":{\"@id\":\"https:\/\/compuviper.mx\/tienda\/#\/schema\/logo\/image\/\"},\"sameAs\":[\"https:\/\/www.facebook.com\/compuviper\",\"https:\/\/www.youtube.com\/channel\/UCf73dERp9Y3cfOq7q8BhLjA?view_as=subscriber\"]}]}<\/script>\n<meta property=\"product:brand\" content=\"BENQ\" \/>\n<meta property=\"product:price:amount\" content=\"23152\" \/>\n<meta property=\"product:price:currency\" content=\"MXN\" \/>\n<meta property=\"og:availability\" content=\"backorder\" \/>\n<meta property=\"product:availability\" content=\"available for order\" \/>\n<meta property=\"product:retailer_item_id\" content=\"9H.LMVLA.TBA\" \/>\n<meta property=\"product:condition\" content=\"new\" \/>\n<!-- \/ Yoast SEO plugin. -->","yoast_head_json":{"title":"[ Benq ] &#129351; 9h.lmvla.tba Monitor Dise\u00f1o Pd3226g 3840x2160 31.5 Panel Ips Hdmi 2.1x1 Displayport 1.4x1 Thunderbolt X2 Bocinas 3wx2 Audifonos X1 Ajuste Pivot 90 Tecnologia Eye Care 3 A\u00f1os De Garantia","description":"Compra 9h.lmvla.tba Monitor Dise\u00f1o Pd3226g 3840x2160 31.5 Panel Ips Hdmi 2.1x1 Displayport 1.4x1 Thunderbolt X2 Bocinas 3wx2 Audifonos X1 Ajuste Pivot 90 Tecnologia Eye Care 3 A\u00f1os De Garantia + Env\u00edo a domicilio + Pago seguro + Garant\u00eda","robots":{"index":"index","follow":"follow","max-snippet":"max-snippet:-1","max-image-preview":"max-image-preview:large","max-video-preview":"max-video-preview:-1"},"canonical":"https:\/\/compuviper.mx\/tienda\/producto\/benq-9h-lmvla-tba-monitor-diseo-pd3226g-3840x2160-31-5-panel-ips-hdmi-2-1x1-displayport-1-4x1-thunderbolt-x2-bocinas-3wx2-audifonos-x1-ajuste-pivot-90-tecnologia-eye-care-3-aos-de-garantia\/","og_locale":"es_MX","og_type":"article","og_title":"[ Benq ] &#129351; 9h.lmvla.tba Monitor Dise\u00f1o Pd3226g 3840x2160 31.5 Panel Ips Hdmi 2.1x1 Displayport 1.4x1 Thunderbolt X2 Bocinas 3wx2 Audifonos X1 Ajuste Pivot 90 Tecnologia Eye Care 3 A\u00f1os De Garantia","og_description":"Compra 9h.lmvla.tba Monitor Dise\u00f1o Pd3226g 3840x2160 31.5 Panel Ips Hdmi 2.1x1 Displayport 1.4x1 Thunderbolt X2 Bocinas 3wx2 Audifonos X1 Ajuste Pivot 90 Tecnologia Eye Care 3 A\u00f1os De Garantia + Env\u00edo a domicilio + Pago seguro + Garant\u00eda","og_url":"https:\/\/compuviper.mx\/tienda\/producto\/benq-9h-lmvla-tba-monitor-diseo-pd3226g-3840x2160-31-5-panel-ips-hdmi-2-1x1-displayport-1-4x1-thunderbolt-x2-bocinas-3wx2-audifonos-x1-ajuste-pivot-90-tecnologia-eye-care-3-aos-de-garantia\/","og_site_name":"Compuviper","article_publisher":"https:\/\/www.facebook.com\/compuviper","og_image":[{"width":200,"height":200,"url":"https:\/\/compuviper.mx\/tienda\/wp-content\/uploads\/2025\/10\/Monitor-benq-diseno-pd3226g-3840x2160-31.5-panel-ips-hdmi-2.1x1-displayport-1.4x1-thunderbolt-x2-bocinas-3wx2-audifonos-x1-ajuste-pivot-90-tecnologia-eye-care-3-anos-de-garantia.jpg","type":"image\/jpeg"}],"twitter_card":"summary_large_image","twitter_misc":{"Precio":"&#36;23,152 con IVA","Availability":"On backorder"},"schema":{"@context":"https:\/\/schema.org","@graph":[{"@type":"WebPage","@id":"https:\/\/compuviper.mx\/tienda\/producto\/benq-9h-lmvla-tba-monitor-diseo-pd3226g-3840x2160-31-5-panel-ips-hdmi-2-1x1-displayport-1-4x1-thunderbolt-x2-bocinas-3wx2-audifonos-x1-ajuste-pivot-90-tecnologia-eye-care-3-aos-de-garantia\/","url":"https:\/\/compuviper.mx\/tienda\/producto\/benq-9h-lmvla-tba-monitor-diseo-pd3226g-3840x2160-31-5-panel-ips-hdmi-2-1x1-displayport-1-4x1-thunderbolt-x2-bocinas-3wx2-audifonos-x1-ajuste-pivot-90-tecnologia-eye-care-3-aos-de-garantia\/","name":"[ Benq ] &#129351; 9h.lmvla.tba Monitor Dise\u00f1o Pd3226g 3840x2160 31.5 Panel Ips Hdmi 2.1x1 Displayport 1.4x1 Thunderbolt X2 Bocinas 3wx2 Audifonos X1 Ajuste Pivot 90 Tecnologia Eye Care 3 A\u00f1os De Garantia","isPartOf":{"@id":"https:\/\/compuviper.mx\/tienda\/#website"},"datePublished":"2026-04-02T06:51:21+00:00","dateModified":"2026-04-02T06:51:21+00:00","description":"Compra 9h.lmvla.tba Monitor Dise\u00f1o Pd3226g 3840x2160 31.5 Panel Ips Hdmi 2.1x1 Displayport 1.4x1 Thunderbolt X2 Bocinas 3wx2 Audifonos X1 Ajuste Pivot 90 Tecnologia Eye Care 3 A\u00f1os De Garantia + Env\u00edo a domicilio + Pago seguro + Garant\u00eda","breadcrumb":{"@id":"https:\/\/compuviper.mx\/tienda\/producto\/benq-9h-lmvla-tba-monitor-diseo-pd3226g-3840x2160-31-5-panel-ips-hdmi-2-1x1-displayport-1-4x1-thunderbolt-x2-bocinas-3wx2-audifonos-x1-ajuste-pivot-90-tecnologia-eye-care-3-aos-de-garantia\/#breadcrumb"},"inLanguage":"es-MX","potentialAction":[{"@type":"ReadAction","target":["https:\/\/compuviper.mx\/tienda\/producto\/benq-9h-lmvla-tba-monitor-diseo-pd3226g-3840x2160-31-5-panel-ips-hdmi-2-1x1-displayport-1-4x1-thunderbolt-x2-bocinas-3wx2-audifonos-x1-ajuste-pivot-90-tecnologia-eye-care-3-aos-de-garantia\/"]}]},{"@type":"BreadcrumbList","@id":"https:\/\/compuviper.mx\/tienda\/producto\/benq-9h-lmvla-tba-monitor-diseo-pd3226g-3840x2160-31-5-panel-ips-hdmi-2-1x1-displayport-1-4x1-thunderbolt-x2-bocinas-3wx2-audifonos-x1-ajuste-pivot-90-tecnologia-eye-care-3-aos-de-garantia\/#breadcrumb","itemListElement":[{"@type":"ListItem","position":1,"name":"Inicio","item":"https:\/\/compuviper.mx\/tienda\/"},{"@type":"ListItem","position":2,"name":"Productos","item":"https:\/\/compuviper.mx\/tienda\/productos\/"},{"@type":"ListItem","position":3,"name":"Monitores","item":"https:\/\/compuviper.mx\/tienda\/categoria-producto\/monitores\/"},{"@type":"ListItem","position":4,"name":"Led","item":"https:\/\/compuviper.mx\/tienda\/categoria-producto\/monitores\/led\/"},{"@type":"ListItem","position":5,"name":"Benq 9h.lmvla.tba Monitor Dise?o Pd3226g 3840&#215;2160 31.5 Panel Ips Hdmi 2.1&#215;1 Displayport 1.4&#215;1 Thunderbolt X2 Bocinas 3wx2 Audifonos X1 Ajuste Pivot 90 Tecnologia Eye Care 3 A?os De Garantia"}]},{"@type":"WebSite","@id":"https:\/\/compuviper.mx\/tienda\/#website","url":"https:\/\/compuviper.mx\/tienda\/","name":"Compuviper","description":"Proveedor de Computadoras, Laptops, Servidores, Monitores, Puntos de Venta, Teclados,   Impresoras, T\u00f3ner, C\u00e1maras de Seguridad y m\u00e1s en tu tienda en l\u00ednea","publisher":{"@id":"https:\/\/compuviper.mx\/tienda\/#organization"},"potentialAction":[{"@type":"SearchAction","target":{"@type":"EntryPoint","urlTemplate":"https:\/\/compuviper.mx\/tienda\/?s={search_term_string}"},"query-input":"required name=search_term_string"}],"inLanguage":"es-MX"},{"@type":"Organization","@id":"https:\/\/compuviper.mx\/tienda\/#organization","name":"Compuviper","url":"https:\/\/compuviper.mx\/tienda\/","logo":{"@type":"ImageObject","inLanguage":"es-MX","@id":"https:\/\/compuviper.mx\/tienda\/#\/schema\/logo\/image\/","url":"https:\/\/compuviper.mx\/tienda\/wp-content\/uploads\/2021\/08\/Logo-Compuviper-10.png","contentUrl":"https:\/\/compuviper.mx\/tienda\/wp-content\/uploads\/2021\/08\/Logo-Compuviper-10.png","width":1000,"height":500,"caption":"Compuviper"},"image":{"@id":"https:\/\/compuviper.mx\/tienda\/#\/schema\/logo\/image\/"},"sameAs":["https:\/\/www.facebook.com\/compuviper","https:\/\/www.youtube.com\/channel\/UCf73dERp9Y3cfOq7q8BhLjA?view_as=subscriber"]}]},"product_brand":"BENQ","product_price_amount":"23152","product_price_currency":"MXN","og_availability":"backorder","product_availability":"available for order","product_retailer_item_id":"9H.LMVLA.TBA","product_condition":"new"},"_links":{"self":[{"href":"https:\/\/compuviper.mx\/tienda\/wp-json\/wp\/v2\/product\/255813"}],"collection":[{"href":"https:\/\/compuviper.mx\/tienda\/wp-json\/wp\/v2\/product"}],"about":[{"href":"https:\/\/compuviper.mx\/tienda\/wp-json\/wp\/v2\/types\/product"}],"replies":[{"embeddable":true,"href":"https:\/\/compuviper.mx\/tienda\/wp-json\/wp\/v2\/comments?post=255813"}],"wp:featuredmedia":[{"embeddable":true,"href":"https:\/\/compuviper.mx\/tienda\/wp-json\/wp\/v2\/media\/259977"}],"wp:attachment":[{"href":"https:\/\/compuviper.mx\/tienda\/wp-json\/wp\/v2\/media?parent=255813"}],"wp:term":[{"taxonomy":"product_cat","embeddable":true,"href":"https:\/\/compuviper.mx\/tienda\/wp-json\/wp\/v2\/product_cat?post=255813"},{"taxonomy":"product_tag","embeddable":true,"href":"https:\/\/compuviper.mx\/tienda\/wp-json\/wp\/v2\/product_tag?post=255813"}],"curies":[{"name":"wp","href":"https:\/\/api.w.org\/{rel}","templated":true}]}}