{"id":255808,"date":"2026-04-02T00:51:18","date_gmt":"2026-04-02T06:51:18","guid":{"rendered":"https:\/\/compuviper.mx\/tienda\/producto\/benq-9h-ln2lb-qba-monitor-gamer-ex271u-27-3840x2160-panel-ips-hdmi-2-1x2-display-por-1-4x1-usb-c-65w-thunderbolt-x1-usb-ax3-audifonos-3-5-tecnologia-eye-care-tres-aos-de-garantia\/"},"modified":"2026-04-02T00:51:18","modified_gmt":"2026-04-02T06:51:18","slug":"benq-9h-ln2lb-qba-monitor-gamer-ex271u-27-3840x2160-panel-ips-hdmi-2-1x2-display-por-1-4x1-usb-c-65w-thunderbolt-x1-usb-ax3-audifonos-3-5-tecnologia-eye-care-tres-aos-de-garantia","status":"publish","type":"product","link":"https:\/\/compuviper.mx\/tienda\/producto\/benq-9h-ln2lb-qba-monitor-gamer-ex271u-27-3840x2160-panel-ips-hdmi-2-1x2-display-por-1-4x1-usb-c-65w-thunderbolt-x1-usb-ax3-audifonos-3-5-tecnologia-eye-care-tres-aos-de-garantia\/","title":{"rendered":"Benq 9h.ln2lb.qba Monitor  Gamer Ex271u 27 3840&#215;2160 Panel Ips Hdmi 2.1&#215;2 Display Por 1.4&#215;1 Usb C 65w Thunderbolt X1 Usb Ax3 Audifonos 3.5 Tecnologia Eye Care Tres A?os De Garantia"},"content":{"rendered":"<table class=\"descripcion\">\n<tr>\n<td>Benq monitores gaming<\/td>\n<\/tr>\n<tr>\n<td>Tecnologia que redefine los colores de los juegos mas ala de los limites tradicionales<\/td>\n<\/tr>\n<tr>\n<td>Ex271u explorando detalles mas alla de los limites<\/td>\n<\/tr>\n<tr>\n<td>Especificaciones<\/td>\n<\/tr>\n<tr>\n<td>Color blanco<\/td>\n<\/tr>\n<tr>\n<td>Tamano de pantalla 27<\/td>\n<\/tr>\n<tr>\n<td>Tipo de iluminacion retroiluminacion led<\/td>\n<\/tr>\n<tr>\n<td>Tipo de panel ips<\/td>\n<\/tr>\n<tr>\n<td>Formato 16 a 9 nativo full 1 1<\/td>\n<\/tr>\n<tr>\n<td>Resolucion 3840 x 2160 pixeles<\/td>\n<\/tr>\n<tr>\n<td>Dot pitch 0.155<\/td>\n<\/tr>\n<tr>\n<td>Brillo 400 nits<\/td>\n<\/tr>\n<tr>\n<td>Contraste 1200 a 1<\/td>\n<\/tr>\n<tr>\n<td>Angulo de vision 178 178<\/td>\n<\/tr>\n<tr>\n<td>Tiempo de respuesta 1 ms gtg<\/td>\n<\/tr>\n<tr>\n<td>Cantidad de colores 1.07 billones de colores 10 bits<\/td>\n<\/tr>\n<tr>\n<td>Gama de color 95 p3<\/td>\n<\/tr>\n<tr>\n<td>Modos de color display p3 srgb personalizado cine hdri displayhdri cine sci fi hdri realista hdri sci fi realista fatasia jugador 1 jugador 2 jugador 3<\/td>\n<\/tr>\n<tr>\n<td>Temperatura de color azulado normal rojizo def por usuario<\/td>\n<\/tr>\n<tr>\n<td>Frecuencia de actualizacion 165hz<\/td>\n<\/tr>\n<tr>\n<td>Frecuencia vertical 24 165 hz<\/td>\n<\/tr>\n<tr>\n<td>Frecuencia horizontal 30 374 hz<\/td>\n<\/tr>\n<tr>\n<td>Video ancho de banda 1500 mhz<\/td>\n<\/tr>\n<tr>\n<td>Entradas salidas hdmi v2.1 x2 hdmi v2.1 earc display port v1.4 x1 usb c energia 65w display port alt mode datos x1 usb a x3 usb c 3.2 5gbps energia 7.5w x1 usb c x1 audifonos<\/td>\n<\/tr>\n<tr>\n<td>Fuente de poder integrada 100 240v ac<\/td>\n<\/tr>\n<tr>\n<td>Consumo de energia en espera 32w normal 180w max 0.5w standby<\/td>\n<\/tr>\n<tr>\n<td>Peso 7 kg 15.4 lb<\/td>\n<\/tr>\n<tr>\n<td>Dimensiones 545.4 x 613.8 x 276.8 mm<\/td>\n<\/tr>\n<tr>\n<td>Idiomas 18 idiomas<\/td>\n<\/tr>\n<tr>\n<td>Caracteristicas especiales<\/td>\n<\/tr>\n<tr>\n<td>Hdri hdr10 vesa display hdr 400 soporte formatos de video<\/td>\n<\/tr>\n<tr>\n<td>Freesync premium motion blur reduction color vibrance light tuner<\/td>\n<\/tr>\n<tr>\n<td>Tecnologia eye care para el cuidado de tus ojos flicker free low blue light brightness intelligence plus gen2 color weakness<\/td>\n<\/tr>\n<tr>\n<td>Color shutlle display quickit<\/td>\n<\/tr>\n<tr>\n<td>Switch kvm<\/td>\n<\/tr>\n<tr>\n<td>Inclinacion 5 15 giro 1515<\/td>\n<\/tr>\n<tr>\n<td>Pivote 90<\/td>\n<\/tr>\n<tr>\n<td>Ajuste de altura 100 mm<\/td>\n<\/tr>\n<tr>\n<td>Vesa 100&#215;100 k locker<\/td>\n<\/tr>\n<tr>\n<td>Compatible con mac y windows<\/td>\n<\/tr>\n<tr>\n<td>Accesorios incluidos cable de poder 1.8m cable usb 3.2 hdmi v2.1 usb c guia de inicio rapido tarjeta de garantia reporte de calibracion control remoto<\/td>\n<\/tr>\n<\/table>\n","protected":false},"excerpt":{"rendered":"<p>Ex271u. La revolucion del detale. Aventurate a lo desconocido con un colo experimentado en juegos. Sumergete en un mundo de juegos donde el color se siente no solo se ve con gamer experienced color una tecnologia revolucionaria que redefine los colores de los juegos mas alla de los limites tradicionales convirtiendo cada escena en una obra maestra de arte y emocion. Amer experienced color desarrllado a partir de pruebas exhaustivas y de la comunicacion con los jugadores ofrece un mundo vibrante adatado a las distintas preferencias garantizando que cada juego se muestre con la paleta mas agradable desde el punto de vista estetico<\/p>\n","protected":false},"featured_media":259972,"comment_status":"open","ping_status":"open","template":"","meta":[],"product_cat":[1741,1740],"product_tag":[1744],"acf":[],"yoast_head":"<!-- This site is optimized with the Yoast SEO plugin v21.7 - https:\/\/yoast.com\/wordpress\/plugins\/seo\/ -->\n<title>[ Benq ] &#129351; 9h.ln2lb.qba Monitor Gamer Ex271u 27 3840x2160 Panel Ips Hdmi 2.1x2 Display Por 1.4x1 Usb C 65w Thunderbolt X1 Usb Ax3 Audifonos 3.5 Tecnologia Eye Care Tres A\u00f1os De Garantia<\/title>\n<meta name=\"description\" content=\"Compra 9h.ln2lb.qba Monitor Gamer Ex271u 27 3840x2160 Panel Ips Hdmi 2.1x2 Display Por 1.4x1 Usb C 65w Thunderbolt X1 Usb Ax3 Audifonos 3.5 Tecnologia Eye Care Tres A\u00f1os De Garantia + Env\u00edo a domicilio + Pago seguro + Garant\u00eda\" \/>\n<meta name=\"robots\" content=\"index, follow, max-snippet:-1, max-image-preview:large, max-video-preview:-1\" \/>\n<link rel=\"canonical\" href=\"https:\/\/compuviper.mx\/tienda\/producto\/benq-9h-ln2lb-qba-monitor-gamer-ex271u-27-3840x2160-panel-ips-hdmi-2-1x2-display-por-1-4x1-usb-c-65w-thunderbolt-x1-usb-ax3-audifonos-3-5-tecnologia-eye-care-tres-aos-de-garantia\/\" \/>\n<meta property=\"og:locale\" content=\"es_MX\" \/>\n<meta property=\"og:type\" content=\"article\" \/>\n<meta property=\"og:title\" content=\"[ Benq ] &#129351; 9h.ln2lb.qba Monitor Gamer Ex271u 27 3840x2160 Panel Ips Hdmi 2.1x2 Display Por 1.4x1 Usb C 65w Thunderbolt X1 Usb Ax3 Audifonos 3.5 Tecnologia Eye Care Tres A\u00f1os De Garantia\" \/>\n<meta property=\"og:description\" content=\"Compra 9h.ln2lb.qba Monitor Gamer Ex271u 27 3840x2160 Panel Ips Hdmi 2.1x2 Display Por 1.4x1 Usb C 65w Thunderbolt X1 Usb Ax3 Audifonos 3.5 Tecnologia Eye Care Tres A\u00f1os De Garantia + Env\u00edo a domicilio + Pago seguro + Garant\u00eda\" \/>\n<meta property=\"og:url\" content=\"https:\/\/compuviper.mx\/tienda\/producto\/benq-9h-ln2lb-qba-monitor-gamer-ex271u-27-3840x2160-panel-ips-hdmi-2-1x2-display-por-1-4x1-usb-c-65w-thunderbolt-x1-usb-ax3-audifonos-3-5-tecnologia-eye-care-tres-aos-de-garantia\/\" \/>\n<meta property=\"og:site_name\" content=\"Compuviper\" \/>\n<meta property=\"article:publisher\" content=\"https:\/\/www.facebook.com\/compuviper\" \/>\n<meta property=\"og:image\" content=\"https:\/\/compuviper.mx\/tienda\/wp-content\/uploads\/2025\/10\/Monitor-benq-gamer-ex271u-27-3840x2160-panel-ips-hdmi-2.1x2-display-por-1.4x1-usb-c-65w-thunderbolt-x1-usb-ax3-audifonos-3.5-tecnologia-eye-care-tres-anos-de-garantia.jpg\" \/>\n\t<meta property=\"og:image:width\" content=\"200\" \/>\n\t<meta property=\"og:image:height\" content=\"200\" \/>\n\t<meta property=\"og:image:type\" content=\"image\/jpeg\" \/>\n<meta name=\"twitter:card\" content=\"summary_large_image\" \/>\n<meta name=\"twitter:label1\" content=\"Precio\" \/>\n\t<meta name=\"twitter:data1\" content=\"&#36;13,993 &#36;13,182 con IVA\" \/>\n\t<meta name=\"twitter:label2\" content=\"Availability\" \/>\n\t<meta name=\"twitter:data2\" content=\"Out of stock\" \/>\n<script type=\"application\/ld+json\" class=\"yoast-schema-graph\">{\"@context\":\"https:\/\/schema.org\",\"@graph\":[{\"@type\":\"WebPage\",\"@id\":\"https:\/\/compuviper.mx\/tienda\/producto\/benq-9h-ln2lb-qba-monitor-gamer-ex271u-27-3840x2160-panel-ips-hdmi-2-1x2-display-por-1-4x1-usb-c-65w-thunderbolt-x1-usb-ax3-audifonos-3-5-tecnologia-eye-care-tres-aos-de-garantia\/\",\"url\":\"https:\/\/compuviper.mx\/tienda\/producto\/benq-9h-ln2lb-qba-monitor-gamer-ex271u-27-3840x2160-panel-ips-hdmi-2-1x2-display-por-1-4x1-usb-c-65w-thunderbolt-x1-usb-ax3-audifonos-3-5-tecnologia-eye-care-tres-aos-de-garantia\/\",\"name\":\"[ Benq ] &#129351; 9h.ln2lb.qba Monitor Gamer Ex271u 27 3840x2160 Panel Ips Hdmi 2.1x2 Display Por 1.4x1 Usb C 65w Thunderbolt X1 Usb Ax3 Audifonos 3.5 Tecnologia Eye Care Tres A\u00f1os De Garantia\",\"isPartOf\":{\"@id\":\"https:\/\/compuviper.mx\/tienda\/#website\"},\"datePublished\":\"2026-04-02T06:51:18+00:00\",\"dateModified\":\"2026-04-02T06:51:18+00:00\",\"description\":\"Compra 9h.ln2lb.qba Monitor Gamer Ex271u 27 3840x2160 Panel Ips Hdmi 2.1x2 Display Por 1.4x1 Usb C 65w Thunderbolt X1 Usb Ax3 Audifonos 3.5 Tecnologia Eye Care Tres A\u00f1os De Garantia + Env\u00edo a domicilio + Pago seguro + Garant\u00eda\",\"breadcrumb\":{\"@id\":\"https:\/\/compuviper.mx\/tienda\/producto\/benq-9h-ln2lb-qba-monitor-gamer-ex271u-27-3840x2160-panel-ips-hdmi-2-1x2-display-por-1-4x1-usb-c-65w-thunderbolt-x1-usb-ax3-audifonos-3-5-tecnologia-eye-care-tres-aos-de-garantia\/#breadcrumb\"},\"inLanguage\":\"es-MX\",\"potentialAction\":[{\"@type\":\"ReadAction\",\"target\":[\"https:\/\/compuviper.mx\/tienda\/producto\/benq-9h-ln2lb-qba-monitor-gamer-ex271u-27-3840x2160-panel-ips-hdmi-2-1x2-display-por-1-4x1-usb-c-65w-thunderbolt-x1-usb-ax3-audifonos-3-5-tecnologia-eye-care-tres-aos-de-garantia\/\"]}]},{\"@type\":\"BreadcrumbList\",\"@id\":\"https:\/\/compuviper.mx\/tienda\/producto\/benq-9h-ln2lb-qba-monitor-gamer-ex271u-27-3840x2160-panel-ips-hdmi-2-1x2-display-por-1-4x1-usb-c-65w-thunderbolt-x1-usb-ax3-audifonos-3-5-tecnologia-eye-care-tres-aos-de-garantia\/#breadcrumb\",\"itemListElement\":[{\"@type\":\"ListItem\",\"position\":1,\"name\":\"Inicio\",\"item\":\"https:\/\/compuviper.mx\/tienda\/\"},{\"@type\":\"ListItem\",\"position\":2,\"name\":\"Productos\",\"item\":\"https:\/\/compuviper.mx\/tienda\/productos\/\"},{\"@type\":\"ListItem\",\"position\":3,\"name\":\"Monitores\",\"item\":\"https:\/\/compuviper.mx\/tienda\/categoria-producto\/monitores\/\"},{\"@type\":\"ListItem\",\"position\":4,\"name\":\"Led\",\"item\":\"https:\/\/compuviper.mx\/tienda\/categoria-producto\/monitores\/led\/\"},{\"@type\":\"ListItem\",\"position\":5,\"name\":\"Benq 9h.ln2lb.qba Monitor Gamer Ex271u 27 3840&#215;2160 Panel Ips Hdmi 2.1&#215;2 Display Por 1.4&#215;1 Usb C 65w Thunderbolt X1 Usb Ax3 Audifonos 3.5 Tecnologia Eye Care Tres A?os De Garantia\"}]},{\"@type\":\"WebSite\",\"@id\":\"https:\/\/compuviper.mx\/tienda\/#website\",\"url\":\"https:\/\/compuviper.mx\/tienda\/\",\"name\":\"Compuviper\",\"description\":\"Proveedor de Computadoras, Laptops, Servidores, Monitores, Puntos de Venta, Teclados,   Impresoras, T\u00f3ner, C\u00e1maras de Seguridad y m\u00e1s en tu tienda en l\u00ednea\",\"publisher\":{\"@id\":\"https:\/\/compuviper.mx\/tienda\/#organization\"},\"potentialAction\":[{\"@type\":\"SearchAction\",\"target\":{\"@type\":\"EntryPoint\",\"urlTemplate\":\"https:\/\/compuviper.mx\/tienda\/?s={search_term_string}\"},\"query-input\":\"required name=search_term_string\"}],\"inLanguage\":\"es-MX\"},{\"@type\":\"Organization\",\"@id\":\"https:\/\/compuviper.mx\/tienda\/#organization\",\"name\":\"Compuviper\",\"url\":\"https:\/\/compuviper.mx\/tienda\/\",\"logo\":{\"@type\":\"ImageObject\",\"inLanguage\":\"es-MX\",\"@id\":\"https:\/\/compuviper.mx\/tienda\/#\/schema\/logo\/image\/\",\"url\":\"https:\/\/compuviper.mx\/tienda\/wp-content\/uploads\/2021\/08\/Logo-Compuviper-10.png\",\"contentUrl\":\"https:\/\/compuviper.mx\/tienda\/wp-content\/uploads\/2021\/08\/Logo-Compuviper-10.png\",\"width\":1000,\"height\":500,\"caption\":\"Compuviper\"},\"image\":{\"@id\":\"https:\/\/compuviper.mx\/tienda\/#\/schema\/logo\/image\/\"},\"sameAs\":[\"https:\/\/www.facebook.com\/compuviper\",\"https:\/\/www.youtube.com\/channel\/UCf73dERp9Y3cfOq7q8BhLjA?view_as=subscriber\"]}]}<\/script>\n<meta property=\"product:brand\" content=\"BENQ\" \/>\n<meta property=\"product:price:amount\" content=\"13182\" \/>\n<meta property=\"product:price:currency\" content=\"MXN\" \/>\n<meta property=\"og:availability\" content=\"out of stock\" \/>\n<meta property=\"product:availability\" content=\"out of stock\" \/>\n<meta property=\"product:retailer_item_id\" content=\"9H.LN2LB.QBA\" \/>\n<meta property=\"product:condition\" content=\"new\" \/>\n<!-- \/ Yoast SEO plugin. -->","yoast_head_json":{"title":"[ Benq ] &#129351; 9h.ln2lb.qba Monitor Gamer Ex271u 27 3840x2160 Panel Ips Hdmi 2.1x2 Display Por 1.4x1 Usb C 65w Thunderbolt X1 Usb Ax3 Audifonos 3.5 Tecnologia Eye Care Tres A\u00f1os De Garantia","description":"Compra 9h.ln2lb.qba Monitor Gamer Ex271u 27 3840x2160 Panel Ips Hdmi 2.1x2 Display Por 1.4x1 Usb C 65w Thunderbolt X1 Usb Ax3 Audifonos 3.5 Tecnologia Eye Care Tres A\u00f1os De Garantia + Env\u00edo a domicilio + Pago seguro + Garant\u00eda","robots":{"index":"index","follow":"follow","max-snippet":"max-snippet:-1","max-image-preview":"max-image-preview:large","max-video-preview":"max-video-preview:-1"},"canonical":"https:\/\/compuviper.mx\/tienda\/producto\/benq-9h-ln2lb-qba-monitor-gamer-ex271u-27-3840x2160-panel-ips-hdmi-2-1x2-display-por-1-4x1-usb-c-65w-thunderbolt-x1-usb-ax3-audifonos-3-5-tecnologia-eye-care-tres-aos-de-garantia\/","og_locale":"es_MX","og_type":"article","og_title":"[ Benq ] &#129351; 9h.ln2lb.qba Monitor Gamer Ex271u 27 3840x2160 Panel Ips Hdmi 2.1x2 Display Por 1.4x1 Usb C 65w Thunderbolt X1 Usb Ax3 Audifonos 3.5 Tecnologia Eye Care Tres A\u00f1os De Garantia","og_description":"Compra 9h.ln2lb.qba Monitor Gamer Ex271u 27 3840x2160 Panel Ips Hdmi 2.1x2 Display Por 1.4x1 Usb C 65w Thunderbolt X1 Usb Ax3 Audifonos 3.5 Tecnologia Eye Care Tres A\u00f1os De Garantia + Env\u00edo a domicilio + Pago seguro + Garant\u00eda","og_url":"https:\/\/compuviper.mx\/tienda\/producto\/benq-9h-ln2lb-qba-monitor-gamer-ex271u-27-3840x2160-panel-ips-hdmi-2-1x2-display-por-1-4x1-usb-c-65w-thunderbolt-x1-usb-ax3-audifonos-3-5-tecnologia-eye-care-tres-aos-de-garantia\/","og_site_name":"Compuviper","article_publisher":"https:\/\/www.facebook.com\/compuviper","og_image":[{"width":200,"height":200,"url":"https:\/\/compuviper.mx\/tienda\/wp-content\/uploads\/2025\/10\/Monitor-benq-gamer-ex271u-27-3840x2160-panel-ips-hdmi-2.1x2-display-por-1.4x1-usb-c-65w-thunderbolt-x1-usb-ax3-audifonos-3.5-tecnologia-eye-care-tres-anos-de-garantia.jpg","type":"image\/jpeg"}],"twitter_card":"summary_large_image","twitter_misc":{"Precio":"&#36;13,993 &#36;13,182 con IVA","Availability":"Out of stock"},"schema":{"@context":"https:\/\/schema.org","@graph":[{"@type":"WebPage","@id":"https:\/\/compuviper.mx\/tienda\/producto\/benq-9h-ln2lb-qba-monitor-gamer-ex271u-27-3840x2160-panel-ips-hdmi-2-1x2-display-por-1-4x1-usb-c-65w-thunderbolt-x1-usb-ax3-audifonos-3-5-tecnologia-eye-care-tres-aos-de-garantia\/","url":"https:\/\/compuviper.mx\/tienda\/producto\/benq-9h-ln2lb-qba-monitor-gamer-ex271u-27-3840x2160-panel-ips-hdmi-2-1x2-display-por-1-4x1-usb-c-65w-thunderbolt-x1-usb-ax3-audifonos-3-5-tecnologia-eye-care-tres-aos-de-garantia\/","name":"[ Benq ] &#129351; 9h.ln2lb.qba Monitor Gamer Ex271u 27 3840x2160 Panel Ips Hdmi 2.1x2 Display Por 1.4x1 Usb C 65w Thunderbolt X1 Usb Ax3 Audifonos 3.5 Tecnologia Eye Care Tres A\u00f1os De Garantia","isPartOf":{"@id":"https:\/\/compuviper.mx\/tienda\/#website"},"datePublished":"2026-04-02T06:51:18+00:00","dateModified":"2026-04-02T06:51:18+00:00","description":"Compra 9h.ln2lb.qba Monitor Gamer Ex271u 27 3840x2160 Panel Ips Hdmi 2.1x2 Display Por 1.4x1 Usb C 65w Thunderbolt X1 Usb Ax3 Audifonos 3.5 Tecnologia Eye Care Tres A\u00f1os De Garantia + Env\u00edo a domicilio + Pago seguro + Garant\u00eda","breadcrumb":{"@id":"https:\/\/compuviper.mx\/tienda\/producto\/benq-9h-ln2lb-qba-monitor-gamer-ex271u-27-3840x2160-panel-ips-hdmi-2-1x2-display-por-1-4x1-usb-c-65w-thunderbolt-x1-usb-ax3-audifonos-3-5-tecnologia-eye-care-tres-aos-de-garantia\/#breadcrumb"},"inLanguage":"es-MX","potentialAction":[{"@type":"ReadAction","target":["https:\/\/compuviper.mx\/tienda\/producto\/benq-9h-ln2lb-qba-monitor-gamer-ex271u-27-3840x2160-panel-ips-hdmi-2-1x2-display-por-1-4x1-usb-c-65w-thunderbolt-x1-usb-ax3-audifonos-3-5-tecnologia-eye-care-tres-aos-de-garantia\/"]}]},{"@type":"BreadcrumbList","@id":"https:\/\/compuviper.mx\/tienda\/producto\/benq-9h-ln2lb-qba-monitor-gamer-ex271u-27-3840x2160-panel-ips-hdmi-2-1x2-display-por-1-4x1-usb-c-65w-thunderbolt-x1-usb-ax3-audifonos-3-5-tecnologia-eye-care-tres-aos-de-garantia\/#breadcrumb","itemListElement":[{"@type":"ListItem","position":1,"name":"Inicio","item":"https:\/\/compuviper.mx\/tienda\/"},{"@type":"ListItem","position":2,"name":"Productos","item":"https:\/\/compuviper.mx\/tienda\/productos\/"},{"@type":"ListItem","position":3,"name":"Monitores","item":"https:\/\/compuviper.mx\/tienda\/categoria-producto\/monitores\/"},{"@type":"ListItem","position":4,"name":"Led","item":"https:\/\/compuviper.mx\/tienda\/categoria-producto\/monitores\/led\/"},{"@type":"ListItem","position":5,"name":"Benq 9h.ln2lb.qba Monitor Gamer Ex271u 27 3840&#215;2160 Panel Ips Hdmi 2.1&#215;2 Display Por 1.4&#215;1 Usb C 65w Thunderbolt X1 Usb Ax3 Audifonos 3.5 Tecnologia Eye Care Tres A?os De Garantia"}]},{"@type":"WebSite","@id":"https:\/\/compuviper.mx\/tienda\/#website","url":"https:\/\/compuviper.mx\/tienda\/","name":"Compuviper","description":"Proveedor de Computadoras, Laptops, Servidores, Monitores, Puntos de Venta, Teclados,   Impresoras, T\u00f3ner, C\u00e1maras de Seguridad y m\u00e1s en tu tienda en l\u00ednea","publisher":{"@id":"https:\/\/compuviper.mx\/tienda\/#organization"},"potentialAction":[{"@type":"SearchAction","target":{"@type":"EntryPoint","urlTemplate":"https:\/\/compuviper.mx\/tienda\/?s={search_term_string}"},"query-input":"required name=search_term_string"}],"inLanguage":"es-MX"},{"@type":"Organization","@id":"https:\/\/compuviper.mx\/tienda\/#organization","name":"Compuviper","url":"https:\/\/compuviper.mx\/tienda\/","logo":{"@type":"ImageObject","inLanguage":"es-MX","@id":"https:\/\/compuviper.mx\/tienda\/#\/schema\/logo\/image\/","url":"https:\/\/compuviper.mx\/tienda\/wp-content\/uploads\/2021\/08\/Logo-Compuviper-10.png","contentUrl":"https:\/\/compuviper.mx\/tienda\/wp-content\/uploads\/2021\/08\/Logo-Compuviper-10.png","width":1000,"height":500,"caption":"Compuviper"},"image":{"@id":"https:\/\/compuviper.mx\/tienda\/#\/schema\/logo\/image\/"},"sameAs":["https:\/\/www.facebook.com\/compuviper","https:\/\/www.youtube.com\/channel\/UCf73dERp9Y3cfOq7q8BhLjA?view_as=subscriber"]}]},"product_brand":"BENQ","product_price_amount":"13182","product_price_currency":"MXN","og_availability":"out of stock","product_availability":"out of stock","product_retailer_item_id":"9H.LN2LB.QBA","product_condition":"new"},"_links":{"self":[{"href":"https:\/\/compuviper.mx\/tienda\/wp-json\/wp\/v2\/product\/255808"}],"collection":[{"href":"https:\/\/compuviper.mx\/tienda\/wp-json\/wp\/v2\/product"}],"about":[{"href":"https:\/\/compuviper.mx\/tienda\/wp-json\/wp\/v2\/types\/product"}],"replies":[{"embeddable":true,"href":"https:\/\/compuviper.mx\/tienda\/wp-json\/wp\/v2\/comments?post=255808"}],"wp:featuredmedia":[{"embeddable":true,"href":"https:\/\/compuviper.mx\/tienda\/wp-json\/wp\/v2\/media\/259972"}],"wp:attachment":[{"href":"https:\/\/compuviper.mx\/tienda\/wp-json\/wp\/v2\/media?parent=255808"}],"wp:term":[{"taxonomy":"product_cat","embeddable":true,"href":"https:\/\/compuviper.mx\/tienda\/wp-json\/wp\/v2\/product_cat?post=255808"},{"taxonomy":"product_tag","embeddable":true,"href":"https:\/\/compuviper.mx\/tienda\/wp-json\/wp\/v2\/product_tag?post=255808"}],"curies":[{"name":"wp","href":"https:\/\/api.w.org\/{rel}","templated":true}]}}